{"id":6347,"date":"2025-11-18T20:57:45","date_gmt":"2025-11-18T20:57:45","guid":{"rendered":"https:\/\/tzionlibreria.com\/?post_type=product&#038;p=6347"},"modified":"2025-11-18T21:06:26","modified_gmt":"2025-11-18T21:06:26","slug":"biblia-ntv-mi-bella-princesa-sentipiel-violeta-brillante","status":"publish","type":"product","link":"https:\/\/tzionlibreria.com\/index.php\/product\/biblia-ntv-mi-bella-princesa-sentipiel-violeta-brillante\/","title":{"rendered":"Biblia NTV Mi bella princesa SentiPiel Violeta brillante"},"content":{"rendered":"<div id=\"tab-description\" class=\"woocommerce-Tabs-panel woocommerce-Tabs-panel--description panel entry-content wc-tab\" role=\"tabpanel\" aria-labelledby=\"tab-title-description\">\n<p><span class=\"a-text-bold\">La<\/span>\u00a0<span class=\"a-text-bold a-text-italic\">Biblia NTV, Mi bella princesa<\/span>\u00a0<span class=\"a-text-bold\">es \u00a1la Biblia perfecta para las princesitas de Dios!<\/span><\/p>\n<p>Las ni\u00f1as sue\u00f1an con ser bellas princesas. En el Reino de Dios, descubrimos que \u00c9l nos ha llamado a cada una de nosotras para ser Sus hijas, y que somos preciosas ante Sus ojos. Cuando lo invitamos a entrar a nuestro coraz\u00f3n, nos convertimos en hijas del Rey de\u00a0<span class=\"a-text-italic\">todos<\/span>\u00a0los reyes: nos convertimos en \u00a1princesas de Dios!<\/p>\n<p>Aun antes de que yo naciera, Dios me eligi\u00f3 y me llam\u00f3 por su gracia maravillosa.<\/p>\n<p>G\u00e1latas 1:15<\/p>\n<p>Las caracter\u00edsticas de la\u00a0<span class=\"a-text-italic\">Biblia NTV, Mi bella princesa<\/span>\u00a0incluyen:<\/p>\n<ul class=\"a-unordered-list a-vertical\">\n<li><span class=\"a-list-item\">El texto b\u00edblico entero en la clara y precisa Nueva Traducci\u00f3n Viviente<\/span><\/li>\n<li><span class=\"a-list-item\">Un hermoso dise\u00f1o interior rosa y morado para captar la atenci\u00f3n de las ni\u00f1as y animar la lectura de la Palabra de Dios<\/span><\/li>\n<li><span class=\"a-list-item\">10 bellas cartas de Dios para ayudar a las ni\u00f1as a comprender cu\u00e1n grande es Su amor<\/span><\/li>\n<li><span class=\"a-list-item\">10 oraciones para animar a las ni\u00f1as a comunicarse con nuestro Padre en el cielo<\/span><\/li>\n<li><span class=\"a-list-item\">10 perfiles de mujeres importantes de la Biblia para ayudar a las ni\u00f1as a comprender su valor<\/span><\/li>\n<li><span class=\"a-list-item\">14 vers\u00edculos con hermosas promesas de las Escrituras para que las ni\u00f1as desarrollaren una fe profunda<\/span><\/li>\n<li><span class=\"a-list-item\">500 vers\u00edculos destacados para iluminar las verdades b\u00edblicas m\u00e1s importantes que las ni\u00f1as deben guardar en sus corazones<\/span><\/li>\n<li><span class=\"a-list-item\">66 frases introductorias, una para cada libro de la Biblia, que proveen una base de comprensi\u00f3n<\/span><\/li>\n<\/ul>\n<p>Todas las caracter\u00edsticas de esta Biblia fueron creadas espec\u00edficamente para captar la atenci\u00f3n de las ni\u00f1as e inculcarles la verdad sobre qui\u00e9n es Dios, c\u00f3mo las ve como Sus hijas y los planes perfectos que \u00c9l tiene para ellas.<\/p>\n<p>La Nueva Traducci\u00f3n Viviente es una traducci\u00f3n de la Biblia clara y precisa. Es f\u00e1cil de comprender, y transmite el significado preciso de los idiomas originales en un estilo de escritura fluido y natural que promueve una lectura significativa y accesible.<\/p>\n<\/div>\n","protected":false},"excerpt":{"rendered":"<p>La\u00a0Biblia NTV, Mi bella princesa\u00a0es \u00a1la Biblia perfecta para las princesitas de Dios! Las ni\u00f1as sue\u00f1an con ser bellas princesas. En el Reino de Dios, descubrimos que \u00c9l nos ha llamado a cada una de nosotras para ser Sus hijas, y que somos preciosas ante Sus ojos. Cuando lo invitamos a entrar a nuestro coraz\u00f3n, [&hellip;]<\/p>\n","protected":false},"featured_media":6348,"comment_status":"open","ping_status":"closed","template":"","meta":{"om_disable_all_campaigns":false,"_monsterinsights_skip_tracking":false,"_monsterinsights_sitenote_active":false,"_monsterinsights_sitenote_note":"","_monsterinsights_sitenote_category":0,"site-sidebar-layout":"default","site-content-layout":"","ast-site-content-layout":"default","site-content-style":"default","site-sidebar-style":"default","ast-global-header-display":"","ast-banner-title-visibility":"","ast-main-header-display":"","ast-hfb-above-header-display":"","ast-hfb-below-header-display":"","ast-hfb-mobile-header-display":"","site-post-title":"","ast-breadcrumbs-content":"","ast-featured-img":"","footer-sml-layout":"","ast-disable-related-posts":"","theme-transparent-header-meta":"default","adv-header-id-meta":"","stick-header-meta":"","header-above-stick-meta":"","header-main-stick-meta":"","header-below-stick-meta":"","astra-migrate-meta-layouts":"set","ast-page-background-enabled":"default","ast-page-background-meta":{"desktop":{"background-color":"var(--ast-global-color-4)","background-image":"","background-repeat":"repeat","background-position":"center center","background-size":"auto","background-attachment":"scroll","background-type":"","background-media":"","overlay-type":"","overlay-color":"","overlay-opacity":"","overlay-gradient":""},"tablet":{"background-color":"","background-image":"","background-repeat":"repeat","background-position":"center center","background-size":"auto","background-attachment":"scroll","background-type":"","background-media":"","overlay-type":"","overlay-color":"","overlay-opacity":"","overlay-gradient":""},"mobile":{"background-color":"","background-image":"","background-repeat":"repeat","background-position":"center center","background-size":"auto","background-attachment":"scroll","background-type":"","background-media":"","overlay-type":"","overlay-color":"","overlay-opacity":"","overlay-gradient":""}},"ast-content-background-meta":{"desktop":{"background-color":"var(--ast-global-color-5)","background-image":"","background-repeat":"repeat","background-position":"center center","background-size":"auto","background-attachment":"scroll","background-type":"","background-media":"","overlay-type":"","overlay-color":"","overlay-opacity":"","overlay-gradient":""},"tablet":{"background-color":"var(--ast-global-color-5)","background-image":"","background-repeat":"repeat","background-position":"center center","background-size":"auto","background-attachment":"scroll","background-type":"","background-media":"","overlay-type":"","overlay-color":"","overlay-opacity":"","overlay-gradient":""},"mobile":{"background-color":"var(--ast-global-color-5)","background-image":"","background-repeat":"repeat","background-position":"center center","background-size":"auto","background-attachment":"scroll","background-type":"","background-media":"","overlay-type":"","overlay-color":"","overlay-opacity":"","overlay-gradient":""}}},"product_brand":[],"product_cat":[304,22,38,31],"product_tag":[],"class_list":{"0":"post-6347","1":"product","2":"type-product","3":"status-publish","4":"has-post-thumbnail","6":"product_cat-biblia-juvenil","7":"product_cat-biblias","8":"product_cat-biblias-de-ninos","9":"product_cat-biblias-ntv","10":"desktop-align-left","11":"tablet-align-left","12":"mobile-align-left","14":"first","15":"instock","16":"shipping-taxable","17":"purchasable","18":"product-type-simple"},"yoast_head":"<!-- This site is optimized with the Yoast SEO plugin v27.4 - https:\/\/yoast.com\/product\/yoast-seo-wordpress\/ -->\n<title>Biblia NTV Mi bella princesa SentiPiel Violeta brillante - tzionlibreria.com<\/title>\n<meta name=\"robots\" content=\"index, follow, max-snippet:-1, max-image-preview:large, max-video-preview:-1\" \/>\n<link rel=\"canonical\" href=\"https:\/\/tzionlibreria.com\/index.php\/product\/biblia-ntv-mi-bella-princesa-sentipiel-violeta-brillante\/\" \/>\n<meta property=\"og:locale\" content=\"es_ES\" \/>\n<meta property=\"og:type\" content=\"article\" \/>\n<meta property=\"og:title\" content=\"Biblia NTV Mi bella princesa SentiPiel Violeta brillante - tzionlibreria.com\" \/>\n<meta property=\"og:description\" content=\"La\u00a0Biblia NTV, Mi bella princesa\u00a0es \u00a1la Biblia perfecta para las princesitas de Dios! Las ni\u00f1as sue\u00f1an con ser bellas princesas. En el Reino de Dios, descubrimos que \u00c9l nos ha llamado a cada una de nosotras para ser Sus hijas, y que somos preciosas ante Sus ojos. Cuando lo invitamos a entrar a nuestro coraz\u00f3n, [&hellip;]\" \/>\n<meta property=\"og:url\" content=\"https:\/\/tzionlibreria.com\/index.php\/product\/biblia-ntv-mi-bella-princesa-sentipiel-violeta-brillante\/\" \/>\n<meta property=\"og:site_name\" content=\"tzionlibreria.com\" \/>\n<meta property=\"article:modified_time\" content=\"2025-11-18T21:06:26+00:00\" \/>\n<meta property=\"og:image\" content=\"http:\/\/tzionlibreria.com\/wp-content\/uploads\/2025\/11\/9781496489470.jpg\" \/>\n\t<meta property=\"og:image:width\" content=\"1200\" \/>\n\t<meta property=\"og:image:height\" content=\"1200\" \/>\n\t<meta property=\"og:image:type\" content=\"image\/jpeg\" \/>\n<meta name=\"twitter:card\" content=\"summary_large_image\" \/>\n<meta name=\"twitter:label1\" content=\"Tiempo de lectura\" \/>\n\t<meta name=\"twitter:data1\" content=\"2 minutos\" \/>\n<script type=\"application\/ld+json\" class=\"yoast-schema-graph\">{\"@context\":\"https:\\\/\\\/schema.org\",\"@graph\":[{\"@type\":\"WebPage\",\"@id\":\"https:\\\/\\\/tzionlibreria.com\\\/index.php\\\/product\\\/biblia-ntv-mi-bella-princesa-sentipiel-violeta-brillante\\\/\",\"url\":\"https:\\\/\\\/tzionlibreria.com\\\/index.php\\\/product\\\/biblia-ntv-mi-bella-princesa-sentipiel-violeta-brillante\\\/\",\"name\":\"Biblia NTV Mi bella princesa SentiPiel Violeta brillante - tzionlibreria.com\",\"isPartOf\":{\"@id\":\"https:\\\/\\\/tzionlibreria.com\\\/#website\"},\"primaryImageOfPage\":{\"@id\":\"https:\\\/\\\/tzionlibreria.com\\\/index.php\\\/product\\\/biblia-ntv-mi-bella-princesa-sentipiel-violeta-brillante\\\/#primaryimage\"},\"image\":{\"@id\":\"https:\\\/\\\/tzionlibreria.com\\\/index.php\\\/product\\\/biblia-ntv-mi-bella-princesa-sentipiel-violeta-brillante\\\/#primaryimage\"},\"thumbnailUrl\":\"https:\\\/\\\/tzionlibreria.com\\\/wp-content\\\/uploads\\\/2025\\\/11\\\/9781496489470.jpg\",\"datePublished\":\"2025-11-18T20:57:45+00:00\",\"dateModified\":\"2025-11-18T21:06:26+00:00\",\"breadcrumb\":{\"@id\":\"https:\\\/\\\/tzionlibreria.com\\\/index.php\\\/product\\\/biblia-ntv-mi-bella-princesa-sentipiel-violeta-brillante\\\/#breadcrumb\"},\"inLanguage\":\"es-CO\",\"potentialAction\":[{\"@type\":\"ReadAction\",\"target\":[\"https:\\\/\\\/tzionlibreria.com\\\/index.php\\\/product\\\/biblia-ntv-mi-bella-princesa-sentipiel-violeta-brillante\\\/\"]}]},{\"@type\":\"ImageObject\",\"inLanguage\":\"es-CO\",\"@id\":\"https:\\\/\\\/tzionlibreria.com\\\/index.php\\\/product\\\/biblia-ntv-mi-bella-princesa-sentipiel-violeta-brillante\\\/#primaryimage\",\"url\":\"https:\\\/\\\/tzionlibreria.com\\\/wp-content\\\/uploads\\\/2025\\\/11\\\/9781496489470.jpg\",\"contentUrl\":\"https:\\\/\\\/tzionlibreria.com\\\/wp-content\\\/uploads\\\/2025\\\/11\\\/9781496489470.jpg\",\"width\":1200,\"height\":1200},{\"@type\":\"BreadcrumbList\",\"@id\":\"https:\\\/\\\/tzionlibreria.com\\\/index.php\\\/product\\\/biblia-ntv-mi-bella-princesa-sentipiel-violeta-brillante\\\/#breadcrumb\",\"itemListElement\":[{\"@type\":\"ListItem\",\"position\":1,\"name\":\"Inicio\",\"item\":\"https:\\\/\\\/tzionlibreria.com\\\/\"},{\"@type\":\"ListItem\",\"position\":2,\"name\":\"Shop\",\"item\":\"https:\\\/\\\/tzionlibreria.com\\\/index.php\\\/shop\\\/\"},{\"@type\":\"ListItem\",\"position\":3,\"name\":\"Biblia NTV Mi bella princesa SentiPiel Violeta brillante\"}]},{\"@type\":\"WebSite\",\"@id\":\"https:\\\/\\\/tzionlibreria.com\\\/#website\",\"url\":\"https:\\\/\\\/tzionlibreria.com\\\/\",\"name\":\"tzionlibreria.com\",\"description\":\"Libreria Cristiana Venezuela\",\"publisher\":{\"@id\":\"https:\\\/\\\/tzionlibreria.com\\\/#organization\"},\"potentialAction\":[{\"@type\":\"SearchAction\",\"target\":{\"@type\":\"EntryPoint\",\"urlTemplate\":\"https:\\\/\\\/tzionlibreria.com\\\/?s={search_term_string}\"},\"query-input\":{\"@type\":\"PropertyValueSpecification\",\"valueRequired\":true,\"valueName\":\"search_term_string\"}}],\"inLanguage\":\"es-CO\"},{\"@type\":\"Organization\",\"@id\":\"https:\\\/\\\/tzionlibreria.com\\\/#organization\",\"name\":\"tzionlibreria.com\",\"url\":\"https:\\\/\\\/tzionlibreria.com\\\/\",\"logo\":{\"@type\":\"ImageObject\",\"inLanguage\":\"es-CO\",\"@id\":\"https:\\\/\\\/tzionlibreria.com\\\/#\\\/schema\\\/logo\\\/image\\\/\",\"url\":\"https:\\\/\\\/tzionlibreria.com\\\/wp-content\\\/uploads\\\/2023\\\/10\\\/cropped-Cuadricula-scaled-1.jpg\",\"contentUrl\":\"https:\\\/\\\/tzionlibreria.com\\\/wp-content\\\/uploads\\\/2023\\\/10\\\/cropped-Cuadricula-scaled-1.jpg\",\"width\":2560,\"height\":2560,\"caption\":\"tzionlibreria.com\"},\"image\":{\"@id\":\"https:\\\/\\\/tzionlibreria.com\\\/#\\\/schema\\\/logo\\\/image\\\/\"}}]}<\/script>\n<!-- \/ Yoast SEO plugin. -->","yoast_head_json":{"title":"Biblia NTV Mi bella princesa SentiPiel Violeta brillante - tzionlibreria.com","robots":{"index":"index","follow":"follow","max-snippet":"max-snippet:-1","max-image-preview":"max-image-preview:large","max-video-preview":"max-video-preview:-1"},"canonical":"https:\/\/tzionlibreria.com\/index.php\/product\/biblia-ntv-mi-bella-princesa-sentipiel-violeta-brillante\/","og_locale":"es_ES","og_type":"article","og_title":"Biblia NTV Mi bella princesa SentiPiel Violeta brillante - tzionlibreria.com","og_description":"La\u00a0Biblia NTV, Mi bella princesa\u00a0es \u00a1la Biblia perfecta para las princesitas de Dios! Las ni\u00f1as sue\u00f1an con ser bellas princesas. En el Reino de Dios, descubrimos que \u00c9l nos ha llamado a cada una de nosotras para ser Sus hijas, y que somos preciosas ante Sus ojos. Cuando lo invitamos a entrar a nuestro coraz\u00f3n, [&hellip;]","og_url":"https:\/\/tzionlibreria.com\/index.php\/product\/biblia-ntv-mi-bella-princesa-sentipiel-violeta-brillante\/","og_site_name":"tzionlibreria.com","article_modified_time":"2025-11-18T21:06:26+00:00","og_image":[{"width":1200,"height":1200,"url":"http:\/\/tzionlibreria.com\/wp-content\/uploads\/2025\/11\/9781496489470.jpg","type":"image\/jpeg"}],"twitter_card":"summary_large_image","twitter_misc":{"Tiempo de lectura":"2 minutos"},"schema":{"@context":"https:\/\/schema.org","@graph":[{"@type":"WebPage","@id":"https:\/\/tzionlibreria.com\/index.php\/product\/biblia-ntv-mi-bella-princesa-sentipiel-violeta-brillante\/","url":"https:\/\/tzionlibreria.com\/index.php\/product\/biblia-ntv-mi-bella-princesa-sentipiel-violeta-brillante\/","name":"Biblia NTV Mi bella princesa SentiPiel Violeta brillante - tzionlibreria.com","isPartOf":{"@id":"https:\/\/tzionlibreria.com\/#website"},"primaryImageOfPage":{"@id":"https:\/\/tzionlibreria.com\/index.php\/product\/biblia-ntv-mi-bella-princesa-sentipiel-violeta-brillante\/#primaryimage"},"image":{"@id":"https:\/\/tzionlibreria.com\/index.php\/product\/biblia-ntv-mi-bella-princesa-sentipiel-violeta-brillante\/#primaryimage"},"thumbnailUrl":"https:\/\/tzionlibreria.com\/wp-content\/uploads\/2025\/11\/9781496489470.jpg","datePublished":"2025-11-18T20:57:45+00:00","dateModified":"2025-11-18T21:06:26+00:00","breadcrumb":{"@id":"https:\/\/tzionlibreria.com\/index.php\/product\/biblia-ntv-mi-bella-princesa-sentipiel-violeta-brillante\/#breadcrumb"},"inLanguage":"es-CO","potentialAction":[{"@type":"ReadAction","target":["https:\/\/tzionlibreria.com\/index.php\/product\/biblia-ntv-mi-bella-princesa-sentipiel-violeta-brillante\/"]}]},{"@type":"ImageObject","inLanguage":"es-CO","@id":"https:\/\/tzionlibreria.com\/index.php\/product\/biblia-ntv-mi-bella-princesa-sentipiel-violeta-brillante\/#primaryimage","url":"https:\/\/tzionlibreria.com\/wp-content\/uploads\/2025\/11\/9781496489470.jpg","contentUrl":"https:\/\/tzionlibreria.com\/wp-content\/uploads\/2025\/11\/9781496489470.jpg","width":1200,"height":1200},{"@type":"BreadcrumbList","@id":"https:\/\/tzionlibreria.com\/index.php\/product\/biblia-ntv-mi-bella-princesa-sentipiel-violeta-brillante\/#breadcrumb","itemListElement":[{"@type":"ListItem","position":1,"name":"Inicio","item":"https:\/\/tzionlibreria.com\/"},{"@type":"ListItem","position":2,"name":"Shop","item":"https:\/\/tzionlibreria.com\/index.php\/shop\/"},{"@type":"ListItem","position":3,"name":"Biblia NTV Mi bella princesa SentiPiel Violeta brillante"}]},{"@type":"WebSite","@id":"https:\/\/tzionlibreria.com\/#website","url":"https:\/\/tzionlibreria.com\/","name":"tzionlibreria.com","description":"Libreria Cristiana Venezuela","publisher":{"@id":"https:\/\/tzionlibreria.com\/#organization"},"potentialAction":[{"@type":"SearchAction","target":{"@type":"EntryPoint","urlTemplate":"https:\/\/tzionlibreria.com\/?s={search_term_string}"},"query-input":{"@type":"PropertyValueSpecification","valueRequired":true,"valueName":"search_term_string"}}],"inLanguage":"es-CO"},{"@type":"Organization","@id":"https:\/\/tzionlibreria.com\/#organization","name":"tzionlibreria.com","url":"https:\/\/tzionlibreria.com\/","logo":{"@type":"ImageObject","inLanguage":"es-CO","@id":"https:\/\/tzionlibreria.com\/#\/schema\/logo\/image\/","url":"https:\/\/tzionlibreria.com\/wp-content\/uploads\/2023\/10\/cropped-Cuadricula-scaled-1.jpg","contentUrl":"https:\/\/tzionlibreria.com\/wp-content\/uploads\/2023\/10\/cropped-Cuadricula-scaled-1.jpg","width":2560,"height":2560,"caption":"tzionlibreria.com"},"image":{"@id":"https:\/\/tzionlibreria.com\/#\/schema\/logo\/image\/"}}]}},"jetpack_sharing_enabled":true,"_links":{"self":[{"href":"https:\/\/tzionlibreria.com\/index.php\/wp-json\/wp\/v2\/product\/6347","targetHints":{"allow":["GET"]}}],"collection":[{"href":"https:\/\/tzionlibreria.com\/index.php\/wp-json\/wp\/v2\/product"}],"about":[{"href":"https:\/\/tzionlibreria.com\/index.php\/wp-json\/wp\/v2\/types\/product"}],"replies":[{"embeddable":true,"href":"https:\/\/tzionlibreria.com\/index.php\/wp-json\/wp\/v2\/comments?post=6347"}],"wp:featuredmedia":[{"embeddable":true,"href":"https:\/\/tzionlibreria.com\/index.php\/wp-json\/wp\/v2\/media\/6348"}],"wp:attachment":[{"href":"https:\/\/tzionlibreria.com\/index.php\/wp-json\/wp\/v2\/media?parent=6347"}],"wp:term":[{"taxonomy":"product_brand","embeddable":true,"href":"https:\/\/tzionlibreria.com\/index.php\/wp-json\/wp\/v2\/product_brand?post=6347"},{"taxonomy":"product_cat","embeddable":true,"href":"https:\/\/tzionlibreria.com\/index.php\/wp-json\/wp\/v2\/product_cat?post=6347"},{"taxonomy":"product_tag","embeddable":true,"href":"https:\/\/tzionlibreria.com\/index.php\/wp-json\/wp\/v2\/product_tag?post=6347"}],"curies":[{"name":"wp","href":"https:\/\/api.w.org\/{rel}","templated":true}]}}