{"id":6413,"date":"2025-11-18T22:06:13","date_gmt":"2025-11-18T22:06:13","guid":{"rendered":"https:\/\/tzionlibreria.com\/?post_type=product&#038;p=6413"},"modified":"2025-11-18T22:06:14","modified_gmt":"2025-11-18T22:06:14","slug":"agenda-ovejitas-2026-en-ti-confio-senor-verde","status":"publish","type":"product","link":"https:\/\/tzionlibreria.com\/index.php\/product\/agenda-ovejitas-2026-en-ti-confio-senor-verde\/","title":{"rendered":"Agenda Ovejitas 2026 \u2013 En Ti Confi\u00f3 Se\u00f1or \u2013 Verde"},"content":{"rendered":"<div id=\"tab-description\" class=\"woocommerce-Tabs-panel woocommerce-Tabs-panel--description panel entry-content wc-tab\" role=\"tabpanel\" aria-labelledby=\"tab-title-description\">\n<p><strong>Agenda Ovejitas &amp; Ovejitas 2026\u00ae<\/strong><\/p>\n<p><img decoding=\"async\" class=\"emoji\" role=\"img\" draggable=\"false\" src=\"https:\/\/s.w.org\/images\/core\/emoji\/16.0.1\/svg\/2728.svg\" alt=\"\u2728\" \/>\u00a0<strong>Agenda Ovejitas 2026 \u2013 \u00a1Organiza tu a\u00f1o con fe, ternura e inspiraci\u00f3n!<\/strong>\u00a0<img decoding=\"async\" class=\"emoji\" role=\"img\" draggable=\"false\" src=\"https:\/\/s.w.org\/images\/core\/emoji\/16.0.1\/svg\/1f411.svg\" alt=\"\ud83d\udc11\" \/><img decoding=\"async\" class=\"emoji\" role=\"img\" draggable=\"false\" src=\"https:\/\/s.w.org\/images\/core\/emoji\/16.0.1\/svg\/1f4d6.svg\" alt=\"\ud83d\udcd6\" \/><\/p>\n<p>La\u00a0<strong>Agenda Ovejitas 2026<\/strong>\u00a0es mucho m\u00e1s que una simple agenda: es una compa\u00f1era diaria que te acompa\u00f1a en tu caminar con Dios. Con m\u00e1s de 30 a\u00f1os de trayectoria en el mercado, esta hermosa agenda ha conquistado el coraz\u00f3n de miles de personas por su dise\u00f1o encantador, contenido espiritual e incre\u00edble funcionalidad.<\/p>\n<p>Disponible en dos portadas adorables, esta agenda incluye un\u00a0<strong>calendario 2026 y 2027<\/strong>, hojas para datos personales, fechas importantes, notas, recetas, listas de mercado y viajes, \u00a1y mucho m\u00e1s! Cada mes te sorprender\u00e1 con una portada ilustrada especialmente con ovejitas, un planificador mensual y una hoja para reflexionar, escribir y orar, todo acompa\u00f1ado con un vers\u00edculo inspirador.\u00a0<img decoding=\"async\" class=\"emoji\" role=\"img\" draggable=\"false\" src=\"https:\/\/s.w.org\/images\/core\/emoji\/16.0.1\/svg\/1f54a.svg\" alt=\"\ud83d\udd4a\ufe0f\" \/><img decoding=\"async\" class=\"emoji\" role=\"img\" draggable=\"false\" src=\"https:\/\/s.w.org\/images\/core\/emoji\/16.0.1\/svg\/1f4c6.svg\" alt=\"\ud83d\udcc6\" \/><\/p>\n<p>Su prop\u00f3sito es ayudarte a organizar tu vida de manera\u00a0<strong>pr\u00e1ctica, amena e inspirada por la Palabra de Dios<\/strong>. Con secciones especialmente pensadas para ti, como \u201cCheques para compartir\u201d, \u201cHoja de proyectos\u201d, \u201cDiario de oraci\u00f3n\u201d y stickers, esta agenda se convierte en una herramienta ideal para mantener el orden sin perder de vista lo verdaderamente importante: tu relaci\u00f3n con el Se\u00f1or.\u00a0<img decoding=\"async\" class=\"emoji\" role=\"img\" draggable=\"false\" src=\"https:\/\/s.w.org\/images\/core\/emoji\/16.0.1\/svg\/1f64f.svg\" alt=\"\ud83d\ude4f\" \/><img decoding=\"async\" class=\"emoji\" role=\"img\" draggable=\"false\" src=\"https:\/\/s.w.org\/images\/core\/emoji\/16.0.1\/svg\/2728.svg\" alt=\"\u2728\" \/><\/p>\n<p>Con tapa acolchada, papel de alta calidad y un dise\u00f1o encantador, es perfecta para regalar o disfrutarla t\u00fa misma.\u00a0<img decoding=\"async\" class=\"emoji\" role=\"img\" draggable=\"false\" src=\"https:\/\/s.w.org\/images\/core\/emoji\/16.0.1\/svg\/1f338.svg\" alt=\"\ud83c\udf38\" \/><\/p>\n<ul>\n<li aria-level=\"1\"><img decoding=\"async\" class=\"emoji\" role=\"img\" draggable=\"false\" src=\"https:\/\/s.w.org\/images\/core\/emoji\/16.0.1\/svg\/2705.svg\" alt=\"\u2705\" \/>\u00a0<strong>Dos portadas diferentes<\/strong>Elige entre dos hermosos dise\u00f1os con ilustraciones tiernas y cristianas que te inspirar\u00e1n cada d\u00eda.<\/li>\n<li aria-level=\"1\"><img decoding=\"async\" class=\"emoji\" role=\"img\" draggable=\"false\" src=\"https:\/\/s.w.org\/images\/core\/emoji\/16.0.1\/svg\/2705.svg\" alt=\"\u2705\" \/>\u00a0<strong>Calendario anual 2026 y 2027<\/strong>\u00a1Planifica con anticipaci\u00f3n y mantente organizada durante dos a\u00f1os completos!<\/li>\n<li aria-level=\"1\"><img decoding=\"async\" class=\"emoji\" role=\"img\" draggable=\"false\" src=\"https:\/\/s.w.org\/images\/core\/emoji\/16.0.1\/svg\/2705.svg\" alt=\"\u2705\" \/>\u00a0<strong>Hoja de datos personales<\/strong>Incluye un espacio para tus datos importantes y de contacto.<\/li>\n<li aria-level=\"1\"><img decoding=\"async\" class=\"emoji\" role=\"img\" draggable=\"false\" src=\"https:\/\/s.w.org\/images\/core\/emoji\/16.0.1\/svg\/2705.svg\" alt=\"\u2705\" \/>\u00a0<strong>Fechas para recordar<\/strong>No olvides cumplea\u00f1os, aniversarios ni citas especiales.<\/li>\n<li aria-level=\"1\"><img decoding=\"async\" class=\"emoji\" role=\"img\" draggable=\"false\" src=\"https:\/\/s.w.org\/images\/core\/emoji\/16.0.1\/svg\/2705.svg\" alt=\"\u2705\" \/>\u00a0<strong>Hojas de notas<\/strong>Espacio para tus pensamientos, ideas, oraciones o reflexiones.<\/li>\n<li aria-level=\"1\"><img decoding=\"async\" class=\"emoji\" role=\"img\" draggable=\"false\" src=\"https:\/\/s.w.org\/images\/core\/emoji\/16.0.1\/svg\/2705.svg\" alt=\"\u2705\" \/>\u00a0<strong>Recordatorio de cumplea\u00f1os<\/strong>Una hoja especial para tener presentes las fechas m\u00e1s importantes.<\/li>\n<li aria-level=\"1\"><img decoding=\"async\" class=\"emoji\" role=\"img\" draggable=\"false\" src=\"https:\/\/s.w.org\/images\/core\/emoji\/16.0.1\/svg\/2705.svg\" alt=\"\u2705\" \/>\u00a0<strong>Lista de mercado y lista de viaje<\/strong>\u00a1Haz tus compras y prepara tus maletas con orden y sin estr\u00e9s!<\/li>\n<li aria-level=\"1\"><img decoding=\"async\" class=\"emoji\" role=\"img\" draggable=\"false\" src=\"https:\/\/s.w.org\/images\/core\/emoji\/16.0.1\/svg\/2705.svg\" alt=\"\u2705\" \/>\u00a0<strong>Gu\u00eda para oraci\u00f3n<\/strong>Incluye herramientas pr\u00e1cticas para fortalecer tu vida devocional.<\/li>\n<\/ul>\n<p><img decoding=\"async\" class=\"emoji\" role=\"img\" draggable=\"false\" src=\"https:\/\/s.w.org\/images\/core\/emoji\/16.0.1\/svg\/2705.svg\" alt=\"\u2705\" \/>\u00a0<strong>Portadas mensuales ilustradas con ovejitas<\/strong><\/p>\n<p>Cada mes comienza con un dise\u00f1o \u00fanico y tierno, acompa\u00f1ado de un vers\u00edculo b\u00edblico.<\/p>\n<p>&nbsp;<\/p>\n<p><strong>ISBN<\/strong>: 7708028025243<\/p>\n<p><strong>Editorial<\/strong>:\u00a0Editorial CLC<\/p>\n<p><strong>Dimensiones<\/strong>: 170 x 220 mm<\/p>\n<p><strong>Peso<\/strong>: 0,700kg<\/p>\n<p><strong>Cubierta<\/strong>: R\u00fastica anillada<\/p>\n<p><strong>N\u00famero de p\u00e1ginas<\/strong>: 384<\/p>\n<p><strong>Fecha de lanzamiento<\/strong>: 26.04.2025<\/p>\n<p><strong>Idioma<\/strong>: Espa\u00f1ol<\/p>\n<\/div>\n","protected":false},"excerpt":{"rendered":"<p>Agenda Ovejitas &amp; Ovejitas 2026\u00ae \u00a0Agenda Ovejitas 2026 \u2013 \u00a1Organiza tu a\u00f1o con fe, ternura e inspiraci\u00f3n!\u00a0 La\u00a0Agenda Ovejitas 2026\u00a0es mucho m\u00e1s que una simple agenda: es una compa\u00f1era diaria que te acompa\u00f1a en tu caminar con Dios. Con m\u00e1s de 30 a\u00f1os de trayectoria en el mercado, esta hermosa agenda ha conquistado el coraz\u00f3n [&hellip;]<\/p>\n","protected":false},"featured_media":6414,"comment_status":"open","ping_status":"closed","template":"","meta":{"om_disable_all_campaigns":false,"_monsterinsights_skip_tracking":false,"_monsterinsights_sitenote_active":false,"_monsterinsights_sitenote_note":"","_monsterinsights_sitenote_category":0,"site-sidebar-layout":"default","site-content-layout":"","ast-site-content-layout":"default","site-content-style":"default","site-sidebar-style":"default","ast-global-header-display":"","ast-banner-title-visibility":"","ast-main-header-display":"","ast-hfb-above-header-display":"","ast-hfb-below-header-display":"","ast-hfb-mobile-header-display":"","site-post-title":"","ast-breadcrumbs-content":"","ast-featured-img":"","footer-sml-layout":"","ast-disable-related-posts":"","theme-transparent-header-meta":"default","adv-header-id-meta":"","stick-header-meta":"","header-above-stick-meta":"","header-main-stick-meta":"","header-below-stick-meta":"","astra-migrate-meta-layouts":"set","ast-page-background-enabled":"default","ast-page-background-meta":{"desktop":{"background-color":"var(--ast-global-color-4)","background-image":"","background-repeat":"repeat","background-position":"center center","background-size":"auto","background-attachment":"scroll","background-type":"","background-media":"","overlay-type":"","overlay-color":"","overlay-opacity":"","overlay-gradient":""},"tablet":{"background-color":"","background-image":"","background-repeat":"repeat","background-position":"center center","background-size":"auto","background-attachment":"scroll","background-type":"","background-media":"","overlay-type":"","overlay-color":"","overlay-opacity":"","overlay-gradient":""},"mobile":{"background-color":"","background-image":"","background-repeat":"repeat","background-position":"center center","background-size":"auto","background-attachment":"scroll","background-type":"","background-media":"","overlay-type":"","overlay-color":"","overlay-opacity":"","overlay-gradient":""}},"ast-content-background-meta":{"desktop":{"background-color":"var(--ast-global-color-5)","background-image":"","background-repeat":"repeat","background-position":"center center","background-size":"auto","background-attachment":"scroll","background-type":"","background-media":"","overlay-type":"","overlay-color":"","overlay-opacity":"","overlay-gradient":""},"tablet":{"background-color":"var(--ast-global-color-5)","background-image":"","background-repeat":"repeat","background-position":"center center","background-size":"auto","background-attachment":"scroll","background-type":"","background-media":"","overlay-type":"","overlay-color":"","overlay-opacity":"","overlay-gradient":""},"mobile":{"background-color":"var(--ast-global-color-5)","background-image":"","background-repeat":"repeat","background-position":"center center","background-size":"auto","background-attachment":"scroll","background-type":"","background-media":"","overlay-type":"","overlay-color":"","overlay-opacity":"","overlay-gradient":""}}},"product_brand":[],"product_cat":[18],"product_tag":[],"class_list":{"0":"post-6413","1":"product","2":"type-product","3":"status-publish","4":"has-post-thumbnail","6":"product_cat-uncategorized","7":"desktop-align-left","8":"tablet-align-left","9":"mobile-align-left","11":"first","12":"instock","13":"shipping-taxable","14":"purchasable","15":"product-type-simple"},"yoast_head":"<!-- This site is optimized with the Yoast SEO plugin v27.3 - https:\/\/yoast.com\/product\/yoast-seo-wordpress\/ -->\n<title>Agenda Ovejitas 2026 \u2013 En Ti Confi\u00f3 Se\u00f1or \u2013 Verde - tzionlibreria.com<\/title>\n<meta name=\"robots\" content=\"index, follow, max-snippet:-1, max-image-preview:large, max-video-preview:-1\" \/>\n<link rel=\"canonical\" href=\"https:\/\/tzionlibreria.com\/index.php\/product\/agenda-ovejitas-2026-en-ti-confio-senor-verde\/\" \/>\n<meta property=\"og:locale\" content=\"es_ES\" \/>\n<meta property=\"og:type\" content=\"article\" \/>\n<meta property=\"og:title\" content=\"Agenda Ovejitas 2026 \u2013 En Ti Confi\u00f3 Se\u00f1or \u2013 Verde - tzionlibreria.com\" \/>\n<meta property=\"og:description\" content=\"Agenda Ovejitas &amp; Ovejitas 2026\u00ae \u00a0Agenda Ovejitas 2026 \u2013 \u00a1Organiza tu a\u00f1o con fe, ternura e inspiraci\u00f3n!\u00a0 La\u00a0Agenda Ovejitas 2026\u00a0es mucho m\u00e1s que una simple agenda: es una compa\u00f1era diaria que te acompa\u00f1a en tu caminar con Dios. Con m\u00e1s de 30 a\u00f1os de trayectoria en el mercado, esta hermosa agenda ha conquistado el coraz\u00f3n [&hellip;]\" \/>\n<meta property=\"og:url\" content=\"https:\/\/tzionlibreria.com\/index.php\/product\/agenda-ovejitas-2026-en-ti-confio-senor-verde\/\" \/>\n<meta property=\"og:site_name\" content=\"tzionlibreria.com\" \/>\n<meta property=\"article:modified_time\" content=\"2025-11-18T22:06:14+00:00\" \/>\n<meta property=\"og:image\" content=\"http:\/\/tzionlibreria.com\/wp-content\/uploads\/2025\/11\/7708028025243.jpg\" \/>\n\t<meta property=\"og:image:width\" content=\"1200\" \/>\n\t<meta property=\"og:image:height\" content=\"1200\" \/>\n\t<meta property=\"og:image:type\" content=\"image\/jpeg\" \/>\n<meta name=\"twitter:card\" content=\"summary_large_image\" \/>\n<meta name=\"twitter:label1\" content=\"Tiempo de lectura\" \/>\n\t<meta name=\"twitter:data1\" content=\"6 minutos\" \/>\n<script type=\"application\/ld+json\" class=\"yoast-schema-graph\">{\"@context\":\"https:\\\/\\\/schema.org\",\"@graph\":[{\"@type\":\"WebPage\",\"@id\":\"https:\\\/\\\/tzionlibreria.com\\\/index.php\\\/product\\\/agenda-ovejitas-2026-en-ti-confio-senor-verde\\\/\",\"url\":\"https:\\\/\\\/tzionlibreria.com\\\/index.php\\\/product\\\/agenda-ovejitas-2026-en-ti-confio-senor-verde\\\/\",\"name\":\"Agenda Ovejitas 2026 \u2013 En Ti Confi\u00f3 Se\u00f1or \u2013 Verde - tzionlibreria.com\",\"isPartOf\":{\"@id\":\"https:\\\/\\\/tzionlibreria.com\\\/#website\"},\"primaryImageOfPage\":{\"@id\":\"https:\\\/\\\/tzionlibreria.com\\\/index.php\\\/product\\\/agenda-ovejitas-2026-en-ti-confio-senor-verde\\\/#primaryimage\"},\"image\":{\"@id\":\"https:\\\/\\\/tzionlibreria.com\\\/index.php\\\/product\\\/agenda-ovejitas-2026-en-ti-confio-senor-verde\\\/#primaryimage\"},\"thumbnailUrl\":\"https:\\\/\\\/tzionlibreria.com\\\/wp-content\\\/uploads\\\/2025\\\/11\\\/7708028025243.jpg\",\"datePublished\":\"2025-11-18T22:06:13+00:00\",\"dateModified\":\"2025-11-18T22:06:14+00:00\",\"breadcrumb\":{\"@id\":\"https:\\\/\\\/tzionlibreria.com\\\/index.php\\\/product\\\/agenda-ovejitas-2026-en-ti-confio-senor-verde\\\/#breadcrumb\"},\"inLanguage\":\"es-CO\",\"potentialAction\":[{\"@type\":\"ReadAction\",\"target\":[\"https:\\\/\\\/tzionlibreria.com\\\/index.php\\\/product\\\/agenda-ovejitas-2026-en-ti-confio-senor-verde\\\/\"]}]},{\"@type\":\"ImageObject\",\"inLanguage\":\"es-CO\",\"@id\":\"https:\\\/\\\/tzionlibreria.com\\\/index.php\\\/product\\\/agenda-ovejitas-2026-en-ti-confio-senor-verde\\\/#primaryimage\",\"url\":\"https:\\\/\\\/tzionlibreria.com\\\/wp-content\\\/uploads\\\/2025\\\/11\\\/7708028025243.jpg\",\"contentUrl\":\"https:\\\/\\\/tzionlibreria.com\\\/wp-content\\\/uploads\\\/2025\\\/11\\\/7708028025243.jpg\",\"width\":1200,\"height\":1200},{\"@type\":\"BreadcrumbList\",\"@id\":\"https:\\\/\\\/tzionlibreria.com\\\/index.php\\\/product\\\/agenda-ovejitas-2026-en-ti-confio-senor-verde\\\/#breadcrumb\",\"itemListElement\":[{\"@type\":\"ListItem\",\"position\":1,\"name\":\"Inicio\",\"item\":\"https:\\\/\\\/tzionlibreria.com\\\/\"},{\"@type\":\"ListItem\",\"position\":2,\"name\":\"Shop\",\"item\":\"https:\\\/\\\/tzionlibreria.com\\\/index.php\\\/shop\\\/\"},{\"@type\":\"ListItem\",\"position\":3,\"name\":\"Agenda Ovejitas 2026 \u2013 En Ti Confi\u00f3 Se\u00f1or \u2013 Verde\"}]},{\"@type\":\"WebSite\",\"@id\":\"https:\\\/\\\/tzionlibreria.com\\\/#website\",\"url\":\"https:\\\/\\\/tzionlibreria.com\\\/\",\"name\":\"tzionlibreria.com\",\"description\":\"Libreria Cristiana Venezuela\",\"publisher\":{\"@id\":\"https:\\\/\\\/tzionlibreria.com\\\/#organization\"},\"potentialAction\":[{\"@type\":\"SearchAction\",\"target\":{\"@type\":\"EntryPoint\",\"urlTemplate\":\"https:\\\/\\\/tzionlibreria.com\\\/?s={search_term_string}\"},\"query-input\":{\"@type\":\"PropertyValueSpecification\",\"valueRequired\":true,\"valueName\":\"search_term_string\"}}],\"inLanguage\":\"es-CO\"},{\"@type\":\"Organization\",\"@id\":\"https:\\\/\\\/tzionlibreria.com\\\/#organization\",\"name\":\"tzionlibreria.com\",\"url\":\"https:\\\/\\\/tzionlibreria.com\\\/\",\"logo\":{\"@type\":\"ImageObject\",\"inLanguage\":\"es-CO\",\"@id\":\"https:\\\/\\\/tzionlibreria.com\\\/#\\\/schema\\\/logo\\\/image\\\/\",\"url\":\"https:\\\/\\\/tzionlibreria.com\\\/wp-content\\\/uploads\\\/2023\\\/10\\\/cropped-Cuadricula-scaled-1.jpg\",\"contentUrl\":\"https:\\\/\\\/tzionlibreria.com\\\/wp-content\\\/uploads\\\/2023\\\/10\\\/cropped-Cuadricula-scaled-1.jpg\",\"width\":2560,\"height\":2560,\"caption\":\"tzionlibreria.com\"},\"image\":{\"@id\":\"https:\\\/\\\/tzionlibreria.com\\\/#\\\/schema\\\/logo\\\/image\\\/\"}}]}<\/script>\n<!-- \/ Yoast SEO plugin. -->","yoast_head_json":{"title":"Agenda Ovejitas 2026 \u2013 En Ti Confi\u00f3 Se\u00f1or \u2013 Verde - tzionlibreria.com","robots":{"index":"index","follow":"follow","max-snippet":"max-snippet:-1","max-image-preview":"max-image-preview:large","max-video-preview":"max-video-preview:-1"},"canonical":"https:\/\/tzionlibreria.com\/index.php\/product\/agenda-ovejitas-2026-en-ti-confio-senor-verde\/","og_locale":"es_ES","og_type":"article","og_title":"Agenda Ovejitas 2026 \u2013 En Ti Confi\u00f3 Se\u00f1or \u2013 Verde - tzionlibreria.com","og_description":"Agenda Ovejitas &amp; Ovejitas 2026\u00ae \u00a0Agenda Ovejitas 2026 \u2013 \u00a1Organiza tu a\u00f1o con fe, ternura e inspiraci\u00f3n!\u00a0 La\u00a0Agenda Ovejitas 2026\u00a0es mucho m\u00e1s que una simple agenda: es una compa\u00f1era diaria que te acompa\u00f1a en tu caminar con Dios. Con m\u00e1s de 30 a\u00f1os de trayectoria en el mercado, esta hermosa agenda ha conquistado el coraz\u00f3n [&hellip;]","og_url":"https:\/\/tzionlibreria.com\/index.php\/product\/agenda-ovejitas-2026-en-ti-confio-senor-verde\/","og_site_name":"tzionlibreria.com","article_modified_time":"2025-11-18T22:06:14+00:00","og_image":[{"width":1200,"height":1200,"url":"http:\/\/tzionlibreria.com\/wp-content\/uploads\/2025\/11\/7708028025243.jpg","type":"image\/jpeg"}],"twitter_card":"summary_large_image","twitter_misc":{"Tiempo de lectura":"6 minutos"},"schema":{"@context":"https:\/\/schema.org","@graph":[{"@type":"WebPage","@id":"https:\/\/tzionlibreria.com\/index.php\/product\/agenda-ovejitas-2026-en-ti-confio-senor-verde\/","url":"https:\/\/tzionlibreria.com\/index.php\/product\/agenda-ovejitas-2026-en-ti-confio-senor-verde\/","name":"Agenda Ovejitas 2026 \u2013 En Ti Confi\u00f3 Se\u00f1or \u2013 Verde - tzionlibreria.com","isPartOf":{"@id":"https:\/\/tzionlibreria.com\/#website"},"primaryImageOfPage":{"@id":"https:\/\/tzionlibreria.com\/index.php\/product\/agenda-ovejitas-2026-en-ti-confio-senor-verde\/#primaryimage"},"image":{"@id":"https:\/\/tzionlibreria.com\/index.php\/product\/agenda-ovejitas-2026-en-ti-confio-senor-verde\/#primaryimage"},"thumbnailUrl":"https:\/\/tzionlibreria.com\/wp-content\/uploads\/2025\/11\/7708028025243.jpg","datePublished":"2025-11-18T22:06:13+00:00","dateModified":"2025-11-18T22:06:14+00:00","breadcrumb":{"@id":"https:\/\/tzionlibreria.com\/index.php\/product\/agenda-ovejitas-2026-en-ti-confio-senor-verde\/#breadcrumb"},"inLanguage":"es-CO","potentialAction":[{"@type":"ReadAction","target":["https:\/\/tzionlibreria.com\/index.php\/product\/agenda-ovejitas-2026-en-ti-confio-senor-verde\/"]}]},{"@type":"ImageObject","inLanguage":"es-CO","@id":"https:\/\/tzionlibreria.com\/index.php\/product\/agenda-ovejitas-2026-en-ti-confio-senor-verde\/#primaryimage","url":"https:\/\/tzionlibreria.com\/wp-content\/uploads\/2025\/11\/7708028025243.jpg","contentUrl":"https:\/\/tzionlibreria.com\/wp-content\/uploads\/2025\/11\/7708028025243.jpg","width":1200,"height":1200},{"@type":"BreadcrumbList","@id":"https:\/\/tzionlibreria.com\/index.php\/product\/agenda-ovejitas-2026-en-ti-confio-senor-verde\/#breadcrumb","itemListElement":[{"@type":"ListItem","position":1,"name":"Inicio","item":"https:\/\/tzionlibreria.com\/"},{"@type":"ListItem","position":2,"name":"Shop","item":"https:\/\/tzionlibreria.com\/index.php\/shop\/"},{"@type":"ListItem","position":3,"name":"Agenda Ovejitas 2026 \u2013 En Ti Confi\u00f3 Se\u00f1or \u2013 Verde"}]},{"@type":"WebSite","@id":"https:\/\/tzionlibreria.com\/#website","url":"https:\/\/tzionlibreria.com\/","name":"tzionlibreria.com","description":"Libreria Cristiana Venezuela","publisher":{"@id":"https:\/\/tzionlibreria.com\/#organization"},"potentialAction":[{"@type":"SearchAction","target":{"@type":"EntryPoint","urlTemplate":"https:\/\/tzionlibreria.com\/?s={search_term_string}"},"query-input":{"@type":"PropertyValueSpecification","valueRequired":true,"valueName":"search_term_string"}}],"inLanguage":"es-CO"},{"@type":"Organization","@id":"https:\/\/tzionlibreria.com\/#organization","name":"tzionlibreria.com","url":"https:\/\/tzionlibreria.com\/","logo":{"@type":"ImageObject","inLanguage":"es-CO","@id":"https:\/\/tzionlibreria.com\/#\/schema\/logo\/image\/","url":"https:\/\/tzionlibreria.com\/wp-content\/uploads\/2023\/10\/cropped-Cuadricula-scaled-1.jpg","contentUrl":"https:\/\/tzionlibreria.com\/wp-content\/uploads\/2023\/10\/cropped-Cuadricula-scaled-1.jpg","width":2560,"height":2560,"caption":"tzionlibreria.com"},"image":{"@id":"https:\/\/tzionlibreria.com\/#\/schema\/logo\/image\/"}}]}},"jetpack_sharing_enabled":true,"_links":{"self":[{"href":"https:\/\/tzionlibreria.com\/index.php\/wp-json\/wp\/v2\/product\/6413","targetHints":{"allow":["GET"]}}],"collection":[{"href":"https:\/\/tzionlibreria.com\/index.php\/wp-json\/wp\/v2\/product"}],"about":[{"href":"https:\/\/tzionlibreria.com\/index.php\/wp-json\/wp\/v2\/types\/product"}],"replies":[{"embeddable":true,"href":"https:\/\/tzionlibreria.com\/index.php\/wp-json\/wp\/v2\/comments?post=6413"}],"wp:featuredmedia":[{"embeddable":true,"href":"https:\/\/tzionlibreria.com\/index.php\/wp-json\/wp\/v2\/media\/6414"}],"wp:attachment":[{"href":"https:\/\/tzionlibreria.com\/index.php\/wp-json\/wp\/v2\/media?parent=6413"}],"wp:term":[{"taxonomy":"product_brand","embeddable":true,"href":"https:\/\/tzionlibreria.com\/index.php\/wp-json\/wp\/v2\/product_brand?post=6413"},{"taxonomy":"product_cat","embeddable":true,"href":"https:\/\/tzionlibreria.com\/index.php\/wp-json\/wp\/v2\/product_cat?post=6413"},{"taxonomy":"product_tag","embeddable":true,"href":"https:\/\/tzionlibreria.com\/index.php\/wp-json\/wp\/v2\/product_tag?post=6413"}],"curies":[{"name":"wp","href":"https:\/\/api.w.org\/{rel}","templated":true}]}}