{"id":6426,"date":"2025-11-19T20:52:13","date_gmt":"2025-11-19T20:52:13","guid":{"rendered":"https:\/\/tzionlibreria.com\/?post_type=product&#038;p=6426"},"modified":"2025-11-19T20:52:19","modified_gmt":"2025-11-19T20:52:19","slug":"demasiado-bendecida-para-estar-estresada-devocional-en-3-minutos-para-mujeres","status":"publish","type":"product","link":"https:\/\/tzionlibreria.com\/index.php\/product\/demasiado-bendecida-para-estar-estresada-devocional-en-3-minutos-para-mujeres\/","title":{"rendered":"Demasiado Bendecida Para Estar Estresada \u2013 Devocional En 3 Minutos para Mujeres"},"content":{"rendered":"<ul class=\"tabs wc-tabs\" role=\"tablist\">\n<li id=\"tab-title-reviews\" class=\"reviews_tab\" role=\"presentation\"><\/li>\n<\/ul>\n<div id=\"tab-description\" class=\"woocommerce-Tabs-panel woocommerce-Tabs-panel--description panel entry-content wc-tab\" role=\"tabpanel\" aria-labelledby=\"tab-title-description\">\n<div>\n<p><iframe title=\"Demasiado Bendecida Para Estar Estresada - Devocional En 3 Minutos\" src=\"https:\/\/www.youtube.com\/embed\/Y4s07dkbdQI?feature=oembed\" width=\"1200\" height=\"675\" frameborder=\"0\" allowfullscreen=\"allowfullscreen\" data-mce-fragment=\"1\"><\/iframe><\/p>\n<\/div>\n<div>Tome tiempo\u00a0 para hacer una pausa, reflexionar y renovar tu esp\u00edritu con\u00a0 una selecci\u00f3n de vers\u00edculos b\u00edblicos, palabras alentadoras de la autora Debora Coty, y una oraci\u00f3n inicial que te ayudara a comenzar una dialogo con Dios. Independientemente de lo que tu d\u00eda con lleve, esta inspiraci\u00f3n del tama\u00f1o adecuado te garantiza el estimulante que necesitas en tu caminar de fe.<\/div>\n<div>Devocionales de 3 minutos para mujeres.\u00a0180 lecturas<\/div>\n<div>1: texto b\u00edblico en el que meditar Minuto<\/div>\n<div>2: una breve lectura devocional\u00a0Minuto<\/div>\n<div>3: una oraci\u00f3n para arrancar una conversaci\u00f3n con Dios.Este manejable formato es un fabuloso regalo para todas las mujeres, en cualquier ocasi\u00f3n.<\/div>\n<div><\/div>\n<div>\n<p><strong>ISBN<\/strong>: 9781683225096<\/p>\n<p><strong>N\u00famero de p\u00e1ginas<\/strong>: 192<\/p>\n<p><strong>Idioma<\/strong>: Espa\u00f1ol<\/p>\n<\/div>\n<\/div>\n","protected":false},"excerpt":{"rendered":"<p>Tome tiempo\u00a0 para hacer una pausa, reflexionar y renovar tu esp\u00edritu con\u00a0 una selecci\u00f3n de vers\u00edculos b\u00edblicos, palabras alentadoras de la autora Debora Coty, y una oraci\u00f3n inicial que te ayudara a comenzar una dialogo con Dios. Independientemente de lo que tu d\u00eda con lleve, esta inspiraci\u00f3n del tama\u00f1o adecuado te garantiza el estimulante que [&hellip;]<\/p>\n","protected":false},"featured_media":6427,"comment_status":"open","ping_status":"closed","template":"","meta":{"om_disable_all_campaigns":false,"_monsterinsights_skip_tracking":false,"_monsterinsights_sitenote_active":false,"_monsterinsights_sitenote_note":"","_monsterinsights_sitenote_category":0,"site-sidebar-layout":"default","site-content-layout":"","ast-site-content-layout":"default","site-content-style":"default","site-sidebar-style":"default","ast-global-header-display":"","ast-banner-title-visibility":"","ast-main-header-display":"","ast-hfb-above-header-display":"","ast-hfb-below-header-display":"","ast-hfb-mobile-header-display":"","site-post-title":"","ast-breadcrumbs-content":"","ast-featured-img":"","footer-sml-layout":"","ast-disable-related-posts":"","theme-transparent-header-meta":"default","adv-header-id-meta":"","stick-header-meta":"","header-above-stick-meta":"","header-main-stick-meta":"","header-below-stick-meta":"","astra-migrate-meta-layouts":"set","ast-page-background-enabled":"default","ast-page-background-meta":{"desktop":{"background-color":"var(--ast-global-color-4)","background-image":"","background-repeat":"repeat","background-position":"center center","background-size":"auto","background-attachment":"scroll","background-type":"","background-media":"","overlay-type":"","overlay-color":"","overlay-opacity":"","overlay-gradient":""},"tablet":{"background-color":"","background-image":"","background-repeat":"repeat","background-position":"center center","background-size":"auto","background-attachment":"scroll","background-type":"","background-media":"","overlay-type":"","overlay-color":"","overlay-opacity":"","overlay-gradient":""},"mobile":{"background-color":"","background-image":"","background-repeat":"repeat","background-position":"center center","background-size":"auto","background-attachment":"scroll","background-type":"","background-media":"","overlay-type":"","overlay-color":"","overlay-opacity":"","overlay-gradient":""}},"ast-content-background-meta":{"desktop":{"background-color":"var(--ast-global-color-5)","background-image":"","background-repeat":"repeat","background-position":"center center","background-size":"auto","background-attachment":"scroll","background-type":"","background-media":"","overlay-type":"","overlay-color":"","overlay-opacity":"","overlay-gradient":""},"tablet":{"background-color":"var(--ast-global-color-5)","background-image":"","background-repeat":"repeat","background-position":"center center","background-size":"auto","background-attachment":"scroll","background-type":"","background-media":"","overlay-type":"","overlay-color":"","overlay-opacity":"","overlay-gradient":""},"mobile":{"background-color":"var(--ast-global-color-5)","background-image":"","background-repeat":"repeat","background-position":"center center","background-size":"auto","background-attachment":"scroll","background-type":"","background-media":"","overlay-type":"","overlay-color":"","overlay-opacity":"","overlay-gradient":""}}},"product_brand":[],"product_cat":[23,170,311],"product_tag":[],"class_list":{"0":"post-6426","1":"product","2":"type-product","3":"status-publish","4":"has-post-thumbnail","6":"product_cat-libros","7":"product_cat-mujeres","8":"product_cat-salud-mental","9":"desktop-align-left","10":"tablet-align-left","11":"mobile-align-left","13":"first","14":"instock","15":"shipping-taxable","16":"purchasable","17":"product-type-simple"},"yoast_head":"<!-- This site is optimized with the Yoast SEO plugin v27.4 - https:\/\/yoast.com\/product\/yoast-seo-wordpress\/ -->\n<title>Demasiado Bendecida Para Estar Estresada \u2013 Devocional En 3 Minutos para Mujeres - tzionlibreria.com<\/title>\n<meta name=\"robots\" content=\"index, follow, max-snippet:-1, max-image-preview:large, max-video-preview:-1\" \/>\n<link rel=\"canonical\" href=\"https:\/\/tzionlibreria.com\/index.php\/product\/demasiado-bendecida-para-estar-estresada-devocional-en-3-minutos-para-mujeres\/\" \/>\n<meta property=\"og:locale\" content=\"es_ES\" \/>\n<meta property=\"og:type\" content=\"article\" \/>\n<meta property=\"og:title\" content=\"Demasiado Bendecida Para Estar Estresada \u2013 Devocional En 3 Minutos para Mujeres - tzionlibreria.com\" \/>\n<meta property=\"og:description\" content=\"Tome tiempo\u00a0 para hacer una pausa, reflexionar y renovar tu esp\u00edritu con\u00a0 una selecci\u00f3n de vers\u00edculos b\u00edblicos, palabras alentadoras de la autora Debora Coty, y una oraci\u00f3n inicial que te ayudara a comenzar una dialogo con Dios. Independientemente de lo que tu d\u00eda con lleve, esta inspiraci\u00f3n del tama\u00f1o adecuado te garantiza el estimulante que [&hellip;]\" \/>\n<meta property=\"og:url\" content=\"https:\/\/tzionlibreria.com\/index.php\/product\/demasiado-bendecida-para-estar-estresada-devocional-en-3-minutos-para-mujeres\/\" \/>\n<meta property=\"og:site_name\" content=\"tzionlibreria.com\" \/>\n<meta property=\"article:modified_time\" content=\"2025-11-19T20:52:19+00:00\" \/>\n<meta property=\"og:image\" content=\"http:\/\/tzionlibreria.com\/wp-content\/uploads\/2025\/11\/D_NQ_NP_2X_979803-MCO54080792877_022023-F.webp\" \/>\n\t<meta property=\"og:image:width\" content=\"1200\" \/>\n\t<meta property=\"og:image:height\" content=\"1101\" \/>\n\t<meta property=\"og:image:type\" content=\"image\/webp\" \/>\n<meta name=\"twitter:card\" content=\"summary_large_image\" \/>\n<meta name=\"twitter:label1\" content=\"Tiempo de lectura\" \/>\n\t<meta name=\"twitter:data1\" content=\"1 minuto\" \/>\n<script type=\"application\/ld+json\" class=\"yoast-schema-graph\">{\"@context\":\"https:\\\/\\\/schema.org\",\"@graph\":[{\"@type\":\"WebPage\",\"@id\":\"https:\\\/\\\/tzionlibreria.com\\\/index.php\\\/product\\\/demasiado-bendecida-para-estar-estresada-devocional-en-3-minutos-para-mujeres\\\/\",\"url\":\"https:\\\/\\\/tzionlibreria.com\\\/index.php\\\/product\\\/demasiado-bendecida-para-estar-estresada-devocional-en-3-minutos-para-mujeres\\\/\",\"name\":\"Demasiado Bendecida Para Estar Estresada \u2013 Devocional En 3 Minutos para Mujeres - tzionlibreria.com\",\"isPartOf\":{\"@id\":\"https:\\\/\\\/tzionlibreria.com\\\/#website\"},\"primaryImageOfPage\":{\"@id\":\"https:\\\/\\\/tzionlibreria.com\\\/index.php\\\/product\\\/demasiado-bendecida-para-estar-estresada-devocional-en-3-minutos-para-mujeres\\\/#primaryimage\"},\"image\":{\"@id\":\"https:\\\/\\\/tzionlibreria.com\\\/index.php\\\/product\\\/demasiado-bendecida-para-estar-estresada-devocional-en-3-minutos-para-mujeres\\\/#primaryimage\"},\"thumbnailUrl\":\"https:\\\/\\\/tzionlibreria.com\\\/wp-content\\\/uploads\\\/2025\\\/11\\\/D_NQ_NP_2X_979803-MCO54080792877_022023-F.webp\",\"datePublished\":\"2025-11-19T20:52:13+00:00\",\"dateModified\":\"2025-11-19T20:52:19+00:00\",\"breadcrumb\":{\"@id\":\"https:\\\/\\\/tzionlibreria.com\\\/index.php\\\/product\\\/demasiado-bendecida-para-estar-estresada-devocional-en-3-minutos-para-mujeres\\\/#breadcrumb\"},\"inLanguage\":\"es-CO\",\"potentialAction\":[{\"@type\":\"ReadAction\",\"target\":[\"https:\\\/\\\/tzionlibreria.com\\\/index.php\\\/product\\\/demasiado-bendecida-para-estar-estresada-devocional-en-3-minutos-para-mujeres\\\/\"]}]},{\"@type\":\"ImageObject\",\"inLanguage\":\"es-CO\",\"@id\":\"https:\\\/\\\/tzionlibreria.com\\\/index.php\\\/product\\\/demasiado-bendecida-para-estar-estresada-devocional-en-3-minutos-para-mujeres\\\/#primaryimage\",\"url\":\"https:\\\/\\\/tzionlibreria.com\\\/wp-content\\\/uploads\\\/2025\\\/11\\\/D_NQ_NP_2X_979803-MCO54080792877_022023-F.webp\",\"contentUrl\":\"https:\\\/\\\/tzionlibreria.com\\\/wp-content\\\/uploads\\\/2025\\\/11\\\/D_NQ_NP_2X_979803-MCO54080792877_022023-F.webp\",\"width\":1200,\"height\":1101},{\"@type\":\"BreadcrumbList\",\"@id\":\"https:\\\/\\\/tzionlibreria.com\\\/index.php\\\/product\\\/demasiado-bendecida-para-estar-estresada-devocional-en-3-minutos-para-mujeres\\\/#breadcrumb\",\"itemListElement\":[{\"@type\":\"ListItem\",\"position\":1,\"name\":\"Inicio\",\"item\":\"https:\\\/\\\/tzionlibreria.com\\\/\"},{\"@type\":\"ListItem\",\"position\":2,\"name\":\"Shop\",\"item\":\"https:\\\/\\\/tzionlibreria.com\\\/index.php\\\/shop\\\/\"},{\"@type\":\"ListItem\",\"position\":3,\"name\":\"Demasiado Bendecida Para Estar Estresada \u2013 Devocional En 3 Minutos para Mujeres\"}]},{\"@type\":\"WebSite\",\"@id\":\"https:\\\/\\\/tzionlibreria.com\\\/#website\",\"url\":\"https:\\\/\\\/tzionlibreria.com\\\/\",\"name\":\"tzionlibreria.com\",\"description\":\"Libreria Cristiana Venezuela\",\"publisher\":{\"@id\":\"https:\\\/\\\/tzionlibreria.com\\\/#organization\"},\"potentialAction\":[{\"@type\":\"SearchAction\",\"target\":{\"@type\":\"EntryPoint\",\"urlTemplate\":\"https:\\\/\\\/tzionlibreria.com\\\/?s={search_term_string}\"},\"query-input\":{\"@type\":\"PropertyValueSpecification\",\"valueRequired\":true,\"valueName\":\"search_term_string\"}}],\"inLanguage\":\"es-CO\"},{\"@type\":\"Organization\",\"@id\":\"https:\\\/\\\/tzionlibreria.com\\\/#organization\",\"name\":\"tzionlibreria.com\",\"url\":\"https:\\\/\\\/tzionlibreria.com\\\/\",\"logo\":{\"@type\":\"ImageObject\",\"inLanguage\":\"es-CO\",\"@id\":\"https:\\\/\\\/tzionlibreria.com\\\/#\\\/schema\\\/logo\\\/image\\\/\",\"url\":\"https:\\\/\\\/tzionlibreria.com\\\/wp-content\\\/uploads\\\/2023\\\/10\\\/cropped-Cuadricula-scaled-1.jpg\",\"contentUrl\":\"https:\\\/\\\/tzionlibreria.com\\\/wp-content\\\/uploads\\\/2023\\\/10\\\/cropped-Cuadricula-scaled-1.jpg\",\"width\":2560,\"height\":2560,\"caption\":\"tzionlibreria.com\"},\"image\":{\"@id\":\"https:\\\/\\\/tzionlibreria.com\\\/#\\\/schema\\\/logo\\\/image\\\/\"}}]}<\/script>\n<!-- \/ Yoast SEO plugin. -->","yoast_head_json":{"title":"Demasiado Bendecida Para Estar Estresada \u2013 Devocional En 3 Minutos para Mujeres - tzionlibreria.com","robots":{"index":"index","follow":"follow","max-snippet":"max-snippet:-1","max-image-preview":"max-image-preview:large","max-video-preview":"max-video-preview:-1"},"canonical":"https:\/\/tzionlibreria.com\/index.php\/product\/demasiado-bendecida-para-estar-estresada-devocional-en-3-minutos-para-mujeres\/","og_locale":"es_ES","og_type":"article","og_title":"Demasiado Bendecida Para Estar Estresada \u2013 Devocional En 3 Minutos para Mujeres - tzionlibreria.com","og_description":"Tome tiempo\u00a0 para hacer una pausa, reflexionar y renovar tu esp\u00edritu con\u00a0 una selecci\u00f3n de vers\u00edculos b\u00edblicos, palabras alentadoras de la autora Debora Coty, y una oraci\u00f3n inicial que te ayudara a comenzar una dialogo con Dios. Independientemente de lo que tu d\u00eda con lleve, esta inspiraci\u00f3n del tama\u00f1o adecuado te garantiza el estimulante que [&hellip;]","og_url":"https:\/\/tzionlibreria.com\/index.php\/product\/demasiado-bendecida-para-estar-estresada-devocional-en-3-minutos-para-mujeres\/","og_site_name":"tzionlibreria.com","article_modified_time":"2025-11-19T20:52:19+00:00","og_image":[{"width":1200,"height":1101,"url":"http:\/\/tzionlibreria.com\/wp-content\/uploads\/2025\/11\/D_NQ_NP_2X_979803-MCO54080792877_022023-F.webp","type":"image\/webp"}],"twitter_card":"summary_large_image","twitter_misc":{"Tiempo de lectura":"1 minuto"},"schema":{"@context":"https:\/\/schema.org","@graph":[{"@type":"WebPage","@id":"https:\/\/tzionlibreria.com\/index.php\/product\/demasiado-bendecida-para-estar-estresada-devocional-en-3-minutos-para-mujeres\/","url":"https:\/\/tzionlibreria.com\/index.php\/product\/demasiado-bendecida-para-estar-estresada-devocional-en-3-minutos-para-mujeres\/","name":"Demasiado Bendecida Para Estar Estresada \u2013 Devocional En 3 Minutos para Mujeres - tzionlibreria.com","isPartOf":{"@id":"https:\/\/tzionlibreria.com\/#website"},"primaryImageOfPage":{"@id":"https:\/\/tzionlibreria.com\/index.php\/product\/demasiado-bendecida-para-estar-estresada-devocional-en-3-minutos-para-mujeres\/#primaryimage"},"image":{"@id":"https:\/\/tzionlibreria.com\/index.php\/product\/demasiado-bendecida-para-estar-estresada-devocional-en-3-minutos-para-mujeres\/#primaryimage"},"thumbnailUrl":"https:\/\/tzionlibreria.com\/wp-content\/uploads\/2025\/11\/D_NQ_NP_2X_979803-MCO54080792877_022023-F.webp","datePublished":"2025-11-19T20:52:13+00:00","dateModified":"2025-11-19T20:52:19+00:00","breadcrumb":{"@id":"https:\/\/tzionlibreria.com\/index.php\/product\/demasiado-bendecida-para-estar-estresada-devocional-en-3-minutos-para-mujeres\/#breadcrumb"},"inLanguage":"es-CO","potentialAction":[{"@type":"ReadAction","target":["https:\/\/tzionlibreria.com\/index.php\/product\/demasiado-bendecida-para-estar-estresada-devocional-en-3-minutos-para-mujeres\/"]}]},{"@type":"ImageObject","inLanguage":"es-CO","@id":"https:\/\/tzionlibreria.com\/index.php\/product\/demasiado-bendecida-para-estar-estresada-devocional-en-3-minutos-para-mujeres\/#primaryimage","url":"https:\/\/tzionlibreria.com\/wp-content\/uploads\/2025\/11\/D_NQ_NP_2X_979803-MCO54080792877_022023-F.webp","contentUrl":"https:\/\/tzionlibreria.com\/wp-content\/uploads\/2025\/11\/D_NQ_NP_2X_979803-MCO54080792877_022023-F.webp","width":1200,"height":1101},{"@type":"BreadcrumbList","@id":"https:\/\/tzionlibreria.com\/index.php\/product\/demasiado-bendecida-para-estar-estresada-devocional-en-3-minutos-para-mujeres\/#breadcrumb","itemListElement":[{"@type":"ListItem","position":1,"name":"Inicio","item":"https:\/\/tzionlibreria.com\/"},{"@type":"ListItem","position":2,"name":"Shop","item":"https:\/\/tzionlibreria.com\/index.php\/shop\/"},{"@type":"ListItem","position":3,"name":"Demasiado Bendecida Para Estar Estresada \u2013 Devocional En 3 Minutos para Mujeres"}]},{"@type":"WebSite","@id":"https:\/\/tzionlibreria.com\/#website","url":"https:\/\/tzionlibreria.com\/","name":"tzionlibreria.com","description":"Libreria Cristiana Venezuela","publisher":{"@id":"https:\/\/tzionlibreria.com\/#organization"},"potentialAction":[{"@type":"SearchAction","target":{"@type":"EntryPoint","urlTemplate":"https:\/\/tzionlibreria.com\/?s={search_term_string}"},"query-input":{"@type":"PropertyValueSpecification","valueRequired":true,"valueName":"search_term_string"}}],"inLanguage":"es-CO"},{"@type":"Organization","@id":"https:\/\/tzionlibreria.com\/#organization","name":"tzionlibreria.com","url":"https:\/\/tzionlibreria.com\/","logo":{"@type":"ImageObject","inLanguage":"es-CO","@id":"https:\/\/tzionlibreria.com\/#\/schema\/logo\/image\/","url":"https:\/\/tzionlibreria.com\/wp-content\/uploads\/2023\/10\/cropped-Cuadricula-scaled-1.jpg","contentUrl":"https:\/\/tzionlibreria.com\/wp-content\/uploads\/2023\/10\/cropped-Cuadricula-scaled-1.jpg","width":2560,"height":2560,"caption":"tzionlibreria.com"},"image":{"@id":"https:\/\/tzionlibreria.com\/#\/schema\/logo\/image\/"}}]}},"jetpack_sharing_enabled":true,"_links":{"self":[{"href":"https:\/\/tzionlibreria.com\/index.php\/wp-json\/wp\/v2\/product\/6426","targetHints":{"allow":["GET"]}}],"collection":[{"href":"https:\/\/tzionlibreria.com\/index.php\/wp-json\/wp\/v2\/product"}],"about":[{"href":"https:\/\/tzionlibreria.com\/index.php\/wp-json\/wp\/v2\/types\/product"}],"replies":[{"embeddable":true,"href":"https:\/\/tzionlibreria.com\/index.php\/wp-json\/wp\/v2\/comments?post=6426"}],"wp:featuredmedia":[{"embeddable":true,"href":"https:\/\/tzionlibreria.com\/index.php\/wp-json\/wp\/v2\/media\/6427"}],"wp:attachment":[{"href":"https:\/\/tzionlibreria.com\/index.php\/wp-json\/wp\/v2\/media?parent=6426"}],"wp:term":[{"taxonomy":"product_brand","embeddable":true,"href":"https:\/\/tzionlibreria.com\/index.php\/wp-json\/wp\/v2\/product_brand?post=6426"},{"taxonomy":"product_cat","embeddable":true,"href":"https:\/\/tzionlibreria.com\/index.php\/wp-json\/wp\/v2\/product_cat?post=6426"},{"taxonomy":"product_tag","embeddable":true,"href":"https:\/\/tzionlibreria.com\/index.php\/wp-json\/wp\/v2\/product_tag?post=6426"}],"curies":[{"name":"wp","href":"https:\/\/api.w.org\/{rel}","templated":true}]}}