{"id":6438,"date":"2025-11-19T21:23:03","date_gmt":"2025-11-19T21:23:03","guid":{"rendered":"https:\/\/tzionlibreria.com\/?post_type=product&#038;p=6438"},"modified":"2025-11-19T21:23:08","modified_gmt":"2025-11-19T21:23:08","slug":"cinco-lenguajes-del-amor-de-los-jovenes-bolsilibro","status":"publish","type":"product","link":"https:\/\/tzionlibreria.com\/index.php\/product\/cinco-lenguajes-del-amor-de-los-jovenes-bolsilibro\/","title":{"rendered":"Cinco Lenguajes Del Amor De Los Jovenes \u2013 Bolsilibro"},"content":{"rendered":"<div id=\"tab-description\" class=\"woocommerce-Tabs-panel woocommerce-Tabs-panel--description panel entry-content wc-tab\" role=\"tabpanel\" aria-labelledby=\"tab-title-description\">\n<p>\u00bfA qui\u00e9n escucha tu adolescente?<\/p>\n<p>A los j\u00f3venes de hoy los bombardean con mensajes de sus amigos, la internet, la m\u00fasica, las pel\u00edculas\u2026 la lista es interminable. Como padres, quiz\u00e1 se pregunten si sus palabras, despu\u00e9s de todo, significan algo. De ser as\u00ed, an\u00edmate: todas las investigaciones indican que la influencia m\u00e1s importante en la vida de un joven viene de sus padres . Si \u2026 \u00a1los padres!<\/p>\n<p>Es este volumen actualizado, el Dr. Gary Chapman, experto en familia y matrimonio, presenta los recursos que necesitas para comunicarte con tu adolescente. Como declara el Dr. Chapman: &lt;&lt;En el fondo, gran parte del mal comportamiento del adolescente reside en que su tanque de amor est\u00e1 vac\u00edo. No sugiero que los padres no aman a sus j\u00f3venes; me refiero a que miles de adolescentes no sienten ese amor. Para la mayor\u00eda de los padres, no es una cuesti\u00f3n de sinceridad, sino m\u00e1s bien de falta de informaci\u00f3n sobre la manera de comunicar el amor con eficacia a un nivel emocional.<\/p>\n<p>A partir del mundo en el que viven los j\u00f3venes, el Dr. Chapman explica las necesidades emocionales de ellos y c\u00f3mo puedes expresarles amor. Aprender\u00e1s a identificar el lenguaje del amor de tu adolescente, la forma de abordar su necesidad \u00fanica por independencia y responsabilidad, c\u00f3mo luchar contra la ira y el establecimiento de limites y la mejor manera de criar a tu adolescente si eres un padre soltero o tienen una familia mixta.<\/p>\n<p>&nbsp;<\/p>\n<p><strong>ISBN<\/strong>: 9780789923875<\/p>\n<p><strong>Editorial<\/strong>:\u00a0Unilit<\/p>\n<p><strong>Dimensiones<\/strong>: 106 x 167 x 17 mm<\/p>\n<p><strong>Peso<\/strong>: 0,231kg<\/p>\n<p><strong>Cubierta<\/strong>: R\u00fastica<\/p>\n<p><strong>N\u00famero de p\u00e1ginas<\/strong>: 320<\/p>\n<p><strong>Fecha de lanzamiento<\/strong>: 31.05.2014<\/p>\n<p><strong>Idioma<\/strong>: Espa\u00f1ol<\/p>\n<\/div>\n","protected":false},"excerpt":{"rendered":"<p>\u00bfA qui\u00e9n escucha tu adolescente? A los j\u00f3venes de hoy los bombardean con mensajes de sus amigos, la internet, la m\u00fasica, las pel\u00edculas\u2026 la lista es interminable. Como padres, quiz\u00e1 se pregunten si sus palabras, despu\u00e9s de todo, significan algo. De ser as\u00ed, an\u00edmate: todas las investigaciones indican que la influencia m\u00e1s importante en la [&hellip;]<\/p>\n","protected":false},"featured_media":6439,"comment_status":"open","ping_status":"closed","template":"","meta":{"om_disable_all_campaigns":false,"_monsterinsights_skip_tracking":false,"_monsterinsights_sitenote_active":false,"_monsterinsights_sitenote_note":"","_monsterinsights_sitenote_category":0,"site-sidebar-layout":"default","site-content-layout":"","ast-site-content-layout":"default","site-content-style":"default","site-sidebar-style":"default","ast-global-header-display":"","ast-banner-title-visibility":"","ast-main-header-display":"","ast-hfb-above-header-display":"","ast-hfb-below-header-display":"","ast-hfb-mobile-header-display":"","site-post-title":"","ast-breadcrumbs-content":"","ast-featured-img":"","footer-sml-layout":"","ast-disable-related-posts":"","theme-transparent-header-meta":"default","adv-header-id-meta":"","stick-header-meta":"","header-above-stick-meta":"","header-main-stick-meta":"","header-below-stick-meta":"","astra-migrate-meta-layouts":"set","ast-page-background-enabled":"default","ast-page-background-meta":{"desktop":{"background-color":"var(--ast-global-color-4)","background-image":"","background-repeat":"repeat","background-position":"center center","background-size":"auto","background-attachment":"scroll","background-type":"","background-media":"","overlay-type":"","overlay-color":"","overlay-opacity":"","overlay-gradient":""},"tablet":{"background-color":"","background-image":"","background-repeat":"repeat","background-position":"center center","background-size":"auto","background-attachment":"scroll","background-type":"","background-media":"","overlay-type":"","overlay-color":"","overlay-opacity":"","overlay-gradient":""},"mobile":{"background-color":"","background-image":"","background-repeat":"repeat","background-position":"center center","background-size":"auto","background-attachment":"scroll","background-type":"","background-media":"","overlay-type":"","overlay-color":"","overlay-opacity":"","overlay-gradient":""}},"ast-content-background-meta":{"desktop":{"background-color":"var(--ast-global-color-5)","background-image":"","background-repeat":"repeat","background-position":"center center","background-size":"auto","background-attachment":"scroll","background-type":"","background-media":"","overlay-type":"","overlay-color":"","overlay-opacity":"","overlay-gradient":""},"tablet":{"background-color":"var(--ast-global-color-5)","background-image":"","background-repeat":"repeat","background-position":"center center","background-size":"auto","background-attachment":"scroll","background-type":"","background-media":"","overlay-type":"","overlay-color":"","overlay-opacity":"","overlay-gradient":""},"mobile":{"background-color":"var(--ast-global-color-5)","background-image":"","background-repeat":"repeat","background-position":"center center","background-size":"auto","background-attachment":"scroll","background-type":"","background-media":"","overlay-type":"","overlay-color":"","overlay-opacity":"","overlay-gradient":""}}},"product_brand":[],"product_cat":[169,173,23,170],"product_tag":[],"class_list":{"0":"post-6438","1":"product","2":"type-product","3":"status-publish","4":"has-post-thumbnail","6":"product_cat-hombres","7":"product_cat-jovenes","8":"product_cat-libros","9":"product_cat-mujeres","10":"desktop-align-left","11":"tablet-align-left","12":"mobile-align-left","14":"first","15":"instock","16":"shipping-taxable","17":"purchasable","18":"product-type-simple"},"yoast_head":"<!-- This site is optimized with the Yoast SEO plugin v27.4 - https:\/\/yoast.com\/product\/yoast-seo-wordpress\/ -->\n<title>Cinco Lenguajes Del Amor De Los Jovenes \u2013 Bolsilibro - tzionlibreria.com<\/title>\n<meta name=\"robots\" content=\"index, follow, max-snippet:-1, max-image-preview:large, max-video-preview:-1\" \/>\n<link rel=\"canonical\" href=\"https:\/\/tzionlibreria.com\/index.php\/product\/cinco-lenguajes-del-amor-de-los-jovenes-bolsilibro\/\" \/>\n<meta property=\"og:locale\" content=\"es_ES\" \/>\n<meta property=\"og:type\" content=\"article\" \/>\n<meta property=\"og:title\" content=\"Cinco Lenguajes Del Amor De Los Jovenes \u2013 Bolsilibro - tzionlibreria.com\" \/>\n<meta property=\"og:description\" content=\"\u00bfA qui\u00e9n escucha tu adolescente? A los j\u00f3venes de hoy los bombardean con mensajes de sus amigos, la internet, la m\u00fasica, las pel\u00edculas\u2026 la lista es interminable. Como padres, quiz\u00e1 se pregunten si sus palabras, despu\u00e9s de todo, significan algo. De ser as\u00ed, an\u00edmate: todas las investigaciones indican que la influencia m\u00e1s importante en la [&hellip;]\" \/>\n<meta property=\"og:url\" content=\"https:\/\/tzionlibreria.com\/index.php\/product\/cinco-lenguajes-del-amor-de-los-jovenes-bolsilibro\/\" \/>\n<meta property=\"og:site_name\" content=\"tzionlibreria.com\" \/>\n<meta property=\"article:modified_time\" content=\"2025-11-19T21:23:08+00:00\" \/>\n<meta property=\"og:image\" content=\"http:\/\/tzionlibreria.com\/wp-content\/uploads\/2025\/11\/9780789923875.jpg\" \/>\n\t<meta property=\"og:image:width\" content=\"1200\" \/>\n\t<meta property=\"og:image:height\" content=\"1200\" \/>\n\t<meta property=\"og:image:type\" content=\"image\/jpeg\" \/>\n<meta name=\"twitter:card\" content=\"summary_large_image\" \/>\n<meta name=\"twitter:label1\" content=\"Tiempo de lectura\" \/>\n\t<meta name=\"twitter:data1\" content=\"2 minutos\" \/>\n<script type=\"application\/ld+json\" class=\"yoast-schema-graph\">{\"@context\":\"https:\\\/\\\/schema.org\",\"@graph\":[{\"@type\":\"WebPage\",\"@id\":\"https:\\\/\\\/tzionlibreria.com\\\/index.php\\\/product\\\/cinco-lenguajes-del-amor-de-los-jovenes-bolsilibro\\\/\",\"url\":\"https:\\\/\\\/tzionlibreria.com\\\/index.php\\\/product\\\/cinco-lenguajes-del-amor-de-los-jovenes-bolsilibro\\\/\",\"name\":\"Cinco Lenguajes Del Amor De Los Jovenes \u2013 Bolsilibro - tzionlibreria.com\",\"isPartOf\":{\"@id\":\"https:\\\/\\\/tzionlibreria.com\\\/#website\"},\"primaryImageOfPage\":{\"@id\":\"https:\\\/\\\/tzionlibreria.com\\\/index.php\\\/product\\\/cinco-lenguajes-del-amor-de-los-jovenes-bolsilibro\\\/#primaryimage\"},\"image\":{\"@id\":\"https:\\\/\\\/tzionlibreria.com\\\/index.php\\\/product\\\/cinco-lenguajes-del-amor-de-los-jovenes-bolsilibro\\\/#primaryimage\"},\"thumbnailUrl\":\"https:\\\/\\\/tzionlibreria.com\\\/wp-content\\\/uploads\\\/2025\\\/11\\\/9780789923875.jpg\",\"datePublished\":\"2025-11-19T21:23:03+00:00\",\"dateModified\":\"2025-11-19T21:23:08+00:00\",\"breadcrumb\":{\"@id\":\"https:\\\/\\\/tzionlibreria.com\\\/index.php\\\/product\\\/cinco-lenguajes-del-amor-de-los-jovenes-bolsilibro\\\/#breadcrumb\"},\"inLanguage\":\"es-CO\",\"potentialAction\":[{\"@type\":\"ReadAction\",\"target\":[\"https:\\\/\\\/tzionlibreria.com\\\/index.php\\\/product\\\/cinco-lenguajes-del-amor-de-los-jovenes-bolsilibro\\\/\"]}]},{\"@type\":\"ImageObject\",\"inLanguage\":\"es-CO\",\"@id\":\"https:\\\/\\\/tzionlibreria.com\\\/index.php\\\/product\\\/cinco-lenguajes-del-amor-de-los-jovenes-bolsilibro\\\/#primaryimage\",\"url\":\"https:\\\/\\\/tzionlibreria.com\\\/wp-content\\\/uploads\\\/2025\\\/11\\\/9780789923875.jpg\",\"contentUrl\":\"https:\\\/\\\/tzionlibreria.com\\\/wp-content\\\/uploads\\\/2025\\\/11\\\/9780789923875.jpg\",\"width\":1200,\"height\":1200},{\"@type\":\"BreadcrumbList\",\"@id\":\"https:\\\/\\\/tzionlibreria.com\\\/index.php\\\/product\\\/cinco-lenguajes-del-amor-de-los-jovenes-bolsilibro\\\/#breadcrumb\",\"itemListElement\":[{\"@type\":\"ListItem\",\"position\":1,\"name\":\"Inicio\",\"item\":\"https:\\\/\\\/tzionlibreria.com\\\/\"},{\"@type\":\"ListItem\",\"position\":2,\"name\":\"Shop\",\"item\":\"https:\\\/\\\/tzionlibreria.com\\\/index.php\\\/shop\\\/\"},{\"@type\":\"ListItem\",\"position\":3,\"name\":\"Cinco Lenguajes Del Amor De Los Jovenes \u2013 Bolsilibro\"}]},{\"@type\":\"WebSite\",\"@id\":\"https:\\\/\\\/tzionlibreria.com\\\/#website\",\"url\":\"https:\\\/\\\/tzionlibreria.com\\\/\",\"name\":\"tzionlibreria.com\",\"description\":\"Libreria Cristiana Venezuela\",\"publisher\":{\"@id\":\"https:\\\/\\\/tzionlibreria.com\\\/#organization\"},\"potentialAction\":[{\"@type\":\"SearchAction\",\"target\":{\"@type\":\"EntryPoint\",\"urlTemplate\":\"https:\\\/\\\/tzionlibreria.com\\\/?s={search_term_string}\"},\"query-input\":{\"@type\":\"PropertyValueSpecification\",\"valueRequired\":true,\"valueName\":\"search_term_string\"}}],\"inLanguage\":\"es-CO\"},{\"@type\":\"Organization\",\"@id\":\"https:\\\/\\\/tzionlibreria.com\\\/#organization\",\"name\":\"tzionlibreria.com\",\"url\":\"https:\\\/\\\/tzionlibreria.com\\\/\",\"logo\":{\"@type\":\"ImageObject\",\"inLanguage\":\"es-CO\",\"@id\":\"https:\\\/\\\/tzionlibreria.com\\\/#\\\/schema\\\/logo\\\/image\\\/\",\"url\":\"https:\\\/\\\/tzionlibreria.com\\\/wp-content\\\/uploads\\\/2023\\\/10\\\/cropped-Cuadricula-scaled-1.jpg\",\"contentUrl\":\"https:\\\/\\\/tzionlibreria.com\\\/wp-content\\\/uploads\\\/2023\\\/10\\\/cropped-Cuadricula-scaled-1.jpg\",\"width\":2560,\"height\":2560,\"caption\":\"tzionlibreria.com\"},\"image\":{\"@id\":\"https:\\\/\\\/tzionlibreria.com\\\/#\\\/schema\\\/logo\\\/image\\\/\"}}]}<\/script>\n<!-- \/ Yoast SEO plugin. -->","yoast_head_json":{"title":"Cinco Lenguajes Del Amor De Los Jovenes \u2013 Bolsilibro - tzionlibreria.com","robots":{"index":"index","follow":"follow","max-snippet":"max-snippet:-1","max-image-preview":"max-image-preview:large","max-video-preview":"max-video-preview:-1"},"canonical":"https:\/\/tzionlibreria.com\/index.php\/product\/cinco-lenguajes-del-amor-de-los-jovenes-bolsilibro\/","og_locale":"es_ES","og_type":"article","og_title":"Cinco Lenguajes Del Amor De Los Jovenes \u2013 Bolsilibro - tzionlibreria.com","og_description":"\u00bfA qui\u00e9n escucha tu adolescente? A los j\u00f3venes de hoy los bombardean con mensajes de sus amigos, la internet, la m\u00fasica, las pel\u00edculas\u2026 la lista es interminable. Como padres, quiz\u00e1 se pregunten si sus palabras, despu\u00e9s de todo, significan algo. De ser as\u00ed, an\u00edmate: todas las investigaciones indican que la influencia m\u00e1s importante en la [&hellip;]","og_url":"https:\/\/tzionlibreria.com\/index.php\/product\/cinco-lenguajes-del-amor-de-los-jovenes-bolsilibro\/","og_site_name":"tzionlibreria.com","article_modified_time":"2025-11-19T21:23:08+00:00","og_image":[{"width":1200,"height":1200,"url":"http:\/\/tzionlibreria.com\/wp-content\/uploads\/2025\/11\/9780789923875.jpg","type":"image\/jpeg"}],"twitter_card":"summary_large_image","twitter_misc":{"Tiempo de lectura":"2 minutos"},"schema":{"@context":"https:\/\/schema.org","@graph":[{"@type":"WebPage","@id":"https:\/\/tzionlibreria.com\/index.php\/product\/cinco-lenguajes-del-amor-de-los-jovenes-bolsilibro\/","url":"https:\/\/tzionlibreria.com\/index.php\/product\/cinco-lenguajes-del-amor-de-los-jovenes-bolsilibro\/","name":"Cinco Lenguajes Del Amor De Los Jovenes \u2013 Bolsilibro - tzionlibreria.com","isPartOf":{"@id":"https:\/\/tzionlibreria.com\/#website"},"primaryImageOfPage":{"@id":"https:\/\/tzionlibreria.com\/index.php\/product\/cinco-lenguajes-del-amor-de-los-jovenes-bolsilibro\/#primaryimage"},"image":{"@id":"https:\/\/tzionlibreria.com\/index.php\/product\/cinco-lenguajes-del-amor-de-los-jovenes-bolsilibro\/#primaryimage"},"thumbnailUrl":"https:\/\/tzionlibreria.com\/wp-content\/uploads\/2025\/11\/9780789923875.jpg","datePublished":"2025-11-19T21:23:03+00:00","dateModified":"2025-11-19T21:23:08+00:00","breadcrumb":{"@id":"https:\/\/tzionlibreria.com\/index.php\/product\/cinco-lenguajes-del-amor-de-los-jovenes-bolsilibro\/#breadcrumb"},"inLanguage":"es-CO","potentialAction":[{"@type":"ReadAction","target":["https:\/\/tzionlibreria.com\/index.php\/product\/cinco-lenguajes-del-amor-de-los-jovenes-bolsilibro\/"]}]},{"@type":"ImageObject","inLanguage":"es-CO","@id":"https:\/\/tzionlibreria.com\/index.php\/product\/cinco-lenguajes-del-amor-de-los-jovenes-bolsilibro\/#primaryimage","url":"https:\/\/tzionlibreria.com\/wp-content\/uploads\/2025\/11\/9780789923875.jpg","contentUrl":"https:\/\/tzionlibreria.com\/wp-content\/uploads\/2025\/11\/9780789923875.jpg","width":1200,"height":1200},{"@type":"BreadcrumbList","@id":"https:\/\/tzionlibreria.com\/index.php\/product\/cinco-lenguajes-del-amor-de-los-jovenes-bolsilibro\/#breadcrumb","itemListElement":[{"@type":"ListItem","position":1,"name":"Inicio","item":"https:\/\/tzionlibreria.com\/"},{"@type":"ListItem","position":2,"name":"Shop","item":"https:\/\/tzionlibreria.com\/index.php\/shop\/"},{"@type":"ListItem","position":3,"name":"Cinco Lenguajes Del Amor De Los Jovenes \u2013 Bolsilibro"}]},{"@type":"WebSite","@id":"https:\/\/tzionlibreria.com\/#website","url":"https:\/\/tzionlibreria.com\/","name":"tzionlibreria.com","description":"Libreria Cristiana Venezuela","publisher":{"@id":"https:\/\/tzionlibreria.com\/#organization"},"potentialAction":[{"@type":"SearchAction","target":{"@type":"EntryPoint","urlTemplate":"https:\/\/tzionlibreria.com\/?s={search_term_string}"},"query-input":{"@type":"PropertyValueSpecification","valueRequired":true,"valueName":"search_term_string"}}],"inLanguage":"es-CO"},{"@type":"Organization","@id":"https:\/\/tzionlibreria.com\/#organization","name":"tzionlibreria.com","url":"https:\/\/tzionlibreria.com\/","logo":{"@type":"ImageObject","inLanguage":"es-CO","@id":"https:\/\/tzionlibreria.com\/#\/schema\/logo\/image\/","url":"https:\/\/tzionlibreria.com\/wp-content\/uploads\/2023\/10\/cropped-Cuadricula-scaled-1.jpg","contentUrl":"https:\/\/tzionlibreria.com\/wp-content\/uploads\/2023\/10\/cropped-Cuadricula-scaled-1.jpg","width":2560,"height":2560,"caption":"tzionlibreria.com"},"image":{"@id":"https:\/\/tzionlibreria.com\/#\/schema\/logo\/image\/"}}]}},"jetpack_sharing_enabled":true,"_links":{"self":[{"href":"https:\/\/tzionlibreria.com\/index.php\/wp-json\/wp\/v2\/product\/6438","targetHints":{"allow":["GET"]}}],"collection":[{"href":"https:\/\/tzionlibreria.com\/index.php\/wp-json\/wp\/v2\/product"}],"about":[{"href":"https:\/\/tzionlibreria.com\/index.php\/wp-json\/wp\/v2\/types\/product"}],"replies":[{"embeddable":true,"href":"https:\/\/tzionlibreria.com\/index.php\/wp-json\/wp\/v2\/comments?post=6438"}],"wp:featuredmedia":[{"embeddable":true,"href":"https:\/\/tzionlibreria.com\/index.php\/wp-json\/wp\/v2\/media\/6439"}],"wp:attachment":[{"href":"https:\/\/tzionlibreria.com\/index.php\/wp-json\/wp\/v2\/media?parent=6438"}],"wp:term":[{"taxonomy":"product_brand","embeddable":true,"href":"https:\/\/tzionlibreria.com\/index.php\/wp-json\/wp\/v2\/product_brand?post=6438"},{"taxonomy":"product_cat","embeddable":true,"href":"https:\/\/tzionlibreria.com\/index.php\/wp-json\/wp\/v2\/product_cat?post=6438"},{"taxonomy":"product_tag","embeddable":true,"href":"https:\/\/tzionlibreria.com\/index.php\/wp-json\/wp\/v2\/product_tag?post=6438"}],"curies":[{"name":"wp","href":"https:\/\/api.w.org\/{rel}","templated":true}]}}