{"id":6441,"date":"2025-11-19T21:40:30","date_gmt":"2025-11-19T21:40:30","guid":{"rendered":"https:\/\/tzionlibreria.com\/?post_type=product&#038;p=6441"},"modified":"2025-12-02T15:27:09","modified_gmt":"2025-12-02T15:27:09","slug":"sopas-de-letras-devocional-de-manana-y-tarde-para-paz-y-bienestar-letra-grande","status":"publish","type":"product","link":"https:\/\/tzionlibreria.com\/index.php\/product\/sopas-de-letras-devocional-de-manana-y-tarde-para-paz-y-bienestar-letra-grande\/","title":{"rendered":"Sopas de letras Devocional de Ma\u00f1ana y Tarde para Paz y Bienestar Letra grande"},"content":{"rendered":"<p data-start=\"218\" data-end=\"284\"><strong data-start=\"218\" data-end=\"284\"><img decoding=\"async\" class=\"emoji\" role=\"img\" draggable=\"false\" src=\"https:\/\/s.w.org\/images\/core\/emoji\/16.0.1\/svg\/1f9e9.svg\" alt=\"\ud83e\udde9\" \/> 100 actividades con letra grande para paz y bienestar <img decoding=\"async\" class=\"emoji\" role=\"img\" draggable=\"false\" src=\"https:\/\/s.w.org\/images\/core\/emoji\/16.0.1\/svg\/1f64f.svg\" alt=\"\ud83d\ude4f\" \/><img decoding=\"async\" class=\"emoji\" role=\"img\" draggable=\"false\" src=\"https:\/\/s.w.org\/images\/core\/emoji\/16.0.1\/svg\/1f54a.svg\" alt=\"\ud83d\udd4a\ufe0f\" \/><\/strong><\/p>\n<p data-start=\"286\" data-end=\"559\">Sum\u00e9rgete en la Palabra de Dios de una forma diferente y relajante <img decoding=\"async\" class=\"emoji\" role=\"img\" draggable=\"false\" src=\"https:\/\/s.w.org\/images\/core\/emoji\/16.0.1\/svg\/1f496.svg\" alt=\"\ud83d\udc96\" \/>. Este libro combina las poderosas reflexiones del cl\u00e1sico devocional de <strong data-start=\"428\" data-end=\"451\">Charles H. Spurgeon<\/strong> con divertidas <strong data-start=\"467\" data-end=\"486\">sopas de letras<\/strong> <img decoding=\"async\" class=\"emoji\" role=\"img\" draggable=\"false\" src=\"https:\/\/s.w.org\/images\/core\/emoji\/16.0.1\/svg\/1f9e0.svg\" alt=\"\ud83e\udde0\" \/><img decoding=\"async\" class=\"emoji\" role=\"img\" draggable=\"false\" src=\"https:\/\/s.w.org\/images\/core\/emoji\/16.0.1\/svg\/271d.svg\" alt=\"\u271d\ufe0f\" \/>.<br data-start=\"492\" data-end=\"495\" \/>Ideal para fortalecer tu fe mientras ejercitas tu mente <img decoding=\"async\" class=\"emoji\" role=\"img\" draggable=\"false\" src=\"https:\/\/s.w.org\/images\/core\/emoji\/16.0.1\/svg\/1f9d8-200d-2640-fe0f.svg\" alt=\"\ud83e\uddd8\u200d\u2640\ufe0f\" \/><img decoding=\"async\" class=\"emoji\" role=\"img\" draggable=\"false\" src=\"https:\/\/s.w.org\/images\/core\/emoji\/16.0.1\/svg\/1f9e0.svg\" alt=\"\ud83e\udde0\" \/>.<\/p>\n<hr data-start=\"561\" data-end=\"564\" \/>\n<h3 data-start=\"566\" data-end=\"590\"><img decoding=\"async\" class=\"emoji\" role=\"img\" draggable=\"false\" src=\"https:\/\/s.w.org\/images\/core\/emoji\/16.0.1\/svg\/1f465.svg\" alt=\"\ud83d\udc65\" \/> \u00bfPara qui\u00e9n es?<\/h3>\n<ul data-start=\"591\" data-end=\"891\">\n<li data-start=\"591\" data-end=\"671\">\n<p data-start=\"593\" data-end=\"671\"><img decoding=\"async\" class=\"emoji\" role=\"img\" draggable=\"false\" src=\"https:\/\/s.w.org\/images\/core\/emoji\/16.0.1\/svg\/1f475.svg\" alt=\"\ud83d\udc75\" \/><img decoding=\"async\" class=\"emoji\" role=\"img\" draggable=\"false\" src=\"https:\/\/s.w.org\/images\/core\/emoji\/16.0.1\/svg\/1f474.svg\" alt=\"\ud83d\udc74\" \/> Adultos mayores o personas con visi\u00f3n reducida (\u00a1letra grande y clara!)<\/p>\n<\/li>\n<li data-start=\"672\" data-end=\"736\">\n<p data-start=\"674\" data-end=\"736\"><img decoding=\"async\" class=\"emoji\" role=\"img\" draggable=\"false\" src=\"https:\/\/s.w.org\/images\/core\/emoji\/16.0.1\/svg\/1f64c.svg\" alt=\"\ud83d\ude4c\" \/> Creyentes que buscan conectar con Dios de manera creativa<\/p>\n<\/li>\n<li data-start=\"737\" data-end=\"798\">\n<p data-start=\"739\" data-end=\"798\"><img decoding=\"async\" class=\"emoji\" role=\"img\" draggable=\"false\" src=\"https:\/\/s.w.org\/images\/core\/emoji\/16.0.1\/svg\/1f4da.svg\" alt=\"\ud83d\udcda\" \/> Amantes de los devocionales y las actividades b\u00edblicas<\/p>\n<\/li>\n<li data-start=\"799\" data-end=\"845\">\n<p data-start=\"801\" data-end=\"845\"><img decoding=\"async\" class=\"emoji\" role=\"img\" draggable=\"false\" src=\"https:\/\/s.w.org\/images\/core\/emoji\/16.0.1\/svg\/26ea.svg\" alt=\"\u26ea\" \/> Grupos de estudio o programas de iglesia<\/p>\n<\/li>\n<li data-start=\"846\" data-end=\"891\">\n<p data-start=\"848\" data-end=\"891\"><img decoding=\"async\" class=\"emoji\" role=\"img\" draggable=\"false\" src=\"https:\/\/s.w.org\/images\/core\/emoji\/16.0.1\/svg\/1f381.svg\" alt=\"\ud83c\udf81\" \/> \u00a1Un regalo perfecto para personas de fe!<\/p>\n<\/li>\n<\/ul>\n<hr data-start=\"893\" data-end=\"896\" \/>\n<h3 data-start=\"898\" data-end=\"917\"><img decoding=\"async\" class=\"emoji\" role=\"img\" draggable=\"false\" src=\"https:\/\/s.w.org\/images\/core\/emoji\/16.0.1\/svg\/1f31f.svg\" alt=\"\ud83c\udf1f\" \/> Beneficios<\/h3>\n<p data-start=\"918\" data-end=\"1154\"><img decoding=\"async\" class=\"emoji\" role=\"img\" draggable=\"false\" src=\"https:\/\/s.w.org\/images\/core\/emoji\/16.0.1\/svg\/2705.svg\" alt=\"\u2705\" \/> Calma el estr\u00e9s y llena tu coraz\u00f3n de paz<br data-start=\"961\" data-end=\"964\" \/><img decoding=\"async\" class=\"emoji\" role=\"img\" draggable=\"false\" src=\"https:\/\/s.w.org\/images\/core\/emoji\/16.0.1\/svg\/2705.svg\" alt=\"\u2705\" \/> Mejora la memoria y la concentraci\u00f3n <img decoding=\"async\" class=\"emoji\" role=\"img\" draggable=\"false\" src=\"https:\/\/s.w.org\/images\/core\/emoji\/16.0.1\/svg\/1f9e0.svg\" alt=\"\ud83e\udde0\" \/><img decoding=\"async\" class=\"emoji\" role=\"img\" draggable=\"false\" src=\"https:\/\/s.w.org\/images\/core\/emoji\/16.0.1\/svg\/1f4aa.svg\" alt=\"\ud83d\udcaa\" \/><br data-start=\"1007\" data-end=\"1010\" \/><img decoding=\"async\" class=\"emoji\" role=\"img\" draggable=\"false\" src=\"https:\/\/s.w.org\/images\/core\/emoji\/16.0.1\/svg\/2705.svg\" alt=\"\u2705\" \/> Fortalece tu relaci\u00f3n con Dios <img decoding=\"async\" class=\"emoji\" role=\"img\" draggable=\"false\" src=\"https:\/\/s.w.org\/images\/core\/emoji\/16.0.1\/svg\/1f64f.svg\" alt=\"\ud83d\ude4f\" \/><br data-start=\"1045\" data-end=\"1048\" \/><img decoding=\"async\" class=\"emoji\" role=\"img\" draggable=\"false\" src=\"https:\/\/s.w.org\/images\/core\/emoji\/16.0.1\/svg\/2705.svg\" alt=\"\u2705\" \/> Actividad ideal para el d\u00eda a d\u00eda o momentos de espera<br data-start=\"1104\" data-end=\"1107\" \/><img decoding=\"async\" class=\"emoji\" role=\"img\" draggable=\"false\" src=\"https:\/\/s.w.org\/images\/core\/emoji\/16.0.1\/svg\/2705.svg\" alt=\"\u2705\" \/> \u00a1Inspiraci\u00f3n y diversi\u00f3n en cada p\u00e1gina! <img decoding=\"async\" class=\"emoji\" role=\"img\" draggable=\"false\" src=\"https:\/\/s.w.org\/images\/core\/emoji\/16.0.1\/svg\/1f4d6.svg\" alt=\"\ud83d\udcd6\" \/><img decoding=\"async\" class=\"emoji\" role=\"img\" draggable=\"false\" src=\"https:\/\/s.w.org\/images\/core\/emoji\/16.0.1\/svg\/1f4ab.svg\" alt=\"\ud83d\udcab\" \/><\/p>\n<hr data-start=\"1156\" data-end=\"1159\" \/>\n<p data-start=\"1161\" data-end=\"1392\"><img decoding=\"async\" class=\"emoji\" role=\"img\" draggable=\"false\" src=\"https:\/\/s.w.org\/images\/core\/emoji\/16.0.1\/svg\/1f6d2.svg\" alt=\"\ud83d\uded2\" \/> \u00a1Ll\u00e9vate este devocional \u00fanico hoy y convierte cada momento en un encuentro con Dios!<br data-start=\"1249\" data-end=\"1252\" \/><img decoding=\"async\" class=\"emoji\" role=\"img\" draggable=\"false\" src=\"https:\/\/s.w.org\/images\/core\/emoji\/16.0.1\/svg\/1f4cf.svg\" alt=\"\ud83d\udccf\" \/> Tama\u00f1o: 178 x 229 mm<br data-start=\"1275\" data-end=\"1278\" \/><img decoding=\"async\" class=\"emoji\" role=\"img\" draggable=\"false\" src=\"https:\/\/s.w.org\/images\/core\/emoji\/16.0.1\/svg\/1f4c4.svg\" alt=\"\ud83d\udcc4\" \/> 208 p\u00e1ginas | <img decoding=\"async\" class=\"emoji\" role=\"img\" draggable=\"false\" src=\"https:\/\/s.w.org\/images\/core\/emoji\/16.0.1\/svg\/1f4c6.svg\" alt=\"\ud83d\udcc6\" \/> Fecha de lanzamiento: 13 de mayo de 2025<br data-start=\"1338\" data-end=\"1341\" \/><img decoding=\"async\" class=\"emoji\" role=\"img\" draggable=\"false\" src=\"https:\/\/s.w.org\/images\/core\/emoji\/16.0.1\/svg\/1f4da.svg\" alt=\"\ud83d\udcda\" \/> Encuadernaci\u00f3n: R\u00fastica<br data-start=\"1367\" data-end=\"1370\" \/><img decoding=\"async\" class=\"emoji\" role=\"img\" draggable=\"false\" src=\"https:\/\/s.w.org\/images\/core\/emoji\/16.0.1\/svg\/1f522.svg\" alt=\"\ud83d\udd22\" \/> ISBN: 9798887694085<\/p>\n<hr data-start=\"1394\" data-end=\"1397\" \/>\n","protected":false},"excerpt":{"rendered":"<p>100 actividades con letra grande para paz y bienestar Sum\u00e9rgete en la Palabra de Dios de una forma diferente y relajante . Este libro combina las poderosas reflexiones del cl\u00e1sico devocional de Charles H. Spurgeon con divertidas sopas de letras .Ideal para fortalecer tu fe mientras ejercitas tu mente . \u00bfPara qui\u00e9n es? Adultos mayores [&hellip;]<\/p>\n","protected":false},"featured_media":6446,"comment_status":"open","ping_status":"closed","template":"","meta":{"om_disable_all_campaigns":false,"_monsterinsights_skip_tracking":false,"_monsterinsights_sitenote_active":false,"_monsterinsights_sitenote_note":"","_monsterinsights_sitenote_category":0,"site-sidebar-layout":"default","site-content-layout":"","ast-site-content-layout":"default","site-content-style":"default","site-sidebar-style":"default","ast-global-header-display":"","ast-banner-title-visibility":"","ast-main-header-display":"","ast-hfb-above-header-display":"","ast-hfb-below-header-display":"","ast-hfb-mobile-header-display":"","site-post-title":"","ast-breadcrumbs-content":"","ast-featured-img":"","footer-sml-layout":"","ast-disable-related-posts":"","theme-transparent-header-meta":"default","adv-header-id-meta":"","stick-header-meta":"","header-above-stick-meta":"","header-main-stick-meta":"","header-below-stick-meta":"","astra-migrate-meta-layouts":"set","ast-page-background-enabled":"default","ast-page-background-meta":{"desktop":{"background-color":"var(--ast-global-color-4)","background-image":"","background-repeat":"repeat","background-position":"center center","background-size":"auto","background-attachment":"scroll","background-type":"","background-media":"","overlay-type":"","overlay-color":"","overlay-opacity":"","overlay-gradient":""},"tablet":{"background-color":"","background-image":"","background-repeat":"repeat","background-position":"center center","background-size":"auto","background-attachment":"scroll","background-type":"","background-media":"","overlay-type":"","overlay-color":"","overlay-opacity":"","overlay-gradient":""},"mobile":{"background-color":"","background-image":"","background-repeat":"repeat","background-position":"center center","background-size":"auto","background-attachment":"scroll","background-type":"","background-media":"","overlay-type":"","overlay-color":"","overlay-opacity":"","overlay-gradient":""}},"ast-content-background-meta":{"desktop":{"background-color":"var(--ast-global-color-5)","background-image":"","background-repeat":"repeat","background-position":"center center","background-size":"auto","background-attachment":"scroll","background-type":"","background-media":"","overlay-type":"","overlay-color":"","overlay-opacity":"","overlay-gradient":""},"tablet":{"background-color":"var(--ast-global-color-5)","background-image":"","background-repeat":"repeat","background-position":"center center","background-size":"auto","background-attachment":"scroll","background-type":"","background-media":"","overlay-type":"","overlay-color":"","overlay-opacity":"","overlay-gradient":""},"mobile":{"background-color":"var(--ast-global-color-5)","background-image":"","background-repeat":"repeat","background-position":"center center","background-size":"auto","background-attachment":"scroll","background-type":"","background-media":"","overlay-type":"","overlay-color":"","overlay-opacity":"","overlay-gradient":""}}},"product_brand":[],"product_cat":[24,23],"product_tag":[],"class_list":{"0":"post-6441","1":"product","2":"type-product","3":"status-publish","4":"has-post-thumbnail","6":"product_cat-devocionales","7":"product_cat-libros","8":"desktop-align-left","9":"tablet-align-left","10":"mobile-align-left","12":"first","13":"instock","14":"shipping-taxable","15":"purchasable","16":"product-type-simple"},"yoast_head":"<!-- This site is optimized with the Yoast SEO plugin v27.4 - https:\/\/yoast.com\/product\/yoast-seo-wordpress\/ -->\n<title>Sopas de letras Devocional de Ma\u00f1ana y Tarde para Paz y Bienestar Letra grande - tzionlibreria.com<\/title>\n<meta name=\"robots\" content=\"index, follow, max-snippet:-1, max-image-preview:large, max-video-preview:-1\" \/>\n<link rel=\"canonical\" href=\"https:\/\/tzionlibreria.com\/index.php\/product\/sopas-de-letras-devocional-de-manana-y-tarde-para-paz-y-bienestar-letra-grande\/\" \/>\n<meta property=\"og:locale\" content=\"es_ES\" \/>\n<meta property=\"og:type\" content=\"article\" \/>\n<meta property=\"og:title\" content=\"Sopas de letras Devocional de Ma\u00f1ana y Tarde para Paz y Bienestar Letra grande - tzionlibreria.com\" \/>\n<meta property=\"og:description\" content=\"100 actividades con letra grande para paz y bienestar Sum\u00e9rgete en la Palabra de Dios de una forma diferente y relajante . Este libro combina las poderosas reflexiones del cl\u00e1sico devocional de Charles H. Spurgeon con divertidas sopas de letras .Ideal para fortalecer tu fe mientras ejercitas tu mente . \u00bfPara qui\u00e9n es? Adultos mayores [&hellip;]\" \/>\n<meta property=\"og:url\" content=\"https:\/\/tzionlibreria.com\/index.php\/product\/sopas-de-letras-devocional-de-manana-y-tarde-para-paz-y-bienestar-letra-grande\/\" \/>\n<meta property=\"og:site_name\" content=\"tzionlibreria.com\" \/>\n<meta property=\"article:modified_time\" content=\"2025-12-02T15:27:09+00:00\" \/>\n<meta property=\"og:image\" content=\"http:\/\/tzionlibreria.com\/wp-content\/uploads\/2025\/11\/sopa-de-letra.png\" \/>\n\t<meta property=\"og:image:width\" content=\"1200\" \/>\n\t<meta property=\"og:image:height\" content=\"1200\" \/>\n\t<meta property=\"og:image:type\" content=\"image\/png\" \/>\n<meta name=\"twitter:card\" content=\"summary_large_image\" \/>\n<meta name=\"twitter:label1\" content=\"Tiempo de lectura\" \/>\n\t<meta name=\"twitter:data1\" content=\"8 minutos\" \/>\n<script type=\"application\/ld+json\" class=\"yoast-schema-graph\">{\"@context\":\"https:\\\/\\\/schema.org\",\"@graph\":[{\"@type\":\"WebPage\",\"@id\":\"https:\\\/\\\/tzionlibreria.com\\\/index.php\\\/product\\\/sopas-de-letras-devocional-de-manana-y-tarde-para-paz-y-bienestar-letra-grande\\\/\",\"url\":\"https:\\\/\\\/tzionlibreria.com\\\/index.php\\\/product\\\/sopas-de-letras-devocional-de-manana-y-tarde-para-paz-y-bienestar-letra-grande\\\/\",\"name\":\"Sopas de letras Devocional de Ma\u00f1ana y Tarde para Paz y Bienestar Letra grande - tzionlibreria.com\",\"isPartOf\":{\"@id\":\"https:\\\/\\\/tzionlibreria.com\\\/#website\"},\"primaryImageOfPage\":{\"@id\":\"https:\\\/\\\/tzionlibreria.com\\\/index.php\\\/product\\\/sopas-de-letras-devocional-de-manana-y-tarde-para-paz-y-bienestar-letra-grande\\\/#primaryimage\"},\"image\":{\"@id\":\"https:\\\/\\\/tzionlibreria.com\\\/index.php\\\/product\\\/sopas-de-letras-devocional-de-manana-y-tarde-para-paz-y-bienestar-letra-grande\\\/#primaryimage\"},\"thumbnailUrl\":\"https:\\\/\\\/tzionlibreria.com\\\/wp-content\\\/uploads\\\/2025\\\/11\\\/sopa-de-letra.png\",\"datePublished\":\"2025-11-19T21:40:30+00:00\",\"dateModified\":\"2025-12-02T15:27:09+00:00\",\"breadcrumb\":{\"@id\":\"https:\\\/\\\/tzionlibreria.com\\\/index.php\\\/product\\\/sopas-de-letras-devocional-de-manana-y-tarde-para-paz-y-bienestar-letra-grande\\\/#breadcrumb\"},\"inLanguage\":\"es-CO\",\"potentialAction\":[{\"@type\":\"ReadAction\",\"target\":[\"https:\\\/\\\/tzionlibreria.com\\\/index.php\\\/product\\\/sopas-de-letras-devocional-de-manana-y-tarde-para-paz-y-bienestar-letra-grande\\\/\"]}]},{\"@type\":\"ImageObject\",\"inLanguage\":\"es-CO\",\"@id\":\"https:\\\/\\\/tzionlibreria.com\\\/index.php\\\/product\\\/sopas-de-letras-devocional-de-manana-y-tarde-para-paz-y-bienestar-letra-grande\\\/#primaryimage\",\"url\":\"https:\\\/\\\/tzionlibreria.com\\\/wp-content\\\/uploads\\\/2025\\\/11\\\/sopa-de-letra.png\",\"contentUrl\":\"https:\\\/\\\/tzionlibreria.com\\\/wp-content\\\/uploads\\\/2025\\\/11\\\/sopa-de-letra.png\",\"width\":1200,\"height\":1200},{\"@type\":\"BreadcrumbList\",\"@id\":\"https:\\\/\\\/tzionlibreria.com\\\/index.php\\\/product\\\/sopas-de-letras-devocional-de-manana-y-tarde-para-paz-y-bienestar-letra-grande\\\/#breadcrumb\",\"itemListElement\":[{\"@type\":\"ListItem\",\"position\":1,\"name\":\"Inicio\",\"item\":\"https:\\\/\\\/tzionlibreria.com\\\/\"},{\"@type\":\"ListItem\",\"position\":2,\"name\":\"Shop\",\"item\":\"https:\\\/\\\/tzionlibreria.com\\\/index.php\\\/shop\\\/\"},{\"@type\":\"ListItem\",\"position\":3,\"name\":\"Sopas de letras Devocional de Ma\u00f1ana y Tarde para Paz y Bienestar Letra grande\"}]},{\"@type\":\"WebSite\",\"@id\":\"https:\\\/\\\/tzionlibreria.com\\\/#website\",\"url\":\"https:\\\/\\\/tzionlibreria.com\\\/\",\"name\":\"tzionlibreria.com\",\"description\":\"Libreria Cristiana Venezuela\",\"publisher\":{\"@id\":\"https:\\\/\\\/tzionlibreria.com\\\/#organization\"},\"potentialAction\":[{\"@type\":\"SearchAction\",\"target\":{\"@type\":\"EntryPoint\",\"urlTemplate\":\"https:\\\/\\\/tzionlibreria.com\\\/?s={search_term_string}\"},\"query-input\":{\"@type\":\"PropertyValueSpecification\",\"valueRequired\":true,\"valueName\":\"search_term_string\"}}],\"inLanguage\":\"es-CO\"},{\"@type\":\"Organization\",\"@id\":\"https:\\\/\\\/tzionlibreria.com\\\/#organization\",\"name\":\"tzionlibreria.com\",\"url\":\"https:\\\/\\\/tzionlibreria.com\\\/\",\"logo\":{\"@type\":\"ImageObject\",\"inLanguage\":\"es-CO\",\"@id\":\"https:\\\/\\\/tzionlibreria.com\\\/#\\\/schema\\\/logo\\\/image\\\/\",\"url\":\"https:\\\/\\\/tzionlibreria.com\\\/wp-content\\\/uploads\\\/2023\\\/10\\\/cropped-Cuadricula-scaled-1.jpg\",\"contentUrl\":\"https:\\\/\\\/tzionlibreria.com\\\/wp-content\\\/uploads\\\/2023\\\/10\\\/cropped-Cuadricula-scaled-1.jpg\",\"width\":2560,\"height\":2560,\"caption\":\"tzionlibreria.com\"},\"image\":{\"@id\":\"https:\\\/\\\/tzionlibreria.com\\\/#\\\/schema\\\/logo\\\/image\\\/\"}}]}<\/script>\n<!-- \/ Yoast SEO plugin. -->","yoast_head_json":{"title":"Sopas de letras Devocional de Ma\u00f1ana y Tarde para Paz y Bienestar Letra grande - tzionlibreria.com","robots":{"index":"index","follow":"follow","max-snippet":"max-snippet:-1","max-image-preview":"max-image-preview:large","max-video-preview":"max-video-preview:-1"},"canonical":"https:\/\/tzionlibreria.com\/index.php\/product\/sopas-de-letras-devocional-de-manana-y-tarde-para-paz-y-bienestar-letra-grande\/","og_locale":"es_ES","og_type":"article","og_title":"Sopas de letras Devocional de Ma\u00f1ana y Tarde para Paz y Bienestar Letra grande - tzionlibreria.com","og_description":"100 actividades con letra grande para paz y bienestar Sum\u00e9rgete en la Palabra de Dios de una forma diferente y relajante . Este libro combina las poderosas reflexiones del cl\u00e1sico devocional de Charles H. Spurgeon con divertidas sopas de letras .Ideal para fortalecer tu fe mientras ejercitas tu mente . \u00bfPara qui\u00e9n es? Adultos mayores [&hellip;]","og_url":"https:\/\/tzionlibreria.com\/index.php\/product\/sopas-de-letras-devocional-de-manana-y-tarde-para-paz-y-bienestar-letra-grande\/","og_site_name":"tzionlibreria.com","article_modified_time":"2025-12-02T15:27:09+00:00","og_image":[{"width":1200,"height":1200,"url":"http:\/\/tzionlibreria.com\/wp-content\/uploads\/2025\/11\/sopa-de-letra.png","type":"image\/png"}],"twitter_card":"summary_large_image","twitter_misc":{"Tiempo de lectura":"8 minutos"},"schema":{"@context":"https:\/\/schema.org","@graph":[{"@type":"WebPage","@id":"https:\/\/tzionlibreria.com\/index.php\/product\/sopas-de-letras-devocional-de-manana-y-tarde-para-paz-y-bienestar-letra-grande\/","url":"https:\/\/tzionlibreria.com\/index.php\/product\/sopas-de-letras-devocional-de-manana-y-tarde-para-paz-y-bienestar-letra-grande\/","name":"Sopas de letras Devocional de Ma\u00f1ana y Tarde para Paz y Bienestar Letra grande - tzionlibreria.com","isPartOf":{"@id":"https:\/\/tzionlibreria.com\/#website"},"primaryImageOfPage":{"@id":"https:\/\/tzionlibreria.com\/index.php\/product\/sopas-de-letras-devocional-de-manana-y-tarde-para-paz-y-bienestar-letra-grande\/#primaryimage"},"image":{"@id":"https:\/\/tzionlibreria.com\/index.php\/product\/sopas-de-letras-devocional-de-manana-y-tarde-para-paz-y-bienestar-letra-grande\/#primaryimage"},"thumbnailUrl":"https:\/\/tzionlibreria.com\/wp-content\/uploads\/2025\/11\/sopa-de-letra.png","datePublished":"2025-11-19T21:40:30+00:00","dateModified":"2025-12-02T15:27:09+00:00","breadcrumb":{"@id":"https:\/\/tzionlibreria.com\/index.php\/product\/sopas-de-letras-devocional-de-manana-y-tarde-para-paz-y-bienestar-letra-grande\/#breadcrumb"},"inLanguage":"es-CO","potentialAction":[{"@type":"ReadAction","target":["https:\/\/tzionlibreria.com\/index.php\/product\/sopas-de-letras-devocional-de-manana-y-tarde-para-paz-y-bienestar-letra-grande\/"]}]},{"@type":"ImageObject","inLanguage":"es-CO","@id":"https:\/\/tzionlibreria.com\/index.php\/product\/sopas-de-letras-devocional-de-manana-y-tarde-para-paz-y-bienestar-letra-grande\/#primaryimage","url":"https:\/\/tzionlibreria.com\/wp-content\/uploads\/2025\/11\/sopa-de-letra.png","contentUrl":"https:\/\/tzionlibreria.com\/wp-content\/uploads\/2025\/11\/sopa-de-letra.png","width":1200,"height":1200},{"@type":"BreadcrumbList","@id":"https:\/\/tzionlibreria.com\/index.php\/product\/sopas-de-letras-devocional-de-manana-y-tarde-para-paz-y-bienestar-letra-grande\/#breadcrumb","itemListElement":[{"@type":"ListItem","position":1,"name":"Inicio","item":"https:\/\/tzionlibreria.com\/"},{"@type":"ListItem","position":2,"name":"Shop","item":"https:\/\/tzionlibreria.com\/index.php\/shop\/"},{"@type":"ListItem","position":3,"name":"Sopas de letras Devocional de Ma\u00f1ana y Tarde para Paz y Bienestar Letra grande"}]},{"@type":"WebSite","@id":"https:\/\/tzionlibreria.com\/#website","url":"https:\/\/tzionlibreria.com\/","name":"tzionlibreria.com","description":"Libreria Cristiana Venezuela","publisher":{"@id":"https:\/\/tzionlibreria.com\/#organization"},"potentialAction":[{"@type":"SearchAction","target":{"@type":"EntryPoint","urlTemplate":"https:\/\/tzionlibreria.com\/?s={search_term_string}"},"query-input":{"@type":"PropertyValueSpecification","valueRequired":true,"valueName":"search_term_string"}}],"inLanguage":"es-CO"},{"@type":"Organization","@id":"https:\/\/tzionlibreria.com\/#organization","name":"tzionlibreria.com","url":"https:\/\/tzionlibreria.com\/","logo":{"@type":"ImageObject","inLanguage":"es-CO","@id":"https:\/\/tzionlibreria.com\/#\/schema\/logo\/image\/","url":"https:\/\/tzionlibreria.com\/wp-content\/uploads\/2023\/10\/cropped-Cuadricula-scaled-1.jpg","contentUrl":"https:\/\/tzionlibreria.com\/wp-content\/uploads\/2023\/10\/cropped-Cuadricula-scaled-1.jpg","width":2560,"height":2560,"caption":"tzionlibreria.com"},"image":{"@id":"https:\/\/tzionlibreria.com\/#\/schema\/logo\/image\/"}}]}},"jetpack_sharing_enabled":true,"_links":{"self":[{"href":"https:\/\/tzionlibreria.com\/index.php\/wp-json\/wp\/v2\/product\/6441","targetHints":{"allow":["GET"]}}],"collection":[{"href":"https:\/\/tzionlibreria.com\/index.php\/wp-json\/wp\/v2\/product"}],"about":[{"href":"https:\/\/tzionlibreria.com\/index.php\/wp-json\/wp\/v2\/types\/product"}],"replies":[{"embeddable":true,"href":"https:\/\/tzionlibreria.com\/index.php\/wp-json\/wp\/v2\/comments?post=6441"}],"wp:featuredmedia":[{"embeddable":true,"href":"https:\/\/tzionlibreria.com\/index.php\/wp-json\/wp\/v2\/media\/6446"}],"wp:attachment":[{"href":"https:\/\/tzionlibreria.com\/index.php\/wp-json\/wp\/v2\/media?parent=6441"}],"wp:term":[{"taxonomy":"product_brand","embeddable":true,"href":"https:\/\/tzionlibreria.com\/index.php\/wp-json\/wp\/v2\/product_brand?post=6441"},{"taxonomy":"product_cat","embeddable":true,"href":"https:\/\/tzionlibreria.com\/index.php\/wp-json\/wp\/v2\/product_cat?post=6441"},{"taxonomy":"product_tag","embeddable":true,"href":"https:\/\/tzionlibreria.com\/index.php\/wp-json\/wp\/v2\/product_tag?post=6441"}],"curies":[{"name":"wp","href":"https:\/\/api.w.org\/{rel}","templated":true}]}}