{"id":649,"date":"2023-10-07T12:36:32","date_gmt":"2023-10-07T12:36:32","guid":{"rendered":"https:\/\/tzionlibreria.com\/?post_type=product&#038;p=649"},"modified":"2025-10-27T21:00:41","modified_gmt":"2025-10-27T21:00:41","slug":"biblia-para-ninos-amigos-por-siempre-azul-rvr-1960","status":"publish","type":"product","link":"https:\/\/tzionlibreria.com\/index.php\/product\/biblia-para-ninos-amigos-por-siempre-azul-rvr-1960\/","title":{"rendered":"Biblia Para Ni\u00f1os Amigos Por Siempre Azul Rvr 1960"},"content":{"rendered":"<div class=\"woocommerce-tabs wc-tabs-wrapper\">\n<div id=\"tab-description\" class=\"woocommerce-Tabs-panel woocommerce-Tabs-panel--description panel entry-content wc-tab\" role=\"tabpanel\" aria-labelledby=\"tab-title-description\">\n<div class=\"ast-oembed-container \" style=\"height: 100%;\"><iframe title=\"Biblia Amigos Por Siempre Azul RVR 1960\" width=\"500\" height=\"281\" src=\"https:\/\/www.youtube.com\/embed\/L0kP08w2Kd8?start=6&#038;feature=oembed\" frameborder=\"0\" allow=\"accelerometer; autoplay; clipboard-write; encrypted-media; gyroscope; picture-in-picture; web-share\" referrerpolicy=\"strict-origin-when-cross-origin\" allowfullscreen><\/iframe><\/div>\n<p>&nbsp;<\/p>\n<p>Amigos por siempre, esta Biblia es dise\u00f1ada especialmente para que las ni\u00f1as conozcan las historias b\u00edblicas de una manera atractiva, moderna, su cubierta hecha en un material que la hace resistente al agua y que pueda ser llevada con comodidad a cualquier lugar.<\/p>\n<p><strong>Caracter\u00edsticas:<\/strong><\/p>\n<ul>\n<li>Biblia con notas y referencias al lado del vers\u00edculo para mayor facilidad y claridad al lector ya que te explica .<\/li>\n<li>De forma gr\u00e1fica, el lector encontrara las dos secciones en que est\u00e1 dividida la biblia antiguo y nuevo testamento con sus respectivas subdivisiones<\/li>\n<li>Un breve resumen de cada libro de la Biblia<\/li>\n<li>Explicaci\u00f3n de c\u00f3mo realizar tu tiempo de lectura B\u00edblica<\/li>\n<li>El plan de lectura f\u00e1cil para poder leer la Biblia completa en un a\u00f1o<\/li>\n<li>Una clasificaci\u00f3n de esas historias famosas de la Biblia que todos hemos o\u00eddo una y otra vez.<\/li>\n<li>Pasajes B\u00edblicos donde podemos aprender cuanto Dios nos ama y lo que ha hecho para reconciliarnos con el<\/li>\n<li>Los t\u00e9rminos m\u00e1s comunes mencionados en la Biblia en cuanto a pesos y medidas, sus equivalentes aproximados a nuestra \u00e9poca actual<\/li>\n<li>Glosario de Palabras y su explicaci\u00f3n<\/li>\n<li>La concordancia incluye t\u00e9rminos especiales para los creyentes, significaci\u00f3n teol\u00f3gica, nombres propios destacados, algunos datos biogr\u00e1ficos de estos personajes y textos prof\u00e9ticos relevantes.<\/li>\n<li>Mapas que te permitir\u00e1n conocer la ubicaci\u00f3n geogr\u00e1fica de los tiempos del antiguo y nuevo testamento, para mayor claridad en tu lectura<\/li>\n<li>56 divertidas l\u00e1minas en colores intercaladas en el texto b\u00edblico, que ayudan en la fijaci\u00f3n de las verdades b\u00edblicas,<\/li>\n<li>Cubierta ilustrada, acolchada, con terminado brillante.<\/li>\n<li>El material de su cubierta la hace resistente al agua y que pueda ser llevada con comodidad a cualquier lugar<\/li>\n<li>Cremallera<\/li>\n<li>Canto pintado<\/li>\n<li>Encuadernaci\u00f3n resistente y cosida, que le permitir\u00e1 tener una Biblia por mucho tiempo<\/li>\n<li>Tama\u00f1o de letra: 6,35pt<\/li>\n<\/ul>\n<p><strong>ISBN<\/strong>: 9789587452778<br \/>\n<strong>Dimensiones<\/strong>: 120 x 30 x 160 mm<br \/>\n<strong>Peso<\/strong>: 0,497kg<br \/>\n<strong>Cubierta<\/strong>: Acolchada<br \/>\n<strong>Idioma<\/strong>: Espa\u00f1ol<\/p>\n<\/div>\n<\/div>\n","protected":false},"excerpt":{"rendered":"<p>&nbsp; Amigos por siempre, esta Biblia es dise\u00f1ada especialmente para que las ni\u00f1as conozcan las historias b\u00edblicas de una manera atractiva, moderna, su cubierta hecha en un material que la hace resistente al agua y que pueda ser llevada con comodidad a cualquier lugar. Caracter\u00edsticas: Biblia con notas y referencias al lado del vers\u00edculo para [&hellip;]<\/p>\n","protected":false},"featured_media":650,"comment_status":"open","ping_status":"closed","template":"","meta":{"om_disable_all_campaigns":false,"_monsterinsights_skip_tracking":false,"_monsterinsights_sitenote_active":false,"_monsterinsights_sitenote_note":"","_monsterinsights_sitenote_category":0,"site-sidebar-layout":"default","site-content-layout":"","ast-site-content-layout":"default","site-content-style":"default","site-sidebar-style":"default","ast-global-header-display":"","ast-banner-title-visibility":"","ast-main-header-display":"","ast-hfb-above-header-display":"","ast-hfb-below-header-display":"","ast-hfb-mobile-header-display":"","site-post-title":"","ast-breadcrumbs-content":"","ast-featured-img":"","footer-sml-layout":"","ast-disable-related-posts":"","theme-transparent-header-meta":"default","adv-header-id-meta":"","stick-header-meta":"","header-above-stick-meta":"","header-main-stick-meta":"","header-below-stick-meta":"","astra-migrate-meta-layouts":"set","ast-page-background-enabled":"default","ast-page-background-meta":{"desktop":{"background-color":"var(--ast-global-color-4)","background-image":"","background-repeat":"repeat","background-position":"center center","background-size":"auto","background-attachment":"scroll","background-type":"","background-media":"","overlay-type":"","overlay-color":"","overlay-opacity":"","overlay-gradient":""},"tablet":{"background-color":"","background-image":"","background-repeat":"repeat","background-position":"center center","background-size":"auto","background-attachment":"scroll","background-type":"","background-media":"","overlay-type":"","overlay-color":"","overlay-opacity":"","overlay-gradient":""},"mobile":{"background-color":"","background-image":"","background-repeat":"repeat","background-position":"center center","background-size":"auto","background-attachment":"scroll","background-type":"","background-media":"","overlay-type":"","overlay-color":"","overlay-opacity":"","overlay-gradient":""}},"ast-content-background-meta":{"desktop":{"background-color":"var(--ast-global-color-5)","background-image":"","background-repeat":"repeat","background-position":"center center","background-size":"auto","background-attachment":"scroll","background-type":"","background-media":"","overlay-type":"","overlay-color":"","overlay-opacity":"","overlay-gradient":""},"tablet":{"background-color":"var(--ast-global-color-5)","background-image":"","background-repeat":"repeat","background-position":"center center","background-size":"auto","background-attachment":"scroll","background-type":"","background-media":"","overlay-type":"","overlay-color":"","overlay-opacity":"","overlay-gradient":""},"mobile":{"background-color":"var(--ast-global-color-5)","background-image":"","background-repeat":"repeat","background-position":"center center","background-size":"auto","background-attachment":"scroll","background-type":"","background-media":"","overlay-type":"","overlay-color":"","overlay-opacity":"","overlay-gradient":""}}},"product_brand":[],"product_cat":[22,38,42,25],"product_tag":[100],"class_list":{"0":"post-649","1":"product","2":"type-product","3":"status-publish","4":"has-post-thumbnail","6":"product_cat-biblias","7":"product_cat-biblias-de-ninos","8":"product_cat-biblias-reina-valera","9":"product_cat-kids","10":"product_tag-ninos","11":"desktop-align-left","12":"tablet-align-left","13":"mobile-align-left","15":"first","16":"instock","17":"shipping-taxable","18":"purchasable","19":"product-type-simple"},"yoast_head":"<!-- This site is optimized with the Yoast SEO plugin v27.4 - https:\/\/yoast.com\/product\/yoast-seo-wordpress\/ -->\n<title>Biblia Para Ni\u00f1os Amigos Por Siempre Azul Rvr 1960 - tzionlibreria.com<\/title>\n<meta name=\"robots\" content=\"index, follow, max-snippet:-1, max-image-preview:large, max-video-preview:-1\" \/>\n<link rel=\"canonical\" href=\"https:\/\/tzionlibreria.com\/index.php\/product\/biblia-para-ninos-amigos-por-siempre-azul-rvr-1960\/\" \/>\n<meta property=\"og:locale\" content=\"es_ES\" \/>\n<meta property=\"og:type\" content=\"article\" \/>\n<meta property=\"og:title\" content=\"Biblia Para Ni\u00f1os Amigos Por Siempre Azul Rvr 1960 - tzionlibreria.com\" \/>\n<meta property=\"og:description\" content=\"&nbsp; Amigos por siempre, esta Biblia es dise\u00f1ada especialmente para que las ni\u00f1as conozcan las historias b\u00edblicas de una manera atractiva, moderna, su cubierta hecha en un material que la hace resistente al agua y que pueda ser llevada con comodidad a cualquier lugar. Caracter\u00edsticas: Biblia con notas y referencias al lado del vers\u00edculo para [&hellip;]\" \/>\n<meta property=\"og:url\" content=\"https:\/\/tzionlibreria.com\/index.php\/product\/biblia-para-ninos-amigos-por-siempre-azul-rvr-1960\/\" \/>\n<meta property=\"og:site_name\" content=\"tzionlibreria.com\" \/>\n<meta property=\"article:modified_time\" content=\"2025-10-27T21:00:41+00:00\" \/>\n<meta property=\"og:image\" content=\"http:\/\/tzionlibreria.com\/wp-content\/uploads\/2023\/10\/D_NQ_NP_2X_830625-MLV52669311321_112022-F.webp\" \/>\n\t<meta property=\"og:image:width\" content=\"1106\" \/>\n\t<meta property=\"og:image:height\" content=\"964\" \/>\n\t<meta property=\"og:image:type\" content=\"image\/webp\" \/>\n<meta name=\"twitter:card\" content=\"summary_large_image\" \/>\n<meta name=\"twitter:label1\" content=\"Tiempo de lectura\" \/>\n\t<meta name=\"twitter:data1\" content=\"2 minutos\" \/>\n<script type=\"application\/ld+json\" class=\"yoast-schema-graph\">{\"@context\":\"https:\\\/\\\/schema.org\",\"@graph\":[{\"@type\":\"WebPage\",\"@id\":\"https:\\\/\\\/tzionlibreria.com\\\/index.php\\\/product\\\/biblia-para-ninos-amigos-por-siempre-azul-rvr-1960\\\/\",\"url\":\"https:\\\/\\\/tzionlibreria.com\\\/index.php\\\/product\\\/biblia-para-ninos-amigos-por-siempre-azul-rvr-1960\\\/\",\"name\":\"Biblia Para Ni\u00f1os Amigos Por Siempre Azul Rvr 1960 - tzionlibreria.com\",\"isPartOf\":{\"@id\":\"https:\\\/\\\/tzionlibreria.com\\\/#website\"},\"primaryImageOfPage\":{\"@id\":\"https:\\\/\\\/tzionlibreria.com\\\/index.php\\\/product\\\/biblia-para-ninos-amigos-por-siempre-azul-rvr-1960\\\/#primaryimage\"},\"image\":{\"@id\":\"https:\\\/\\\/tzionlibreria.com\\\/index.php\\\/product\\\/biblia-para-ninos-amigos-por-siempre-azul-rvr-1960\\\/#primaryimage\"},\"thumbnailUrl\":\"https:\\\/\\\/tzionlibreria.com\\\/wp-content\\\/uploads\\\/2023\\\/10\\\/D_NQ_NP_2X_830625-MLV52669311321_112022-F.webp\",\"datePublished\":\"2023-10-07T12:36:32+00:00\",\"dateModified\":\"2025-10-27T21:00:41+00:00\",\"breadcrumb\":{\"@id\":\"https:\\\/\\\/tzionlibreria.com\\\/index.php\\\/product\\\/biblia-para-ninos-amigos-por-siempre-azul-rvr-1960\\\/#breadcrumb\"},\"inLanguage\":\"es-CO\",\"potentialAction\":[{\"@type\":\"ReadAction\",\"target\":[\"https:\\\/\\\/tzionlibreria.com\\\/index.php\\\/product\\\/biblia-para-ninos-amigos-por-siempre-azul-rvr-1960\\\/\"]}]},{\"@type\":\"ImageObject\",\"inLanguage\":\"es-CO\",\"@id\":\"https:\\\/\\\/tzionlibreria.com\\\/index.php\\\/product\\\/biblia-para-ninos-amigos-por-siempre-azul-rvr-1960\\\/#primaryimage\",\"url\":\"https:\\\/\\\/tzionlibreria.com\\\/wp-content\\\/uploads\\\/2023\\\/10\\\/D_NQ_NP_2X_830625-MLV52669311321_112022-F.webp\",\"contentUrl\":\"https:\\\/\\\/tzionlibreria.com\\\/wp-content\\\/uploads\\\/2023\\\/10\\\/D_NQ_NP_2X_830625-MLV52669311321_112022-F.webp\",\"width\":1106,\"height\":964},{\"@type\":\"BreadcrumbList\",\"@id\":\"https:\\\/\\\/tzionlibreria.com\\\/index.php\\\/product\\\/biblia-para-ninos-amigos-por-siempre-azul-rvr-1960\\\/#breadcrumb\",\"itemListElement\":[{\"@type\":\"ListItem\",\"position\":1,\"name\":\"Inicio\",\"item\":\"https:\\\/\\\/tzionlibreria.com\\\/\"},{\"@type\":\"ListItem\",\"position\":2,\"name\":\"Shop\",\"item\":\"https:\\\/\\\/tzionlibreria.com\\\/index.php\\\/shop\\\/\"},{\"@type\":\"ListItem\",\"position\":3,\"name\":\"Biblia Para Ni\u00f1os Amigos Por Siempre Azul Rvr 1960\"}]},{\"@type\":\"WebSite\",\"@id\":\"https:\\\/\\\/tzionlibreria.com\\\/#website\",\"url\":\"https:\\\/\\\/tzionlibreria.com\\\/\",\"name\":\"tzionlibreria.com\",\"description\":\"Libreria Cristiana Venezuela\",\"publisher\":{\"@id\":\"https:\\\/\\\/tzionlibreria.com\\\/#organization\"},\"potentialAction\":[{\"@type\":\"SearchAction\",\"target\":{\"@type\":\"EntryPoint\",\"urlTemplate\":\"https:\\\/\\\/tzionlibreria.com\\\/?s={search_term_string}\"},\"query-input\":{\"@type\":\"PropertyValueSpecification\",\"valueRequired\":true,\"valueName\":\"search_term_string\"}}],\"inLanguage\":\"es-CO\"},{\"@type\":\"Organization\",\"@id\":\"https:\\\/\\\/tzionlibreria.com\\\/#organization\",\"name\":\"tzionlibreria.com\",\"url\":\"https:\\\/\\\/tzionlibreria.com\\\/\",\"logo\":{\"@type\":\"ImageObject\",\"inLanguage\":\"es-CO\",\"@id\":\"https:\\\/\\\/tzionlibreria.com\\\/#\\\/schema\\\/logo\\\/image\\\/\",\"url\":\"https:\\\/\\\/tzionlibreria.com\\\/wp-content\\\/uploads\\\/2023\\\/10\\\/cropped-Cuadricula-scaled-1.jpg\",\"contentUrl\":\"https:\\\/\\\/tzionlibreria.com\\\/wp-content\\\/uploads\\\/2023\\\/10\\\/cropped-Cuadricula-scaled-1.jpg\",\"width\":2560,\"height\":2560,\"caption\":\"tzionlibreria.com\"},\"image\":{\"@id\":\"https:\\\/\\\/tzionlibreria.com\\\/#\\\/schema\\\/logo\\\/image\\\/\"}}]}<\/script>\n<!-- \/ Yoast SEO plugin. -->","yoast_head_json":{"title":"Biblia Para Ni\u00f1os Amigos Por Siempre Azul Rvr 1960 - tzionlibreria.com","robots":{"index":"index","follow":"follow","max-snippet":"max-snippet:-1","max-image-preview":"max-image-preview:large","max-video-preview":"max-video-preview:-1"},"canonical":"https:\/\/tzionlibreria.com\/index.php\/product\/biblia-para-ninos-amigos-por-siempre-azul-rvr-1960\/","og_locale":"es_ES","og_type":"article","og_title":"Biblia Para Ni\u00f1os Amigos Por Siempre Azul Rvr 1960 - tzionlibreria.com","og_description":"&nbsp; Amigos por siempre, esta Biblia es dise\u00f1ada especialmente para que las ni\u00f1as conozcan las historias b\u00edblicas de una manera atractiva, moderna, su cubierta hecha en un material que la hace resistente al agua y que pueda ser llevada con comodidad a cualquier lugar. Caracter\u00edsticas: Biblia con notas y referencias al lado del vers\u00edculo para [&hellip;]","og_url":"https:\/\/tzionlibreria.com\/index.php\/product\/biblia-para-ninos-amigos-por-siempre-azul-rvr-1960\/","og_site_name":"tzionlibreria.com","article_modified_time":"2025-10-27T21:00:41+00:00","og_image":[{"width":1106,"height":964,"url":"http:\/\/tzionlibreria.com\/wp-content\/uploads\/2023\/10\/D_NQ_NP_2X_830625-MLV52669311321_112022-F.webp","type":"image\/webp"}],"twitter_card":"summary_large_image","twitter_misc":{"Tiempo de lectura":"2 minutos"},"schema":{"@context":"https:\/\/schema.org","@graph":[{"@type":"WebPage","@id":"https:\/\/tzionlibreria.com\/index.php\/product\/biblia-para-ninos-amigos-por-siempre-azul-rvr-1960\/","url":"https:\/\/tzionlibreria.com\/index.php\/product\/biblia-para-ninos-amigos-por-siempre-azul-rvr-1960\/","name":"Biblia Para Ni\u00f1os Amigos Por Siempre Azul Rvr 1960 - tzionlibreria.com","isPartOf":{"@id":"https:\/\/tzionlibreria.com\/#website"},"primaryImageOfPage":{"@id":"https:\/\/tzionlibreria.com\/index.php\/product\/biblia-para-ninos-amigos-por-siempre-azul-rvr-1960\/#primaryimage"},"image":{"@id":"https:\/\/tzionlibreria.com\/index.php\/product\/biblia-para-ninos-amigos-por-siempre-azul-rvr-1960\/#primaryimage"},"thumbnailUrl":"https:\/\/tzionlibreria.com\/wp-content\/uploads\/2023\/10\/D_NQ_NP_2X_830625-MLV52669311321_112022-F.webp","datePublished":"2023-10-07T12:36:32+00:00","dateModified":"2025-10-27T21:00:41+00:00","breadcrumb":{"@id":"https:\/\/tzionlibreria.com\/index.php\/product\/biblia-para-ninos-amigos-por-siempre-azul-rvr-1960\/#breadcrumb"},"inLanguage":"es-CO","potentialAction":[{"@type":"ReadAction","target":["https:\/\/tzionlibreria.com\/index.php\/product\/biblia-para-ninos-amigos-por-siempre-azul-rvr-1960\/"]}]},{"@type":"ImageObject","inLanguage":"es-CO","@id":"https:\/\/tzionlibreria.com\/index.php\/product\/biblia-para-ninos-amigos-por-siempre-azul-rvr-1960\/#primaryimage","url":"https:\/\/tzionlibreria.com\/wp-content\/uploads\/2023\/10\/D_NQ_NP_2X_830625-MLV52669311321_112022-F.webp","contentUrl":"https:\/\/tzionlibreria.com\/wp-content\/uploads\/2023\/10\/D_NQ_NP_2X_830625-MLV52669311321_112022-F.webp","width":1106,"height":964},{"@type":"BreadcrumbList","@id":"https:\/\/tzionlibreria.com\/index.php\/product\/biblia-para-ninos-amigos-por-siempre-azul-rvr-1960\/#breadcrumb","itemListElement":[{"@type":"ListItem","position":1,"name":"Inicio","item":"https:\/\/tzionlibreria.com\/"},{"@type":"ListItem","position":2,"name":"Shop","item":"https:\/\/tzionlibreria.com\/index.php\/shop\/"},{"@type":"ListItem","position":3,"name":"Biblia Para Ni\u00f1os Amigos Por Siempre Azul Rvr 1960"}]},{"@type":"WebSite","@id":"https:\/\/tzionlibreria.com\/#website","url":"https:\/\/tzionlibreria.com\/","name":"tzionlibreria.com","description":"Libreria Cristiana Venezuela","publisher":{"@id":"https:\/\/tzionlibreria.com\/#organization"},"potentialAction":[{"@type":"SearchAction","target":{"@type":"EntryPoint","urlTemplate":"https:\/\/tzionlibreria.com\/?s={search_term_string}"},"query-input":{"@type":"PropertyValueSpecification","valueRequired":true,"valueName":"search_term_string"}}],"inLanguage":"es-CO"},{"@type":"Organization","@id":"https:\/\/tzionlibreria.com\/#organization","name":"tzionlibreria.com","url":"https:\/\/tzionlibreria.com\/","logo":{"@type":"ImageObject","inLanguage":"es-CO","@id":"https:\/\/tzionlibreria.com\/#\/schema\/logo\/image\/","url":"https:\/\/tzionlibreria.com\/wp-content\/uploads\/2023\/10\/cropped-Cuadricula-scaled-1.jpg","contentUrl":"https:\/\/tzionlibreria.com\/wp-content\/uploads\/2023\/10\/cropped-Cuadricula-scaled-1.jpg","width":2560,"height":2560,"caption":"tzionlibreria.com"},"image":{"@id":"https:\/\/tzionlibreria.com\/#\/schema\/logo\/image\/"}}]}},"jetpack_sharing_enabled":true,"_links":{"self":[{"href":"https:\/\/tzionlibreria.com\/index.php\/wp-json\/wp\/v2\/product\/649","targetHints":{"allow":["GET"]}}],"collection":[{"href":"https:\/\/tzionlibreria.com\/index.php\/wp-json\/wp\/v2\/product"}],"about":[{"href":"https:\/\/tzionlibreria.com\/index.php\/wp-json\/wp\/v2\/types\/product"}],"replies":[{"embeddable":true,"href":"https:\/\/tzionlibreria.com\/index.php\/wp-json\/wp\/v2\/comments?post=649"}],"wp:featuredmedia":[{"embeddable":true,"href":"https:\/\/tzionlibreria.com\/index.php\/wp-json\/wp\/v2\/media\/650"}],"wp:attachment":[{"href":"https:\/\/tzionlibreria.com\/index.php\/wp-json\/wp\/v2\/media?parent=649"}],"wp:term":[{"taxonomy":"product_brand","embeddable":true,"href":"https:\/\/tzionlibreria.com\/index.php\/wp-json\/wp\/v2\/product_brand?post=649"},{"taxonomy":"product_cat","embeddable":true,"href":"https:\/\/tzionlibreria.com\/index.php\/wp-json\/wp\/v2\/product_cat?post=649"},{"taxonomy":"product_tag","embeddable":true,"href":"https:\/\/tzionlibreria.com\/index.php\/wp-json\/wp\/v2\/product_tag?post=649"}],"curies":[{"name":"wp","href":"https:\/\/api.w.org\/{rel}","templated":true}]}}