{"id":6493,"date":"2025-11-20T23:59:00","date_gmt":"2025-11-20T23:59:00","guid":{"rendered":"https:\/\/tzionlibreria.com\/?post_type=product&#038;p=6493"},"modified":"2026-04-03T18:36:39","modified_gmt":"2026-04-03T18:36:39","slug":"biblia-letra-grande-rvr-1960-marron-cruz","status":"publish","type":"product","link":"https:\/\/tzionlibreria.com\/index.php\/product\/biblia-letra-grande-rvr-1960-marron-cruz\/","title":{"rendered":"Biblia  Letra Grande RVR 1960 Marr\u00f3n Cruz"},"content":{"rendered":"<div id=\"ctl00_ucPDTabs_ctl00_fs\" class=\"ProductDetailGroup\">\n<p>Biblia Reina-Valera 1960 con letras grandes y f\u00e1ciles de leer y con gu\u00edas de estudio que le ayudar\u00e1n a disfrutar su tiempo leyendo o estudiando la Palabra de Dios.<\/p>\n<p>La Biblia es el libro m\u00e1s vendido y m\u00e1s influyente jam\u00e1s escrito. Esta carta de Dios es nuestra visi\u00f3n de lo divino, revelando qui\u00e9n es Dios y qui\u00e9nes somos nosotros como su creaci\u00f3n. Esta Biblia bellamente dise\u00f1ada est\u00e1 dise\u00f1ada para permitir una lectura c\u00f3moda haciendo que su tiempo en la Palabra sea libre de distracciones.<\/p>\n<p>Caracter\u00edsticas:<\/p>\n<ul>\n<li>Concordancia de 96 p\u00e1ginas<\/li>\n<li>Introducci\u00f3n y bosquejo al principio de cada libro<\/li>\n<li>Palabras de Cristo en rojo<\/li>\n<li>P\u00e1ginas de presentaci\u00f3n<\/li>\n<li>Plan de salvaci\u00f3n<\/li>\n<li>Resumen gr\u00e1fico de la Biblia<\/li>\n<li>Tabla de pesos y medidas<\/li>\n<li>Mapas a todo color<\/li>\n<li>Tama\u00f1o de letra: 12 puntos<\/li>\n<li>\u00a1Y mucho m\u00e1s!<\/li>\n<\/ul>\n<\/div>\n<div id=\"ctl00_ucPDTabs_ctl01_fs\" class=\"ProductDetailGroup\">\n<div class=\"row\">\n<div class=\"large-9 columns\">\n<div class=\"tabs-content\" data-tabs-content=\"product-tabs\">\n<div id=\"description\" class=\"tabs-panel\" role=\"tabpanel\" aria-hidden=\"false\" aria-labelledby=\"description-label\">\n<div class=\"row\">\n<div class=\"small-12 medium-4 large-4 columns\">\n<div id=\"ctl00_ucPDTabs_ctl02_fs\" class=\"ProductDetailGroup system-properties\"><strong>ISBN<\/strong>: 9780529161246<br \/>\n<strong>Editorial<\/strong>:\u00a0Vida<br \/>\n<strong>Referencia de producto<\/strong>: 9780529161246<br \/>\n<strong>Dimensiones<\/strong>: 18 x 26 x 4 cm<br \/>\n<strong>Peso<\/strong>: 1,275kg<br \/>\n<strong>Cubierta<\/strong>: Imitaci\u00f3n Piel<br \/>\n<strong>N\u00famero de p\u00e1ginas<\/strong>: 1600<br \/>\n<strong>Fecha de lanzamiento<\/strong>: 30.04.2012<br \/>\n<strong>Idioma<\/strong>: Espa\u00f1ol<\/div>\n<div id=\"ctl00_ucPDTabs_ctl03_fs\" class=\"ProductDetailGroup\"><strong>Versi\u00f3n:<\/strong>\u00a0RVR1960<br \/>\n<strong>Tama\u00f1o de Letra:<\/strong>\u00a012 pts<br \/>\n<strong>Tipo de Impresi\u00f3n:<\/strong>\u00a0Comfort Print<br \/>\n<strong>Tipo de Impresi\u00f3n:<\/strong>\u00a0Letra Grande<br \/>\n<strong>Color:<\/strong>\u00a0Marr\u00f3n<br \/>\n<strong>Canto:<\/strong>\u00a0Blanco<br \/>\n<strong>Audiencia:<\/strong>\u00a0General<br \/>\n<strong>Caracter\u00edsticas:<\/strong>\u00a0Cinta Marcadora<br \/>\n<strong>Caracter\u00edsticas:<\/strong>\u00a0Palabras de Jes\u00fas en Rojo<br \/>\n<strong>Caracter\u00edsticas:<\/strong>\u00a0Concordancia<br \/>\n<strong>Caracter\u00edsticas:<\/strong>\u00a0Introducci\u00f3n y bosquejo a cada libro<br \/>\n<strong>Caracter\u00edsticas:<\/strong>\u00a0Mapas a color<br \/>\n<strong>Caracter\u00edsticas:<\/strong>\u00a0P\u00e1gina de Presentaci\u00f3n<br \/>\n<strong>Caracter\u00edsticas:<\/strong>\u00a0Plan de salvaci\u00f3n<br \/>\n<strong>Caracter\u00edsticas:<\/strong>\u00a0Tabla de Pesos y Medidas<br \/>\n<strong>Caracter\u00edsticas:<\/strong>\u00a0Encuadernaci\u00f3n cosida<\/div>\n<\/div>\n<\/div>\n<\/div>\n<\/div>\n<\/div>\n<\/div>\n<\/div>\n","protected":false},"excerpt":{"rendered":"<p>Biblia Reina-Valera 1960 con letras grandes y f\u00e1ciles de leer y con gu\u00edas de estudio que le ayudar\u00e1n a disfrutar su tiempo leyendo o estudiando la Palabra de Dios. La Biblia es el libro m\u00e1s vendido y m\u00e1s influyente jam\u00e1s escrito. Esta carta de Dios es nuestra visi\u00f3n de lo divino, revelando qui\u00e9n es Dios [&hellip;]<\/p>\n","protected":false},"featured_media":6498,"comment_status":"open","ping_status":"closed","template":"","meta":{"om_disable_all_campaigns":false,"_monsterinsights_skip_tracking":false,"_monsterinsights_sitenote_active":false,"_monsterinsights_sitenote_note":"","_monsterinsights_sitenote_category":0,"site-sidebar-layout":"default","site-content-layout":"","ast-site-content-layout":"default","site-content-style":"default","site-sidebar-style":"default","ast-global-header-display":"","ast-banner-title-visibility":"","ast-main-header-display":"","ast-hfb-above-header-display":"","ast-hfb-below-header-display":"","ast-hfb-mobile-header-display":"","site-post-title":"","ast-breadcrumbs-content":"","ast-featured-img":"","footer-sml-layout":"","ast-disable-related-posts":"","theme-transparent-header-meta":"default","adv-header-id-meta":"","stick-header-meta":"","header-above-stick-meta":"","header-main-stick-meta":"","header-below-stick-meta":"","astra-migrate-meta-layouts":"set","ast-page-background-enabled":"default","ast-page-background-meta":{"desktop":{"background-color":"var(--ast-global-color-4)","background-image":"","background-repeat":"repeat","background-position":"center center","background-size":"auto","background-attachment":"scroll","background-type":"","background-media":"","overlay-type":"","overlay-color":"","overlay-opacity":"","overlay-gradient":""},"tablet":{"background-color":"","background-image":"","background-repeat":"repeat","background-position":"center center","background-size":"auto","background-attachment":"scroll","background-type":"","background-media":"","overlay-type":"","overlay-color":"","overlay-opacity":"","overlay-gradient":""},"mobile":{"background-color":"","background-image":"","background-repeat":"repeat","background-position":"center center","background-size":"auto","background-attachment":"scroll","background-type":"","background-media":"","overlay-type":"","overlay-color":"","overlay-opacity":"","overlay-gradient":""}},"ast-content-background-meta":{"desktop":{"background-color":"var(--ast-global-color-5)","background-image":"","background-repeat":"repeat","background-position":"center center","background-size":"auto","background-attachment":"scroll","background-type":"","background-media":"","overlay-type":"","overlay-color":"","overlay-opacity":"","overlay-gradient":""},"tablet":{"background-color":"var(--ast-global-color-5)","background-image":"","background-repeat":"repeat","background-position":"center center","background-size":"auto","background-attachment":"scroll","background-type":"","background-media":"","overlay-type":"","overlay-color":"","overlay-opacity":"","overlay-gradient":""},"mobile":{"background-color":"var(--ast-global-color-5)","background-image":"","background-repeat":"repeat","background-position":"center center","background-size":"auto","background-attachment":"scroll","background-type":"","background-media":"","overlay-type":"","overlay-color":"","overlay-opacity":"","overlay-gradient":""}}},"product_brand":[],"product_cat":[22,42,177],"product_tag":[328],"class_list":{"0":"post-6493","1":"product","2":"type-product","3":"status-publish","4":"has-post-thumbnail","6":"product_cat-biblias","7":"product_cat-biblias-reina-valera","8":"product_cat-letra-grande-rvr","9":"product_tag-black-friday-2025","10":"desktop-align-left","11":"tablet-align-left","12":"mobile-align-left","14":"first","15":"instock","16":"shipping-taxable","17":"purchasable","18":"product-type-simple"},"yoast_head":"<!-- This site is optimized with the Yoast SEO plugin v27.4 - https:\/\/yoast.com\/product\/yoast-seo-wordpress\/ -->\n<title>Biblia Letra Grande RVR 1960 Marr\u00f3n Cruz - tzionlibreria.com<\/title>\n<meta name=\"robots\" content=\"index, follow, max-snippet:-1, max-image-preview:large, max-video-preview:-1\" \/>\n<link rel=\"canonical\" href=\"https:\/\/tzionlibreria.com\/index.php\/product\/biblia-letra-grande-rvr-1960-marron-cruz\/\" \/>\n<meta property=\"og:locale\" content=\"es_ES\" \/>\n<meta property=\"og:type\" content=\"article\" \/>\n<meta property=\"og:title\" content=\"Biblia Letra Grande RVR 1960 Marr\u00f3n Cruz - tzionlibreria.com\" \/>\n<meta property=\"og:description\" content=\"Biblia Reina-Valera 1960 con letras grandes y f\u00e1ciles de leer y con gu\u00edas de estudio que le ayudar\u00e1n a disfrutar su tiempo leyendo o estudiando la Palabra de Dios. La Biblia es el libro m\u00e1s vendido y m\u00e1s influyente jam\u00e1s escrito. Esta carta de Dios es nuestra visi\u00f3n de lo divino, revelando qui\u00e9n es Dios [&hellip;]\" \/>\n<meta property=\"og:url\" content=\"https:\/\/tzionlibreria.com\/index.php\/product\/biblia-letra-grande-rvr-1960-marron-cruz\/\" \/>\n<meta property=\"og:site_name\" content=\"tzionlibreria.com\" \/>\n<meta property=\"article:modified_time\" content=\"2026-04-03T18:36:39+00:00\" \/>\n<meta property=\"og:image\" content=\"http:\/\/tzionlibreria.com\/wp-content\/uploads\/2025\/11\/1495.jpg\" \/>\n\t<meta property=\"og:image:width\" content=\"619\" \/>\n\t<meta property=\"og:image:height\" content=\"803\" \/>\n\t<meta property=\"og:image:type\" content=\"image\/jpeg\" \/>\n<meta name=\"twitter:card\" content=\"summary_large_image\" \/>\n<meta name=\"twitter:label1\" content=\"Tiempo de lectura\" \/>\n\t<meta name=\"twitter:data1\" content=\"2 minutos\" \/>\n<script type=\"application\/ld+json\" class=\"yoast-schema-graph\">{\"@context\":\"https:\\\/\\\/schema.org\",\"@graph\":[{\"@type\":\"WebPage\",\"@id\":\"https:\\\/\\\/tzionlibreria.com\\\/index.php\\\/product\\\/biblia-letra-grande-rvr-1960-marron-cruz\\\/\",\"url\":\"https:\\\/\\\/tzionlibreria.com\\\/index.php\\\/product\\\/biblia-letra-grande-rvr-1960-marron-cruz\\\/\",\"name\":\"Biblia Letra Grande RVR 1960 Marr\u00f3n Cruz - tzionlibreria.com\",\"isPartOf\":{\"@id\":\"https:\\\/\\\/tzionlibreria.com\\\/#website\"},\"primaryImageOfPage\":{\"@id\":\"https:\\\/\\\/tzionlibreria.com\\\/index.php\\\/product\\\/biblia-letra-grande-rvr-1960-marron-cruz\\\/#primaryimage\"},\"image\":{\"@id\":\"https:\\\/\\\/tzionlibreria.com\\\/index.php\\\/product\\\/biblia-letra-grande-rvr-1960-marron-cruz\\\/#primaryimage\"},\"thumbnailUrl\":\"https:\\\/\\\/tzionlibreria.com\\\/wp-content\\\/uploads\\\/2025\\\/11\\\/1495.jpg\",\"datePublished\":\"2025-11-20T23:59:00+00:00\",\"dateModified\":\"2026-04-03T18:36:39+00:00\",\"breadcrumb\":{\"@id\":\"https:\\\/\\\/tzionlibreria.com\\\/index.php\\\/product\\\/biblia-letra-grande-rvr-1960-marron-cruz\\\/#breadcrumb\"},\"inLanguage\":\"es-CO\",\"potentialAction\":[{\"@type\":\"ReadAction\",\"target\":[\"https:\\\/\\\/tzionlibreria.com\\\/index.php\\\/product\\\/biblia-letra-grande-rvr-1960-marron-cruz\\\/\"]}]},{\"@type\":\"ImageObject\",\"inLanguage\":\"es-CO\",\"@id\":\"https:\\\/\\\/tzionlibreria.com\\\/index.php\\\/product\\\/biblia-letra-grande-rvr-1960-marron-cruz\\\/#primaryimage\",\"url\":\"https:\\\/\\\/tzionlibreria.com\\\/wp-content\\\/uploads\\\/2025\\\/11\\\/1495.jpg\",\"contentUrl\":\"https:\\\/\\\/tzionlibreria.com\\\/wp-content\\\/uploads\\\/2025\\\/11\\\/1495.jpg\",\"width\":619,\"height\":803},{\"@type\":\"BreadcrumbList\",\"@id\":\"https:\\\/\\\/tzionlibreria.com\\\/index.php\\\/product\\\/biblia-letra-grande-rvr-1960-marron-cruz\\\/#breadcrumb\",\"itemListElement\":[{\"@type\":\"ListItem\",\"position\":1,\"name\":\"Inicio\",\"item\":\"https:\\\/\\\/tzionlibreria.com\\\/\"},{\"@type\":\"ListItem\",\"position\":2,\"name\":\"Shop\",\"item\":\"https:\\\/\\\/tzionlibreria.com\\\/index.php\\\/shop\\\/\"},{\"@type\":\"ListItem\",\"position\":3,\"name\":\"Biblia Letra Grande RVR 1960 Marr\u00f3n Cruz\"}]},{\"@type\":\"WebSite\",\"@id\":\"https:\\\/\\\/tzionlibreria.com\\\/#website\",\"url\":\"https:\\\/\\\/tzionlibreria.com\\\/\",\"name\":\"tzionlibreria.com\",\"description\":\"Libreria Cristiana Venezuela\",\"publisher\":{\"@id\":\"https:\\\/\\\/tzionlibreria.com\\\/#organization\"},\"potentialAction\":[{\"@type\":\"SearchAction\",\"target\":{\"@type\":\"EntryPoint\",\"urlTemplate\":\"https:\\\/\\\/tzionlibreria.com\\\/?s={search_term_string}\"},\"query-input\":{\"@type\":\"PropertyValueSpecification\",\"valueRequired\":true,\"valueName\":\"search_term_string\"}}],\"inLanguage\":\"es-CO\"},{\"@type\":\"Organization\",\"@id\":\"https:\\\/\\\/tzionlibreria.com\\\/#organization\",\"name\":\"tzionlibreria.com\",\"url\":\"https:\\\/\\\/tzionlibreria.com\\\/\",\"logo\":{\"@type\":\"ImageObject\",\"inLanguage\":\"es-CO\",\"@id\":\"https:\\\/\\\/tzionlibreria.com\\\/#\\\/schema\\\/logo\\\/image\\\/\",\"url\":\"https:\\\/\\\/tzionlibreria.com\\\/wp-content\\\/uploads\\\/2023\\\/10\\\/cropped-Cuadricula-scaled-1.jpg\",\"contentUrl\":\"https:\\\/\\\/tzionlibreria.com\\\/wp-content\\\/uploads\\\/2023\\\/10\\\/cropped-Cuadricula-scaled-1.jpg\",\"width\":2560,\"height\":2560,\"caption\":\"tzionlibreria.com\"},\"image\":{\"@id\":\"https:\\\/\\\/tzionlibreria.com\\\/#\\\/schema\\\/logo\\\/image\\\/\"}}]}<\/script>\n<!-- \/ Yoast SEO plugin. -->","yoast_head_json":{"title":"Biblia Letra Grande RVR 1960 Marr\u00f3n Cruz - tzionlibreria.com","robots":{"index":"index","follow":"follow","max-snippet":"max-snippet:-1","max-image-preview":"max-image-preview:large","max-video-preview":"max-video-preview:-1"},"canonical":"https:\/\/tzionlibreria.com\/index.php\/product\/biblia-letra-grande-rvr-1960-marron-cruz\/","og_locale":"es_ES","og_type":"article","og_title":"Biblia Letra Grande RVR 1960 Marr\u00f3n Cruz - tzionlibreria.com","og_description":"Biblia Reina-Valera 1960 con letras grandes y f\u00e1ciles de leer y con gu\u00edas de estudio que le ayudar\u00e1n a disfrutar su tiempo leyendo o estudiando la Palabra de Dios. La Biblia es el libro m\u00e1s vendido y m\u00e1s influyente jam\u00e1s escrito. Esta carta de Dios es nuestra visi\u00f3n de lo divino, revelando qui\u00e9n es Dios [&hellip;]","og_url":"https:\/\/tzionlibreria.com\/index.php\/product\/biblia-letra-grande-rvr-1960-marron-cruz\/","og_site_name":"tzionlibreria.com","article_modified_time":"2026-04-03T18:36:39+00:00","og_image":[{"width":619,"height":803,"url":"http:\/\/tzionlibreria.com\/wp-content\/uploads\/2025\/11\/1495.jpg","type":"image\/jpeg"}],"twitter_card":"summary_large_image","twitter_misc":{"Tiempo de lectura":"2 minutos"},"schema":{"@context":"https:\/\/schema.org","@graph":[{"@type":"WebPage","@id":"https:\/\/tzionlibreria.com\/index.php\/product\/biblia-letra-grande-rvr-1960-marron-cruz\/","url":"https:\/\/tzionlibreria.com\/index.php\/product\/biblia-letra-grande-rvr-1960-marron-cruz\/","name":"Biblia Letra Grande RVR 1960 Marr\u00f3n Cruz - tzionlibreria.com","isPartOf":{"@id":"https:\/\/tzionlibreria.com\/#website"},"primaryImageOfPage":{"@id":"https:\/\/tzionlibreria.com\/index.php\/product\/biblia-letra-grande-rvr-1960-marron-cruz\/#primaryimage"},"image":{"@id":"https:\/\/tzionlibreria.com\/index.php\/product\/biblia-letra-grande-rvr-1960-marron-cruz\/#primaryimage"},"thumbnailUrl":"https:\/\/tzionlibreria.com\/wp-content\/uploads\/2025\/11\/1495.jpg","datePublished":"2025-11-20T23:59:00+00:00","dateModified":"2026-04-03T18:36:39+00:00","breadcrumb":{"@id":"https:\/\/tzionlibreria.com\/index.php\/product\/biblia-letra-grande-rvr-1960-marron-cruz\/#breadcrumb"},"inLanguage":"es-CO","potentialAction":[{"@type":"ReadAction","target":["https:\/\/tzionlibreria.com\/index.php\/product\/biblia-letra-grande-rvr-1960-marron-cruz\/"]}]},{"@type":"ImageObject","inLanguage":"es-CO","@id":"https:\/\/tzionlibreria.com\/index.php\/product\/biblia-letra-grande-rvr-1960-marron-cruz\/#primaryimage","url":"https:\/\/tzionlibreria.com\/wp-content\/uploads\/2025\/11\/1495.jpg","contentUrl":"https:\/\/tzionlibreria.com\/wp-content\/uploads\/2025\/11\/1495.jpg","width":619,"height":803},{"@type":"BreadcrumbList","@id":"https:\/\/tzionlibreria.com\/index.php\/product\/biblia-letra-grande-rvr-1960-marron-cruz\/#breadcrumb","itemListElement":[{"@type":"ListItem","position":1,"name":"Inicio","item":"https:\/\/tzionlibreria.com\/"},{"@type":"ListItem","position":2,"name":"Shop","item":"https:\/\/tzionlibreria.com\/index.php\/shop\/"},{"@type":"ListItem","position":3,"name":"Biblia Letra Grande RVR 1960 Marr\u00f3n Cruz"}]},{"@type":"WebSite","@id":"https:\/\/tzionlibreria.com\/#website","url":"https:\/\/tzionlibreria.com\/","name":"tzionlibreria.com","description":"Libreria Cristiana Venezuela","publisher":{"@id":"https:\/\/tzionlibreria.com\/#organization"},"potentialAction":[{"@type":"SearchAction","target":{"@type":"EntryPoint","urlTemplate":"https:\/\/tzionlibreria.com\/?s={search_term_string}"},"query-input":{"@type":"PropertyValueSpecification","valueRequired":true,"valueName":"search_term_string"}}],"inLanguage":"es-CO"},{"@type":"Organization","@id":"https:\/\/tzionlibreria.com\/#organization","name":"tzionlibreria.com","url":"https:\/\/tzionlibreria.com\/","logo":{"@type":"ImageObject","inLanguage":"es-CO","@id":"https:\/\/tzionlibreria.com\/#\/schema\/logo\/image\/","url":"https:\/\/tzionlibreria.com\/wp-content\/uploads\/2023\/10\/cropped-Cuadricula-scaled-1.jpg","contentUrl":"https:\/\/tzionlibreria.com\/wp-content\/uploads\/2023\/10\/cropped-Cuadricula-scaled-1.jpg","width":2560,"height":2560,"caption":"tzionlibreria.com"},"image":{"@id":"https:\/\/tzionlibreria.com\/#\/schema\/logo\/image\/"}}]}},"jetpack_sharing_enabled":true,"_links":{"self":[{"href":"https:\/\/tzionlibreria.com\/index.php\/wp-json\/wp\/v2\/product\/6493","targetHints":{"allow":["GET"]}}],"collection":[{"href":"https:\/\/tzionlibreria.com\/index.php\/wp-json\/wp\/v2\/product"}],"about":[{"href":"https:\/\/tzionlibreria.com\/index.php\/wp-json\/wp\/v2\/types\/product"}],"replies":[{"embeddable":true,"href":"https:\/\/tzionlibreria.com\/index.php\/wp-json\/wp\/v2\/comments?post=6493"}],"wp:featuredmedia":[{"embeddable":true,"href":"https:\/\/tzionlibreria.com\/index.php\/wp-json\/wp\/v2\/media\/6498"}],"wp:attachment":[{"href":"https:\/\/tzionlibreria.com\/index.php\/wp-json\/wp\/v2\/media?parent=6493"}],"wp:term":[{"taxonomy":"product_brand","embeddable":true,"href":"https:\/\/tzionlibreria.com\/index.php\/wp-json\/wp\/v2\/product_brand?post=6493"},{"taxonomy":"product_cat","embeddable":true,"href":"https:\/\/tzionlibreria.com\/index.php\/wp-json\/wp\/v2\/product_cat?post=6493"},{"taxonomy":"product_tag","embeddable":true,"href":"https:\/\/tzionlibreria.com\/index.php\/wp-json\/wp\/v2\/product_tag?post=6493"}],"curies":[{"name":"wp","href":"https:\/\/api.w.org\/{rel}","templated":true}]}}