{"id":6510,"date":"2025-11-21T00:19:12","date_gmt":"2025-11-21T00:19:12","guid":{"rendered":"https:\/\/tzionlibreria.com\/?post_type=product&#038;p=6510"},"modified":"2025-11-21T00:20:13","modified_gmt":"2025-11-21T00:20:13","slug":"biblia-catolica-latinoamericana-de-bolsillo-tapa-dura-verde","status":"publish","type":"product","link":"https:\/\/tzionlibreria.com\/index.php\/product\/biblia-catolica-latinoamericana-de-bolsillo-tapa-dura-verde\/","title":{"rendered":"Biblia Cat\u00f3lica Latinoamericana De Bolsillo &#8211; Tapa Dura &#8211; Verde"},"content":{"rendered":"<p>La traducci\u00f3n m\u00e1s difundida del texto b\u00edblico en Latinoam\u00e9rica. Una edici\u00f3n de la Biblia concebida desde Am\u00e9rica para Am\u00e9rica. La Biblia Latinoam\u00e9rica est\u00e1 presente en el pueblo. Su difusi\u00f3n ahora es inseparable de una triple renovaci\u00f3n del pueblo cristiano, con: una fe m\u00e1s cultivada y personal; una forma de pensar m\u00e1s comunitaria; una evangelizaci\u00f3n que pretende salvar a la persona entera con sus solidaridades y su expresi\u00f3n cultural.<\/p>\n<p><strong>CARACTER\u00cdSTICAS:<\/strong><br \/>\n&#8211; 16 cm de Alto x 11 cm de Ancho x 4 cm de Grosor.<br \/>\n&#8211; Letra de 7 puntos.<br \/>\n&#8211; 566 p\u00e1ginas.<br \/>\n&#8211; 73 Libros ( 46 Antiguo Testamento+ 27 Nuevo Testamento).<br \/>\n&#8211; Versi\u00f3n latinoam\u00e9rica Cubierta color verde tapa dura.<br \/>\n&#8211; Papel Biblia 28 gr color crema.<\/p>\n<p><strong>AYUDAS ESPECIALES:<\/strong><br \/>\n&#8211; Notas explicativas a pie de p\u00e1gina.<br \/>\n&#8211; Indice del evangelio.<br \/>\n&#8211; Personas, palabras e instituciones.<br \/>\n&#8211; Cronolog\u00eda b\u00edblica.<br \/>\n&#8211; La salvaci\u00f3n de los no-cristianos.<br \/>\n&#8211; L\u00e9xico.<br \/>\n&#8211; Una biblia ecum\u00e9nica y cat\u00f3lica.<br \/>\n&#8211; El misterio de la trinidad.<br \/>\n&#8211; Introducci\u00f3n a cada libro de la biblia.<br \/>\n&#8211; La ense\u00f1anza b\u00edblica.<br \/>\n&#8211; Mapas.La Biblia.<\/p>\n<p><strong>LA BIBLIA:<\/strong><br \/>\nLa lista de los libros de la Biblia cat\u00f3lica est\u00e1 compuesta por 46 escritos para el Antiguo Testamento (incluyendo los deuterocan\u00f3nicos) y por 27 escritos para el Nuevo Testamento.<br \/>\nEl canon actual se defini\u00f3 por primera vez en el Concilio de Roma del a\u00f1o 382, y fue establecido de forma definitiva en el Concilio de Trento al ser declarado dogma de fe.<\/p>\n","protected":false},"excerpt":{"rendered":"<p>La traducci\u00f3n m\u00e1s difundida del texto b\u00edblico en Latinoam\u00e9rica. Una edici\u00f3n de la Biblia concebida desde Am\u00e9rica para Am\u00e9rica. La Biblia Latinoam\u00e9rica est\u00e1 presente en el pueblo. Su difusi\u00f3n ahora es inseparable de una triple renovaci\u00f3n del pueblo cristiano, con: una fe m\u00e1s cultivada y personal; una forma de pensar m\u00e1s comunitaria; una evangelizaci\u00f3n que [&hellip;]<\/p>\n","protected":false},"featured_media":6511,"comment_status":"open","ping_status":"closed","template":"","meta":{"om_disable_all_campaigns":false,"_monsterinsights_skip_tracking":false,"_monsterinsights_sitenote_active":false,"_monsterinsights_sitenote_note":"","_monsterinsights_sitenote_category":0,"site-sidebar-layout":"default","site-content-layout":"","ast-site-content-layout":"default","site-content-style":"default","site-sidebar-style":"default","ast-global-header-display":"","ast-banner-title-visibility":"","ast-main-header-display":"","ast-hfb-above-header-display":"","ast-hfb-below-header-display":"","ast-hfb-mobile-header-display":"","site-post-title":"","ast-breadcrumbs-content":"","ast-featured-img":"","footer-sml-layout":"","ast-disable-related-posts":"","theme-transparent-header-meta":"default","adv-header-id-meta":"","stick-header-meta":"","header-above-stick-meta":"","header-main-stick-meta":"","header-below-stick-meta":"","astra-migrate-meta-layouts":"set","ast-page-background-enabled":"default","ast-page-background-meta":{"desktop":{"background-color":"var(--ast-global-color-4)","background-image":"","background-repeat":"repeat","background-position":"center center","background-size":"auto","background-attachment":"scroll","background-type":"","background-media":"","overlay-type":"","overlay-color":"","overlay-opacity":"","overlay-gradient":""},"tablet":{"background-color":"","background-image":"","background-repeat":"repeat","background-position":"center center","background-size":"auto","background-attachment":"scroll","background-type":"","background-media":"","overlay-type":"","overlay-color":"","overlay-opacity":"","overlay-gradient":""},"mobile":{"background-color":"","background-image":"","background-repeat":"repeat","background-position":"center center","background-size":"auto","background-attachment":"scroll","background-type":"","background-media":"","overlay-type":"","overlay-color":"","overlay-opacity":"","overlay-gradient":""}},"ast-content-background-meta":{"desktop":{"background-color":"var(--ast-global-color-5)","background-image":"","background-repeat":"repeat","background-position":"center center","background-size":"auto","background-attachment":"scroll","background-type":"","background-media":"","overlay-type":"","overlay-color":"","overlay-opacity":"","overlay-gradient":""},"tablet":{"background-color":"var(--ast-global-color-5)","background-image":"","background-repeat":"repeat","background-position":"center center","background-size":"auto","background-attachment":"scroll","background-type":"","background-media":"","overlay-type":"","overlay-color":"","overlay-opacity":"","overlay-gradient":""},"mobile":{"background-color":"var(--ast-global-color-5)","background-image":"","background-repeat":"repeat","background-position":"center center","background-size":"auto","background-attachment":"scroll","background-type":"","background-media":"","overlay-type":"","overlay-color":"","overlay-opacity":"","overlay-gradient":""}}},"product_brand":[],"product_cat":[22,33],"product_tag":[],"class_list":{"0":"post-6510","1":"product","2":"type-product","3":"status-publish","4":"has-post-thumbnail","6":"product_cat-biblias","7":"product_cat-biblias-dhh-o-catolicas","8":"desktop-align-left","9":"tablet-align-left","10":"mobile-align-left","12":"first","13":"instock","14":"shipping-taxable","15":"purchasable","16":"product-type-simple"},"yoast_head":"<!-- This site is optimized with the Yoast SEO plugin v27.4 - https:\/\/yoast.com\/product\/yoast-seo-wordpress\/ -->\n<title>Biblia Cat\u00f3lica Latinoamericana De Bolsillo - Tapa Dura - Verde - tzionlibreria.com<\/title>\n<meta name=\"robots\" content=\"index, follow, max-snippet:-1, max-image-preview:large, max-video-preview:-1\" \/>\n<link rel=\"canonical\" href=\"https:\/\/tzionlibreria.com\/index.php\/product\/biblia-catolica-latinoamericana-de-bolsillo-tapa-dura-verde\/\" \/>\n<meta property=\"og:locale\" content=\"es_ES\" \/>\n<meta property=\"og:type\" content=\"article\" \/>\n<meta property=\"og:title\" content=\"Biblia Cat\u00f3lica Latinoamericana De Bolsillo - Tapa Dura - Verde - tzionlibreria.com\" \/>\n<meta property=\"og:description\" content=\"La traducci\u00f3n m\u00e1s difundida del texto b\u00edblico en Latinoam\u00e9rica. Una edici\u00f3n de la Biblia concebida desde Am\u00e9rica para Am\u00e9rica. La Biblia Latinoam\u00e9rica est\u00e1 presente en el pueblo. Su difusi\u00f3n ahora es inseparable de una triple renovaci\u00f3n del pueblo cristiano, con: una fe m\u00e1s cultivada y personal; una forma de pensar m\u00e1s comunitaria; una evangelizaci\u00f3n que [&hellip;]\" \/>\n<meta property=\"og:url\" content=\"https:\/\/tzionlibreria.com\/index.php\/product\/biblia-catolica-latinoamericana-de-bolsillo-tapa-dura-verde\/\" \/>\n<meta property=\"og:site_name\" content=\"tzionlibreria.com\" \/>\n<meta property=\"article:modified_time\" content=\"2025-11-21T00:20:13+00:00\" \/>\n<meta property=\"og:image\" content=\"http:\/\/tzionlibreria.com\/wp-content\/uploads\/2025\/11\/bib-latino-mini-verde-111-a0b13424a4f1c9207716413083072219-640-0.webp\" \/>\n\t<meta property=\"og:image:width\" content=\"640\" \/>\n\t<meta property=\"og:image:height\" content=\"640\" \/>\n\t<meta property=\"og:image:type\" content=\"image\/webp\" \/>\n<meta name=\"twitter:card\" content=\"summary_large_image\" \/>\n<meta name=\"twitter:label1\" content=\"Tiempo de lectura\" \/>\n\t<meta name=\"twitter:data1\" content=\"2 minutos\" \/>\n<script type=\"application\/ld+json\" class=\"yoast-schema-graph\">{\"@context\":\"https:\\\/\\\/schema.org\",\"@graph\":[{\"@type\":\"WebPage\",\"@id\":\"https:\\\/\\\/tzionlibreria.com\\\/index.php\\\/product\\\/biblia-catolica-latinoamericana-de-bolsillo-tapa-dura-verde\\\/\",\"url\":\"https:\\\/\\\/tzionlibreria.com\\\/index.php\\\/product\\\/biblia-catolica-latinoamericana-de-bolsillo-tapa-dura-verde\\\/\",\"name\":\"Biblia Cat\u00f3lica Latinoamericana De Bolsillo - Tapa Dura - Verde - tzionlibreria.com\",\"isPartOf\":{\"@id\":\"https:\\\/\\\/tzionlibreria.com\\\/#website\"},\"primaryImageOfPage\":{\"@id\":\"https:\\\/\\\/tzionlibreria.com\\\/index.php\\\/product\\\/biblia-catolica-latinoamericana-de-bolsillo-tapa-dura-verde\\\/#primaryimage\"},\"image\":{\"@id\":\"https:\\\/\\\/tzionlibreria.com\\\/index.php\\\/product\\\/biblia-catolica-latinoamericana-de-bolsillo-tapa-dura-verde\\\/#primaryimage\"},\"thumbnailUrl\":\"https:\\\/\\\/tzionlibreria.com\\\/wp-content\\\/uploads\\\/2025\\\/11\\\/bib-latino-mini-verde-111-a0b13424a4f1c9207716413083072219-640-0.webp\",\"datePublished\":\"2025-11-21T00:19:12+00:00\",\"dateModified\":\"2025-11-21T00:20:13+00:00\",\"breadcrumb\":{\"@id\":\"https:\\\/\\\/tzionlibreria.com\\\/index.php\\\/product\\\/biblia-catolica-latinoamericana-de-bolsillo-tapa-dura-verde\\\/#breadcrumb\"},\"inLanguage\":\"es-CO\",\"potentialAction\":[{\"@type\":\"ReadAction\",\"target\":[\"https:\\\/\\\/tzionlibreria.com\\\/index.php\\\/product\\\/biblia-catolica-latinoamericana-de-bolsillo-tapa-dura-verde\\\/\"]}]},{\"@type\":\"ImageObject\",\"inLanguage\":\"es-CO\",\"@id\":\"https:\\\/\\\/tzionlibreria.com\\\/index.php\\\/product\\\/biblia-catolica-latinoamericana-de-bolsillo-tapa-dura-verde\\\/#primaryimage\",\"url\":\"https:\\\/\\\/tzionlibreria.com\\\/wp-content\\\/uploads\\\/2025\\\/11\\\/bib-latino-mini-verde-111-a0b13424a4f1c9207716413083072219-640-0.webp\",\"contentUrl\":\"https:\\\/\\\/tzionlibreria.com\\\/wp-content\\\/uploads\\\/2025\\\/11\\\/bib-latino-mini-verde-111-a0b13424a4f1c9207716413083072219-640-0.webp\",\"width\":640,\"height\":640},{\"@type\":\"BreadcrumbList\",\"@id\":\"https:\\\/\\\/tzionlibreria.com\\\/index.php\\\/product\\\/biblia-catolica-latinoamericana-de-bolsillo-tapa-dura-verde\\\/#breadcrumb\",\"itemListElement\":[{\"@type\":\"ListItem\",\"position\":1,\"name\":\"Inicio\",\"item\":\"https:\\\/\\\/tzionlibreria.com\\\/\"},{\"@type\":\"ListItem\",\"position\":2,\"name\":\"Shop\",\"item\":\"https:\\\/\\\/tzionlibreria.com\\\/index.php\\\/shop\\\/\"},{\"@type\":\"ListItem\",\"position\":3,\"name\":\"Biblia Cat\u00f3lica Latinoamericana De Bolsillo &#8211; Tapa Dura &#8211; Verde\"}]},{\"@type\":\"WebSite\",\"@id\":\"https:\\\/\\\/tzionlibreria.com\\\/#website\",\"url\":\"https:\\\/\\\/tzionlibreria.com\\\/\",\"name\":\"tzionlibreria.com\",\"description\":\"Libreria Cristiana Venezuela\",\"publisher\":{\"@id\":\"https:\\\/\\\/tzionlibreria.com\\\/#organization\"},\"potentialAction\":[{\"@type\":\"SearchAction\",\"target\":{\"@type\":\"EntryPoint\",\"urlTemplate\":\"https:\\\/\\\/tzionlibreria.com\\\/?s={search_term_string}\"},\"query-input\":{\"@type\":\"PropertyValueSpecification\",\"valueRequired\":true,\"valueName\":\"search_term_string\"}}],\"inLanguage\":\"es-CO\"},{\"@type\":\"Organization\",\"@id\":\"https:\\\/\\\/tzionlibreria.com\\\/#organization\",\"name\":\"tzionlibreria.com\",\"url\":\"https:\\\/\\\/tzionlibreria.com\\\/\",\"logo\":{\"@type\":\"ImageObject\",\"inLanguage\":\"es-CO\",\"@id\":\"https:\\\/\\\/tzionlibreria.com\\\/#\\\/schema\\\/logo\\\/image\\\/\",\"url\":\"https:\\\/\\\/tzionlibreria.com\\\/wp-content\\\/uploads\\\/2023\\\/10\\\/cropped-Cuadricula-scaled-1.jpg\",\"contentUrl\":\"https:\\\/\\\/tzionlibreria.com\\\/wp-content\\\/uploads\\\/2023\\\/10\\\/cropped-Cuadricula-scaled-1.jpg\",\"width\":2560,\"height\":2560,\"caption\":\"tzionlibreria.com\"},\"image\":{\"@id\":\"https:\\\/\\\/tzionlibreria.com\\\/#\\\/schema\\\/logo\\\/image\\\/\"}}]}<\/script>\n<!-- \/ Yoast SEO plugin. -->","yoast_head_json":{"title":"Biblia Cat\u00f3lica Latinoamericana De Bolsillo - Tapa Dura - Verde - tzionlibreria.com","robots":{"index":"index","follow":"follow","max-snippet":"max-snippet:-1","max-image-preview":"max-image-preview:large","max-video-preview":"max-video-preview:-1"},"canonical":"https:\/\/tzionlibreria.com\/index.php\/product\/biblia-catolica-latinoamericana-de-bolsillo-tapa-dura-verde\/","og_locale":"es_ES","og_type":"article","og_title":"Biblia Cat\u00f3lica Latinoamericana De Bolsillo - Tapa Dura - Verde - tzionlibreria.com","og_description":"La traducci\u00f3n m\u00e1s difundida del texto b\u00edblico en Latinoam\u00e9rica. Una edici\u00f3n de la Biblia concebida desde Am\u00e9rica para Am\u00e9rica. La Biblia Latinoam\u00e9rica est\u00e1 presente en el pueblo. Su difusi\u00f3n ahora es inseparable de una triple renovaci\u00f3n del pueblo cristiano, con: una fe m\u00e1s cultivada y personal; una forma de pensar m\u00e1s comunitaria; una evangelizaci\u00f3n que [&hellip;]","og_url":"https:\/\/tzionlibreria.com\/index.php\/product\/biblia-catolica-latinoamericana-de-bolsillo-tapa-dura-verde\/","og_site_name":"tzionlibreria.com","article_modified_time":"2025-11-21T00:20:13+00:00","og_image":[{"width":640,"height":640,"url":"http:\/\/tzionlibreria.com\/wp-content\/uploads\/2025\/11\/bib-latino-mini-verde-111-a0b13424a4f1c9207716413083072219-640-0.webp","type":"image\/webp"}],"twitter_card":"summary_large_image","twitter_misc":{"Tiempo de lectura":"2 minutos"},"schema":{"@context":"https:\/\/schema.org","@graph":[{"@type":"WebPage","@id":"https:\/\/tzionlibreria.com\/index.php\/product\/biblia-catolica-latinoamericana-de-bolsillo-tapa-dura-verde\/","url":"https:\/\/tzionlibreria.com\/index.php\/product\/biblia-catolica-latinoamericana-de-bolsillo-tapa-dura-verde\/","name":"Biblia Cat\u00f3lica Latinoamericana De Bolsillo - Tapa Dura - Verde - tzionlibreria.com","isPartOf":{"@id":"https:\/\/tzionlibreria.com\/#website"},"primaryImageOfPage":{"@id":"https:\/\/tzionlibreria.com\/index.php\/product\/biblia-catolica-latinoamericana-de-bolsillo-tapa-dura-verde\/#primaryimage"},"image":{"@id":"https:\/\/tzionlibreria.com\/index.php\/product\/biblia-catolica-latinoamericana-de-bolsillo-tapa-dura-verde\/#primaryimage"},"thumbnailUrl":"https:\/\/tzionlibreria.com\/wp-content\/uploads\/2025\/11\/bib-latino-mini-verde-111-a0b13424a4f1c9207716413083072219-640-0.webp","datePublished":"2025-11-21T00:19:12+00:00","dateModified":"2025-11-21T00:20:13+00:00","breadcrumb":{"@id":"https:\/\/tzionlibreria.com\/index.php\/product\/biblia-catolica-latinoamericana-de-bolsillo-tapa-dura-verde\/#breadcrumb"},"inLanguage":"es-CO","potentialAction":[{"@type":"ReadAction","target":["https:\/\/tzionlibreria.com\/index.php\/product\/biblia-catolica-latinoamericana-de-bolsillo-tapa-dura-verde\/"]}]},{"@type":"ImageObject","inLanguage":"es-CO","@id":"https:\/\/tzionlibreria.com\/index.php\/product\/biblia-catolica-latinoamericana-de-bolsillo-tapa-dura-verde\/#primaryimage","url":"https:\/\/tzionlibreria.com\/wp-content\/uploads\/2025\/11\/bib-latino-mini-verde-111-a0b13424a4f1c9207716413083072219-640-0.webp","contentUrl":"https:\/\/tzionlibreria.com\/wp-content\/uploads\/2025\/11\/bib-latino-mini-verde-111-a0b13424a4f1c9207716413083072219-640-0.webp","width":640,"height":640},{"@type":"BreadcrumbList","@id":"https:\/\/tzionlibreria.com\/index.php\/product\/biblia-catolica-latinoamericana-de-bolsillo-tapa-dura-verde\/#breadcrumb","itemListElement":[{"@type":"ListItem","position":1,"name":"Inicio","item":"https:\/\/tzionlibreria.com\/"},{"@type":"ListItem","position":2,"name":"Shop","item":"https:\/\/tzionlibreria.com\/index.php\/shop\/"},{"@type":"ListItem","position":3,"name":"Biblia Cat\u00f3lica Latinoamericana De Bolsillo &#8211; Tapa Dura &#8211; Verde"}]},{"@type":"WebSite","@id":"https:\/\/tzionlibreria.com\/#website","url":"https:\/\/tzionlibreria.com\/","name":"tzionlibreria.com","description":"Libreria Cristiana Venezuela","publisher":{"@id":"https:\/\/tzionlibreria.com\/#organization"},"potentialAction":[{"@type":"SearchAction","target":{"@type":"EntryPoint","urlTemplate":"https:\/\/tzionlibreria.com\/?s={search_term_string}"},"query-input":{"@type":"PropertyValueSpecification","valueRequired":true,"valueName":"search_term_string"}}],"inLanguage":"es-CO"},{"@type":"Organization","@id":"https:\/\/tzionlibreria.com\/#organization","name":"tzionlibreria.com","url":"https:\/\/tzionlibreria.com\/","logo":{"@type":"ImageObject","inLanguage":"es-CO","@id":"https:\/\/tzionlibreria.com\/#\/schema\/logo\/image\/","url":"https:\/\/tzionlibreria.com\/wp-content\/uploads\/2023\/10\/cropped-Cuadricula-scaled-1.jpg","contentUrl":"https:\/\/tzionlibreria.com\/wp-content\/uploads\/2023\/10\/cropped-Cuadricula-scaled-1.jpg","width":2560,"height":2560,"caption":"tzionlibreria.com"},"image":{"@id":"https:\/\/tzionlibreria.com\/#\/schema\/logo\/image\/"}}]}},"jetpack_sharing_enabled":true,"_links":{"self":[{"href":"https:\/\/tzionlibreria.com\/index.php\/wp-json\/wp\/v2\/product\/6510","targetHints":{"allow":["GET"]}}],"collection":[{"href":"https:\/\/tzionlibreria.com\/index.php\/wp-json\/wp\/v2\/product"}],"about":[{"href":"https:\/\/tzionlibreria.com\/index.php\/wp-json\/wp\/v2\/types\/product"}],"replies":[{"embeddable":true,"href":"https:\/\/tzionlibreria.com\/index.php\/wp-json\/wp\/v2\/comments?post=6510"}],"wp:featuredmedia":[{"embeddable":true,"href":"https:\/\/tzionlibreria.com\/index.php\/wp-json\/wp\/v2\/media\/6511"}],"wp:attachment":[{"href":"https:\/\/tzionlibreria.com\/index.php\/wp-json\/wp\/v2\/media?parent=6510"}],"wp:term":[{"taxonomy":"product_brand","embeddable":true,"href":"https:\/\/tzionlibreria.com\/index.php\/wp-json\/wp\/v2\/product_brand?post=6510"},{"taxonomy":"product_cat","embeddable":true,"href":"https:\/\/tzionlibreria.com\/index.php\/wp-json\/wp\/v2\/product_cat?post=6510"},{"taxonomy":"product_tag","embeddable":true,"href":"https:\/\/tzionlibreria.com\/index.php\/wp-json\/wp\/v2\/product_tag?post=6510"}],"curies":[{"name":"wp","href":"https:\/\/api.w.org\/{rel}","templated":true}]}}