{"id":6513,"date":"2025-11-21T00:21:46","date_gmt":"2025-11-21T00:21:46","guid":{"rendered":"https:\/\/tzionlibreria.com\/?post_type=product&#038;p=6513"},"modified":"2025-11-21T00:21:46","modified_gmt":"2025-11-21T00:21:46","slug":"las-cronicas-de-narnia-7-tomos-en-1-tapa-blanda","status":"publish","type":"product","link":"https:\/\/tzionlibreria.com\/index.php\/product\/las-cronicas-de-narnia-7-tomos-en-1-tapa-blanda\/","title":{"rendered":"Las Cr\u00f3nicas de Narnia 7 Tomos en 1 &#8211; Tapa Blanda"},"content":{"rendered":"<p>Viajes al fin del mundo, criaturas fant\u00e1sticas y batallas \u00e9picas entre el bien y el mal\u2014El Le\u00f3n, la Bruja y el Ropero es un libro que lo contiene todo\u2014y fue escrito en 1949 por C. S. Lewis. Sin embargo, Lewis no acab\u00f3 ah\u00ed. Seis libros m\u00e1s siguieron, y juntos se dieron a conocer como Las Cr\u00f3nicas de Narnia.<\/p>\n<p>Durante m\u00e1s de cincuenta a\u00f1os, Las Cr\u00f3nicas de Narnia han transcendido el g\u00e9nero de la fantas\u00eda, formando parte del canon de la literatura cl\u00e1sica. Cada uno de los siete libros es una obra maestra, que sumerge a los lectores en un terreno donde la magia es realidad, y el resultado es un mundo ficticio cuyo \u00e1mbito ha fascinado a generaciones.<\/p>\n","protected":false},"excerpt":{"rendered":"<p>Viajes al fin del mundo, criaturas fant\u00e1sticas y batallas \u00e9picas entre el bien y el mal\u2014El Le\u00f3n, la Bruja y el Ropero es un libro que lo contiene todo\u2014y fue escrito en 1949 por C. S. Lewis. Sin embargo, Lewis no acab\u00f3 ah\u00ed. Seis libros m\u00e1s siguieron, y juntos se dieron a conocer como Las [&hellip;]<\/p>\n","protected":false},"featured_media":6514,"comment_status":"open","ping_status":"closed","template":"","meta":{"om_disable_all_campaigns":false,"_monsterinsights_skip_tracking":false,"_monsterinsights_sitenote_active":false,"_monsterinsights_sitenote_note":"","_monsterinsights_sitenote_category":0,"site-sidebar-layout":"default","site-content-layout":"","ast-site-content-layout":"default","site-content-style":"default","site-sidebar-style":"default","ast-global-header-display":"","ast-banner-title-visibility":"","ast-main-header-display":"","ast-hfb-above-header-display":"","ast-hfb-below-header-display":"","ast-hfb-mobile-header-display":"","site-post-title":"","ast-breadcrumbs-content":"","ast-featured-img":"","footer-sml-layout":"","ast-disable-related-posts":"","theme-transparent-header-meta":"default","adv-header-id-meta":"","stick-header-meta":"","header-above-stick-meta":"","header-main-stick-meta":"","header-below-stick-meta":"","astra-migrate-meta-layouts":"set","ast-page-background-enabled":"default","ast-page-background-meta":{"desktop":{"background-color":"var(--ast-global-color-4)","background-image":"","background-repeat":"repeat","background-position":"center center","background-size":"auto","background-attachment":"scroll","background-type":"","background-media":"","overlay-type":"","overlay-color":"","overlay-opacity":"","overlay-gradient":""},"tablet":{"background-color":"","background-image":"","background-repeat":"repeat","background-position":"center center","background-size":"auto","background-attachment":"scroll","background-type":"","background-media":"","overlay-type":"","overlay-color":"","overlay-opacity":"","overlay-gradient":""},"mobile":{"background-color":"","background-image":"","background-repeat":"repeat","background-position":"center center","background-size":"auto","background-attachment":"scroll","background-type":"","background-media":"","overlay-type":"","overlay-color":"","overlay-opacity":"","overlay-gradient":""}},"ast-content-background-meta":{"desktop":{"background-color":"var(--ast-global-color-5)","background-image":"","background-repeat":"repeat","background-position":"center center","background-size":"auto","background-attachment":"scroll","background-type":"","background-media":"","overlay-type":"","overlay-color":"","overlay-opacity":"","overlay-gradient":""},"tablet":{"background-color":"var(--ast-global-color-5)","background-image":"","background-repeat":"repeat","background-position":"center center","background-size":"auto","background-attachment":"scroll","background-type":"","background-media":"","overlay-type":"","overlay-color":"","overlay-opacity":"","overlay-gradient":""},"mobile":{"background-color":"var(--ast-global-color-5)","background-image":"","background-repeat":"repeat","background-position":"center center","background-size":"auto","background-attachment":"scroll","background-type":"","background-media":"","overlay-type":"","overlay-color":"","overlay-opacity":"","overlay-gradient":""}}},"product_brand":[],"product_cat":[23],"product_tag":[],"class_list":{"0":"post-6513","1":"product","2":"type-product","3":"status-publish","4":"has-post-thumbnail","6":"product_cat-libros","7":"desktop-align-left","8":"tablet-align-left","9":"mobile-align-left","11":"first","12":"instock","13":"shipping-taxable","14":"purchasable","15":"product-type-simple"},"yoast_head":"<!-- This site is optimized with the Yoast SEO plugin v27.4 - https:\/\/yoast.com\/product\/yoast-seo-wordpress\/ -->\n<title>Las Cr\u00f3nicas de Narnia 7 Tomos en 1 - Tapa Blanda - tzionlibreria.com<\/title>\n<meta name=\"robots\" content=\"index, follow, max-snippet:-1, max-image-preview:large, max-video-preview:-1\" \/>\n<link rel=\"canonical\" href=\"https:\/\/tzionlibreria.com\/index.php\/product\/las-cronicas-de-narnia-7-tomos-en-1-tapa-blanda\/\" \/>\n<meta property=\"og:locale\" content=\"es_ES\" \/>\n<meta property=\"og:type\" content=\"article\" \/>\n<meta property=\"og:title\" content=\"Las Cr\u00f3nicas de Narnia 7 Tomos en 1 - Tapa Blanda - tzionlibreria.com\" \/>\n<meta property=\"og:description\" content=\"Viajes al fin del mundo, criaturas fant\u00e1sticas y batallas \u00e9picas entre el bien y el mal\u2014El Le\u00f3n, la Bruja y el Ropero es un libro que lo contiene todo\u2014y fue escrito en 1949 por C. S. Lewis. Sin embargo, Lewis no acab\u00f3 ah\u00ed. Seis libros m\u00e1s siguieron, y juntos se dieron a conocer como Las [&hellip;]\" \/>\n<meta property=\"og:url\" content=\"https:\/\/tzionlibreria.com\/index.php\/product\/las-cronicas-de-narnia-7-tomos-en-1-tapa-blanda\/\" \/>\n<meta property=\"og:site_name\" content=\"tzionlibreria.com\" \/>\n<meta property=\"og:image\" content=\"http:\/\/tzionlibreria.com\/wp-content\/uploads\/2025\/11\/9780061199004_cro_nicas_de_narnia_1024x1024@2x.jpg\" \/>\n\t<meta property=\"og:image:width\" content=\"380\" \/>\n\t<meta property=\"og:image:height\" content=\"573\" \/>\n\t<meta property=\"og:image:type\" content=\"image\/jpeg\" \/>\n<meta name=\"twitter:card\" content=\"summary_large_image\" \/>\n<meta name=\"twitter:label1\" content=\"Tiempo de lectura\" \/>\n\t<meta name=\"twitter:data1\" content=\"1 minuto\" \/>\n<script type=\"application\/ld+json\" class=\"yoast-schema-graph\">{\"@context\":\"https:\\\/\\\/schema.org\",\"@graph\":[{\"@type\":\"WebPage\",\"@id\":\"https:\\\/\\\/tzionlibreria.com\\\/index.php\\\/product\\\/las-cronicas-de-narnia-7-tomos-en-1-tapa-blanda\\\/\",\"url\":\"https:\\\/\\\/tzionlibreria.com\\\/index.php\\\/product\\\/las-cronicas-de-narnia-7-tomos-en-1-tapa-blanda\\\/\",\"name\":\"Las Cr\u00f3nicas de Narnia 7 Tomos en 1 - Tapa Blanda - tzionlibreria.com\",\"isPartOf\":{\"@id\":\"https:\\\/\\\/tzionlibreria.com\\\/#website\"},\"primaryImageOfPage\":{\"@id\":\"https:\\\/\\\/tzionlibreria.com\\\/index.php\\\/product\\\/las-cronicas-de-narnia-7-tomos-en-1-tapa-blanda\\\/#primaryimage\"},\"image\":{\"@id\":\"https:\\\/\\\/tzionlibreria.com\\\/index.php\\\/product\\\/las-cronicas-de-narnia-7-tomos-en-1-tapa-blanda\\\/#primaryimage\"},\"thumbnailUrl\":\"https:\\\/\\\/tzionlibreria.com\\\/wp-content\\\/uploads\\\/2025\\\/11\\\/9780061199004_cro_nicas_de_narnia_1024x1024@2x.jpg\",\"datePublished\":\"2025-11-21T00:21:46+00:00\",\"breadcrumb\":{\"@id\":\"https:\\\/\\\/tzionlibreria.com\\\/index.php\\\/product\\\/las-cronicas-de-narnia-7-tomos-en-1-tapa-blanda\\\/#breadcrumb\"},\"inLanguage\":\"es-CO\",\"potentialAction\":[{\"@type\":\"ReadAction\",\"target\":[\"https:\\\/\\\/tzionlibreria.com\\\/index.php\\\/product\\\/las-cronicas-de-narnia-7-tomos-en-1-tapa-blanda\\\/\"]}]},{\"@type\":\"ImageObject\",\"inLanguage\":\"es-CO\",\"@id\":\"https:\\\/\\\/tzionlibreria.com\\\/index.php\\\/product\\\/las-cronicas-de-narnia-7-tomos-en-1-tapa-blanda\\\/#primaryimage\",\"url\":\"https:\\\/\\\/tzionlibreria.com\\\/wp-content\\\/uploads\\\/2025\\\/11\\\/9780061199004_cro_nicas_de_narnia_1024x1024@2x.jpg\",\"contentUrl\":\"https:\\\/\\\/tzionlibreria.com\\\/wp-content\\\/uploads\\\/2025\\\/11\\\/9780061199004_cro_nicas_de_narnia_1024x1024@2x.jpg\",\"width\":380,\"height\":573},{\"@type\":\"BreadcrumbList\",\"@id\":\"https:\\\/\\\/tzionlibreria.com\\\/index.php\\\/product\\\/las-cronicas-de-narnia-7-tomos-en-1-tapa-blanda\\\/#breadcrumb\",\"itemListElement\":[{\"@type\":\"ListItem\",\"position\":1,\"name\":\"Inicio\",\"item\":\"https:\\\/\\\/tzionlibreria.com\\\/\"},{\"@type\":\"ListItem\",\"position\":2,\"name\":\"Shop\",\"item\":\"https:\\\/\\\/tzionlibreria.com\\\/index.php\\\/shop\\\/\"},{\"@type\":\"ListItem\",\"position\":3,\"name\":\"Las Cr\u00f3nicas de Narnia 7 Tomos en 1 &#8211; Tapa Blanda\"}]},{\"@type\":\"WebSite\",\"@id\":\"https:\\\/\\\/tzionlibreria.com\\\/#website\",\"url\":\"https:\\\/\\\/tzionlibreria.com\\\/\",\"name\":\"tzionlibreria.com\",\"description\":\"Libreria Cristiana Venezuela\",\"publisher\":{\"@id\":\"https:\\\/\\\/tzionlibreria.com\\\/#organization\"},\"potentialAction\":[{\"@type\":\"SearchAction\",\"target\":{\"@type\":\"EntryPoint\",\"urlTemplate\":\"https:\\\/\\\/tzionlibreria.com\\\/?s={search_term_string}\"},\"query-input\":{\"@type\":\"PropertyValueSpecification\",\"valueRequired\":true,\"valueName\":\"search_term_string\"}}],\"inLanguage\":\"es-CO\"},{\"@type\":\"Organization\",\"@id\":\"https:\\\/\\\/tzionlibreria.com\\\/#organization\",\"name\":\"tzionlibreria.com\",\"url\":\"https:\\\/\\\/tzionlibreria.com\\\/\",\"logo\":{\"@type\":\"ImageObject\",\"inLanguage\":\"es-CO\",\"@id\":\"https:\\\/\\\/tzionlibreria.com\\\/#\\\/schema\\\/logo\\\/image\\\/\",\"url\":\"https:\\\/\\\/tzionlibreria.com\\\/wp-content\\\/uploads\\\/2023\\\/10\\\/cropped-Cuadricula-scaled-1.jpg\",\"contentUrl\":\"https:\\\/\\\/tzionlibreria.com\\\/wp-content\\\/uploads\\\/2023\\\/10\\\/cropped-Cuadricula-scaled-1.jpg\",\"width\":2560,\"height\":2560,\"caption\":\"tzionlibreria.com\"},\"image\":{\"@id\":\"https:\\\/\\\/tzionlibreria.com\\\/#\\\/schema\\\/logo\\\/image\\\/\"}}]}<\/script>\n<!-- \/ Yoast SEO plugin. -->","yoast_head_json":{"title":"Las Cr\u00f3nicas de Narnia 7 Tomos en 1 - Tapa Blanda - tzionlibreria.com","robots":{"index":"index","follow":"follow","max-snippet":"max-snippet:-1","max-image-preview":"max-image-preview:large","max-video-preview":"max-video-preview:-1"},"canonical":"https:\/\/tzionlibreria.com\/index.php\/product\/las-cronicas-de-narnia-7-tomos-en-1-tapa-blanda\/","og_locale":"es_ES","og_type":"article","og_title":"Las Cr\u00f3nicas de Narnia 7 Tomos en 1 - Tapa Blanda - tzionlibreria.com","og_description":"Viajes al fin del mundo, criaturas fant\u00e1sticas y batallas \u00e9picas entre el bien y el mal\u2014El Le\u00f3n, la Bruja y el Ropero es un libro que lo contiene todo\u2014y fue escrito en 1949 por C. S. Lewis. Sin embargo, Lewis no acab\u00f3 ah\u00ed. Seis libros m\u00e1s siguieron, y juntos se dieron a conocer como Las [&hellip;]","og_url":"https:\/\/tzionlibreria.com\/index.php\/product\/las-cronicas-de-narnia-7-tomos-en-1-tapa-blanda\/","og_site_name":"tzionlibreria.com","og_image":[{"width":380,"height":573,"url":"http:\/\/tzionlibreria.com\/wp-content\/uploads\/2025\/11\/9780061199004_cro_nicas_de_narnia_1024x1024@2x.jpg","type":"image\/jpeg"}],"twitter_card":"summary_large_image","twitter_misc":{"Tiempo de lectura":"1 minuto"},"schema":{"@context":"https:\/\/schema.org","@graph":[{"@type":"WebPage","@id":"https:\/\/tzionlibreria.com\/index.php\/product\/las-cronicas-de-narnia-7-tomos-en-1-tapa-blanda\/","url":"https:\/\/tzionlibreria.com\/index.php\/product\/las-cronicas-de-narnia-7-tomos-en-1-tapa-blanda\/","name":"Las Cr\u00f3nicas de Narnia 7 Tomos en 1 - Tapa Blanda - tzionlibreria.com","isPartOf":{"@id":"https:\/\/tzionlibreria.com\/#website"},"primaryImageOfPage":{"@id":"https:\/\/tzionlibreria.com\/index.php\/product\/las-cronicas-de-narnia-7-tomos-en-1-tapa-blanda\/#primaryimage"},"image":{"@id":"https:\/\/tzionlibreria.com\/index.php\/product\/las-cronicas-de-narnia-7-tomos-en-1-tapa-blanda\/#primaryimage"},"thumbnailUrl":"https:\/\/tzionlibreria.com\/wp-content\/uploads\/2025\/11\/9780061199004_cro_nicas_de_narnia_1024x1024@2x.jpg","datePublished":"2025-11-21T00:21:46+00:00","breadcrumb":{"@id":"https:\/\/tzionlibreria.com\/index.php\/product\/las-cronicas-de-narnia-7-tomos-en-1-tapa-blanda\/#breadcrumb"},"inLanguage":"es-CO","potentialAction":[{"@type":"ReadAction","target":["https:\/\/tzionlibreria.com\/index.php\/product\/las-cronicas-de-narnia-7-tomos-en-1-tapa-blanda\/"]}]},{"@type":"ImageObject","inLanguage":"es-CO","@id":"https:\/\/tzionlibreria.com\/index.php\/product\/las-cronicas-de-narnia-7-tomos-en-1-tapa-blanda\/#primaryimage","url":"https:\/\/tzionlibreria.com\/wp-content\/uploads\/2025\/11\/9780061199004_cro_nicas_de_narnia_1024x1024@2x.jpg","contentUrl":"https:\/\/tzionlibreria.com\/wp-content\/uploads\/2025\/11\/9780061199004_cro_nicas_de_narnia_1024x1024@2x.jpg","width":380,"height":573},{"@type":"BreadcrumbList","@id":"https:\/\/tzionlibreria.com\/index.php\/product\/las-cronicas-de-narnia-7-tomos-en-1-tapa-blanda\/#breadcrumb","itemListElement":[{"@type":"ListItem","position":1,"name":"Inicio","item":"https:\/\/tzionlibreria.com\/"},{"@type":"ListItem","position":2,"name":"Shop","item":"https:\/\/tzionlibreria.com\/index.php\/shop\/"},{"@type":"ListItem","position":3,"name":"Las Cr\u00f3nicas de Narnia 7 Tomos en 1 &#8211; Tapa Blanda"}]},{"@type":"WebSite","@id":"https:\/\/tzionlibreria.com\/#website","url":"https:\/\/tzionlibreria.com\/","name":"tzionlibreria.com","description":"Libreria Cristiana Venezuela","publisher":{"@id":"https:\/\/tzionlibreria.com\/#organization"},"potentialAction":[{"@type":"SearchAction","target":{"@type":"EntryPoint","urlTemplate":"https:\/\/tzionlibreria.com\/?s={search_term_string}"},"query-input":{"@type":"PropertyValueSpecification","valueRequired":true,"valueName":"search_term_string"}}],"inLanguage":"es-CO"},{"@type":"Organization","@id":"https:\/\/tzionlibreria.com\/#organization","name":"tzionlibreria.com","url":"https:\/\/tzionlibreria.com\/","logo":{"@type":"ImageObject","inLanguage":"es-CO","@id":"https:\/\/tzionlibreria.com\/#\/schema\/logo\/image\/","url":"https:\/\/tzionlibreria.com\/wp-content\/uploads\/2023\/10\/cropped-Cuadricula-scaled-1.jpg","contentUrl":"https:\/\/tzionlibreria.com\/wp-content\/uploads\/2023\/10\/cropped-Cuadricula-scaled-1.jpg","width":2560,"height":2560,"caption":"tzionlibreria.com"},"image":{"@id":"https:\/\/tzionlibreria.com\/#\/schema\/logo\/image\/"}}]}},"jetpack_sharing_enabled":true,"_links":{"self":[{"href":"https:\/\/tzionlibreria.com\/index.php\/wp-json\/wp\/v2\/product\/6513","targetHints":{"allow":["GET"]}}],"collection":[{"href":"https:\/\/tzionlibreria.com\/index.php\/wp-json\/wp\/v2\/product"}],"about":[{"href":"https:\/\/tzionlibreria.com\/index.php\/wp-json\/wp\/v2\/types\/product"}],"replies":[{"embeddable":true,"href":"https:\/\/tzionlibreria.com\/index.php\/wp-json\/wp\/v2\/comments?post=6513"}],"wp:featuredmedia":[{"embeddable":true,"href":"https:\/\/tzionlibreria.com\/index.php\/wp-json\/wp\/v2\/media\/6514"}],"wp:attachment":[{"href":"https:\/\/tzionlibreria.com\/index.php\/wp-json\/wp\/v2\/media?parent=6513"}],"wp:term":[{"taxonomy":"product_brand","embeddable":true,"href":"https:\/\/tzionlibreria.com\/index.php\/wp-json\/wp\/v2\/product_brand?post=6513"},{"taxonomy":"product_cat","embeddable":true,"href":"https:\/\/tzionlibreria.com\/index.php\/wp-json\/wp\/v2\/product_cat?post=6513"},{"taxonomy":"product_tag","embeddable":true,"href":"https:\/\/tzionlibreria.com\/index.php\/wp-json\/wp\/v2\/product_tag?post=6513"}],"curies":[{"name":"wp","href":"https:\/\/api.w.org\/{rel}","templated":true}]}}