{"id":6523,"date":"2025-11-21T00:24:52","date_gmt":"2025-11-21T00:24:52","guid":{"rendered":"https:\/\/tzionlibreria.com\/?post_type=product&#038;p=6523"},"modified":"2025-11-21T00:24:53","modified_gmt":"2025-11-21T00:24:53","slug":"lo-que-saben-los-rabinos-y-que-nunca-aprendi-en-la-iglesia","status":"publish","type":"product","link":"https:\/\/tzionlibreria.com\/index.php\/product\/lo-que-saben-los-rabinos-y-que-nunca-aprendi-en-la-iglesia\/","title":{"rendered":"Lo que saben los rabinos: Y que nunca aprend\u00ed en la iglesia"},"content":{"rendered":"<p><span class=\"a-text-italic\">Lo que saben los rabinos, y que nunca aprend\u00ed en la iglesia<\/span>\u00a0es un examen revelador de lo que los cristianos pueden aprender sobre Dios de aquellos que lo llaman Adonai. El autor Chaim Bentorah ha pasado cuarenta a\u00f1os hablando con rabinos, aprendiendo de ellos y estudiando con ellos para que los cristianos puedan experimentar el evangelio a trav\u00e9s de una nueva lente.<br \/>\nBentorah navega a trav\u00e9s de las complejidades de c\u00f3mo jud\u00edos y cristianos viven, respiran y digieren las Escrituras. Los rabinos le ense\u00f1aron a Bentorah que siempre hab\u00eda nuevos conocimientos que se pod\u00edan aprender de las Escrituras, y los presenta no solo a trav\u00e9s de las tradiciones y costumbres jud\u00edas, sino tambi\u00e9n destacando la importancia de los idiomas hebreo y griego.<br \/>\nEste libro desafiar\u00e1 constructivamente a los creyentes a descubrir las ra\u00edces del cristianismo desde una perspectiva jud\u00eda, proporcionando contexto cultural y nuevas perspectivas. Venga con un coraz\u00f3n y una mente preparados por el Esp\u00edritu Santo para aprender y vivir de nuevo en Dios.<\/p>\n","protected":false},"excerpt":{"rendered":"<p>Lo que saben los rabinos, y que nunca aprend\u00ed en la iglesia\u00a0es un examen revelador de lo que los cristianos pueden aprender sobre Dios de aquellos que lo llaman Adonai. El autor Chaim Bentorah ha pasado cuarenta a\u00f1os hablando con rabinos, aprendiendo de ellos y estudiando con ellos para que los cristianos puedan experimentar el [&hellip;]<\/p>\n","protected":false},"featured_media":6524,"comment_status":"open","ping_status":"closed","template":"","meta":{"om_disable_all_campaigns":false,"_monsterinsights_skip_tracking":false,"_monsterinsights_sitenote_active":false,"_monsterinsights_sitenote_note":"","_monsterinsights_sitenote_category":0,"site-sidebar-layout":"default","site-content-layout":"","ast-site-content-layout":"default","site-content-style":"default","site-sidebar-style":"default","ast-global-header-display":"","ast-banner-title-visibility":"","ast-main-header-display":"","ast-hfb-above-header-display":"","ast-hfb-below-header-display":"","ast-hfb-mobile-header-display":"","site-post-title":"","ast-breadcrumbs-content":"","ast-featured-img":"","footer-sml-layout":"","ast-disable-related-posts":"","theme-transparent-header-meta":"default","adv-header-id-meta":"","stick-header-meta":"","header-above-stick-meta":"","header-main-stick-meta":"","header-below-stick-meta":"","astra-migrate-meta-layouts":"set","ast-page-background-enabled":"default","ast-page-background-meta":{"desktop":{"background-color":"var(--ast-global-color-4)","background-image":"","background-repeat":"repeat","background-position":"center center","background-size":"auto","background-attachment":"scroll","background-type":"","background-media":"","overlay-type":"","overlay-color":"","overlay-opacity":"","overlay-gradient":""},"tablet":{"background-color":"","background-image":"","background-repeat":"repeat","background-position":"center center","background-size":"auto","background-attachment":"scroll","background-type":"","background-media":"","overlay-type":"","overlay-color":"","overlay-opacity":"","overlay-gradient":""},"mobile":{"background-color":"","background-image":"","background-repeat":"repeat","background-position":"center center","background-size":"auto","background-attachment":"scroll","background-type":"","background-media":"","overlay-type":"","overlay-color":"","overlay-opacity":"","overlay-gradient":""}},"ast-content-background-meta":{"desktop":{"background-color":"var(--ast-global-color-5)","background-image":"","background-repeat":"repeat","background-position":"center center","background-size":"auto","background-attachment":"scroll","background-type":"","background-media":"","overlay-type":"","overlay-color":"","overlay-opacity":"","overlay-gradient":""},"tablet":{"background-color":"var(--ast-global-color-5)","background-image":"","background-repeat":"repeat","background-position":"center center","background-size":"auto","background-attachment":"scroll","background-type":"","background-media":"","overlay-type":"","overlay-color":"","overlay-opacity":"","overlay-gradient":""},"mobile":{"background-color":"var(--ast-global-color-5)","background-image":"","background-repeat":"repeat","background-position":"center center","background-size":"auto","background-attachment":"scroll","background-type":"","background-media":"","overlay-type":"","overlay-color":"","overlay-opacity":"","overlay-gradient":""}}},"product_brand":[],"product_cat":[23],"product_tag":[],"class_list":{"0":"post-6523","1":"product","2":"type-product","3":"status-publish","4":"has-post-thumbnail","6":"product_cat-libros","7":"desktop-align-left","8":"tablet-align-left","9":"mobile-align-left","11":"first","12":"instock","13":"shipping-taxable","14":"purchasable","15":"product-type-simple"},"yoast_head":"<!-- This site is optimized with the Yoast SEO plugin v27.4 - https:\/\/yoast.com\/product\/yoast-seo-wordpress\/ -->\n<title>Lo que saben los rabinos: Y que nunca aprend\u00ed en la iglesia - tzionlibreria.com<\/title>\n<meta name=\"robots\" content=\"index, follow, max-snippet:-1, max-image-preview:large, max-video-preview:-1\" \/>\n<link rel=\"canonical\" href=\"https:\/\/tzionlibreria.com\/index.php\/product\/lo-que-saben-los-rabinos-y-que-nunca-aprendi-en-la-iglesia\/\" \/>\n<meta property=\"og:locale\" content=\"es_ES\" \/>\n<meta property=\"og:type\" content=\"article\" \/>\n<meta property=\"og:title\" content=\"Lo que saben los rabinos: Y que nunca aprend\u00ed en la iglesia - tzionlibreria.com\" \/>\n<meta property=\"og:description\" content=\"Lo que saben los rabinos, y que nunca aprend\u00ed en la iglesia\u00a0es un examen revelador de lo que los cristianos pueden aprender sobre Dios de aquellos que lo llaman Adonai. El autor Chaim Bentorah ha pasado cuarenta a\u00f1os hablando con rabinos, aprendiendo de ellos y estudiando con ellos para que los cristianos puedan experimentar el [&hellip;]\" \/>\n<meta property=\"og:url\" content=\"https:\/\/tzionlibreria.com\/index.php\/product\/lo-que-saben-los-rabinos-y-que-nunca-aprendi-en-la-iglesia\/\" \/>\n<meta property=\"og:site_name\" content=\"tzionlibreria.com\" \/>\n<meta property=\"article:modified_time\" content=\"2025-11-21T00:24:53+00:00\" \/>\n<meta property=\"og:image\" content=\"http:\/\/tzionlibreria.com\/wp-content\/uploads\/2025\/11\/61jNkYe0SbL._SL1500_.jpg\" \/>\n\t<meta property=\"og:image:width\" content=\"969\" \/>\n\t<meta property=\"og:image:height\" content=\"1500\" \/>\n\t<meta property=\"og:image:type\" content=\"image\/jpeg\" \/>\n<meta name=\"twitter:card\" content=\"summary_large_image\" \/>\n<meta name=\"twitter:label1\" content=\"Tiempo de lectura\" \/>\n\t<meta name=\"twitter:data1\" content=\"1 minuto\" \/>\n<script type=\"application\/ld+json\" class=\"yoast-schema-graph\">{\"@context\":\"https:\\\/\\\/schema.org\",\"@graph\":[{\"@type\":\"WebPage\",\"@id\":\"https:\\\/\\\/tzionlibreria.com\\\/index.php\\\/product\\\/lo-que-saben-los-rabinos-y-que-nunca-aprendi-en-la-iglesia\\\/\",\"url\":\"https:\\\/\\\/tzionlibreria.com\\\/index.php\\\/product\\\/lo-que-saben-los-rabinos-y-que-nunca-aprendi-en-la-iglesia\\\/\",\"name\":\"Lo que saben los rabinos: Y que nunca aprend\u00ed en la iglesia - tzionlibreria.com\",\"isPartOf\":{\"@id\":\"https:\\\/\\\/tzionlibreria.com\\\/#website\"},\"primaryImageOfPage\":{\"@id\":\"https:\\\/\\\/tzionlibreria.com\\\/index.php\\\/product\\\/lo-que-saben-los-rabinos-y-que-nunca-aprendi-en-la-iglesia\\\/#primaryimage\"},\"image\":{\"@id\":\"https:\\\/\\\/tzionlibreria.com\\\/index.php\\\/product\\\/lo-que-saben-los-rabinos-y-que-nunca-aprendi-en-la-iglesia\\\/#primaryimage\"},\"thumbnailUrl\":\"https:\\\/\\\/tzionlibreria.com\\\/wp-content\\\/uploads\\\/2025\\\/11\\\/61jNkYe0SbL._SL1500_.jpg\",\"datePublished\":\"2025-11-21T00:24:52+00:00\",\"dateModified\":\"2025-11-21T00:24:53+00:00\",\"breadcrumb\":{\"@id\":\"https:\\\/\\\/tzionlibreria.com\\\/index.php\\\/product\\\/lo-que-saben-los-rabinos-y-que-nunca-aprendi-en-la-iglesia\\\/#breadcrumb\"},\"inLanguage\":\"es-CO\",\"potentialAction\":[{\"@type\":\"ReadAction\",\"target\":[\"https:\\\/\\\/tzionlibreria.com\\\/index.php\\\/product\\\/lo-que-saben-los-rabinos-y-que-nunca-aprendi-en-la-iglesia\\\/\"]}]},{\"@type\":\"ImageObject\",\"inLanguage\":\"es-CO\",\"@id\":\"https:\\\/\\\/tzionlibreria.com\\\/index.php\\\/product\\\/lo-que-saben-los-rabinos-y-que-nunca-aprendi-en-la-iglesia\\\/#primaryimage\",\"url\":\"https:\\\/\\\/tzionlibreria.com\\\/wp-content\\\/uploads\\\/2025\\\/11\\\/61jNkYe0SbL._SL1500_.jpg\",\"contentUrl\":\"https:\\\/\\\/tzionlibreria.com\\\/wp-content\\\/uploads\\\/2025\\\/11\\\/61jNkYe0SbL._SL1500_.jpg\",\"width\":969,\"height\":1500},{\"@type\":\"BreadcrumbList\",\"@id\":\"https:\\\/\\\/tzionlibreria.com\\\/index.php\\\/product\\\/lo-que-saben-los-rabinos-y-que-nunca-aprendi-en-la-iglesia\\\/#breadcrumb\",\"itemListElement\":[{\"@type\":\"ListItem\",\"position\":1,\"name\":\"Inicio\",\"item\":\"https:\\\/\\\/tzionlibreria.com\\\/\"},{\"@type\":\"ListItem\",\"position\":2,\"name\":\"Shop\",\"item\":\"https:\\\/\\\/tzionlibreria.com\\\/index.php\\\/shop\\\/\"},{\"@type\":\"ListItem\",\"position\":3,\"name\":\"Lo que saben los rabinos: Y que nunca aprend\u00ed en la iglesia\"}]},{\"@type\":\"WebSite\",\"@id\":\"https:\\\/\\\/tzionlibreria.com\\\/#website\",\"url\":\"https:\\\/\\\/tzionlibreria.com\\\/\",\"name\":\"tzionlibreria.com\",\"description\":\"Libreria Cristiana Venezuela\",\"publisher\":{\"@id\":\"https:\\\/\\\/tzionlibreria.com\\\/#organization\"},\"potentialAction\":[{\"@type\":\"SearchAction\",\"target\":{\"@type\":\"EntryPoint\",\"urlTemplate\":\"https:\\\/\\\/tzionlibreria.com\\\/?s={search_term_string}\"},\"query-input\":{\"@type\":\"PropertyValueSpecification\",\"valueRequired\":true,\"valueName\":\"search_term_string\"}}],\"inLanguage\":\"es-CO\"},{\"@type\":\"Organization\",\"@id\":\"https:\\\/\\\/tzionlibreria.com\\\/#organization\",\"name\":\"tzionlibreria.com\",\"url\":\"https:\\\/\\\/tzionlibreria.com\\\/\",\"logo\":{\"@type\":\"ImageObject\",\"inLanguage\":\"es-CO\",\"@id\":\"https:\\\/\\\/tzionlibreria.com\\\/#\\\/schema\\\/logo\\\/image\\\/\",\"url\":\"https:\\\/\\\/tzionlibreria.com\\\/wp-content\\\/uploads\\\/2023\\\/10\\\/cropped-Cuadricula-scaled-1.jpg\",\"contentUrl\":\"https:\\\/\\\/tzionlibreria.com\\\/wp-content\\\/uploads\\\/2023\\\/10\\\/cropped-Cuadricula-scaled-1.jpg\",\"width\":2560,\"height\":2560,\"caption\":\"tzionlibreria.com\"},\"image\":{\"@id\":\"https:\\\/\\\/tzionlibreria.com\\\/#\\\/schema\\\/logo\\\/image\\\/\"}}]}<\/script>\n<!-- \/ Yoast SEO plugin. -->","yoast_head_json":{"title":"Lo que saben los rabinos: Y que nunca aprend\u00ed en la iglesia - tzionlibreria.com","robots":{"index":"index","follow":"follow","max-snippet":"max-snippet:-1","max-image-preview":"max-image-preview:large","max-video-preview":"max-video-preview:-1"},"canonical":"https:\/\/tzionlibreria.com\/index.php\/product\/lo-que-saben-los-rabinos-y-que-nunca-aprendi-en-la-iglesia\/","og_locale":"es_ES","og_type":"article","og_title":"Lo que saben los rabinos: Y que nunca aprend\u00ed en la iglesia - tzionlibreria.com","og_description":"Lo que saben los rabinos, y que nunca aprend\u00ed en la iglesia\u00a0es un examen revelador de lo que los cristianos pueden aprender sobre Dios de aquellos que lo llaman Adonai. El autor Chaim Bentorah ha pasado cuarenta a\u00f1os hablando con rabinos, aprendiendo de ellos y estudiando con ellos para que los cristianos puedan experimentar el [&hellip;]","og_url":"https:\/\/tzionlibreria.com\/index.php\/product\/lo-que-saben-los-rabinos-y-que-nunca-aprendi-en-la-iglesia\/","og_site_name":"tzionlibreria.com","article_modified_time":"2025-11-21T00:24:53+00:00","og_image":[{"width":969,"height":1500,"url":"http:\/\/tzionlibreria.com\/wp-content\/uploads\/2025\/11\/61jNkYe0SbL._SL1500_.jpg","type":"image\/jpeg"}],"twitter_card":"summary_large_image","twitter_misc":{"Tiempo de lectura":"1 minuto"},"schema":{"@context":"https:\/\/schema.org","@graph":[{"@type":"WebPage","@id":"https:\/\/tzionlibreria.com\/index.php\/product\/lo-que-saben-los-rabinos-y-que-nunca-aprendi-en-la-iglesia\/","url":"https:\/\/tzionlibreria.com\/index.php\/product\/lo-que-saben-los-rabinos-y-que-nunca-aprendi-en-la-iglesia\/","name":"Lo que saben los rabinos: Y que nunca aprend\u00ed en la iglesia - tzionlibreria.com","isPartOf":{"@id":"https:\/\/tzionlibreria.com\/#website"},"primaryImageOfPage":{"@id":"https:\/\/tzionlibreria.com\/index.php\/product\/lo-que-saben-los-rabinos-y-que-nunca-aprendi-en-la-iglesia\/#primaryimage"},"image":{"@id":"https:\/\/tzionlibreria.com\/index.php\/product\/lo-que-saben-los-rabinos-y-que-nunca-aprendi-en-la-iglesia\/#primaryimage"},"thumbnailUrl":"https:\/\/tzionlibreria.com\/wp-content\/uploads\/2025\/11\/61jNkYe0SbL._SL1500_.jpg","datePublished":"2025-11-21T00:24:52+00:00","dateModified":"2025-11-21T00:24:53+00:00","breadcrumb":{"@id":"https:\/\/tzionlibreria.com\/index.php\/product\/lo-que-saben-los-rabinos-y-que-nunca-aprendi-en-la-iglesia\/#breadcrumb"},"inLanguage":"es-CO","potentialAction":[{"@type":"ReadAction","target":["https:\/\/tzionlibreria.com\/index.php\/product\/lo-que-saben-los-rabinos-y-que-nunca-aprendi-en-la-iglesia\/"]}]},{"@type":"ImageObject","inLanguage":"es-CO","@id":"https:\/\/tzionlibreria.com\/index.php\/product\/lo-que-saben-los-rabinos-y-que-nunca-aprendi-en-la-iglesia\/#primaryimage","url":"https:\/\/tzionlibreria.com\/wp-content\/uploads\/2025\/11\/61jNkYe0SbL._SL1500_.jpg","contentUrl":"https:\/\/tzionlibreria.com\/wp-content\/uploads\/2025\/11\/61jNkYe0SbL._SL1500_.jpg","width":969,"height":1500},{"@type":"BreadcrumbList","@id":"https:\/\/tzionlibreria.com\/index.php\/product\/lo-que-saben-los-rabinos-y-que-nunca-aprendi-en-la-iglesia\/#breadcrumb","itemListElement":[{"@type":"ListItem","position":1,"name":"Inicio","item":"https:\/\/tzionlibreria.com\/"},{"@type":"ListItem","position":2,"name":"Shop","item":"https:\/\/tzionlibreria.com\/index.php\/shop\/"},{"@type":"ListItem","position":3,"name":"Lo que saben los rabinos: Y que nunca aprend\u00ed en la iglesia"}]},{"@type":"WebSite","@id":"https:\/\/tzionlibreria.com\/#website","url":"https:\/\/tzionlibreria.com\/","name":"tzionlibreria.com","description":"Libreria Cristiana Venezuela","publisher":{"@id":"https:\/\/tzionlibreria.com\/#organization"},"potentialAction":[{"@type":"SearchAction","target":{"@type":"EntryPoint","urlTemplate":"https:\/\/tzionlibreria.com\/?s={search_term_string}"},"query-input":{"@type":"PropertyValueSpecification","valueRequired":true,"valueName":"search_term_string"}}],"inLanguage":"es-CO"},{"@type":"Organization","@id":"https:\/\/tzionlibreria.com\/#organization","name":"tzionlibreria.com","url":"https:\/\/tzionlibreria.com\/","logo":{"@type":"ImageObject","inLanguage":"es-CO","@id":"https:\/\/tzionlibreria.com\/#\/schema\/logo\/image\/","url":"https:\/\/tzionlibreria.com\/wp-content\/uploads\/2023\/10\/cropped-Cuadricula-scaled-1.jpg","contentUrl":"https:\/\/tzionlibreria.com\/wp-content\/uploads\/2023\/10\/cropped-Cuadricula-scaled-1.jpg","width":2560,"height":2560,"caption":"tzionlibreria.com"},"image":{"@id":"https:\/\/tzionlibreria.com\/#\/schema\/logo\/image\/"}}]}},"jetpack_sharing_enabled":true,"_links":{"self":[{"href":"https:\/\/tzionlibreria.com\/index.php\/wp-json\/wp\/v2\/product\/6523","targetHints":{"allow":["GET"]}}],"collection":[{"href":"https:\/\/tzionlibreria.com\/index.php\/wp-json\/wp\/v2\/product"}],"about":[{"href":"https:\/\/tzionlibreria.com\/index.php\/wp-json\/wp\/v2\/types\/product"}],"replies":[{"embeddable":true,"href":"https:\/\/tzionlibreria.com\/index.php\/wp-json\/wp\/v2\/comments?post=6523"}],"wp:featuredmedia":[{"embeddable":true,"href":"https:\/\/tzionlibreria.com\/index.php\/wp-json\/wp\/v2\/media\/6524"}],"wp:attachment":[{"href":"https:\/\/tzionlibreria.com\/index.php\/wp-json\/wp\/v2\/media?parent=6523"}],"wp:term":[{"taxonomy":"product_brand","embeddable":true,"href":"https:\/\/tzionlibreria.com\/index.php\/wp-json\/wp\/v2\/product_brand?post=6523"},{"taxonomy":"product_cat","embeddable":true,"href":"https:\/\/tzionlibreria.com\/index.php\/wp-json\/wp\/v2\/product_cat?post=6523"},{"taxonomy":"product_tag","embeddable":true,"href":"https:\/\/tzionlibreria.com\/index.php\/wp-json\/wp\/v2\/product_tag?post=6523"}],"curies":[{"name":"wp","href":"https:\/\/api.w.org\/{rel}","templated":true}]}}