{"id":6525,"date":"2025-11-21T00:26:19","date_gmt":"2025-11-21T00:26:19","guid":{"rendered":"https:\/\/tzionlibreria.com\/?post_type=product&#038;p=6525"},"modified":"2025-11-21T00:26:19","modified_gmt":"2025-11-21T00:26:19","slug":"anclado-por-el-evangelio-manual-para-vivir-las-buenas-nuevas-cada-dia","status":"publish","type":"product","link":"https:\/\/tzionlibreria.com\/index.php\/product\/anclado-por-el-evangelio-manual-para-vivir-las-buenas-nuevas-cada-dia\/","title":{"rendered":"Anclado Por El Evangelio &#8211; Manual Para Vivir Las Buenas Nuevas Cada Dia"},"content":{"rendered":"<p>A los cristianos de Roma, el ap\u00f3stol Pablo escribi\u00f3: \u201c\u2026ansioso estoy de anunciar el evangelio tambi\u00e9n a ustedes que est\u00e1is en Roma\u201d (Romanos 1:15). Evidentemente, los cristianos necesitan escuchar el evangelio a\u00fan despu\u00e9s de su conversi\u00f3n. Dios nos ofrece el evangelio todos los d\u00edas como un regalo donde sigue d\u00e1ndonos todo lo que necesitamos para la vida y la piedad. Manual del Evangelio para Cristianos est\u00e1 dise\u00f1ado para hacer precisamente eso.<\/p>\n<p>Utiliza este libro como una herramienta poderosa para predicarte el evangelio a diario, y sorpr\u00e9ndete de la diferencia que puede hacer en tu vida.<\/p>\n<p>&nbsp;<\/p>\n<p><strong>ISBN<\/strong>: 9781964427072<br \/>\n<strong>Editorial<\/strong>:\u00a0Editorial Bautista Independiente<br \/>\n<strong>Dimensiones<\/strong>: 140 x 215 mm<br \/>\n<strong>Cubierta<\/strong>: R\u00fastica<br \/>\n<strong>N\u00famero de p\u00e1ginas<\/strong>: 133<br \/>\n<strong>Fecha de lanzamiento<\/strong>: 25.09.2025<br \/>\n<strong>Idioma<\/strong>: Espa\u00f1ol<\/p>\n","protected":false},"excerpt":{"rendered":"<p>A los cristianos de Roma, el ap\u00f3stol Pablo escribi\u00f3: \u201c\u2026ansioso estoy de anunciar el evangelio tambi\u00e9n a ustedes que est\u00e1is en Roma\u201d (Romanos 1:15). Evidentemente, los cristianos necesitan escuchar el evangelio a\u00fan despu\u00e9s de su conversi\u00f3n. Dios nos ofrece el evangelio todos los d\u00edas como un regalo donde sigue d\u00e1ndonos todo lo que necesitamos para [&hellip;]<\/p>\n","protected":false},"featured_media":6526,"comment_status":"open","ping_status":"closed","template":"","meta":{"om_disable_all_campaigns":false,"_monsterinsights_skip_tracking":false,"_monsterinsights_sitenote_active":false,"_monsterinsights_sitenote_note":"","_monsterinsights_sitenote_category":0,"site-sidebar-layout":"default","site-content-layout":"","ast-site-content-layout":"default","site-content-style":"default","site-sidebar-style":"default","ast-global-header-display":"","ast-banner-title-visibility":"","ast-main-header-display":"","ast-hfb-above-header-display":"","ast-hfb-below-header-display":"","ast-hfb-mobile-header-display":"","site-post-title":"","ast-breadcrumbs-content":"","ast-featured-img":"","footer-sml-layout":"","ast-disable-related-posts":"","theme-transparent-header-meta":"default","adv-header-id-meta":"","stick-header-meta":"","header-above-stick-meta":"","header-main-stick-meta":"","header-below-stick-meta":"","astra-migrate-meta-layouts":"set","ast-page-background-enabled":"default","ast-page-background-meta":{"desktop":{"background-color":"var(--ast-global-color-4)","background-image":"","background-repeat":"repeat","background-position":"center center","background-size":"auto","background-attachment":"scroll","background-type":"","background-media":"","overlay-type":"","overlay-color":"","overlay-opacity":"","overlay-gradient":""},"tablet":{"background-color":"","background-image":"","background-repeat":"repeat","background-position":"center center","background-size":"auto","background-attachment":"scroll","background-type":"","background-media":"","overlay-type":"","overlay-color":"","overlay-opacity":"","overlay-gradient":""},"mobile":{"background-color":"","background-image":"","background-repeat":"repeat","background-position":"center center","background-size":"auto","background-attachment":"scroll","background-type":"","background-media":"","overlay-type":"","overlay-color":"","overlay-opacity":"","overlay-gradient":""}},"ast-content-background-meta":{"desktop":{"background-color":"var(--ast-global-color-5)","background-image":"","background-repeat":"repeat","background-position":"center center","background-size":"auto","background-attachment":"scroll","background-type":"","background-media":"","overlay-type":"","overlay-color":"","overlay-opacity":"","overlay-gradient":""},"tablet":{"background-color":"var(--ast-global-color-5)","background-image":"","background-repeat":"repeat","background-position":"center center","background-size":"auto","background-attachment":"scroll","background-type":"","background-media":"","overlay-type":"","overlay-color":"","overlay-opacity":"","overlay-gradient":""},"mobile":{"background-color":"var(--ast-global-color-5)","background-image":"","background-repeat":"repeat","background-position":"center center","background-size":"auto","background-attachment":"scroll","background-type":"","background-media":"","overlay-type":"","overlay-color":"","overlay-opacity":"","overlay-gradient":""}}},"product_brand":[],"product_cat":[23],"product_tag":[],"class_list":{"0":"post-6525","1":"product","2":"type-product","3":"status-publish","4":"has-post-thumbnail","6":"product_cat-libros","7":"desktop-align-left","8":"tablet-align-left","9":"mobile-align-left","11":"first","12":"instock","13":"shipping-taxable","14":"purchasable","15":"product-type-simple"},"yoast_head":"<!-- This site is optimized with the Yoast SEO plugin v27.4 - https:\/\/yoast.com\/product\/yoast-seo-wordpress\/ -->\n<title>Anclado Por El Evangelio - Manual Para Vivir Las Buenas Nuevas Cada Dia - tzionlibreria.com<\/title>\n<meta name=\"robots\" content=\"index, follow, max-snippet:-1, max-image-preview:large, max-video-preview:-1\" \/>\n<link rel=\"canonical\" href=\"https:\/\/tzionlibreria.com\/index.php\/product\/anclado-por-el-evangelio-manual-para-vivir-las-buenas-nuevas-cada-dia\/\" \/>\n<meta property=\"og:locale\" content=\"es_ES\" \/>\n<meta property=\"og:type\" content=\"article\" \/>\n<meta property=\"og:title\" content=\"Anclado Por El Evangelio - Manual Para Vivir Las Buenas Nuevas Cada Dia - tzionlibreria.com\" \/>\n<meta property=\"og:description\" content=\"A los cristianos de Roma, el ap\u00f3stol Pablo escribi\u00f3: \u201c\u2026ansioso estoy de anunciar el evangelio tambi\u00e9n a ustedes que est\u00e1is en Roma\u201d (Romanos 1:15). Evidentemente, los cristianos necesitan escuchar el evangelio a\u00fan despu\u00e9s de su conversi\u00f3n. Dios nos ofrece el evangelio todos los d\u00edas como un regalo donde sigue d\u00e1ndonos todo lo que necesitamos para [&hellip;]\" \/>\n<meta property=\"og:url\" content=\"https:\/\/tzionlibreria.com\/index.php\/product\/anclado-por-el-evangelio-manual-para-vivir-las-buenas-nuevas-cada-dia\/\" \/>\n<meta property=\"og:site_name\" content=\"tzionlibreria.com\" \/>\n<meta property=\"og:image\" content=\"http:\/\/tzionlibreria.com\/wp-content\/uploads\/2025\/11\/44302.jpg\" \/>\n\t<meta property=\"og:image:width\" content=\"1080\" \/>\n\t<meta property=\"og:image:height\" content=\"1080\" \/>\n\t<meta property=\"og:image:type\" content=\"image\/jpeg\" \/>\n<meta name=\"twitter:card\" content=\"summary_large_image\" \/>\n<meta name=\"twitter:label1\" content=\"Tiempo de lectura\" \/>\n\t<meta name=\"twitter:data1\" content=\"1 minuto\" \/>\n<script type=\"application\/ld+json\" class=\"yoast-schema-graph\">{\"@context\":\"https:\\\/\\\/schema.org\",\"@graph\":[{\"@type\":\"WebPage\",\"@id\":\"https:\\\/\\\/tzionlibreria.com\\\/index.php\\\/product\\\/anclado-por-el-evangelio-manual-para-vivir-las-buenas-nuevas-cada-dia\\\/\",\"url\":\"https:\\\/\\\/tzionlibreria.com\\\/index.php\\\/product\\\/anclado-por-el-evangelio-manual-para-vivir-las-buenas-nuevas-cada-dia\\\/\",\"name\":\"Anclado Por El Evangelio - Manual Para Vivir Las Buenas Nuevas Cada Dia - tzionlibreria.com\",\"isPartOf\":{\"@id\":\"https:\\\/\\\/tzionlibreria.com\\\/#website\"},\"primaryImageOfPage\":{\"@id\":\"https:\\\/\\\/tzionlibreria.com\\\/index.php\\\/product\\\/anclado-por-el-evangelio-manual-para-vivir-las-buenas-nuevas-cada-dia\\\/#primaryimage\"},\"image\":{\"@id\":\"https:\\\/\\\/tzionlibreria.com\\\/index.php\\\/product\\\/anclado-por-el-evangelio-manual-para-vivir-las-buenas-nuevas-cada-dia\\\/#primaryimage\"},\"thumbnailUrl\":\"https:\\\/\\\/tzionlibreria.com\\\/wp-content\\\/uploads\\\/2025\\\/11\\\/44302.jpg\",\"datePublished\":\"2025-11-21T00:26:19+00:00\",\"breadcrumb\":{\"@id\":\"https:\\\/\\\/tzionlibreria.com\\\/index.php\\\/product\\\/anclado-por-el-evangelio-manual-para-vivir-las-buenas-nuevas-cada-dia\\\/#breadcrumb\"},\"inLanguage\":\"es-CO\",\"potentialAction\":[{\"@type\":\"ReadAction\",\"target\":[\"https:\\\/\\\/tzionlibreria.com\\\/index.php\\\/product\\\/anclado-por-el-evangelio-manual-para-vivir-las-buenas-nuevas-cada-dia\\\/\"]}]},{\"@type\":\"ImageObject\",\"inLanguage\":\"es-CO\",\"@id\":\"https:\\\/\\\/tzionlibreria.com\\\/index.php\\\/product\\\/anclado-por-el-evangelio-manual-para-vivir-las-buenas-nuevas-cada-dia\\\/#primaryimage\",\"url\":\"https:\\\/\\\/tzionlibreria.com\\\/wp-content\\\/uploads\\\/2025\\\/11\\\/44302.jpg\",\"contentUrl\":\"https:\\\/\\\/tzionlibreria.com\\\/wp-content\\\/uploads\\\/2025\\\/11\\\/44302.jpg\",\"width\":1080,\"height\":1080},{\"@type\":\"BreadcrumbList\",\"@id\":\"https:\\\/\\\/tzionlibreria.com\\\/index.php\\\/product\\\/anclado-por-el-evangelio-manual-para-vivir-las-buenas-nuevas-cada-dia\\\/#breadcrumb\",\"itemListElement\":[{\"@type\":\"ListItem\",\"position\":1,\"name\":\"Inicio\",\"item\":\"https:\\\/\\\/tzionlibreria.com\\\/\"},{\"@type\":\"ListItem\",\"position\":2,\"name\":\"Shop\",\"item\":\"https:\\\/\\\/tzionlibreria.com\\\/index.php\\\/shop\\\/\"},{\"@type\":\"ListItem\",\"position\":3,\"name\":\"Anclado Por El Evangelio &#8211; Manual Para Vivir Las Buenas Nuevas Cada Dia\"}]},{\"@type\":\"WebSite\",\"@id\":\"https:\\\/\\\/tzionlibreria.com\\\/#website\",\"url\":\"https:\\\/\\\/tzionlibreria.com\\\/\",\"name\":\"tzionlibreria.com\",\"description\":\"Libreria Cristiana Venezuela\",\"publisher\":{\"@id\":\"https:\\\/\\\/tzionlibreria.com\\\/#organization\"},\"potentialAction\":[{\"@type\":\"SearchAction\",\"target\":{\"@type\":\"EntryPoint\",\"urlTemplate\":\"https:\\\/\\\/tzionlibreria.com\\\/?s={search_term_string}\"},\"query-input\":{\"@type\":\"PropertyValueSpecification\",\"valueRequired\":true,\"valueName\":\"search_term_string\"}}],\"inLanguage\":\"es-CO\"},{\"@type\":\"Organization\",\"@id\":\"https:\\\/\\\/tzionlibreria.com\\\/#organization\",\"name\":\"tzionlibreria.com\",\"url\":\"https:\\\/\\\/tzionlibreria.com\\\/\",\"logo\":{\"@type\":\"ImageObject\",\"inLanguage\":\"es-CO\",\"@id\":\"https:\\\/\\\/tzionlibreria.com\\\/#\\\/schema\\\/logo\\\/image\\\/\",\"url\":\"https:\\\/\\\/tzionlibreria.com\\\/wp-content\\\/uploads\\\/2023\\\/10\\\/cropped-Cuadricula-scaled-1.jpg\",\"contentUrl\":\"https:\\\/\\\/tzionlibreria.com\\\/wp-content\\\/uploads\\\/2023\\\/10\\\/cropped-Cuadricula-scaled-1.jpg\",\"width\":2560,\"height\":2560,\"caption\":\"tzionlibreria.com\"},\"image\":{\"@id\":\"https:\\\/\\\/tzionlibreria.com\\\/#\\\/schema\\\/logo\\\/image\\\/\"}}]}<\/script>\n<!-- \/ Yoast SEO plugin. -->","yoast_head_json":{"title":"Anclado Por El Evangelio - Manual Para Vivir Las Buenas Nuevas Cada Dia - tzionlibreria.com","robots":{"index":"index","follow":"follow","max-snippet":"max-snippet:-1","max-image-preview":"max-image-preview:large","max-video-preview":"max-video-preview:-1"},"canonical":"https:\/\/tzionlibreria.com\/index.php\/product\/anclado-por-el-evangelio-manual-para-vivir-las-buenas-nuevas-cada-dia\/","og_locale":"es_ES","og_type":"article","og_title":"Anclado Por El Evangelio - Manual Para Vivir Las Buenas Nuevas Cada Dia - tzionlibreria.com","og_description":"A los cristianos de Roma, el ap\u00f3stol Pablo escribi\u00f3: \u201c\u2026ansioso estoy de anunciar el evangelio tambi\u00e9n a ustedes que est\u00e1is en Roma\u201d (Romanos 1:15). Evidentemente, los cristianos necesitan escuchar el evangelio a\u00fan despu\u00e9s de su conversi\u00f3n. Dios nos ofrece el evangelio todos los d\u00edas como un regalo donde sigue d\u00e1ndonos todo lo que necesitamos para [&hellip;]","og_url":"https:\/\/tzionlibreria.com\/index.php\/product\/anclado-por-el-evangelio-manual-para-vivir-las-buenas-nuevas-cada-dia\/","og_site_name":"tzionlibreria.com","og_image":[{"width":1080,"height":1080,"url":"http:\/\/tzionlibreria.com\/wp-content\/uploads\/2025\/11\/44302.jpg","type":"image\/jpeg"}],"twitter_card":"summary_large_image","twitter_misc":{"Tiempo de lectura":"1 minuto"},"schema":{"@context":"https:\/\/schema.org","@graph":[{"@type":"WebPage","@id":"https:\/\/tzionlibreria.com\/index.php\/product\/anclado-por-el-evangelio-manual-para-vivir-las-buenas-nuevas-cada-dia\/","url":"https:\/\/tzionlibreria.com\/index.php\/product\/anclado-por-el-evangelio-manual-para-vivir-las-buenas-nuevas-cada-dia\/","name":"Anclado Por El Evangelio - Manual Para Vivir Las Buenas Nuevas Cada Dia - tzionlibreria.com","isPartOf":{"@id":"https:\/\/tzionlibreria.com\/#website"},"primaryImageOfPage":{"@id":"https:\/\/tzionlibreria.com\/index.php\/product\/anclado-por-el-evangelio-manual-para-vivir-las-buenas-nuevas-cada-dia\/#primaryimage"},"image":{"@id":"https:\/\/tzionlibreria.com\/index.php\/product\/anclado-por-el-evangelio-manual-para-vivir-las-buenas-nuevas-cada-dia\/#primaryimage"},"thumbnailUrl":"https:\/\/tzionlibreria.com\/wp-content\/uploads\/2025\/11\/44302.jpg","datePublished":"2025-11-21T00:26:19+00:00","breadcrumb":{"@id":"https:\/\/tzionlibreria.com\/index.php\/product\/anclado-por-el-evangelio-manual-para-vivir-las-buenas-nuevas-cada-dia\/#breadcrumb"},"inLanguage":"es-CO","potentialAction":[{"@type":"ReadAction","target":["https:\/\/tzionlibreria.com\/index.php\/product\/anclado-por-el-evangelio-manual-para-vivir-las-buenas-nuevas-cada-dia\/"]}]},{"@type":"ImageObject","inLanguage":"es-CO","@id":"https:\/\/tzionlibreria.com\/index.php\/product\/anclado-por-el-evangelio-manual-para-vivir-las-buenas-nuevas-cada-dia\/#primaryimage","url":"https:\/\/tzionlibreria.com\/wp-content\/uploads\/2025\/11\/44302.jpg","contentUrl":"https:\/\/tzionlibreria.com\/wp-content\/uploads\/2025\/11\/44302.jpg","width":1080,"height":1080},{"@type":"BreadcrumbList","@id":"https:\/\/tzionlibreria.com\/index.php\/product\/anclado-por-el-evangelio-manual-para-vivir-las-buenas-nuevas-cada-dia\/#breadcrumb","itemListElement":[{"@type":"ListItem","position":1,"name":"Inicio","item":"https:\/\/tzionlibreria.com\/"},{"@type":"ListItem","position":2,"name":"Shop","item":"https:\/\/tzionlibreria.com\/index.php\/shop\/"},{"@type":"ListItem","position":3,"name":"Anclado Por El Evangelio &#8211; Manual Para Vivir Las Buenas Nuevas Cada Dia"}]},{"@type":"WebSite","@id":"https:\/\/tzionlibreria.com\/#website","url":"https:\/\/tzionlibreria.com\/","name":"tzionlibreria.com","description":"Libreria Cristiana Venezuela","publisher":{"@id":"https:\/\/tzionlibreria.com\/#organization"},"potentialAction":[{"@type":"SearchAction","target":{"@type":"EntryPoint","urlTemplate":"https:\/\/tzionlibreria.com\/?s={search_term_string}"},"query-input":{"@type":"PropertyValueSpecification","valueRequired":true,"valueName":"search_term_string"}}],"inLanguage":"es-CO"},{"@type":"Organization","@id":"https:\/\/tzionlibreria.com\/#organization","name":"tzionlibreria.com","url":"https:\/\/tzionlibreria.com\/","logo":{"@type":"ImageObject","inLanguage":"es-CO","@id":"https:\/\/tzionlibreria.com\/#\/schema\/logo\/image\/","url":"https:\/\/tzionlibreria.com\/wp-content\/uploads\/2023\/10\/cropped-Cuadricula-scaled-1.jpg","contentUrl":"https:\/\/tzionlibreria.com\/wp-content\/uploads\/2023\/10\/cropped-Cuadricula-scaled-1.jpg","width":2560,"height":2560,"caption":"tzionlibreria.com"},"image":{"@id":"https:\/\/tzionlibreria.com\/#\/schema\/logo\/image\/"}}]}},"jetpack_sharing_enabled":true,"_links":{"self":[{"href":"https:\/\/tzionlibreria.com\/index.php\/wp-json\/wp\/v2\/product\/6525","targetHints":{"allow":["GET"]}}],"collection":[{"href":"https:\/\/tzionlibreria.com\/index.php\/wp-json\/wp\/v2\/product"}],"about":[{"href":"https:\/\/tzionlibreria.com\/index.php\/wp-json\/wp\/v2\/types\/product"}],"replies":[{"embeddable":true,"href":"https:\/\/tzionlibreria.com\/index.php\/wp-json\/wp\/v2\/comments?post=6525"}],"wp:featuredmedia":[{"embeddable":true,"href":"https:\/\/tzionlibreria.com\/index.php\/wp-json\/wp\/v2\/media\/6526"}],"wp:attachment":[{"href":"https:\/\/tzionlibreria.com\/index.php\/wp-json\/wp\/v2\/media?parent=6525"}],"wp:term":[{"taxonomy":"product_brand","embeddable":true,"href":"https:\/\/tzionlibreria.com\/index.php\/wp-json\/wp\/v2\/product_brand?post=6525"},{"taxonomy":"product_cat","embeddable":true,"href":"https:\/\/tzionlibreria.com\/index.php\/wp-json\/wp\/v2\/product_cat?post=6525"},{"taxonomy":"product_tag","embeddable":true,"href":"https:\/\/tzionlibreria.com\/index.php\/wp-json\/wp\/v2\/product_tag?post=6525"}],"curies":[{"name":"wp","href":"https:\/\/api.w.org\/{rel}","templated":true}]}}