{"id":6550,"date":"2025-11-21T18:51:04","date_gmt":"2025-11-21T18:51:04","guid":{"rendered":"https:\/\/tzionlibreria.com\/?post_type=product&#038;p=6550"},"modified":"2025-11-21T22:45:43","modified_gmt":"2025-11-21T22:45:43","slug":"florecera-job-149-cuaderno-devocional","status":"publish","type":"product","link":"https:\/\/tzionlibreria.com\/index.php\/product\/florecera-job-149-cuaderno-devocional\/","title":{"rendered":"Florecer\u00e1 \u2013 Job 14:9 \u2013 Cuaderno Devocional"},"content":{"rendered":"<div id=\"tab-description\" class=\"woocommerce-Tabs-panel woocommerce-Tabs-panel--description panel entry-content wc-tab\" role=\"tabpanel\" aria-labelledby=\"tab-title-description\">\n<p data-start=\"158\" data-end=\"292\"><img decoding=\"async\" class=\"emoji\" role=\"img\" draggable=\"false\" src=\"https:\/\/s.w.org\/images\/core\/emoji\/16.0.1\/svg\/1f338.svg\" alt=\"\ud83c\udf38\" \/> <strong data-start=\"161\" data-end=\"196\">Cuaderno Devocional \u201cFlorecer\u00e1\u201d<\/strong> <img decoding=\"async\" class=\"emoji\" role=\"img\" draggable=\"false\" src=\"https:\/\/s.w.org\/images\/core\/emoji\/16.0.1\/svg\/1f338.svg\" alt=\"\ud83c\udf38\" \/><br data-start=\"199\" data-end=\"202\" \/><em data-start=\"202\" data-end=\"292\">\u201cPero al sentir el agua, florecer\u00e1; echar\u00e1 ramas como \u00e1rbol reci\u00e9n plantado.\u201d \u2013 Job 14:9<\/em><\/p>\n<p data-start=\"294\" data-end=\"542\">Con un dise\u00f1o floral lleno de vida y esperanza, este cuaderno devocional ha sido creado para acompa\u00f1arte en tu tiempo de intimidad con Dios. Perfecto para mujeres que desean cultivar su fe d\u00eda a d\u00eda y registrar las huellas de su caminar espiritual.<\/p>\n<p data-start=\"544\" data-end=\"986\"><img decoding=\"async\" class=\"emoji\" role=\"img\" draggable=\"false\" src=\"https:\/\/s.w.org\/images\/core\/emoji\/16.0.1\/svg\/2728.svg\" alt=\"\u2728\" \/> <strong data-start=\"546\" data-end=\"576\">Caracter\u00edsticas destacadas<\/strong>:<\/p>\n<p><img decoding=\"async\" class=\"emoji\" role=\"img\" draggable=\"false\" src=\"https:\/\/s.w.org\/images\/core\/emoji\/16.0.1\/svg\/1f4d6.svg\" alt=\"\ud83d\udcd6\" \/> <strong data-start=\"581\" data-end=\"620\">Calendario anual de lectura b\u00edblica<\/strong> para leer toda la Biblia en un a\u00f1o.<br data-start=\"656\" data-end=\"659\" \/><img decoding=\"async\" class=\"emoji\" role=\"img\" draggable=\"false\" src=\"https:\/\/s.w.org\/images\/core\/emoji\/16.0.1\/svg\/1f4dd.svg\" alt=\"\ud83d\udcdd\" \/> <strong data-start=\"662\" data-end=\"704\">Espacios amplios para apuntes b\u00edblicos<\/strong> y reflexiones personales.<br data-start=\"730\" data-end=\"733\" \/><img decoding=\"async\" class=\"emoji\" role=\"img\" draggable=\"false\" src=\"https:\/\/s.w.org\/images\/core\/emoji\/16.0.1\/svg\/1f4cc.svg\" alt=\"\ud83d\udccc\" \/> <strong data-start=\"736\" data-end=\"756\">Vers\u00edculo diario<\/strong> para meditar la Palabra.<br data-start=\"781\" data-end=\"784\" data-is-only-node=\"\" \/><img decoding=\"async\" class=\"emoji\" role=\"img\" draggable=\"false\" src=\"https:\/\/s.w.org\/images\/core\/emoji\/16.0.1\/svg\/1f496.svg\" alt=\"\ud83d\udc96\" \/> <strong data-start=\"787\" data-end=\"817\">Secci\u00f3n de gratitud diaria<\/strong> para registrar 3 bendiciones.<br data-start=\"847\" data-end=\"850\" \/><img decoding=\"async\" class=\"emoji\" role=\"img\" draggable=\"false\" src=\"https:\/\/s.w.org\/images\/core\/emoji\/16.0.1\/svg\/1f64f.svg\" alt=\"\ud83d\ude4f\" \/> <strong data-start=\"853\" data-end=\"878\">Peticiones de oraci\u00f3n<\/strong> y seguimiento emocional con emojis.<br data-start=\"914\" data-end=\"917\" \/><img decoding=\"async\" class=\"emoji\" role=\"img\" draggable=\"false\" src=\"https:\/\/s.w.org\/images\/core\/emoji\/16.0.1\/svg\/1f3a8.svg\" alt=\"\ud83c\udfa8\" \/> <strong data-start=\"920\" data-end=\"952\">Dise\u00f1o encantador y colorido<\/strong>, ideal para regalar o inspirarte.<\/p>\n<p data-start=\"988\" data-end=\"1106\">Este cuaderno no es solo una herramienta\u2026 es un refugio creativo para tu alma.<br data-start=\"1066\" data-end=\"1069\" \/>Haz espacio para florecer cada d\u00eda <img decoding=\"async\" class=\"emoji\" role=\"img\" draggable=\"false\" src=\"https:\/\/s.w.org\/images\/core\/emoji\/16.0.1\/svg\/1f337.svg\" alt=\"\ud83c\udf37\" \/><\/p>\n<p data-start=\"1108\" data-end=\"1186\"><img decoding=\"async\" class=\"emoji\" role=\"img\" draggable=\"false\" src=\"https:\/\/s.w.org\/images\/core\/emoji\/16.0.1\/svg\/1f4d0.svg\" alt=\"\ud83d\udcd0\" \/> Tama\u00f1o: A5<\/p>\n<p data-start=\"1108\" data-end=\"1186\"><img decoding=\"async\" class=\"emoji\" role=\"img\" draggable=\"false\" src=\"https:\/\/s.w.org\/images\/core\/emoji\/16.0.1\/svg\/1f4d2.svg\" alt=\"\ud83d\udcd2\" \/> Encuadernaci\u00f3n en espiral<br data-start=\"1152\" data-end=\"1155\" \/><img decoding=\"async\" class=\"emoji\" role=\"img\" draggable=\"false\" src=\"https:\/\/s.w.org\/images\/core\/emoji\/16.0.1\/svg\/1f4e6.svg\" alt=\"\ud83d\udce6\" \/> Producto original LePapier<\/p>\n<\/div>\n","protected":false},"excerpt":{"rendered":"<p>Cuaderno Devocional \u201cFlorecer\u00e1\u201d \u201cPero al sentir el agua, florecer\u00e1; echar\u00e1 ramas como \u00e1rbol reci\u00e9n plantado.\u201d \u2013 Job 14:9 Con un dise\u00f1o floral lleno de vida y esperanza, este cuaderno devocional ha sido creado para acompa\u00f1arte en tu tiempo de intimidad con Dios. Perfecto para mujeres que desean cultivar su fe d\u00eda a d\u00eda y registrar [&hellip;]<\/p>\n","protected":false},"featured_media":6551,"comment_status":"open","ping_status":"closed","template":"","meta":{"om_disable_all_campaigns":false,"_monsterinsights_skip_tracking":false,"_monsterinsights_sitenote_active":false,"_monsterinsights_sitenote_note":"","_monsterinsights_sitenote_category":0,"site-sidebar-layout":"default","site-content-layout":"","ast-site-content-layout":"default","site-content-style":"default","site-sidebar-style":"default","ast-global-header-display":"","ast-banner-title-visibility":"","ast-main-header-display":"","ast-hfb-above-header-display":"","ast-hfb-below-header-display":"","ast-hfb-mobile-header-display":"","site-post-title":"","ast-breadcrumbs-content":"","ast-featured-img":"","footer-sml-layout":"","ast-disable-related-posts":"","theme-transparent-header-meta":"default","adv-header-id-meta":"","stick-header-meta":"","header-above-stick-meta":"","header-main-stick-meta":"","header-below-stick-meta":"","astra-migrate-meta-layouts":"set","ast-page-background-enabled":"default","ast-page-background-meta":{"desktop":{"background-color":"var(--ast-global-color-4)","background-image":"","background-repeat":"repeat","background-position":"center center","background-size":"auto","background-attachment":"scroll","background-type":"","background-media":"","overlay-type":"","overlay-color":"","overlay-opacity":"","overlay-gradient":""},"tablet":{"background-color":"","background-image":"","background-repeat":"repeat","background-position":"center center","background-size":"auto","background-attachment":"scroll","background-type":"","background-media":"","overlay-type":"","overlay-color":"","overlay-opacity":"","overlay-gradient":""},"mobile":{"background-color":"","background-image":"","background-repeat":"repeat","background-position":"center center","background-size":"auto","background-attachment":"scroll","background-type":"","background-media":"","overlay-type":"","overlay-color":"","overlay-opacity":"","overlay-gradient":""}},"ast-content-background-meta":{"desktop":{"background-color":"var(--ast-global-color-5)","background-image":"","background-repeat":"repeat","background-position":"center center","background-size":"auto","background-attachment":"scroll","background-type":"","background-media":"","overlay-type":"","overlay-color":"","overlay-opacity":"","overlay-gradient":""},"tablet":{"background-color":"var(--ast-global-color-5)","background-image":"","background-repeat":"repeat","background-position":"center center","background-size":"auto","background-attachment":"scroll","background-type":"","background-media":"","overlay-type":"","overlay-color":"","overlay-opacity":"","overlay-gradient":""},"mobile":{"background-color":"var(--ast-global-color-5)","background-image":"","background-repeat":"repeat","background-position":"center center","background-size":"auto","background-attachment":"scroll","background-type":"","background-media":"","overlay-type":"","overlay-color":"","overlay-opacity":"","overlay-gradient":""}}},"product_brand":[],"product_cat":[317],"product_tag":[],"class_list":{"0":"post-6550","1":"product","2":"type-product","3":"status-publish","4":"has-post-thumbnail","6":"product_cat-cuadernos-devocional","7":"desktop-align-left","8":"tablet-align-left","9":"mobile-align-left","11":"first","12":"instock","13":"shipping-taxable","14":"purchasable","15":"product-type-simple"},"yoast_head":"<!-- This site is optimized with the Yoast SEO plugin v27.4 - https:\/\/yoast.com\/product\/yoast-seo-wordpress\/ -->\n<title>Florecer\u00e1 \u2013 Job 14:9 \u2013 Cuaderno Devocional - tzionlibreria.com<\/title>\n<meta name=\"robots\" content=\"index, follow, max-snippet:-1, max-image-preview:large, max-video-preview:-1\" \/>\n<link rel=\"canonical\" href=\"https:\/\/tzionlibreria.com\/index.php\/product\/florecera-job-149-cuaderno-devocional\/\" \/>\n<meta property=\"og:locale\" content=\"es_ES\" \/>\n<meta property=\"og:type\" content=\"article\" \/>\n<meta property=\"og:title\" content=\"Florecer\u00e1 \u2013 Job 14:9 \u2013 Cuaderno Devocional - tzionlibreria.com\" \/>\n<meta property=\"og:description\" content=\"Cuaderno Devocional \u201cFlorecer\u00e1\u201d \u201cPero al sentir el agua, florecer\u00e1; echar\u00e1 ramas como \u00e1rbol reci\u00e9n plantado.\u201d \u2013 Job 14:9 Con un dise\u00f1o floral lleno de vida y esperanza, este cuaderno devocional ha sido creado para acompa\u00f1arte en tu tiempo de intimidad con Dios. Perfecto para mujeres que desean cultivar su fe d\u00eda a d\u00eda y registrar [&hellip;]\" \/>\n<meta property=\"og:url\" content=\"https:\/\/tzionlibreria.com\/index.php\/product\/florecera-job-149-cuaderno-devocional\/\" \/>\n<meta property=\"og:site_name\" content=\"tzionlibreria.com\" \/>\n<meta property=\"article:modified_time\" content=\"2025-11-21T22:45:43+00:00\" \/>\n<meta property=\"og:image\" content=\"http:\/\/tzionlibreria.com\/wp-content\/uploads\/2025\/11\/Florecera-Job-14-9-Cuaderno-Devocional.jpg\" \/>\n\t<meta property=\"og:image:width\" content=\"1200\" \/>\n\t<meta property=\"og:image:height\" content=\"1200\" \/>\n\t<meta property=\"og:image:type\" content=\"image\/jpeg\" \/>\n<meta name=\"twitter:card\" content=\"summary_large_image\" \/>\n<meta name=\"twitter:label1\" content=\"Tiempo de lectura\" \/>\n\t<meta name=\"twitter:data1\" content=\"4 minutos\" \/>\n<script type=\"application\/ld+json\" class=\"yoast-schema-graph\">{\"@context\":\"https:\\\/\\\/schema.org\",\"@graph\":[{\"@type\":\"WebPage\",\"@id\":\"https:\\\/\\\/tzionlibreria.com\\\/index.php\\\/product\\\/florecera-job-149-cuaderno-devocional\\\/\",\"url\":\"https:\\\/\\\/tzionlibreria.com\\\/index.php\\\/product\\\/florecera-job-149-cuaderno-devocional\\\/\",\"name\":\"Florecer\u00e1 \u2013 Job 14:9 \u2013 Cuaderno Devocional - tzionlibreria.com\",\"isPartOf\":{\"@id\":\"https:\\\/\\\/tzionlibreria.com\\\/#website\"},\"primaryImageOfPage\":{\"@id\":\"https:\\\/\\\/tzionlibreria.com\\\/index.php\\\/product\\\/florecera-job-149-cuaderno-devocional\\\/#primaryimage\"},\"image\":{\"@id\":\"https:\\\/\\\/tzionlibreria.com\\\/index.php\\\/product\\\/florecera-job-149-cuaderno-devocional\\\/#primaryimage\"},\"thumbnailUrl\":\"https:\\\/\\\/tzionlibreria.com\\\/wp-content\\\/uploads\\\/2025\\\/11\\\/Florecera-Job-14-9-Cuaderno-Devocional.jpg\",\"datePublished\":\"2025-11-21T18:51:04+00:00\",\"dateModified\":\"2025-11-21T22:45:43+00:00\",\"breadcrumb\":{\"@id\":\"https:\\\/\\\/tzionlibreria.com\\\/index.php\\\/product\\\/florecera-job-149-cuaderno-devocional\\\/#breadcrumb\"},\"inLanguage\":\"es-CO\",\"potentialAction\":[{\"@type\":\"ReadAction\",\"target\":[\"https:\\\/\\\/tzionlibreria.com\\\/index.php\\\/product\\\/florecera-job-149-cuaderno-devocional\\\/\"]}]},{\"@type\":\"ImageObject\",\"inLanguage\":\"es-CO\",\"@id\":\"https:\\\/\\\/tzionlibreria.com\\\/index.php\\\/product\\\/florecera-job-149-cuaderno-devocional\\\/#primaryimage\",\"url\":\"https:\\\/\\\/tzionlibreria.com\\\/wp-content\\\/uploads\\\/2025\\\/11\\\/Florecera-Job-14-9-Cuaderno-Devocional.jpg\",\"contentUrl\":\"https:\\\/\\\/tzionlibreria.com\\\/wp-content\\\/uploads\\\/2025\\\/11\\\/Florecera-Job-14-9-Cuaderno-Devocional.jpg\",\"width\":1200,\"height\":1200},{\"@type\":\"BreadcrumbList\",\"@id\":\"https:\\\/\\\/tzionlibreria.com\\\/index.php\\\/product\\\/florecera-job-149-cuaderno-devocional\\\/#breadcrumb\",\"itemListElement\":[{\"@type\":\"ListItem\",\"position\":1,\"name\":\"Inicio\",\"item\":\"https:\\\/\\\/tzionlibreria.com\\\/\"},{\"@type\":\"ListItem\",\"position\":2,\"name\":\"Shop\",\"item\":\"https:\\\/\\\/tzionlibreria.com\\\/index.php\\\/shop\\\/\"},{\"@type\":\"ListItem\",\"position\":3,\"name\":\"Florecer\u00e1 \u2013 Job 14:9 \u2013 Cuaderno Devocional\"}]},{\"@type\":\"WebSite\",\"@id\":\"https:\\\/\\\/tzionlibreria.com\\\/#website\",\"url\":\"https:\\\/\\\/tzionlibreria.com\\\/\",\"name\":\"tzionlibreria.com\",\"description\":\"Libreria Cristiana Venezuela\",\"publisher\":{\"@id\":\"https:\\\/\\\/tzionlibreria.com\\\/#organization\"},\"potentialAction\":[{\"@type\":\"SearchAction\",\"target\":{\"@type\":\"EntryPoint\",\"urlTemplate\":\"https:\\\/\\\/tzionlibreria.com\\\/?s={search_term_string}\"},\"query-input\":{\"@type\":\"PropertyValueSpecification\",\"valueRequired\":true,\"valueName\":\"search_term_string\"}}],\"inLanguage\":\"es-CO\"},{\"@type\":\"Organization\",\"@id\":\"https:\\\/\\\/tzionlibreria.com\\\/#organization\",\"name\":\"tzionlibreria.com\",\"url\":\"https:\\\/\\\/tzionlibreria.com\\\/\",\"logo\":{\"@type\":\"ImageObject\",\"inLanguage\":\"es-CO\",\"@id\":\"https:\\\/\\\/tzionlibreria.com\\\/#\\\/schema\\\/logo\\\/image\\\/\",\"url\":\"https:\\\/\\\/tzionlibreria.com\\\/wp-content\\\/uploads\\\/2023\\\/10\\\/cropped-Cuadricula-scaled-1.jpg\",\"contentUrl\":\"https:\\\/\\\/tzionlibreria.com\\\/wp-content\\\/uploads\\\/2023\\\/10\\\/cropped-Cuadricula-scaled-1.jpg\",\"width\":2560,\"height\":2560,\"caption\":\"tzionlibreria.com\"},\"image\":{\"@id\":\"https:\\\/\\\/tzionlibreria.com\\\/#\\\/schema\\\/logo\\\/image\\\/\"}}]}<\/script>\n<!-- \/ Yoast SEO plugin. -->","yoast_head_json":{"title":"Florecer\u00e1 \u2013 Job 14:9 \u2013 Cuaderno Devocional - tzionlibreria.com","robots":{"index":"index","follow":"follow","max-snippet":"max-snippet:-1","max-image-preview":"max-image-preview:large","max-video-preview":"max-video-preview:-1"},"canonical":"https:\/\/tzionlibreria.com\/index.php\/product\/florecera-job-149-cuaderno-devocional\/","og_locale":"es_ES","og_type":"article","og_title":"Florecer\u00e1 \u2013 Job 14:9 \u2013 Cuaderno Devocional - tzionlibreria.com","og_description":"Cuaderno Devocional \u201cFlorecer\u00e1\u201d \u201cPero al sentir el agua, florecer\u00e1; echar\u00e1 ramas como \u00e1rbol reci\u00e9n plantado.\u201d \u2013 Job 14:9 Con un dise\u00f1o floral lleno de vida y esperanza, este cuaderno devocional ha sido creado para acompa\u00f1arte en tu tiempo de intimidad con Dios. Perfecto para mujeres que desean cultivar su fe d\u00eda a d\u00eda y registrar [&hellip;]","og_url":"https:\/\/tzionlibreria.com\/index.php\/product\/florecera-job-149-cuaderno-devocional\/","og_site_name":"tzionlibreria.com","article_modified_time":"2025-11-21T22:45:43+00:00","og_image":[{"width":1200,"height":1200,"url":"http:\/\/tzionlibreria.com\/wp-content\/uploads\/2025\/11\/Florecera-Job-14-9-Cuaderno-Devocional.jpg","type":"image\/jpeg"}],"twitter_card":"summary_large_image","twitter_misc":{"Tiempo de lectura":"4 minutos"},"schema":{"@context":"https:\/\/schema.org","@graph":[{"@type":"WebPage","@id":"https:\/\/tzionlibreria.com\/index.php\/product\/florecera-job-149-cuaderno-devocional\/","url":"https:\/\/tzionlibreria.com\/index.php\/product\/florecera-job-149-cuaderno-devocional\/","name":"Florecer\u00e1 \u2013 Job 14:9 \u2013 Cuaderno Devocional - tzionlibreria.com","isPartOf":{"@id":"https:\/\/tzionlibreria.com\/#website"},"primaryImageOfPage":{"@id":"https:\/\/tzionlibreria.com\/index.php\/product\/florecera-job-149-cuaderno-devocional\/#primaryimage"},"image":{"@id":"https:\/\/tzionlibreria.com\/index.php\/product\/florecera-job-149-cuaderno-devocional\/#primaryimage"},"thumbnailUrl":"https:\/\/tzionlibreria.com\/wp-content\/uploads\/2025\/11\/Florecera-Job-14-9-Cuaderno-Devocional.jpg","datePublished":"2025-11-21T18:51:04+00:00","dateModified":"2025-11-21T22:45:43+00:00","breadcrumb":{"@id":"https:\/\/tzionlibreria.com\/index.php\/product\/florecera-job-149-cuaderno-devocional\/#breadcrumb"},"inLanguage":"es-CO","potentialAction":[{"@type":"ReadAction","target":["https:\/\/tzionlibreria.com\/index.php\/product\/florecera-job-149-cuaderno-devocional\/"]}]},{"@type":"ImageObject","inLanguage":"es-CO","@id":"https:\/\/tzionlibreria.com\/index.php\/product\/florecera-job-149-cuaderno-devocional\/#primaryimage","url":"https:\/\/tzionlibreria.com\/wp-content\/uploads\/2025\/11\/Florecera-Job-14-9-Cuaderno-Devocional.jpg","contentUrl":"https:\/\/tzionlibreria.com\/wp-content\/uploads\/2025\/11\/Florecera-Job-14-9-Cuaderno-Devocional.jpg","width":1200,"height":1200},{"@type":"BreadcrumbList","@id":"https:\/\/tzionlibreria.com\/index.php\/product\/florecera-job-149-cuaderno-devocional\/#breadcrumb","itemListElement":[{"@type":"ListItem","position":1,"name":"Inicio","item":"https:\/\/tzionlibreria.com\/"},{"@type":"ListItem","position":2,"name":"Shop","item":"https:\/\/tzionlibreria.com\/index.php\/shop\/"},{"@type":"ListItem","position":3,"name":"Florecer\u00e1 \u2013 Job 14:9 \u2013 Cuaderno Devocional"}]},{"@type":"WebSite","@id":"https:\/\/tzionlibreria.com\/#website","url":"https:\/\/tzionlibreria.com\/","name":"tzionlibreria.com","description":"Libreria Cristiana Venezuela","publisher":{"@id":"https:\/\/tzionlibreria.com\/#organization"},"potentialAction":[{"@type":"SearchAction","target":{"@type":"EntryPoint","urlTemplate":"https:\/\/tzionlibreria.com\/?s={search_term_string}"},"query-input":{"@type":"PropertyValueSpecification","valueRequired":true,"valueName":"search_term_string"}}],"inLanguage":"es-CO"},{"@type":"Organization","@id":"https:\/\/tzionlibreria.com\/#organization","name":"tzionlibreria.com","url":"https:\/\/tzionlibreria.com\/","logo":{"@type":"ImageObject","inLanguage":"es-CO","@id":"https:\/\/tzionlibreria.com\/#\/schema\/logo\/image\/","url":"https:\/\/tzionlibreria.com\/wp-content\/uploads\/2023\/10\/cropped-Cuadricula-scaled-1.jpg","contentUrl":"https:\/\/tzionlibreria.com\/wp-content\/uploads\/2023\/10\/cropped-Cuadricula-scaled-1.jpg","width":2560,"height":2560,"caption":"tzionlibreria.com"},"image":{"@id":"https:\/\/tzionlibreria.com\/#\/schema\/logo\/image\/"}}]}},"jetpack_sharing_enabled":true,"_links":{"self":[{"href":"https:\/\/tzionlibreria.com\/index.php\/wp-json\/wp\/v2\/product\/6550","targetHints":{"allow":["GET"]}}],"collection":[{"href":"https:\/\/tzionlibreria.com\/index.php\/wp-json\/wp\/v2\/product"}],"about":[{"href":"https:\/\/tzionlibreria.com\/index.php\/wp-json\/wp\/v2\/types\/product"}],"replies":[{"embeddable":true,"href":"https:\/\/tzionlibreria.com\/index.php\/wp-json\/wp\/v2\/comments?post=6550"}],"wp:featuredmedia":[{"embeddable":true,"href":"https:\/\/tzionlibreria.com\/index.php\/wp-json\/wp\/v2\/media\/6551"}],"wp:attachment":[{"href":"https:\/\/tzionlibreria.com\/index.php\/wp-json\/wp\/v2\/media?parent=6550"}],"wp:term":[{"taxonomy":"product_brand","embeddable":true,"href":"https:\/\/tzionlibreria.com\/index.php\/wp-json\/wp\/v2\/product_brand?post=6550"},{"taxonomy":"product_cat","embeddable":true,"href":"https:\/\/tzionlibreria.com\/index.php\/wp-json\/wp\/v2\/product_cat?post=6550"},{"taxonomy":"product_tag","embeddable":true,"href":"https:\/\/tzionlibreria.com\/index.php\/wp-json\/wp\/v2\/product_tag?post=6550"}],"curies":[{"name":"wp","href":"https:\/\/api.w.org\/{rel}","templated":true}]}}