{"id":6564,"date":"2025-11-21T19:01:43","date_gmt":"2025-11-21T19:01:43","guid":{"rendered":"https:\/\/tzionlibreria.com\/?post_type=product&#038;p=6564"},"modified":"2025-11-21T22:44:43","modified_gmt":"2025-11-21T22:44:43","slug":"el-senor-es-mi-pastor-salmo-231-cuaderno-devocional","status":"publish","type":"product","link":"https:\/\/tzionlibreria.com\/index.php\/product\/el-senor-es-mi-pastor-salmo-231-cuaderno-devocional\/","title":{"rendered":"El Se\u00f1or es mi Pastor \u2013 Salmo 23:1 \u2013 Cuaderno Devocional"},"content":{"rendered":"<div id=\"tab-description\" class=\"woocommerce-Tabs-panel woocommerce-Tabs-panel--description panel entry-content wc-tab\" role=\"tabpanel\" aria-labelledby=\"tab-title-description\">\n<p data-start=\"158\" data-end=\"262\"><img decoding=\"async\" class=\"emoji\" role=\"img\" draggable=\"false\" src=\"https:\/\/s.w.org\/images\/core\/emoji\/16.0.1\/svg\/1f338.svg\" alt=\"\ud83c\udf38\" \/> <strong data-start=\"161\" data-end=\"202\">Cuaderno Devocional \u201cNada Me Faltar\u00e1\u201d<\/strong> <img decoding=\"async\" class=\"emoji\" role=\"img\" draggable=\"false\" src=\"https:\/\/s.w.org\/images\/core\/emoji\/16.0.1\/svg\/1f338.svg\" alt=\"\ud83c\udf38\" \/><br data-start=\"205\" data-end=\"208\" \/><em data-start=\"208\" data-end=\"262\">\u201cEl Se\u00f1or es mi pastor, nada me faltar\u00e1.\u201d \u2013 Salmo 23<\/em><\/p>\n<p data-start=\"264\" data-end=\"486\">Un cuaderno devocional que abraza tu alma con la promesa eterna del cuidado de Dios. Su dise\u00f1o floral, alegre y femenino, rodea una de las verdades m\u00e1s reconfortantes de la Biblia: <strong data-start=\"445\" data-end=\"485\">Dios es tu Pastor y siempre proveer\u00e1<\/strong>.<\/p>\n<p data-start=\"488\" data-end=\"797\"><img decoding=\"async\" class=\"emoji\" role=\"img\" draggable=\"false\" src=\"https:\/\/s.w.org\/images\/core\/emoji\/16.0.1\/svg\/1f4dd.svg\" alt=\"\ud83d\udcdd\" \/> <strong data-start=\"491\" data-end=\"531\">Caracter\u00edsticas que fortalecen tu fe<\/strong>:<br data-start=\"532\" data-end=\"535\" \/><img decoding=\"async\" class=\"emoji\" role=\"img\" draggable=\"false\" src=\"https:\/\/s.w.org\/images\/core\/emoji\/16.0.1\/svg\/1f4d6.svg\" alt=\"\ud83d\udcd6\" \/> Calendario de lectura b\u00edblica para todo el a\u00f1o.<br data-start=\"585\" data-end=\"588\" \/><img decoding=\"async\" class=\"emoji\" role=\"img\" draggable=\"false\" src=\"https:\/\/s.w.org\/images\/core\/emoji\/16.0.1\/svg\/1f4a1.svg\" alt=\"\ud83d\udca1\" \/> Espacio para apuntes, reflexiones y vers\u00edculos rema.<br data-start=\"643\" data-end=\"646\" \/><img decoding=\"async\" class=\"emoji\" role=\"img\" draggable=\"false\" src=\"https:\/\/s.w.org\/images\/core\/emoji\/16.0.1\/svg\/1f64f.svg\" alt=\"\ud83d\ude4f\" \/> Secci\u00f3n para agradecimientos y peticiones de oraci\u00f3n.<br data-start=\"702\" data-end=\"705\" \/><img decoding=\"async\" class=\"emoji\" role=\"img\" draggable=\"false\" src=\"https:\/\/s.w.org\/images\/core\/emoji\/16.0.1\/svg\/1f60a.svg\" alt=\"\ud83d\ude0a\" \/> Seguimiento emocional con emojis.<br data-start=\"741\" data-end=\"744\" \/><img decoding=\"async\" class=\"emoji\" role=\"img\" draggable=\"false\" src=\"https:\/\/s.w.org\/images\/core\/emoji\/16.0.1\/svg\/1f3a8.svg\" alt=\"\ud83c\udfa8\" \/> Dise\u00f1o vibrante y lleno de ternura en cada p\u00e1gina.<\/p>\n<p data-start=\"799\" data-end=\"959\">Ideal para tener tiempos devocionales diarios llenos de paz y direcci\u00f3n, y para recordar que aunque el mundo cambie, <strong data-start=\"916\" data-end=\"955\">Dios permanece como tu Pastor fiel.<\/strong> <img decoding=\"async\" class=\"emoji\" role=\"img\" draggable=\"false\" src=\"https:\/\/s.w.org\/images\/core\/emoji\/16.0.1\/svg\/1f411.svg\" alt=\"\ud83d\udc11\" \/><img decoding=\"async\" class=\"emoji\" role=\"img\" draggable=\"false\" src=\"https:\/\/s.w.org\/images\/core\/emoji\/16.0.1\/svg\/2728.svg\" alt=\"\u2728\" \/><\/p>\n<p data-start=\"961\" data-end=\"1035\"><img decoding=\"async\" class=\"emoji\" role=\"img\" draggable=\"false\" src=\"https:\/\/s.w.org\/images\/core\/emoji\/16.0.1\/svg\/1f4d0.svg\" alt=\"\ud83d\udcd0\" \/> Tama\u00f1o A5 | <img decoding=\"async\" class=\"emoji\" role=\"img\" draggable=\"false\" src=\"https:\/\/s.w.org\/images\/core\/emoji\/16.0.1\/svg\/1f4d2.svg\" alt=\"\ud83d\udcd2\" \/> Espiral met\u00e1lico doble | <img decoding=\"async\" class=\"emoji\" role=\"img\" draggable=\"false\" src=\"https:\/\/s.w.org\/images\/core\/emoji\/16.0.1\/svg\/1f4e6.svg\" alt=\"\ud83d\udce6\" \/> Producto original LePapier<\/p>\n<\/div>\n","protected":false},"excerpt":{"rendered":"<p>Cuaderno Devocional \u201cNada Me Faltar\u00e1\u201d \u201cEl Se\u00f1or es mi pastor, nada me faltar\u00e1.\u201d \u2013 Salmo 23 Un cuaderno devocional que abraza tu alma con la promesa eterna del cuidado de Dios. Su dise\u00f1o floral, alegre y femenino, rodea una de las verdades m\u00e1s reconfortantes de la Biblia: Dios es tu Pastor y siempre proveer\u00e1. Caracter\u00edsticas [&hellip;]<\/p>\n","protected":false},"featured_media":6565,"comment_status":"open","ping_status":"closed","template":"","meta":{"om_disable_all_campaigns":false,"_monsterinsights_skip_tracking":false,"_monsterinsights_sitenote_active":false,"_monsterinsights_sitenote_note":"","_monsterinsights_sitenote_category":0,"site-sidebar-layout":"default","site-content-layout":"","ast-site-content-layout":"default","site-content-style":"default","site-sidebar-style":"default","ast-global-header-display":"","ast-banner-title-visibility":"","ast-main-header-display":"","ast-hfb-above-header-display":"","ast-hfb-below-header-display":"","ast-hfb-mobile-header-display":"","site-post-title":"","ast-breadcrumbs-content":"","ast-featured-img":"","footer-sml-layout":"","ast-disable-related-posts":"","theme-transparent-header-meta":"default","adv-header-id-meta":"","stick-header-meta":"","header-above-stick-meta":"","header-main-stick-meta":"","header-below-stick-meta":"","astra-migrate-meta-layouts":"set","ast-page-background-enabled":"default","ast-page-background-meta":{"desktop":{"background-color":"var(--ast-global-color-4)","background-image":"","background-repeat":"repeat","background-position":"center center","background-size":"auto","background-attachment":"scroll","background-type":"","background-media":"","overlay-type":"","overlay-color":"","overlay-opacity":"","overlay-gradient":""},"tablet":{"background-color":"","background-image":"","background-repeat":"repeat","background-position":"center center","background-size":"auto","background-attachment":"scroll","background-type":"","background-media":"","overlay-type":"","overlay-color":"","overlay-opacity":"","overlay-gradient":""},"mobile":{"background-color":"","background-image":"","background-repeat":"repeat","background-position":"center center","background-size":"auto","background-attachment":"scroll","background-type":"","background-media":"","overlay-type":"","overlay-color":"","overlay-opacity":"","overlay-gradient":""}},"ast-content-background-meta":{"desktop":{"background-color":"var(--ast-global-color-5)","background-image":"","background-repeat":"repeat","background-position":"center center","background-size":"auto","background-attachment":"scroll","background-type":"","background-media":"","overlay-type":"","overlay-color":"","overlay-opacity":"","overlay-gradient":""},"tablet":{"background-color":"var(--ast-global-color-5)","background-image":"","background-repeat":"repeat","background-position":"center center","background-size":"auto","background-attachment":"scroll","background-type":"","background-media":"","overlay-type":"","overlay-color":"","overlay-opacity":"","overlay-gradient":""},"mobile":{"background-color":"var(--ast-global-color-5)","background-image":"","background-repeat":"repeat","background-position":"center center","background-size":"auto","background-attachment":"scroll","background-type":"","background-media":"","overlay-type":"","overlay-color":"","overlay-opacity":"","overlay-gradient":""}}},"product_brand":[],"product_cat":[317],"product_tag":[],"class_list":{"0":"post-6564","1":"product","2":"type-product","3":"status-publish","4":"has-post-thumbnail","6":"product_cat-cuadernos-devocional","7":"desktop-align-left","8":"tablet-align-left","9":"mobile-align-left","11":"first","12":"instock","13":"shipping-taxable","14":"purchasable","15":"product-type-simple"},"yoast_head":"<!-- This site is optimized with the Yoast SEO plugin v27.5 - https:\/\/yoast.com\/product\/yoast-seo-wordpress\/ -->\n<title>El Se\u00f1or es mi Pastor \u2013 Salmo 23:1 \u2013 Cuaderno Devocional - tzionlibreria.com<\/title>\n<meta name=\"robots\" content=\"index, follow, max-snippet:-1, max-image-preview:large, max-video-preview:-1\" \/>\n<link rel=\"canonical\" href=\"https:\/\/tzionlibreria.com\/index.php\/product\/el-senor-es-mi-pastor-salmo-231-cuaderno-devocional\/\" \/>\n<meta property=\"og:locale\" content=\"es_ES\" \/>\n<meta property=\"og:type\" content=\"article\" \/>\n<meta property=\"og:title\" content=\"El Se\u00f1or es mi Pastor \u2013 Salmo 23:1 \u2013 Cuaderno Devocional - tzionlibreria.com\" \/>\n<meta property=\"og:description\" content=\"Cuaderno Devocional \u201cNada Me Faltar\u00e1\u201d \u201cEl Se\u00f1or es mi pastor, nada me faltar\u00e1.\u201d \u2013 Salmo 23 Un cuaderno devocional que abraza tu alma con la promesa eterna del cuidado de Dios. Su dise\u00f1o floral, alegre y femenino, rodea una de las verdades m\u00e1s reconfortantes de la Biblia: Dios es tu Pastor y siempre proveer\u00e1. Caracter\u00edsticas [&hellip;]\" \/>\n<meta property=\"og:url\" content=\"https:\/\/tzionlibreria.com\/index.php\/product\/el-senor-es-mi-pastor-salmo-231-cuaderno-devocional\/\" \/>\n<meta property=\"og:site_name\" content=\"tzionlibreria.com\" \/>\n<meta property=\"article:modified_time\" content=\"2025-11-21T22:44:43+00:00\" \/>\n<meta property=\"og:image\" content=\"http:\/\/tzionlibreria.com\/wp-content\/uploads\/2025\/11\/El-Senor-es-mi-Pastor-Salmo-23-1-Cuaderno-Devocional-1.jpg\" \/>\n\t<meta property=\"og:image:width\" content=\"1200\" \/>\n\t<meta property=\"og:image:height\" content=\"1200\" \/>\n\t<meta property=\"og:image:type\" content=\"image\/jpeg\" \/>\n<meta name=\"twitter:card\" content=\"summary_large_image\" \/>\n<meta name=\"twitter:label1\" content=\"Tiempo de lectura\" \/>\n\t<meta name=\"twitter:data1\" content=\"4 minutos\" \/>\n<script type=\"application\/ld+json\" class=\"yoast-schema-graph\">{\"@context\":\"https:\\\/\\\/schema.org\",\"@graph\":[{\"@type\":\"WebPage\",\"@id\":\"https:\\\/\\\/tzionlibreria.com\\\/index.php\\\/product\\\/el-senor-es-mi-pastor-salmo-231-cuaderno-devocional\\\/\",\"url\":\"https:\\\/\\\/tzionlibreria.com\\\/index.php\\\/product\\\/el-senor-es-mi-pastor-salmo-231-cuaderno-devocional\\\/\",\"name\":\"El Se\u00f1or es mi Pastor \u2013 Salmo 23:1 \u2013 Cuaderno Devocional - tzionlibreria.com\",\"isPartOf\":{\"@id\":\"https:\\\/\\\/tzionlibreria.com\\\/#website\"},\"primaryImageOfPage\":{\"@id\":\"https:\\\/\\\/tzionlibreria.com\\\/index.php\\\/product\\\/el-senor-es-mi-pastor-salmo-231-cuaderno-devocional\\\/#primaryimage\"},\"image\":{\"@id\":\"https:\\\/\\\/tzionlibreria.com\\\/index.php\\\/product\\\/el-senor-es-mi-pastor-salmo-231-cuaderno-devocional\\\/#primaryimage\"},\"thumbnailUrl\":\"https:\\\/\\\/tzionlibreria.com\\\/wp-content\\\/uploads\\\/2025\\\/11\\\/El-Senor-es-mi-Pastor-Salmo-23-1-Cuaderno-Devocional-1.jpg\",\"datePublished\":\"2025-11-21T19:01:43+00:00\",\"dateModified\":\"2025-11-21T22:44:43+00:00\",\"breadcrumb\":{\"@id\":\"https:\\\/\\\/tzionlibreria.com\\\/index.php\\\/product\\\/el-senor-es-mi-pastor-salmo-231-cuaderno-devocional\\\/#breadcrumb\"},\"inLanguage\":\"es-CO\",\"potentialAction\":[{\"@type\":\"ReadAction\",\"target\":[\"https:\\\/\\\/tzionlibreria.com\\\/index.php\\\/product\\\/el-senor-es-mi-pastor-salmo-231-cuaderno-devocional\\\/\"]}]},{\"@type\":\"ImageObject\",\"inLanguage\":\"es-CO\",\"@id\":\"https:\\\/\\\/tzionlibreria.com\\\/index.php\\\/product\\\/el-senor-es-mi-pastor-salmo-231-cuaderno-devocional\\\/#primaryimage\",\"url\":\"https:\\\/\\\/tzionlibreria.com\\\/wp-content\\\/uploads\\\/2025\\\/11\\\/El-Senor-es-mi-Pastor-Salmo-23-1-Cuaderno-Devocional-1.jpg\",\"contentUrl\":\"https:\\\/\\\/tzionlibreria.com\\\/wp-content\\\/uploads\\\/2025\\\/11\\\/El-Senor-es-mi-Pastor-Salmo-23-1-Cuaderno-Devocional-1.jpg\",\"width\":1200,\"height\":1200},{\"@type\":\"BreadcrumbList\",\"@id\":\"https:\\\/\\\/tzionlibreria.com\\\/index.php\\\/product\\\/el-senor-es-mi-pastor-salmo-231-cuaderno-devocional\\\/#breadcrumb\",\"itemListElement\":[{\"@type\":\"ListItem\",\"position\":1,\"name\":\"Inicio\",\"item\":\"https:\\\/\\\/tzionlibreria.com\\\/\"},{\"@type\":\"ListItem\",\"position\":2,\"name\":\"Shop\",\"item\":\"https:\\\/\\\/tzionlibreria.com\\\/index.php\\\/shop\\\/\"},{\"@type\":\"ListItem\",\"position\":3,\"name\":\"El Se\u00f1or es mi Pastor \u2013 Salmo 23:1 \u2013 Cuaderno Devocional\"}]},{\"@type\":\"WebSite\",\"@id\":\"https:\\\/\\\/tzionlibreria.com\\\/#website\",\"url\":\"https:\\\/\\\/tzionlibreria.com\\\/\",\"name\":\"tzionlibreria.com\",\"description\":\"Libreria Cristiana Venezuela\",\"publisher\":{\"@id\":\"https:\\\/\\\/tzionlibreria.com\\\/#organization\"},\"potentialAction\":[{\"@type\":\"SearchAction\",\"target\":{\"@type\":\"EntryPoint\",\"urlTemplate\":\"https:\\\/\\\/tzionlibreria.com\\\/?s={search_term_string}\"},\"query-input\":{\"@type\":\"PropertyValueSpecification\",\"valueRequired\":true,\"valueName\":\"search_term_string\"}}],\"inLanguage\":\"es-CO\"},{\"@type\":\"Organization\",\"@id\":\"https:\\\/\\\/tzionlibreria.com\\\/#organization\",\"name\":\"tzionlibreria.com\",\"url\":\"https:\\\/\\\/tzionlibreria.com\\\/\",\"logo\":{\"@type\":\"ImageObject\",\"inLanguage\":\"es-CO\",\"@id\":\"https:\\\/\\\/tzionlibreria.com\\\/#\\\/schema\\\/logo\\\/image\\\/\",\"url\":\"https:\\\/\\\/tzionlibreria.com\\\/wp-content\\\/uploads\\\/2023\\\/10\\\/cropped-Cuadricula-scaled-1.jpg\",\"contentUrl\":\"https:\\\/\\\/tzionlibreria.com\\\/wp-content\\\/uploads\\\/2023\\\/10\\\/cropped-Cuadricula-scaled-1.jpg\",\"width\":2560,\"height\":2560,\"caption\":\"tzionlibreria.com\"},\"image\":{\"@id\":\"https:\\\/\\\/tzionlibreria.com\\\/#\\\/schema\\\/logo\\\/image\\\/\"}}]}<\/script>\n<!-- \/ Yoast SEO plugin. -->","yoast_head_json":{"title":"El Se\u00f1or es mi Pastor \u2013 Salmo 23:1 \u2013 Cuaderno Devocional - tzionlibreria.com","robots":{"index":"index","follow":"follow","max-snippet":"max-snippet:-1","max-image-preview":"max-image-preview:large","max-video-preview":"max-video-preview:-1"},"canonical":"https:\/\/tzionlibreria.com\/index.php\/product\/el-senor-es-mi-pastor-salmo-231-cuaderno-devocional\/","og_locale":"es_ES","og_type":"article","og_title":"El Se\u00f1or es mi Pastor \u2013 Salmo 23:1 \u2013 Cuaderno Devocional - tzionlibreria.com","og_description":"Cuaderno Devocional \u201cNada Me Faltar\u00e1\u201d \u201cEl Se\u00f1or es mi pastor, nada me faltar\u00e1.\u201d \u2013 Salmo 23 Un cuaderno devocional que abraza tu alma con la promesa eterna del cuidado de Dios. Su dise\u00f1o floral, alegre y femenino, rodea una de las verdades m\u00e1s reconfortantes de la Biblia: Dios es tu Pastor y siempre proveer\u00e1. Caracter\u00edsticas [&hellip;]","og_url":"https:\/\/tzionlibreria.com\/index.php\/product\/el-senor-es-mi-pastor-salmo-231-cuaderno-devocional\/","og_site_name":"tzionlibreria.com","article_modified_time":"2025-11-21T22:44:43+00:00","og_image":[{"width":1200,"height":1200,"url":"http:\/\/tzionlibreria.com\/wp-content\/uploads\/2025\/11\/El-Senor-es-mi-Pastor-Salmo-23-1-Cuaderno-Devocional-1.jpg","type":"image\/jpeg"}],"twitter_card":"summary_large_image","twitter_misc":{"Tiempo de lectura":"4 minutos"},"schema":{"@context":"https:\/\/schema.org","@graph":[{"@type":"WebPage","@id":"https:\/\/tzionlibreria.com\/index.php\/product\/el-senor-es-mi-pastor-salmo-231-cuaderno-devocional\/","url":"https:\/\/tzionlibreria.com\/index.php\/product\/el-senor-es-mi-pastor-salmo-231-cuaderno-devocional\/","name":"El Se\u00f1or es mi Pastor \u2013 Salmo 23:1 \u2013 Cuaderno Devocional - tzionlibreria.com","isPartOf":{"@id":"https:\/\/tzionlibreria.com\/#website"},"primaryImageOfPage":{"@id":"https:\/\/tzionlibreria.com\/index.php\/product\/el-senor-es-mi-pastor-salmo-231-cuaderno-devocional\/#primaryimage"},"image":{"@id":"https:\/\/tzionlibreria.com\/index.php\/product\/el-senor-es-mi-pastor-salmo-231-cuaderno-devocional\/#primaryimage"},"thumbnailUrl":"https:\/\/tzionlibreria.com\/wp-content\/uploads\/2025\/11\/El-Senor-es-mi-Pastor-Salmo-23-1-Cuaderno-Devocional-1.jpg","datePublished":"2025-11-21T19:01:43+00:00","dateModified":"2025-11-21T22:44:43+00:00","breadcrumb":{"@id":"https:\/\/tzionlibreria.com\/index.php\/product\/el-senor-es-mi-pastor-salmo-231-cuaderno-devocional\/#breadcrumb"},"inLanguage":"es-CO","potentialAction":[{"@type":"ReadAction","target":["https:\/\/tzionlibreria.com\/index.php\/product\/el-senor-es-mi-pastor-salmo-231-cuaderno-devocional\/"]}]},{"@type":"ImageObject","inLanguage":"es-CO","@id":"https:\/\/tzionlibreria.com\/index.php\/product\/el-senor-es-mi-pastor-salmo-231-cuaderno-devocional\/#primaryimage","url":"https:\/\/tzionlibreria.com\/wp-content\/uploads\/2025\/11\/El-Senor-es-mi-Pastor-Salmo-23-1-Cuaderno-Devocional-1.jpg","contentUrl":"https:\/\/tzionlibreria.com\/wp-content\/uploads\/2025\/11\/El-Senor-es-mi-Pastor-Salmo-23-1-Cuaderno-Devocional-1.jpg","width":1200,"height":1200},{"@type":"BreadcrumbList","@id":"https:\/\/tzionlibreria.com\/index.php\/product\/el-senor-es-mi-pastor-salmo-231-cuaderno-devocional\/#breadcrumb","itemListElement":[{"@type":"ListItem","position":1,"name":"Inicio","item":"https:\/\/tzionlibreria.com\/"},{"@type":"ListItem","position":2,"name":"Shop","item":"https:\/\/tzionlibreria.com\/index.php\/shop\/"},{"@type":"ListItem","position":3,"name":"El Se\u00f1or es mi Pastor \u2013 Salmo 23:1 \u2013 Cuaderno Devocional"}]},{"@type":"WebSite","@id":"https:\/\/tzionlibreria.com\/#website","url":"https:\/\/tzionlibreria.com\/","name":"tzionlibreria.com","description":"Libreria Cristiana Venezuela","publisher":{"@id":"https:\/\/tzionlibreria.com\/#organization"},"potentialAction":[{"@type":"SearchAction","target":{"@type":"EntryPoint","urlTemplate":"https:\/\/tzionlibreria.com\/?s={search_term_string}"},"query-input":{"@type":"PropertyValueSpecification","valueRequired":true,"valueName":"search_term_string"}}],"inLanguage":"es-CO"},{"@type":"Organization","@id":"https:\/\/tzionlibreria.com\/#organization","name":"tzionlibreria.com","url":"https:\/\/tzionlibreria.com\/","logo":{"@type":"ImageObject","inLanguage":"es-CO","@id":"https:\/\/tzionlibreria.com\/#\/schema\/logo\/image\/","url":"https:\/\/tzionlibreria.com\/wp-content\/uploads\/2023\/10\/cropped-Cuadricula-scaled-1.jpg","contentUrl":"https:\/\/tzionlibreria.com\/wp-content\/uploads\/2023\/10\/cropped-Cuadricula-scaled-1.jpg","width":2560,"height":2560,"caption":"tzionlibreria.com"},"image":{"@id":"https:\/\/tzionlibreria.com\/#\/schema\/logo\/image\/"}}]}},"jetpack_sharing_enabled":true,"_links":{"self":[{"href":"https:\/\/tzionlibreria.com\/index.php\/wp-json\/wp\/v2\/product\/6564","targetHints":{"allow":["GET"]}}],"collection":[{"href":"https:\/\/tzionlibreria.com\/index.php\/wp-json\/wp\/v2\/product"}],"about":[{"href":"https:\/\/tzionlibreria.com\/index.php\/wp-json\/wp\/v2\/types\/product"}],"replies":[{"embeddable":true,"href":"https:\/\/tzionlibreria.com\/index.php\/wp-json\/wp\/v2\/comments?post=6564"}],"wp:featuredmedia":[{"embeddable":true,"href":"https:\/\/tzionlibreria.com\/index.php\/wp-json\/wp\/v2\/media\/6565"}],"wp:attachment":[{"href":"https:\/\/tzionlibreria.com\/index.php\/wp-json\/wp\/v2\/media?parent=6564"}],"wp:term":[{"taxonomy":"product_brand","embeddable":true,"href":"https:\/\/tzionlibreria.com\/index.php\/wp-json\/wp\/v2\/product_brand?post=6564"},{"taxonomy":"product_cat","embeddable":true,"href":"https:\/\/tzionlibreria.com\/index.php\/wp-json\/wp\/v2\/product_cat?post=6564"},{"taxonomy":"product_tag","embeddable":true,"href":"https:\/\/tzionlibreria.com\/index.php\/wp-json\/wp\/v2\/product_tag?post=6564"}],"curies":[{"name":"wp","href":"https:\/\/api.w.org\/{rel}","templated":true}]}}