{"id":657,"date":"2023-10-07T12:38:27","date_gmt":"2023-10-07T12:38:27","guid":{"rendered":"https:\/\/tzionlibreria.com\/?post_type=product&#038;p=657"},"modified":"2026-04-09T19:55:48","modified_gmt":"2026-04-09T19:55:48","slug":"biblia-de-oraciones-reina-valera-1960-letra-grande-cafe","status":"publish","type":"product","link":"https:\/\/tzionlibreria.com\/index.php\/product\/biblia-de-oraciones-reina-valera-1960-letra-grande-cafe\/","title":{"rendered":"Biblia De Oraciones Reina Valera 1960 Letra Grande Caf\u00e9"},"content":{"rendered":"<div class=\"woocommerce-tabs wc-tabs-wrapper\">\n<div id=\"tab-description\" class=\"woocommerce-Tabs-panel woocommerce-Tabs-panel--description panel entry-content wc-tab\" role=\"tabpanel\" aria-labelledby=\"tab-title-description\">\n<p>Biblia de Oraciones Reina Valera . Es \u00fanica en su g\u00e9nero y ha llegado a ser una traducci\u00f3n cl\u00e1sica que se ha convertido en el texto b\u00edblico preferido de cientos de miles de lectores. La Reina Valera en una hermosa presentaci\u00f3n pensada totalmente en hombres y mujeres de hoy, materiales flexibles y resistentes, dise\u00f1os de colores llamativos. En un tama\u00f1o f\u00e1cil de llevar a cualquier lugar. Con excelentes herramientas para aprender m\u00e1s del estudio de la Palabra.<\/p>\n<p>Contiene :<\/p>\n<p>Con cierre<br \/>\nCuenta con un nuevo dise\u00f1o y nueva tipograf\u00eda con mejor legibilidad<br \/>\nTodo el contenido y dise\u00f1o va a dos colores<br \/>\nCanto plateado<br \/>\nMapas<br \/>\nAyudas QR<br \/>\nConcordancia<\/p>\n<p>C\u00f3mo esta formada la Biblia:<\/p>\n<p>C\u00f3mo leer la Biblia<br \/>\nLa Biblia en un a\u00f1o<br \/>\nPasajes famosos de la Biblia<br \/>\nLo que dice la Biblia acerca del Perd\u00f3n de Dios<br \/>\nConcordancia<br \/>\nMapas<br \/>\nCubierta imitaci\u00f3n piel, flexible, repujada<br \/>\nCon cremallera. Cinta separadora<br \/>\nCanto plateado.<br \/>\nPapel Biblia 28 g<br \/>\nPalabras de Jes\u00fas en rojo<br \/>\n.Resumen de cada libro<br \/>\nConcordancia.<\/p>\n<p>Contenido:<\/p>\n<p>La oraci\u00f3n<br \/>\n\u00bfPor que orar?<br \/>\n\u00bfC\u00f3mo orar?<br \/>\nBendiciones de la oraci\u00f3n<br \/>\nOraci\u00f3n en todo tiempo y lugar<br \/>\n\u00bfQui\u00e9n nos ense\u00f1a a orar?<br \/>\nAl\u00e1bale al se\u00f1or por la oraci\u00f3n respondidas favorablemente<br \/>\n\u00bfY si las oraciones no son respondidas como pedimos?<br \/>\nOraciones para toda ocasi\u00f3n<\/p>\n<p>Ayudas especiales para el lector<\/p>\n<p>QR CON VIDEOS EXPLICATIVOS: Que es la Biblia. Estructura de la biblia. Buscar un pasaje en la biblia. Mensaje principal en la biblia. Idiotas en que se escribi\u00f3 la biblia. Formaci\u00f3n de la biblia. Beneficios de leerla. Interpretaci\u00f3n que Jes\u00fas hacia de las escrituras.<\/p>\n<p>QR PARA PROFUNDIZAR EN LAS ESCRITURAS: Introducci\u00f3n al AT y el pentateuco. Introducci\u00f3n al NT y los evangelios. Introducci\u00f3n a cada libro de la biblia. panorama general de los libros de la biblia. Divisi\u00f3n del d\u00eda. calendarios hebreos incluidos fiestas. Tabla de pesas medidas y monedas.<\/p>\n<p>Como encontrar ayuda en la biblia por temas.<\/p>\n<p><strong>Idioma<\/strong>: Espa\u00f1ol<br \/>\n<strong>ISBN<\/strong>: 9789587456943<\/p>\n<\/div>\n<\/div>\n","protected":false},"excerpt":{"rendered":"<p>Biblia de Oraciones Reina Valera . Es \u00fanica en su g\u00e9nero y ha llegado a ser una traducci\u00f3n cl\u00e1sica que se ha convertido en el texto b\u00edblico preferido de cientos de miles de lectores. La Reina Valera en una hermosa presentaci\u00f3n pensada totalmente en hombres y mujeres de hoy, materiales flexibles y resistentes, dise\u00f1os de [&hellip;]<\/p>\n","protected":false},"featured_media":658,"comment_status":"open","ping_status":"closed","template":"","meta":{"om_disable_all_campaigns":false,"_monsterinsights_skip_tracking":false,"_monsterinsights_sitenote_active":false,"_monsterinsights_sitenote_note":"","_monsterinsights_sitenote_category":0,"site-sidebar-layout":"default","site-content-layout":"","ast-site-content-layout":"default","site-content-style":"default","site-sidebar-style":"default","ast-global-header-display":"","ast-banner-title-visibility":"","ast-main-header-display":"","ast-hfb-above-header-display":"","ast-hfb-below-header-display":"","ast-hfb-mobile-header-display":"","site-post-title":"","ast-breadcrumbs-content":"","ast-featured-img":"","footer-sml-layout":"","ast-disable-related-posts":"","theme-transparent-header-meta":"default","adv-header-id-meta":"","stick-header-meta":"","header-above-stick-meta":"","header-main-stick-meta":"","header-below-stick-meta":"","astra-migrate-meta-layouts":"set","ast-page-background-enabled":"default","ast-page-background-meta":{"desktop":{"background-color":"var(--ast-global-color-4)","background-image":"","background-repeat":"repeat","background-position":"center center","background-size":"auto","background-attachment":"scroll","background-type":"","background-media":"","overlay-type":"","overlay-color":"","overlay-opacity":"","overlay-gradient":""},"tablet":{"background-color":"","background-image":"","background-repeat":"repeat","background-position":"center center","background-size":"auto","background-attachment":"scroll","background-type":"","background-media":"","overlay-type":"","overlay-color":"","overlay-opacity":"","overlay-gradient":""},"mobile":{"background-color":"","background-image":"","background-repeat":"repeat","background-position":"center center","background-size":"auto","background-attachment":"scroll","background-type":"","background-media":"","overlay-type":"","overlay-color":"","overlay-opacity":"","overlay-gradient":""}},"ast-content-background-meta":{"desktop":{"background-color":"var(--ast-global-color-5)","background-image":"","background-repeat":"repeat","background-position":"center center","background-size":"auto","background-attachment":"scroll","background-type":"","background-media":"","overlay-type":"","overlay-color":"","overlay-opacity":"","overlay-gradient":""},"tablet":{"background-color":"var(--ast-global-color-5)","background-image":"","background-repeat":"repeat","background-position":"center center","background-size":"auto","background-attachment":"scroll","background-type":"","background-media":"","overlay-type":"","overlay-color":"","overlay-opacity":"","overlay-gradient":""},"mobile":{"background-color":"var(--ast-global-color-5)","background-image":"","background-repeat":"repeat","background-position":"center center","background-size":"auto","background-attachment":"scroll","background-type":"","background-media":"","overlay-type":"","overlay-color":"","overlay-opacity":"","overlay-gradient":""}}},"product_brand":[],"product_cat":[22,42,177],"product_tag":[45],"class_list":{"0":"post-657","1":"product","2":"type-product","3":"status-publish","4":"has-post-thumbnail","6":"product_cat-biblias","7":"product_cat-biblias-reina-valera","8":"product_cat-letra-grande-rvr","9":"product_tag-rvr","10":"desktop-align-left","11":"tablet-align-left","12":"mobile-align-left","14":"first","15":"instock","16":"shipping-taxable","17":"purchasable","18":"product-type-simple"},"yoast_head":"<!-- This site is optimized with the Yoast SEO plugin v27.4 - https:\/\/yoast.com\/product\/yoast-seo-wordpress\/ -->\n<title>Biblia De Oraciones Reina Valera 1960 Letra Grande Caf\u00e9 - tzionlibreria.com<\/title>\n<meta name=\"robots\" content=\"index, follow, max-snippet:-1, max-image-preview:large, max-video-preview:-1\" \/>\n<link rel=\"canonical\" href=\"https:\/\/tzionlibreria.com\/index.php\/product\/biblia-de-oraciones-reina-valera-1960-letra-grande-cafe\/\" \/>\n<meta property=\"og:locale\" content=\"es_ES\" \/>\n<meta property=\"og:type\" content=\"article\" \/>\n<meta property=\"og:title\" content=\"Biblia De Oraciones Reina Valera 1960 Letra Grande Caf\u00e9 - tzionlibreria.com\" \/>\n<meta property=\"og:description\" content=\"Biblia de Oraciones Reina Valera . Es \u00fanica en su g\u00e9nero y ha llegado a ser una traducci\u00f3n cl\u00e1sica que se ha convertido en el texto b\u00edblico preferido de cientos de miles de lectores. La Reina Valera en una hermosa presentaci\u00f3n pensada totalmente en hombres y mujeres de hoy, materiales flexibles y resistentes, dise\u00f1os de [&hellip;]\" \/>\n<meta property=\"og:url\" content=\"https:\/\/tzionlibreria.com\/index.php\/product\/biblia-de-oraciones-reina-valera-1960-letra-grande-cafe\/\" \/>\n<meta property=\"og:site_name\" content=\"tzionlibreria.com\" \/>\n<meta property=\"article:modified_time\" content=\"2026-04-09T19:55:48+00:00\" \/>\n<meta property=\"og:image\" content=\"http:\/\/tzionlibreria.com\/wp-content\/uploads\/2023\/10\/D_NQ_NP_2X_600875-MLV52815131697_122022-F.webp\" \/>\n\t<meta property=\"og:image:width\" content=\"1058\" \/>\n\t<meta property=\"og:image:height\" content=\"960\" \/>\n\t<meta property=\"og:image:type\" content=\"image\/webp\" \/>\n<meta name=\"twitter:card\" content=\"summary_large_image\" \/>\n<meta name=\"twitter:label1\" content=\"Tiempo de lectura\" \/>\n\t<meta name=\"twitter:data1\" content=\"2 minutos\" \/>\n<script type=\"application\/ld+json\" class=\"yoast-schema-graph\">{\"@context\":\"https:\\\/\\\/schema.org\",\"@graph\":[{\"@type\":\"WebPage\",\"@id\":\"https:\\\/\\\/tzionlibreria.com\\\/index.php\\\/product\\\/biblia-de-oraciones-reina-valera-1960-letra-grande-cafe\\\/\",\"url\":\"https:\\\/\\\/tzionlibreria.com\\\/index.php\\\/product\\\/biblia-de-oraciones-reina-valera-1960-letra-grande-cafe\\\/\",\"name\":\"Biblia De Oraciones Reina Valera 1960 Letra Grande Caf\u00e9 - tzionlibreria.com\",\"isPartOf\":{\"@id\":\"https:\\\/\\\/tzionlibreria.com\\\/#website\"},\"primaryImageOfPage\":{\"@id\":\"https:\\\/\\\/tzionlibreria.com\\\/index.php\\\/product\\\/biblia-de-oraciones-reina-valera-1960-letra-grande-cafe\\\/#primaryimage\"},\"image\":{\"@id\":\"https:\\\/\\\/tzionlibreria.com\\\/index.php\\\/product\\\/biblia-de-oraciones-reina-valera-1960-letra-grande-cafe\\\/#primaryimage\"},\"thumbnailUrl\":\"https:\\\/\\\/tzionlibreria.com\\\/wp-content\\\/uploads\\\/2023\\\/10\\\/D_NQ_NP_2X_600875-MLV52815131697_122022-F.webp\",\"datePublished\":\"2023-10-07T12:38:27+00:00\",\"dateModified\":\"2026-04-09T19:55:48+00:00\",\"breadcrumb\":{\"@id\":\"https:\\\/\\\/tzionlibreria.com\\\/index.php\\\/product\\\/biblia-de-oraciones-reina-valera-1960-letra-grande-cafe\\\/#breadcrumb\"},\"inLanguage\":\"es-CO\",\"potentialAction\":[{\"@type\":\"ReadAction\",\"target\":[\"https:\\\/\\\/tzionlibreria.com\\\/index.php\\\/product\\\/biblia-de-oraciones-reina-valera-1960-letra-grande-cafe\\\/\"]}]},{\"@type\":\"ImageObject\",\"inLanguage\":\"es-CO\",\"@id\":\"https:\\\/\\\/tzionlibreria.com\\\/index.php\\\/product\\\/biblia-de-oraciones-reina-valera-1960-letra-grande-cafe\\\/#primaryimage\",\"url\":\"https:\\\/\\\/tzionlibreria.com\\\/wp-content\\\/uploads\\\/2023\\\/10\\\/D_NQ_NP_2X_600875-MLV52815131697_122022-F.webp\",\"contentUrl\":\"https:\\\/\\\/tzionlibreria.com\\\/wp-content\\\/uploads\\\/2023\\\/10\\\/D_NQ_NP_2X_600875-MLV52815131697_122022-F.webp\",\"width\":1058,\"height\":960},{\"@type\":\"BreadcrumbList\",\"@id\":\"https:\\\/\\\/tzionlibreria.com\\\/index.php\\\/product\\\/biblia-de-oraciones-reina-valera-1960-letra-grande-cafe\\\/#breadcrumb\",\"itemListElement\":[{\"@type\":\"ListItem\",\"position\":1,\"name\":\"Inicio\",\"item\":\"https:\\\/\\\/tzionlibreria.com\\\/\"},{\"@type\":\"ListItem\",\"position\":2,\"name\":\"Shop\",\"item\":\"https:\\\/\\\/tzionlibreria.com\\\/index.php\\\/shop\\\/\"},{\"@type\":\"ListItem\",\"position\":3,\"name\":\"Biblia De Oraciones Reina Valera 1960 Letra Grande Caf\u00e9\"}]},{\"@type\":\"WebSite\",\"@id\":\"https:\\\/\\\/tzionlibreria.com\\\/#website\",\"url\":\"https:\\\/\\\/tzionlibreria.com\\\/\",\"name\":\"tzionlibreria.com\",\"description\":\"Libreria Cristiana Venezuela\",\"publisher\":{\"@id\":\"https:\\\/\\\/tzionlibreria.com\\\/#organization\"},\"potentialAction\":[{\"@type\":\"SearchAction\",\"target\":{\"@type\":\"EntryPoint\",\"urlTemplate\":\"https:\\\/\\\/tzionlibreria.com\\\/?s={search_term_string}\"},\"query-input\":{\"@type\":\"PropertyValueSpecification\",\"valueRequired\":true,\"valueName\":\"search_term_string\"}}],\"inLanguage\":\"es-CO\"},{\"@type\":\"Organization\",\"@id\":\"https:\\\/\\\/tzionlibreria.com\\\/#organization\",\"name\":\"tzionlibreria.com\",\"url\":\"https:\\\/\\\/tzionlibreria.com\\\/\",\"logo\":{\"@type\":\"ImageObject\",\"inLanguage\":\"es-CO\",\"@id\":\"https:\\\/\\\/tzionlibreria.com\\\/#\\\/schema\\\/logo\\\/image\\\/\",\"url\":\"https:\\\/\\\/tzionlibreria.com\\\/wp-content\\\/uploads\\\/2023\\\/10\\\/cropped-Cuadricula-scaled-1.jpg\",\"contentUrl\":\"https:\\\/\\\/tzionlibreria.com\\\/wp-content\\\/uploads\\\/2023\\\/10\\\/cropped-Cuadricula-scaled-1.jpg\",\"width\":2560,\"height\":2560,\"caption\":\"tzionlibreria.com\"},\"image\":{\"@id\":\"https:\\\/\\\/tzionlibreria.com\\\/#\\\/schema\\\/logo\\\/image\\\/\"}}]}<\/script>\n<!-- \/ Yoast SEO plugin. -->","yoast_head_json":{"title":"Biblia De Oraciones Reina Valera 1960 Letra Grande Caf\u00e9 - tzionlibreria.com","robots":{"index":"index","follow":"follow","max-snippet":"max-snippet:-1","max-image-preview":"max-image-preview:large","max-video-preview":"max-video-preview:-1"},"canonical":"https:\/\/tzionlibreria.com\/index.php\/product\/biblia-de-oraciones-reina-valera-1960-letra-grande-cafe\/","og_locale":"es_ES","og_type":"article","og_title":"Biblia De Oraciones Reina Valera 1960 Letra Grande Caf\u00e9 - tzionlibreria.com","og_description":"Biblia de Oraciones Reina Valera . Es \u00fanica en su g\u00e9nero y ha llegado a ser una traducci\u00f3n cl\u00e1sica que se ha convertido en el texto b\u00edblico preferido de cientos de miles de lectores. La Reina Valera en una hermosa presentaci\u00f3n pensada totalmente en hombres y mujeres de hoy, materiales flexibles y resistentes, dise\u00f1os de [&hellip;]","og_url":"https:\/\/tzionlibreria.com\/index.php\/product\/biblia-de-oraciones-reina-valera-1960-letra-grande-cafe\/","og_site_name":"tzionlibreria.com","article_modified_time":"2026-04-09T19:55:48+00:00","og_image":[{"width":1058,"height":960,"url":"http:\/\/tzionlibreria.com\/wp-content\/uploads\/2023\/10\/D_NQ_NP_2X_600875-MLV52815131697_122022-F.webp","type":"image\/webp"}],"twitter_card":"summary_large_image","twitter_misc":{"Tiempo de lectura":"2 minutos"},"schema":{"@context":"https:\/\/schema.org","@graph":[{"@type":"WebPage","@id":"https:\/\/tzionlibreria.com\/index.php\/product\/biblia-de-oraciones-reina-valera-1960-letra-grande-cafe\/","url":"https:\/\/tzionlibreria.com\/index.php\/product\/biblia-de-oraciones-reina-valera-1960-letra-grande-cafe\/","name":"Biblia De Oraciones Reina Valera 1960 Letra Grande Caf\u00e9 - tzionlibreria.com","isPartOf":{"@id":"https:\/\/tzionlibreria.com\/#website"},"primaryImageOfPage":{"@id":"https:\/\/tzionlibreria.com\/index.php\/product\/biblia-de-oraciones-reina-valera-1960-letra-grande-cafe\/#primaryimage"},"image":{"@id":"https:\/\/tzionlibreria.com\/index.php\/product\/biblia-de-oraciones-reina-valera-1960-letra-grande-cafe\/#primaryimage"},"thumbnailUrl":"https:\/\/tzionlibreria.com\/wp-content\/uploads\/2023\/10\/D_NQ_NP_2X_600875-MLV52815131697_122022-F.webp","datePublished":"2023-10-07T12:38:27+00:00","dateModified":"2026-04-09T19:55:48+00:00","breadcrumb":{"@id":"https:\/\/tzionlibreria.com\/index.php\/product\/biblia-de-oraciones-reina-valera-1960-letra-grande-cafe\/#breadcrumb"},"inLanguage":"es-CO","potentialAction":[{"@type":"ReadAction","target":["https:\/\/tzionlibreria.com\/index.php\/product\/biblia-de-oraciones-reina-valera-1960-letra-grande-cafe\/"]}]},{"@type":"ImageObject","inLanguage":"es-CO","@id":"https:\/\/tzionlibreria.com\/index.php\/product\/biblia-de-oraciones-reina-valera-1960-letra-grande-cafe\/#primaryimage","url":"https:\/\/tzionlibreria.com\/wp-content\/uploads\/2023\/10\/D_NQ_NP_2X_600875-MLV52815131697_122022-F.webp","contentUrl":"https:\/\/tzionlibreria.com\/wp-content\/uploads\/2023\/10\/D_NQ_NP_2X_600875-MLV52815131697_122022-F.webp","width":1058,"height":960},{"@type":"BreadcrumbList","@id":"https:\/\/tzionlibreria.com\/index.php\/product\/biblia-de-oraciones-reina-valera-1960-letra-grande-cafe\/#breadcrumb","itemListElement":[{"@type":"ListItem","position":1,"name":"Inicio","item":"https:\/\/tzionlibreria.com\/"},{"@type":"ListItem","position":2,"name":"Shop","item":"https:\/\/tzionlibreria.com\/index.php\/shop\/"},{"@type":"ListItem","position":3,"name":"Biblia De Oraciones Reina Valera 1960 Letra Grande Caf\u00e9"}]},{"@type":"WebSite","@id":"https:\/\/tzionlibreria.com\/#website","url":"https:\/\/tzionlibreria.com\/","name":"tzionlibreria.com","description":"Libreria Cristiana Venezuela","publisher":{"@id":"https:\/\/tzionlibreria.com\/#organization"},"potentialAction":[{"@type":"SearchAction","target":{"@type":"EntryPoint","urlTemplate":"https:\/\/tzionlibreria.com\/?s={search_term_string}"},"query-input":{"@type":"PropertyValueSpecification","valueRequired":true,"valueName":"search_term_string"}}],"inLanguage":"es-CO"},{"@type":"Organization","@id":"https:\/\/tzionlibreria.com\/#organization","name":"tzionlibreria.com","url":"https:\/\/tzionlibreria.com\/","logo":{"@type":"ImageObject","inLanguage":"es-CO","@id":"https:\/\/tzionlibreria.com\/#\/schema\/logo\/image\/","url":"https:\/\/tzionlibreria.com\/wp-content\/uploads\/2023\/10\/cropped-Cuadricula-scaled-1.jpg","contentUrl":"https:\/\/tzionlibreria.com\/wp-content\/uploads\/2023\/10\/cropped-Cuadricula-scaled-1.jpg","width":2560,"height":2560,"caption":"tzionlibreria.com"},"image":{"@id":"https:\/\/tzionlibreria.com\/#\/schema\/logo\/image\/"}}]}},"jetpack_sharing_enabled":true,"_links":{"self":[{"href":"https:\/\/tzionlibreria.com\/index.php\/wp-json\/wp\/v2\/product\/657","targetHints":{"allow":["GET"]}}],"collection":[{"href":"https:\/\/tzionlibreria.com\/index.php\/wp-json\/wp\/v2\/product"}],"about":[{"href":"https:\/\/tzionlibreria.com\/index.php\/wp-json\/wp\/v2\/types\/product"}],"replies":[{"embeddable":true,"href":"https:\/\/tzionlibreria.com\/index.php\/wp-json\/wp\/v2\/comments?post=657"}],"wp:featuredmedia":[{"embeddable":true,"href":"https:\/\/tzionlibreria.com\/index.php\/wp-json\/wp\/v2\/media\/658"}],"wp:attachment":[{"href":"https:\/\/tzionlibreria.com\/index.php\/wp-json\/wp\/v2\/media?parent=657"}],"wp:term":[{"taxonomy":"product_brand","embeddable":true,"href":"https:\/\/tzionlibreria.com\/index.php\/wp-json\/wp\/v2\/product_brand?post=657"},{"taxonomy":"product_cat","embeddable":true,"href":"https:\/\/tzionlibreria.com\/index.php\/wp-json\/wp\/v2\/product_cat?post=657"},{"taxonomy":"product_tag","embeddable":true,"href":"https:\/\/tzionlibreria.com\/index.php\/wp-json\/wp\/v2\/product_tag?post=657"}],"curies":[{"name":"wp","href":"https:\/\/api.w.org\/{rel}","templated":true}]}}