{"id":6713,"date":"2025-12-04T02:08:01","date_gmt":"2025-12-04T02:08:01","guid":{"rendered":"https:\/\/tzionlibreria.com\/?post_type=product&#038;p=6713"},"modified":"2026-02-12T14:07:33","modified_gmt":"2026-02-12T14:07:33","slug":"clama-a-mi-dr-miguel-nunez-acercate-al-dios-que-escucha-y-responde-tus-oraciones","status":"publish","type":"product","link":"https:\/\/tzionlibreria.com\/index.php\/product\/clama-a-mi-dr-miguel-nunez-acercate-al-dios-que-escucha-y-responde-tus-oraciones\/","title":{"rendered":"Clama a m\u00ed \u2013 Dr. Miguel N\u00fa\u00f1ez \u2013 Ac\u00e9rcate al Dios que escucha y responde tus oraciones"},"content":{"rendered":"<div id=\"tab-description\" class=\"woocommerce-Tabs-panel woocommerce-Tabs-panel--description panel entry-content wc-tab\" role=\"tabpanel\" aria-labelledby=\"tab-title-description\">\n<p>\u00bfC\u00f3mo aprender a orar b\u00edblicamente? Este libro te explicar\u00e1 c\u00f3mo hacerlo y sobre todo a usar las oraciones que se encuentran en la Biblia para tu crecimiento espiritual. Dios te invita a orar y clamar a \u00c9l (Jer. 33:3); diciendo: \u00abAcerqu\u00e9monos, pues, confiadamente al trono de la gracia, para alcanzar misericordia y hallar gracia para el oportuno socorro\u00bb.<\/p>\n<p>El libro contiene un cap\u00edtulo introductorio titulado \u00abLa oraci\u00f3n, la perla perdida del pueblo de Dios\u00bb y tres secciones tituladas: 1) Orar personalmente 2) Orar por la naci\u00f3n 3) Orar por la iglesia. Miguel N\u00fa\u00f1ez desea que al final de este libro, tu vida de oraci\u00f3n e intimidad con Dios se enriquezcan, y tu caminar con \u00c9l se fortalezca.<\/p>\n<p>Podr\u00e1s disfrutar temas como:<\/p>\n<p>1. La oraci\u00f3n, la perla perdida del pueblo de Dios<\/p>\n<p>2. La oraci\u00f3n personal<\/p>\n<p>\u2013 C\u00f3mo reverenciar a Dios<\/p>\n<p>\u2013 Orar por nuestras necesidades<\/p>\n<p>\u2013 Orar por nuestras tentaciones<\/p>\n<p>\u2013 La oraci\u00f3n con David con un coraz\u00f3n contrito<\/p>\n<p>\u2013 La oraci\u00f3n con David por la restauraci\u00f3n personal despu\u00e9s de pecar<\/p>\n<p>\u2013 La oraci\u00f3n en mi Getseman\u00ed a la manera del Maestro<\/p>\n<p>3. La oraci\u00f3n por la naci\u00f3n \u2013 Antiguo Testamento<\/p>\n<p>\u2013 La oraci\u00f3n con Salom\u00f3n por la naci\u00f3n \u2013 por su bienestar y protecci\u00f3n<\/p>\n<p>\u2013 La oraci\u00f3n con Salom\u00f3n por la naci\u00f3n \u2013 por su posible desobediencia<\/p>\n<p>\u2013 La oraci\u00f3n con Daniel por el perd\u00f3n y la restauraci\u00f3n nacional<\/p>\n<p>4. La oraci\u00f3n por la iglesia \u2013 Nuevo Testamento<\/p>\n<p>\u2013 Orando con el Hijo \u2013 Por la gloria del Padre en la Iglesia y en el mundo<\/p>\n<p>\u2013 Orando con el Hijo \u2013 Por la misi\u00f3n de la Iglesia en el mundo<\/p>\n<p>\u2013 Orando con el Hijo \u2013 Por la unidad de Su Iglesia<\/p>\n<p>\u2013 Orando en grandeza con el ap\u00f3stol Pablo por Su Iglesia<\/p>\n<p>\u2013 Orando con el ap\u00f3stol Pablo por la madurez espiritual de la Iglesia<\/p>\n<\/div>\n","protected":false},"excerpt":{"rendered":"<p>\u00bfC\u00f3mo aprender a orar b\u00edblicamente? Este libro te explicar\u00e1 c\u00f3mo hacerlo y sobre todo a usar las oraciones que se encuentran en la Biblia para tu crecimiento espiritual. Dios te invita a orar y clamar a \u00c9l (Jer. 33:3); diciendo: \u00abAcerqu\u00e9monos, pues, confiadamente al trono de la gracia, para alcanzar misericordia y hallar gracia para [&hellip;]<\/p>\n","protected":false},"featured_media":6714,"comment_status":"open","ping_status":"closed","template":"","meta":{"om_disable_all_campaigns":false,"_monsterinsights_skip_tracking":false,"_monsterinsights_sitenote_active":false,"_monsterinsights_sitenote_note":"","_monsterinsights_sitenote_category":0,"site-sidebar-layout":"default","site-content-layout":"","ast-site-content-layout":"default","site-content-style":"default","site-sidebar-style":"default","ast-global-header-display":"","ast-banner-title-visibility":"","ast-main-header-display":"","ast-hfb-above-header-display":"","ast-hfb-below-header-display":"","ast-hfb-mobile-header-display":"","site-post-title":"","ast-breadcrumbs-content":"","ast-featured-img":"","footer-sml-layout":"","ast-disable-related-posts":"","theme-transparent-header-meta":"default","adv-header-id-meta":"","stick-header-meta":"","header-above-stick-meta":"","header-main-stick-meta":"","header-below-stick-meta":"","astra-migrate-meta-layouts":"set","ast-page-background-enabled":"default","ast-page-background-meta":{"desktop":{"background-color":"var(--ast-global-color-4)","background-image":"","background-repeat":"repeat","background-position":"center center","background-size":"auto","background-attachment":"scroll","background-type":"","background-media":"","overlay-type":"","overlay-color":"","overlay-opacity":"","overlay-gradient":""},"tablet":{"background-color":"","background-image":"","background-repeat":"repeat","background-position":"center center","background-size":"auto","background-attachment":"scroll","background-type":"","background-media":"","overlay-type":"","overlay-color":"","overlay-opacity":"","overlay-gradient":""},"mobile":{"background-color":"","background-image":"","background-repeat":"repeat","background-position":"center center","background-size":"auto","background-attachment":"scroll","background-type":"","background-media":"","overlay-type":"","overlay-color":"","overlay-opacity":"","overlay-gradient":""}},"ast-content-background-meta":{"desktop":{"background-color":"var(--ast-global-color-5)","background-image":"","background-repeat":"repeat","background-position":"center center","background-size":"auto","background-attachment":"scroll","background-type":"","background-media":"","overlay-type":"","overlay-color":"","overlay-opacity":"","overlay-gradient":""},"tablet":{"background-color":"var(--ast-global-color-5)","background-image":"","background-repeat":"repeat","background-position":"center center","background-size":"auto","background-attachment":"scroll","background-type":"","background-media":"","overlay-type":"","overlay-color":"","overlay-opacity":"","overlay-gradient":""},"mobile":{"background-color":"var(--ast-global-color-5)","background-image":"","background-repeat":"repeat","background-position":"center center","background-size":"auto","background-attachment":"scroll","background-type":"","background-media":"","overlay-type":"","overlay-color":"","overlay-opacity":"","overlay-gradient":""}}},"product_brand":[],"product_cat":[23,176],"product_tag":[],"class_list":{"0":"post-6713","1":"product","2":"type-product","3":"status-publish","4":"has-post-thumbnail","6":"product_cat-libros","7":"product_cat-oraciones","8":"desktop-align-left","9":"tablet-align-left","10":"mobile-align-left","12":"first","13":"instock","14":"shipping-taxable","15":"purchasable","16":"product-type-simple"},"yoast_head":"<!-- This site is optimized with the Yoast SEO plugin v27.4 - https:\/\/yoast.com\/product\/yoast-seo-wordpress\/ -->\n<title>Clama a m\u00ed \u2013 Dr. Miguel N\u00fa\u00f1ez \u2013 Ac\u00e9rcate al Dios que escucha y responde tus oraciones - tzionlibreria.com<\/title>\n<meta name=\"robots\" content=\"index, follow, max-snippet:-1, max-image-preview:large, max-video-preview:-1\" \/>\n<link rel=\"canonical\" href=\"https:\/\/tzionlibreria.com\/index.php\/product\/clama-a-mi-dr-miguel-nunez-acercate-al-dios-que-escucha-y-responde-tus-oraciones\/\" \/>\n<meta property=\"og:locale\" content=\"es_ES\" \/>\n<meta property=\"og:type\" content=\"article\" \/>\n<meta property=\"og:title\" content=\"Clama a m\u00ed \u2013 Dr. Miguel N\u00fa\u00f1ez \u2013 Ac\u00e9rcate al Dios que escucha y responde tus oraciones - tzionlibreria.com\" \/>\n<meta property=\"og:description\" content=\"\u00bfC\u00f3mo aprender a orar b\u00edblicamente? Este libro te explicar\u00e1 c\u00f3mo hacerlo y sobre todo a usar las oraciones que se encuentran en la Biblia para tu crecimiento espiritual. Dios te invita a orar y clamar a \u00c9l (Jer. 33:3); diciendo: \u00abAcerqu\u00e9monos, pues, confiadamente al trono de la gracia, para alcanzar misericordia y hallar gracia para [&hellip;]\" \/>\n<meta property=\"og:url\" content=\"https:\/\/tzionlibreria.com\/index.php\/product\/clama-a-mi-dr-miguel-nunez-acercate-al-dios-que-escucha-y-responde-tus-oraciones\/\" \/>\n<meta property=\"og:site_name\" content=\"tzionlibreria.com\" \/>\n<meta property=\"article:modified_time\" content=\"2026-02-12T14:07:33+00:00\" \/>\n<meta property=\"og:image\" content=\"http:\/\/tzionlibreria.com\/wp-content\/uploads\/2025\/12\/9781087739250.jpg\" \/>\n\t<meta property=\"og:image:width\" content=\"1200\" \/>\n\t<meta property=\"og:image:height\" content=\"1200\" \/>\n\t<meta property=\"og:image:type\" content=\"image\/jpeg\" \/>\n<meta name=\"twitter:card\" content=\"summary_large_image\" \/>\n<meta name=\"twitter:label1\" content=\"Tiempo de lectura\" \/>\n\t<meta name=\"twitter:data1\" content=\"2 minutos\" \/>\n<script type=\"application\/ld+json\" class=\"yoast-schema-graph\">{\"@context\":\"https:\\\/\\\/schema.org\",\"@graph\":[{\"@type\":\"WebPage\",\"@id\":\"https:\\\/\\\/tzionlibreria.com\\\/index.php\\\/product\\\/clama-a-mi-dr-miguel-nunez-acercate-al-dios-que-escucha-y-responde-tus-oraciones\\\/\",\"url\":\"https:\\\/\\\/tzionlibreria.com\\\/index.php\\\/product\\\/clama-a-mi-dr-miguel-nunez-acercate-al-dios-que-escucha-y-responde-tus-oraciones\\\/\",\"name\":\"Clama a m\u00ed \u2013 Dr. Miguel N\u00fa\u00f1ez \u2013 Ac\u00e9rcate al Dios que escucha y responde tus oraciones - tzionlibreria.com\",\"isPartOf\":{\"@id\":\"https:\\\/\\\/tzionlibreria.com\\\/#website\"},\"primaryImageOfPage\":{\"@id\":\"https:\\\/\\\/tzionlibreria.com\\\/index.php\\\/product\\\/clama-a-mi-dr-miguel-nunez-acercate-al-dios-que-escucha-y-responde-tus-oraciones\\\/#primaryimage\"},\"image\":{\"@id\":\"https:\\\/\\\/tzionlibreria.com\\\/index.php\\\/product\\\/clama-a-mi-dr-miguel-nunez-acercate-al-dios-que-escucha-y-responde-tus-oraciones\\\/#primaryimage\"},\"thumbnailUrl\":\"https:\\\/\\\/tzionlibreria.com\\\/wp-content\\\/uploads\\\/2025\\\/12\\\/9781087739250.jpg\",\"datePublished\":\"2025-12-04T02:08:01+00:00\",\"dateModified\":\"2026-02-12T14:07:33+00:00\",\"breadcrumb\":{\"@id\":\"https:\\\/\\\/tzionlibreria.com\\\/index.php\\\/product\\\/clama-a-mi-dr-miguel-nunez-acercate-al-dios-que-escucha-y-responde-tus-oraciones\\\/#breadcrumb\"},\"inLanguage\":\"es-CO\",\"potentialAction\":[{\"@type\":\"ReadAction\",\"target\":[\"https:\\\/\\\/tzionlibreria.com\\\/index.php\\\/product\\\/clama-a-mi-dr-miguel-nunez-acercate-al-dios-que-escucha-y-responde-tus-oraciones\\\/\"]}]},{\"@type\":\"ImageObject\",\"inLanguage\":\"es-CO\",\"@id\":\"https:\\\/\\\/tzionlibreria.com\\\/index.php\\\/product\\\/clama-a-mi-dr-miguel-nunez-acercate-al-dios-que-escucha-y-responde-tus-oraciones\\\/#primaryimage\",\"url\":\"https:\\\/\\\/tzionlibreria.com\\\/wp-content\\\/uploads\\\/2025\\\/12\\\/9781087739250.jpg\",\"contentUrl\":\"https:\\\/\\\/tzionlibreria.com\\\/wp-content\\\/uploads\\\/2025\\\/12\\\/9781087739250.jpg\",\"width\":1200,\"height\":1200},{\"@type\":\"BreadcrumbList\",\"@id\":\"https:\\\/\\\/tzionlibreria.com\\\/index.php\\\/product\\\/clama-a-mi-dr-miguel-nunez-acercate-al-dios-que-escucha-y-responde-tus-oraciones\\\/#breadcrumb\",\"itemListElement\":[{\"@type\":\"ListItem\",\"position\":1,\"name\":\"Inicio\",\"item\":\"https:\\\/\\\/tzionlibreria.com\\\/\"},{\"@type\":\"ListItem\",\"position\":2,\"name\":\"Shop\",\"item\":\"https:\\\/\\\/tzionlibreria.com\\\/index.php\\\/shop\\\/\"},{\"@type\":\"ListItem\",\"position\":3,\"name\":\"Clama a m\u00ed \u2013 Dr. Miguel N\u00fa\u00f1ez \u2013 Ac\u00e9rcate al Dios que escucha y responde tus oraciones\"}]},{\"@type\":\"WebSite\",\"@id\":\"https:\\\/\\\/tzionlibreria.com\\\/#website\",\"url\":\"https:\\\/\\\/tzionlibreria.com\\\/\",\"name\":\"tzionlibreria.com\",\"description\":\"Libreria Cristiana Venezuela\",\"publisher\":{\"@id\":\"https:\\\/\\\/tzionlibreria.com\\\/#organization\"},\"potentialAction\":[{\"@type\":\"SearchAction\",\"target\":{\"@type\":\"EntryPoint\",\"urlTemplate\":\"https:\\\/\\\/tzionlibreria.com\\\/?s={search_term_string}\"},\"query-input\":{\"@type\":\"PropertyValueSpecification\",\"valueRequired\":true,\"valueName\":\"search_term_string\"}}],\"inLanguage\":\"es-CO\"},{\"@type\":\"Organization\",\"@id\":\"https:\\\/\\\/tzionlibreria.com\\\/#organization\",\"name\":\"tzionlibreria.com\",\"url\":\"https:\\\/\\\/tzionlibreria.com\\\/\",\"logo\":{\"@type\":\"ImageObject\",\"inLanguage\":\"es-CO\",\"@id\":\"https:\\\/\\\/tzionlibreria.com\\\/#\\\/schema\\\/logo\\\/image\\\/\",\"url\":\"https:\\\/\\\/tzionlibreria.com\\\/wp-content\\\/uploads\\\/2023\\\/10\\\/cropped-Cuadricula-scaled-1.jpg\",\"contentUrl\":\"https:\\\/\\\/tzionlibreria.com\\\/wp-content\\\/uploads\\\/2023\\\/10\\\/cropped-Cuadricula-scaled-1.jpg\",\"width\":2560,\"height\":2560,\"caption\":\"tzionlibreria.com\"},\"image\":{\"@id\":\"https:\\\/\\\/tzionlibreria.com\\\/#\\\/schema\\\/logo\\\/image\\\/\"}}]}<\/script>\n<!-- \/ Yoast SEO plugin. -->","yoast_head_json":{"title":"Clama a m\u00ed \u2013 Dr. Miguel N\u00fa\u00f1ez \u2013 Ac\u00e9rcate al Dios que escucha y responde tus oraciones - tzionlibreria.com","robots":{"index":"index","follow":"follow","max-snippet":"max-snippet:-1","max-image-preview":"max-image-preview:large","max-video-preview":"max-video-preview:-1"},"canonical":"https:\/\/tzionlibreria.com\/index.php\/product\/clama-a-mi-dr-miguel-nunez-acercate-al-dios-que-escucha-y-responde-tus-oraciones\/","og_locale":"es_ES","og_type":"article","og_title":"Clama a m\u00ed \u2013 Dr. Miguel N\u00fa\u00f1ez \u2013 Ac\u00e9rcate al Dios que escucha y responde tus oraciones - tzionlibreria.com","og_description":"\u00bfC\u00f3mo aprender a orar b\u00edblicamente? Este libro te explicar\u00e1 c\u00f3mo hacerlo y sobre todo a usar las oraciones que se encuentran en la Biblia para tu crecimiento espiritual. Dios te invita a orar y clamar a \u00c9l (Jer. 33:3); diciendo: \u00abAcerqu\u00e9monos, pues, confiadamente al trono de la gracia, para alcanzar misericordia y hallar gracia para [&hellip;]","og_url":"https:\/\/tzionlibreria.com\/index.php\/product\/clama-a-mi-dr-miguel-nunez-acercate-al-dios-que-escucha-y-responde-tus-oraciones\/","og_site_name":"tzionlibreria.com","article_modified_time":"2026-02-12T14:07:33+00:00","og_image":[{"width":1200,"height":1200,"url":"http:\/\/tzionlibreria.com\/wp-content\/uploads\/2025\/12\/9781087739250.jpg","type":"image\/jpeg"}],"twitter_card":"summary_large_image","twitter_misc":{"Tiempo de lectura":"2 minutos"},"schema":{"@context":"https:\/\/schema.org","@graph":[{"@type":"WebPage","@id":"https:\/\/tzionlibreria.com\/index.php\/product\/clama-a-mi-dr-miguel-nunez-acercate-al-dios-que-escucha-y-responde-tus-oraciones\/","url":"https:\/\/tzionlibreria.com\/index.php\/product\/clama-a-mi-dr-miguel-nunez-acercate-al-dios-que-escucha-y-responde-tus-oraciones\/","name":"Clama a m\u00ed \u2013 Dr. Miguel N\u00fa\u00f1ez \u2013 Ac\u00e9rcate al Dios que escucha y responde tus oraciones - tzionlibreria.com","isPartOf":{"@id":"https:\/\/tzionlibreria.com\/#website"},"primaryImageOfPage":{"@id":"https:\/\/tzionlibreria.com\/index.php\/product\/clama-a-mi-dr-miguel-nunez-acercate-al-dios-que-escucha-y-responde-tus-oraciones\/#primaryimage"},"image":{"@id":"https:\/\/tzionlibreria.com\/index.php\/product\/clama-a-mi-dr-miguel-nunez-acercate-al-dios-que-escucha-y-responde-tus-oraciones\/#primaryimage"},"thumbnailUrl":"https:\/\/tzionlibreria.com\/wp-content\/uploads\/2025\/12\/9781087739250.jpg","datePublished":"2025-12-04T02:08:01+00:00","dateModified":"2026-02-12T14:07:33+00:00","breadcrumb":{"@id":"https:\/\/tzionlibreria.com\/index.php\/product\/clama-a-mi-dr-miguel-nunez-acercate-al-dios-que-escucha-y-responde-tus-oraciones\/#breadcrumb"},"inLanguage":"es-CO","potentialAction":[{"@type":"ReadAction","target":["https:\/\/tzionlibreria.com\/index.php\/product\/clama-a-mi-dr-miguel-nunez-acercate-al-dios-que-escucha-y-responde-tus-oraciones\/"]}]},{"@type":"ImageObject","inLanguage":"es-CO","@id":"https:\/\/tzionlibreria.com\/index.php\/product\/clama-a-mi-dr-miguel-nunez-acercate-al-dios-que-escucha-y-responde-tus-oraciones\/#primaryimage","url":"https:\/\/tzionlibreria.com\/wp-content\/uploads\/2025\/12\/9781087739250.jpg","contentUrl":"https:\/\/tzionlibreria.com\/wp-content\/uploads\/2025\/12\/9781087739250.jpg","width":1200,"height":1200},{"@type":"BreadcrumbList","@id":"https:\/\/tzionlibreria.com\/index.php\/product\/clama-a-mi-dr-miguel-nunez-acercate-al-dios-que-escucha-y-responde-tus-oraciones\/#breadcrumb","itemListElement":[{"@type":"ListItem","position":1,"name":"Inicio","item":"https:\/\/tzionlibreria.com\/"},{"@type":"ListItem","position":2,"name":"Shop","item":"https:\/\/tzionlibreria.com\/index.php\/shop\/"},{"@type":"ListItem","position":3,"name":"Clama a m\u00ed \u2013 Dr. Miguel N\u00fa\u00f1ez \u2013 Ac\u00e9rcate al Dios que escucha y responde tus oraciones"}]},{"@type":"WebSite","@id":"https:\/\/tzionlibreria.com\/#website","url":"https:\/\/tzionlibreria.com\/","name":"tzionlibreria.com","description":"Libreria Cristiana Venezuela","publisher":{"@id":"https:\/\/tzionlibreria.com\/#organization"},"potentialAction":[{"@type":"SearchAction","target":{"@type":"EntryPoint","urlTemplate":"https:\/\/tzionlibreria.com\/?s={search_term_string}"},"query-input":{"@type":"PropertyValueSpecification","valueRequired":true,"valueName":"search_term_string"}}],"inLanguage":"es-CO"},{"@type":"Organization","@id":"https:\/\/tzionlibreria.com\/#organization","name":"tzionlibreria.com","url":"https:\/\/tzionlibreria.com\/","logo":{"@type":"ImageObject","inLanguage":"es-CO","@id":"https:\/\/tzionlibreria.com\/#\/schema\/logo\/image\/","url":"https:\/\/tzionlibreria.com\/wp-content\/uploads\/2023\/10\/cropped-Cuadricula-scaled-1.jpg","contentUrl":"https:\/\/tzionlibreria.com\/wp-content\/uploads\/2023\/10\/cropped-Cuadricula-scaled-1.jpg","width":2560,"height":2560,"caption":"tzionlibreria.com"},"image":{"@id":"https:\/\/tzionlibreria.com\/#\/schema\/logo\/image\/"}}]}},"jetpack_sharing_enabled":true,"_links":{"self":[{"href":"https:\/\/tzionlibreria.com\/index.php\/wp-json\/wp\/v2\/product\/6713","targetHints":{"allow":["GET"]}}],"collection":[{"href":"https:\/\/tzionlibreria.com\/index.php\/wp-json\/wp\/v2\/product"}],"about":[{"href":"https:\/\/tzionlibreria.com\/index.php\/wp-json\/wp\/v2\/types\/product"}],"replies":[{"embeddable":true,"href":"https:\/\/tzionlibreria.com\/index.php\/wp-json\/wp\/v2\/comments?post=6713"}],"wp:featuredmedia":[{"embeddable":true,"href":"https:\/\/tzionlibreria.com\/index.php\/wp-json\/wp\/v2\/media\/6714"}],"wp:attachment":[{"href":"https:\/\/tzionlibreria.com\/index.php\/wp-json\/wp\/v2\/media?parent=6713"}],"wp:term":[{"taxonomy":"product_brand","embeddable":true,"href":"https:\/\/tzionlibreria.com\/index.php\/wp-json\/wp\/v2\/product_brand?post=6713"},{"taxonomy":"product_cat","embeddable":true,"href":"https:\/\/tzionlibreria.com\/index.php\/wp-json\/wp\/v2\/product_cat?post=6713"},{"taxonomy":"product_tag","embeddable":true,"href":"https:\/\/tzionlibreria.com\/index.php\/wp-json\/wp\/v2\/product_tag?post=6713"}],"curies":[{"name":"wp","href":"https:\/\/api.w.org\/{rel}","templated":true}]}}