{"id":6715,"date":"2025-12-04T02:21:44","date_gmt":"2025-12-04T02:21:44","guid":{"rendered":"https:\/\/tzionlibreria.com\/?post_type=product&#038;p=6715"},"modified":"2025-12-23T15:07:08","modified_gmt":"2025-12-23T15:07:08","slug":"biblia-el-mensaje-sentipiel-naranja-la-biblia-en-un-lenguaje-claro","status":"publish","type":"product","link":"https:\/\/tzionlibreria.com\/index.php\/product\/biblia-el-mensaje-sentipiel-naranja-la-biblia-en-un-lenguaje-claro\/","title":{"rendered":"Biblia El Mensaje SentiPiel Naranja : La Biblia en un lenguaje claro"},"content":{"rendered":"<p>La\u00a0<em data-start=\"475\" data-end=\"494\">Biblia El Mensaje<\/em>\u00a0est\u00e1 pensada para quienes desean o\u00edr la voz de Dios con claridad, conectar con cada palabra y vivir una fe aut\u00e9ntica y cercana.<\/p>\n<p><strong>\u00bfEst\u00e1s buscando una Biblia diferente?\u00a0<em>EL MENSAJE<\/em><\/strong>\u00a0es una Biblia pensada para personas como vos que desean escuchar la voz de Dios con claridad, sentir que cada palabra les habla al coraz\u00f3n y vivir su fe de una forma m\u00e1s aut\u00e9ntica.<\/p>\n<p>Esta no es solo otra traducci\u00f3n.\u00a0<i>El Mensaje es una experiencia distinta<\/i>. Su lenguaje c\u00e1lido, actual y cercano te ayuda a conectar con las Escrituras de una manera personal y transformadora. Cada lectura se siente como una conversaci\u00f3n \u00edntima con Dios, como si te hablara directamente, ah\u00ed donde est\u00e1s, ayud\u00e1ndote a vivir tu fe con mayor autenticidad.<\/p>\n<p><i>\u00bfQu\u00e9 vas a encontrar en esta Biblia?<\/i><\/p>\n<ul>\n<li><b>Lenguaje natural y cercano<\/b>\u00a0\u2013<span class=\"Apple-converted-space\">\u00a0\u00a0<\/span>Claro, directo y f\u00e1cil de entender.<\/li>\n<li><b>Fluidez en la lectura<\/b>\u00a0\u2013 Se siente como una charla con Dios.<\/li>\n<li><b>Impactante y relevante\u00a0<\/b>\u2013 La\u00a0<em data-start=\"1028\" data-end=\"1047\">Biblia El Mensaje<\/em>\u00a0te ayuda a aplicar la Palabra a tu vida cotidiana.<\/li>\n<li><b>Sin tecnicismos<\/b>\u00a0\u2013 Nada de palabras complicadas, todo va al grano.<\/li>\n<li><b>Ideal para la nueva generaci\u00f3n<\/b>\u00a0\u2013 Una forma fresca y profunda de conectar con la Palabra.<\/li>\n<\/ul>\n<p><strong><i>\u00bfPor qu\u00e9 elegir El Mensaje?<\/i><\/strong><\/p>\n<p>Porque si segu\u00eds leyendo una Biblia que no entend\u00e9s, te est\u00e1s perdiendo de experimentar lo m\u00e1s importante: una relaci\u00f3n viva con Dios. Esta versi\u00f3n est\u00e1 dise\u00f1ada para ayudarte a reconectar con la Palabra, descubrir el prop\u00f3sito de Dios para tu vida y caminar con \u00c9l con claridad y confianza.<\/p>\n<p><b>UNA BIBLIA QUE HABLA AL CORAZ\u00d3N Y DESPIERTA TU CAMINO ESPIRITUAL<\/b><\/p>\n<p>No dejes que el lenguaje te impida escuchar lo que Dios quiere decirte. El Mensaje puede ser el comienzo de algo nuevo y profundo en tu vida espiritual.<\/p>\n<p>La\u00a0<em data-start=\"887\" data-end=\"906\">Biblia El Mensaje<\/em>\u00a0puede marcar un antes y un despu\u00e9s en tu camino espiritual.<\/p>\n<p>Descubr\u00ed tambi\u00e9n otras ediciones de la\u00a0<em data-start=\"1728\" data-end=\"1747\">Biblia El Mensaje<\/em>\u00a0en\u00a0nuestra colecci\u00f3n de Biblias.<\/p>\n<p>Basada en la traducci\u00f3n original de Eugene Peterson, publicada por\u00a0NavPress.<\/p>\n","protected":false},"excerpt":{"rendered":"<p>La\u00a0Biblia El Mensaje\u00a0est\u00e1 pensada para quienes desean o\u00edr la voz de Dios con claridad, conectar con cada palabra y vivir una fe aut\u00e9ntica y cercana. \u00bfEst\u00e1s buscando una Biblia diferente?\u00a0EL MENSAJE\u00a0es una Biblia pensada para personas como vos que desean escuchar la voz de Dios con claridad, sentir que cada palabra les habla al coraz\u00f3n [&hellip;]<\/p>\n","protected":false},"featured_media":6716,"comment_status":"open","ping_status":"closed","template":"","meta":{"om_disable_all_campaigns":false,"_monsterinsights_skip_tracking":false,"_monsterinsights_sitenote_active":false,"_monsterinsights_sitenote_note":"","_monsterinsights_sitenote_category":0,"site-sidebar-layout":"default","site-content-layout":"","ast-site-content-layout":"default","site-content-style":"default","site-sidebar-style":"default","ast-global-header-display":"","ast-banner-title-visibility":"","ast-main-header-display":"","ast-hfb-above-header-display":"","ast-hfb-below-header-display":"","ast-hfb-mobile-header-display":"","site-post-title":"","ast-breadcrumbs-content":"","ast-featured-img":"","footer-sml-layout":"","ast-disable-related-posts":"","theme-transparent-header-meta":"default","adv-header-id-meta":"","stick-header-meta":"","header-above-stick-meta":"","header-main-stick-meta":"","header-below-stick-meta":"","astra-migrate-meta-layouts":"set","ast-page-background-enabled":"default","ast-page-background-meta":{"desktop":{"background-color":"var(--ast-global-color-4)","background-image":"","background-repeat":"repeat","background-position":"center center","background-size":"auto","background-attachment":"scroll","background-type":"","background-media":"","overlay-type":"","overlay-color":"","overlay-opacity":"","overlay-gradient":""},"tablet":{"background-color":"","background-image":"","background-repeat":"repeat","background-position":"center center","background-size":"auto","background-attachment":"scroll","background-type":"","background-media":"","overlay-type":"","overlay-color":"","overlay-opacity":"","overlay-gradient":""},"mobile":{"background-color":"","background-image":"","background-repeat":"repeat","background-position":"center center","background-size":"auto","background-attachment":"scroll","background-type":"","background-media":"","overlay-type":"","overlay-color":"","overlay-opacity":"","overlay-gradient":""}},"ast-content-background-meta":{"desktop":{"background-color":"var(--ast-global-color-5)","background-image":"","background-repeat":"repeat","background-position":"center center","background-size":"auto","background-attachment":"scroll","background-type":"","background-media":"","overlay-type":"","overlay-color":"","overlay-opacity":"","overlay-gradient":""},"tablet":{"background-color":"var(--ast-global-color-5)","background-image":"","background-repeat":"repeat","background-position":"center center","background-size":"auto","background-attachment":"scroll","background-type":"","background-media":"","overlay-type":"","overlay-color":"","overlay-opacity":"","overlay-gradient":""},"mobile":{"background-color":"var(--ast-global-color-5)","background-image":"","background-repeat":"repeat","background-position":"center center","background-size":"auto","background-attachment":"scroll","background-type":"","background-media":"","overlay-type":"","overlay-color":"","overlay-opacity":"","overlay-gradient":""}}},"product_brand":[],"product_cat":[330,22],"product_tag":[],"class_list":{"0":"post-6715","1":"product","2":"type-product","3":"status-publish","4":"has-post-thumbnail","6":"product_cat-biblia-el-mensaje","7":"product_cat-biblias","8":"desktop-align-left","9":"tablet-align-left","10":"mobile-align-left","12":"first","13":"instock","14":"shipping-taxable","15":"purchasable","16":"product-type-simple"},"yoast_head":"<!-- This site is optimized with the Yoast SEO plugin v27.4 - https:\/\/yoast.com\/product\/yoast-seo-wordpress\/ -->\n<title>Biblia El Mensaje SentiPiel Naranja : La Biblia en un lenguaje claro - tzionlibreria.com<\/title>\n<meta name=\"robots\" content=\"index, follow, max-snippet:-1, max-image-preview:large, max-video-preview:-1\" \/>\n<link rel=\"canonical\" href=\"https:\/\/tzionlibreria.com\/index.php\/product\/biblia-el-mensaje-sentipiel-naranja-la-biblia-en-un-lenguaje-claro\/\" \/>\n<meta property=\"og:locale\" content=\"es_ES\" \/>\n<meta property=\"og:type\" content=\"article\" \/>\n<meta property=\"og:title\" content=\"Biblia El Mensaje SentiPiel Naranja : La Biblia en un lenguaje claro - tzionlibreria.com\" \/>\n<meta property=\"og:description\" content=\"La\u00a0Biblia El Mensaje\u00a0est\u00e1 pensada para quienes desean o\u00edr la voz de Dios con claridad, conectar con cada palabra y vivir una fe aut\u00e9ntica y cercana. \u00bfEst\u00e1s buscando una Biblia diferente?\u00a0EL MENSAJE\u00a0es una Biblia pensada para personas como vos que desean escuchar la voz de Dios con claridad, sentir que cada palabra les habla al coraz\u00f3n [&hellip;]\" \/>\n<meta property=\"og:url\" content=\"https:\/\/tzionlibreria.com\/index.php\/product\/biblia-el-mensaje-sentipiel-naranja-la-biblia-en-un-lenguaje-claro\/\" \/>\n<meta property=\"og:site_name\" content=\"tzionlibreria.com\" \/>\n<meta property=\"article:modified_time\" content=\"2025-12-23T15:07:08+00:00\" \/>\n<meta property=\"og:image\" content=\"http:\/\/tzionlibreria.com\/wp-content\/uploads\/2025\/12\/9781966427223.jpg\" \/>\n\t<meta property=\"og:image:width\" content=\"1200\" \/>\n\t<meta property=\"og:image:height\" content=\"1200\" \/>\n\t<meta property=\"og:image:type\" content=\"image\/jpeg\" \/>\n<meta name=\"twitter:card\" content=\"summary_large_image\" \/>\n<meta name=\"twitter:label1\" content=\"Tiempo de lectura\" \/>\n\t<meta name=\"twitter:data1\" content=\"2 minutos\" \/>\n<script type=\"application\/ld+json\" class=\"yoast-schema-graph\">{\"@context\":\"https:\\\/\\\/schema.org\",\"@graph\":[{\"@type\":\"WebPage\",\"@id\":\"https:\\\/\\\/tzionlibreria.com\\\/index.php\\\/product\\\/biblia-el-mensaje-sentipiel-naranja-la-biblia-en-un-lenguaje-claro\\\/\",\"url\":\"https:\\\/\\\/tzionlibreria.com\\\/index.php\\\/product\\\/biblia-el-mensaje-sentipiel-naranja-la-biblia-en-un-lenguaje-claro\\\/\",\"name\":\"Biblia El Mensaje SentiPiel Naranja : La Biblia en un lenguaje claro - tzionlibreria.com\",\"isPartOf\":{\"@id\":\"https:\\\/\\\/tzionlibreria.com\\\/#website\"},\"primaryImageOfPage\":{\"@id\":\"https:\\\/\\\/tzionlibreria.com\\\/index.php\\\/product\\\/biblia-el-mensaje-sentipiel-naranja-la-biblia-en-un-lenguaje-claro\\\/#primaryimage\"},\"image\":{\"@id\":\"https:\\\/\\\/tzionlibreria.com\\\/index.php\\\/product\\\/biblia-el-mensaje-sentipiel-naranja-la-biblia-en-un-lenguaje-claro\\\/#primaryimage\"},\"thumbnailUrl\":\"https:\\\/\\\/tzionlibreria.com\\\/wp-content\\\/uploads\\\/2025\\\/12\\\/9781966427223.jpg\",\"datePublished\":\"2025-12-04T02:21:44+00:00\",\"dateModified\":\"2025-12-23T15:07:08+00:00\",\"breadcrumb\":{\"@id\":\"https:\\\/\\\/tzionlibreria.com\\\/index.php\\\/product\\\/biblia-el-mensaje-sentipiel-naranja-la-biblia-en-un-lenguaje-claro\\\/#breadcrumb\"},\"inLanguage\":\"es-CO\",\"potentialAction\":[{\"@type\":\"ReadAction\",\"target\":[\"https:\\\/\\\/tzionlibreria.com\\\/index.php\\\/product\\\/biblia-el-mensaje-sentipiel-naranja-la-biblia-en-un-lenguaje-claro\\\/\"]}]},{\"@type\":\"ImageObject\",\"inLanguage\":\"es-CO\",\"@id\":\"https:\\\/\\\/tzionlibreria.com\\\/index.php\\\/product\\\/biblia-el-mensaje-sentipiel-naranja-la-biblia-en-un-lenguaje-claro\\\/#primaryimage\",\"url\":\"https:\\\/\\\/tzionlibreria.com\\\/wp-content\\\/uploads\\\/2025\\\/12\\\/9781966427223.jpg\",\"contentUrl\":\"https:\\\/\\\/tzionlibreria.com\\\/wp-content\\\/uploads\\\/2025\\\/12\\\/9781966427223.jpg\",\"width\":1200,\"height\":1200},{\"@type\":\"BreadcrumbList\",\"@id\":\"https:\\\/\\\/tzionlibreria.com\\\/index.php\\\/product\\\/biblia-el-mensaje-sentipiel-naranja-la-biblia-en-un-lenguaje-claro\\\/#breadcrumb\",\"itemListElement\":[{\"@type\":\"ListItem\",\"position\":1,\"name\":\"Inicio\",\"item\":\"https:\\\/\\\/tzionlibreria.com\\\/\"},{\"@type\":\"ListItem\",\"position\":2,\"name\":\"Shop\",\"item\":\"https:\\\/\\\/tzionlibreria.com\\\/index.php\\\/shop\\\/\"},{\"@type\":\"ListItem\",\"position\":3,\"name\":\"Biblia El Mensaje SentiPiel Naranja : La Biblia en un lenguaje claro\"}]},{\"@type\":\"WebSite\",\"@id\":\"https:\\\/\\\/tzionlibreria.com\\\/#website\",\"url\":\"https:\\\/\\\/tzionlibreria.com\\\/\",\"name\":\"tzionlibreria.com\",\"description\":\"Libreria Cristiana Venezuela\",\"publisher\":{\"@id\":\"https:\\\/\\\/tzionlibreria.com\\\/#organization\"},\"potentialAction\":[{\"@type\":\"SearchAction\",\"target\":{\"@type\":\"EntryPoint\",\"urlTemplate\":\"https:\\\/\\\/tzionlibreria.com\\\/?s={search_term_string}\"},\"query-input\":{\"@type\":\"PropertyValueSpecification\",\"valueRequired\":true,\"valueName\":\"search_term_string\"}}],\"inLanguage\":\"es-CO\"},{\"@type\":\"Organization\",\"@id\":\"https:\\\/\\\/tzionlibreria.com\\\/#organization\",\"name\":\"tzionlibreria.com\",\"url\":\"https:\\\/\\\/tzionlibreria.com\\\/\",\"logo\":{\"@type\":\"ImageObject\",\"inLanguage\":\"es-CO\",\"@id\":\"https:\\\/\\\/tzionlibreria.com\\\/#\\\/schema\\\/logo\\\/image\\\/\",\"url\":\"https:\\\/\\\/tzionlibreria.com\\\/wp-content\\\/uploads\\\/2023\\\/10\\\/cropped-Cuadricula-scaled-1.jpg\",\"contentUrl\":\"https:\\\/\\\/tzionlibreria.com\\\/wp-content\\\/uploads\\\/2023\\\/10\\\/cropped-Cuadricula-scaled-1.jpg\",\"width\":2560,\"height\":2560,\"caption\":\"tzionlibreria.com\"},\"image\":{\"@id\":\"https:\\\/\\\/tzionlibreria.com\\\/#\\\/schema\\\/logo\\\/image\\\/\"}}]}<\/script>\n<!-- \/ Yoast SEO plugin. -->","yoast_head_json":{"title":"Biblia El Mensaje SentiPiel Naranja : La Biblia en un lenguaje claro - tzionlibreria.com","robots":{"index":"index","follow":"follow","max-snippet":"max-snippet:-1","max-image-preview":"max-image-preview:large","max-video-preview":"max-video-preview:-1"},"canonical":"https:\/\/tzionlibreria.com\/index.php\/product\/biblia-el-mensaje-sentipiel-naranja-la-biblia-en-un-lenguaje-claro\/","og_locale":"es_ES","og_type":"article","og_title":"Biblia El Mensaje SentiPiel Naranja : La Biblia en un lenguaje claro - tzionlibreria.com","og_description":"La\u00a0Biblia El Mensaje\u00a0est\u00e1 pensada para quienes desean o\u00edr la voz de Dios con claridad, conectar con cada palabra y vivir una fe aut\u00e9ntica y cercana. \u00bfEst\u00e1s buscando una Biblia diferente?\u00a0EL MENSAJE\u00a0es una Biblia pensada para personas como vos que desean escuchar la voz de Dios con claridad, sentir que cada palabra les habla al coraz\u00f3n [&hellip;]","og_url":"https:\/\/tzionlibreria.com\/index.php\/product\/biblia-el-mensaje-sentipiel-naranja-la-biblia-en-un-lenguaje-claro\/","og_site_name":"tzionlibreria.com","article_modified_time":"2025-12-23T15:07:08+00:00","og_image":[{"width":1200,"height":1200,"url":"http:\/\/tzionlibreria.com\/wp-content\/uploads\/2025\/12\/9781966427223.jpg","type":"image\/jpeg"}],"twitter_card":"summary_large_image","twitter_misc":{"Tiempo de lectura":"2 minutos"},"schema":{"@context":"https:\/\/schema.org","@graph":[{"@type":"WebPage","@id":"https:\/\/tzionlibreria.com\/index.php\/product\/biblia-el-mensaje-sentipiel-naranja-la-biblia-en-un-lenguaje-claro\/","url":"https:\/\/tzionlibreria.com\/index.php\/product\/biblia-el-mensaje-sentipiel-naranja-la-biblia-en-un-lenguaje-claro\/","name":"Biblia El Mensaje SentiPiel Naranja : La Biblia en un lenguaje claro - tzionlibreria.com","isPartOf":{"@id":"https:\/\/tzionlibreria.com\/#website"},"primaryImageOfPage":{"@id":"https:\/\/tzionlibreria.com\/index.php\/product\/biblia-el-mensaje-sentipiel-naranja-la-biblia-en-un-lenguaje-claro\/#primaryimage"},"image":{"@id":"https:\/\/tzionlibreria.com\/index.php\/product\/biblia-el-mensaje-sentipiel-naranja-la-biblia-en-un-lenguaje-claro\/#primaryimage"},"thumbnailUrl":"https:\/\/tzionlibreria.com\/wp-content\/uploads\/2025\/12\/9781966427223.jpg","datePublished":"2025-12-04T02:21:44+00:00","dateModified":"2025-12-23T15:07:08+00:00","breadcrumb":{"@id":"https:\/\/tzionlibreria.com\/index.php\/product\/biblia-el-mensaje-sentipiel-naranja-la-biblia-en-un-lenguaje-claro\/#breadcrumb"},"inLanguage":"es-CO","potentialAction":[{"@type":"ReadAction","target":["https:\/\/tzionlibreria.com\/index.php\/product\/biblia-el-mensaje-sentipiel-naranja-la-biblia-en-un-lenguaje-claro\/"]}]},{"@type":"ImageObject","inLanguage":"es-CO","@id":"https:\/\/tzionlibreria.com\/index.php\/product\/biblia-el-mensaje-sentipiel-naranja-la-biblia-en-un-lenguaje-claro\/#primaryimage","url":"https:\/\/tzionlibreria.com\/wp-content\/uploads\/2025\/12\/9781966427223.jpg","contentUrl":"https:\/\/tzionlibreria.com\/wp-content\/uploads\/2025\/12\/9781966427223.jpg","width":1200,"height":1200},{"@type":"BreadcrumbList","@id":"https:\/\/tzionlibreria.com\/index.php\/product\/biblia-el-mensaje-sentipiel-naranja-la-biblia-en-un-lenguaje-claro\/#breadcrumb","itemListElement":[{"@type":"ListItem","position":1,"name":"Inicio","item":"https:\/\/tzionlibreria.com\/"},{"@type":"ListItem","position":2,"name":"Shop","item":"https:\/\/tzionlibreria.com\/index.php\/shop\/"},{"@type":"ListItem","position":3,"name":"Biblia El Mensaje SentiPiel Naranja : La Biblia en un lenguaje claro"}]},{"@type":"WebSite","@id":"https:\/\/tzionlibreria.com\/#website","url":"https:\/\/tzionlibreria.com\/","name":"tzionlibreria.com","description":"Libreria Cristiana Venezuela","publisher":{"@id":"https:\/\/tzionlibreria.com\/#organization"},"potentialAction":[{"@type":"SearchAction","target":{"@type":"EntryPoint","urlTemplate":"https:\/\/tzionlibreria.com\/?s={search_term_string}"},"query-input":{"@type":"PropertyValueSpecification","valueRequired":true,"valueName":"search_term_string"}}],"inLanguage":"es-CO"},{"@type":"Organization","@id":"https:\/\/tzionlibreria.com\/#organization","name":"tzionlibreria.com","url":"https:\/\/tzionlibreria.com\/","logo":{"@type":"ImageObject","inLanguage":"es-CO","@id":"https:\/\/tzionlibreria.com\/#\/schema\/logo\/image\/","url":"https:\/\/tzionlibreria.com\/wp-content\/uploads\/2023\/10\/cropped-Cuadricula-scaled-1.jpg","contentUrl":"https:\/\/tzionlibreria.com\/wp-content\/uploads\/2023\/10\/cropped-Cuadricula-scaled-1.jpg","width":2560,"height":2560,"caption":"tzionlibreria.com"},"image":{"@id":"https:\/\/tzionlibreria.com\/#\/schema\/logo\/image\/"}}]}},"jetpack_sharing_enabled":true,"_links":{"self":[{"href":"https:\/\/tzionlibreria.com\/index.php\/wp-json\/wp\/v2\/product\/6715","targetHints":{"allow":["GET"]}}],"collection":[{"href":"https:\/\/tzionlibreria.com\/index.php\/wp-json\/wp\/v2\/product"}],"about":[{"href":"https:\/\/tzionlibreria.com\/index.php\/wp-json\/wp\/v2\/types\/product"}],"replies":[{"embeddable":true,"href":"https:\/\/tzionlibreria.com\/index.php\/wp-json\/wp\/v2\/comments?post=6715"}],"wp:featuredmedia":[{"embeddable":true,"href":"https:\/\/tzionlibreria.com\/index.php\/wp-json\/wp\/v2\/media\/6716"}],"wp:attachment":[{"href":"https:\/\/tzionlibreria.com\/index.php\/wp-json\/wp\/v2\/media?parent=6715"}],"wp:term":[{"taxonomy":"product_brand","embeddable":true,"href":"https:\/\/tzionlibreria.com\/index.php\/wp-json\/wp\/v2\/product_brand?post=6715"},{"taxonomy":"product_cat","embeddable":true,"href":"https:\/\/tzionlibreria.com\/index.php\/wp-json\/wp\/v2\/product_cat?post=6715"},{"taxonomy":"product_tag","embeddable":true,"href":"https:\/\/tzionlibreria.com\/index.php\/wp-json\/wp\/v2\/product_tag?post=6715"}],"curies":[{"name":"wp","href":"https:\/\/api.w.org\/{rel}","templated":true}]}}