{"id":6726,"date":"2025-12-04T02:36:03","date_gmt":"2025-12-04T02:36:03","guid":{"rendered":"https:\/\/tzionlibreria.com\/?post_type=product&#038;p=6726"},"modified":"2026-02-02T01:42:33","modified_gmt":"2026-02-02T01:42:33","slug":"biblia-el-mensaje-tapa-dura-gris-tela-la-biblia-en-un-lenguaje-claro-y-profundo","status":"publish","type":"product","link":"https:\/\/tzionlibreria.com\/index.php\/product\/biblia-el-mensaje-tapa-dura-gris-tela-la-biblia-en-un-lenguaje-claro-y-profundo\/","title":{"rendered":"Biblia El Mensaje Tapa dura Gris Tela : La Biblia en un lenguaje claro y profundo"},"content":{"rendered":"<h3 data-start=\"225\" data-end=\"293\"><img decoding=\"async\" class=\"emoji\" role=\"img\" draggable=\"false\" src=\"https:\/\/s.w.org\/images\/core\/emoji\/17.0.2\/svg\/2728.svg\" alt=\"\u2728\" \/> <strong data-start=\"231\" data-end=\"291\">La Biblia El Mensaje \u2014 Una voz que transforma el coraz\u00f3n<\/strong><\/h3>\n<p data-start=\"295\" data-end=\"522\">\u00bfEst\u00e1s buscando una Biblia diferente?<br data-start=\"332\" data-end=\"335\" \/><strong data-start=\"335\" data-end=\"349\">El Mensaje<\/strong> est\u00e1 pensada para personas como vos, que desean escuchar la voz de Dios con claridad, sentir que cada palabra les habla al coraz\u00f3n y vivir una fe m\u00e1s aut\u00e9ntica y cercana.<\/p>\n<p data-start=\"524\" data-end=\"871\">Esta no es solo otra traducci\u00f3n.<br data-start=\"556\" data-end=\"559\" \/><strong data-start=\"559\" data-end=\"573\">El Mensaje<\/strong> es una experiencia. Su lenguaje c\u00e1lido, actual y natural te conecta con las Escrituras de una forma personal y transformadora. Cada lectura se siente como una conversaci\u00f3n \u00edntima con Dios \u2014como si te hablara directamente, ah\u00ed donde est\u00e1s\u2014 ayud\u00e1ndote a vivir tu fe con mayor claridad y prop\u00f3sito.<\/p>\n<p data-start=\"873\" data-end=\"916\"><img decoding=\"async\" class=\"emoji\" role=\"img\" draggable=\"false\" src=\"https:\/\/s.w.org\/images\/core\/emoji\/17.0.2\/svg\/1f4d6.svg\" alt=\"\ud83d\udcd6\" \/> <strong data-start=\"876\" data-end=\"914\">Lo que encontrar\u00e1s en esta Biblia:<\/strong><\/p>\n<ul data-start=\"917\" data-end=\"1317\">\n<li data-start=\"917\" data-end=\"992\">\n<p data-start=\"919\" data-end=\"992\"><img decoding=\"async\" class=\"emoji\" role=\"img\" draggable=\"false\" src=\"https:\/\/s.w.org\/images\/core\/emoji\/17.0.2\/svg\/1f54a.svg\" alt=\"\ud83d\udd4a\ufe0f\" \/> <strong data-start=\"923\" data-end=\"954\">Lenguaje natural y cercano:<\/strong> claro, directo y f\u00e1cil de entender.<\/p>\n<\/li>\n<li data-start=\"993\" data-end=\"1062\">\n<p data-start=\"995\" data-end=\"1062\"><img decoding=\"async\" class=\"emoji\" role=\"img\" draggable=\"false\" src=\"https:\/\/s.w.org\/images\/core\/emoji\/17.0.2\/svg\/1f4ac.svg\" alt=\"\ud83d\udcac\" \/> <strong data-start=\"998\" data-end=\"1024\">Fluidez en la lectura:<\/strong> se siente como una charla con Dios.<\/p>\n<\/li>\n<li data-start=\"1063\" data-end=\"1142\">\n<p data-start=\"1065\" data-end=\"1142\"><img decoding=\"async\" class=\"emoji\" role=\"img\" draggable=\"false\" src=\"https:\/\/s.w.org\/images\/core\/emoji\/17.0.2\/svg\/1f30d.svg\" alt=\"\ud83c\udf0d\" \/> <strong data-start=\"1068\" data-end=\"1093\">Relevancia cotidiana:<\/strong> te ayuda a aplicar la Palabra en tu d\u00eda a d\u00eda.<\/p>\n<\/li>\n<li data-start=\"1143\" data-end=\"1218\">\n<p data-start=\"1145\" data-end=\"1218\"><img decoding=\"async\" class=\"emoji\" role=\"img\" draggable=\"false\" src=\"https:\/\/s.w.org\/images\/core\/emoji\/17.0.2\/svg\/270d.svg\" alt=\"\u270d\ufe0f\" \/> <strong data-start=\"1148\" data-end=\"1168\">Sin tecnicismos:<\/strong> nada de palabras complicadas, todo va al grano.<\/p>\n<\/li>\n<li data-start=\"1219\" data-end=\"1317\">\n<p data-start=\"1221\" data-end=\"1317\"><img decoding=\"async\" class=\"emoji\" role=\"img\" draggable=\"false\" src=\"https:\/\/s.w.org\/images\/core\/emoji\/17.0.2\/svg\/1f525.svg\" alt=\"\ud83d\udd25\" \/> <strong data-start=\"1224\" data-end=\"1259\">Ideal para nuevas generaciones:<\/strong> una forma fresca y profunda de conectar con la Palabra.<\/p>\n<\/li>\n<\/ul>\n<p data-start=\"1319\" data-end=\"1614\"><img decoding=\"async\" class=\"emoji\" role=\"img\" draggable=\"false\" src=\"https:\/\/s.w.org\/images\/core\/emoji\/17.0.2\/svg\/1f4a1.svg\" alt=\"\ud83d\udca1\" \/> <strong data-start=\"1322\" data-end=\"1353\">\u00bfPor qu\u00e9 elegir El Mensaje?<\/strong><br data-start=\"1353\" data-end=\"1356\" \/>Porque si segu\u00eds leyendo una Biblia que no entend\u00e9s, te est\u00e1s perdiendo lo m\u00e1s importante: una relaci\u00f3n viva con Dios.<br data-start=\"1474\" data-end=\"1477\" \/>Esta versi\u00f3n te invita a <strong data-start=\"1502\" data-end=\"1531\">reconectar con Su Palabra<\/strong>, descubrir Su prop\u00f3sito para tu vida y caminar con \u00c9l con confianza y esperanza.<\/p>\n<p data-start=\"1616\" data-end=\"1837\"><img decoding=\"async\" class=\"emoji\" role=\"img\" draggable=\"false\" src=\"https:\/\/s.w.org\/images\/core\/emoji\/17.0.2\/svg\/1f496.svg\" alt=\"\ud83d\udc96\" \/> <strong data-start=\"1619\" data-end=\"1688\">Una Biblia que habla al coraz\u00f3n y despierta tu camino espiritual.<\/strong><br data-start=\"1688\" data-end=\"1691\" \/>No dejes que el lenguaje te impida escuchar lo que Dios quiere decirte.<br data-start=\"1762\" data-end=\"1765\" \/><em data-start=\"1765\" data-end=\"1777\">El Mensaje<\/em> puede marcar un antes y un despu\u00e9s en tu vida espiritual.<\/p>\n<p data-start=\"1839\" data-end=\"2013\"><img decoding=\"async\" class=\"emoji\" role=\"img\" draggable=\"false\" src=\"https:\/\/s.w.org\/images\/core\/emoji\/17.0.2\/svg\/1f4da.svg\" alt=\"\ud83d\udcda\" \/> Descubr\u00ed tambi\u00e9n otras ediciones de <em data-start=\"1878\" data-end=\"1890\">El Mensaje<\/em> en nuestra colecci\u00f3n de Biblias.<br data-start=\"1923\" data-end=\"1926\" \/>Basada en la traducci\u00f3n original de <strong data-start=\"1962\" data-end=\"1984\">Eugene H. Peterson<\/strong>, publicada por <em data-start=\"2000\" data-end=\"2010\">NavPress<\/em><\/p>\n","protected":false},"excerpt":{"rendered":"<p>La Biblia El Mensaje \u2014 Una voz que transforma el coraz\u00f3n \u00bfEst\u00e1s buscando una Biblia diferente?El Mensaje est\u00e1 pensada para personas como vos, que desean escuchar la voz de Dios con claridad, sentir que cada palabra les habla al coraz\u00f3n y vivir una fe m\u00e1s aut\u00e9ntica y cercana. Esta no es solo otra traducci\u00f3n.El Mensaje [&hellip;]<\/p>\n","protected":false},"featured_media":6892,"comment_status":"open","ping_status":"closed","template":"","meta":{"om_disable_all_campaigns":false,"_monsterinsights_skip_tracking":false,"_monsterinsights_sitenote_active":false,"_monsterinsights_sitenote_note":"","_monsterinsights_sitenote_category":0,"site-sidebar-layout":"default","site-content-layout":"","ast-site-content-layout":"default","site-content-style":"default","site-sidebar-style":"default","ast-global-header-display":"","ast-banner-title-visibility":"","ast-main-header-display":"","ast-hfb-above-header-display":"","ast-hfb-below-header-display":"","ast-hfb-mobile-header-display":"","site-post-title":"","ast-breadcrumbs-content":"","ast-featured-img":"","footer-sml-layout":"","ast-disable-related-posts":"","theme-transparent-header-meta":"default","adv-header-id-meta":"","stick-header-meta":"","header-above-stick-meta":"","header-main-stick-meta":"","header-below-stick-meta":"","astra-migrate-meta-layouts":"set","ast-page-background-enabled":"default","ast-page-background-meta":{"desktop":{"background-color":"var(--ast-global-color-4)","background-image":"","background-repeat":"repeat","background-position":"center center","background-size":"auto","background-attachment":"scroll","background-type":"","background-media":"","overlay-type":"","overlay-color":"","overlay-opacity":"","overlay-gradient":""},"tablet":{"background-color":"","background-image":"","background-repeat":"repeat","background-position":"center center","background-size":"auto","background-attachment":"scroll","background-type":"","background-media":"","overlay-type":"","overlay-color":"","overlay-opacity":"","overlay-gradient":""},"mobile":{"background-color":"","background-image":"","background-repeat":"repeat","background-position":"center center","background-size":"auto","background-attachment":"scroll","background-type":"","background-media":"","overlay-type":"","overlay-color":"","overlay-opacity":"","overlay-gradient":""}},"ast-content-background-meta":{"desktop":{"background-color":"var(--ast-global-color-5)","background-image":"","background-repeat":"repeat","background-position":"center center","background-size":"auto","background-attachment":"scroll","background-type":"","background-media":"","overlay-type":"","overlay-color":"","overlay-opacity":"","overlay-gradient":""},"tablet":{"background-color":"var(--ast-global-color-5)","background-image":"","background-repeat":"repeat","background-position":"center center","background-size":"auto","background-attachment":"scroll","background-type":"","background-media":"","overlay-type":"","overlay-color":"","overlay-opacity":"","overlay-gradient":""},"mobile":{"background-color":"var(--ast-global-color-5)","background-image":"","background-repeat":"repeat","background-position":"center center","background-size":"auto","background-attachment":"scroll","background-type":"","background-media":"","overlay-type":"","overlay-color":"","overlay-opacity":"","overlay-gradient":""}}},"product_brand":[],"product_cat":[330,22],"product_tag":[],"class_list":{"0":"post-6726","1":"product","2":"type-product","3":"status-publish","4":"has-post-thumbnail","6":"product_cat-biblia-el-mensaje","7":"product_cat-biblias","8":"desktop-align-left","9":"tablet-align-left","10":"mobile-align-left","12":"first","13":"instock","14":"shipping-taxable","15":"purchasable","16":"product-type-simple"},"yoast_head":"<!-- This site is optimized with the Yoast SEO plugin v27.4 - https:\/\/yoast.com\/product\/yoast-seo-wordpress\/ -->\n<title>Biblia El Mensaje Tapa dura Gris Tela : La Biblia en un lenguaje claro y profundo - tzionlibreria.com<\/title>\n<meta name=\"robots\" content=\"index, follow, max-snippet:-1, max-image-preview:large, max-video-preview:-1\" \/>\n<link rel=\"canonical\" href=\"https:\/\/tzionlibreria.com\/index.php\/product\/biblia-el-mensaje-tapa-dura-gris-tela-la-biblia-en-un-lenguaje-claro-y-profundo\/\" \/>\n<meta property=\"og:locale\" content=\"es_ES\" \/>\n<meta property=\"og:type\" content=\"article\" \/>\n<meta property=\"og:title\" content=\"Biblia El Mensaje Tapa dura Gris Tela : La Biblia en un lenguaje claro y profundo - tzionlibreria.com\" \/>\n<meta property=\"og:description\" content=\"La Biblia El Mensaje \u2014 Una voz que transforma el coraz\u00f3n \u00bfEst\u00e1s buscando una Biblia diferente?El Mensaje est\u00e1 pensada para personas como vos, que desean escuchar la voz de Dios con claridad, sentir que cada palabra les habla al coraz\u00f3n y vivir una fe m\u00e1s aut\u00e9ntica y cercana. Esta no es solo otra traducci\u00f3n.El Mensaje [&hellip;]\" \/>\n<meta property=\"og:url\" content=\"https:\/\/tzionlibreria.com\/index.php\/product\/biblia-el-mensaje-tapa-dura-gris-tela-la-biblia-en-un-lenguaje-claro-y-profundo\/\" \/>\n<meta property=\"og:site_name\" content=\"tzionlibreria.com\" \/>\n<meta property=\"article:modified_time\" content=\"2026-02-02T01:42:33+00:00\" \/>\n<meta property=\"og:image\" content=\"http:\/\/tzionlibreria.com\/wp-content\/uploads\/2025\/12\/9781966427056.jpg\" \/>\n\t<meta property=\"og:image:width\" content=\"1200\" \/>\n\t<meta property=\"og:image:height\" content=\"1200\" \/>\n\t<meta property=\"og:image:type\" content=\"image\/jpeg\" \/>\n<meta name=\"twitter:card\" content=\"summary_large_image\" \/>\n<meta name=\"twitter:label1\" content=\"Tiempo de lectura\" \/>\n\t<meta name=\"twitter:data1\" content=\"4 minutos\" \/>\n<script type=\"application\/ld+json\" class=\"yoast-schema-graph\">{\"@context\":\"https:\\\/\\\/schema.org\",\"@graph\":[{\"@type\":\"WebPage\",\"@id\":\"https:\\\/\\\/tzionlibreria.com\\\/index.php\\\/product\\\/biblia-el-mensaje-tapa-dura-gris-tela-la-biblia-en-un-lenguaje-claro-y-profundo\\\/\",\"url\":\"https:\\\/\\\/tzionlibreria.com\\\/index.php\\\/product\\\/biblia-el-mensaje-tapa-dura-gris-tela-la-biblia-en-un-lenguaje-claro-y-profundo\\\/\",\"name\":\"Biblia El Mensaje Tapa dura Gris Tela : La Biblia en un lenguaje claro y profundo - tzionlibreria.com\",\"isPartOf\":{\"@id\":\"https:\\\/\\\/tzionlibreria.com\\\/#website\"},\"primaryImageOfPage\":{\"@id\":\"https:\\\/\\\/tzionlibreria.com\\\/index.php\\\/product\\\/biblia-el-mensaje-tapa-dura-gris-tela-la-biblia-en-un-lenguaje-claro-y-profundo\\\/#primaryimage\"},\"image\":{\"@id\":\"https:\\\/\\\/tzionlibreria.com\\\/index.php\\\/product\\\/biblia-el-mensaje-tapa-dura-gris-tela-la-biblia-en-un-lenguaje-claro-y-profundo\\\/#primaryimage\"},\"thumbnailUrl\":\"https:\\\/\\\/tzionlibreria.com\\\/wp-content\\\/uploads\\\/2025\\\/12\\\/9781966427056.jpg\",\"datePublished\":\"2025-12-04T02:36:03+00:00\",\"dateModified\":\"2026-02-02T01:42:33+00:00\",\"breadcrumb\":{\"@id\":\"https:\\\/\\\/tzionlibreria.com\\\/index.php\\\/product\\\/biblia-el-mensaje-tapa-dura-gris-tela-la-biblia-en-un-lenguaje-claro-y-profundo\\\/#breadcrumb\"},\"inLanguage\":\"es-CO\",\"potentialAction\":[{\"@type\":\"ReadAction\",\"target\":[\"https:\\\/\\\/tzionlibreria.com\\\/index.php\\\/product\\\/biblia-el-mensaje-tapa-dura-gris-tela-la-biblia-en-un-lenguaje-claro-y-profundo\\\/\"]}]},{\"@type\":\"ImageObject\",\"inLanguage\":\"es-CO\",\"@id\":\"https:\\\/\\\/tzionlibreria.com\\\/index.php\\\/product\\\/biblia-el-mensaje-tapa-dura-gris-tela-la-biblia-en-un-lenguaje-claro-y-profundo\\\/#primaryimage\",\"url\":\"https:\\\/\\\/tzionlibreria.com\\\/wp-content\\\/uploads\\\/2025\\\/12\\\/9781966427056.jpg\",\"contentUrl\":\"https:\\\/\\\/tzionlibreria.com\\\/wp-content\\\/uploads\\\/2025\\\/12\\\/9781966427056.jpg\",\"width\":1200,\"height\":1200},{\"@type\":\"BreadcrumbList\",\"@id\":\"https:\\\/\\\/tzionlibreria.com\\\/index.php\\\/product\\\/biblia-el-mensaje-tapa-dura-gris-tela-la-biblia-en-un-lenguaje-claro-y-profundo\\\/#breadcrumb\",\"itemListElement\":[{\"@type\":\"ListItem\",\"position\":1,\"name\":\"Inicio\",\"item\":\"https:\\\/\\\/tzionlibreria.com\\\/\"},{\"@type\":\"ListItem\",\"position\":2,\"name\":\"Shop\",\"item\":\"https:\\\/\\\/tzionlibreria.com\\\/index.php\\\/shop\\\/\"},{\"@type\":\"ListItem\",\"position\":3,\"name\":\"Biblia El Mensaje Tapa dura Gris Tela : La Biblia en un lenguaje claro y profundo\"}]},{\"@type\":\"WebSite\",\"@id\":\"https:\\\/\\\/tzionlibreria.com\\\/#website\",\"url\":\"https:\\\/\\\/tzionlibreria.com\\\/\",\"name\":\"tzionlibreria.com\",\"description\":\"Libreria Cristiana Venezuela\",\"publisher\":{\"@id\":\"https:\\\/\\\/tzionlibreria.com\\\/#organization\"},\"potentialAction\":[{\"@type\":\"SearchAction\",\"target\":{\"@type\":\"EntryPoint\",\"urlTemplate\":\"https:\\\/\\\/tzionlibreria.com\\\/?s={search_term_string}\"},\"query-input\":{\"@type\":\"PropertyValueSpecification\",\"valueRequired\":true,\"valueName\":\"search_term_string\"}}],\"inLanguage\":\"es-CO\"},{\"@type\":\"Organization\",\"@id\":\"https:\\\/\\\/tzionlibreria.com\\\/#organization\",\"name\":\"tzionlibreria.com\",\"url\":\"https:\\\/\\\/tzionlibreria.com\\\/\",\"logo\":{\"@type\":\"ImageObject\",\"inLanguage\":\"es-CO\",\"@id\":\"https:\\\/\\\/tzionlibreria.com\\\/#\\\/schema\\\/logo\\\/image\\\/\",\"url\":\"https:\\\/\\\/tzionlibreria.com\\\/wp-content\\\/uploads\\\/2023\\\/10\\\/cropped-Cuadricula-scaled-1.jpg\",\"contentUrl\":\"https:\\\/\\\/tzionlibreria.com\\\/wp-content\\\/uploads\\\/2023\\\/10\\\/cropped-Cuadricula-scaled-1.jpg\",\"width\":2560,\"height\":2560,\"caption\":\"tzionlibreria.com\"},\"image\":{\"@id\":\"https:\\\/\\\/tzionlibreria.com\\\/#\\\/schema\\\/logo\\\/image\\\/\"}}]}<\/script>\n<!-- \/ Yoast SEO plugin. -->","yoast_head_json":{"title":"Biblia El Mensaje Tapa dura Gris Tela : La Biblia en un lenguaje claro y profundo - tzionlibreria.com","robots":{"index":"index","follow":"follow","max-snippet":"max-snippet:-1","max-image-preview":"max-image-preview:large","max-video-preview":"max-video-preview:-1"},"canonical":"https:\/\/tzionlibreria.com\/index.php\/product\/biblia-el-mensaje-tapa-dura-gris-tela-la-biblia-en-un-lenguaje-claro-y-profundo\/","og_locale":"es_ES","og_type":"article","og_title":"Biblia El Mensaje Tapa dura Gris Tela : La Biblia en un lenguaje claro y profundo - tzionlibreria.com","og_description":"La Biblia El Mensaje \u2014 Una voz que transforma el coraz\u00f3n \u00bfEst\u00e1s buscando una Biblia diferente?El Mensaje est\u00e1 pensada para personas como vos, que desean escuchar la voz de Dios con claridad, sentir que cada palabra les habla al coraz\u00f3n y vivir una fe m\u00e1s aut\u00e9ntica y cercana. Esta no es solo otra traducci\u00f3n.El Mensaje [&hellip;]","og_url":"https:\/\/tzionlibreria.com\/index.php\/product\/biblia-el-mensaje-tapa-dura-gris-tela-la-biblia-en-un-lenguaje-claro-y-profundo\/","og_site_name":"tzionlibreria.com","article_modified_time":"2026-02-02T01:42:33+00:00","og_image":[{"width":1200,"height":1200,"url":"http:\/\/tzionlibreria.com\/wp-content\/uploads\/2025\/12\/9781966427056.jpg","type":"image\/jpeg"}],"twitter_card":"summary_large_image","twitter_misc":{"Tiempo de lectura":"4 minutos"},"schema":{"@context":"https:\/\/schema.org","@graph":[{"@type":"WebPage","@id":"https:\/\/tzionlibreria.com\/index.php\/product\/biblia-el-mensaje-tapa-dura-gris-tela-la-biblia-en-un-lenguaje-claro-y-profundo\/","url":"https:\/\/tzionlibreria.com\/index.php\/product\/biblia-el-mensaje-tapa-dura-gris-tela-la-biblia-en-un-lenguaje-claro-y-profundo\/","name":"Biblia El Mensaje Tapa dura Gris Tela : La Biblia en un lenguaje claro y profundo - tzionlibreria.com","isPartOf":{"@id":"https:\/\/tzionlibreria.com\/#website"},"primaryImageOfPage":{"@id":"https:\/\/tzionlibreria.com\/index.php\/product\/biblia-el-mensaje-tapa-dura-gris-tela-la-biblia-en-un-lenguaje-claro-y-profundo\/#primaryimage"},"image":{"@id":"https:\/\/tzionlibreria.com\/index.php\/product\/biblia-el-mensaje-tapa-dura-gris-tela-la-biblia-en-un-lenguaje-claro-y-profundo\/#primaryimage"},"thumbnailUrl":"https:\/\/tzionlibreria.com\/wp-content\/uploads\/2025\/12\/9781966427056.jpg","datePublished":"2025-12-04T02:36:03+00:00","dateModified":"2026-02-02T01:42:33+00:00","breadcrumb":{"@id":"https:\/\/tzionlibreria.com\/index.php\/product\/biblia-el-mensaje-tapa-dura-gris-tela-la-biblia-en-un-lenguaje-claro-y-profundo\/#breadcrumb"},"inLanguage":"es-CO","potentialAction":[{"@type":"ReadAction","target":["https:\/\/tzionlibreria.com\/index.php\/product\/biblia-el-mensaje-tapa-dura-gris-tela-la-biblia-en-un-lenguaje-claro-y-profundo\/"]}]},{"@type":"ImageObject","inLanguage":"es-CO","@id":"https:\/\/tzionlibreria.com\/index.php\/product\/biblia-el-mensaje-tapa-dura-gris-tela-la-biblia-en-un-lenguaje-claro-y-profundo\/#primaryimage","url":"https:\/\/tzionlibreria.com\/wp-content\/uploads\/2025\/12\/9781966427056.jpg","contentUrl":"https:\/\/tzionlibreria.com\/wp-content\/uploads\/2025\/12\/9781966427056.jpg","width":1200,"height":1200},{"@type":"BreadcrumbList","@id":"https:\/\/tzionlibreria.com\/index.php\/product\/biblia-el-mensaje-tapa-dura-gris-tela-la-biblia-en-un-lenguaje-claro-y-profundo\/#breadcrumb","itemListElement":[{"@type":"ListItem","position":1,"name":"Inicio","item":"https:\/\/tzionlibreria.com\/"},{"@type":"ListItem","position":2,"name":"Shop","item":"https:\/\/tzionlibreria.com\/index.php\/shop\/"},{"@type":"ListItem","position":3,"name":"Biblia El Mensaje Tapa dura Gris Tela : La Biblia en un lenguaje claro y profundo"}]},{"@type":"WebSite","@id":"https:\/\/tzionlibreria.com\/#website","url":"https:\/\/tzionlibreria.com\/","name":"tzionlibreria.com","description":"Libreria Cristiana Venezuela","publisher":{"@id":"https:\/\/tzionlibreria.com\/#organization"},"potentialAction":[{"@type":"SearchAction","target":{"@type":"EntryPoint","urlTemplate":"https:\/\/tzionlibreria.com\/?s={search_term_string}"},"query-input":{"@type":"PropertyValueSpecification","valueRequired":true,"valueName":"search_term_string"}}],"inLanguage":"es-CO"},{"@type":"Organization","@id":"https:\/\/tzionlibreria.com\/#organization","name":"tzionlibreria.com","url":"https:\/\/tzionlibreria.com\/","logo":{"@type":"ImageObject","inLanguage":"es-CO","@id":"https:\/\/tzionlibreria.com\/#\/schema\/logo\/image\/","url":"https:\/\/tzionlibreria.com\/wp-content\/uploads\/2023\/10\/cropped-Cuadricula-scaled-1.jpg","contentUrl":"https:\/\/tzionlibreria.com\/wp-content\/uploads\/2023\/10\/cropped-Cuadricula-scaled-1.jpg","width":2560,"height":2560,"caption":"tzionlibreria.com"},"image":{"@id":"https:\/\/tzionlibreria.com\/#\/schema\/logo\/image\/"}}]}},"jetpack_sharing_enabled":true,"_links":{"self":[{"href":"https:\/\/tzionlibreria.com\/index.php\/wp-json\/wp\/v2\/product\/6726","targetHints":{"allow":["GET"]}}],"collection":[{"href":"https:\/\/tzionlibreria.com\/index.php\/wp-json\/wp\/v2\/product"}],"about":[{"href":"https:\/\/tzionlibreria.com\/index.php\/wp-json\/wp\/v2\/types\/product"}],"replies":[{"embeddable":true,"href":"https:\/\/tzionlibreria.com\/index.php\/wp-json\/wp\/v2\/comments?post=6726"}],"wp:featuredmedia":[{"embeddable":true,"href":"https:\/\/tzionlibreria.com\/index.php\/wp-json\/wp\/v2\/media\/6892"}],"wp:attachment":[{"href":"https:\/\/tzionlibreria.com\/index.php\/wp-json\/wp\/v2\/media?parent=6726"}],"wp:term":[{"taxonomy":"product_brand","embeddable":true,"href":"https:\/\/tzionlibreria.com\/index.php\/wp-json\/wp\/v2\/product_brand?post=6726"},{"taxonomy":"product_cat","embeddable":true,"href":"https:\/\/tzionlibreria.com\/index.php\/wp-json\/wp\/v2\/product_cat?post=6726"},{"taxonomy":"product_tag","embeddable":true,"href":"https:\/\/tzionlibreria.com\/index.php\/wp-json\/wp\/v2\/product_tag?post=6726"}],"curies":[{"name":"wp","href":"https:\/\/api.w.org\/{rel}","templated":true}]}}