{"id":6730,"date":"2025-12-04T02:53:31","date_gmt":"2025-12-04T02:53:31","guid":{"rendered":"https:\/\/tzionlibreria.com\/?post_type=product&#038;p=6730"},"modified":"2025-12-04T22:38:24","modified_gmt":"2025-12-04T22:38:24","slug":"biblia-ultrafina-ntv-de-ziper-con-filament-sentipiel-verde-esmeralda-letra-roja","status":"publish","type":"product","link":"https:\/\/tzionlibreria.com\/index.php\/product\/biblia-ultrafina-ntv-de-ziper-con-filament-sentipiel-verde-esmeralda-letra-roja\/","title":{"rendered":"Biblia Ultrafina NTV de z\u00edper con Filament SentiPiel Verde esmeralda Letra Roja"},"content":{"rendered":"<div id=\"tab-description\" class=\"woocommerce-Tabs-panel woocommerce-Tabs-panel--description panel entry-content wc-tab\" role=\"tabpanel\" aria-labelledby=\"tab-title-description\">\n<p><span class=\"a-text-bold\">La experiencia de lectura de la Biblia<\/span>\u00a0<span class=\"a-text-bold a-text-italic\">\u00a1llevada al siguiente nivel!<\/span><\/p>\n<p>La nueva\u00a0<span class=\"a-text-italic\">Biblia ultrafina NTV con Filament<\/span>\u00a0de Tyndale ofrece un texto legible, un dise\u00f1o atractivo y referencias cruzadas en una Biblia delgada con un tama\u00f1o f\u00e1cil de transportar. Y aunque tiene el mismo precio c\u00f3modo de las Biblias b\u00e1sicas de texto, la\u00a0<span class=\"a-text-italic\">Biblia ultrafina NTV<\/span>\u00a0ofrece mucho m\u00e1s, al incluir la innovadora aplicaci\u00f3n \u00abFilament Bible\u00bb. Esta aplicaci\u00f3n le permite utilizar su tel\u00e9fono m\u00f3vil o tableta para conectar cada p\u00e1gina a una amplia gama de contenido relacionado con la Biblia.<\/p>\n<p>La aplicaci\u00f3n \u00abFilament Bible\u00bb convierte esta Biblia de texto en una poderosa herramienta devocional y de estudio que lo ayudar\u00e1 a aprovechar al m\u00e1ximo su tiempo en la Palabra de Dios y mejorar su experiencia de lectura.<\/p>\n<p>Lo mejor es que no hay ning\u00fan costo adicional, ya que la aplicaci\u00f3n \u00abFilament Bible\u00bb es un valor agregado a nuestra Biblia sin costo alguno para usted. Y por supuesto, usted puede utilizar esta Biblia con o sin la aplicaci\u00f3n, pero cuando quiera profundizar m\u00e1s en la lectura de las Escrituras, simplemente tome su tel\u00e9fono o tableta, descargue la aplicaci\u00f3n \u00abFilament Bible\u00bb y descubra un mundo de conocimiento e inspiraci\u00f3n. Es muy f\u00e1cil de usar.<\/p>\n<p><span class=\"a-text-bold\">Caracter\u00edsticas de la Biblia:<\/span><\/p>\n<ul class=\"a-unordered-list a-vertical\">\n<li><span class=\"a-list-item\">El texto claro, c\u00e1lido y comprensible de la Nueva Traducci\u00f3n Viviente<\/span><\/li>\n<li><span class=\"a-list-item\">Palabras de Cristo en rojo<\/span><\/li>\n<li><span class=\"a-list-item\">Referencias cruzadas<\/span><\/li>\n<li><span class=\"a-list-item\">Localizador de vers\u00edculos de Tyndale<\/span><\/li>\n<li><span class=\"a-list-item\">P\u00e1gina de presentaci\u00f3n<\/span><\/li>\n<li><span class=\"a-list-item\">Encuadernaci\u00f3n delgada y duradera<\/span><\/li>\n<li><span class=\"a-list-item\">Habilitada para la aplicaci\u00f3n Filament, que provee contenido adicional en cada p\u00e1gina<\/span><\/li>\n<\/ul>\n<p><span class=\"a-text-bold\">Amplifique su estudio b\u00edblico con la aplicaci\u00f3n Filament, y descubra un mundo de conocimiento e inspiraci\u00f3n al alcance de su mano \u00a1completamente gratis!<\/span><\/p>\n<p>La aplicaci\u00f3n \u00abFilament Bible\u00bb es su puerta de entrada a una experiencia de estudio b\u00edblico m\u00e1s profunda y enriquecedora. Cada p\u00e1gina de su Biblia conecta de manera f\u00e1cil y conveniente a toda una colecci\u00f3n de recursos relacionados, que incluyen:<\/p>\n<ul class=\"a-unordered-list a-vertical\">\n<li><span class=\"a-list-item\">Alrededor de 25.000 notas de estudio, escritas por m\u00e1s de 40 eruditos b\u00edblicos, que ofrecen una comprensi\u00f3n m\u00e1s profunda de las Escrituras<\/span><\/li>\n<li><span class=\"a-list-item\">M\u00e1s de 100 videos que proveen informaci\u00f3n clave sobre el trasfondo y el significado de la Biblia<\/span><\/li>\n<li><span class=\"a-list-item\">M\u00e1s de 30 mapas e infograf\u00edas que explican la geograf\u00eda y el trasfondo cultural de la Biblia<\/span><\/li>\n<li><span class=\"a-list-item\">Cientos de perfiles biogr\u00e1ficos y art\u00edculos tem\u00e1ticos que revelan a las personas y las historias detr\u00e1s de los vers\u00edculos, enriqueciendo su conexi\u00f3n con el texto b\u00edblico<\/span><\/li>\n<li><span class=\"a-list-item\">M\u00e1s de mil art\u00edculos devocionales que proporcionan inspiraci\u00f3n diaria y numerosas oportunidades para la reflexi\u00f3n diaria<\/span><\/li>\n<li><span class=\"a-list-item\">La Biblia en audio que hace posible un acercamiento fresco a la Palabra de Dios en cualquier momento y en cualquier lugar<\/span><\/li>\n<li><span class=\"a-list-item\">Una biblioteca de m\u00fasica de adoraci\u00f3n perfecta para escuchar durante su estudio personal o para inspirar la adoraci\u00f3n a lo largo del d\u00eda<\/span><\/li>\n<\/ul>\n<p>Simplemente tome su tel\u00e9fono inteligente o su tableta, busque \u00abFilament Bible\u00bb, instale la aplicaci\u00f3n y deje que comience el aprendizaje. Es simple, conveniente y extremadamente enriquecedora.<\/p>\n<p>La Nueva Traducci\u00f3n Viviente es una traducci\u00f3n de la Biblia clara y precisa. Es f\u00e1cil de comprender, y transmite el significado preciso de los idiomas originales en un estilo de escritura fluido y natural que promueve una lectura significativa y accesible.<\/p>\n<\/div>\n","protected":false},"excerpt":{"rendered":"<p>La experiencia de lectura de la Biblia\u00a0\u00a1llevada al siguiente nivel! La nueva\u00a0Biblia ultrafina NTV con Filament\u00a0de Tyndale ofrece un texto legible, un dise\u00f1o atractivo y referencias cruzadas en una Biblia delgada con un tama\u00f1o f\u00e1cil de transportar. Y aunque tiene el mismo precio c\u00f3modo de las Biblias b\u00e1sicas de texto, la\u00a0Biblia ultrafina NTV\u00a0ofrece mucho m\u00e1s, [&hellip;]<\/p>\n","protected":false},"featured_media":6731,"comment_status":"open","ping_status":"closed","template":"","meta":{"om_disable_all_campaigns":false,"_monsterinsights_skip_tracking":false,"_monsterinsights_sitenote_active":false,"_monsterinsights_sitenote_note":"","_monsterinsights_sitenote_category":0,"site-sidebar-layout":"default","site-content-layout":"","ast-site-content-layout":"default","site-content-style":"default","site-sidebar-style":"default","ast-global-header-display":"","ast-banner-title-visibility":"","ast-main-header-display":"","ast-hfb-above-header-display":"","ast-hfb-below-header-display":"","ast-hfb-mobile-header-display":"","site-post-title":"","ast-breadcrumbs-content":"","ast-featured-img":"","footer-sml-layout":"","ast-disable-related-posts":"","theme-transparent-header-meta":"default","adv-header-id-meta":"","stick-header-meta":"","header-above-stick-meta":"","header-main-stick-meta":"","header-below-stick-meta":"","astra-migrate-meta-layouts":"set","ast-page-background-enabled":"default","ast-page-background-meta":{"desktop":{"background-color":"var(--ast-global-color-4)","background-image":"","background-repeat":"repeat","background-position":"center center","background-size":"auto","background-attachment":"scroll","background-type":"","background-media":"","overlay-type":"","overlay-color":"","overlay-opacity":"","overlay-gradient":""},"tablet":{"background-color":"","background-image":"","background-repeat":"repeat","background-position":"center center","background-size":"auto","background-attachment":"scroll","background-type":"","background-media":"","overlay-type":"","overlay-color":"","overlay-opacity":"","overlay-gradient":""},"mobile":{"background-color":"","background-image":"","background-repeat":"repeat","background-position":"center center","background-size":"auto","background-attachment":"scroll","background-type":"","background-media":"","overlay-type":"","overlay-color":"","overlay-opacity":"","overlay-gradient":""}},"ast-content-background-meta":{"desktop":{"background-color":"var(--ast-global-color-5)","background-image":"","background-repeat":"repeat","background-position":"center center","background-size":"auto","background-attachment":"scroll","background-type":"","background-media":"","overlay-type":"","overlay-color":"","overlay-opacity":"","overlay-gradient":""},"tablet":{"background-color":"var(--ast-global-color-5)","background-image":"","background-repeat":"repeat","background-position":"center center","background-size":"auto","background-attachment":"scroll","background-type":"","background-media":"","overlay-type":"","overlay-color":"","overlay-opacity":"","overlay-gradient":""},"mobile":{"background-color":"var(--ast-global-color-5)","background-image":"","background-repeat":"repeat","background-position":"center center","background-size":"auto","background-attachment":"scroll","background-type":"","background-media":"","overlay-type":"","overlay-color":"","overlay-opacity":"","overlay-gradient":""}}},"product_brand":[],"product_cat":[22,31],"product_tag":[],"class_list":{"0":"post-6730","1":"product","2":"type-product","3":"status-publish","4":"has-post-thumbnail","6":"product_cat-biblias","7":"product_cat-biblias-ntv","8":"desktop-align-left","9":"tablet-align-left","10":"mobile-align-left","12":"first","13":"instock","14":"shipping-taxable","15":"purchasable","16":"product-type-simple"},"yoast_head":"<!-- This site is optimized with the Yoast SEO plugin v27.4 - https:\/\/yoast.com\/product\/yoast-seo-wordpress\/ -->\n<title>Biblia Ultrafina NTV de z\u00edper con Filament SentiPiel Verde esmeralda Letra Roja - tzionlibreria.com<\/title>\n<meta name=\"robots\" content=\"index, follow, max-snippet:-1, max-image-preview:large, max-video-preview:-1\" \/>\n<link rel=\"canonical\" href=\"https:\/\/tzionlibreria.com\/index.php\/product\/biblia-ultrafina-ntv-de-ziper-con-filament-sentipiel-verde-esmeralda-letra-roja\/\" \/>\n<meta property=\"og:locale\" content=\"es_ES\" \/>\n<meta property=\"og:type\" content=\"article\" \/>\n<meta property=\"og:title\" content=\"Biblia Ultrafina NTV de z\u00edper con Filament SentiPiel Verde esmeralda Letra Roja - tzionlibreria.com\" \/>\n<meta property=\"og:description\" content=\"La experiencia de lectura de la Biblia\u00a0\u00a1llevada al siguiente nivel! La nueva\u00a0Biblia ultrafina NTV con Filament\u00a0de Tyndale ofrece un texto legible, un dise\u00f1o atractivo y referencias cruzadas en una Biblia delgada con un tama\u00f1o f\u00e1cil de transportar. Y aunque tiene el mismo precio c\u00f3modo de las Biblias b\u00e1sicas de texto, la\u00a0Biblia ultrafina NTV\u00a0ofrece mucho m\u00e1s, [&hellip;]\" \/>\n<meta property=\"og:url\" content=\"https:\/\/tzionlibreria.com\/index.php\/product\/biblia-ultrafina-ntv-de-ziper-con-filament-sentipiel-verde-esmeralda-letra-roja\/\" \/>\n<meta property=\"og:site_name\" content=\"tzionlibreria.com\" \/>\n<meta property=\"article:modified_time\" content=\"2025-12-04T22:38:24+00:00\" \/>\n<meta property=\"og:image\" content=\"http:\/\/tzionlibreria.com\/wp-content\/uploads\/2025\/12\/9781496486813.jpg\" \/>\n\t<meta property=\"og:image:width\" content=\"1200\" \/>\n\t<meta property=\"og:image:height\" content=\"1200\" \/>\n\t<meta property=\"og:image:type\" content=\"image\/jpeg\" \/>\n<meta name=\"twitter:card\" content=\"summary_large_image\" \/>\n<meta name=\"twitter:label1\" content=\"Tiempo de lectura\" \/>\n\t<meta name=\"twitter:data1\" content=\"3 minutos\" \/>\n<script type=\"application\/ld+json\" class=\"yoast-schema-graph\">{\"@context\":\"https:\\\/\\\/schema.org\",\"@graph\":[{\"@type\":\"WebPage\",\"@id\":\"https:\\\/\\\/tzionlibreria.com\\\/index.php\\\/product\\\/biblia-ultrafina-ntv-de-ziper-con-filament-sentipiel-verde-esmeralda-letra-roja\\\/\",\"url\":\"https:\\\/\\\/tzionlibreria.com\\\/index.php\\\/product\\\/biblia-ultrafina-ntv-de-ziper-con-filament-sentipiel-verde-esmeralda-letra-roja\\\/\",\"name\":\"Biblia Ultrafina NTV de z\u00edper con Filament SentiPiel Verde esmeralda Letra Roja - tzionlibreria.com\",\"isPartOf\":{\"@id\":\"https:\\\/\\\/tzionlibreria.com\\\/#website\"},\"primaryImageOfPage\":{\"@id\":\"https:\\\/\\\/tzionlibreria.com\\\/index.php\\\/product\\\/biblia-ultrafina-ntv-de-ziper-con-filament-sentipiel-verde-esmeralda-letra-roja\\\/#primaryimage\"},\"image\":{\"@id\":\"https:\\\/\\\/tzionlibreria.com\\\/index.php\\\/product\\\/biblia-ultrafina-ntv-de-ziper-con-filament-sentipiel-verde-esmeralda-letra-roja\\\/#primaryimage\"},\"thumbnailUrl\":\"https:\\\/\\\/tzionlibreria.com\\\/wp-content\\\/uploads\\\/2025\\\/12\\\/9781496486813.jpg\",\"datePublished\":\"2025-12-04T02:53:31+00:00\",\"dateModified\":\"2025-12-04T22:38:24+00:00\",\"breadcrumb\":{\"@id\":\"https:\\\/\\\/tzionlibreria.com\\\/index.php\\\/product\\\/biblia-ultrafina-ntv-de-ziper-con-filament-sentipiel-verde-esmeralda-letra-roja\\\/#breadcrumb\"},\"inLanguage\":\"es-CO\",\"potentialAction\":[{\"@type\":\"ReadAction\",\"target\":[\"https:\\\/\\\/tzionlibreria.com\\\/index.php\\\/product\\\/biblia-ultrafina-ntv-de-ziper-con-filament-sentipiel-verde-esmeralda-letra-roja\\\/\"]}]},{\"@type\":\"ImageObject\",\"inLanguage\":\"es-CO\",\"@id\":\"https:\\\/\\\/tzionlibreria.com\\\/index.php\\\/product\\\/biblia-ultrafina-ntv-de-ziper-con-filament-sentipiel-verde-esmeralda-letra-roja\\\/#primaryimage\",\"url\":\"https:\\\/\\\/tzionlibreria.com\\\/wp-content\\\/uploads\\\/2025\\\/12\\\/9781496486813.jpg\",\"contentUrl\":\"https:\\\/\\\/tzionlibreria.com\\\/wp-content\\\/uploads\\\/2025\\\/12\\\/9781496486813.jpg\",\"width\":1200,\"height\":1200},{\"@type\":\"BreadcrumbList\",\"@id\":\"https:\\\/\\\/tzionlibreria.com\\\/index.php\\\/product\\\/biblia-ultrafina-ntv-de-ziper-con-filament-sentipiel-verde-esmeralda-letra-roja\\\/#breadcrumb\",\"itemListElement\":[{\"@type\":\"ListItem\",\"position\":1,\"name\":\"Inicio\",\"item\":\"https:\\\/\\\/tzionlibreria.com\\\/\"},{\"@type\":\"ListItem\",\"position\":2,\"name\":\"Shop\",\"item\":\"https:\\\/\\\/tzionlibreria.com\\\/index.php\\\/shop\\\/\"},{\"@type\":\"ListItem\",\"position\":3,\"name\":\"Biblia Ultrafina NTV de z\u00edper con Filament SentiPiel Verde esmeralda Letra Roja\"}]},{\"@type\":\"WebSite\",\"@id\":\"https:\\\/\\\/tzionlibreria.com\\\/#website\",\"url\":\"https:\\\/\\\/tzionlibreria.com\\\/\",\"name\":\"tzionlibreria.com\",\"description\":\"Libreria Cristiana Venezuela\",\"publisher\":{\"@id\":\"https:\\\/\\\/tzionlibreria.com\\\/#organization\"},\"potentialAction\":[{\"@type\":\"SearchAction\",\"target\":{\"@type\":\"EntryPoint\",\"urlTemplate\":\"https:\\\/\\\/tzionlibreria.com\\\/?s={search_term_string}\"},\"query-input\":{\"@type\":\"PropertyValueSpecification\",\"valueRequired\":true,\"valueName\":\"search_term_string\"}}],\"inLanguage\":\"es-CO\"},{\"@type\":\"Organization\",\"@id\":\"https:\\\/\\\/tzionlibreria.com\\\/#organization\",\"name\":\"tzionlibreria.com\",\"url\":\"https:\\\/\\\/tzionlibreria.com\\\/\",\"logo\":{\"@type\":\"ImageObject\",\"inLanguage\":\"es-CO\",\"@id\":\"https:\\\/\\\/tzionlibreria.com\\\/#\\\/schema\\\/logo\\\/image\\\/\",\"url\":\"https:\\\/\\\/tzionlibreria.com\\\/wp-content\\\/uploads\\\/2023\\\/10\\\/cropped-Cuadricula-scaled-1.jpg\",\"contentUrl\":\"https:\\\/\\\/tzionlibreria.com\\\/wp-content\\\/uploads\\\/2023\\\/10\\\/cropped-Cuadricula-scaled-1.jpg\",\"width\":2560,\"height\":2560,\"caption\":\"tzionlibreria.com\"},\"image\":{\"@id\":\"https:\\\/\\\/tzionlibreria.com\\\/#\\\/schema\\\/logo\\\/image\\\/\"}}]}<\/script>\n<!-- \/ Yoast SEO plugin. -->","yoast_head_json":{"title":"Biblia Ultrafina NTV de z\u00edper con Filament SentiPiel Verde esmeralda Letra Roja - tzionlibreria.com","robots":{"index":"index","follow":"follow","max-snippet":"max-snippet:-1","max-image-preview":"max-image-preview:large","max-video-preview":"max-video-preview:-1"},"canonical":"https:\/\/tzionlibreria.com\/index.php\/product\/biblia-ultrafina-ntv-de-ziper-con-filament-sentipiel-verde-esmeralda-letra-roja\/","og_locale":"es_ES","og_type":"article","og_title":"Biblia Ultrafina NTV de z\u00edper con Filament SentiPiel Verde esmeralda Letra Roja - tzionlibreria.com","og_description":"La experiencia de lectura de la Biblia\u00a0\u00a1llevada al siguiente nivel! La nueva\u00a0Biblia ultrafina NTV con Filament\u00a0de Tyndale ofrece un texto legible, un dise\u00f1o atractivo y referencias cruzadas en una Biblia delgada con un tama\u00f1o f\u00e1cil de transportar. Y aunque tiene el mismo precio c\u00f3modo de las Biblias b\u00e1sicas de texto, la\u00a0Biblia ultrafina NTV\u00a0ofrece mucho m\u00e1s, [&hellip;]","og_url":"https:\/\/tzionlibreria.com\/index.php\/product\/biblia-ultrafina-ntv-de-ziper-con-filament-sentipiel-verde-esmeralda-letra-roja\/","og_site_name":"tzionlibreria.com","article_modified_time":"2025-12-04T22:38:24+00:00","og_image":[{"width":1200,"height":1200,"url":"http:\/\/tzionlibreria.com\/wp-content\/uploads\/2025\/12\/9781496486813.jpg","type":"image\/jpeg"}],"twitter_card":"summary_large_image","twitter_misc":{"Tiempo de lectura":"3 minutos"},"schema":{"@context":"https:\/\/schema.org","@graph":[{"@type":"WebPage","@id":"https:\/\/tzionlibreria.com\/index.php\/product\/biblia-ultrafina-ntv-de-ziper-con-filament-sentipiel-verde-esmeralda-letra-roja\/","url":"https:\/\/tzionlibreria.com\/index.php\/product\/biblia-ultrafina-ntv-de-ziper-con-filament-sentipiel-verde-esmeralda-letra-roja\/","name":"Biblia Ultrafina NTV de z\u00edper con Filament SentiPiel Verde esmeralda Letra Roja - tzionlibreria.com","isPartOf":{"@id":"https:\/\/tzionlibreria.com\/#website"},"primaryImageOfPage":{"@id":"https:\/\/tzionlibreria.com\/index.php\/product\/biblia-ultrafina-ntv-de-ziper-con-filament-sentipiel-verde-esmeralda-letra-roja\/#primaryimage"},"image":{"@id":"https:\/\/tzionlibreria.com\/index.php\/product\/biblia-ultrafina-ntv-de-ziper-con-filament-sentipiel-verde-esmeralda-letra-roja\/#primaryimage"},"thumbnailUrl":"https:\/\/tzionlibreria.com\/wp-content\/uploads\/2025\/12\/9781496486813.jpg","datePublished":"2025-12-04T02:53:31+00:00","dateModified":"2025-12-04T22:38:24+00:00","breadcrumb":{"@id":"https:\/\/tzionlibreria.com\/index.php\/product\/biblia-ultrafina-ntv-de-ziper-con-filament-sentipiel-verde-esmeralda-letra-roja\/#breadcrumb"},"inLanguage":"es-CO","potentialAction":[{"@type":"ReadAction","target":["https:\/\/tzionlibreria.com\/index.php\/product\/biblia-ultrafina-ntv-de-ziper-con-filament-sentipiel-verde-esmeralda-letra-roja\/"]}]},{"@type":"ImageObject","inLanguage":"es-CO","@id":"https:\/\/tzionlibreria.com\/index.php\/product\/biblia-ultrafina-ntv-de-ziper-con-filament-sentipiel-verde-esmeralda-letra-roja\/#primaryimage","url":"https:\/\/tzionlibreria.com\/wp-content\/uploads\/2025\/12\/9781496486813.jpg","contentUrl":"https:\/\/tzionlibreria.com\/wp-content\/uploads\/2025\/12\/9781496486813.jpg","width":1200,"height":1200},{"@type":"BreadcrumbList","@id":"https:\/\/tzionlibreria.com\/index.php\/product\/biblia-ultrafina-ntv-de-ziper-con-filament-sentipiel-verde-esmeralda-letra-roja\/#breadcrumb","itemListElement":[{"@type":"ListItem","position":1,"name":"Inicio","item":"https:\/\/tzionlibreria.com\/"},{"@type":"ListItem","position":2,"name":"Shop","item":"https:\/\/tzionlibreria.com\/index.php\/shop\/"},{"@type":"ListItem","position":3,"name":"Biblia Ultrafina NTV de z\u00edper con Filament SentiPiel Verde esmeralda Letra Roja"}]},{"@type":"WebSite","@id":"https:\/\/tzionlibreria.com\/#website","url":"https:\/\/tzionlibreria.com\/","name":"tzionlibreria.com","description":"Libreria Cristiana Venezuela","publisher":{"@id":"https:\/\/tzionlibreria.com\/#organization"},"potentialAction":[{"@type":"SearchAction","target":{"@type":"EntryPoint","urlTemplate":"https:\/\/tzionlibreria.com\/?s={search_term_string}"},"query-input":{"@type":"PropertyValueSpecification","valueRequired":true,"valueName":"search_term_string"}}],"inLanguage":"es-CO"},{"@type":"Organization","@id":"https:\/\/tzionlibreria.com\/#organization","name":"tzionlibreria.com","url":"https:\/\/tzionlibreria.com\/","logo":{"@type":"ImageObject","inLanguage":"es-CO","@id":"https:\/\/tzionlibreria.com\/#\/schema\/logo\/image\/","url":"https:\/\/tzionlibreria.com\/wp-content\/uploads\/2023\/10\/cropped-Cuadricula-scaled-1.jpg","contentUrl":"https:\/\/tzionlibreria.com\/wp-content\/uploads\/2023\/10\/cropped-Cuadricula-scaled-1.jpg","width":2560,"height":2560,"caption":"tzionlibreria.com"},"image":{"@id":"https:\/\/tzionlibreria.com\/#\/schema\/logo\/image\/"}}]}},"jetpack_sharing_enabled":true,"_links":{"self":[{"href":"https:\/\/tzionlibreria.com\/index.php\/wp-json\/wp\/v2\/product\/6730","targetHints":{"allow":["GET"]}}],"collection":[{"href":"https:\/\/tzionlibreria.com\/index.php\/wp-json\/wp\/v2\/product"}],"about":[{"href":"https:\/\/tzionlibreria.com\/index.php\/wp-json\/wp\/v2\/types\/product"}],"replies":[{"embeddable":true,"href":"https:\/\/tzionlibreria.com\/index.php\/wp-json\/wp\/v2\/comments?post=6730"}],"wp:featuredmedia":[{"embeddable":true,"href":"https:\/\/tzionlibreria.com\/index.php\/wp-json\/wp\/v2\/media\/6731"}],"wp:attachment":[{"href":"https:\/\/tzionlibreria.com\/index.php\/wp-json\/wp\/v2\/media?parent=6730"}],"wp:term":[{"taxonomy":"product_brand","embeddable":true,"href":"https:\/\/tzionlibreria.com\/index.php\/wp-json\/wp\/v2\/product_brand?post=6730"},{"taxonomy":"product_cat","embeddable":true,"href":"https:\/\/tzionlibreria.com\/index.php\/wp-json\/wp\/v2\/product_cat?post=6730"},{"taxonomy":"product_tag","embeddable":true,"href":"https:\/\/tzionlibreria.com\/index.php\/wp-json\/wp\/v2\/product_tag?post=6730"}],"curies":[{"name":"wp","href":"https:\/\/api.w.org\/{rel}","templated":true}]}}