{"id":6756,"date":"2025-12-06T00:05:34","date_gmt":"2025-12-06T00:05:34","guid":{"rendered":"https:\/\/tzionlibreria.com\/?post_type=product&#038;p=6756"},"modified":"2025-12-06T00:05:40","modified_gmt":"2025-12-06T00:05:40","slug":"biblia-ntv-valor-premium-con-filament-sentipiel-gris-2","status":"publish","type":"product","link":"https:\/\/tzionlibreria.com\/index.php\/product\/biblia-ntv-valor-premium-con-filament-sentipiel-gris-2\/","title":{"rendered":"Biblia NTV valor pr\u00e9mium con Filament SentiPiel Gris"},"content":{"rendered":"<div id=\"tab-description\" class=\"woocommerce-Tabs-panel woocommerce-Tabs-panel--description panel entry-content wc-tab\" role=\"tabpanel\" aria-labelledby=\"tab-title-description\">\n<p data-start=\"112\" data-end=\"181\"><img decoding=\"async\" class=\"emoji\" role=\"img\" draggable=\"false\" src=\"https:\/\/s.w.org\/images\/core\/emoji\/17.0.2\/svg\/1f4d6.svg\" alt=\"\ud83d\udcd6\" \/>\u00a0<strong data-start=\"115\" data-end=\"179\">Biblia Valor Pr\u00e9mium NTV con Filament \u2013 Port\u00e1til y Accesible<\/strong><\/p>\n<p data-start=\"183\" data-end=\"258\"><img decoding=\"async\" class=\"emoji\" role=\"img\" draggable=\"false\" src=\"https:\/\/s.w.org\/images\/core\/emoji\/17.0.2\/svg\/2728.svg\" alt=\"\u2728\" \/>\u00a0<em data-start=\"185\" data-end=\"256\">La Palabra de Dios en un formato confiable, moderno y al mejor precio<\/em><\/p>\n<p data-start=\"260\" data-end=\"535\">La\u00a0<strong data-start=\"263\" data-end=\"304\">Biblia Valor Pr\u00e9mium NTV con Filament<\/strong>\u00a0ofrece la amada\u00a0<strong data-start=\"321\" data-end=\"356\">Nueva Traducci\u00f3n Viviente (NTV)<\/strong>\u00a0en una edici\u00f3n atractiva, pr\u00e1ctica y de precio accesible. Su dise\u00f1o delgado y port\u00e1til la convierte en la opci\u00f3n ideal para el uso diario, tanto en el hogar como en la iglesia.<\/p>\n<p data-start=\"537\" data-end=\"710\">Lo mejor: est\u00e1 habilitada con la innovadora aplicaci\u00f3n\u00a0<strong data-start=\"592\" data-end=\"610\">Filament Bible<\/strong>, que transforma cada p\u00e1gina en una puerta a un mundo de recursos digitales de estudio y devoci\u00f3n.<\/p>\n<p data-start=\"712\" data-end=\"746\"><img decoding=\"async\" class=\"emoji\" role=\"img\" draggable=\"false\" src=\"https:\/\/s.w.org\/images\/core\/emoji\/17.0.2\/svg\/1f50e.svg\" alt=\"\ud83d\udd0e\" \/>\u00a0<strong data-start=\"715\" data-end=\"744\">Caracter\u00edsticas impresas:<\/strong><\/p>\n<ul data-start=\"747\" data-end=\"973\">\n<li data-start=\"747\" data-end=\"786\">\n<p data-start=\"749\" data-end=\"786\">Texto claro y c\u00e1lido de la\u00a0<strong data-start=\"776\" data-end=\"783\">NTV<\/strong>.<\/p>\n<\/li>\n<li data-start=\"787\" data-end=\"835\">\n<p data-start=\"789\" data-end=\"835\">Lista alfab\u00e9tica de los libros de la Biblia.<\/p>\n<\/li>\n<li data-start=\"836\" data-end=\"888\">\n<p data-start=\"838\" data-end=\"888\"><strong data-start=\"838\" data-end=\"867\">Tama\u00f1o de letra: 8.25 pts<\/strong>, legible y c\u00f3modo.<\/p>\n<\/li>\n<li data-start=\"889\" data-end=\"934\">\n<p data-start=\"891\" data-end=\"934\">Dise\u00f1o\u00a0<strong data-start=\"898\" data-end=\"931\">delgado, atractivo y port\u00e1til<\/strong>.<\/p>\n<\/li>\n<li data-start=\"935\" data-end=\"973\">\n<p data-start=\"937\" data-end=\"973\">Precio accesible para todo lector.<\/p>\n<\/li>\n<\/ul>\n<p data-start=\"975\" data-end=\"1033\"><img decoding=\"async\" class=\"emoji\" role=\"img\" draggable=\"false\" src=\"https:\/\/s.w.org\/images\/core\/emoji\/17.0.2\/svg\/1f4f2.svg\" alt=\"\ud83d\udcf2\" \/>\u00a0<strong data-start=\"978\" data-end=\"1031\">Contenido adicional con la app Filament (gratis):<\/strong><\/p>\n<ul data-start=\"1034\" data-end=\"1564\">\n<li data-start=\"1034\" data-end=\"1116\">\n<p data-start=\"1036\" data-end=\"1116\">M\u00e1s de\u00a0<strong data-start=\"1043\" data-end=\"1070\">25.000 notas de estudio<\/strong>\u00a0elaboradas por m\u00e1s de 40 eruditos b\u00edblicos.<\/p>\n<\/li>\n<li data-start=\"1117\" data-end=\"1177\">\n<p data-start=\"1119\" data-end=\"1177\"><strong data-start=\"1119\" data-end=\"1138\">Biblia en audio<\/strong>, para escuchar en cualquier momento.<\/p>\n<\/li>\n<li data-start=\"1178\" data-end=\"1238\">\n<p data-start=\"1180\" data-end=\"1238\">M\u00e1s de\u00a0<strong data-start=\"1187\" data-end=\"1201\">100 videos<\/strong>\u00a0con trasfondo hist\u00f3rico y b\u00edblico.<\/p>\n<\/li>\n<li data-start=\"1239\" data-end=\"1302\">\n<p data-start=\"1241\" data-end=\"1302\">M\u00e1s de\u00a0<strong data-start=\"1248\" data-end=\"1274\">30 mapas e infograf\u00edas<\/strong>\u00a0culturales y geogr\u00e1ficos.<\/p>\n<\/li>\n<li data-start=\"1303\" data-end=\"1365\">\n<p data-start=\"1305\" data-end=\"1365\">Cientos de\u00a0<strong data-start=\"1316\" data-end=\"1362\">perfiles biogr\u00e1ficos y art\u00edculos tem\u00e1ticos<\/strong>.<\/p>\n<\/li>\n<li data-start=\"1366\" data-end=\"1424\">\n<p data-start=\"1368\" data-end=\"1424\">M\u00e1s de\u00a0<strong data-start=\"1375\" data-end=\"1397\">2.000 devocionales<\/strong>\u00a0para inspiraci\u00f3n diaria.<\/p>\n<\/li>\n<li data-start=\"1425\" data-end=\"1486\">\n<p data-start=\"1427\" data-end=\"1486\"><strong data-start=\"1427\" data-end=\"1448\">Planes de lectura<\/strong>\u00a0que acompa\u00f1an tu recorrido b\u00edblico.<\/p>\n<\/li>\n<li data-start=\"1487\" data-end=\"1564\">\n<p data-start=\"1489\" data-end=\"1564\">Biblioteca de\u00a0<strong data-start=\"1503\" data-end=\"1526\">m\u00fasica de adoraci\u00f3n<\/strong>\u00a0para enriquecer tu tiempo con Dios.<\/p>\n<\/li>\n<\/ul>\n<p data-start=\"1566\" data-end=\"1593\"><img decoding=\"async\" class=\"emoji\" role=\"img\" draggable=\"false\" src=\"https:\/\/s.w.org\/images\/core\/emoji\/17.0.2\/svg\/1f4cc.svg\" alt=\"\ud83d\udccc\" \/>\u00a0<strong data-start=\"1569\" data-end=\"1591\">Detalles t\u00e9cnicos:<\/strong><\/p>\n<ul data-start=\"1594\" data-end=\"1882\">\n<li data-start=\"1594\" data-end=\"1642\">\n<p data-start=\"1596\" data-end=\"1642\">Versi\u00f3n:\u00a0<strong data-start=\"1605\" data-end=\"1640\">Nueva Traducci\u00f3n Viviente (NTV)<\/strong><\/p>\n<\/li>\n<li data-start=\"1643\" data-end=\"1679\">\n<p data-start=\"1645\" data-end=\"1679\">Especialidad:\u00a0<strong data-start=\"1659\" data-end=\"1677\">Filament Bible<\/strong><\/p>\n<\/li>\n<li data-start=\"1680\" data-end=\"1713\">\n<p data-start=\"1682\" data-end=\"1713\">Tama\u00f1o de letra:\u00a0<strong data-start=\"1699\" data-end=\"1711\">8.25 pts<\/strong><\/p>\n<\/li>\n<li data-start=\"1714\" data-end=\"1781\">\n<p data-start=\"1716\" data-end=\"1781\">Cubierta: s\u00edmil piel<\/p>\n<\/li>\n<li data-start=\"1782\" data-end=\"1829\">\n<p data-start=\"1784\" data-end=\"1829\">Dimensiones: 22.5 x 14 x 3 cm<\/p>\n<\/li>\n<li data-start=\"1830\" data-end=\"1862\">\n<p data-start=\"1832\" data-end=\"1862\">Editorial: Tyndale<\/p>\n<\/li>\n<li data-start=\"1863\" data-end=\"1882\">\n<p data-start=\"1865\" data-end=\"1882\">Idioma: Espa\u00f1ol<\/p>\n<\/li>\n<\/ul>\n<p data-start=\"1884\" data-end=\"2101\"><img decoding=\"async\" class=\"emoji\" role=\"img\" draggable=\"false\" src=\"https:\/\/s.w.org\/images\/core\/emoji\/17.0.2\/svg\/1f4a1.svg\" alt=\"\ud83d\udca1\" \/> Una Biblia que une\u00a0<strong data-start=\"1906\" data-end=\"1951\">accesibilidad, portabilidad y profundidad<\/strong>: perfecta para quien desea leer la Palabra de Dios con claridad y tener, al mismo tiempo, recursos acad\u00e9micos y devocionales al alcance de su mano.<\/p>\n<\/div>\n","protected":false},"excerpt":{"rendered":"<p>\u00a0Biblia Valor Pr\u00e9mium NTV con Filament \u2013 Port\u00e1til y Accesible \u00a0La Palabra de Dios en un formato confiable, moderno y al mejor precio La\u00a0Biblia Valor Pr\u00e9mium NTV con Filament\u00a0ofrece la amada\u00a0Nueva Traducci\u00f3n Viviente (NTV)\u00a0en una edici\u00f3n atractiva, pr\u00e1ctica y de precio accesible. Su dise\u00f1o delgado y port\u00e1til la convierte en la opci\u00f3n ideal para el [&hellip;]<\/p>\n","protected":false},"featured_media":6739,"comment_status":"open","ping_status":"closed","template":"","meta":{"om_disable_all_campaigns":false,"_monsterinsights_skip_tracking":false,"_monsterinsights_sitenote_active":false,"_monsterinsights_sitenote_note":"","_monsterinsights_sitenote_category":0,"site-sidebar-layout":"default","site-content-layout":"","ast-site-content-layout":"default","site-content-style":"default","site-sidebar-style":"default","ast-global-header-display":"","ast-banner-title-visibility":"","ast-main-header-display":"","ast-hfb-above-header-display":"","ast-hfb-below-header-display":"","ast-hfb-mobile-header-display":"","site-post-title":"","ast-breadcrumbs-content":"","ast-featured-img":"","footer-sml-layout":"","ast-disable-related-posts":"","theme-transparent-header-meta":"default","adv-header-id-meta":"","stick-header-meta":"","header-above-stick-meta":"","header-main-stick-meta":"","header-below-stick-meta":"","astra-migrate-meta-layouts":"set","ast-page-background-enabled":"default","ast-page-background-meta":{"desktop":{"background-color":"var(--ast-global-color-4)","background-image":"","background-repeat":"repeat","background-position":"center center","background-size":"auto","background-attachment":"scroll","background-type":"","background-media":"","overlay-type":"","overlay-color":"","overlay-opacity":"","overlay-gradient":""},"tablet":{"background-color":"","background-image":"","background-repeat":"repeat","background-position":"center center","background-size":"auto","background-attachment":"scroll","background-type":"","background-media":"","overlay-type":"","overlay-color":"","overlay-opacity":"","overlay-gradient":""},"mobile":{"background-color":"","background-image":"","background-repeat":"repeat","background-position":"center center","background-size":"auto","background-attachment":"scroll","background-type":"","background-media":"","overlay-type":"","overlay-color":"","overlay-opacity":"","overlay-gradient":""}},"ast-content-background-meta":{"desktop":{"background-color":"var(--ast-global-color-5)","background-image":"","background-repeat":"repeat","background-position":"center center","background-size":"auto","background-attachment":"scroll","background-type":"","background-media":"","overlay-type":"","overlay-color":"","overlay-opacity":"","overlay-gradient":""},"tablet":{"background-color":"var(--ast-global-color-5)","background-image":"","background-repeat":"repeat","background-position":"center center","background-size":"auto","background-attachment":"scroll","background-type":"","background-media":"","overlay-type":"","overlay-color":"","overlay-opacity":"","overlay-gradient":""},"mobile":{"background-color":"var(--ast-global-color-5)","background-image":"","background-repeat":"repeat","background-position":"center center","background-size":"auto","background-attachment":"scroll","background-type":"","background-media":"","overlay-type":"","overlay-color":"","overlay-opacity":"","overlay-gradient":""}}},"product_brand":[],"product_cat":[22,31],"product_tag":[],"class_list":{"0":"post-6756","1":"product","2":"type-product","3":"status-publish","4":"has-post-thumbnail","6":"product_cat-biblias","7":"product_cat-biblias-ntv","8":"desktop-align-left","9":"tablet-align-left","10":"mobile-align-left","12":"first","13":"instock","14":"shipping-taxable","15":"purchasable","16":"product-type-simple"},"yoast_head":"<!-- This site is optimized with the Yoast SEO plugin v27.4 - https:\/\/yoast.com\/product\/yoast-seo-wordpress\/ -->\n<title>Biblia NTV valor pr\u00e9mium con Filament SentiPiel Gris - tzionlibreria.com<\/title>\n<meta name=\"robots\" content=\"index, follow, max-snippet:-1, max-image-preview:large, max-video-preview:-1\" \/>\n<link rel=\"canonical\" href=\"https:\/\/tzionlibreria.com\/index.php\/product\/biblia-ntv-valor-premium-con-filament-sentipiel-gris-2\/\" \/>\n<meta property=\"og:locale\" content=\"es_ES\" \/>\n<meta property=\"og:type\" content=\"article\" \/>\n<meta property=\"og:title\" content=\"Biblia NTV valor pr\u00e9mium con Filament SentiPiel Gris - tzionlibreria.com\" \/>\n<meta property=\"og:description\" content=\"\u00a0Biblia Valor Pr\u00e9mium NTV con Filament \u2013 Port\u00e1til y Accesible \u00a0La Palabra de Dios en un formato confiable, moderno y al mejor precio La\u00a0Biblia Valor Pr\u00e9mium NTV con Filament\u00a0ofrece la amada\u00a0Nueva Traducci\u00f3n Viviente (NTV)\u00a0en una edici\u00f3n atractiva, pr\u00e1ctica y de precio accesible. Su dise\u00f1o delgado y port\u00e1til la convierte en la opci\u00f3n ideal para el [&hellip;]\" \/>\n<meta property=\"og:url\" content=\"https:\/\/tzionlibreria.com\/index.php\/product\/biblia-ntv-valor-premium-con-filament-sentipiel-gris-2\/\" \/>\n<meta property=\"og:site_name\" content=\"tzionlibreria.com\" \/>\n<meta property=\"article:modified_time\" content=\"2025-12-06T00:05:40+00:00\" \/>\n<meta property=\"og:image\" content=\"http:\/\/tzionlibreria.com\/wp-content\/uploads\/2025\/12\/9781496488954.jpg\" \/>\n\t<meta property=\"og:image:width\" content=\"1200\" \/>\n\t<meta property=\"og:image:height\" content=\"1200\" \/>\n\t<meta property=\"og:image:type\" content=\"image\/jpeg\" \/>\n<meta name=\"twitter:card\" content=\"summary_large_image\" \/>\n<meta name=\"twitter:label1\" content=\"Tiempo de lectura\" \/>\n\t<meta name=\"twitter:data1\" content=\"3 minutos\" \/>\n<script type=\"application\/ld+json\" class=\"yoast-schema-graph\">{\"@context\":\"https:\\\/\\\/schema.org\",\"@graph\":[{\"@type\":\"WebPage\",\"@id\":\"https:\\\/\\\/tzionlibreria.com\\\/index.php\\\/product\\\/biblia-ntv-valor-premium-con-filament-sentipiel-gris-2\\\/\",\"url\":\"https:\\\/\\\/tzionlibreria.com\\\/index.php\\\/product\\\/biblia-ntv-valor-premium-con-filament-sentipiel-gris-2\\\/\",\"name\":\"Biblia NTV valor pr\u00e9mium con Filament SentiPiel Gris - tzionlibreria.com\",\"isPartOf\":{\"@id\":\"https:\\\/\\\/tzionlibreria.com\\\/#website\"},\"primaryImageOfPage\":{\"@id\":\"https:\\\/\\\/tzionlibreria.com\\\/index.php\\\/product\\\/biblia-ntv-valor-premium-con-filament-sentipiel-gris-2\\\/#primaryimage\"},\"image\":{\"@id\":\"https:\\\/\\\/tzionlibreria.com\\\/index.php\\\/product\\\/biblia-ntv-valor-premium-con-filament-sentipiel-gris-2\\\/#primaryimage\"},\"thumbnailUrl\":\"https:\\\/\\\/tzionlibreria.com\\\/wp-content\\\/uploads\\\/2025\\\/12\\\/9781496488954.jpg\",\"datePublished\":\"2025-12-06T00:05:34+00:00\",\"dateModified\":\"2025-12-06T00:05:40+00:00\",\"breadcrumb\":{\"@id\":\"https:\\\/\\\/tzionlibreria.com\\\/index.php\\\/product\\\/biblia-ntv-valor-premium-con-filament-sentipiel-gris-2\\\/#breadcrumb\"},\"inLanguage\":\"es-CO\",\"potentialAction\":[{\"@type\":\"ReadAction\",\"target\":[\"https:\\\/\\\/tzionlibreria.com\\\/index.php\\\/product\\\/biblia-ntv-valor-premium-con-filament-sentipiel-gris-2\\\/\"]}]},{\"@type\":\"ImageObject\",\"inLanguage\":\"es-CO\",\"@id\":\"https:\\\/\\\/tzionlibreria.com\\\/index.php\\\/product\\\/biblia-ntv-valor-premium-con-filament-sentipiel-gris-2\\\/#primaryimage\",\"url\":\"https:\\\/\\\/tzionlibreria.com\\\/wp-content\\\/uploads\\\/2025\\\/12\\\/9781496488954.jpg\",\"contentUrl\":\"https:\\\/\\\/tzionlibreria.com\\\/wp-content\\\/uploads\\\/2025\\\/12\\\/9781496488954.jpg\",\"width\":1200,\"height\":1200},{\"@type\":\"BreadcrumbList\",\"@id\":\"https:\\\/\\\/tzionlibreria.com\\\/index.php\\\/product\\\/biblia-ntv-valor-premium-con-filament-sentipiel-gris-2\\\/#breadcrumb\",\"itemListElement\":[{\"@type\":\"ListItem\",\"position\":1,\"name\":\"Inicio\",\"item\":\"https:\\\/\\\/tzionlibreria.com\\\/\"},{\"@type\":\"ListItem\",\"position\":2,\"name\":\"Shop\",\"item\":\"https:\\\/\\\/tzionlibreria.com\\\/index.php\\\/shop\\\/\"},{\"@type\":\"ListItem\",\"position\":3,\"name\":\"Biblia NTV valor pr\u00e9mium con Filament SentiPiel Gris\"}]},{\"@type\":\"WebSite\",\"@id\":\"https:\\\/\\\/tzionlibreria.com\\\/#website\",\"url\":\"https:\\\/\\\/tzionlibreria.com\\\/\",\"name\":\"tzionlibreria.com\",\"description\":\"Libreria Cristiana Venezuela\",\"publisher\":{\"@id\":\"https:\\\/\\\/tzionlibreria.com\\\/#organization\"},\"potentialAction\":[{\"@type\":\"SearchAction\",\"target\":{\"@type\":\"EntryPoint\",\"urlTemplate\":\"https:\\\/\\\/tzionlibreria.com\\\/?s={search_term_string}\"},\"query-input\":{\"@type\":\"PropertyValueSpecification\",\"valueRequired\":true,\"valueName\":\"search_term_string\"}}],\"inLanguage\":\"es-CO\"},{\"@type\":\"Organization\",\"@id\":\"https:\\\/\\\/tzionlibreria.com\\\/#organization\",\"name\":\"tzionlibreria.com\",\"url\":\"https:\\\/\\\/tzionlibreria.com\\\/\",\"logo\":{\"@type\":\"ImageObject\",\"inLanguage\":\"es-CO\",\"@id\":\"https:\\\/\\\/tzionlibreria.com\\\/#\\\/schema\\\/logo\\\/image\\\/\",\"url\":\"https:\\\/\\\/tzionlibreria.com\\\/wp-content\\\/uploads\\\/2023\\\/10\\\/cropped-Cuadricula-scaled-1.jpg\",\"contentUrl\":\"https:\\\/\\\/tzionlibreria.com\\\/wp-content\\\/uploads\\\/2023\\\/10\\\/cropped-Cuadricula-scaled-1.jpg\",\"width\":2560,\"height\":2560,\"caption\":\"tzionlibreria.com\"},\"image\":{\"@id\":\"https:\\\/\\\/tzionlibreria.com\\\/#\\\/schema\\\/logo\\\/image\\\/\"}}]}<\/script>\n<!-- \/ Yoast SEO plugin. -->","yoast_head_json":{"title":"Biblia NTV valor pr\u00e9mium con Filament SentiPiel Gris - tzionlibreria.com","robots":{"index":"index","follow":"follow","max-snippet":"max-snippet:-1","max-image-preview":"max-image-preview:large","max-video-preview":"max-video-preview:-1"},"canonical":"https:\/\/tzionlibreria.com\/index.php\/product\/biblia-ntv-valor-premium-con-filament-sentipiel-gris-2\/","og_locale":"es_ES","og_type":"article","og_title":"Biblia NTV valor pr\u00e9mium con Filament SentiPiel Gris - tzionlibreria.com","og_description":"\u00a0Biblia Valor Pr\u00e9mium NTV con Filament \u2013 Port\u00e1til y Accesible \u00a0La Palabra de Dios en un formato confiable, moderno y al mejor precio La\u00a0Biblia Valor Pr\u00e9mium NTV con Filament\u00a0ofrece la amada\u00a0Nueva Traducci\u00f3n Viviente (NTV)\u00a0en una edici\u00f3n atractiva, pr\u00e1ctica y de precio accesible. Su dise\u00f1o delgado y port\u00e1til la convierte en la opci\u00f3n ideal para el [&hellip;]","og_url":"https:\/\/tzionlibreria.com\/index.php\/product\/biblia-ntv-valor-premium-con-filament-sentipiel-gris-2\/","og_site_name":"tzionlibreria.com","article_modified_time":"2025-12-06T00:05:40+00:00","og_image":[{"width":1200,"height":1200,"url":"http:\/\/tzionlibreria.com\/wp-content\/uploads\/2025\/12\/9781496488954.jpg","type":"image\/jpeg"}],"twitter_card":"summary_large_image","twitter_misc":{"Tiempo de lectura":"3 minutos"},"schema":{"@context":"https:\/\/schema.org","@graph":[{"@type":"WebPage","@id":"https:\/\/tzionlibreria.com\/index.php\/product\/biblia-ntv-valor-premium-con-filament-sentipiel-gris-2\/","url":"https:\/\/tzionlibreria.com\/index.php\/product\/biblia-ntv-valor-premium-con-filament-sentipiel-gris-2\/","name":"Biblia NTV valor pr\u00e9mium con Filament SentiPiel Gris - tzionlibreria.com","isPartOf":{"@id":"https:\/\/tzionlibreria.com\/#website"},"primaryImageOfPage":{"@id":"https:\/\/tzionlibreria.com\/index.php\/product\/biblia-ntv-valor-premium-con-filament-sentipiel-gris-2\/#primaryimage"},"image":{"@id":"https:\/\/tzionlibreria.com\/index.php\/product\/biblia-ntv-valor-premium-con-filament-sentipiel-gris-2\/#primaryimage"},"thumbnailUrl":"https:\/\/tzionlibreria.com\/wp-content\/uploads\/2025\/12\/9781496488954.jpg","datePublished":"2025-12-06T00:05:34+00:00","dateModified":"2025-12-06T00:05:40+00:00","breadcrumb":{"@id":"https:\/\/tzionlibreria.com\/index.php\/product\/biblia-ntv-valor-premium-con-filament-sentipiel-gris-2\/#breadcrumb"},"inLanguage":"es-CO","potentialAction":[{"@type":"ReadAction","target":["https:\/\/tzionlibreria.com\/index.php\/product\/biblia-ntv-valor-premium-con-filament-sentipiel-gris-2\/"]}]},{"@type":"ImageObject","inLanguage":"es-CO","@id":"https:\/\/tzionlibreria.com\/index.php\/product\/biblia-ntv-valor-premium-con-filament-sentipiel-gris-2\/#primaryimage","url":"https:\/\/tzionlibreria.com\/wp-content\/uploads\/2025\/12\/9781496488954.jpg","contentUrl":"https:\/\/tzionlibreria.com\/wp-content\/uploads\/2025\/12\/9781496488954.jpg","width":1200,"height":1200},{"@type":"BreadcrumbList","@id":"https:\/\/tzionlibreria.com\/index.php\/product\/biblia-ntv-valor-premium-con-filament-sentipiel-gris-2\/#breadcrumb","itemListElement":[{"@type":"ListItem","position":1,"name":"Inicio","item":"https:\/\/tzionlibreria.com\/"},{"@type":"ListItem","position":2,"name":"Shop","item":"https:\/\/tzionlibreria.com\/index.php\/shop\/"},{"@type":"ListItem","position":3,"name":"Biblia NTV valor pr\u00e9mium con Filament SentiPiel Gris"}]},{"@type":"WebSite","@id":"https:\/\/tzionlibreria.com\/#website","url":"https:\/\/tzionlibreria.com\/","name":"tzionlibreria.com","description":"Libreria Cristiana Venezuela","publisher":{"@id":"https:\/\/tzionlibreria.com\/#organization"},"potentialAction":[{"@type":"SearchAction","target":{"@type":"EntryPoint","urlTemplate":"https:\/\/tzionlibreria.com\/?s={search_term_string}"},"query-input":{"@type":"PropertyValueSpecification","valueRequired":true,"valueName":"search_term_string"}}],"inLanguage":"es-CO"},{"@type":"Organization","@id":"https:\/\/tzionlibreria.com\/#organization","name":"tzionlibreria.com","url":"https:\/\/tzionlibreria.com\/","logo":{"@type":"ImageObject","inLanguage":"es-CO","@id":"https:\/\/tzionlibreria.com\/#\/schema\/logo\/image\/","url":"https:\/\/tzionlibreria.com\/wp-content\/uploads\/2023\/10\/cropped-Cuadricula-scaled-1.jpg","contentUrl":"https:\/\/tzionlibreria.com\/wp-content\/uploads\/2023\/10\/cropped-Cuadricula-scaled-1.jpg","width":2560,"height":2560,"caption":"tzionlibreria.com"},"image":{"@id":"https:\/\/tzionlibreria.com\/#\/schema\/logo\/image\/"}}]}},"jetpack_sharing_enabled":true,"_links":{"self":[{"href":"https:\/\/tzionlibreria.com\/index.php\/wp-json\/wp\/v2\/product\/6756","targetHints":{"allow":["GET"]}}],"collection":[{"href":"https:\/\/tzionlibreria.com\/index.php\/wp-json\/wp\/v2\/product"}],"about":[{"href":"https:\/\/tzionlibreria.com\/index.php\/wp-json\/wp\/v2\/types\/product"}],"replies":[{"embeddable":true,"href":"https:\/\/tzionlibreria.com\/index.php\/wp-json\/wp\/v2\/comments?post=6756"}],"wp:featuredmedia":[{"embeddable":true,"href":"https:\/\/tzionlibreria.com\/index.php\/wp-json\/wp\/v2\/media\/6739"}],"wp:attachment":[{"href":"https:\/\/tzionlibreria.com\/index.php\/wp-json\/wp\/v2\/media?parent=6756"}],"wp:term":[{"taxonomy":"product_brand","embeddable":true,"href":"https:\/\/tzionlibreria.com\/index.php\/wp-json\/wp\/v2\/product_brand?post=6756"},{"taxonomy":"product_cat","embeddable":true,"href":"https:\/\/tzionlibreria.com\/index.php\/wp-json\/wp\/v2\/product_cat?post=6756"},{"taxonomy":"product_tag","embeddable":true,"href":"https:\/\/tzionlibreria.com\/index.php\/wp-json\/wp\/v2\/product_tag?post=6756"}],"curies":[{"name":"wp","href":"https:\/\/api.w.org\/{rel}","templated":true}]}}