{"id":6792,"date":"2025-12-10T21:02:52","date_gmt":"2025-12-10T21:02:52","guid":{"rendered":"https:\/\/tzionlibreria.com\/?post_type=product&#038;p=6792"},"modified":"2025-12-10T21:02:53","modified_gmt":"2025-12-10T21:02:53","slug":"biblia-economica-reina-valera-1960-tamano-manual-tapa-blanda-azul","status":"publish","type":"product","link":"https:\/\/tzionlibreria.com\/index.php\/product\/biblia-economica-reina-valera-1960-tamano-manual-tapa-blanda-azul\/","title":{"rendered":"Biblia Econ\u00f3mica Reina Valera 1960, Tama\u00f1o Manual, Tapa Blanda, Azul"},"content":{"rendered":"<div id=\"tab-description\" class=\"woocommerce-Tabs-panel woocommerce-Tabs-panel--description panel entry-content active\" role=\"tabpanel\" aria-labelledby=\"tab-title-description\">\n<p>Descubre la Biblia ultra econ\u00f3mica, una fuente de inspiraci\u00f3n al alcance de todos. Con un dise\u00f1o de letra mediana que facilita la lectura, esta Biblia resalta las Palabras de Jes\u00fas, brindando claridad a sus ense\u00f1anzas atemporales. Adem\u00e1s, cuenta con una concordancia que te permite explorar y conectar los vers\u00edculos de manera sencilla.<\/p>\n<p>Sum\u00e9rgete en las profundidades de la fe y encuentra un tesoro de bendiciones a trav\u00e9s de las p\u00e1ginas de esta Biblia. Ya sea que est\u00e9s buscando fortaleza espiritual, gu\u00eda en momentos de duda o simplemente un camino hacia la reflexi\u00f3n diaria, esta Biblia es una compa\u00f1era confiable en tu viaje espiritual. Su accesibilidad y resaltado de las palabras de Jes\u00fas la convierten en una herramienta valiosa para comprender su mensaje transformador.<\/p>\n<p><b>Formato:<\/b> Impreso<br \/>\n<b>Tipo:<\/b> Biblia<br \/>\n<b>Letra:<\/b> 9 Puntos<br \/>\n<b>Cubierta:<\/b> Tapa blanda<br \/>\n<b>Peso:<\/b> 0,432 kg<br \/>\n<b>Dimensiones:<\/b> 13,5 \u00d7 2,6 \u00d7 19,5 cm<br \/>\n<b>Idioma:<\/b> Espa\u00f1ol<br \/>\n<b>P\u00e1ginas:<\/b> 739<br \/>\n<b>ISBN:<\/b> 7899938428085<br \/>\n<b>Versi\u00f3n:<\/b> Reina Valera 1960<br \/>\n<span class=\"posted_in\"><b>Categor\u00edas:<\/b> <a href=\"https:\/\/www.libropasion.com\/biblias\/misioneras\/\" rel=\"tag\">Biblias Econ\u00f3micas<\/a>, <a href=\"https:\/\/www.libropasion.com\/biblias\/hombres-biblias\/\" rel=\"tag\">Biblias para Hombres<\/a>, <a href=\"https:\/\/www.libropasion.com\/biblias\/jovenes-biblias\/\" rel=\"tag\">Biblias para J\u00f3venes<\/a><\/span><\/p>\n<\/div>\n","protected":false},"excerpt":{"rendered":"<p>Descubre la Biblia ultra econ\u00f3mica, una fuente de inspiraci\u00f3n al alcance de todos. Con un dise\u00f1o de letra mediana que facilita la lectura, esta Biblia resalta las Palabras de Jes\u00fas, brindando claridad a sus ense\u00f1anzas atemporales. Adem\u00e1s, cuenta con una concordancia que te permite explorar y conectar los vers\u00edculos de manera sencilla. Sum\u00e9rgete en las [&hellip;]<\/p>\n","protected":false},"featured_media":6795,"comment_status":"open","ping_status":"closed","template":"","meta":{"om_disable_all_campaigns":false,"_monsterinsights_skip_tracking":false,"_monsterinsights_sitenote_active":false,"_monsterinsights_sitenote_note":"","_monsterinsights_sitenote_category":0,"site-sidebar-layout":"default","site-content-layout":"","ast-site-content-layout":"default","site-content-style":"default","site-sidebar-style":"default","ast-global-header-display":"","ast-banner-title-visibility":"","ast-main-header-display":"","ast-hfb-above-header-display":"","ast-hfb-below-header-display":"","ast-hfb-mobile-header-display":"","site-post-title":"","ast-breadcrumbs-content":"","ast-featured-img":"","footer-sml-layout":"","ast-disable-related-posts":"","theme-transparent-header-meta":"default","adv-header-id-meta":"","stick-header-meta":"","header-above-stick-meta":"","header-main-stick-meta":"","header-below-stick-meta":"","astra-migrate-meta-layouts":"set","ast-page-background-enabled":"default","ast-page-background-meta":{"desktop":{"background-color":"var(--ast-global-color-4)","background-image":"","background-repeat":"repeat","background-position":"center center","background-size":"auto","background-attachment":"scroll","background-type":"","background-media":"","overlay-type":"","overlay-color":"","overlay-opacity":"","overlay-gradient":""},"tablet":{"background-color":"","background-image":"","background-repeat":"repeat","background-position":"center center","background-size":"auto","background-attachment":"scroll","background-type":"","background-media":"","overlay-type":"","overlay-color":"","overlay-opacity":"","overlay-gradient":""},"mobile":{"background-color":"","background-image":"","background-repeat":"repeat","background-position":"center center","background-size":"auto","background-attachment":"scroll","background-type":"","background-media":"","overlay-type":"","overlay-color":"","overlay-opacity":"","overlay-gradient":""}},"ast-content-background-meta":{"desktop":{"background-color":"var(--ast-global-color-5)","background-image":"","background-repeat":"repeat","background-position":"center center","background-size":"auto","background-attachment":"scroll","background-type":"","background-media":"","overlay-type":"","overlay-color":"","overlay-opacity":"","overlay-gradient":""},"tablet":{"background-color":"var(--ast-global-color-5)","background-image":"","background-repeat":"repeat","background-position":"center center","background-size":"auto","background-attachment":"scroll","background-type":"","background-media":"","overlay-type":"","overlay-color":"","overlay-opacity":"","overlay-gradient":""},"mobile":{"background-color":"var(--ast-global-color-5)","background-image":"","background-repeat":"repeat","background-position":"center center","background-size":"auto","background-attachment":"scroll","background-type":"","background-media":"","overlay-type":"","overlay-color":"","overlay-opacity":"","overlay-gradient":""}}},"product_brand":[],"product_cat":[22,42,303],"product_tag":[],"class_list":{"0":"post-6792","1":"product","2":"type-product","3":"status-publish","4":"has-post-thumbnail","6":"product_cat-biblias","7":"product_cat-biblias-reina-valera","8":"product_cat-ofertas-economicas","9":"desktop-align-left","10":"tablet-align-left","11":"mobile-align-left","13":"first","14":"instock","15":"shipping-taxable","16":"purchasable","17":"product-type-simple"},"yoast_head":"<!-- This site is optimized with the Yoast SEO plugin v27.4 - https:\/\/yoast.com\/product\/yoast-seo-wordpress\/ -->\n<title>Biblia Econ\u00f3mica Reina Valera 1960, Tama\u00f1o Manual, Tapa Blanda, Azul - tzionlibreria.com<\/title>\n<meta name=\"robots\" content=\"index, follow, max-snippet:-1, max-image-preview:large, max-video-preview:-1\" \/>\n<link rel=\"canonical\" href=\"https:\/\/tzionlibreria.com\/index.php\/product\/biblia-economica-reina-valera-1960-tamano-manual-tapa-blanda-azul\/\" \/>\n<meta property=\"og:locale\" content=\"es_ES\" \/>\n<meta property=\"og:type\" content=\"article\" \/>\n<meta property=\"og:title\" content=\"Biblia Econ\u00f3mica Reina Valera 1960, Tama\u00f1o Manual, Tapa Blanda, Azul - tzionlibreria.com\" \/>\n<meta property=\"og:description\" content=\"Descubre la Biblia ultra econ\u00f3mica, una fuente de inspiraci\u00f3n al alcance de todos. Con un dise\u00f1o de letra mediana que facilita la lectura, esta Biblia resalta las Palabras de Jes\u00fas, brindando claridad a sus ense\u00f1anzas atemporales. Adem\u00e1s, cuenta con una concordancia que te permite explorar y conectar los vers\u00edculos de manera sencilla. Sum\u00e9rgete en las [&hellip;]\" \/>\n<meta property=\"og:url\" content=\"https:\/\/tzionlibreria.com\/index.php\/product\/biblia-economica-reina-valera-1960-tamano-manual-tapa-blanda-azul\/\" \/>\n<meta property=\"og:site_name\" content=\"tzionlibreria.com\" \/>\n<meta property=\"article:modified_time\" content=\"2025-12-10T21:02:53+00:00\" \/>\n<meta property=\"og:image\" content=\"http:\/\/tzionlibreria.com\/wp-content\/uploads\/2025\/12\/7899938428085_1.jpg.webp\" \/>\n\t<meta property=\"og:image:width\" content=\"1080\" \/>\n\t<meta property=\"og:image:height\" content=\"1080\" \/>\n\t<meta property=\"og:image:type\" content=\"image\/webp\" \/>\n<meta name=\"twitter:card\" content=\"summary_large_image\" \/>\n<meta name=\"twitter:label1\" content=\"Tiempo de lectura\" \/>\n\t<meta name=\"twitter:data1\" content=\"1 minuto\" \/>\n<script type=\"application\/ld+json\" class=\"yoast-schema-graph\">{\"@context\":\"https:\\\/\\\/schema.org\",\"@graph\":[{\"@type\":\"WebPage\",\"@id\":\"https:\\\/\\\/tzionlibreria.com\\\/index.php\\\/product\\\/biblia-economica-reina-valera-1960-tamano-manual-tapa-blanda-azul\\\/\",\"url\":\"https:\\\/\\\/tzionlibreria.com\\\/index.php\\\/product\\\/biblia-economica-reina-valera-1960-tamano-manual-tapa-blanda-azul\\\/\",\"name\":\"Biblia Econ\u00f3mica Reina Valera 1960, Tama\u00f1o Manual, Tapa Blanda, Azul - tzionlibreria.com\",\"isPartOf\":{\"@id\":\"https:\\\/\\\/tzionlibreria.com\\\/#website\"},\"primaryImageOfPage\":{\"@id\":\"https:\\\/\\\/tzionlibreria.com\\\/index.php\\\/product\\\/biblia-economica-reina-valera-1960-tamano-manual-tapa-blanda-azul\\\/#primaryimage\"},\"image\":{\"@id\":\"https:\\\/\\\/tzionlibreria.com\\\/index.php\\\/product\\\/biblia-economica-reina-valera-1960-tamano-manual-tapa-blanda-azul\\\/#primaryimage\"},\"thumbnailUrl\":\"https:\\\/\\\/tzionlibreria.com\\\/wp-content\\\/uploads\\\/2025\\\/12\\\/7899938428085_1.jpg.webp\",\"datePublished\":\"2025-12-10T21:02:52+00:00\",\"dateModified\":\"2025-12-10T21:02:53+00:00\",\"breadcrumb\":{\"@id\":\"https:\\\/\\\/tzionlibreria.com\\\/index.php\\\/product\\\/biblia-economica-reina-valera-1960-tamano-manual-tapa-blanda-azul\\\/#breadcrumb\"},\"inLanguage\":\"es-CO\",\"potentialAction\":[{\"@type\":\"ReadAction\",\"target\":[\"https:\\\/\\\/tzionlibreria.com\\\/index.php\\\/product\\\/biblia-economica-reina-valera-1960-tamano-manual-tapa-blanda-azul\\\/\"]}]},{\"@type\":\"ImageObject\",\"inLanguage\":\"es-CO\",\"@id\":\"https:\\\/\\\/tzionlibreria.com\\\/index.php\\\/product\\\/biblia-economica-reina-valera-1960-tamano-manual-tapa-blanda-azul\\\/#primaryimage\",\"url\":\"https:\\\/\\\/tzionlibreria.com\\\/wp-content\\\/uploads\\\/2025\\\/12\\\/7899938428085_1.jpg.webp\",\"contentUrl\":\"https:\\\/\\\/tzionlibreria.com\\\/wp-content\\\/uploads\\\/2025\\\/12\\\/7899938428085_1.jpg.webp\",\"width\":1080,\"height\":1080},{\"@type\":\"BreadcrumbList\",\"@id\":\"https:\\\/\\\/tzionlibreria.com\\\/index.php\\\/product\\\/biblia-economica-reina-valera-1960-tamano-manual-tapa-blanda-azul\\\/#breadcrumb\",\"itemListElement\":[{\"@type\":\"ListItem\",\"position\":1,\"name\":\"Inicio\",\"item\":\"https:\\\/\\\/tzionlibreria.com\\\/\"},{\"@type\":\"ListItem\",\"position\":2,\"name\":\"Shop\",\"item\":\"https:\\\/\\\/tzionlibreria.com\\\/index.php\\\/shop\\\/\"},{\"@type\":\"ListItem\",\"position\":3,\"name\":\"Biblia Econ\u00f3mica Reina Valera 1960, Tama\u00f1o Manual, Tapa Blanda, Azul\"}]},{\"@type\":\"WebSite\",\"@id\":\"https:\\\/\\\/tzionlibreria.com\\\/#website\",\"url\":\"https:\\\/\\\/tzionlibreria.com\\\/\",\"name\":\"tzionlibreria.com\",\"description\":\"Libreria Cristiana Venezuela\",\"publisher\":{\"@id\":\"https:\\\/\\\/tzionlibreria.com\\\/#organization\"},\"potentialAction\":[{\"@type\":\"SearchAction\",\"target\":{\"@type\":\"EntryPoint\",\"urlTemplate\":\"https:\\\/\\\/tzionlibreria.com\\\/?s={search_term_string}\"},\"query-input\":{\"@type\":\"PropertyValueSpecification\",\"valueRequired\":true,\"valueName\":\"search_term_string\"}}],\"inLanguage\":\"es-CO\"},{\"@type\":\"Organization\",\"@id\":\"https:\\\/\\\/tzionlibreria.com\\\/#organization\",\"name\":\"tzionlibreria.com\",\"url\":\"https:\\\/\\\/tzionlibreria.com\\\/\",\"logo\":{\"@type\":\"ImageObject\",\"inLanguage\":\"es-CO\",\"@id\":\"https:\\\/\\\/tzionlibreria.com\\\/#\\\/schema\\\/logo\\\/image\\\/\",\"url\":\"https:\\\/\\\/tzionlibreria.com\\\/wp-content\\\/uploads\\\/2023\\\/10\\\/cropped-Cuadricula-scaled-1.jpg\",\"contentUrl\":\"https:\\\/\\\/tzionlibreria.com\\\/wp-content\\\/uploads\\\/2023\\\/10\\\/cropped-Cuadricula-scaled-1.jpg\",\"width\":2560,\"height\":2560,\"caption\":\"tzionlibreria.com\"},\"image\":{\"@id\":\"https:\\\/\\\/tzionlibreria.com\\\/#\\\/schema\\\/logo\\\/image\\\/\"}}]}<\/script>\n<!-- \/ Yoast SEO plugin. -->","yoast_head_json":{"title":"Biblia Econ\u00f3mica Reina Valera 1960, Tama\u00f1o Manual, Tapa Blanda, Azul - tzionlibreria.com","robots":{"index":"index","follow":"follow","max-snippet":"max-snippet:-1","max-image-preview":"max-image-preview:large","max-video-preview":"max-video-preview:-1"},"canonical":"https:\/\/tzionlibreria.com\/index.php\/product\/biblia-economica-reina-valera-1960-tamano-manual-tapa-blanda-azul\/","og_locale":"es_ES","og_type":"article","og_title":"Biblia Econ\u00f3mica Reina Valera 1960, Tama\u00f1o Manual, Tapa Blanda, Azul - tzionlibreria.com","og_description":"Descubre la Biblia ultra econ\u00f3mica, una fuente de inspiraci\u00f3n al alcance de todos. Con un dise\u00f1o de letra mediana que facilita la lectura, esta Biblia resalta las Palabras de Jes\u00fas, brindando claridad a sus ense\u00f1anzas atemporales. Adem\u00e1s, cuenta con una concordancia que te permite explorar y conectar los vers\u00edculos de manera sencilla. Sum\u00e9rgete en las [&hellip;]","og_url":"https:\/\/tzionlibreria.com\/index.php\/product\/biblia-economica-reina-valera-1960-tamano-manual-tapa-blanda-azul\/","og_site_name":"tzionlibreria.com","article_modified_time":"2025-12-10T21:02:53+00:00","og_image":[{"width":1080,"height":1080,"url":"http:\/\/tzionlibreria.com\/wp-content\/uploads\/2025\/12\/7899938428085_1.jpg.webp","type":"image\/webp"}],"twitter_card":"summary_large_image","twitter_misc":{"Tiempo de lectura":"1 minuto"},"schema":{"@context":"https:\/\/schema.org","@graph":[{"@type":"WebPage","@id":"https:\/\/tzionlibreria.com\/index.php\/product\/biblia-economica-reina-valera-1960-tamano-manual-tapa-blanda-azul\/","url":"https:\/\/tzionlibreria.com\/index.php\/product\/biblia-economica-reina-valera-1960-tamano-manual-tapa-blanda-azul\/","name":"Biblia Econ\u00f3mica Reina Valera 1960, Tama\u00f1o Manual, Tapa Blanda, Azul - tzionlibreria.com","isPartOf":{"@id":"https:\/\/tzionlibreria.com\/#website"},"primaryImageOfPage":{"@id":"https:\/\/tzionlibreria.com\/index.php\/product\/biblia-economica-reina-valera-1960-tamano-manual-tapa-blanda-azul\/#primaryimage"},"image":{"@id":"https:\/\/tzionlibreria.com\/index.php\/product\/biblia-economica-reina-valera-1960-tamano-manual-tapa-blanda-azul\/#primaryimage"},"thumbnailUrl":"https:\/\/tzionlibreria.com\/wp-content\/uploads\/2025\/12\/7899938428085_1.jpg.webp","datePublished":"2025-12-10T21:02:52+00:00","dateModified":"2025-12-10T21:02:53+00:00","breadcrumb":{"@id":"https:\/\/tzionlibreria.com\/index.php\/product\/biblia-economica-reina-valera-1960-tamano-manual-tapa-blanda-azul\/#breadcrumb"},"inLanguage":"es-CO","potentialAction":[{"@type":"ReadAction","target":["https:\/\/tzionlibreria.com\/index.php\/product\/biblia-economica-reina-valera-1960-tamano-manual-tapa-blanda-azul\/"]}]},{"@type":"ImageObject","inLanguage":"es-CO","@id":"https:\/\/tzionlibreria.com\/index.php\/product\/biblia-economica-reina-valera-1960-tamano-manual-tapa-blanda-azul\/#primaryimage","url":"https:\/\/tzionlibreria.com\/wp-content\/uploads\/2025\/12\/7899938428085_1.jpg.webp","contentUrl":"https:\/\/tzionlibreria.com\/wp-content\/uploads\/2025\/12\/7899938428085_1.jpg.webp","width":1080,"height":1080},{"@type":"BreadcrumbList","@id":"https:\/\/tzionlibreria.com\/index.php\/product\/biblia-economica-reina-valera-1960-tamano-manual-tapa-blanda-azul\/#breadcrumb","itemListElement":[{"@type":"ListItem","position":1,"name":"Inicio","item":"https:\/\/tzionlibreria.com\/"},{"@type":"ListItem","position":2,"name":"Shop","item":"https:\/\/tzionlibreria.com\/index.php\/shop\/"},{"@type":"ListItem","position":3,"name":"Biblia Econ\u00f3mica Reina Valera 1960, Tama\u00f1o Manual, Tapa Blanda, Azul"}]},{"@type":"WebSite","@id":"https:\/\/tzionlibreria.com\/#website","url":"https:\/\/tzionlibreria.com\/","name":"tzionlibreria.com","description":"Libreria Cristiana Venezuela","publisher":{"@id":"https:\/\/tzionlibreria.com\/#organization"},"potentialAction":[{"@type":"SearchAction","target":{"@type":"EntryPoint","urlTemplate":"https:\/\/tzionlibreria.com\/?s={search_term_string}"},"query-input":{"@type":"PropertyValueSpecification","valueRequired":true,"valueName":"search_term_string"}}],"inLanguage":"es-CO"},{"@type":"Organization","@id":"https:\/\/tzionlibreria.com\/#organization","name":"tzionlibreria.com","url":"https:\/\/tzionlibreria.com\/","logo":{"@type":"ImageObject","inLanguage":"es-CO","@id":"https:\/\/tzionlibreria.com\/#\/schema\/logo\/image\/","url":"https:\/\/tzionlibreria.com\/wp-content\/uploads\/2023\/10\/cropped-Cuadricula-scaled-1.jpg","contentUrl":"https:\/\/tzionlibreria.com\/wp-content\/uploads\/2023\/10\/cropped-Cuadricula-scaled-1.jpg","width":2560,"height":2560,"caption":"tzionlibreria.com"},"image":{"@id":"https:\/\/tzionlibreria.com\/#\/schema\/logo\/image\/"}}]}},"jetpack_sharing_enabled":true,"_links":{"self":[{"href":"https:\/\/tzionlibreria.com\/index.php\/wp-json\/wp\/v2\/product\/6792","targetHints":{"allow":["GET"]}}],"collection":[{"href":"https:\/\/tzionlibreria.com\/index.php\/wp-json\/wp\/v2\/product"}],"about":[{"href":"https:\/\/tzionlibreria.com\/index.php\/wp-json\/wp\/v2\/types\/product"}],"replies":[{"embeddable":true,"href":"https:\/\/tzionlibreria.com\/index.php\/wp-json\/wp\/v2\/comments?post=6792"}],"wp:featuredmedia":[{"embeddable":true,"href":"https:\/\/tzionlibreria.com\/index.php\/wp-json\/wp\/v2\/media\/6795"}],"wp:attachment":[{"href":"https:\/\/tzionlibreria.com\/index.php\/wp-json\/wp\/v2\/media?parent=6792"}],"wp:term":[{"taxonomy":"product_brand","embeddable":true,"href":"https:\/\/tzionlibreria.com\/index.php\/wp-json\/wp\/v2\/product_brand?post=6792"},{"taxonomy":"product_cat","embeddable":true,"href":"https:\/\/tzionlibreria.com\/index.php\/wp-json\/wp\/v2\/product_cat?post=6792"},{"taxonomy":"product_tag","embeddable":true,"href":"https:\/\/tzionlibreria.com\/index.php\/wp-json\/wp\/v2\/product_tag?post=6792"}],"curies":[{"name":"wp","href":"https:\/\/api.w.org\/{rel}","templated":true}]}}