{"id":6809,"date":"2025-12-19T01:13:06","date_gmt":"2025-12-19T01:13:06","guid":{"rendered":"https:\/\/tzionlibreria.com\/?post_type=product&#038;p=6809"},"modified":"2026-02-22T16:25:56","modified_gmt":"2026-02-22T16:25:56","slug":"el-poder-de-orar-de-madrugada","status":"publish","type":"product","link":"https:\/\/tzionlibreria.com\/index.php\/product\/el-poder-de-orar-de-madrugada\/","title":{"rendered":"El poder de orar de madrugada &#8211; Juan Carlos Harrigan"},"content":{"rendered":"<p><strong style=\"font-size: 16px;\" data-start=\"435\" data-end=\"500\">Descubre el poder transformador de buscar a Dios al amanecer.<\/strong><\/p>\n<div id=\"tab-description\" class=\"woocommerce-Tabs-panel woocommerce-Tabs-panel--description panel entry-content wc-tab\" role=\"tabpanel\" aria-labelledby=\"tab-title-description\">\n<p data-start=\"432\" data-end=\"703\">En <em data-start=\"506\" data-end=\"537\">El poder de orar de madrugada<\/em>, el pastor <strong data-start=\"549\" data-end=\"573\">Juan Carlos Harrigan<\/strong> revela c\u00f3mo la oraci\u00f3n en las primeras horas del d\u00eda puede abrir puertas sobrenaturales en tu vida, tu familia y tu ministerio.<\/p>\n<p data-start=\"705\" data-end=\"913\">A trav\u00e9s de sus propias experiencias y ense\u00f1anzas b\u00edblicas, Harrigan muestra c\u00f3mo la comuni\u00f3n con Dios en la madrugada despierta el esp\u00edritu, fortalece la fe y trae claridad divina a las decisiones diarias.<\/p>\n<p data-start=\"915\" data-end=\"942\">Este libro te ense\u00f1ar\u00e1 a:<\/p>\n<ul>\n<li data-start=\"945\" data-end=\"1001\">Desarrollar una relaci\u00f3n \u00edntima con el Esp\u00edritu Santo.<\/li>\n<li data-start=\"1004\" data-end=\"1053\">Escuchar la voz de Dios con mayor sensibilidad.<\/li>\n<li data-start=\"1056\" data-end=\"1116\">Romper rutinas espirituales y encender tu vida de oraci\u00f3n.<\/li>\n<li data-start=\"1119\" data-end=\"1175\">Experimentar visiones, revelaciones y una fe renovada.<\/li>\n<\/ul>\n<p data-start=\"1177\" data-end=\"1289\">Un recurso poderoso para todos los que desean crecer espiritualmente y vivir lo sobrenatural de Dios cada d\u00eda.<\/p>\n<p data-start=\"1331\" data-end=\"1627\"><strong data-start=\"1331\" data-end=\"1355\">Juan Carlos Harrigan<\/strong> es pastor, evangelista y autor reconocido por su pasi\u00f3n por el avivamiento y la oraci\u00f3n. Su ministerio ha impactado a miles en Am\u00e9rica Latina y Estados Unidos, inspirando a las personas a buscar una relaci\u00f3n m\u00e1s profunda con Dios y vivir en el poder del Esp\u00edritu Santo.<\/p>\n<\/div>\n","protected":false},"excerpt":{"rendered":"<p>Descubre el poder transformador de buscar a Dios al amanecer. En El poder de orar de madrugada, el pastor Juan Carlos Harrigan revela c\u00f3mo la oraci\u00f3n en las primeras horas del d\u00eda puede abrir puertas sobrenaturales en tu vida, tu familia y tu ministerio. A trav\u00e9s de sus propias experiencias y ense\u00f1anzas b\u00edblicas, Harrigan muestra [&hellip;]<\/p>\n","protected":false},"featured_media":6811,"comment_status":"open","ping_status":"closed","template":"","meta":{"om_disable_all_campaigns":false,"_monsterinsights_skip_tracking":false,"_monsterinsights_sitenote_active":false,"_monsterinsights_sitenote_note":"","_monsterinsights_sitenote_category":0,"site-sidebar-layout":"default","site-content-layout":"","ast-site-content-layout":"default","site-content-style":"default","site-sidebar-style":"default","ast-global-header-display":"","ast-banner-title-visibility":"","ast-main-header-display":"","ast-hfb-above-header-display":"","ast-hfb-below-header-display":"","ast-hfb-mobile-header-display":"","site-post-title":"","ast-breadcrumbs-content":"","ast-featured-img":"","footer-sml-layout":"","ast-disable-related-posts":"","theme-transparent-header-meta":"default","adv-header-id-meta":"","stick-header-meta":"","header-above-stick-meta":"","header-main-stick-meta":"","header-below-stick-meta":"","astra-migrate-meta-layouts":"set","ast-page-background-enabled":"default","ast-page-background-meta":{"desktop":{"background-color":"var(--ast-global-color-4)","background-image":"","background-repeat":"repeat","background-position":"center center","background-size":"auto","background-attachment":"scroll","background-type":"","background-media":"","overlay-type":"","overlay-color":"","overlay-opacity":"","overlay-gradient":""},"tablet":{"background-color":"","background-image":"","background-repeat":"repeat","background-position":"center center","background-size":"auto","background-attachment":"scroll","background-type":"","background-media":"","overlay-type":"","overlay-color":"","overlay-opacity":"","overlay-gradient":""},"mobile":{"background-color":"","background-image":"","background-repeat":"repeat","background-position":"center center","background-size":"auto","background-attachment":"scroll","background-type":"","background-media":"","overlay-type":"","overlay-color":"","overlay-opacity":"","overlay-gradient":""}},"ast-content-background-meta":{"desktop":{"background-color":"var(--ast-global-color-5)","background-image":"","background-repeat":"repeat","background-position":"center center","background-size":"auto","background-attachment":"scroll","background-type":"","background-media":"","overlay-type":"","overlay-color":"","overlay-opacity":"","overlay-gradient":""},"tablet":{"background-color":"var(--ast-global-color-5)","background-image":"","background-repeat":"repeat","background-position":"center center","background-size":"auto","background-attachment":"scroll","background-type":"","background-media":"","overlay-type":"","overlay-color":"","overlay-opacity":"","overlay-gradient":""},"mobile":{"background-color":"var(--ast-global-color-5)","background-image":"","background-repeat":"repeat","background-position":"center center","background-size":"auto","background-attachment":"scroll","background-type":"","background-media":"","overlay-type":"","overlay-color":"","overlay-opacity":"","overlay-gradient":""}}},"product_brand":[],"product_cat":[23,176],"product_tag":[],"class_list":{"0":"post-6809","1":"product","2":"type-product","3":"status-publish","4":"has-post-thumbnail","6":"product_cat-libros","7":"product_cat-oraciones","8":"desktop-align-left","9":"tablet-align-left","10":"mobile-align-left","12":"first","13":"instock","14":"shipping-taxable","15":"purchasable","16":"product-type-simple"},"yoast_head":"<!-- This site is optimized with the Yoast SEO plugin v27.4 - https:\/\/yoast.com\/product\/yoast-seo-wordpress\/ -->\n<title>El poder de orar de madrugada - Juan Carlos Harrigan - tzionlibreria.com<\/title>\n<meta name=\"robots\" content=\"index, follow, max-snippet:-1, max-image-preview:large, max-video-preview:-1\" \/>\n<link rel=\"canonical\" href=\"https:\/\/tzionlibreria.com\/index.php\/product\/el-poder-de-orar-de-madrugada\/\" \/>\n<meta property=\"og:locale\" content=\"es_ES\" \/>\n<meta property=\"og:type\" content=\"article\" \/>\n<meta property=\"og:title\" content=\"El poder de orar de madrugada - Juan Carlos Harrigan - tzionlibreria.com\" \/>\n<meta property=\"og:description\" content=\"Descubre el poder transformador de buscar a Dios al amanecer. En El poder de orar de madrugada, el pastor Juan Carlos Harrigan revela c\u00f3mo la oraci\u00f3n en las primeras horas del d\u00eda puede abrir puertas sobrenaturales en tu vida, tu familia y tu ministerio. A trav\u00e9s de sus propias experiencias y ense\u00f1anzas b\u00edblicas, Harrigan muestra [&hellip;]\" \/>\n<meta property=\"og:url\" content=\"https:\/\/tzionlibreria.com\/index.php\/product\/el-poder-de-orar-de-madrugada\/\" \/>\n<meta property=\"og:site_name\" content=\"tzionlibreria.com\" \/>\n<meta property=\"article:modified_time\" content=\"2026-02-22T16:25:56+00:00\" \/>\n<meta property=\"og:image\" content=\"http:\/\/tzionlibreria.com\/wp-content\/uploads\/2025\/12\/9781532371479-El-poder-de-orar-de-madrugada.jpg\" \/>\n\t<meta property=\"og:image:width\" content=\"600\" \/>\n\t<meta property=\"og:image:height\" content=\"600\" \/>\n\t<meta property=\"og:image:type\" content=\"image\/jpeg\" \/>\n<meta name=\"twitter:card\" content=\"summary_large_image\" \/>\n<meta name=\"twitter:label1\" content=\"Tiempo de lectura\" \/>\n\t<meta name=\"twitter:data1\" content=\"2 minutos\" \/>\n<script type=\"application\/ld+json\" class=\"yoast-schema-graph\">{\"@context\":\"https:\\\/\\\/schema.org\",\"@graph\":[{\"@type\":\"WebPage\",\"@id\":\"https:\\\/\\\/tzionlibreria.com\\\/index.php\\\/product\\\/el-poder-de-orar-de-madrugada\\\/\",\"url\":\"https:\\\/\\\/tzionlibreria.com\\\/index.php\\\/product\\\/el-poder-de-orar-de-madrugada\\\/\",\"name\":\"El poder de orar de madrugada - Juan Carlos Harrigan - tzionlibreria.com\",\"isPartOf\":{\"@id\":\"https:\\\/\\\/tzionlibreria.com\\\/#website\"},\"primaryImageOfPage\":{\"@id\":\"https:\\\/\\\/tzionlibreria.com\\\/index.php\\\/product\\\/el-poder-de-orar-de-madrugada\\\/#primaryimage\"},\"image\":{\"@id\":\"https:\\\/\\\/tzionlibreria.com\\\/index.php\\\/product\\\/el-poder-de-orar-de-madrugada\\\/#primaryimage\"},\"thumbnailUrl\":\"https:\\\/\\\/tzionlibreria.com\\\/wp-content\\\/uploads\\\/2025\\\/12\\\/9781532371479-El-poder-de-orar-de-madrugada.jpg\",\"datePublished\":\"2025-12-19T01:13:06+00:00\",\"dateModified\":\"2026-02-22T16:25:56+00:00\",\"breadcrumb\":{\"@id\":\"https:\\\/\\\/tzionlibreria.com\\\/index.php\\\/product\\\/el-poder-de-orar-de-madrugada\\\/#breadcrumb\"},\"inLanguage\":\"es-CO\",\"potentialAction\":[{\"@type\":\"ReadAction\",\"target\":[\"https:\\\/\\\/tzionlibreria.com\\\/index.php\\\/product\\\/el-poder-de-orar-de-madrugada\\\/\"]}]},{\"@type\":\"ImageObject\",\"inLanguage\":\"es-CO\",\"@id\":\"https:\\\/\\\/tzionlibreria.com\\\/index.php\\\/product\\\/el-poder-de-orar-de-madrugada\\\/#primaryimage\",\"url\":\"https:\\\/\\\/tzionlibreria.com\\\/wp-content\\\/uploads\\\/2025\\\/12\\\/9781532371479-El-poder-de-orar-de-madrugada.jpg\",\"contentUrl\":\"https:\\\/\\\/tzionlibreria.com\\\/wp-content\\\/uploads\\\/2025\\\/12\\\/9781532371479-El-poder-de-orar-de-madrugada.jpg\",\"width\":600,\"height\":600},{\"@type\":\"BreadcrumbList\",\"@id\":\"https:\\\/\\\/tzionlibreria.com\\\/index.php\\\/product\\\/el-poder-de-orar-de-madrugada\\\/#breadcrumb\",\"itemListElement\":[{\"@type\":\"ListItem\",\"position\":1,\"name\":\"Inicio\",\"item\":\"https:\\\/\\\/tzionlibreria.com\\\/\"},{\"@type\":\"ListItem\",\"position\":2,\"name\":\"Shop\",\"item\":\"https:\\\/\\\/tzionlibreria.com\\\/index.php\\\/shop\\\/\"},{\"@type\":\"ListItem\",\"position\":3,\"name\":\"El poder de orar de madrugada &#8211; Juan Carlos Harrigan\"}]},{\"@type\":\"WebSite\",\"@id\":\"https:\\\/\\\/tzionlibreria.com\\\/#website\",\"url\":\"https:\\\/\\\/tzionlibreria.com\\\/\",\"name\":\"tzionlibreria.com\",\"description\":\"Libreria Cristiana Venezuela\",\"publisher\":{\"@id\":\"https:\\\/\\\/tzionlibreria.com\\\/#organization\"},\"potentialAction\":[{\"@type\":\"SearchAction\",\"target\":{\"@type\":\"EntryPoint\",\"urlTemplate\":\"https:\\\/\\\/tzionlibreria.com\\\/?s={search_term_string}\"},\"query-input\":{\"@type\":\"PropertyValueSpecification\",\"valueRequired\":true,\"valueName\":\"search_term_string\"}}],\"inLanguage\":\"es-CO\"},{\"@type\":\"Organization\",\"@id\":\"https:\\\/\\\/tzionlibreria.com\\\/#organization\",\"name\":\"tzionlibreria.com\",\"url\":\"https:\\\/\\\/tzionlibreria.com\\\/\",\"logo\":{\"@type\":\"ImageObject\",\"inLanguage\":\"es-CO\",\"@id\":\"https:\\\/\\\/tzionlibreria.com\\\/#\\\/schema\\\/logo\\\/image\\\/\",\"url\":\"https:\\\/\\\/tzionlibreria.com\\\/wp-content\\\/uploads\\\/2023\\\/10\\\/cropped-Cuadricula-scaled-1.jpg\",\"contentUrl\":\"https:\\\/\\\/tzionlibreria.com\\\/wp-content\\\/uploads\\\/2023\\\/10\\\/cropped-Cuadricula-scaled-1.jpg\",\"width\":2560,\"height\":2560,\"caption\":\"tzionlibreria.com\"},\"image\":{\"@id\":\"https:\\\/\\\/tzionlibreria.com\\\/#\\\/schema\\\/logo\\\/image\\\/\"}}]}<\/script>\n<!-- \/ Yoast SEO plugin. -->","yoast_head_json":{"title":"El poder de orar de madrugada - Juan Carlos Harrigan - tzionlibreria.com","robots":{"index":"index","follow":"follow","max-snippet":"max-snippet:-1","max-image-preview":"max-image-preview:large","max-video-preview":"max-video-preview:-1"},"canonical":"https:\/\/tzionlibreria.com\/index.php\/product\/el-poder-de-orar-de-madrugada\/","og_locale":"es_ES","og_type":"article","og_title":"El poder de orar de madrugada - Juan Carlos Harrigan - tzionlibreria.com","og_description":"Descubre el poder transformador de buscar a Dios al amanecer. En El poder de orar de madrugada, el pastor Juan Carlos Harrigan revela c\u00f3mo la oraci\u00f3n en las primeras horas del d\u00eda puede abrir puertas sobrenaturales en tu vida, tu familia y tu ministerio. A trav\u00e9s de sus propias experiencias y ense\u00f1anzas b\u00edblicas, Harrigan muestra [&hellip;]","og_url":"https:\/\/tzionlibreria.com\/index.php\/product\/el-poder-de-orar-de-madrugada\/","og_site_name":"tzionlibreria.com","article_modified_time":"2026-02-22T16:25:56+00:00","og_image":[{"width":600,"height":600,"url":"http:\/\/tzionlibreria.com\/wp-content\/uploads\/2025\/12\/9781532371479-El-poder-de-orar-de-madrugada.jpg","type":"image\/jpeg"}],"twitter_card":"summary_large_image","twitter_misc":{"Tiempo de lectura":"2 minutos"},"schema":{"@context":"https:\/\/schema.org","@graph":[{"@type":"WebPage","@id":"https:\/\/tzionlibreria.com\/index.php\/product\/el-poder-de-orar-de-madrugada\/","url":"https:\/\/tzionlibreria.com\/index.php\/product\/el-poder-de-orar-de-madrugada\/","name":"El poder de orar de madrugada - Juan Carlos Harrigan - tzionlibreria.com","isPartOf":{"@id":"https:\/\/tzionlibreria.com\/#website"},"primaryImageOfPage":{"@id":"https:\/\/tzionlibreria.com\/index.php\/product\/el-poder-de-orar-de-madrugada\/#primaryimage"},"image":{"@id":"https:\/\/tzionlibreria.com\/index.php\/product\/el-poder-de-orar-de-madrugada\/#primaryimage"},"thumbnailUrl":"https:\/\/tzionlibreria.com\/wp-content\/uploads\/2025\/12\/9781532371479-El-poder-de-orar-de-madrugada.jpg","datePublished":"2025-12-19T01:13:06+00:00","dateModified":"2026-02-22T16:25:56+00:00","breadcrumb":{"@id":"https:\/\/tzionlibreria.com\/index.php\/product\/el-poder-de-orar-de-madrugada\/#breadcrumb"},"inLanguage":"es-CO","potentialAction":[{"@type":"ReadAction","target":["https:\/\/tzionlibreria.com\/index.php\/product\/el-poder-de-orar-de-madrugada\/"]}]},{"@type":"ImageObject","inLanguage":"es-CO","@id":"https:\/\/tzionlibreria.com\/index.php\/product\/el-poder-de-orar-de-madrugada\/#primaryimage","url":"https:\/\/tzionlibreria.com\/wp-content\/uploads\/2025\/12\/9781532371479-El-poder-de-orar-de-madrugada.jpg","contentUrl":"https:\/\/tzionlibreria.com\/wp-content\/uploads\/2025\/12\/9781532371479-El-poder-de-orar-de-madrugada.jpg","width":600,"height":600},{"@type":"BreadcrumbList","@id":"https:\/\/tzionlibreria.com\/index.php\/product\/el-poder-de-orar-de-madrugada\/#breadcrumb","itemListElement":[{"@type":"ListItem","position":1,"name":"Inicio","item":"https:\/\/tzionlibreria.com\/"},{"@type":"ListItem","position":2,"name":"Shop","item":"https:\/\/tzionlibreria.com\/index.php\/shop\/"},{"@type":"ListItem","position":3,"name":"El poder de orar de madrugada &#8211; Juan Carlos Harrigan"}]},{"@type":"WebSite","@id":"https:\/\/tzionlibreria.com\/#website","url":"https:\/\/tzionlibreria.com\/","name":"tzionlibreria.com","description":"Libreria Cristiana Venezuela","publisher":{"@id":"https:\/\/tzionlibreria.com\/#organization"},"potentialAction":[{"@type":"SearchAction","target":{"@type":"EntryPoint","urlTemplate":"https:\/\/tzionlibreria.com\/?s={search_term_string}"},"query-input":{"@type":"PropertyValueSpecification","valueRequired":true,"valueName":"search_term_string"}}],"inLanguage":"es-CO"},{"@type":"Organization","@id":"https:\/\/tzionlibreria.com\/#organization","name":"tzionlibreria.com","url":"https:\/\/tzionlibreria.com\/","logo":{"@type":"ImageObject","inLanguage":"es-CO","@id":"https:\/\/tzionlibreria.com\/#\/schema\/logo\/image\/","url":"https:\/\/tzionlibreria.com\/wp-content\/uploads\/2023\/10\/cropped-Cuadricula-scaled-1.jpg","contentUrl":"https:\/\/tzionlibreria.com\/wp-content\/uploads\/2023\/10\/cropped-Cuadricula-scaled-1.jpg","width":2560,"height":2560,"caption":"tzionlibreria.com"},"image":{"@id":"https:\/\/tzionlibreria.com\/#\/schema\/logo\/image\/"}}]}},"jetpack_sharing_enabled":true,"_links":{"self":[{"href":"https:\/\/tzionlibreria.com\/index.php\/wp-json\/wp\/v2\/product\/6809","targetHints":{"allow":["GET"]}}],"collection":[{"href":"https:\/\/tzionlibreria.com\/index.php\/wp-json\/wp\/v2\/product"}],"about":[{"href":"https:\/\/tzionlibreria.com\/index.php\/wp-json\/wp\/v2\/types\/product"}],"replies":[{"embeddable":true,"href":"https:\/\/tzionlibreria.com\/index.php\/wp-json\/wp\/v2\/comments?post=6809"}],"wp:featuredmedia":[{"embeddable":true,"href":"https:\/\/tzionlibreria.com\/index.php\/wp-json\/wp\/v2\/media\/6811"}],"wp:attachment":[{"href":"https:\/\/tzionlibreria.com\/index.php\/wp-json\/wp\/v2\/media?parent=6809"}],"wp:term":[{"taxonomy":"product_brand","embeddable":true,"href":"https:\/\/tzionlibreria.com\/index.php\/wp-json\/wp\/v2\/product_brand?post=6809"},{"taxonomy":"product_cat","embeddable":true,"href":"https:\/\/tzionlibreria.com\/index.php\/wp-json\/wp\/v2\/product_cat?post=6809"},{"taxonomy":"product_tag","embeddable":true,"href":"https:\/\/tzionlibreria.com\/index.php\/wp-json\/wp\/v2\/product_tag?post=6809"}],"curies":[{"name":"wp","href":"https:\/\/api.w.org\/{rel}","templated":true}]}}