{"id":6814,"date":"2025-12-19T20:56:25","date_gmt":"2025-12-19T20:56:25","guid":{"rendered":"https:\/\/tzionlibreria.com\/?post_type=product&#038;p=6814"},"modified":"2025-12-19T20:56:26","modified_gmt":"2025-12-19T20:56:26","slug":"mentiras-que-las-jovenes-creen-demoss-nancy","status":"publish","type":"product","link":"https:\/\/tzionlibreria.com\/index.php\/product\/mentiras-que-las-jovenes-creen-demoss-nancy\/","title":{"rendered":"Mentiras Que Las Jovenes Creen \u2013 Demoss Nancy"},"content":{"rendered":"<p><strong><em>Intentar escuchar las voces correctas puede ser dif\u00edcil.<\/em><\/strong><\/p>\n<div><\/div>\n<div>En este libro, Nancy y Dannah exponen 25 de las mentiras m\u00e1s com\u00fanmente cre\u00eddas por la generaci\u00f3n joven. Comparten historias de la vida real de algunas de las mujeres j\u00f3venes que entrevistaron, junto con historias honestas sobre c\u00f3mo han vencido las mentiras que ellas mismas cre\u00edan.<\/div>\n<div><\/div>\n<div><strong>Editorial<\/strong>: Editorial Portavoz&nbsp;<\/p>\n<p><strong>Idioma<\/strong>: Espa\u00f1ol<\/p>\n<p><strong>ISBN<\/strong>: 9780825458835<\/p>\n<p><strong>Dimensiones<\/strong>: 152 x 130 x 222 mm<\/p>\n<p><strong>Peso<\/strong>: 0,311kg<\/p>\n<p><strong>Cubierta<\/strong>: Rustica<\/p>\n<p><strong>N\u00famero de p\u00e1ginas<\/strong>: 224<\/p>\n<p><strong>Fecha de lanzamiento<\/strong>: 19.03.2019<\/p>\n<\/div>\n","protected":false},"excerpt":{"rendered":"<p>Intentar escuchar las voces correctas puede ser dif\u00edcil. En este libro, Nancy y Dannah exponen 25 de las mentiras m\u00e1s com\u00fanmente cre\u00eddas por la generaci\u00f3n joven. Comparten historias de la vida real de algunas de las mujeres j\u00f3venes que entrevistaron, junto con historias honestas sobre c\u00f3mo han vencido las mentiras que ellas mismas cre\u00edan. Editorial: [&hellip;]<\/p>\n","protected":false},"featured_media":6815,"comment_status":"open","ping_status":"closed","template":"","meta":{"om_disable_all_campaigns":false,"_monsterinsights_skip_tracking":false,"_monsterinsights_sitenote_active":false,"_monsterinsights_sitenote_note":"","_monsterinsights_sitenote_category":0,"site-sidebar-layout":"default","site-content-layout":"","ast-site-content-layout":"default","site-content-style":"default","site-sidebar-style":"default","ast-global-header-display":"","ast-banner-title-visibility":"","ast-main-header-display":"","ast-hfb-above-header-display":"","ast-hfb-below-header-display":"","ast-hfb-mobile-header-display":"","site-post-title":"","ast-breadcrumbs-content":"","ast-featured-img":"","footer-sml-layout":"","ast-disable-related-posts":"","theme-transparent-header-meta":"default","adv-header-id-meta":"","stick-header-meta":"","header-above-stick-meta":"","header-main-stick-meta":"","header-below-stick-meta":"","astra-migrate-meta-layouts":"set","ast-page-background-enabled":"default","ast-page-background-meta":{"desktop":{"background-color":"var(--ast-global-color-4)","background-image":"","background-repeat":"repeat","background-position":"center center","background-size":"auto","background-attachment":"scroll","background-type":"","background-media":"","overlay-type":"","overlay-color":"","overlay-opacity":"","overlay-gradient":""},"tablet":{"background-color":"","background-image":"","background-repeat":"repeat","background-position":"center center","background-size":"auto","background-attachment":"scroll","background-type":"","background-media":"","overlay-type":"","overlay-color":"","overlay-opacity":"","overlay-gradient":""},"mobile":{"background-color":"","background-image":"","background-repeat":"repeat","background-position":"center center","background-size":"auto","background-attachment":"scroll","background-type":"","background-media":"","overlay-type":"","overlay-color":"","overlay-opacity":"","overlay-gradient":""}},"ast-content-background-meta":{"desktop":{"background-color":"var(--ast-global-color-5)","background-image":"","background-repeat":"repeat","background-position":"center center","background-size":"auto","background-attachment":"scroll","background-type":"","background-media":"","overlay-type":"","overlay-color":"","overlay-opacity":"","overlay-gradient":""},"tablet":{"background-color":"var(--ast-global-color-5)","background-image":"","background-repeat":"repeat","background-position":"center center","background-size":"auto","background-attachment":"scroll","background-type":"","background-media":"","overlay-type":"","overlay-color":"","overlay-opacity":"","overlay-gradient":""},"mobile":{"background-color":"var(--ast-global-color-5)","background-image":"","background-repeat":"repeat","background-position":"center center","background-size":"auto","background-attachment":"scroll","background-type":"","background-media":"","overlay-type":"","overlay-color":"","overlay-opacity":"","overlay-gradient":""}}},"product_brand":[],"product_cat":[173,23],"product_tag":[],"class_list":{"0":"post-6814","1":"product","2":"type-product","3":"status-publish","4":"has-post-thumbnail","6":"product_cat-jovenes","7":"product_cat-libros","8":"desktop-align-left","9":"tablet-align-left","10":"mobile-align-left","12":"first","13":"instock","14":"shipping-taxable","15":"purchasable","16":"product-type-simple"},"yoast_head":"<!-- This site is optimized with the Yoast SEO plugin v27.4 - https:\/\/yoast.com\/product\/yoast-seo-wordpress\/ -->\n<title>Mentiras Que Las Jovenes Creen \u2013 Demoss Nancy - tzionlibreria.com<\/title>\n<meta name=\"robots\" content=\"index, follow, max-snippet:-1, max-image-preview:large, max-video-preview:-1\" \/>\n<link rel=\"canonical\" href=\"https:\/\/tzionlibreria.com\/index.php\/product\/mentiras-que-las-jovenes-creen-demoss-nancy\/\" \/>\n<meta property=\"og:locale\" content=\"es_ES\" \/>\n<meta property=\"og:type\" content=\"article\" \/>\n<meta property=\"og:title\" content=\"Mentiras Que Las Jovenes Creen \u2013 Demoss Nancy - tzionlibreria.com\" \/>\n<meta property=\"og:description\" content=\"Intentar escuchar las voces correctas puede ser dif\u00edcil. En este libro, Nancy y Dannah exponen 25 de las mentiras m\u00e1s com\u00fanmente cre\u00eddas por la generaci\u00f3n joven. Comparten historias de la vida real de algunas de las mujeres j\u00f3venes que entrevistaron, junto con historias honestas sobre c\u00f3mo han vencido las mentiras que ellas mismas cre\u00edan. Editorial: [&hellip;]\" \/>\n<meta property=\"og:url\" content=\"https:\/\/tzionlibreria.com\/index.php\/product\/mentiras-que-las-jovenes-creen-demoss-nancy\/\" \/>\n<meta property=\"og:site_name\" content=\"tzionlibreria.com\" \/>\n<meta property=\"article:modified_time\" content=\"2025-12-19T20:56:26+00:00\" \/>\n<meta property=\"og:image\" content=\"http:\/\/tzionlibreria.com\/wp-content\/uploads\/2025\/12\/D_NQ_NP_2X_646172-MCO51497592923_092022-F.webp\" \/>\n\t<meta property=\"og:image:width\" content=\"1200\" \/>\n\t<meta property=\"og:image:height\" content=\"1062\" \/>\n\t<meta property=\"og:image:type\" content=\"image\/webp\" \/>\n<meta name=\"twitter:card\" content=\"summary_large_image\" \/>\n<meta name=\"twitter:label1\" content=\"Tiempo de lectura\" \/>\n\t<meta name=\"twitter:data1\" content=\"1 minuto\" \/>\n<script type=\"application\/ld+json\" class=\"yoast-schema-graph\">{\"@context\":\"https:\\\/\\\/schema.org\",\"@graph\":[{\"@type\":\"WebPage\",\"@id\":\"https:\\\/\\\/tzionlibreria.com\\\/index.php\\\/product\\\/mentiras-que-las-jovenes-creen-demoss-nancy\\\/\",\"url\":\"https:\\\/\\\/tzionlibreria.com\\\/index.php\\\/product\\\/mentiras-que-las-jovenes-creen-demoss-nancy\\\/\",\"name\":\"Mentiras Que Las Jovenes Creen \u2013 Demoss Nancy - tzionlibreria.com\",\"isPartOf\":{\"@id\":\"https:\\\/\\\/tzionlibreria.com\\\/#website\"},\"primaryImageOfPage\":{\"@id\":\"https:\\\/\\\/tzionlibreria.com\\\/index.php\\\/product\\\/mentiras-que-las-jovenes-creen-demoss-nancy\\\/#primaryimage\"},\"image\":{\"@id\":\"https:\\\/\\\/tzionlibreria.com\\\/index.php\\\/product\\\/mentiras-que-las-jovenes-creen-demoss-nancy\\\/#primaryimage\"},\"thumbnailUrl\":\"https:\\\/\\\/tzionlibreria.com\\\/wp-content\\\/uploads\\\/2025\\\/12\\\/D_NQ_NP_2X_646172-MCO51497592923_092022-F.webp\",\"datePublished\":\"2025-12-19T20:56:25+00:00\",\"dateModified\":\"2025-12-19T20:56:26+00:00\",\"breadcrumb\":{\"@id\":\"https:\\\/\\\/tzionlibreria.com\\\/index.php\\\/product\\\/mentiras-que-las-jovenes-creen-demoss-nancy\\\/#breadcrumb\"},\"inLanguage\":\"es-CO\",\"potentialAction\":[{\"@type\":\"ReadAction\",\"target\":[\"https:\\\/\\\/tzionlibreria.com\\\/index.php\\\/product\\\/mentiras-que-las-jovenes-creen-demoss-nancy\\\/\"]}]},{\"@type\":\"ImageObject\",\"inLanguage\":\"es-CO\",\"@id\":\"https:\\\/\\\/tzionlibreria.com\\\/index.php\\\/product\\\/mentiras-que-las-jovenes-creen-demoss-nancy\\\/#primaryimage\",\"url\":\"https:\\\/\\\/tzionlibreria.com\\\/wp-content\\\/uploads\\\/2025\\\/12\\\/D_NQ_NP_2X_646172-MCO51497592923_092022-F.webp\",\"contentUrl\":\"https:\\\/\\\/tzionlibreria.com\\\/wp-content\\\/uploads\\\/2025\\\/12\\\/D_NQ_NP_2X_646172-MCO51497592923_092022-F.webp\",\"width\":1200,\"height\":1062},{\"@type\":\"BreadcrumbList\",\"@id\":\"https:\\\/\\\/tzionlibreria.com\\\/index.php\\\/product\\\/mentiras-que-las-jovenes-creen-demoss-nancy\\\/#breadcrumb\",\"itemListElement\":[{\"@type\":\"ListItem\",\"position\":1,\"name\":\"Inicio\",\"item\":\"https:\\\/\\\/tzionlibreria.com\\\/\"},{\"@type\":\"ListItem\",\"position\":2,\"name\":\"Shop\",\"item\":\"https:\\\/\\\/tzionlibreria.com\\\/index.php\\\/shop\\\/\"},{\"@type\":\"ListItem\",\"position\":3,\"name\":\"Mentiras Que Las Jovenes Creen \u2013 Demoss Nancy\"}]},{\"@type\":\"WebSite\",\"@id\":\"https:\\\/\\\/tzionlibreria.com\\\/#website\",\"url\":\"https:\\\/\\\/tzionlibreria.com\\\/\",\"name\":\"tzionlibreria.com\",\"description\":\"Libreria Cristiana Venezuela\",\"publisher\":{\"@id\":\"https:\\\/\\\/tzionlibreria.com\\\/#organization\"},\"potentialAction\":[{\"@type\":\"SearchAction\",\"target\":{\"@type\":\"EntryPoint\",\"urlTemplate\":\"https:\\\/\\\/tzionlibreria.com\\\/?s={search_term_string}\"},\"query-input\":{\"@type\":\"PropertyValueSpecification\",\"valueRequired\":true,\"valueName\":\"search_term_string\"}}],\"inLanguage\":\"es-CO\"},{\"@type\":\"Organization\",\"@id\":\"https:\\\/\\\/tzionlibreria.com\\\/#organization\",\"name\":\"tzionlibreria.com\",\"url\":\"https:\\\/\\\/tzionlibreria.com\\\/\",\"logo\":{\"@type\":\"ImageObject\",\"inLanguage\":\"es-CO\",\"@id\":\"https:\\\/\\\/tzionlibreria.com\\\/#\\\/schema\\\/logo\\\/image\\\/\",\"url\":\"https:\\\/\\\/tzionlibreria.com\\\/wp-content\\\/uploads\\\/2023\\\/10\\\/cropped-Cuadricula-scaled-1.jpg\",\"contentUrl\":\"https:\\\/\\\/tzionlibreria.com\\\/wp-content\\\/uploads\\\/2023\\\/10\\\/cropped-Cuadricula-scaled-1.jpg\",\"width\":2560,\"height\":2560,\"caption\":\"tzionlibreria.com\"},\"image\":{\"@id\":\"https:\\\/\\\/tzionlibreria.com\\\/#\\\/schema\\\/logo\\\/image\\\/\"}}]}<\/script>\n<!-- \/ Yoast SEO plugin. -->","yoast_head_json":{"title":"Mentiras Que Las Jovenes Creen \u2013 Demoss Nancy - tzionlibreria.com","robots":{"index":"index","follow":"follow","max-snippet":"max-snippet:-1","max-image-preview":"max-image-preview:large","max-video-preview":"max-video-preview:-1"},"canonical":"https:\/\/tzionlibreria.com\/index.php\/product\/mentiras-que-las-jovenes-creen-demoss-nancy\/","og_locale":"es_ES","og_type":"article","og_title":"Mentiras Que Las Jovenes Creen \u2013 Demoss Nancy - tzionlibreria.com","og_description":"Intentar escuchar las voces correctas puede ser dif\u00edcil. En este libro, Nancy y Dannah exponen 25 de las mentiras m\u00e1s com\u00fanmente cre\u00eddas por la generaci\u00f3n joven. Comparten historias de la vida real de algunas de las mujeres j\u00f3venes que entrevistaron, junto con historias honestas sobre c\u00f3mo han vencido las mentiras que ellas mismas cre\u00edan. Editorial: [&hellip;]","og_url":"https:\/\/tzionlibreria.com\/index.php\/product\/mentiras-que-las-jovenes-creen-demoss-nancy\/","og_site_name":"tzionlibreria.com","article_modified_time":"2025-12-19T20:56:26+00:00","og_image":[{"width":1200,"height":1062,"url":"http:\/\/tzionlibreria.com\/wp-content\/uploads\/2025\/12\/D_NQ_NP_2X_646172-MCO51497592923_092022-F.webp","type":"image\/webp"}],"twitter_card":"summary_large_image","twitter_misc":{"Tiempo de lectura":"1 minuto"},"schema":{"@context":"https:\/\/schema.org","@graph":[{"@type":"WebPage","@id":"https:\/\/tzionlibreria.com\/index.php\/product\/mentiras-que-las-jovenes-creen-demoss-nancy\/","url":"https:\/\/tzionlibreria.com\/index.php\/product\/mentiras-que-las-jovenes-creen-demoss-nancy\/","name":"Mentiras Que Las Jovenes Creen \u2013 Demoss Nancy - tzionlibreria.com","isPartOf":{"@id":"https:\/\/tzionlibreria.com\/#website"},"primaryImageOfPage":{"@id":"https:\/\/tzionlibreria.com\/index.php\/product\/mentiras-que-las-jovenes-creen-demoss-nancy\/#primaryimage"},"image":{"@id":"https:\/\/tzionlibreria.com\/index.php\/product\/mentiras-que-las-jovenes-creen-demoss-nancy\/#primaryimage"},"thumbnailUrl":"https:\/\/tzionlibreria.com\/wp-content\/uploads\/2025\/12\/D_NQ_NP_2X_646172-MCO51497592923_092022-F.webp","datePublished":"2025-12-19T20:56:25+00:00","dateModified":"2025-12-19T20:56:26+00:00","breadcrumb":{"@id":"https:\/\/tzionlibreria.com\/index.php\/product\/mentiras-que-las-jovenes-creen-demoss-nancy\/#breadcrumb"},"inLanguage":"es-CO","potentialAction":[{"@type":"ReadAction","target":["https:\/\/tzionlibreria.com\/index.php\/product\/mentiras-que-las-jovenes-creen-demoss-nancy\/"]}]},{"@type":"ImageObject","inLanguage":"es-CO","@id":"https:\/\/tzionlibreria.com\/index.php\/product\/mentiras-que-las-jovenes-creen-demoss-nancy\/#primaryimage","url":"https:\/\/tzionlibreria.com\/wp-content\/uploads\/2025\/12\/D_NQ_NP_2X_646172-MCO51497592923_092022-F.webp","contentUrl":"https:\/\/tzionlibreria.com\/wp-content\/uploads\/2025\/12\/D_NQ_NP_2X_646172-MCO51497592923_092022-F.webp","width":1200,"height":1062},{"@type":"BreadcrumbList","@id":"https:\/\/tzionlibreria.com\/index.php\/product\/mentiras-que-las-jovenes-creen-demoss-nancy\/#breadcrumb","itemListElement":[{"@type":"ListItem","position":1,"name":"Inicio","item":"https:\/\/tzionlibreria.com\/"},{"@type":"ListItem","position":2,"name":"Shop","item":"https:\/\/tzionlibreria.com\/index.php\/shop\/"},{"@type":"ListItem","position":3,"name":"Mentiras Que Las Jovenes Creen \u2013 Demoss Nancy"}]},{"@type":"WebSite","@id":"https:\/\/tzionlibreria.com\/#website","url":"https:\/\/tzionlibreria.com\/","name":"tzionlibreria.com","description":"Libreria Cristiana Venezuela","publisher":{"@id":"https:\/\/tzionlibreria.com\/#organization"},"potentialAction":[{"@type":"SearchAction","target":{"@type":"EntryPoint","urlTemplate":"https:\/\/tzionlibreria.com\/?s={search_term_string}"},"query-input":{"@type":"PropertyValueSpecification","valueRequired":true,"valueName":"search_term_string"}}],"inLanguage":"es-CO"},{"@type":"Organization","@id":"https:\/\/tzionlibreria.com\/#organization","name":"tzionlibreria.com","url":"https:\/\/tzionlibreria.com\/","logo":{"@type":"ImageObject","inLanguage":"es-CO","@id":"https:\/\/tzionlibreria.com\/#\/schema\/logo\/image\/","url":"https:\/\/tzionlibreria.com\/wp-content\/uploads\/2023\/10\/cropped-Cuadricula-scaled-1.jpg","contentUrl":"https:\/\/tzionlibreria.com\/wp-content\/uploads\/2023\/10\/cropped-Cuadricula-scaled-1.jpg","width":2560,"height":2560,"caption":"tzionlibreria.com"},"image":{"@id":"https:\/\/tzionlibreria.com\/#\/schema\/logo\/image\/"}}]}},"jetpack_sharing_enabled":true,"_links":{"self":[{"href":"https:\/\/tzionlibreria.com\/index.php\/wp-json\/wp\/v2\/product\/6814","targetHints":{"allow":["GET"]}}],"collection":[{"href":"https:\/\/tzionlibreria.com\/index.php\/wp-json\/wp\/v2\/product"}],"about":[{"href":"https:\/\/tzionlibreria.com\/index.php\/wp-json\/wp\/v2\/types\/product"}],"replies":[{"embeddable":true,"href":"https:\/\/tzionlibreria.com\/index.php\/wp-json\/wp\/v2\/comments?post=6814"}],"wp:featuredmedia":[{"embeddable":true,"href":"https:\/\/tzionlibreria.com\/index.php\/wp-json\/wp\/v2\/media\/6815"}],"wp:attachment":[{"href":"https:\/\/tzionlibreria.com\/index.php\/wp-json\/wp\/v2\/media?parent=6814"}],"wp:term":[{"taxonomy":"product_brand","embeddable":true,"href":"https:\/\/tzionlibreria.com\/index.php\/wp-json\/wp\/v2\/product_brand?post=6814"},{"taxonomy":"product_cat","embeddable":true,"href":"https:\/\/tzionlibreria.com\/index.php\/wp-json\/wp\/v2\/product_cat?post=6814"},{"taxonomy":"product_tag","embeddable":true,"href":"https:\/\/tzionlibreria.com\/index.php\/wp-json\/wp\/v2\/product_tag?post=6814"}],"curies":[{"name":"wp","href":"https:\/\/api.w.org\/{rel}","templated":true}]}}