{"id":683,"date":"2023-10-07T12:44:28","date_gmt":"2023-10-07T12:44:28","guid":{"rendered":"https:\/\/tzionlibreria.com\/?post_type=product&#038;p=683"},"modified":"2025-11-13T22:34:05","modified_gmt":"2025-11-13T22:34:05","slug":"la-santidad-de-dios-r-c-sproul","status":"publish","type":"product","link":"https:\/\/tzionlibreria.com\/index.php\/product\/la-santidad-de-dios-r-c-sproul\/","title":{"rendered":"La Santidad De Dios &#8211; R.c. Sproul"},"content":{"rendered":"<div class=\"woocommerce-tabs wc-tabs-wrapper\">\n<div id=\"tab-description\" class=\"woocommerce-Tabs-panel woocommerce-Tabs-panel--description panel entry-content wc-tab\" role=\"tabpanel\" aria-labelledby=\"tab-title-description\">\n<div>Mucha gente piensa en Dios solo en t\u00e9rminos de Su amor. Pero la Biblia habla de la santidad de Dios m\u00e1s que de cualquier otro atributo. \u00bfQu\u00e9 significa cuando los \u00e1ngeles declaran que Dios es \u00abSanto, Santo, Santo\u00bb? Y siendo personas pecadoras, \u00bfc\u00f3mo es que podemos entrar en Su presencia?<\/div>\n<div><\/div>\n<div>En La santidad de Dios, el Dr. R.C. Sproul explora el car\u00e1cter santo de Dios y explica por qu\u00e9 esta santidad nos fascina y nos aterroriza. A medida que analiza el impacto de la santidad de Dios en el profeta Isa\u00edas, Mart\u00edn Lutero y los santos a lo largo de la historia, descubrimos que solo hay una manera de estar ante el Santo. Este cl\u00e1sico y c\u00e9lebre libro ha ayudado a miles de cristianos a comprender mejor qui\u00e9n es Dios, qui\u00e9nes son ellos y qu\u00e9 significa estar revestidos de la justicia de Cristo.<\/div>\n<div><\/div>\n<div><\/div>\n<div><strong>ISBN<\/strong>: 9781642894271<br \/>\n<strong>Editorial<\/strong>: Ministerios Ligonier<br \/>\n<strong>Dimensiones<\/strong>: 135 x 197 mm<br \/>\n<strong>Peso<\/strong>: 0,326kg<br \/>\n<strong>Cubierta<\/strong>: Tapa Blanda<br \/>\n<strong>N\u00famero de p\u00e1ginas<\/strong>: 236<br \/>\n<strong>Idioma<\/strong>: Espa\u00f1ol<\/div>\n<\/div>\n<\/div>\n","protected":false},"excerpt":{"rendered":"<p>Mucha gente piensa en Dios solo en t\u00e9rminos de Su amor. Pero la Biblia habla de la santidad de Dios m\u00e1s que de cualquier otro atributo. \u00bfQu\u00e9 significa cuando los \u00e1ngeles declaran que Dios es \u00abSanto, Santo, Santo\u00bb? Y siendo personas pecadoras, \u00bfc\u00f3mo es que podemos entrar en Su presencia? En La santidad de Dios, [&hellip;]<\/p>\n","protected":false},"featured_media":684,"comment_status":"open","ping_status":"closed","template":"","meta":{"om_disable_all_campaigns":false,"_monsterinsights_skip_tracking":false,"_monsterinsights_sitenote_active":false,"_monsterinsights_sitenote_note":"","_monsterinsights_sitenote_category":0,"site-sidebar-layout":"default","site-content-layout":"","ast-site-content-layout":"default","site-content-style":"default","site-sidebar-style":"default","ast-global-header-display":"","ast-banner-title-visibility":"","ast-main-header-display":"","ast-hfb-above-header-display":"","ast-hfb-below-header-display":"","ast-hfb-mobile-header-display":"","site-post-title":"","ast-breadcrumbs-content":"","ast-featured-img":"","footer-sml-layout":"","ast-disable-related-posts":"","theme-transparent-header-meta":"default","adv-header-id-meta":"","stick-header-meta":"","header-above-stick-meta":"","header-main-stick-meta":"","header-below-stick-meta":"","astra-migrate-meta-layouts":"set","ast-page-background-enabled":"default","ast-page-background-meta":{"desktop":{"background-color":"var(--ast-global-color-4)","background-image":"","background-repeat":"repeat","background-position":"center center","background-size":"auto","background-attachment":"scroll","background-type":"","background-media":"","overlay-type":"","overlay-color":"","overlay-opacity":"","overlay-gradient":""},"tablet":{"background-color":"","background-image":"","background-repeat":"repeat","background-position":"center center","background-size":"auto","background-attachment":"scroll","background-type":"","background-media":"","overlay-type":"","overlay-color":"","overlay-opacity":"","overlay-gradient":""},"mobile":{"background-color":"","background-image":"","background-repeat":"repeat","background-position":"center center","background-size":"auto","background-attachment":"scroll","background-type":"","background-media":"","overlay-type":"","overlay-color":"","overlay-opacity":"","overlay-gradient":""}},"ast-content-background-meta":{"desktop":{"background-color":"var(--ast-global-color-5)","background-image":"","background-repeat":"repeat","background-position":"center center","background-size":"auto","background-attachment":"scroll","background-type":"","background-media":"","overlay-type":"","overlay-color":"","overlay-opacity":"","overlay-gradient":""},"tablet":{"background-color":"var(--ast-global-color-5)","background-image":"","background-repeat":"repeat","background-position":"center center","background-size":"auto","background-attachment":"scroll","background-type":"","background-media":"","overlay-type":"","overlay-color":"","overlay-opacity":"","overlay-gradient":""},"mobile":{"background-color":"var(--ast-global-color-5)","background-image":"","background-repeat":"repeat","background-position":"center center","background-size":"auto","background-attachment":"scroll","background-type":"","background-media":"","overlay-type":"","overlay-color":"","overlay-opacity":"","overlay-gradient":""}}},"product_brand":[],"product_cat":[165,174,173,23,26],"product_tag":[67],"class_list":{"0":"post-683","1":"product","2":"type-product","3":"status-publish","4":"has-post-thumbnail","6":"product_cat-adoracion","7":"product_cat-iglesia","8":"product_cat-jovenes","9":"product_cat-libros","10":"product_cat-teologia","11":"product_tag-r-c-sproul","12":"desktop-align-left","13":"tablet-align-left","14":"mobile-align-left","16":"first","17":"instock","18":"shipping-taxable","19":"purchasable","20":"product-type-simple"},"yoast_head":"<!-- This site is optimized with the Yoast SEO plugin v27.4 - https:\/\/yoast.com\/product\/yoast-seo-wordpress\/ -->\n<title>La Santidad De Dios - R.c. Sproul - tzionlibreria.com<\/title>\n<meta name=\"description\" content=\"Cl\u00e1sico y c\u00e9lebre libro ha ayudado a miles de a comprender mejor qui\u00e9n es Dios, qui\u00e9nes son ellos y qu\u00e9 significa estar revestidos de la justicia de Cristo.\" \/>\n<meta name=\"robots\" content=\"index, follow, max-snippet:-1, max-image-preview:large, max-video-preview:-1\" \/>\n<link rel=\"canonical\" href=\"https:\/\/tzionlibreria.com\/index.php\/product\/la-santidad-de-dios-r-c-sproul\/\" \/>\n<meta property=\"og:locale\" content=\"es_ES\" \/>\n<meta property=\"og:type\" content=\"article\" \/>\n<meta property=\"og:title\" content=\"La Santidad De Dios - R.c. Sproul - tzionlibreria.com\" \/>\n<meta property=\"og:description\" content=\"Cl\u00e1sico y c\u00e9lebre libro ha ayudado a miles de a comprender mejor qui\u00e9n es Dios, qui\u00e9nes son ellos y qu\u00e9 significa estar revestidos de la justicia de Cristo.\" \/>\n<meta property=\"og:url\" content=\"https:\/\/tzionlibreria.com\/index.php\/product\/la-santidad-de-dios-r-c-sproul\/\" \/>\n<meta property=\"og:site_name\" content=\"tzionlibreria.com\" \/>\n<meta property=\"article:modified_time\" content=\"2025-11-13T22:34:05+00:00\" \/>\n<meta property=\"og:image\" content=\"http:\/\/tzionlibreria.com\/wp-content\/uploads\/2023\/10\/D_NQ_NP_2X_979341-MLV70564599423_072023-F.webp\" \/>\n\t<meta property=\"og:image:width\" content=\"1087\" \/>\n\t<meta property=\"og:image:height\" content=\"984\" \/>\n\t<meta property=\"og:image:type\" content=\"image\/webp\" \/>\n<meta name=\"twitter:card\" content=\"summary_large_image\" \/>\n<meta name=\"twitter:label1\" content=\"Tiempo de lectura\" \/>\n\t<meta name=\"twitter:data1\" content=\"1 minuto\" \/>\n<script type=\"application\/ld+json\" class=\"yoast-schema-graph\">{\"@context\":\"https:\\\/\\\/schema.org\",\"@graph\":[{\"@type\":\"WebPage\",\"@id\":\"https:\\\/\\\/tzionlibreria.com\\\/index.php\\\/product\\\/la-santidad-de-dios-r-c-sproul\\\/\",\"url\":\"https:\\\/\\\/tzionlibreria.com\\\/index.php\\\/product\\\/la-santidad-de-dios-r-c-sproul\\\/\",\"name\":\"La Santidad De Dios - R.c. Sproul - tzionlibreria.com\",\"isPartOf\":{\"@id\":\"https:\\\/\\\/tzionlibreria.com\\\/#website\"},\"primaryImageOfPage\":{\"@id\":\"https:\\\/\\\/tzionlibreria.com\\\/index.php\\\/product\\\/la-santidad-de-dios-r-c-sproul\\\/#primaryimage\"},\"image\":{\"@id\":\"https:\\\/\\\/tzionlibreria.com\\\/index.php\\\/product\\\/la-santidad-de-dios-r-c-sproul\\\/#primaryimage\"},\"thumbnailUrl\":\"https:\\\/\\\/tzionlibreria.com\\\/wp-content\\\/uploads\\\/2023\\\/10\\\/D_NQ_NP_2X_979341-MLV70564599423_072023-F.webp\",\"datePublished\":\"2023-10-07T12:44:28+00:00\",\"dateModified\":\"2025-11-13T22:34:05+00:00\",\"description\":\"Cl\u00e1sico y c\u00e9lebre libro ha ayudado a miles de a comprender mejor qui\u00e9n es Dios, qui\u00e9nes son ellos y qu\u00e9 significa estar revestidos de la justicia de Cristo.\",\"breadcrumb\":{\"@id\":\"https:\\\/\\\/tzionlibreria.com\\\/index.php\\\/product\\\/la-santidad-de-dios-r-c-sproul\\\/#breadcrumb\"},\"inLanguage\":\"es-CO\",\"potentialAction\":[{\"@type\":\"ReadAction\",\"target\":[\"https:\\\/\\\/tzionlibreria.com\\\/index.php\\\/product\\\/la-santidad-de-dios-r-c-sproul\\\/\"]}]},{\"@type\":\"ImageObject\",\"inLanguage\":\"es-CO\",\"@id\":\"https:\\\/\\\/tzionlibreria.com\\\/index.php\\\/product\\\/la-santidad-de-dios-r-c-sproul\\\/#primaryimage\",\"url\":\"https:\\\/\\\/tzionlibreria.com\\\/wp-content\\\/uploads\\\/2023\\\/10\\\/D_NQ_NP_2X_979341-MLV70564599423_072023-F.webp\",\"contentUrl\":\"https:\\\/\\\/tzionlibreria.com\\\/wp-content\\\/uploads\\\/2023\\\/10\\\/D_NQ_NP_2X_979341-MLV70564599423_072023-F.webp\",\"width\":1087,\"height\":984},{\"@type\":\"BreadcrumbList\",\"@id\":\"https:\\\/\\\/tzionlibreria.com\\\/index.php\\\/product\\\/la-santidad-de-dios-r-c-sproul\\\/#breadcrumb\",\"itemListElement\":[{\"@type\":\"ListItem\",\"position\":1,\"name\":\"Inicio\",\"item\":\"https:\\\/\\\/tzionlibreria.com\\\/\"},{\"@type\":\"ListItem\",\"position\":2,\"name\":\"Shop\",\"item\":\"https:\\\/\\\/tzionlibreria.com\\\/index.php\\\/shop\\\/\"},{\"@type\":\"ListItem\",\"position\":3,\"name\":\"La Santidad De Dios &#8211; R.c. Sproul\"}]},{\"@type\":\"WebSite\",\"@id\":\"https:\\\/\\\/tzionlibreria.com\\\/#website\",\"url\":\"https:\\\/\\\/tzionlibreria.com\\\/\",\"name\":\"tzionlibreria.com\",\"description\":\"Libreria Cristiana Venezuela\",\"publisher\":{\"@id\":\"https:\\\/\\\/tzionlibreria.com\\\/#organization\"},\"potentialAction\":[{\"@type\":\"SearchAction\",\"target\":{\"@type\":\"EntryPoint\",\"urlTemplate\":\"https:\\\/\\\/tzionlibreria.com\\\/?s={search_term_string}\"},\"query-input\":{\"@type\":\"PropertyValueSpecification\",\"valueRequired\":true,\"valueName\":\"search_term_string\"}}],\"inLanguage\":\"es-CO\"},{\"@type\":\"Organization\",\"@id\":\"https:\\\/\\\/tzionlibreria.com\\\/#organization\",\"name\":\"tzionlibreria.com\",\"url\":\"https:\\\/\\\/tzionlibreria.com\\\/\",\"logo\":{\"@type\":\"ImageObject\",\"inLanguage\":\"es-CO\",\"@id\":\"https:\\\/\\\/tzionlibreria.com\\\/#\\\/schema\\\/logo\\\/image\\\/\",\"url\":\"https:\\\/\\\/tzionlibreria.com\\\/wp-content\\\/uploads\\\/2023\\\/10\\\/cropped-Cuadricula-scaled-1.jpg\",\"contentUrl\":\"https:\\\/\\\/tzionlibreria.com\\\/wp-content\\\/uploads\\\/2023\\\/10\\\/cropped-Cuadricula-scaled-1.jpg\",\"width\":2560,\"height\":2560,\"caption\":\"tzionlibreria.com\"},\"image\":{\"@id\":\"https:\\\/\\\/tzionlibreria.com\\\/#\\\/schema\\\/logo\\\/image\\\/\"}}]}<\/script>\n<!-- \/ Yoast SEO plugin. -->","yoast_head_json":{"title":"La Santidad De Dios - R.c. Sproul - tzionlibreria.com","description":"Cl\u00e1sico y c\u00e9lebre libro ha ayudado a miles de a comprender mejor qui\u00e9n es Dios, qui\u00e9nes son ellos y qu\u00e9 significa estar revestidos de la justicia de Cristo.","robots":{"index":"index","follow":"follow","max-snippet":"max-snippet:-1","max-image-preview":"max-image-preview:large","max-video-preview":"max-video-preview:-1"},"canonical":"https:\/\/tzionlibreria.com\/index.php\/product\/la-santidad-de-dios-r-c-sproul\/","og_locale":"es_ES","og_type":"article","og_title":"La Santidad De Dios - R.c. Sproul - tzionlibreria.com","og_description":"Cl\u00e1sico y c\u00e9lebre libro ha ayudado a miles de a comprender mejor qui\u00e9n es Dios, qui\u00e9nes son ellos y qu\u00e9 significa estar revestidos de la justicia de Cristo.","og_url":"https:\/\/tzionlibreria.com\/index.php\/product\/la-santidad-de-dios-r-c-sproul\/","og_site_name":"tzionlibreria.com","article_modified_time":"2025-11-13T22:34:05+00:00","og_image":[{"width":1087,"height":984,"url":"http:\/\/tzionlibreria.com\/wp-content\/uploads\/2023\/10\/D_NQ_NP_2X_979341-MLV70564599423_072023-F.webp","type":"image\/webp"}],"twitter_card":"summary_large_image","twitter_misc":{"Tiempo de lectura":"1 minuto"},"schema":{"@context":"https:\/\/schema.org","@graph":[{"@type":"WebPage","@id":"https:\/\/tzionlibreria.com\/index.php\/product\/la-santidad-de-dios-r-c-sproul\/","url":"https:\/\/tzionlibreria.com\/index.php\/product\/la-santidad-de-dios-r-c-sproul\/","name":"La Santidad De Dios - R.c. Sproul - tzionlibreria.com","isPartOf":{"@id":"https:\/\/tzionlibreria.com\/#website"},"primaryImageOfPage":{"@id":"https:\/\/tzionlibreria.com\/index.php\/product\/la-santidad-de-dios-r-c-sproul\/#primaryimage"},"image":{"@id":"https:\/\/tzionlibreria.com\/index.php\/product\/la-santidad-de-dios-r-c-sproul\/#primaryimage"},"thumbnailUrl":"https:\/\/tzionlibreria.com\/wp-content\/uploads\/2023\/10\/D_NQ_NP_2X_979341-MLV70564599423_072023-F.webp","datePublished":"2023-10-07T12:44:28+00:00","dateModified":"2025-11-13T22:34:05+00:00","description":"Cl\u00e1sico y c\u00e9lebre libro ha ayudado a miles de a comprender mejor qui\u00e9n es Dios, qui\u00e9nes son ellos y qu\u00e9 significa estar revestidos de la justicia de Cristo.","breadcrumb":{"@id":"https:\/\/tzionlibreria.com\/index.php\/product\/la-santidad-de-dios-r-c-sproul\/#breadcrumb"},"inLanguage":"es-CO","potentialAction":[{"@type":"ReadAction","target":["https:\/\/tzionlibreria.com\/index.php\/product\/la-santidad-de-dios-r-c-sproul\/"]}]},{"@type":"ImageObject","inLanguage":"es-CO","@id":"https:\/\/tzionlibreria.com\/index.php\/product\/la-santidad-de-dios-r-c-sproul\/#primaryimage","url":"https:\/\/tzionlibreria.com\/wp-content\/uploads\/2023\/10\/D_NQ_NP_2X_979341-MLV70564599423_072023-F.webp","contentUrl":"https:\/\/tzionlibreria.com\/wp-content\/uploads\/2023\/10\/D_NQ_NP_2X_979341-MLV70564599423_072023-F.webp","width":1087,"height":984},{"@type":"BreadcrumbList","@id":"https:\/\/tzionlibreria.com\/index.php\/product\/la-santidad-de-dios-r-c-sproul\/#breadcrumb","itemListElement":[{"@type":"ListItem","position":1,"name":"Inicio","item":"https:\/\/tzionlibreria.com\/"},{"@type":"ListItem","position":2,"name":"Shop","item":"https:\/\/tzionlibreria.com\/index.php\/shop\/"},{"@type":"ListItem","position":3,"name":"La Santidad De Dios &#8211; R.c. Sproul"}]},{"@type":"WebSite","@id":"https:\/\/tzionlibreria.com\/#website","url":"https:\/\/tzionlibreria.com\/","name":"tzionlibreria.com","description":"Libreria Cristiana Venezuela","publisher":{"@id":"https:\/\/tzionlibreria.com\/#organization"},"potentialAction":[{"@type":"SearchAction","target":{"@type":"EntryPoint","urlTemplate":"https:\/\/tzionlibreria.com\/?s={search_term_string}"},"query-input":{"@type":"PropertyValueSpecification","valueRequired":true,"valueName":"search_term_string"}}],"inLanguage":"es-CO"},{"@type":"Organization","@id":"https:\/\/tzionlibreria.com\/#organization","name":"tzionlibreria.com","url":"https:\/\/tzionlibreria.com\/","logo":{"@type":"ImageObject","inLanguage":"es-CO","@id":"https:\/\/tzionlibreria.com\/#\/schema\/logo\/image\/","url":"https:\/\/tzionlibreria.com\/wp-content\/uploads\/2023\/10\/cropped-Cuadricula-scaled-1.jpg","contentUrl":"https:\/\/tzionlibreria.com\/wp-content\/uploads\/2023\/10\/cropped-Cuadricula-scaled-1.jpg","width":2560,"height":2560,"caption":"tzionlibreria.com"},"image":{"@id":"https:\/\/tzionlibreria.com\/#\/schema\/logo\/image\/"}}]}},"jetpack_sharing_enabled":true,"_links":{"self":[{"href":"https:\/\/tzionlibreria.com\/index.php\/wp-json\/wp\/v2\/product\/683","targetHints":{"allow":["GET"]}}],"collection":[{"href":"https:\/\/tzionlibreria.com\/index.php\/wp-json\/wp\/v2\/product"}],"about":[{"href":"https:\/\/tzionlibreria.com\/index.php\/wp-json\/wp\/v2\/types\/product"}],"replies":[{"embeddable":true,"href":"https:\/\/tzionlibreria.com\/index.php\/wp-json\/wp\/v2\/comments?post=683"}],"wp:featuredmedia":[{"embeddable":true,"href":"https:\/\/tzionlibreria.com\/index.php\/wp-json\/wp\/v2\/media\/684"}],"wp:attachment":[{"href":"https:\/\/tzionlibreria.com\/index.php\/wp-json\/wp\/v2\/media?parent=683"}],"wp:term":[{"taxonomy":"product_brand","embeddable":true,"href":"https:\/\/tzionlibreria.com\/index.php\/wp-json\/wp\/v2\/product_brand?post=683"},{"taxonomy":"product_cat","embeddable":true,"href":"https:\/\/tzionlibreria.com\/index.php\/wp-json\/wp\/v2\/product_cat?post=683"},{"taxonomy":"product_tag","embeddable":true,"href":"https:\/\/tzionlibreria.com\/index.php\/wp-json\/wp\/v2\/product_tag?post=683"}],"curies":[{"name":"wp","href":"https:\/\/api.w.org\/{rel}","templated":true}]}}