{"id":6843,"date":"2025-12-29T23:10:30","date_gmt":"2025-12-29T23:10:30","guid":{"rendered":"https:\/\/tzionlibreria.com\/?post_type=product&#038;p=6843"},"modified":"2025-12-29T23:11:28","modified_gmt":"2025-12-29T23:11:28","slug":"nehemias-libro-modelo-de-pasion-y-fidelidad","status":"publish","type":"product","link":"https:\/\/tzionlibreria.com\/index.php\/product\/nehemias-libro-modelo-de-pasion-y-fidelidad\/","title":{"rendered":"Nehemias [Libro] Modelo De Pasi\u00f3n Y Fidelidad"},"content":{"rendered":"<div class=\"small-12 medium-8 large-8 columns\">\n<div id=\"ctl00_ucPDTabs_ctl00_fs\" class=\"ProductDetailGroup\">\n<div class=\"tab-content\">\n<div id=\"description\" class=\"tab-pane active\">\n<p>\u00a0DESCRIPCION \u00bfSer\u00e1 que el Libro de Nehem\u00edas es reconocido como el libro de las memorias de un gran l\u00edder, o un recuento apasionado sobre la gu\u00eda de Dios? En la historia Jerusal\u00e9n es reconstruida y los corazones de la gente se renuevan. J.I. Packer presenta un enfoque profundo a los dos temas en el Libro de Nehem\u00edas: C\u00f3mo Nehem\u00edas dirigi\u00f3 al pueblo, y c\u00f3mo Dios gui\u00f3 a Nehem\u00edas para la gloria del reino de Dios.<\/p>\n<p>&nbsp;<\/p>\n<p>\u00bfEl Libro de Nehem\u00edas se considera m\u00e1s como las memorias de un gran l\u00edder, o como un recuento de alguien dirigido por Dios? Jerusal\u00e9n es reedificada y el coraz\u00f3n del pueblo es renovado. Del autor de Esperanza sin l\u00edmites nos llega una brillante obra que mira dos aspectos de la vida de Nehem\u00edas: c\u00f3mo Nehem\u00edas dirigi\u00f3 al pueblo y c\u00f3mo Dios dirigi\u00f3 Nehem\u00edas &#8212; todo para la gloria del reino de Dios.<\/p>\n<\/div>\n<\/div>\n<\/div>\n<div id=\"ctl00_ucPDTabs_ctl01_fs\" class=\"ProductDetailGroup\">\n<h4>Categor\u00edas<\/h4>\n<p><a title=\"Productos\" href=\"https:\/\/www.clccolombia.com\/libros\/todos-los-productos\">Productos<\/a><br \/>\n<a title=\"Productos\" href=\"https:\/\/www.clccolombia.com\/libros\/todos-los-productos\">Productos<\/a> \u00bb <a title=\"Libros Cristianos\" href=\"https:\/\/www.clccolombia.com\/libros\/libros-cristianos\">Libros Cristianos<\/a><\/p>\n<\/div>\n<\/div>\n<div class=\"small-12 medium-4 large-4 columns\">\n<div id=\"ctl00_ucPDTabs_ctl02_fs\" class=\"ProductDetailGroup system-properties\"><strong>ISBN<\/strong>: 9781588025449<br \/>\n<strong>Editorial<\/strong>: <a title=\"Patmos\" href=\"https:\/\/www.clccolombia.com\/news\/editorial-patmos\">Patmos<\/a><br \/>\n<strong>Referencia de producto<\/strong>: 03201449<br \/>\n<strong>Dimensiones<\/strong>: 142 x 213 x 13 mm<br \/>\n<strong>Peso<\/strong>: 0,227kg<br \/>\n<strong>Cubierta<\/strong>: R\u00fastica<br \/>\n<strong>Idioma<\/strong>: Espa\u00f1ol<\/div>\n<\/div>\n","protected":false},"excerpt":{"rendered":"<p>\u00a0DESCRIPCION \u00bfSer\u00e1 que el Libro de Nehem\u00edas es reconocido como el libro de las memorias de un gran l\u00edder, o un recuento apasionado sobre la gu\u00eda de Dios? En la historia Jerusal\u00e9n es reconstruida y los corazones de la gente se renuevan. J.I. Packer presenta un enfoque profundo a los dos temas en el Libro [&hellip;]<\/p>\n","protected":false},"featured_media":6844,"comment_status":"open","ping_status":"closed","template":"","meta":{"om_disable_all_campaigns":false,"_monsterinsights_skip_tracking":false,"_monsterinsights_sitenote_active":false,"_monsterinsights_sitenote_note":"","_monsterinsights_sitenote_category":0,"site-sidebar-layout":"default","site-content-layout":"","ast-site-content-layout":"default","site-content-style":"default","site-sidebar-style":"default","ast-global-header-display":"","ast-banner-title-visibility":"","ast-main-header-display":"","ast-hfb-above-header-display":"","ast-hfb-below-header-display":"","ast-hfb-mobile-header-display":"","site-post-title":"","ast-breadcrumbs-content":"","ast-featured-img":"","footer-sml-layout":"","ast-disable-related-posts":"","theme-transparent-header-meta":"default","adv-header-id-meta":"","stick-header-meta":"","header-above-stick-meta":"","header-main-stick-meta":"","header-below-stick-meta":"","astra-migrate-meta-layouts":"set","ast-page-background-enabled":"default","ast-page-background-meta":{"desktop":{"background-color":"var(--ast-global-color-4)","background-image":"","background-repeat":"repeat","background-position":"center center","background-size":"auto","background-attachment":"scroll","background-type":"","background-media":"","overlay-type":"","overlay-color":"","overlay-opacity":"","overlay-gradient":""},"tablet":{"background-color":"","background-image":"","background-repeat":"repeat","background-position":"center center","background-size":"auto","background-attachment":"scroll","background-type":"","background-media":"","overlay-type":"","overlay-color":"","overlay-opacity":"","overlay-gradient":""},"mobile":{"background-color":"","background-image":"","background-repeat":"repeat","background-position":"center center","background-size":"auto","background-attachment":"scroll","background-type":"","background-media":"","overlay-type":"","overlay-color":"","overlay-opacity":"","overlay-gradient":""}},"ast-content-background-meta":{"desktop":{"background-color":"var(--ast-global-color-5)","background-image":"","background-repeat":"repeat","background-position":"center center","background-size":"auto","background-attachment":"scroll","background-type":"","background-media":"","overlay-type":"","overlay-color":"","overlay-opacity":"","overlay-gradient":""},"tablet":{"background-color":"var(--ast-global-color-5)","background-image":"","background-repeat":"repeat","background-position":"center center","background-size":"auto","background-attachment":"scroll","background-type":"","background-media":"","overlay-type":"","overlay-color":"","overlay-opacity":"","overlay-gradient":""},"mobile":{"background-color":"var(--ast-global-color-5)","background-image":"","background-repeat":"repeat","background-position":"center center","background-size":"auto","background-attachment":"scroll","background-type":"","background-media":"","overlay-type":"","overlay-color":"","overlay-opacity":"","overlay-gradient":""}}},"product_brand":[],"product_cat":[23,175],"product_tag":[],"class_list":{"0":"post-6843","1":"product","2":"type-product","3":"status-publish","4":"has-post-thumbnail","6":"product_cat-libros","7":"product_cat-liderazgo","8":"desktop-align-left","9":"tablet-align-left","10":"mobile-align-left","12":"first","13":"instock","14":"shipping-taxable","15":"purchasable","16":"product-type-simple"},"yoast_head":"<!-- This site is optimized with the Yoast SEO plugin v27.4 - https:\/\/yoast.com\/product\/yoast-seo-wordpress\/ -->\n<title>Nehemias [Libro] Modelo De Pasi\u00f3n Y Fidelidad - tzionlibreria.com<\/title>\n<meta name=\"robots\" content=\"index, follow, max-snippet:-1, max-image-preview:large, max-video-preview:-1\" \/>\n<link rel=\"canonical\" href=\"https:\/\/tzionlibreria.com\/index.php\/product\/nehemias-libro-modelo-de-pasion-y-fidelidad\/\" \/>\n<meta property=\"og:locale\" content=\"es_ES\" \/>\n<meta property=\"og:type\" content=\"article\" \/>\n<meta property=\"og:title\" content=\"Nehemias [Libro] Modelo De Pasi\u00f3n Y Fidelidad - tzionlibreria.com\" \/>\n<meta property=\"og:description\" content=\"\u00a0DESCRIPCION \u00bfSer\u00e1 que el Libro de Nehem\u00edas es reconocido como el libro de las memorias de un gran l\u00edder, o un recuento apasionado sobre la gu\u00eda de Dios? En la historia Jerusal\u00e9n es reconstruida y los corazones de la gente se renuevan. J.I. Packer presenta un enfoque profundo a los dos temas en el Libro [&hellip;]\" \/>\n<meta property=\"og:url\" content=\"https:\/\/tzionlibreria.com\/index.php\/product\/nehemias-libro-modelo-de-pasion-y-fidelidad\/\" \/>\n<meta property=\"og:site_name\" content=\"tzionlibreria.com\" \/>\n<meta property=\"article:modified_time\" content=\"2025-12-29T23:11:28+00:00\" \/>\n<meta property=\"og:image\" content=\"http:\/\/tzionlibreria.com\/wp-content\/uploads\/2025\/12\/37809.jpg\" \/>\n\t<meta property=\"og:image:width\" content=\"265\" \/>\n\t<meta property=\"og:image:height\" content=\"400\" \/>\n\t<meta property=\"og:image:type\" content=\"image\/jpeg\" \/>\n<meta name=\"twitter:card\" content=\"summary_large_image\" \/>\n<meta name=\"twitter:label1\" content=\"Tiempo de lectura\" \/>\n\t<meta name=\"twitter:data1\" content=\"1 minuto\" \/>\n<script type=\"application\/ld+json\" class=\"yoast-schema-graph\">{\"@context\":\"https:\\\/\\\/schema.org\",\"@graph\":[{\"@type\":\"WebPage\",\"@id\":\"https:\\\/\\\/tzionlibreria.com\\\/index.php\\\/product\\\/nehemias-libro-modelo-de-pasion-y-fidelidad\\\/\",\"url\":\"https:\\\/\\\/tzionlibreria.com\\\/index.php\\\/product\\\/nehemias-libro-modelo-de-pasion-y-fidelidad\\\/\",\"name\":\"Nehemias [Libro] Modelo De Pasi\u00f3n Y Fidelidad - tzionlibreria.com\",\"isPartOf\":{\"@id\":\"https:\\\/\\\/tzionlibreria.com\\\/#website\"},\"primaryImageOfPage\":{\"@id\":\"https:\\\/\\\/tzionlibreria.com\\\/index.php\\\/product\\\/nehemias-libro-modelo-de-pasion-y-fidelidad\\\/#primaryimage\"},\"image\":{\"@id\":\"https:\\\/\\\/tzionlibreria.com\\\/index.php\\\/product\\\/nehemias-libro-modelo-de-pasion-y-fidelidad\\\/#primaryimage\"},\"thumbnailUrl\":\"https:\\\/\\\/tzionlibreria.com\\\/wp-content\\\/uploads\\\/2025\\\/12\\\/37809.jpg\",\"datePublished\":\"2025-12-29T23:10:30+00:00\",\"dateModified\":\"2025-12-29T23:11:28+00:00\",\"breadcrumb\":{\"@id\":\"https:\\\/\\\/tzionlibreria.com\\\/index.php\\\/product\\\/nehemias-libro-modelo-de-pasion-y-fidelidad\\\/#breadcrumb\"},\"inLanguage\":\"es-CO\",\"potentialAction\":[{\"@type\":\"ReadAction\",\"target\":[\"https:\\\/\\\/tzionlibreria.com\\\/index.php\\\/product\\\/nehemias-libro-modelo-de-pasion-y-fidelidad\\\/\"]}]},{\"@type\":\"ImageObject\",\"inLanguage\":\"es-CO\",\"@id\":\"https:\\\/\\\/tzionlibreria.com\\\/index.php\\\/product\\\/nehemias-libro-modelo-de-pasion-y-fidelidad\\\/#primaryimage\",\"url\":\"https:\\\/\\\/tzionlibreria.com\\\/wp-content\\\/uploads\\\/2025\\\/12\\\/37809.jpg\",\"contentUrl\":\"https:\\\/\\\/tzionlibreria.com\\\/wp-content\\\/uploads\\\/2025\\\/12\\\/37809.jpg\",\"width\":265,\"height\":400},{\"@type\":\"BreadcrumbList\",\"@id\":\"https:\\\/\\\/tzionlibreria.com\\\/index.php\\\/product\\\/nehemias-libro-modelo-de-pasion-y-fidelidad\\\/#breadcrumb\",\"itemListElement\":[{\"@type\":\"ListItem\",\"position\":1,\"name\":\"Inicio\",\"item\":\"https:\\\/\\\/tzionlibreria.com\\\/\"},{\"@type\":\"ListItem\",\"position\":2,\"name\":\"Shop\",\"item\":\"https:\\\/\\\/tzionlibreria.com\\\/index.php\\\/shop\\\/\"},{\"@type\":\"ListItem\",\"position\":3,\"name\":\"Nehemias [Libro] Modelo De Pasi\u00f3n Y Fidelidad\"}]},{\"@type\":\"WebSite\",\"@id\":\"https:\\\/\\\/tzionlibreria.com\\\/#website\",\"url\":\"https:\\\/\\\/tzionlibreria.com\\\/\",\"name\":\"tzionlibreria.com\",\"description\":\"Libreria Cristiana Venezuela\",\"publisher\":{\"@id\":\"https:\\\/\\\/tzionlibreria.com\\\/#organization\"},\"potentialAction\":[{\"@type\":\"SearchAction\",\"target\":{\"@type\":\"EntryPoint\",\"urlTemplate\":\"https:\\\/\\\/tzionlibreria.com\\\/?s={search_term_string}\"},\"query-input\":{\"@type\":\"PropertyValueSpecification\",\"valueRequired\":true,\"valueName\":\"search_term_string\"}}],\"inLanguage\":\"es-CO\"},{\"@type\":\"Organization\",\"@id\":\"https:\\\/\\\/tzionlibreria.com\\\/#organization\",\"name\":\"tzionlibreria.com\",\"url\":\"https:\\\/\\\/tzionlibreria.com\\\/\",\"logo\":{\"@type\":\"ImageObject\",\"inLanguage\":\"es-CO\",\"@id\":\"https:\\\/\\\/tzionlibreria.com\\\/#\\\/schema\\\/logo\\\/image\\\/\",\"url\":\"https:\\\/\\\/tzionlibreria.com\\\/wp-content\\\/uploads\\\/2023\\\/10\\\/cropped-Cuadricula-scaled-1.jpg\",\"contentUrl\":\"https:\\\/\\\/tzionlibreria.com\\\/wp-content\\\/uploads\\\/2023\\\/10\\\/cropped-Cuadricula-scaled-1.jpg\",\"width\":2560,\"height\":2560,\"caption\":\"tzionlibreria.com\"},\"image\":{\"@id\":\"https:\\\/\\\/tzionlibreria.com\\\/#\\\/schema\\\/logo\\\/image\\\/\"}}]}<\/script>\n<!-- \/ Yoast SEO plugin. -->","yoast_head_json":{"title":"Nehemias [Libro] Modelo De Pasi\u00f3n Y Fidelidad - tzionlibreria.com","robots":{"index":"index","follow":"follow","max-snippet":"max-snippet:-1","max-image-preview":"max-image-preview:large","max-video-preview":"max-video-preview:-1"},"canonical":"https:\/\/tzionlibreria.com\/index.php\/product\/nehemias-libro-modelo-de-pasion-y-fidelidad\/","og_locale":"es_ES","og_type":"article","og_title":"Nehemias [Libro] Modelo De Pasi\u00f3n Y Fidelidad - tzionlibreria.com","og_description":"\u00a0DESCRIPCION \u00bfSer\u00e1 que el Libro de Nehem\u00edas es reconocido como el libro de las memorias de un gran l\u00edder, o un recuento apasionado sobre la gu\u00eda de Dios? En la historia Jerusal\u00e9n es reconstruida y los corazones de la gente se renuevan. J.I. Packer presenta un enfoque profundo a los dos temas en el Libro [&hellip;]","og_url":"https:\/\/tzionlibreria.com\/index.php\/product\/nehemias-libro-modelo-de-pasion-y-fidelidad\/","og_site_name":"tzionlibreria.com","article_modified_time":"2025-12-29T23:11:28+00:00","og_image":[{"width":265,"height":400,"url":"http:\/\/tzionlibreria.com\/wp-content\/uploads\/2025\/12\/37809.jpg","type":"image\/jpeg"}],"twitter_card":"summary_large_image","twitter_misc":{"Tiempo de lectura":"1 minuto"},"schema":{"@context":"https:\/\/schema.org","@graph":[{"@type":"WebPage","@id":"https:\/\/tzionlibreria.com\/index.php\/product\/nehemias-libro-modelo-de-pasion-y-fidelidad\/","url":"https:\/\/tzionlibreria.com\/index.php\/product\/nehemias-libro-modelo-de-pasion-y-fidelidad\/","name":"Nehemias [Libro] Modelo De Pasi\u00f3n Y Fidelidad - tzionlibreria.com","isPartOf":{"@id":"https:\/\/tzionlibreria.com\/#website"},"primaryImageOfPage":{"@id":"https:\/\/tzionlibreria.com\/index.php\/product\/nehemias-libro-modelo-de-pasion-y-fidelidad\/#primaryimage"},"image":{"@id":"https:\/\/tzionlibreria.com\/index.php\/product\/nehemias-libro-modelo-de-pasion-y-fidelidad\/#primaryimage"},"thumbnailUrl":"https:\/\/tzionlibreria.com\/wp-content\/uploads\/2025\/12\/37809.jpg","datePublished":"2025-12-29T23:10:30+00:00","dateModified":"2025-12-29T23:11:28+00:00","breadcrumb":{"@id":"https:\/\/tzionlibreria.com\/index.php\/product\/nehemias-libro-modelo-de-pasion-y-fidelidad\/#breadcrumb"},"inLanguage":"es-CO","potentialAction":[{"@type":"ReadAction","target":["https:\/\/tzionlibreria.com\/index.php\/product\/nehemias-libro-modelo-de-pasion-y-fidelidad\/"]}]},{"@type":"ImageObject","inLanguage":"es-CO","@id":"https:\/\/tzionlibreria.com\/index.php\/product\/nehemias-libro-modelo-de-pasion-y-fidelidad\/#primaryimage","url":"https:\/\/tzionlibreria.com\/wp-content\/uploads\/2025\/12\/37809.jpg","contentUrl":"https:\/\/tzionlibreria.com\/wp-content\/uploads\/2025\/12\/37809.jpg","width":265,"height":400},{"@type":"BreadcrumbList","@id":"https:\/\/tzionlibreria.com\/index.php\/product\/nehemias-libro-modelo-de-pasion-y-fidelidad\/#breadcrumb","itemListElement":[{"@type":"ListItem","position":1,"name":"Inicio","item":"https:\/\/tzionlibreria.com\/"},{"@type":"ListItem","position":2,"name":"Shop","item":"https:\/\/tzionlibreria.com\/index.php\/shop\/"},{"@type":"ListItem","position":3,"name":"Nehemias [Libro] Modelo De Pasi\u00f3n Y Fidelidad"}]},{"@type":"WebSite","@id":"https:\/\/tzionlibreria.com\/#website","url":"https:\/\/tzionlibreria.com\/","name":"tzionlibreria.com","description":"Libreria Cristiana Venezuela","publisher":{"@id":"https:\/\/tzionlibreria.com\/#organization"},"potentialAction":[{"@type":"SearchAction","target":{"@type":"EntryPoint","urlTemplate":"https:\/\/tzionlibreria.com\/?s={search_term_string}"},"query-input":{"@type":"PropertyValueSpecification","valueRequired":true,"valueName":"search_term_string"}}],"inLanguage":"es-CO"},{"@type":"Organization","@id":"https:\/\/tzionlibreria.com\/#organization","name":"tzionlibreria.com","url":"https:\/\/tzionlibreria.com\/","logo":{"@type":"ImageObject","inLanguage":"es-CO","@id":"https:\/\/tzionlibreria.com\/#\/schema\/logo\/image\/","url":"https:\/\/tzionlibreria.com\/wp-content\/uploads\/2023\/10\/cropped-Cuadricula-scaled-1.jpg","contentUrl":"https:\/\/tzionlibreria.com\/wp-content\/uploads\/2023\/10\/cropped-Cuadricula-scaled-1.jpg","width":2560,"height":2560,"caption":"tzionlibreria.com"},"image":{"@id":"https:\/\/tzionlibreria.com\/#\/schema\/logo\/image\/"}}]}},"jetpack_sharing_enabled":true,"_links":{"self":[{"href":"https:\/\/tzionlibreria.com\/index.php\/wp-json\/wp\/v2\/product\/6843","targetHints":{"allow":["GET"]}}],"collection":[{"href":"https:\/\/tzionlibreria.com\/index.php\/wp-json\/wp\/v2\/product"}],"about":[{"href":"https:\/\/tzionlibreria.com\/index.php\/wp-json\/wp\/v2\/types\/product"}],"replies":[{"embeddable":true,"href":"https:\/\/tzionlibreria.com\/index.php\/wp-json\/wp\/v2\/comments?post=6843"}],"wp:featuredmedia":[{"embeddable":true,"href":"https:\/\/tzionlibreria.com\/index.php\/wp-json\/wp\/v2\/media\/6844"}],"wp:attachment":[{"href":"https:\/\/tzionlibreria.com\/index.php\/wp-json\/wp\/v2\/media?parent=6843"}],"wp:term":[{"taxonomy":"product_brand","embeddable":true,"href":"https:\/\/tzionlibreria.com\/index.php\/wp-json\/wp\/v2\/product_brand?post=6843"},{"taxonomy":"product_cat","embeddable":true,"href":"https:\/\/tzionlibreria.com\/index.php\/wp-json\/wp\/v2\/product_cat?post=6843"},{"taxonomy":"product_tag","embeddable":true,"href":"https:\/\/tzionlibreria.com\/index.php\/wp-json\/wp\/v2\/product_tag?post=6843"}],"curies":[{"name":"wp","href":"https:\/\/api.w.org\/{rel}","templated":true}]}}