{"id":6856,"date":"2026-01-30T21:39:38","date_gmt":"2026-01-30T21:39:38","guid":{"rendered":"https:\/\/tzionlibreria.com\/?post_type=product&#038;p=6856"},"modified":"2026-01-30T21:39:38","modified_gmt":"2026-01-30T21:39:38","slug":"la-escuela-del-dolor-cuando-el-dolor-no-es-el-final-sino-el-principio-de-tu-llamado-lisney-de-font","status":"publish","type":"product","link":"https:\/\/tzionlibreria.com\/index.php\/product\/la-escuela-del-dolor-cuando-el-dolor-no-es-el-final-sino-el-principio-de-tu-llamado-lisney-de-font\/","title":{"rendered":"La escuela del dolor \u2013 Cuando el dolor no es el final sino el principio de tu llamado \u2013 Lisney de Font"},"content":{"rendered":"<ul class=\"tabs wc-tabs\" role=\"tablist\">\n<li id=\"tab-title-description\" class=\"description_tab active\" role=\"presentation\"><a tabindex=\"0\" role=\"tab\" href=\"https:\/\/libreria247.com\/producto\/la-escuela-del-dolor-cuando-el-dolor-no-es-el-final-sino-el-principio-de-tu-llamado-lisney-de-font\/#tab-description\" aria-controls=\"tab-description\" aria-selected=\"true\"> Descripci\u00f3n <\/a><\/li>\n<li id=\"tab-title-reviews\" class=\"reviews_tab\" role=\"presentation\"><a tabindex=\"-1\" role=\"tab\" href=\"https:\/\/libreria247.com\/producto\/la-escuela-del-dolor-cuando-el-dolor-no-es-el-final-sino-el-principio-de-tu-llamado-lisney-de-font\/#tab-reviews\" aria-controls=\"tab-reviews\" aria-selected=\"false\"> Valoraciones (0) <\/a><\/li>\n<\/ul>\n<div id=\"tab-description\" class=\"woocommerce-Tabs-panel woocommerce-Tabs-panel--description panel entry-content wc-tab\" role=\"tabpanel\" aria-labelledby=\"tab-title-description\">\n<p><span class=\"a-text-bold\">\u00bfY si el dolor no fuera el enemigo? \u00bfY si el quebranto tuviera un prop\u00f3sito?<\/span><\/p>\n<p>Muchos quieren evitar el sufrimiento. Pocos se atreven a mirarlo a los ojos y descubrir lo que ense\u00f1a. La escuela del dolor es una invitaci\u00f3n a transitar los momentos m\u00e1s oscuros con una nueva perspectiva:\u00a0<span class=\"a-text-bold\">la de un Dios que no te abandona, que ense\u00f1a en el silencio, que sana mientras todo parece romperse.<\/span><\/p>\n<p>&nbsp;<\/p>\n<p>Con un lenguaje cercano, profundo y lleno de verdad, Lisney de Font comparte las lecciones m\u00e1s poderosas que el quebranto puede dejar: madurez, revelaci\u00f3n, sanidad, prop\u00f3sito.<\/p>\n<p><span class=\"a-text-italic\">\u201cNo se trata de sobrevivir, se trata de ser transformado.\u201d<\/span><\/p>\n<\/div>\n","protected":false},"excerpt":{"rendered":"<p>Descripci\u00f3n Valoraciones (0) \u00bfY si el dolor no fuera el enemigo? \u00bfY si el quebranto tuviera un prop\u00f3sito? Muchos quieren evitar el sufrimiento. Pocos se atreven a mirarlo a los ojos y descubrir lo que ense\u00f1a. La escuela del dolor es una invitaci\u00f3n a transitar los momentos m\u00e1s oscuros con una nueva perspectiva:\u00a0la de un [&hellip;]<\/p>\n","protected":false},"featured_media":6857,"comment_status":"open","ping_status":"closed","template":"","meta":{"om_disable_all_campaigns":false,"_monsterinsights_skip_tracking":false,"_monsterinsights_sitenote_active":false,"_monsterinsights_sitenote_note":"","_monsterinsights_sitenote_category":0,"site-sidebar-layout":"default","site-content-layout":"","ast-site-content-layout":"default","site-content-style":"default","site-sidebar-style":"default","ast-global-header-display":"","ast-banner-title-visibility":"","ast-main-header-display":"","ast-hfb-above-header-display":"","ast-hfb-below-header-display":"","ast-hfb-mobile-header-display":"","site-post-title":"","ast-breadcrumbs-content":"","ast-featured-img":"","footer-sml-layout":"","ast-disable-related-posts":"","theme-transparent-header-meta":"default","adv-header-id-meta":"","stick-header-meta":"","header-above-stick-meta":"","header-main-stick-meta":"","header-below-stick-meta":"","astra-migrate-meta-layouts":"set","ast-page-background-enabled":"default","ast-page-background-meta":{"desktop":{"background-color":"var(--ast-global-color-4)","background-image":"","background-repeat":"repeat","background-position":"center center","background-size":"auto","background-attachment":"scroll","background-type":"","background-media":"","overlay-type":"","overlay-color":"","overlay-opacity":"","overlay-gradient":""},"tablet":{"background-color":"","background-image":"","background-repeat":"repeat","background-position":"center center","background-size":"auto","background-attachment":"scroll","background-type":"","background-media":"","overlay-type":"","overlay-color":"","overlay-opacity":"","overlay-gradient":""},"mobile":{"background-color":"","background-image":"","background-repeat":"repeat","background-position":"center center","background-size":"auto","background-attachment":"scroll","background-type":"","background-media":"","overlay-type":"","overlay-color":"","overlay-opacity":"","overlay-gradient":""}},"ast-content-background-meta":{"desktop":{"background-color":"var(--ast-global-color-5)","background-image":"","background-repeat":"repeat","background-position":"center center","background-size":"auto","background-attachment":"scroll","background-type":"","background-media":"","overlay-type":"","overlay-color":"","overlay-opacity":"","overlay-gradient":""},"tablet":{"background-color":"var(--ast-global-color-5)","background-image":"","background-repeat":"repeat","background-position":"center center","background-size":"auto","background-attachment":"scroll","background-type":"","background-media":"","overlay-type":"","overlay-color":"","overlay-opacity":"","overlay-gradient":""},"mobile":{"background-color":"var(--ast-global-color-5)","background-image":"","background-repeat":"repeat","background-position":"center center","background-size":"auto","background-attachment":"scroll","background-type":"","background-media":"","overlay-type":"","overlay-color":"","overlay-opacity":"","overlay-gradient":""}}},"product_brand":[],"product_cat":[167,23],"product_tag":[],"class_list":{"0":"post-6856","1":"product","2":"type-product","3":"status-publish","4":"has-post-thumbnail","6":"product_cat-familia","7":"product_cat-libros","8":"desktop-align-left","9":"tablet-align-left","10":"mobile-align-left","12":"first","13":"instock","14":"shipping-taxable","15":"purchasable","16":"product-type-simple"},"yoast_head":"<!-- This site is optimized with the Yoast SEO plugin v27.4 - https:\/\/yoast.com\/product\/yoast-seo-wordpress\/ -->\n<title>La escuela del dolor \u2013 Cuando el dolor no es el final sino el principio de tu llamado \u2013 Lisney de Font - tzionlibreria.com<\/title>\n<meta name=\"robots\" content=\"index, follow, max-snippet:-1, max-image-preview:large, max-video-preview:-1\" \/>\n<link rel=\"canonical\" href=\"https:\/\/tzionlibreria.com\/index.php\/product\/la-escuela-del-dolor-cuando-el-dolor-no-es-el-final-sino-el-principio-de-tu-llamado-lisney-de-font\/\" \/>\n<meta property=\"og:locale\" content=\"es_ES\" \/>\n<meta property=\"og:type\" content=\"article\" \/>\n<meta property=\"og:title\" content=\"La escuela del dolor \u2013 Cuando el dolor no es el final sino el principio de tu llamado \u2013 Lisney de Font - tzionlibreria.com\" \/>\n<meta property=\"og:description\" content=\"Descripci\u00f3n Valoraciones (0) \u00bfY si el dolor no fuera el enemigo? \u00bfY si el quebranto tuviera un prop\u00f3sito? Muchos quieren evitar el sufrimiento. Pocos se atreven a mirarlo a los ojos y descubrir lo que ense\u00f1a. La escuela del dolor es una invitaci\u00f3n a transitar los momentos m\u00e1s oscuros con una nueva perspectiva:\u00a0la de un [&hellip;]\" \/>\n<meta property=\"og:url\" content=\"https:\/\/tzionlibreria.com\/index.php\/product\/la-escuela-del-dolor-cuando-el-dolor-no-es-el-final-sino-el-principio-de-tu-llamado-lisney-de-font\/\" \/>\n<meta property=\"og:site_name\" content=\"tzionlibreria.com\" \/>\n<meta property=\"og:image\" content=\"http:\/\/tzionlibreria.com\/wp-content\/uploads\/2026\/01\/9781963920406.jpg\" \/>\n\t<meta property=\"og:image:width\" content=\"1200\" \/>\n\t<meta property=\"og:image:height\" content=\"1200\" \/>\n\t<meta property=\"og:image:type\" content=\"image\/jpeg\" \/>\n<meta name=\"twitter:card\" content=\"summary_large_image\" \/>\n<meta name=\"twitter:label1\" content=\"Tiempo de lectura\" \/>\n\t<meta name=\"twitter:data1\" content=\"1 minuto\" \/>\n<script type=\"application\/ld+json\" class=\"yoast-schema-graph\">{\"@context\":\"https:\\\/\\\/schema.org\",\"@graph\":[{\"@type\":\"WebPage\",\"@id\":\"https:\\\/\\\/tzionlibreria.com\\\/index.php\\\/product\\\/la-escuela-del-dolor-cuando-el-dolor-no-es-el-final-sino-el-principio-de-tu-llamado-lisney-de-font\\\/\",\"url\":\"https:\\\/\\\/tzionlibreria.com\\\/index.php\\\/product\\\/la-escuela-del-dolor-cuando-el-dolor-no-es-el-final-sino-el-principio-de-tu-llamado-lisney-de-font\\\/\",\"name\":\"La escuela del dolor \u2013 Cuando el dolor no es el final sino el principio de tu llamado \u2013 Lisney de Font - tzionlibreria.com\",\"isPartOf\":{\"@id\":\"https:\\\/\\\/tzionlibreria.com\\\/#website\"},\"primaryImageOfPage\":{\"@id\":\"https:\\\/\\\/tzionlibreria.com\\\/index.php\\\/product\\\/la-escuela-del-dolor-cuando-el-dolor-no-es-el-final-sino-el-principio-de-tu-llamado-lisney-de-font\\\/#primaryimage\"},\"image\":{\"@id\":\"https:\\\/\\\/tzionlibreria.com\\\/index.php\\\/product\\\/la-escuela-del-dolor-cuando-el-dolor-no-es-el-final-sino-el-principio-de-tu-llamado-lisney-de-font\\\/#primaryimage\"},\"thumbnailUrl\":\"https:\\\/\\\/tzionlibreria.com\\\/wp-content\\\/uploads\\\/2026\\\/01\\\/9781963920406.jpg\",\"datePublished\":\"2026-01-30T21:39:38+00:00\",\"breadcrumb\":{\"@id\":\"https:\\\/\\\/tzionlibreria.com\\\/index.php\\\/product\\\/la-escuela-del-dolor-cuando-el-dolor-no-es-el-final-sino-el-principio-de-tu-llamado-lisney-de-font\\\/#breadcrumb\"},\"inLanguage\":\"es-CO\",\"potentialAction\":[{\"@type\":\"ReadAction\",\"target\":[\"https:\\\/\\\/tzionlibreria.com\\\/index.php\\\/product\\\/la-escuela-del-dolor-cuando-el-dolor-no-es-el-final-sino-el-principio-de-tu-llamado-lisney-de-font\\\/\"]}]},{\"@type\":\"ImageObject\",\"inLanguage\":\"es-CO\",\"@id\":\"https:\\\/\\\/tzionlibreria.com\\\/index.php\\\/product\\\/la-escuela-del-dolor-cuando-el-dolor-no-es-el-final-sino-el-principio-de-tu-llamado-lisney-de-font\\\/#primaryimage\",\"url\":\"https:\\\/\\\/tzionlibreria.com\\\/wp-content\\\/uploads\\\/2026\\\/01\\\/9781963920406.jpg\",\"contentUrl\":\"https:\\\/\\\/tzionlibreria.com\\\/wp-content\\\/uploads\\\/2026\\\/01\\\/9781963920406.jpg\",\"width\":1200,\"height\":1200},{\"@type\":\"BreadcrumbList\",\"@id\":\"https:\\\/\\\/tzionlibreria.com\\\/index.php\\\/product\\\/la-escuela-del-dolor-cuando-el-dolor-no-es-el-final-sino-el-principio-de-tu-llamado-lisney-de-font\\\/#breadcrumb\",\"itemListElement\":[{\"@type\":\"ListItem\",\"position\":1,\"name\":\"Inicio\",\"item\":\"https:\\\/\\\/tzionlibreria.com\\\/\"},{\"@type\":\"ListItem\",\"position\":2,\"name\":\"Shop\",\"item\":\"https:\\\/\\\/tzionlibreria.com\\\/index.php\\\/shop\\\/\"},{\"@type\":\"ListItem\",\"position\":3,\"name\":\"La escuela del dolor \u2013 Cuando el dolor no es el final sino el principio de tu llamado \u2013 Lisney de Font\"}]},{\"@type\":\"WebSite\",\"@id\":\"https:\\\/\\\/tzionlibreria.com\\\/#website\",\"url\":\"https:\\\/\\\/tzionlibreria.com\\\/\",\"name\":\"tzionlibreria.com\",\"description\":\"Libreria Cristiana Venezuela\",\"publisher\":{\"@id\":\"https:\\\/\\\/tzionlibreria.com\\\/#organization\"},\"potentialAction\":[{\"@type\":\"SearchAction\",\"target\":{\"@type\":\"EntryPoint\",\"urlTemplate\":\"https:\\\/\\\/tzionlibreria.com\\\/?s={search_term_string}\"},\"query-input\":{\"@type\":\"PropertyValueSpecification\",\"valueRequired\":true,\"valueName\":\"search_term_string\"}}],\"inLanguage\":\"es-CO\"},{\"@type\":\"Organization\",\"@id\":\"https:\\\/\\\/tzionlibreria.com\\\/#organization\",\"name\":\"tzionlibreria.com\",\"url\":\"https:\\\/\\\/tzionlibreria.com\\\/\",\"logo\":{\"@type\":\"ImageObject\",\"inLanguage\":\"es-CO\",\"@id\":\"https:\\\/\\\/tzionlibreria.com\\\/#\\\/schema\\\/logo\\\/image\\\/\",\"url\":\"https:\\\/\\\/tzionlibreria.com\\\/wp-content\\\/uploads\\\/2023\\\/10\\\/cropped-Cuadricula-scaled-1.jpg\",\"contentUrl\":\"https:\\\/\\\/tzionlibreria.com\\\/wp-content\\\/uploads\\\/2023\\\/10\\\/cropped-Cuadricula-scaled-1.jpg\",\"width\":2560,\"height\":2560,\"caption\":\"tzionlibreria.com\"},\"image\":{\"@id\":\"https:\\\/\\\/tzionlibreria.com\\\/#\\\/schema\\\/logo\\\/image\\\/\"}}]}<\/script>\n<!-- \/ Yoast SEO plugin. -->","yoast_head_json":{"title":"La escuela del dolor \u2013 Cuando el dolor no es el final sino el principio de tu llamado \u2013 Lisney de Font - tzionlibreria.com","robots":{"index":"index","follow":"follow","max-snippet":"max-snippet:-1","max-image-preview":"max-image-preview:large","max-video-preview":"max-video-preview:-1"},"canonical":"https:\/\/tzionlibreria.com\/index.php\/product\/la-escuela-del-dolor-cuando-el-dolor-no-es-el-final-sino-el-principio-de-tu-llamado-lisney-de-font\/","og_locale":"es_ES","og_type":"article","og_title":"La escuela del dolor \u2013 Cuando el dolor no es el final sino el principio de tu llamado \u2013 Lisney de Font - tzionlibreria.com","og_description":"Descripci\u00f3n Valoraciones (0) \u00bfY si el dolor no fuera el enemigo? \u00bfY si el quebranto tuviera un prop\u00f3sito? Muchos quieren evitar el sufrimiento. Pocos se atreven a mirarlo a los ojos y descubrir lo que ense\u00f1a. La escuela del dolor es una invitaci\u00f3n a transitar los momentos m\u00e1s oscuros con una nueva perspectiva:\u00a0la de un [&hellip;]","og_url":"https:\/\/tzionlibreria.com\/index.php\/product\/la-escuela-del-dolor-cuando-el-dolor-no-es-el-final-sino-el-principio-de-tu-llamado-lisney-de-font\/","og_site_name":"tzionlibreria.com","og_image":[{"width":1200,"height":1200,"url":"http:\/\/tzionlibreria.com\/wp-content\/uploads\/2026\/01\/9781963920406.jpg","type":"image\/jpeg"}],"twitter_card":"summary_large_image","twitter_misc":{"Tiempo de lectura":"1 minuto"},"schema":{"@context":"https:\/\/schema.org","@graph":[{"@type":"WebPage","@id":"https:\/\/tzionlibreria.com\/index.php\/product\/la-escuela-del-dolor-cuando-el-dolor-no-es-el-final-sino-el-principio-de-tu-llamado-lisney-de-font\/","url":"https:\/\/tzionlibreria.com\/index.php\/product\/la-escuela-del-dolor-cuando-el-dolor-no-es-el-final-sino-el-principio-de-tu-llamado-lisney-de-font\/","name":"La escuela del dolor \u2013 Cuando el dolor no es el final sino el principio de tu llamado \u2013 Lisney de Font - tzionlibreria.com","isPartOf":{"@id":"https:\/\/tzionlibreria.com\/#website"},"primaryImageOfPage":{"@id":"https:\/\/tzionlibreria.com\/index.php\/product\/la-escuela-del-dolor-cuando-el-dolor-no-es-el-final-sino-el-principio-de-tu-llamado-lisney-de-font\/#primaryimage"},"image":{"@id":"https:\/\/tzionlibreria.com\/index.php\/product\/la-escuela-del-dolor-cuando-el-dolor-no-es-el-final-sino-el-principio-de-tu-llamado-lisney-de-font\/#primaryimage"},"thumbnailUrl":"https:\/\/tzionlibreria.com\/wp-content\/uploads\/2026\/01\/9781963920406.jpg","datePublished":"2026-01-30T21:39:38+00:00","breadcrumb":{"@id":"https:\/\/tzionlibreria.com\/index.php\/product\/la-escuela-del-dolor-cuando-el-dolor-no-es-el-final-sino-el-principio-de-tu-llamado-lisney-de-font\/#breadcrumb"},"inLanguage":"es-CO","potentialAction":[{"@type":"ReadAction","target":["https:\/\/tzionlibreria.com\/index.php\/product\/la-escuela-del-dolor-cuando-el-dolor-no-es-el-final-sino-el-principio-de-tu-llamado-lisney-de-font\/"]}]},{"@type":"ImageObject","inLanguage":"es-CO","@id":"https:\/\/tzionlibreria.com\/index.php\/product\/la-escuela-del-dolor-cuando-el-dolor-no-es-el-final-sino-el-principio-de-tu-llamado-lisney-de-font\/#primaryimage","url":"https:\/\/tzionlibreria.com\/wp-content\/uploads\/2026\/01\/9781963920406.jpg","contentUrl":"https:\/\/tzionlibreria.com\/wp-content\/uploads\/2026\/01\/9781963920406.jpg","width":1200,"height":1200},{"@type":"BreadcrumbList","@id":"https:\/\/tzionlibreria.com\/index.php\/product\/la-escuela-del-dolor-cuando-el-dolor-no-es-el-final-sino-el-principio-de-tu-llamado-lisney-de-font\/#breadcrumb","itemListElement":[{"@type":"ListItem","position":1,"name":"Inicio","item":"https:\/\/tzionlibreria.com\/"},{"@type":"ListItem","position":2,"name":"Shop","item":"https:\/\/tzionlibreria.com\/index.php\/shop\/"},{"@type":"ListItem","position":3,"name":"La escuela del dolor \u2013 Cuando el dolor no es el final sino el principio de tu llamado \u2013 Lisney de Font"}]},{"@type":"WebSite","@id":"https:\/\/tzionlibreria.com\/#website","url":"https:\/\/tzionlibreria.com\/","name":"tzionlibreria.com","description":"Libreria Cristiana Venezuela","publisher":{"@id":"https:\/\/tzionlibreria.com\/#organization"},"potentialAction":[{"@type":"SearchAction","target":{"@type":"EntryPoint","urlTemplate":"https:\/\/tzionlibreria.com\/?s={search_term_string}"},"query-input":{"@type":"PropertyValueSpecification","valueRequired":true,"valueName":"search_term_string"}}],"inLanguage":"es-CO"},{"@type":"Organization","@id":"https:\/\/tzionlibreria.com\/#organization","name":"tzionlibreria.com","url":"https:\/\/tzionlibreria.com\/","logo":{"@type":"ImageObject","inLanguage":"es-CO","@id":"https:\/\/tzionlibreria.com\/#\/schema\/logo\/image\/","url":"https:\/\/tzionlibreria.com\/wp-content\/uploads\/2023\/10\/cropped-Cuadricula-scaled-1.jpg","contentUrl":"https:\/\/tzionlibreria.com\/wp-content\/uploads\/2023\/10\/cropped-Cuadricula-scaled-1.jpg","width":2560,"height":2560,"caption":"tzionlibreria.com"},"image":{"@id":"https:\/\/tzionlibreria.com\/#\/schema\/logo\/image\/"}}]}},"jetpack_sharing_enabled":true,"_links":{"self":[{"href":"https:\/\/tzionlibreria.com\/index.php\/wp-json\/wp\/v2\/product\/6856","targetHints":{"allow":["GET"]}}],"collection":[{"href":"https:\/\/tzionlibreria.com\/index.php\/wp-json\/wp\/v2\/product"}],"about":[{"href":"https:\/\/tzionlibreria.com\/index.php\/wp-json\/wp\/v2\/types\/product"}],"replies":[{"embeddable":true,"href":"https:\/\/tzionlibreria.com\/index.php\/wp-json\/wp\/v2\/comments?post=6856"}],"wp:featuredmedia":[{"embeddable":true,"href":"https:\/\/tzionlibreria.com\/index.php\/wp-json\/wp\/v2\/media\/6857"}],"wp:attachment":[{"href":"https:\/\/tzionlibreria.com\/index.php\/wp-json\/wp\/v2\/media?parent=6856"}],"wp:term":[{"taxonomy":"product_brand","embeddable":true,"href":"https:\/\/tzionlibreria.com\/index.php\/wp-json\/wp\/v2\/product_brand?post=6856"},{"taxonomy":"product_cat","embeddable":true,"href":"https:\/\/tzionlibreria.com\/index.php\/wp-json\/wp\/v2\/product_cat?post=6856"},{"taxonomy":"product_tag","embeddable":true,"href":"https:\/\/tzionlibreria.com\/index.php\/wp-json\/wp\/v2\/product_tag?post=6856"}],"curies":[{"name":"wp","href":"https:\/\/api.w.org\/{rel}","templated":true}]}}