{"id":6862,"date":"2026-01-30T22:43:02","date_gmt":"2026-01-30T22:43:02","guid":{"rendered":"https:\/\/tzionlibreria.com\/?post_type=product&#038;p=6862"},"modified":"2026-01-30T22:43:02","modified_gmt":"2026-01-30T22:43:02","slug":"biblia-ntv-letra-gigante-edicion-clasica-sentipiel-azul","status":"publish","type":"product","link":"https:\/\/tzionlibreria.com\/index.php\/product\/biblia-ntv-letra-gigante-edicion-clasica-sentipiel-azul\/","title":{"rendered":"Biblia Ntv Letra Gigante Edicion Clasica Sentipiel Azul"},"content":{"rendered":"<ul class=\"tabs wc-tabs\" role=\"tablist\">\n<li id=\"tab-title-description\" class=\"description_tab active\" role=\"presentation\"><a tabindex=\"0\" role=\"tab\" href=\"https:\/\/libreria247.com\/producto\/biblia-ntv-letra-gigante-edicion-clasica-sentipiel-azul\/#tab-description\" aria-controls=\"tab-description\" aria-selected=\"true\"> Descripci\u00f3n <\/a><\/li>\n<li id=\"tab-title-additional_information\" class=\"additional_information_tab\" role=\"presentation\"><a tabindex=\"-1\" role=\"tab\" href=\"https:\/\/libreria247.com\/producto\/biblia-ntv-letra-gigante-edicion-clasica-sentipiel-azul\/#tab-additional_information\" aria-controls=\"tab-additional_information\" aria-selected=\"false\"> Informaci\u00f3n adicional <\/a><\/li>\n<li id=\"tab-title-reviews\" class=\"reviews_tab\" role=\"presentation\"><a tabindex=\"-1\" role=\"tab\" href=\"https:\/\/libreria247.com\/producto\/biblia-ntv-letra-gigante-edicion-clasica-sentipiel-azul\/#tab-reviews\" aria-controls=\"tab-reviews\" aria-selected=\"false\"> Valoraciones (0) <\/a><\/li>\n<\/ul>\n<div id=\"tab-description\" class=\"woocommerce-Tabs-panel woocommerce-Tabs-panel--description panel entry-content wc-tab\" role=\"tabpanel\" aria-labelledby=\"tab-title-description\">\n<p>La\u00a0<em>Edici\u00f3n cl\u00e1sica<\/em>\u00a0de la Nueva Traducci\u00f3n Viviente (NTV) tiene el aspecto serio y elegante de una Biblia tradicional.\u00a0Con el lenguaje claro, c\u00e1lido y de f\u00e1cil comprensi\u00f3n de la NTV y un tama\u00f1o de letra gigante, esta edici\u00f3n es ideal para la lectura desde el p\u00falpito y tambi\u00e9n hace que la lectura devocional sea una experiencia muy placentera.\u00a0Incluye:<\/p>\n<ul>\n<li>Introducci\u00f3n a cada libro<\/li>\n<li>Palabras de Cristo en rojo<\/li>\n<li>Concordancia<\/li>\n<li>Mapas a todo color<\/li>\n<\/ul>\n<p><strong>ISBN<\/strong>: 9781496438287<\/p>\n<p><strong>Editorial<\/strong>: Tyndale en Espa\u00f1ol<\/p>\n<p><strong>Dimensiones<\/strong>: 165 x 234 mm<\/p>\n<p><strong>Cubierta<\/strong>:<\/p>\n<p>Flexible Imitacion Piel Azul<\/p>\n<p><strong>Idioma<\/strong>: Espa\u00f1ol<\/p>\n<\/div>\n","protected":false},"excerpt":{"rendered":"<p>Descripci\u00f3n Informaci\u00f3n adicional Valoraciones (0) La\u00a0Edici\u00f3n cl\u00e1sica\u00a0de la Nueva Traducci\u00f3n Viviente (NTV) tiene el aspecto serio y elegante de una Biblia tradicional.\u00a0Con el lenguaje claro, c\u00e1lido y de f\u00e1cil comprensi\u00f3n de la NTV y un tama\u00f1o de letra gigante, esta edici\u00f3n es ideal para la lectura desde el p\u00falpito y tambi\u00e9n hace que la lectura [&hellip;]<\/p>\n","protected":false},"featured_media":6867,"comment_status":"open","ping_status":"closed","template":"","meta":{"om_disable_all_campaigns":false,"_monsterinsights_skip_tracking":false,"_monsterinsights_sitenote_active":false,"_monsterinsights_sitenote_note":"","_monsterinsights_sitenote_category":0,"site-sidebar-layout":"default","site-content-layout":"","ast-site-content-layout":"default","site-content-style":"default","site-sidebar-style":"default","ast-global-header-display":"","ast-banner-title-visibility":"","ast-main-header-display":"","ast-hfb-above-header-display":"","ast-hfb-below-header-display":"","ast-hfb-mobile-header-display":"","site-post-title":"","ast-breadcrumbs-content":"","ast-featured-img":"","footer-sml-layout":"","ast-disable-related-posts":"","theme-transparent-header-meta":"default","adv-header-id-meta":"","stick-header-meta":"","header-above-stick-meta":"","header-main-stick-meta":"","header-below-stick-meta":"","astra-migrate-meta-layouts":"set","ast-page-background-enabled":"default","ast-page-background-meta":{"desktop":{"background-color":"var(--ast-global-color-4)","background-image":"","background-repeat":"repeat","background-position":"center center","background-size":"auto","background-attachment":"scroll","background-type":"","background-media":"","overlay-type":"","overlay-color":"","overlay-opacity":"","overlay-gradient":""},"tablet":{"background-color":"","background-image":"","background-repeat":"repeat","background-position":"center center","background-size":"auto","background-attachment":"scroll","background-type":"","background-media":"","overlay-type":"","overlay-color":"","overlay-opacity":"","overlay-gradient":""},"mobile":{"background-color":"","background-image":"","background-repeat":"repeat","background-position":"center center","background-size":"auto","background-attachment":"scroll","background-type":"","background-media":"","overlay-type":"","overlay-color":"","overlay-opacity":"","overlay-gradient":""}},"ast-content-background-meta":{"desktop":{"background-color":"var(--ast-global-color-5)","background-image":"","background-repeat":"repeat","background-position":"center center","background-size":"auto","background-attachment":"scroll","background-type":"","background-media":"","overlay-type":"","overlay-color":"","overlay-opacity":"","overlay-gradient":""},"tablet":{"background-color":"var(--ast-global-color-5)","background-image":"","background-repeat":"repeat","background-position":"center center","background-size":"auto","background-attachment":"scroll","background-type":"","background-media":"","overlay-type":"","overlay-color":"","overlay-opacity":"","overlay-gradient":""},"mobile":{"background-color":"var(--ast-global-color-5)","background-image":"","background-repeat":"repeat","background-position":"center center","background-size":"auto","background-attachment":"scroll","background-type":"","background-media":"","overlay-type":"","overlay-color":"","overlay-opacity":"","overlay-gradient":""}}},"product_brand":[],"product_cat":[31,180],"product_tag":[],"class_list":{"0":"post-6862","1":"product","2":"type-product","3":"status-publish","4":"has-post-thumbnail","6":"product_cat-biblias-ntv","7":"product_cat-letra-grande-ntv","8":"desktop-align-left","9":"tablet-align-left","10":"mobile-align-left","12":"first","13":"instock","14":"shipping-taxable","15":"purchasable","16":"product-type-simple"},"yoast_head":"<!-- This site is optimized with the Yoast SEO plugin v27.3 - https:\/\/yoast.com\/product\/yoast-seo-wordpress\/ -->\n<title>Biblia Ntv Letra Gigante Edicion Clasica Sentipiel Azul - tzionlibreria.com<\/title>\n<meta name=\"robots\" content=\"index, follow, max-snippet:-1, max-image-preview:large, max-video-preview:-1\" \/>\n<link rel=\"canonical\" href=\"https:\/\/tzionlibreria.com\/index.php\/product\/biblia-ntv-letra-gigante-edicion-clasica-sentipiel-azul\/\" \/>\n<meta property=\"og:locale\" content=\"es_ES\" \/>\n<meta property=\"og:type\" content=\"article\" \/>\n<meta property=\"og:title\" content=\"Biblia Ntv Letra Gigante Edicion Clasica Sentipiel Azul - tzionlibreria.com\" \/>\n<meta property=\"og:description\" content=\"Descripci\u00f3n Informaci\u00f3n adicional Valoraciones (0) La\u00a0Edici\u00f3n cl\u00e1sica\u00a0de la Nueva Traducci\u00f3n Viviente (NTV) tiene el aspecto serio y elegante de una Biblia tradicional.\u00a0Con el lenguaje claro, c\u00e1lido y de f\u00e1cil comprensi\u00f3n de la NTV y un tama\u00f1o de letra gigante, esta edici\u00f3n es ideal para la lectura desde el p\u00falpito y tambi\u00e9n hace que la lectura [&hellip;]\" \/>\n<meta property=\"og:url\" content=\"https:\/\/tzionlibreria.com\/index.php\/product\/biblia-ntv-letra-gigante-edicion-clasica-sentipiel-azul\/\" \/>\n<meta property=\"og:site_name\" content=\"tzionlibreria.com\" \/>\n<meta property=\"og:image\" content=\"http:\/\/tzionlibreria.com\/wp-content\/uploads\/2026\/01\/Biblia-NTV-Letra-Gigante-Edicion-Clasica-Sentipiel-Azul.jpg\" \/>\n\t<meta property=\"og:image:width\" content=\"1200\" \/>\n\t<meta property=\"og:image:height\" content=\"1200\" \/>\n\t<meta property=\"og:image:type\" content=\"image\/jpeg\" \/>\n<meta name=\"twitter:card\" content=\"summary_large_image\" \/>\n<meta name=\"twitter:label1\" content=\"Tiempo de lectura\" \/>\n\t<meta name=\"twitter:data1\" content=\"1 minuto\" \/>\n<script type=\"application\/ld+json\" class=\"yoast-schema-graph\">{\"@context\":\"https:\\\/\\\/schema.org\",\"@graph\":[{\"@type\":\"WebPage\",\"@id\":\"https:\\\/\\\/tzionlibreria.com\\\/index.php\\\/product\\\/biblia-ntv-letra-gigante-edicion-clasica-sentipiel-azul\\\/\",\"url\":\"https:\\\/\\\/tzionlibreria.com\\\/index.php\\\/product\\\/biblia-ntv-letra-gigante-edicion-clasica-sentipiel-azul\\\/\",\"name\":\"Biblia Ntv Letra Gigante Edicion Clasica Sentipiel Azul - tzionlibreria.com\",\"isPartOf\":{\"@id\":\"https:\\\/\\\/tzionlibreria.com\\\/#website\"},\"primaryImageOfPage\":{\"@id\":\"https:\\\/\\\/tzionlibreria.com\\\/index.php\\\/product\\\/biblia-ntv-letra-gigante-edicion-clasica-sentipiel-azul\\\/#primaryimage\"},\"image\":{\"@id\":\"https:\\\/\\\/tzionlibreria.com\\\/index.php\\\/product\\\/biblia-ntv-letra-gigante-edicion-clasica-sentipiel-azul\\\/#primaryimage\"},\"thumbnailUrl\":\"https:\\\/\\\/tzionlibreria.com\\\/wp-content\\\/uploads\\\/2026\\\/01\\\/Biblia-NTV-Letra-Gigante-Edicion-Clasica-Sentipiel-Azul.jpg\",\"datePublished\":\"2026-01-30T22:43:02+00:00\",\"breadcrumb\":{\"@id\":\"https:\\\/\\\/tzionlibreria.com\\\/index.php\\\/product\\\/biblia-ntv-letra-gigante-edicion-clasica-sentipiel-azul\\\/#breadcrumb\"},\"inLanguage\":\"es-CO\",\"potentialAction\":[{\"@type\":\"ReadAction\",\"target\":[\"https:\\\/\\\/tzionlibreria.com\\\/index.php\\\/product\\\/biblia-ntv-letra-gigante-edicion-clasica-sentipiel-azul\\\/\"]}]},{\"@type\":\"ImageObject\",\"inLanguage\":\"es-CO\",\"@id\":\"https:\\\/\\\/tzionlibreria.com\\\/index.php\\\/product\\\/biblia-ntv-letra-gigante-edicion-clasica-sentipiel-azul\\\/#primaryimage\",\"url\":\"https:\\\/\\\/tzionlibreria.com\\\/wp-content\\\/uploads\\\/2026\\\/01\\\/Biblia-NTV-Letra-Gigante-Edicion-Clasica-Sentipiel-Azul.jpg\",\"contentUrl\":\"https:\\\/\\\/tzionlibreria.com\\\/wp-content\\\/uploads\\\/2026\\\/01\\\/Biblia-NTV-Letra-Gigante-Edicion-Clasica-Sentipiel-Azul.jpg\",\"width\":1200,\"height\":1200},{\"@type\":\"BreadcrumbList\",\"@id\":\"https:\\\/\\\/tzionlibreria.com\\\/index.php\\\/product\\\/biblia-ntv-letra-gigante-edicion-clasica-sentipiel-azul\\\/#breadcrumb\",\"itemListElement\":[{\"@type\":\"ListItem\",\"position\":1,\"name\":\"Inicio\",\"item\":\"https:\\\/\\\/tzionlibreria.com\\\/\"},{\"@type\":\"ListItem\",\"position\":2,\"name\":\"Shop\",\"item\":\"https:\\\/\\\/tzionlibreria.com\\\/index.php\\\/shop\\\/\"},{\"@type\":\"ListItem\",\"position\":3,\"name\":\"Biblia Ntv Letra Gigante Edicion Clasica Sentipiel Azul\"}]},{\"@type\":\"WebSite\",\"@id\":\"https:\\\/\\\/tzionlibreria.com\\\/#website\",\"url\":\"https:\\\/\\\/tzionlibreria.com\\\/\",\"name\":\"tzionlibreria.com\",\"description\":\"Libreria Cristiana Venezuela\",\"publisher\":{\"@id\":\"https:\\\/\\\/tzionlibreria.com\\\/#organization\"},\"potentialAction\":[{\"@type\":\"SearchAction\",\"target\":{\"@type\":\"EntryPoint\",\"urlTemplate\":\"https:\\\/\\\/tzionlibreria.com\\\/?s={search_term_string}\"},\"query-input\":{\"@type\":\"PropertyValueSpecification\",\"valueRequired\":true,\"valueName\":\"search_term_string\"}}],\"inLanguage\":\"es-CO\"},{\"@type\":\"Organization\",\"@id\":\"https:\\\/\\\/tzionlibreria.com\\\/#organization\",\"name\":\"tzionlibreria.com\",\"url\":\"https:\\\/\\\/tzionlibreria.com\\\/\",\"logo\":{\"@type\":\"ImageObject\",\"inLanguage\":\"es-CO\",\"@id\":\"https:\\\/\\\/tzionlibreria.com\\\/#\\\/schema\\\/logo\\\/image\\\/\",\"url\":\"https:\\\/\\\/tzionlibreria.com\\\/wp-content\\\/uploads\\\/2023\\\/10\\\/cropped-Cuadricula-scaled-1.jpg\",\"contentUrl\":\"https:\\\/\\\/tzionlibreria.com\\\/wp-content\\\/uploads\\\/2023\\\/10\\\/cropped-Cuadricula-scaled-1.jpg\",\"width\":2560,\"height\":2560,\"caption\":\"tzionlibreria.com\"},\"image\":{\"@id\":\"https:\\\/\\\/tzionlibreria.com\\\/#\\\/schema\\\/logo\\\/image\\\/\"}}]}<\/script>\n<!-- \/ Yoast SEO plugin. -->","yoast_head_json":{"title":"Biblia Ntv Letra Gigante Edicion Clasica Sentipiel Azul - tzionlibreria.com","robots":{"index":"index","follow":"follow","max-snippet":"max-snippet:-1","max-image-preview":"max-image-preview:large","max-video-preview":"max-video-preview:-1"},"canonical":"https:\/\/tzionlibreria.com\/index.php\/product\/biblia-ntv-letra-gigante-edicion-clasica-sentipiel-azul\/","og_locale":"es_ES","og_type":"article","og_title":"Biblia Ntv Letra Gigante Edicion Clasica Sentipiel Azul - tzionlibreria.com","og_description":"Descripci\u00f3n Informaci\u00f3n adicional Valoraciones (0) La\u00a0Edici\u00f3n cl\u00e1sica\u00a0de la Nueva Traducci\u00f3n Viviente (NTV) tiene el aspecto serio y elegante de una Biblia tradicional.\u00a0Con el lenguaje claro, c\u00e1lido y de f\u00e1cil comprensi\u00f3n de la NTV y un tama\u00f1o de letra gigante, esta edici\u00f3n es ideal para la lectura desde el p\u00falpito y tambi\u00e9n hace que la lectura [&hellip;]","og_url":"https:\/\/tzionlibreria.com\/index.php\/product\/biblia-ntv-letra-gigante-edicion-clasica-sentipiel-azul\/","og_site_name":"tzionlibreria.com","og_image":[{"width":1200,"height":1200,"url":"http:\/\/tzionlibreria.com\/wp-content\/uploads\/2026\/01\/Biblia-NTV-Letra-Gigante-Edicion-Clasica-Sentipiel-Azul.jpg","type":"image\/jpeg"}],"twitter_card":"summary_large_image","twitter_misc":{"Tiempo de lectura":"1 minuto"},"schema":{"@context":"https:\/\/schema.org","@graph":[{"@type":"WebPage","@id":"https:\/\/tzionlibreria.com\/index.php\/product\/biblia-ntv-letra-gigante-edicion-clasica-sentipiel-azul\/","url":"https:\/\/tzionlibreria.com\/index.php\/product\/biblia-ntv-letra-gigante-edicion-clasica-sentipiel-azul\/","name":"Biblia Ntv Letra Gigante Edicion Clasica Sentipiel Azul - tzionlibreria.com","isPartOf":{"@id":"https:\/\/tzionlibreria.com\/#website"},"primaryImageOfPage":{"@id":"https:\/\/tzionlibreria.com\/index.php\/product\/biblia-ntv-letra-gigante-edicion-clasica-sentipiel-azul\/#primaryimage"},"image":{"@id":"https:\/\/tzionlibreria.com\/index.php\/product\/biblia-ntv-letra-gigante-edicion-clasica-sentipiel-azul\/#primaryimage"},"thumbnailUrl":"https:\/\/tzionlibreria.com\/wp-content\/uploads\/2026\/01\/Biblia-NTV-Letra-Gigante-Edicion-Clasica-Sentipiel-Azul.jpg","datePublished":"2026-01-30T22:43:02+00:00","breadcrumb":{"@id":"https:\/\/tzionlibreria.com\/index.php\/product\/biblia-ntv-letra-gigante-edicion-clasica-sentipiel-azul\/#breadcrumb"},"inLanguage":"es-CO","potentialAction":[{"@type":"ReadAction","target":["https:\/\/tzionlibreria.com\/index.php\/product\/biblia-ntv-letra-gigante-edicion-clasica-sentipiel-azul\/"]}]},{"@type":"ImageObject","inLanguage":"es-CO","@id":"https:\/\/tzionlibreria.com\/index.php\/product\/biblia-ntv-letra-gigante-edicion-clasica-sentipiel-azul\/#primaryimage","url":"https:\/\/tzionlibreria.com\/wp-content\/uploads\/2026\/01\/Biblia-NTV-Letra-Gigante-Edicion-Clasica-Sentipiel-Azul.jpg","contentUrl":"https:\/\/tzionlibreria.com\/wp-content\/uploads\/2026\/01\/Biblia-NTV-Letra-Gigante-Edicion-Clasica-Sentipiel-Azul.jpg","width":1200,"height":1200},{"@type":"BreadcrumbList","@id":"https:\/\/tzionlibreria.com\/index.php\/product\/biblia-ntv-letra-gigante-edicion-clasica-sentipiel-azul\/#breadcrumb","itemListElement":[{"@type":"ListItem","position":1,"name":"Inicio","item":"https:\/\/tzionlibreria.com\/"},{"@type":"ListItem","position":2,"name":"Shop","item":"https:\/\/tzionlibreria.com\/index.php\/shop\/"},{"@type":"ListItem","position":3,"name":"Biblia Ntv Letra Gigante Edicion Clasica Sentipiel Azul"}]},{"@type":"WebSite","@id":"https:\/\/tzionlibreria.com\/#website","url":"https:\/\/tzionlibreria.com\/","name":"tzionlibreria.com","description":"Libreria Cristiana Venezuela","publisher":{"@id":"https:\/\/tzionlibreria.com\/#organization"},"potentialAction":[{"@type":"SearchAction","target":{"@type":"EntryPoint","urlTemplate":"https:\/\/tzionlibreria.com\/?s={search_term_string}"},"query-input":{"@type":"PropertyValueSpecification","valueRequired":true,"valueName":"search_term_string"}}],"inLanguage":"es-CO"},{"@type":"Organization","@id":"https:\/\/tzionlibreria.com\/#organization","name":"tzionlibreria.com","url":"https:\/\/tzionlibreria.com\/","logo":{"@type":"ImageObject","inLanguage":"es-CO","@id":"https:\/\/tzionlibreria.com\/#\/schema\/logo\/image\/","url":"https:\/\/tzionlibreria.com\/wp-content\/uploads\/2023\/10\/cropped-Cuadricula-scaled-1.jpg","contentUrl":"https:\/\/tzionlibreria.com\/wp-content\/uploads\/2023\/10\/cropped-Cuadricula-scaled-1.jpg","width":2560,"height":2560,"caption":"tzionlibreria.com"},"image":{"@id":"https:\/\/tzionlibreria.com\/#\/schema\/logo\/image\/"}}]}},"jetpack_sharing_enabled":true,"_links":{"self":[{"href":"https:\/\/tzionlibreria.com\/index.php\/wp-json\/wp\/v2\/product\/6862","targetHints":{"allow":["GET"]}}],"collection":[{"href":"https:\/\/tzionlibreria.com\/index.php\/wp-json\/wp\/v2\/product"}],"about":[{"href":"https:\/\/tzionlibreria.com\/index.php\/wp-json\/wp\/v2\/types\/product"}],"replies":[{"embeddable":true,"href":"https:\/\/tzionlibreria.com\/index.php\/wp-json\/wp\/v2\/comments?post=6862"}],"wp:featuredmedia":[{"embeddable":true,"href":"https:\/\/tzionlibreria.com\/index.php\/wp-json\/wp\/v2\/media\/6867"}],"wp:attachment":[{"href":"https:\/\/tzionlibreria.com\/index.php\/wp-json\/wp\/v2\/media?parent=6862"}],"wp:term":[{"taxonomy":"product_brand","embeddable":true,"href":"https:\/\/tzionlibreria.com\/index.php\/wp-json\/wp\/v2\/product_brand?post=6862"},{"taxonomy":"product_cat","embeddable":true,"href":"https:\/\/tzionlibreria.com\/index.php\/wp-json\/wp\/v2\/product_cat?post=6862"},{"taxonomy":"product_tag","embeddable":true,"href":"https:\/\/tzionlibreria.com\/index.php\/wp-json\/wp\/v2\/product_tag?post=6862"}],"curies":[{"name":"wp","href":"https:\/\/api.w.org\/{rel}","templated":true}]}}