{"id":6880,"date":"2026-02-02T00:00:15","date_gmt":"2026-02-02T00:00:15","guid":{"rendered":"https:\/\/tzionlibreria.com\/?post_type=product&#038;p=6880"},"modified":"2026-02-02T00:00:15","modified_gmt":"2026-02-02T00:00:15","slug":"todo-tiene-su-tiempo-bullet-journal-o-cuaderno-de-puntos","status":"publish","type":"product","link":"https:\/\/tzionlibreria.com\/index.php\/product\/todo-tiene-su-tiempo-bullet-journal-o-cuaderno-de-puntos\/","title":{"rendered":"Todo Tiene su Tiempo \u2013 Bullet Journal o cuaderno de puntos"},"content":{"rendered":"<ul class=\"tabs wc-tabs\" role=\"tablist\">\n<li id=\"tab-title-description\" class=\"description_tab active\" role=\"presentation\"><a tabindex=\"0\" role=\"tab\" href=\"https:\/\/libreria247.com\/producto\/todo-tiene-su-tiempo-bullet-journal-o-cuaderno-de-puntos\/#tab-description\" aria-controls=\"tab-description\" aria-selected=\"true\"> Descripci\u00f3n <\/a><\/li>\n<li id=\"tab-title-reviews\" class=\"reviews_tab\" role=\"presentation\"><a tabindex=\"-1\" role=\"tab\" href=\"https:\/\/libreria247.com\/producto\/todo-tiene-su-tiempo-bullet-journal-o-cuaderno-de-puntos\/#tab-reviews\" aria-controls=\"tab-reviews\" aria-selected=\"false\"> Valoraciones (0) <\/a><\/li>\n<\/ul>\n<div id=\"tab-description\" class=\"woocommerce-Tabs-panel woocommerce-Tabs-panel--description panel entry-content wc-tab\" role=\"tabpanel\" aria-labelledby=\"tab-title-description\">\n<p data-start=\"1306\" data-end=\"1550\">Organiza tu vida, fortalece tu fe y expresa tu creatividad con el <strong data-start=\"1372\" data-end=\"1404\">Bullet Journal con prop\u00f3sito<\/strong>.<br data-start=\"1405\" data-end=\"1408\" \/>Este cuaderno de puntos est\u00e1 dise\u00f1ado para quienes desean planear su tiempo con intenci\u00f3n y llevar un registro de su crecimiento espiritual.<\/p>\n<p data-start=\"1552\" data-end=\"1576\"><img decoding=\"async\" class=\"emoji\" role=\"img\" draggable=\"false\" src=\"https:\/\/s.w.org\/images\/core\/emoji\/17.0.2\/svg\/2728.svg\" alt=\"\u2728\" \/> <strong data-start=\"1554\" data-end=\"1574\">Caracter\u00edsticas:<\/strong><\/p>\n<ul data-start=\"1577\" data-end=\"1966\">\n<li data-start=\"1577\" data-end=\"1639\">\n<p data-start=\"1579\" data-end=\"1639\"><strong data-start=\"1579\" data-end=\"1590\">Tama\u00f1o:<\/strong> 13 x 19.5 cm (f\u00e1cil de llevar a todas partes).<\/p>\n<\/li>\n<li data-start=\"1640\" data-end=\"1724\">\n<p data-start=\"1642\" data-end=\"1724\"><strong data-start=\"1642\" data-end=\"1652\">Hojas:<\/strong> 80 p\u00e1ginas de papel ecol\u00f3gico de 90 g, resistentes y suaves al tacto.<\/p>\n<\/li>\n<li data-start=\"1725\" data-end=\"1813\">\n<p data-start=\"1727\" data-end=\"1813\"><strong data-start=\"1727\" data-end=\"1738\">Dise\u00f1o:<\/strong> Impreso con puntos, ideal para escribir, dibujar o diagramar libremente.<\/p>\n<\/li>\n<li data-start=\"1814\" data-end=\"1878\">\n<p data-start=\"1816\" data-end=\"1878\"><strong data-start=\"1816\" data-end=\"1833\">Encuadernado:<\/strong> Tapa dura con el\u00e1stico y cinta separadora.<\/p>\n<\/li>\n<li data-start=\"1879\" data-end=\"1966\">\n<p data-start=\"1881\" data-end=\"1966\"><strong data-start=\"1881\" data-end=\"1903\">Frase inspiradora:<\/strong> Recordatorio diario de que todo tiene su tiempo y prop\u00f3sito.<\/p>\n<\/li>\n<\/ul>\n<p data-start=\"1968\" data-end=\"1995\"><img decoding=\"async\" class=\"emoji\" role=\"img\" draggable=\"false\" src=\"https:\/\/s.w.org\/images\/core\/emoji\/17.0.2\/svg\/1fab6.svg\" alt=\"\ud83e\udeb6\" \/> <strong data-start=\"1971\" data-end=\"1993\">Usos recomendados:<\/strong><\/p>\n<ul data-start=\"1996\" data-end=\"2174\">\n<li data-start=\"1996\" data-end=\"2029\">\n<p data-start=\"1998\" data-end=\"2029\">Diario de oraci\u00f3n o gratitud.<\/p>\n<\/li>\n<li data-start=\"2030\" data-end=\"2081\">\n<p data-start=\"2032\" data-end=\"2081\">Seguimiento de metas espirituales o personales.<\/p>\n<\/li>\n<li data-start=\"2082\" data-end=\"2126\">\n<p data-start=\"2084\" data-end=\"2126\">Planeador de tareas, finanzas o h\u00e1bitos.<\/p>\n<\/li>\n<li data-start=\"2127\" data-end=\"2174\">\n<p data-start=\"2129\" data-end=\"2174\">Bit\u00e1cora de lectura o reflexiones b\u00edblicas.<\/p>\n<\/li>\n<\/ul>\n<p data-start=\"2176\" data-end=\"2317\">Este Bullet Journal te acompa\u00f1a en tu rutina y en tu relaci\u00f3n con Dios.<br data-start=\"2247\" data-end=\"2250\" \/>Cada p\u00e1gina es un espacio para <strong data-start=\"2281\" data-end=\"2314\">so\u00f1ar, planificar y agradecer<\/strong>.<\/p>\n<\/div>\n","protected":false},"excerpt":{"rendered":"<p>Descripci\u00f3n Valoraciones (0) Organiza tu vida, fortalece tu fe y expresa tu creatividad con el Bullet Journal con prop\u00f3sito.Este cuaderno de puntos est\u00e1 dise\u00f1ado para quienes desean planear su tiempo con intenci\u00f3n y llevar un registro de su crecimiento espiritual. Caracter\u00edsticas: Tama\u00f1o: 13 x 19.5 cm (f\u00e1cil de llevar a todas partes). Hojas: 80 p\u00e1ginas [&hellip;]<\/p>\n","protected":false},"featured_media":6881,"comment_status":"open","ping_status":"closed","template":"","meta":{"om_disable_all_campaigns":false,"_monsterinsights_skip_tracking":false,"_monsterinsights_sitenote_active":false,"_monsterinsights_sitenote_note":"","_monsterinsights_sitenote_category":0,"site-sidebar-layout":"default","site-content-layout":"","ast-site-content-layout":"default","site-content-style":"default","site-sidebar-style":"default","ast-global-header-display":"","ast-banner-title-visibility":"","ast-main-header-display":"","ast-hfb-above-header-display":"","ast-hfb-below-header-display":"","ast-hfb-mobile-header-display":"","site-post-title":"","ast-breadcrumbs-content":"","ast-featured-img":"","footer-sml-layout":"","ast-disable-related-posts":"","theme-transparent-header-meta":"default","adv-header-id-meta":"","stick-header-meta":"","header-above-stick-meta":"","header-main-stick-meta":"","header-below-stick-meta":"","astra-migrate-meta-layouts":"set","ast-page-background-enabled":"default","ast-page-background-meta":{"desktop":{"background-color":"var(--ast-global-color-4)","background-image":"","background-repeat":"repeat","background-position":"center center","background-size":"auto","background-attachment":"scroll","background-type":"","background-media":"","overlay-type":"","overlay-color":"","overlay-opacity":"","overlay-gradient":""},"tablet":{"background-color":"","background-image":"","background-repeat":"repeat","background-position":"center center","background-size":"auto","background-attachment":"scroll","background-type":"","background-media":"","overlay-type":"","overlay-color":"","overlay-opacity":"","overlay-gradient":""},"mobile":{"background-color":"","background-image":"","background-repeat":"repeat","background-position":"center center","background-size":"auto","background-attachment":"scroll","background-type":"","background-media":"","overlay-type":"","overlay-color":"","overlay-opacity":"","overlay-gradient":""}},"ast-content-background-meta":{"desktop":{"background-color":"var(--ast-global-color-5)","background-image":"","background-repeat":"repeat","background-position":"center center","background-size":"auto","background-attachment":"scroll","background-type":"","background-media":"","overlay-type":"","overlay-color":"","overlay-opacity":"","overlay-gradient":""},"tablet":{"background-color":"var(--ast-global-color-5)","background-image":"","background-repeat":"repeat","background-position":"center center","background-size":"auto","background-attachment":"scroll","background-type":"","background-media":"","overlay-type":"","overlay-color":"","overlay-opacity":"","overlay-gradient":""},"mobile":{"background-color":"var(--ast-global-color-5)","background-image":"","background-repeat":"repeat","background-position":"center center","background-size":"auto","background-attachment":"scroll","background-type":"","background-media":"","overlay-type":"","overlay-color":"","overlay-opacity":"","overlay-gradient":""}}},"product_brand":[],"product_cat":[326],"product_tag":[],"class_list":{"0":"post-6880","1":"product","2":"type-product","3":"status-publish","4":"has-post-thumbnail","6":"product_cat-cuadernos","7":"desktop-align-left","8":"tablet-align-left","9":"mobile-align-left","11":"first","12":"instock","13":"shipping-taxable","14":"purchasable","15":"product-type-simple"},"yoast_head":"<!-- This site is optimized with the Yoast SEO plugin v27.4 - https:\/\/yoast.com\/product\/yoast-seo-wordpress\/ -->\n<title>Todo Tiene su Tiempo \u2013 Bullet Journal o cuaderno de puntos - tzionlibreria.com<\/title>\n<meta name=\"robots\" content=\"index, follow, max-snippet:-1, max-image-preview:large, max-video-preview:-1\" \/>\n<link rel=\"canonical\" href=\"https:\/\/tzionlibreria.com\/index.php\/product\/todo-tiene-su-tiempo-bullet-journal-o-cuaderno-de-puntos\/\" \/>\n<meta property=\"og:locale\" content=\"es_ES\" \/>\n<meta property=\"og:type\" content=\"article\" \/>\n<meta property=\"og:title\" content=\"Todo Tiene su Tiempo \u2013 Bullet Journal o cuaderno de puntos - tzionlibreria.com\" \/>\n<meta property=\"og:description\" content=\"Descripci\u00f3n Valoraciones (0) Organiza tu vida, fortalece tu fe y expresa tu creatividad con el Bullet Journal con prop\u00f3sito.Este cuaderno de puntos est\u00e1 dise\u00f1ado para quienes desean planear su tiempo con intenci\u00f3n y llevar un registro de su crecimiento espiritual. Caracter\u00edsticas: Tama\u00f1o: 13 x 19.5 cm (f\u00e1cil de llevar a todas partes). Hojas: 80 p\u00e1ginas [&hellip;]\" \/>\n<meta property=\"og:url\" content=\"https:\/\/tzionlibreria.com\/index.php\/product\/todo-tiene-su-tiempo-bullet-journal-o-cuaderno-de-puntos\/\" \/>\n<meta property=\"og:site_name\" content=\"tzionlibreria.com\" \/>\n<meta property=\"og:image\" content=\"http:\/\/tzionlibreria.com\/wp-content\/uploads\/2026\/02\/todo-tiene-su-tiempo-2.jpg\" \/>\n\t<meta property=\"og:image:width\" content=\"883\" \/>\n\t<meta property=\"og:image:height\" content=\"1100\" \/>\n\t<meta property=\"og:image:type\" content=\"image\/jpeg\" \/>\n<meta name=\"twitter:card\" content=\"summary_large_image\" \/>\n<meta name=\"twitter:label1\" content=\"Tiempo de lectura\" \/>\n\t<meta name=\"twitter:data1\" content=\"2 minutos\" \/>\n<script type=\"application\/ld+json\" class=\"yoast-schema-graph\">{\"@context\":\"https:\\\/\\\/schema.org\",\"@graph\":[{\"@type\":\"WebPage\",\"@id\":\"https:\\\/\\\/tzionlibreria.com\\\/index.php\\\/product\\\/todo-tiene-su-tiempo-bullet-journal-o-cuaderno-de-puntos\\\/\",\"url\":\"https:\\\/\\\/tzionlibreria.com\\\/index.php\\\/product\\\/todo-tiene-su-tiempo-bullet-journal-o-cuaderno-de-puntos\\\/\",\"name\":\"Todo Tiene su Tiempo \u2013 Bullet Journal o cuaderno de puntos - tzionlibreria.com\",\"isPartOf\":{\"@id\":\"https:\\\/\\\/tzionlibreria.com\\\/#website\"},\"primaryImageOfPage\":{\"@id\":\"https:\\\/\\\/tzionlibreria.com\\\/index.php\\\/product\\\/todo-tiene-su-tiempo-bullet-journal-o-cuaderno-de-puntos\\\/#primaryimage\"},\"image\":{\"@id\":\"https:\\\/\\\/tzionlibreria.com\\\/index.php\\\/product\\\/todo-tiene-su-tiempo-bullet-journal-o-cuaderno-de-puntos\\\/#primaryimage\"},\"thumbnailUrl\":\"https:\\\/\\\/tzionlibreria.com\\\/wp-content\\\/uploads\\\/2026\\\/02\\\/todo-tiene-su-tiempo-2.jpg\",\"datePublished\":\"2026-02-02T00:00:15+00:00\",\"breadcrumb\":{\"@id\":\"https:\\\/\\\/tzionlibreria.com\\\/index.php\\\/product\\\/todo-tiene-su-tiempo-bullet-journal-o-cuaderno-de-puntos\\\/#breadcrumb\"},\"inLanguage\":\"es-CO\",\"potentialAction\":[{\"@type\":\"ReadAction\",\"target\":[\"https:\\\/\\\/tzionlibreria.com\\\/index.php\\\/product\\\/todo-tiene-su-tiempo-bullet-journal-o-cuaderno-de-puntos\\\/\"]}]},{\"@type\":\"ImageObject\",\"inLanguage\":\"es-CO\",\"@id\":\"https:\\\/\\\/tzionlibreria.com\\\/index.php\\\/product\\\/todo-tiene-su-tiempo-bullet-journal-o-cuaderno-de-puntos\\\/#primaryimage\",\"url\":\"https:\\\/\\\/tzionlibreria.com\\\/wp-content\\\/uploads\\\/2026\\\/02\\\/todo-tiene-su-tiempo-2.jpg\",\"contentUrl\":\"https:\\\/\\\/tzionlibreria.com\\\/wp-content\\\/uploads\\\/2026\\\/02\\\/todo-tiene-su-tiempo-2.jpg\",\"width\":883,\"height\":1100},{\"@type\":\"BreadcrumbList\",\"@id\":\"https:\\\/\\\/tzionlibreria.com\\\/index.php\\\/product\\\/todo-tiene-su-tiempo-bullet-journal-o-cuaderno-de-puntos\\\/#breadcrumb\",\"itemListElement\":[{\"@type\":\"ListItem\",\"position\":1,\"name\":\"Inicio\",\"item\":\"https:\\\/\\\/tzionlibreria.com\\\/\"},{\"@type\":\"ListItem\",\"position\":2,\"name\":\"Shop\",\"item\":\"https:\\\/\\\/tzionlibreria.com\\\/index.php\\\/shop\\\/\"},{\"@type\":\"ListItem\",\"position\":3,\"name\":\"Todo Tiene su Tiempo \u2013 Bullet Journal o cuaderno de puntos\"}]},{\"@type\":\"WebSite\",\"@id\":\"https:\\\/\\\/tzionlibreria.com\\\/#website\",\"url\":\"https:\\\/\\\/tzionlibreria.com\\\/\",\"name\":\"tzionlibreria.com\",\"description\":\"Libreria Cristiana Venezuela\",\"publisher\":{\"@id\":\"https:\\\/\\\/tzionlibreria.com\\\/#organization\"},\"potentialAction\":[{\"@type\":\"SearchAction\",\"target\":{\"@type\":\"EntryPoint\",\"urlTemplate\":\"https:\\\/\\\/tzionlibreria.com\\\/?s={search_term_string}\"},\"query-input\":{\"@type\":\"PropertyValueSpecification\",\"valueRequired\":true,\"valueName\":\"search_term_string\"}}],\"inLanguage\":\"es-CO\"},{\"@type\":\"Organization\",\"@id\":\"https:\\\/\\\/tzionlibreria.com\\\/#organization\",\"name\":\"tzionlibreria.com\",\"url\":\"https:\\\/\\\/tzionlibreria.com\\\/\",\"logo\":{\"@type\":\"ImageObject\",\"inLanguage\":\"es-CO\",\"@id\":\"https:\\\/\\\/tzionlibreria.com\\\/#\\\/schema\\\/logo\\\/image\\\/\",\"url\":\"https:\\\/\\\/tzionlibreria.com\\\/wp-content\\\/uploads\\\/2023\\\/10\\\/cropped-Cuadricula-scaled-1.jpg\",\"contentUrl\":\"https:\\\/\\\/tzionlibreria.com\\\/wp-content\\\/uploads\\\/2023\\\/10\\\/cropped-Cuadricula-scaled-1.jpg\",\"width\":2560,\"height\":2560,\"caption\":\"tzionlibreria.com\"},\"image\":{\"@id\":\"https:\\\/\\\/tzionlibreria.com\\\/#\\\/schema\\\/logo\\\/image\\\/\"}}]}<\/script>\n<!-- \/ Yoast SEO plugin. -->","yoast_head_json":{"title":"Todo Tiene su Tiempo \u2013 Bullet Journal o cuaderno de puntos - tzionlibreria.com","robots":{"index":"index","follow":"follow","max-snippet":"max-snippet:-1","max-image-preview":"max-image-preview:large","max-video-preview":"max-video-preview:-1"},"canonical":"https:\/\/tzionlibreria.com\/index.php\/product\/todo-tiene-su-tiempo-bullet-journal-o-cuaderno-de-puntos\/","og_locale":"es_ES","og_type":"article","og_title":"Todo Tiene su Tiempo \u2013 Bullet Journal o cuaderno de puntos - tzionlibreria.com","og_description":"Descripci\u00f3n Valoraciones (0) Organiza tu vida, fortalece tu fe y expresa tu creatividad con el Bullet Journal con prop\u00f3sito.Este cuaderno de puntos est\u00e1 dise\u00f1ado para quienes desean planear su tiempo con intenci\u00f3n y llevar un registro de su crecimiento espiritual. Caracter\u00edsticas: Tama\u00f1o: 13 x 19.5 cm (f\u00e1cil de llevar a todas partes). Hojas: 80 p\u00e1ginas [&hellip;]","og_url":"https:\/\/tzionlibreria.com\/index.php\/product\/todo-tiene-su-tiempo-bullet-journal-o-cuaderno-de-puntos\/","og_site_name":"tzionlibreria.com","og_image":[{"width":883,"height":1100,"url":"http:\/\/tzionlibreria.com\/wp-content\/uploads\/2026\/02\/todo-tiene-su-tiempo-2.jpg","type":"image\/jpeg"}],"twitter_card":"summary_large_image","twitter_misc":{"Tiempo de lectura":"2 minutos"},"schema":{"@context":"https:\/\/schema.org","@graph":[{"@type":"WebPage","@id":"https:\/\/tzionlibreria.com\/index.php\/product\/todo-tiene-su-tiempo-bullet-journal-o-cuaderno-de-puntos\/","url":"https:\/\/tzionlibreria.com\/index.php\/product\/todo-tiene-su-tiempo-bullet-journal-o-cuaderno-de-puntos\/","name":"Todo Tiene su Tiempo \u2013 Bullet Journal o cuaderno de puntos - tzionlibreria.com","isPartOf":{"@id":"https:\/\/tzionlibreria.com\/#website"},"primaryImageOfPage":{"@id":"https:\/\/tzionlibreria.com\/index.php\/product\/todo-tiene-su-tiempo-bullet-journal-o-cuaderno-de-puntos\/#primaryimage"},"image":{"@id":"https:\/\/tzionlibreria.com\/index.php\/product\/todo-tiene-su-tiempo-bullet-journal-o-cuaderno-de-puntos\/#primaryimage"},"thumbnailUrl":"https:\/\/tzionlibreria.com\/wp-content\/uploads\/2026\/02\/todo-tiene-su-tiempo-2.jpg","datePublished":"2026-02-02T00:00:15+00:00","breadcrumb":{"@id":"https:\/\/tzionlibreria.com\/index.php\/product\/todo-tiene-su-tiempo-bullet-journal-o-cuaderno-de-puntos\/#breadcrumb"},"inLanguage":"es-CO","potentialAction":[{"@type":"ReadAction","target":["https:\/\/tzionlibreria.com\/index.php\/product\/todo-tiene-su-tiempo-bullet-journal-o-cuaderno-de-puntos\/"]}]},{"@type":"ImageObject","inLanguage":"es-CO","@id":"https:\/\/tzionlibreria.com\/index.php\/product\/todo-tiene-su-tiempo-bullet-journal-o-cuaderno-de-puntos\/#primaryimage","url":"https:\/\/tzionlibreria.com\/wp-content\/uploads\/2026\/02\/todo-tiene-su-tiempo-2.jpg","contentUrl":"https:\/\/tzionlibreria.com\/wp-content\/uploads\/2026\/02\/todo-tiene-su-tiempo-2.jpg","width":883,"height":1100},{"@type":"BreadcrumbList","@id":"https:\/\/tzionlibreria.com\/index.php\/product\/todo-tiene-su-tiempo-bullet-journal-o-cuaderno-de-puntos\/#breadcrumb","itemListElement":[{"@type":"ListItem","position":1,"name":"Inicio","item":"https:\/\/tzionlibreria.com\/"},{"@type":"ListItem","position":2,"name":"Shop","item":"https:\/\/tzionlibreria.com\/index.php\/shop\/"},{"@type":"ListItem","position":3,"name":"Todo Tiene su Tiempo \u2013 Bullet Journal o cuaderno de puntos"}]},{"@type":"WebSite","@id":"https:\/\/tzionlibreria.com\/#website","url":"https:\/\/tzionlibreria.com\/","name":"tzionlibreria.com","description":"Libreria Cristiana Venezuela","publisher":{"@id":"https:\/\/tzionlibreria.com\/#organization"},"potentialAction":[{"@type":"SearchAction","target":{"@type":"EntryPoint","urlTemplate":"https:\/\/tzionlibreria.com\/?s={search_term_string}"},"query-input":{"@type":"PropertyValueSpecification","valueRequired":true,"valueName":"search_term_string"}}],"inLanguage":"es-CO"},{"@type":"Organization","@id":"https:\/\/tzionlibreria.com\/#organization","name":"tzionlibreria.com","url":"https:\/\/tzionlibreria.com\/","logo":{"@type":"ImageObject","inLanguage":"es-CO","@id":"https:\/\/tzionlibreria.com\/#\/schema\/logo\/image\/","url":"https:\/\/tzionlibreria.com\/wp-content\/uploads\/2023\/10\/cropped-Cuadricula-scaled-1.jpg","contentUrl":"https:\/\/tzionlibreria.com\/wp-content\/uploads\/2023\/10\/cropped-Cuadricula-scaled-1.jpg","width":2560,"height":2560,"caption":"tzionlibreria.com"},"image":{"@id":"https:\/\/tzionlibreria.com\/#\/schema\/logo\/image\/"}}]}},"jetpack_sharing_enabled":true,"_links":{"self":[{"href":"https:\/\/tzionlibreria.com\/index.php\/wp-json\/wp\/v2\/product\/6880","targetHints":{"allow":["GET"]}}],"collection":[{"href":"https:\/\/tzionlibreria.com\/index.php\/wp-json\/wp\/v2\/product"}],"about":[{"href":"https:\/\/tzionlibreria.com\/index.php\/wp-json\/wp\/v2\/types\/product"}],"replies":[{"embeddable":true,"href":"https:\/\/tzionlibreria.com\/index.php\/wp-json\/wp\/v2\/comments?post=6880"}],"wp:featuredmedia":[{"embeddable":true,"href":"https:\/\/tzionlibreria.com\/index.php\/wp-json\/wp\/v2\/media\/6881"}],"wp:attachment":[{"href":"https:\/\/tzionlibreria.com\/index.php\/wp-json\/wp\/v2\/media?parent=6880"}],"wp:term":[{"taxonomy":"product_brand","embeddable":true,"href":"https:\/\/tzionlibreria.com\/index.php\/wp-json\/wp\/v2\/product_brand?post=6880"},{"taxonomy":"product_cat","embeddable":true,"href":"https:\/\/tzionlibreria.com\/index.php\/wp-json\/wp\/v2\/product_cat?post=6880"},{"taxonomy":"product_tag","embeddable":true,"href":"https:\/\/tzionlibreria.com\/index.php\/wp-json\/wp\/v2\/product_tag?post=6880"}],"curies":[{"name":"wp","href":"https:\/\/api.w.org\/{rel}","templated":true}]}}