{"id":6893,"date":"2026-02-12T16:52:40","date_gmt":"2026-02-12T16:52:40","guid":{"rendered":"https:\/\/tzionlibreria.com\/?post_type=product&#038;p=6893"},"modified":"2026-02-12T16:52:45","modified_gmt":"2026-02-12T16:52:45","slug":"que-nada-detenga-tus-suenos-claudio-de-oliveira","status":"publish","type":"product","link":"https:\/\/tzionlibreria.com\/index.php\/product\/que-nada-detenga-tus-suenos-claudio-de-oliveira\/","title":{"rendered":"Que nada detenga tus sue\u00f1os \u2013 Claudio de Oliveira"},"content":{"rendered":"<ul class=\"tabs wc-tabs\" role=\"tablist\">\n<li id=\"tab-title-description\" class=\"description_tab active\" role=\"presentation\"><a tabindex=\"0\" role=\"tab\" href=\"https:\/\/libreria247.com\/producto\/que-nada-detenga-tus-suenos-claudio-de-oliveira\/#tab-description\" aria-controls=\"tab-description\" aria-selected=\"true\"> Descripci\u00f3n <\/a><\/li>\n<li id=\"tab-title-reviews\" class=\"reviews_tab\" role=\"presentation\"><a tabindex=\"-1\" role=\"tab\" href=\"https:\/\/libreria247.com\/producto\/que-nada-detenga-tus-suenos-claudio-de-oliveira\/#tab-reviews\" aria-controls=\"tab-reviews\" aria-selected=\"false\"> Valoraciones (0) <\/a><\/li>\n<\/ul>\n<div id=\"tab-description\" class=\"woocommerce-Tabs-panel woocommerce-Tabs-panel--description panel entry-content wc-tab\" role=\"tabpanel\" aria-labelledby=\"tab-title-description\">\n<p><span class=\"a-text-bold\">\u00bfQU\u00c9 HACE UN NI\u00d1O ABANDONADO AL NACER EN LOS BRAZOS DE LA VIDA MISMA\u2026 CUANDO NI SIQUIERA FUE ESPERADO?<\/span><\/p>\n<p>Claudio fue regalado el d\u00eda que naci\u00f3. Creci\u00f3 rodeado de tierra colorada, carencias, miradas ajenas y silencios que dol\u00edan m\u00e1s que el hambre. Sin embargo, en ese mismo escenario sin privilegios, algo adentro suyo comenz\u00f3 a arder: un sue\u00f1o. No uno cualquiera. Uno lo suficientemente fuerte como para desafiar su historia, su entorno\u2026 y su destino.<\/p>\n<p><span class=\"a-text-italic\">Este libro no es una biograf\u00eda m\u00e1s. Es una traves\u00eda cruda, inspiradora y profundamente humana que revela c\u00f3mo una vida puede ser transformada cuando el dolor no se convierte en excusa, sino en impulso. Claudio, cuenta su historia sin filtros: desde los d\u00edas en que no hab\u00eda futuro a la vista, hasta convertirse en un empresario exitoso en los Estados Unidos.<\/span><\/p>\n<p class=\"a-text-italic\"><span class=\"a-text-bold a-text-italic\">Una historia real que no busca admiraci\u00f3n, sino despertar.<\/span><\/p>\n<p class=\"a-text-italic\"><span class=\"a-text-italic\">Despertar dentro de nosotros la convicci\u00f3n de que ning\u00fan comienzo, por m\u00e1s roto que est\u00e9, tiene el poder de determinar su final.<\/span><\/p>\n<p class=\"a-text-italic\"><span class=\"a-text-italic\">PORQUE NO SE TRATA SOLO DE SO\u00d1AR. SE TRATA DE CREER\u2026 Y VOLAR.<\/span><\/p>\n<\/div>\n","protected":false},"excerpt":{"rendered":"<p>Descripci\u00f3n Valoraciones (0) \u00bfQU\u00c9 HACE UN NI\u00d1O ABANDONADO AL NACER EN LOS BRAZOS DE LA VIDA MISMA\u2026 CUANDO NI SIQUIERA FUE ESPERADO? Claudio fue regalado el d\u00eda que naci\u00f3. Creci\u00f3 rodeado de tierra colorada, carencias, miradas ajenas y silencios que dol\u00edan m\u00e1s que el hambre. Sin embargo, en ese mismo escenario sin privilegios, algo adentro [&hellip;]<\/p>\n","protected":false},"featured_media":6894,"comment_status":"open","ping_status":"closed","template":"","meta":{"om_disable_all_campaigns":false,"_monsterinsights_skip_tracking":false,"_monsterinsights_sitenote_active":false,"_monsterinsights_sitenote_note":"","_monsterinsights_sitenote_category":0,"site-sidebar-layout":"default","site-content-layout":"","ast-site-content-layout":"default","site-content-style":"default","site-sidebar-style":"default","ast-global-header-display":"","ast-banner-title-visibility":"","ast-main-header-display":"","ast-hfb-above-header-display":"","ast-hfb-below-header-display":"","ast-hfb-mobile-header-display":"","site-post-title":"","ast-breadcrumbs-content":"","ast-featured-img":"","footer-sml-layout":"","ast-disable-related-posts":"","theme-transparent-header-meta":"default","adv-header-id-meta":"","stick-header-meta":"","header-above-stick-meta":"","header-main-stick-meta":"","header-below-stick-meta":"","astra-migrate-meta-layouts":"set","ast-page-background-enabled":"default","ast-page-background-meta":{"desktop":{"background-color":"var(--ast-global-color-4)","background-image":"","background-repeat":"repeat","background-position":"center center","background-size":"auto","background-attachment":"scroll","background-type":"","background-media":"","overlay-type":"","overlay-color":"","overlay-opacity":"","overlay-gradient":""},"tablet":{"background-color":"","background-image":"","background-repeat":"repeat","background-position":"center center","background-size":"auto","background-attachment":"scroll","background-type":"","background-media":"","overlay-type":"","overlay-color":"","overlay-opacity":"","overlay-gradient":""},"mobile":{"background-color":"","background-image":"","background-repeat":"repeat","background-position":"center center","background-size":"auto","background-attachment":"scroll","background-type":"","background-media":"","overlay-type":"","overlay-color":"","overlay-opacity":"","overlay-gradient":""}},"ast-content-background-meta":{"desktop":{"background-color":"var(--ast-global-color-5)","background-image":"","background-repeat":"repeat","background-position":"center center","background-size":"auto","background-attachment":"scroll","background-type":"","background-media":"","overlay-type":"","overlay-color":"","overlay-opacity":"","overlay-gradient":""},"tablet":{"background-color":"var(--ast-global-color-5)","background-image":"","background-repeat":"repeat","background-position":"center center","background-size":"auto","background-attachment":"scroll","background-type":"","background-media":"","overlay-type":"","overlay-color":"","overlay-opacity":"","overlay-gradient":""},"mobile":{"background-color":"var(--ast-global-color-5)","background-image":"","background-repeat":"repeat","background-position":"center center","background-size":"auto","background-attachment":"scroll","background-type":"","background-media":"","overlay-type":"","overlay-color":"","overlay-opacity":"","overlay-gradient":""}}},"product_brand":[],"product_cat":[23],"product_tag":[],"class_list":{"0":"post-6893","1":"product","2":"type-product","3":"status-publish","4":"has-post-thumbnail","6":"product_cat-libros","7":"desktop-align-left","8":"tablet-align-left","9":"mobile-align-left","11":"first","12":"instock","13":"shipping-taxable","14":"purchasable","15":"product-type-simple"},"yoast_head":"<!-- This site is optimized with the Yoast SEO plugin v27.4 - https:\/\/yoast.com\/product\/yoast-seo-wordpress\/ -->\n<title>Que nada detenga tus sue\u00f1os \u2013 Claudio de Oliveira - tzionlibreria.com<\/title>\n<meta name=\"robots\" content=\"index, follow, max-snippet:-1, max-image-preview:large, max-video-preview:-1\" \/>\n<link rel=\"canonical\" href=\"https:\/\/tzionlibreria.com\/index.php\/product\/que-nada-detenga-tus-suenos-claudio-de-oliveira\/\" \/>\n<meta property=\"og:locale\" content=\"es_ES\" \/>\n<meta property=\"og:type\" content=\"article\" \/>\n<meta property=\"og:title\" content=\"Que nada detenga tus sue\u00f1os \u2013 Claudio de Oliveira - tzionlibreria.com\" \/>\n<meta property=\"og:description\" content=\"Descripci\u00f3n Valoraciones (0) \u00bfQU\u00c9 HACE UN NI\u00d1O ABANDONADO AL NACER EN LOS BRAZOS DE LA VIDA MISMA\u2026 CUANDO NI SIQUIERA FUE ESPERADO? Claudio fue regalado el d\u00eda que naci\u00f3. Creci\u00f3 rodeado de tierra colorada, carencias, miradas ajenas y silencios que dol\u00edan m\u00e1s que el hambre. Sin embargo, en ese mismo escenario sin privilegios, algo adentro [&hellip;]\" \/>\n<meta property=\"og:url\" content=\"https:\/\/tzionlibreria.com\/index.php\/product\/que-nada-detenga-tus-suenos-claudio-de-oliveira\/\" \/>\n<meta property=\"og:site_name\" content=\"tzionlibreria.com\" \/>\n<meta property=\"article:modified_time\" content=\"2026-02-12T16:52:45+00:00\" \/>\n<meta property=\"og:image\" content=\"http:\/\/tzionlibreria.com\/wp-content\/uploads\/2026\/02\/9781963920499.jpg\" \/>\n\t<meta property=\"og:image:width\" content=\"1200\" \/>\n\t<meta property=\"og:image:height\" content=\"1200\" \/>\n\t<meta property=\"og:image:type\" content=\"image\/jpeg\" \/>\n<meta name=\"twitter:card\" content=\"summary_large_image\" \/>\n<meta name=\"twitter:label1\" content=\"Tiempo de lectura\" \/>\n\t<meta name=\"twitter:data1\" content=\"2 minutos\" \/>\n<script type=\"application\/ld+json\" class=\"yoast-schema-graph\">{\"@context\":\"https:\\\/\\\/schema.org\",\"@graph\":[{\"@type\":\"WebPage\",\"@id\":\"https:\\\/\\\/tzionlibreria.com\\\/index.php\\\/product\\\/que-nada-detenga-tus-suenos-claudio-de-oliveira\\\/\",\"url\":\"https:\\\/\\\/tzionlibreria.com\\\/index.php\\\/product\\\/que-nada-detenga-tus-suenos-claudio-de-oliveira\\\/\",\"name\":\"Que nada detenga tus sue\u00f1os \u2013 Claudio de Oliveira - tzionlibreria.com\",\"isPartOf\":{\"@id\":\"https:\\\/\\\/tzionlibreria.com\\\/#website\"},\"primaryImageOfPage\":{\"@id\":\"https:\\\/\\\/tzionlibreria.com\\\/index.php\\\/product\\\/que-nada-detenga-tus-suenos-claudio-de-oliveira\\\/#primaryimage\"},\"image\":{\"@id\":\"https:\\\/\\\/tzionlibreria.com\\\/index.php\\\/product\\\/que-nada-detenga-tus-suenos-claudio-de-oliveira\\\/#primaryimage\"},\"thumbnailUrl\":\"https:\\\/\\\/tzionlibreria.com\\\/wp-content\\\/uploads\\\/2026\\\/02\\\/9781963920499.jpg\",\"datePublished\":\"2026-02-12T16:52:40+00:00\",\"dateModified\":\"2026-02-12T16:52:45+00:00\",\"breadcrumb\":{\"@id\":\"https:\\\/\\\/tzionlibreria.com\\\/index.php\\\/product\\\/que-nada-detenga-tus-suenos-claudio-de-oliveira\\\/#breadcrumb\"},\"inLanguage\":\"es-CO\",\"potentialAction\":[{\"@type\":\"ReadAction\",\"target\":[\"https:\\\/\\\/tzionlibreria.com\\\/index.php\\\/product\\\/que-nada-detenga-tus-suenos-claudio-de-oliveira\\\/\"]}]},{\"@type\":\"ImageObject\",\"inLanguage\":\"es-CO\",\"@id\":\"https:\\\/\\\/tzionlibreria.com\\\/index.php\\\/product\\\/que-nada-detenga-tus-suenos-claudio-de-oliveira\\\/#primaryimage\",\"url\":\"https:\\\/\\\/tzionlibreria.com\\\/wp-content\\\/uploads\\\/2026\\\/02\\\/9781963920499.jpg\",\"contentUrl\":\"https:\\\/\\\/tzionlibreria.com\\\/wp-content\\\/uploads\\\/2026\\\/02\\\/9781963920499.jpg\",\"width\":1200,\"height\":1200},{\"@type\":\"BreadcrumbList\",\"@id\":\"https:\\\/\\\/tzionlibreria.com\\\/index.php\\\/product\\\/que-nada-detenga-tus-suenos-claudio-de-oliveira\\\/#breadcrumb\",\"itemListElement\":[{\"@type\":\"ListItem\",\"position\":1,\"name\":\"Inicio\",\"item\":\"https:\\\/\\\/tzionlibreria.com\\\/\"},{\"@type\":\"ListItem\",\"position\":2,\"name\":\"Shop\",\"item\":\"https:\\\/\\\/tzionlibreria.com\\\/index.php\\\/shop\\\/\"},{\"@type\":\"ListItem\",\"position\":3,\"name\":\"Que nada detenga tus sue\u00f1os \u2013 Claudio de Oliveira\"}]},{\"@type\":\"WebSite\",\"@id\":\"https:\\\/\\\/tzionlibreria.com\\\/#website\",\"url\":\"https:\\\/\\\/tzionlibreria.com\\\/\",\"name\":\"tzionlibreria.com\",\"description\":\"Libreria Cristiana Venezuela\",\"publisher\":{\"@id\":\"https:\\\/\\\/tzionlibreria.com\\\/#organization\"},\"potentialAction\":[{\"@type\":\"SearchAction\",\"target\":{\"@type\":\"EntryPoint\",\"urlTemplate\":\"https:\\\/\\\/tzionlibreria.com\\\/?s={search_term_string}\"},\"query-input\":{\"@type\":\"PropertyValueSpecification\",\"valueRequired\":true,\"valueName\":\"search_term_string\"}}],\"inLanguage\":\"es-CO\"},{\"@type\":\"Organization\",\"@id\":\"https:\\\/\\\/tzionlibreria.com\\\/#organization\",\"name\":\"tzionlibreria.com\",\"url\":\"https:\\\/\\\/tzionlibreria.com\\\/\",\"logo\":{\"@type\":\"ImageObject\",\"inLanguage\":\"es-CO\",\"@id\":\"https:\\\/\\\/tzionlibreria.com\\\/#\\\/schema\\\/logo\\\/image\\\/\",\"url\":\"https:\\\/\\\/tzionlibreria.com\\\/wp-content\\\/uploads\\\/2023\\\/10\\\/cropped-Cuadricula-scaled-1.jpg\",\"contentUrl\":\"https:\\\/\\\/tzionlibreria.com\\\/wp-content\\\/uploads\\\/2023\\\/10\\\/cropped-Cuadricula-scaled-1.jpg\",\"width\":2560,\"height\":2560,\"caption\":\"tzionlibreria.com\"},\"image\":{\"@id\":\"https:\\\/\\\/tzionlibreria.com\\\/#\\\/schema\\\/logo\\\/image\\\/\"}}]}<\/script>\n<!-- \/ Yoast SEO plugin. -->","yoast_head_json":{"title":"Que nada detenga tus sue\u00f1os \u2013 Claudio de Oliveira - tzionlibreria.com","robots":{"index":"index","follow":"follow","max-snippet":"max-snippet:-1","max-image-preview":"max-image-preview:large","max-video-preview":"max-video-preview:-1"},"canonical":"https:\/\/tzionlibreria.com\/index.php\/product\/que-nada-detenga-tus-suenos-claudio-de-oliveira\/","og_locale":"es_ES","og_type":"article","og_title":"Que nada detenga tus sue\u00f1os \u2013 Claudio de Oliveira - tzionlibreria.com","og_description":"Descripci\u00f3n Valoraciones (0) \u00bfQU\u00c9 HACE UN NI\u00d1O ABANDONADO AL NACER EN LOS BRAZOS DE LA VIDA MISMA\u2026 CUANDO NI SIQUIERA FUE ESPERADO? Claudio fue regalado el d\u00eda que naci\u00f3. Creci\u00f3 rodeado de tierra colorada, carencias, miradas ajenas y silencios que dol\u00edan m\u00e1s que el hambre. Sin embargo, en ese mismo escenario sin privilegios, algo adentro [&hellip;]","og_url":"https:\/\/tzionlibreria.com\/index.php\/product\/que-nada-detenga-tus-suenos-claudio-de-oliveira\/","og_site_name":"tzionlibreria.com","article_modified_time":"2026-02-12T16:52:45+00:00","og_image":[{"width":1200,"height":1200,"url":"http:\/\/tzionlibreria.com\/wp-content\/uploads\/2026\/02\/9781963920499.jpg","type":"image\/jpeg"}],"twitter_card":"summary_large_image","twitter_misc":{"Tiempo de lectura":"2 minutos"},"schema":{"@context":"https:\/\/schema.org","@graph":[{"@type":"WebPage","@id":"https:\/\/tzionlibreria.com\/index.php\/product\/que-nada-detenga-tus-suenos-claudio-de-oliveira\/","url":"https:\/\/tzionlibreria.com\/index.php\/product\/que-nada-detenga-tus-suenos-claudio-de-oliveira\/","name":"Que nada detenga tus sue\u00f1os \u2013 Claudio de Oliveira - tzionlibreria.com","isPartOf":{"@id":"https:\/\/tzionlibreria.com\/#website"},"primaryImageOfPage":{"@id":"https:\/\/tzionlibreria.com\/index.php\/product\/que-nada-detenga-tus-suenos-claudio-de-oliveira\/#primaryimage"},"image":{"@id":"https:\/\/tzionlibreria.com\/index.php\/product\/que-nada-detenga-tus-suenos-claudio-de-oliveira\/#primaryimage"},"thumbnailUrl":"https:\/\/tzionlibreria.com\/wp-content\/uploads\/2026\/02\/9781963920499.jpg","datePublished":"2026-02-12T16:52:40+00:00","dateModified":"2026-02-12T16:52:45+00:00","breadcrumb":{"@id":"https:\/\/tzionlibreria.com\/index.php\/product\/que-nada-detenga-tus-suenos-claudio-de-oliveira\/#breadcrumb"},"inLanguage":"es-CO","potentialAction":[{"@type":"ReadAction","target":["https:\/\/tzionlibreria.com\/index.php\/product\/que-nada-detenga-tus-suenos-claudio-de-oliveira\/"]}]},{"@type":"ImageObject","inLanguage":"es-CO","@id":"https:\/\/tzionlibreria.com\/index.php\/product\/que-nada-detenga-tus-suenos-claudio-de-oliveira\/#primaryimage","url":"https:\/\/tzionlibreria.com\/wp-content\/uploads\/2026\/02\/9781963920499.jpg","contentUrl":"https:\/\/tzionlibreria.com\/wp-content\/uploads\/2026\/02\/9781963920499.jpg","width":1200,"height":1200},{"@type":"BreadcrumbList","@id":"https:\/\/tzionlibreria.com\/index.php\/product\/que-nada-detenga-tus-suenos-claudio-de-oliveira\/#breadcrumb","itemListElement":[{"@type":"ListItem","position":1,"name":"Inicio","item":"https:\/\/tzionlibreria.com\/"},{"@type":"ListItem","position":2,"name":"Shop","item":"https:\/\/tzionlibreria.com\/index.php\/shop\/"},{"@type":"ListItem","position":3,"name":"Que nada detenga tus sue\u00f1os \u2013 Claudio de Oliveira"}]},{"@type":"WebSite","@id":"https:\/\/tzionlibreria.com\/#website","url":"https:\/\/tzionlibreria.com\/","name":"tzionlibreria.com","description":"Libreria Cristiana Venezuela","publisher":{"@id":"https:\/\/tzionlibreria.com\/#organization"},"potentialAction":[{"@type":"SearchAction","target":{"@type":"EntryPoint","urlTemplate":"https:\/\/tzionlibreria.com\/?s={search_term_string}"},"query-input":{"@type":"PropertyValueSpecification","valueRequired":true,"valueName":"search_term_string"}}],"inLanguage":"es-CO"},{"@type":"Organization","@id":"https:\/\/tzionlibreria.com\/#organization","name":"tzionlibreria.com","url":"https:\/\/tzionlibreria.com\/","logo":{"@type":"ImageObject","inLanguage":"es-CO","@id":"https:\/\/tzionlibreria.com\/#\/schema\/logo\/image\/","url":"https:\/\/tzionlibreria.com\/wp-content\/uploads\/2023\/10\/cropped-Cuadricula-scaled-1.jpg","contentUrl":"https:\/\/tzionlibreria.com\/wp-content\/uploads\/2023\/10\/cropped-Cuadricula-scaled-1.jpg","width":2560,"height":2560,"caption":"tzionlibreria.com"},"image":{"@id":"https:\/\/tzionlibreria.com\/#\/schema\/logo\/image\/"}}]}},"jetpack_sharing_enabled":true,"_links":{"self":[{"href":"https:\/\/tzionlibreria.com\/index.php\/wp-json\/wp\/v2\/product\/6893","targetHints":{"allow":["GET"]}}],"collection":[{"href":"https:\/\/tzionlibreria.com\/index.php\/wp-json\/wp\/v2\/product"}],"about":[{"href":"https:\/\/tzionlibreria.com\/index.php\/wp-json\/wp\/v2\/types\/product"}],"replies":[{"embeddable":true,"href":"https:\/\/tzionlibreria.com\/index.php\/wp-json\/wp\/v2\/comments?post=6893"}],"wp:featuredmedia":[{"embeddable":true,"href":"https:\/\/tzionlibreria.com\/index.php\/wp-json\/wp\/v2\/media\/6894"}],"wp:attachment":[{"href":"https:\/\/tzionlibreria.com\/index.php\/wp-json\/wp\/v2\/media?parent=6893"}],"wp:term":[{"taxonomy":"product_brand","embeddable":true,"href":"https:\/\/tzionlibreria.com\/index.php\/wp-json\/wp\/v2\/product_brand?post=6893"},{"taxonomy":"product_cat","embeddable":true,"href":"https:\/\/tzionlibreria.com\/index.php\/wp-json\/wp\/v2\/product_cat?post=6893"},{"taxonomy":"product_tag","embeddable":true,"href":"https:\/\/tzionlibreria.com\/index.php\/wp-json\/wp\/v2\/product_tag?post=6893"}],"curies":[{"name":"wp","href":"https:\/\/api.w.org\/{rel}","templated":true}]}}