{"id":6903,"date":"2026-02-12T17:36:49","date_gmt":"2026-02-12T17:36:49","guid":{"rendered":"https:\/\/tzionlibreria.com\/?post_type=product&#038;p=6903"},"modified":"2026-02-12T17:36:49","modified_gmt":"2026-02-12T17:36:49","slug":"biblia-rv1960-de-bolsillo-piel-verde-cierre-indice","status":"publish","type":"product","link":"https:\/\/tzionlibreria.com\/index.php\/product\/biblia-rv1960-de-bolsillo-piel-verde-cierre-indice\/","title":{"rendered":"Biblia RV1960 de Bolsillo Piel Verde Cierre \u00edndice"},"content":{"rendered":"<ul class=\"tabs wc-tabs\" role=\"tablist\">\n<li id=\"tab-title-description\" class=\"description_tab active\" role=\"presentation\"><a tabindex=\"0\" role=\"tab\" href=\"https:\/\/libreria247.com\/producto\/biblia-de-bolsillo-con-cierre-rv1960-imit-piel-verde-cafe-con-indice\/#tab-description\" aria-controls=\"tab-description\" aria-selected=\"true\"> Descripci\u00f3n <\/a><\/li>\n<li id=\"tab-title-reviews\" class=\"reviews_tab\" role=\"presentation\"><a tabindex=\"-1\" role=\"tab\" href=\"https:\/\/libreria247.com\/producto\/biblia-de-bolsillo-con-cierre-rv1960-imit-piel-verde-cafe-con-indice\/#tab-reviews\" aria-controls=\"tab-reviews\" aria-selected=\"false\"> Valoraciones (0) <\/a><\/li>\n<\/ul>\n<div id=\"tab-description\" class=\"woocommerce-Tabs-panel woocommerce-Tabs-panel--description panel entry-content wc-tab\" role=\"tabpanel\" aria-labelledby=\"tab-title-description\">\n<p data-start=\"144\" data-end=\"228\"><img decoding=\"async\" class=\"emoji\" role=\"img\" draggable=\"false\" src=\"https:\/\/s.w.org\/images\/core\/emoji\/17.0.2\/svg\/1f4d6.svg\" alt=\"\ud83d\udcd6\" \/> <strong data-start=\"147\" data-end=\"226\">Biblia de Bolsillo con Cierre RV1960 \u2013 Imitaci\u00f3n Piel Verde\/Caf\u00e9 con \u00cdndice<\/strong><\/p>\n<p data-start=\"230\" data-end=\"288\"><img decoding=\"async\" class=\"emoji\" role=\"img\" draggable=\"false\" src=\"https:\/\/s.w.org\/images\/core\/emoji\/17.0.2\/svg\/2728.svg\" alt=\"\u2728\" \/> <em data-start=\"232\" data-end=\"286\">La Palabra de Dios en un formato compacto y pr\u00e1ctico<\/em><\/p>\n<p data-start=\"290\" data-end=\"629\">La <strong data-start=\"293\" data-end=\"321\">Biblia Reina-Valera 1960<\/strong>, en esta edici\u00f3n de <strong data-start=\"342\" data-end=\"374\">bolsillo con cierre e \u00edndice<\/strong>, ofrece un dise\u00f1o resistente y port\u00e1til, ideal para acompa\u00f1arte en todo momento. Con <strong data-start=\"460\" data-end=\"489\">letra legible de 8 puntos<\/strong> y m\u00faltiples recursos de estudio, es perfecta para quienes desean profundizar en la Palabra sin perder la comodidad de un tama\u00f1o compacto.<\/p>\n<p data-start=\"631\" data-end=\"782\">La traducci\u00f3n <strong data-start=\"645\" data-end=\"657\">RVR 1960<\/strong> mantiene la fidelidad al mensaje original con un estilo literario cl\u00e1sico, ampliamente aceptado en Latinoam\u00e9rica y Espa\u00f1a.<\/p>\n<p data-start=\"784\" data-end=\"821\"><img decoding=\"async\" class=\"emoji\" role=\"img\" draggable=\"false\" src=\"https:\/\/s.w.org\/images\/core\/emoji\/17.0.2\/svg\/1f50e.svg\" alt=\"\ud83d\udd0e\" \/> <strong data-start=\"787\" data-end=\"819\">Caracter\u00edsticas principales:<\/strong><\/p>\n<ul data-start=\"822\" data-end=\"1483\">\n<li data-start=\"822\" data-end=\"869\">\n<p data-start=\"824\" data-end=\"869\">Texto completo de la <strong data-start=\"845\" data-end=\"866\">Reina-Valera 1960<\/strong>.<\/p>\n<\/li>\n<li data-start=\"870\" data-end=\"904\">\n<p data-start=\"872\" data-end=\"904\"><strong data-start=\"872\" data-end=\"901\">Palabras de Jes\u00fas en rojo<\/strong>.<\/p>\n<\/li>\n<li data-start=\"905\" data-end=\"946\">\n<p data-start=\"907\" data-end=\"946\">Referencias cruzadas a pie de p\u00e1gina.<\/p>\n<\/li>\n<li data-start=\"947\" data-end=\"1018\">\n<p data-start=\"949\" data-end=\"1018\">Abreviaturas e introducciones de <strong data-start=\"982\" data-end=\"999\">C.H. Spurgeon<\/strong> y <strong data-start=\"1002\" data-end=\"1015\">J.C. Ryle<\/strong>.<\/p>\n<\/li>\n<li data-start=\"1019\" data-end=\"1055\">\n<p data-start=\"1021\" data-end=\"1055\"><strong data-start=\"1021\" data-end=\"1052\">Concordancia de 100 p\u00e1ginas<\/strong>.<\/p>\n<\/li>\n<li data-start=\"1056\" data-end=\"1097\">\n<p data-start=\"1058\" data-end=\"1097\">Genealog\u00eda de Jes\u00fas y Fiestas Jud\u00edas.<\/p>\n<\/li>\n<li data-start=\"1098\" data-end=\"1132\">\n<p data-start=\"1100\" data-end=\"1132\">Par\u00e1bolas y milagros de Jes\u00fas.<\/p>\n<\/li>\n<li data-start=\"1133\" data-end=\"1155\">\n<p data-start=\"1135\" data-end=\"1155\">Plan de salvaci\u00f3n.<\/p>\n<\/li>\n<li data-start=\"1156\" data-end=\"1201\">\n<p data-start=\"1158\" data-end=\"1201\">Pasajes y vers\u00edculos claves de la Biblia.<\/p>\n<\/li>\n<li data-start=\"1202\" data-end=\"1244\">\n<p data-start=\"1204\" data-end=\"1244\"><strong data-start=\"1204\" data-end=\"1241\">Plan de lectura b\u00edblica en un a\u00f1o<\/strong>.<\/p>\n<\/li>\n<li data-start=\"1245\" data-end=\"1307\">\n<p data-start=\"1247\" data-end=\"1307\">Mapas de tiempos b\u00edblicos a todo color (incluye 12 mapas).<\/p>\n<\/li>\n<li data-start=\"1308\" data-end=\"1336\">\n<p data-start=\"1310\" data-end=\"1336\">Tipolog\u00eda de los Salmos.<\/p>\n<\/li>\n<li data-start=\"1337\" data-end=\"1358\">\n<p data-start=\"1339\" data-end=\"1358\">Plano del templo.<\/p>\n<\/li>\n<li data-start=\"1359\" data-end=\"1394\">\n<p data-start=\"1361\" data-end=\"1394\">Cronolog\u00eda de reyes y profetas.<\/p>\n<\/li>\n<li data-start=\"1395\" data-end=\"1427\">\n<p data-start=\"1397\" data-end=\"1427\">Promesas de Dios destacadas.<\/p>\n<\/li>\n<li data-start=\"1428\" data-end=\"1483\">\n<p data-start=\"1430\" data-end=\"1483\">32 p\u00e1ginas a todo color con ayudas para el estudio.<\/p>\n<\/li>\n<\/ul>\n<p data-start=\"1485\" data-end=\"1512\"><img decoding=\"async\" class=\"emoji\" role=\"img\" draggable=\"false\" src=\"https:\/\/s.w.org\/images\/core\/emoji\/17.0.2\/svg\/1f4cc.svg\" alt=\"\ud83d\udccc\" \/> <strong data-start=\"1488\" data-end=\"1510\">Detalles t\u00e9cnicos:<\/strong><\/p>\n<ul data-start=\"1513\" data-end=\"1688\">\n<li data-start=\"1513\" data-end=\"1543\">\n<p data-start=\"1515\" data-end=\"1543\">Versi\u00f3n: Reina-Valera 1960<\/p>\n<\/li>\n<li data-start=\"1544\" data-end=\"1573\">\n<p data-start=\"1546\" data-end=\"1573\">Tama\u00f1o de letra: 8 puntos<\/p>\n<\/li>\n<li data-start=\"1574\" data-end=\"1620\">\n<p data-start=\"1576\" data-end=\"1620\">Formato: Bolsillo, con <strong data-start=\"1599\" data-end=\"1618\">\u00edndice y cierre<\/strong><\/p>\n<\/li>\n<li data-start=\"1621\" data-end=\"1668\">\n<p data-start=\"1623\" data-end=\"1668\">Cubierta: Imitaci\u00f3n piel bicolor verde\/caf\u00e9<\/p>\n<\/li>\n<li data-start=\"1669\" data-end=\"1688\">\n<p data-start=\"1671\" data-end=\"1688\">Idioma: Espa\u00f1ol<\/p>\n<\/li>\n<\/ul>\n<p data-start=\"1690\" data-end=\"1855\"><img decoding=\"async\" class=\"emoji\" role=\"img\" draggable=\"false\" src=\"https:\/\/s.w.org\/images\/core\/emoji\/17.0.2\/svg\/1f4a1.svg\" alt=\"\ud83d\udca1\" \/> Una Biblia pr\u00e1ctica, compacta y llena de recursos, perfecta para <strong data-start=\"1758\" data-end=\"1818\">lectura personal, estudio b\u00edblico y devocionales diarios<\/strong>, sin importar d\u00f3nde te encuentres.<\/p>\n<\/div>\n","protected":false},"excerpt":{"rendered":"<p>Descripci\u00f3n Valoraciones (0) Biblia de Bolsillo con Cierre RV1960 \u2013 Imitaci\u00f3n Piel Verde\/Caf\u00e9 con \u00cdndice La Palabra de Dios en un formato compacto y pr\u00e1ctico La Biblia Reina-Valera 1960, en esta edici\u00f3n de bolsillo con cierre e \u00edndice, ofrece un dise\u00f1o resistente y port\u00e1til, ideal para acompa\u00f1arte en todo momento. Con letra legible de 8 [&hellip;]<\/p>\n","protected":false},"featured_media":6905,"comment_status":"open","ping_status":"closed","template":"","meta":{"om_disable_all_campaigns":false,"_monsterinsights_skip_tracking":false,"_monsterinsights_sitenote_active":false,"_monsterinsights_sitenote_note":"","_monsterinsights_sitenote_category":0,"site-sidebar-layout":"default","site-content-layout":"","ast-site-content-layout":"default","site-content-style":"default","site-sidebar-style":"default","ast-global-header-display":"","ast-banner-title-visibility":"","ast-main-header-display":"","ast-hfb-above-header-display":"","ast-hfb-below-header-display":"","ast-hfb-mobile-header-display":"","site-post-title":"","ast-breadcrumbs-content":"","ast-featured-img":"","footer-sml-layout":"","ast-disable-related-posts":"","theme-transparent-header-meta":"default","adv-header-id-meta":"","stick-header-meta":"","header-above-stick-meta":"","header-main-stick-meta":"","header-below-stick-meta":"","astra-migrate-meta-layouts":"set","ast-page-background-enabled":"default","ast-page-background-meta":{"desktop":{"background-color":"var(--ast-global-color-4)","background-image":"","background-repeat":"repeat","background-position":"center center","background-size":"auto","background-attachment":"scroll","background-type":"","background-media":"","overlay-type":"","overlay-color":"","overlay-opacity":"","overlay-gradient":""},"tablet":{"background-color":"","background-image":"","background-repeat":"repeat","background-position":"center center","background-size":"auto","background-attachment":"scroll","background-type":"","background-media":"","overlay-type":"","overlay-color":"","overlay-opacity":"","overlay-gradient":""},"mobile":{"background-color":"","background-image":"","background-repeat":"repeat","background-position":"center center","background-size":"auto","background-attachment":"scroll","background-type":"","background-media":"","overlay-type":"","overlay-color":"","overlay-opacity":"","overlay-gradient":""}},"ast-content-background-meta":{"desktop":{"background-color":"var(--ast-global-color-5)","background-image":"","background-repeat":"repeat","background-position":"center center","background-size":"auto","background-attachment":"scroll","background-type":"","background-media":"","overlay-type":"","overlay-color":"","overlay-opacity":"","overlay-gradient":""},"tablet":{"background-color":"var(--ast-global-color-5)","background-image":"","background-repeat":"repeat","background-position":"center center","background-size":"auto","background-attachment":"scroll","background-type":"","background-media":"","overlay-type":"","overlay-color":"","overlay-opacity":"","overlay-gradient":""},"mobile":{"background-color":"var(--ast-global-color-5)","background-image":"","background-repeat":"repeat","background-position":"center center","background-size":"auto","background-attachment":"scroll","background-type":"","background-media":"","overlay-type":"","overlay-color":"","overlay-opacity":"","overlay-gradient":""}}},"product_brand":[],"product_cat":[22,42,287],"product_tag":[],"class_list":{"0":"post-6903","1":"product","2":"type-product","3":"status-publish","4":"has-post-thumbnail","6":"product_cat-biblias","7":"product_cat-biblias-reina-valera","8":"product_cat-bolsillo-rvr","9":"desktop-align-left","10":"tablet-align-left","11":"mobile-align-left","13":"first","14":"instock","15":"shipping-taxable","16":"purchasable","17":"product-type-simple"},"yoast_head":"<!-- This site is optimized with the Yoast SEO plugin v27.4 - https:\/\/yoast.com\/product\/yoast-seo-wordpress\/ -->\n<title>Biblia RV1960 de Bolsillo Piel Verde Cierre \u00edndice - tzionlibreria.com<\/title>\n<meta name=\"robots\" content=\"index, follow, max-snippet:-1, max-image-preview:large, max-video-preview:-1\" \/>\n<link rel=\"canonical\" href=\"https:\/\/tzionlibreria.com\/index.php\/product\/biblia-rv1960-de-bolsillo-piel-verde-cierre-indice\/\" \/>\n<meta property=\"og:locale\" content=\"es_ES\" \/>\n<meta property=\"og:type\" content=\"article\" \/>\n<meta property=\"og:title\" content=\"Biblia RV1960 de Bolsillo Piel Verde Cierre \u00edndice - tzionlibreria.com\" \/>\n<meta property=\"og:description\" content=\"Descripci\u00f3n Valoraciones (0) Biblia de Bolsillo con Cierre RV1960 \u2013 Imitaci\u00f3n Piel Verde\/Caf\u00e9 con \u00cdndice La Palabra de Dios en un formato compacto y pr\u00e1ctico La Biblia Reina-Valera 1960, en esta edici\u00f3n de bolsillo con cierre e \u00edndice, ofrece un dise\u00f1o resistente y port\u00e1til, ideal para acompa\u00f1arte en todo momento. Con letra legible de 8 [&hellip;]\" \/>\n<meta property=\"og:url\" content=\"https:\/\/tzionlibreria.com\/index.php\/product\/biblia-rv1960-de-bolsillo-piel-verde-cierre-indice\/\" \/>\n<meta property=\"og:site_name\" content=\"tzionlibreria.com\" \/>\n<meta property=\"og:image\" content=\"http:\/\/tzionlibreria.com\/wp-content\/uploads\/2026\/02\/9798885165457.jpg\" \/>\n\t<meta property=\"og:image:width\" content=\"1200\" \/>\n\t<meta property=\"og:image:height\" content=\"1200\" \/>\n\t<meta property=\"og:image:type\" content=\"image\/jpeg\" \/>\n<meta name=\"twitter:card\" content=\"summary_large_image\" \/>\n<meta name=\"twitter:label1\" content=\"Tiempo de lectura\" \/>\n\t<meta name=\"twitter:data1\" content=\"3 minutos\" \/>\n<script type=\"application\/ld+json\" class=\"yoast-schema-graph\">{\"@context\":\"https:\\\/\\\/schema.org\",\"@graph\":[{\"@type\":\"WebPage\",\"@id\":\"https:\\\/\\\/tzionlibreria.com\\\/index.php\\\/product\\\/biblia-rv1960-de-bolsillo-piel-verde-cierre-indice\\\/\",\"url\":\"https:\\\/\\\/tzionlibreria.com\\\/index.php\\\/product\\\/biblia-rv1960-de-bolsillo-piel-verde-cierre-indice\\\/\",\"name\":\"Biblia RV1960 de Bolsillo Piel Verde Cierre \u00edndice - tzionlibreria.com\",\"isPartOf\":{\"@id\":\"https:\\\/\\\/tzionlibreria.com\\\/#website\"},\"primaryImageOfPage\":{\"@id\":\"https:\\\/\\\/tzionlibreria.com\\\/index.php\\\/product\\\/biblia-rv1960-de-bolsillo-piel-verde-cierre-indice\\\/#primaryimage\"},\"image\":{\"@id\":\"https:\\\/\\\/tzionlibreria.com\\\/index.php\\\/product\\\/biblia-rv1960-de-bolsillo-piel-verde-cierre-indice\\\/#primaryimage\"},\"thumbnailUrl\":\"https:\\\/\\\/tzionlibreria.com\\\/wp-content\\\/uploads\\\/2026\\\/02\\\/9798885165457.jpg\",\"datePublished\":\"2026-02-12T17:36:49+00:00\",\"breadcrumb\":{\"@id\":\"https:\\\/\\\/tzionlibreria.com\\\/index.php\\\/product\\\/biblia-rv1960-de-bolsillo-piel-verde-cierre-indice\\\/#breadcrumb\"},\"inLanguage\":\"es-CO\",\"potentialAction\":[{\"@type\":\"ReadAction\",\"target\":[\"https:\\\/\\\/tzionlibreria.com\\\/index.php\\\/product\\\/biblia-rv1960-de-bolsillo-piel-verde-cierre-indice\\\/\"]}]},{\"@type\":\"ImageObject\",\"inLanguage\":\"es-CO\",\"@id\":\"https:\\\/\\\/tzionlibreria.com\\\/index.php\\\/product\\\/biblia-rv1960-de-bolsillo-piel-verde-cierre-indice\\\/#primaryimage\",\"url\":\"https:\\\/\\\/tzionlibreria.com\\\/wp-content\\\/uploads\\\/2026\\\/02\\\/9798885165457.jpg\",\"contentUrl\":\"https:\\\/\\\/tzionlibreria.com\\\/wp-content\\\/uploads\\\/2026\\\/02\\\/9798885165457.jpg\",\"width\":1200,\"height\":1200},{\"@type\":\"BreadcrumbList\",\"@id\":\"https:\\\/\\\/tzionlibreria.com\\\/index.php\\\/product\\\/biblia-rv1960-de-bolsillo-piel-verde-cierre-indice\\\/#breadcrumb\",\"itemListElement\":[{\"@type\":\"ListItem\",\"position\":1,\"name\":\"Inicio\",\"item\":\"https:\\\/\\\/tzionlibreria.com\\\/\"},{\"@type\":\"ListItem\",\"position\":2,\"name\":\"Shop\",\"item\":\"https:\\\/\\\/tzionlibreria.com\\\/index.php\\\/shop\\\/\"},{\"@type\":\"ListItem\",\"position\":3,\"name\":\"Biblia RV1960 de Bolsillo Piel Verde Cierre \u00edndice\"}]},{\"@type\":\"WebSite\",\"@id\":\"https:\\\/\\\/tzionlibreria.com\\\/#website\",\"url\":\"https:\\\/\\\/tzionlibreria.com\\\/\",\"name\":\"tzionlibreria.com\",\"description\":\"Libreria Cristiana Venezuela\",\"publisher\":{\"@id\":\"https:\\\/\\\/tzionlibreria.com\\\/#organization\"},\"potentialAction\":[{\"@type\":\"SearchAction\",\"target\":{\"@type\":\"EntryPoint\",\"urlTemplate\":\"https:\\\/\\\/tzionlibreria.com\\\/?s={search_term_string}\"},\"query-input\":{\"@type\":\"PropertyValueSpecification\",\"valueRequired\":true,\"valueName\":\"search_term_string\"}}],\"inLanguage\":\"es-CO\"},{\"@type\":\"Organization\",\"@id\":\"https:\\\/\\\/tzionlibreria.com\\\/#organization\",\"name\":\"tzionlibreria.com\",\"url\":\"https:\\\/\\\/tzionlibreria.com\\\/\",\"logo\":{\"@type\":\"ImageObject\",\"inLanguage\":\"es-CO\",\"@id\":\"https:\\\/\\\/tzionlibreria.com\\\/#\\\/schema\\\/logo\\\/image\\\/\",\"url\":\"https:\\\/\\\/tzionlibreria.com\\\/wp-content\\\/uploads\\\/2023\\\/10\\\/cropped-Cuadricula-scaled-1.jpg\",\"contentUrl\":\"https:\\\/\\\/tzionlibreria.com\\\/wp-content\\\/uploads\\\/2023\\\/10\\\/cropped-Cuadricula-scaled-1.jpg\",\"width\":2560,\"height\":2560,\"caption\":\"tzionlibreria.com\"},\"image\":{\"@id\":\"https:\\\/\\\/tzionlibreria.com\\\/#\\\/schema\\\/logo\\\/image\\\/\"}}]}<\/script>\n<!-- \/ Yoast SEO plugin. -->","yoast_head_json":{"title":"Biblia RV1960 de Bolsillo Piel Verde Cierre \u00edndice - tzionlibreria.com","robots":{"index":"index","follow":"follow","max-snippet":"max-snippet:-1","max-image-preview":"max-image-preview:large","max-video-preview":"max-video-preview:-1"},"canonical":"https:\/\/tzionlibreria.com\/index.php\/product\/biblia-rv1960-de-bolsillo-piel-verde-cierre-indice\/","og_locale":"es_ES","og_type":"article","og_title":"Biblia RV1960 de Bolsillo Piel Verde Cierre \u00edndice - tzionlibreria.com","og_description":"Descripci\u00f3n Valoraciones (0) Biblia de Bolsillo con Cierre RV1960 \u2013 Imitaci\u00f3n Piel Verde\/Caf\u00e9 con \u00cdndice La Palabra de Dios en un formato compacto y pr\u00e1ctico La Biblia Reina-Valera 1960, en esta edici\u00f3n de bolsillo con cierre e \u00edndice, ofrece un dise\u00f1o resistente y port\u00e1til, ideal para acompa\u00f1arte en todo momento. Con letra legible de 8 [&hellip;]","og_url":"https:\/\/tzionlibreria.com\/index.php\/product\/biblia-rv1960-de-bolsillo-piel-verde-cierre-indice\/","og_site_name":"tzionlibreria.com","og_image":[{"width":1200,"height":1200,"url":"http:\/\/tzionlibreria.com\/wp-content\/uploads\/2026\/02\/9798885165457.jpg","type":"image\/jpeg"}],"twitter_card":"summary_large_image","twitter_misc":{"Tiempo de lectura":"3 minutos"},"schema":{"@context":"https:\/\/schema.org","@graph":[{"@type":"WebPage","@id":"https:\/\/tzionlibreria.com\/index.php\/product\/biblia-rv1960-de-bolsillo-piel-verde-cierre-indice\/","url":"https:\/\/tzionlibreria.com\/index.php\/product\/biblia-rv1960-de-bolsillo-piel-verde-cierre-indice\/","name":"Biblia RV1960 de Bolsillo Piel Verde Cierre \u00edndice - tzionlibreria.com","isPartOf":{"@id":"https:\/\/tzionlibreria.com\/#website"},"primaryImageOfPage":{"@id":"https:\/\/tzionlibreria.com\/index.php\/product\/biblia-rv1960-de-bolsillo-piel-verde-cierre-indice\/#primaryimage"},"image":{"@id":"https:\/\/tzionlibreria.com\/index.php\/product\/biblia-rv1960-de-bolsillo-piel-verde-cierre-indice\/#primaryimage"},"thumbnailUrl":"https:\/\/tzionlibreria.com\/wp-content\/uploads\/2026\/02\/9798885165457.jpg","datePublished":"2026-02-12T17:36:49+00:00","breadcrumb":{"@id":"https:\/\/tzionlibreria.com\/index.php\/product\/biblia-rv1960-de-bolsillo-piel-verde-cierre-indice\/#breadcrumb"},"inLanguage":"es-CO","potentialAction":[{"@type":"ReadAction","target":["https:\/\/tzionlibreria.com\/index.php\/product\/biblia-rv1960-de-bolsillo-piel-verde-cierre-indice\/"]}]},{"@type":"ImageObject","inLanguage":"es-CO","@id":"https:\/\/tzionlibreria.com\/index.php\/product\/biblia-rv1960-de-bolsillo-piel-verde-cierre-indice\/#primaryimage","url":"https:\/\/tzionlibreria.com\/wp-content\/uploads\/2026\/02\/9798885165457.jpg","contentUrl":"https:\/\/tzionlibreria.com\/wp-content\/uploads\/2026\/02\/9798885165457.jpg","width":1200,"height":1200},{"@type":"BreadcrumbList","@id":"https:\/\/tzionlibreria.com\/index.php\/product\/biblia-rv1960-de-bolsillo-piel-verde-cierre-indice\/#breadcrumb","itemListElement":[{"@type":"ListItem","position":1,"name":"Inicio","item":"https:\/\/tzionlibreria.com\/"},{"@type":"ListItem","position":2,"name":"Shop","item":"https:\/\/tzionlibreria.com\/index.php\/shop\/"},{"@type":"ListItem","position":3,"name":"Biblia RV1960 de Bolsillo Piel Verde Cierre \u00edndice"}]},{"@type":"WebSite","@id":"https:\/\/tzionlibreria.com\/#website","url":"https:\/\/tzionlibreria.com\/","name":"tzionlibreria.com","description":"Libreria Cristiana Venezuela","publisher":{"@id":"https:\/\/tzionlibreria.com\/#organization"},"potentialAction":[{"@type":"SearchAction","target":{"@type":"EntryPoint","urlTemplate":"https:\/\/tzionlibreria.com\/?s={search_term_string}"},"query-input":{"@type":"PropertyValueSpecification","valueRequired":true,"valueName":"search_term_string"}}],"inLanguage":"es-CO"},{"@type":"Organization","@id":"https:\/\/tzionlibreria.com\/#organization","name":"tzionlibreria.com","url":"https:\/\/tzionlibreria.com\/","logo":{"@type":"ImageObject","inLanguage":"es-CO","@id":"https:\/\/tzionlibreria.com\/#\/schema\/logo\/image\/","url":"https:\/\/tzionlibreria.com\/wp-content\/uploads\/2023\/10\/cropped-Cuadricula-scaled-1.jpg","contentUrl":"https:\/\/tzionlibreria.com\/wp-content\/uploads\/2023\/10\/cropped-Cuadricula-scaled-1.jpg","width":2560,"height":2560,"caption":"tzionlibreria.com"},"image":{"@id":"https:\/\/tzionlibreria.com\/#\/schema\/logo\/image\/"}}]}},"jetpack_sharing_enabled":true,"_links":{"self":[{"href":"https:\/\/tzionlibreria.com\/index.php\/wp-json\/wp\/v2\/product\/6903","targetHints":{"allow":["GET"]}}],"collection":[{"href":"https:\/\/tzionlibreria.com\/index.php\/wp-json\/wp\/v2\/product"}],"about":[{"href":"https:\/\/tzionlibreria.com\/index.php\/wp-json\/wp\/v2\/types\/product"}],"replies":[{"embeddable":true,"href":"https:\/\/tzionlibreria.com\/index.php\/wp-json\/wp\/v2\/comments?post=6903"}],"wp:featuredmedia":[{"embeddable":true,"href":"https:\/\/tzionlibreria.com\/index.php\/wp-json\/wp\/v2\/media\/6905"}],"wp:attachment":[{"href":"https:\/\/tzionlibreria.com\/index.php\/wp-json\/wp\/v2\/media?parent=6903"}],"wp:term":[{"taxonomy":"product_brand","embeddable":true,"href":"https:\/\/tzionlibreria.com\/index.php\/wp-json\/wp\/v2\/product_brand?post=6903"},{"taxonomy":"product_cat","embeddable":true,"href":"https:\/\/tzionlibreria.com\/index.php\/wp-json\/wp\/v2\/product_cat?post=6903"},{"taxonomy":"product_tag","embeddable":true,"href":"https:\/\/tzionlibreria.com\/index.php\/wp-json\/wp\/v2\/product_tag?post=6903"}],"curies":[{"name":"wp","href":"https:\/\/api.w.org\/{rel}","templated":true}]}}