{"id":6915,"date":"2026-02-14T17:40:38","date_gmt":"2026-02-14T17:40:38","guid":{"rendered":"https:\/\/tzionlibreria.com\/?post_type=product&#038;p=6915"},"modified":"2026-02-14T17:40:44","modified_gmt":"2026-02-14T17:40:44","slug":"no-temere-in-christ-kids","status":"publish","type":"product","link":"https:\/\/tzionlibreria.com\/index.php\/product\/no-temere-in-christ-kids\/","title":{"rendered":"No Temer\u00e9 \u2013 In Christ Kids"},"content":{"rendered":"<ul class=\"tabs wc-tabs\" role=\"tablist\">\n<li id=\"tab-title-description\" class=\"description_tab active\" role=\"presentation\"><a tabindex=\"0\" role=\"tab\" href=\"https:\/\/libreria247.com\/producto\/no-temere-in-christ-kids\/#tab-description\" aria-controls=\"tab-description\" aria-selected=\"true\"> Descripci\u00f3n <\/a><\/li>\n<li id=\"tab-title-reviews\" class=\"reviews_tab\" role=\"presentation\"><a tabindex=\"-1\" role=\"tab\" href=\"https:\/\/libreria247.com\/producto\/no-temere-in-christ-kids\/#tab-reviews\" aria-controls=\"tab-reviews\" aria-selected=\"false\"> Valoraciones (0) <\/a><\/li>\n<\/ul>\n<div id=\"tab-description\" class=\"woocommerce-Tabs-panel woocommerce-Tabs-panel--description panel entry-content wc-tab\" role=\"tabpanel\" aria-labelledby=\"tab-title-description\">\n<p data-start=\"0\" data-end=\"284\"><strong><img decoding=\"async\" class=\"emoji\" role=\"img\" draggable=\"false\" src=\"https:\/\/s.w.org\/images\/core\/emoji\/17.0.2\/svg\/1f411.svg\" alt=\"\ud83d\udc11\" \/>\u00a0 Cuento infantil ilustrado basado en el Salmo 3.<\/strong><\/p>\n<p data-start=\"321\" data-end=\"562\"><em data-start=\"321\" data-end=\"337\">La ovejita Joy<\/em> vive en un prado lleno de aventuras, pero un d\u00eda, una tormenta de miedo oscurece su coraz\u00f3n. Los rugidos, sombras y ruidos extra\u00f1os la hacen correr y esconderse. Pero entonces recuerda algo muy especial: \u00a1Dios est\u00e1 con ella!<\/p>\n<p data-start=\"564\" data-end=\"870\">Inspirado en el Salmo 3, este cuento lleno de color y ternura ense\u00f1a a los ni\u00f1os y ni\u00f1as a confiar en Dios incluso en medio del miedo. Con frases sencillas y poderosas como: <strong data-start=\"740\" data-end=\"776\">\u201cNo temer\u00e9, porque T\u00fa me rodeas\u201d<\/strong>, l os peque\u00f1os aprenden que no est\u00e1n solos, que siempre hay una voz de amor que los protege.<\/p>\n<p data-start=\"877\" data-end=\"912\"><strong><img decoding=\"async\" class=\"emoji\" role=\"img\" draggable=\"false\" src=\"https:\/\/s.w.org\/images\/core\/emoji\/17.0.2\/svg\/1f4f2.svg\" alt=\"\ud83d\udcf2\" \/> Contenido interactivo con QR:\u00a0<\/strong><\/p>\n<p data-start=\"913\" data-end=\"978\">Incluye un <strong data-start=\"924\" data-end=\"937\">c\u00f3digo QR<\/strong> que lleva a una experiencia interactiva:<\/p>\n<ul data-start=\"979\" data-end=\"1158\">\n<li data-start=\"979\" data-end=\"1031\">\n<p data-start=\"981\" data-end=\"1031\"><img decoding=\"async\" class=\"emoji\" role=\"img\" draggable=\"false\" src=\"https:\/\/s.w.org\/images\/core\/emoji\/17.0.2\/svg\/1f3b5.svg\" alt=\"\ud83c\udfb5\" \/> <strong data-start=\"984\" data-end=\"1008\">Canciones infantiles<\/strong> basadas en vers\u00edculos.<\/p>\n<\/li>\n<li data-start=\"1032\" data-end=\"1099\">\n<p data-start=\"1034\" data-end=\"1099\"><img decoding=\"async\" class=\"emoji\" role=\"img\" draggable=\"false\" src=\"https:\/\/s.w.org\/images\/core\/emoji\/17.0.2\/svg\/1f4f9.svg\" alt=\"\ud83d\udcf9\" \/> <strong data-start=\"1037\" data-end=\"1056\">Videos animados<\/strong> que narran la historia con voces y m\u00fasica.<\/p>\n<\/li>\n<\/ul>\n<p data-start=\"810\" data-end=\"825\"><strong>Ideal para:<\/strong><\/p>\n<ul data-start=\"826\" data-end=\"928\">\n<li data-start=\"826\" data-end=\"850\">\n<p data-start=\"828\" data-end=\"850\">Escuelas dominicales<\/p>\n<\/li>\n<li data-start=\"851\" data-end=\"875\">\n<p data-start=\"853\" data-end=\"875\">Devocionales en casa<\/p>\n<\/li>\n<li data-start=\"876\" data-end=\"901\">\n<p data-start=\"878\" data-end=\"901\">Regalos con prop\u00f3sito<\/p>\n<\/li>\n<li data-start=\"902\" data-end=\"928\">\n<p data-start=\"904\" data-end=\"928\">Ni\u00f1os entre 3 y 8 a\u00f1os<\/p>\n<\/li>\n<\/ul>\n<p data-start=\"0\" data-end=\"284\">ISBN :9789587372489<\/p>\n<p>Editorial: Desaf\u00edo<\/p>\n<p>Historia y adaptaci\u00f3n de texto: Emil Andr\u00e9s Mena<\/p>\n<p>Ilustraci\u00f3n: Andr\u00e9s Polanco.<\/p>\n<p>Dimensiones:20 x 20 x 0,5 cm<\/p>\n<p>&nbsp;<\/p>\n<p><span class=\"yt-core-attributed-string--link-inherit-color\" dir=\"auto\"><a class=\"yt-core-attributed-string__link yt-core-attributed-string__link--call-to-action-color\" tabindex=\"0\" href=\"https:\/\/www.youtube.com\/hashtag\/inchristkids\" target=\"\">#inchristkids<\/a><\/span>\u00a0<span class=\"yt-core-attributed-string--link-inherit-color\" dir=\"auto\"><a class=\"yt-core-attributed-string__link yt-core-attributed-string__link--call-to-action-color\" tabindex=\"0\" href=\"https:\/\/www.youtube.com\/hashtag\/cancionesinfantiles\" target=\"\">#cancionesinfantiles<\/a><\/span>\u00a0<span class=\"yt-core-attributed-string--link-inherit-color\" dir=\"auto\"><a class=\"yt-core-attributed-string__link yt-core-attributed-string__link--call-to-action-color\" tabindex=\"0\" href=\"https:\/\/www.youtube.com\/hashtag\/musicaparani%C3%B1os\" target=\"\">#musicaparani\u00f1os<\/a><\/span><span class=\"yt-core-attributed-string--link-inherit-color\" dir=\"auto\">\u00a0#escueladominical<\/span><\/p>\n<\/div>\n","protected":false},"excerpt":{"rendered":"<p>Descripci\u00f3n Valoraciones (0) \u00a0 Cuento infantil ilustrado basado en el Salmo 3. La ovejita Joy vive en un prado lleno de aventuras, pero un d\u00eda, una tormenta de miedo oscurece su coraz\u00f3n. Los rugidos, sombras y ruidos extra\u00f1os la hacen correr y esconderse. Pero entonces recuerda algo muy especial: \u00a1Dios est\u00e1 con ella! Inspirado en [&hellip;]<\/p>\n","protected":false},"featured_media":6920,"comment_status":"open","ping_status":"closed","template":"","meta":{"om_disable_all_campaigns":false,"_monsterinsights_skip_tracking":false,"_monsterinsights_sitenote_active":false,"_monsterinsights_sitenote_note":"","_monsterinsights_sitenote_category":0,"site-sidebar-layout":"default","site-content-layout":"","ast-site-content-layout":"default","site-content-style":"default","site-sidebar-style":"default","ast-global-header-display":"","ast-banner-title-visibility":"","ast-main-header-display":"","ast-hfb-above-header-display":"","ast-hfb-below-header-display":"","ast-hfb-mobile-header-display":"","site-post-title":"","ast-breadcrumbs-content":"","ast-featured-img":"","footer-sml-layout":"","ast-disable-related-posts":"","theme-transparent-header-meta":"default","adv-header-id-meta":"","stick-header-meta":"","header-above-stick-meta":"","header-main-stick-meta":"","header-below-stick-meta":"","astra-migrate-meta-layouts":"set","ast-page-background-enabled":"default","ast-page-background-meta":{"desktop":{"background-color":"var(--ast-global-color-4)","background-image":"","background-repeat":"repeat","background-position":"center center","background-size":"auto","background-attachment":"scroll","background-type":"","background-media":"","overlay-type":"","overlay-color":"","overlay-opacity":"","overlay-gradient":""},"tablet":{"background-color":"","background-image":"","background-repeat":"repeat","background-position":"center center","background-size":"auto","background-attachment":"scroll","background-type":"","background-media":"","overlay-type":"","overlay-color":"","overlay-opacity":"","overlay-gradient":""},"mobile":{"background-color":"","background-image":"","background-repeat":"repeat","background-position":"center center","background-size":"auto","background-attachment":"scroll","background-type":"","background-media":"","overlay-type":"","overlay-color":"","overlay-opacity":"","overlay-gradient":""}},"ast-content-background-meta":{"desktop":{"background-color":"var(--ast-global-color-5)","background-image":"","background-repeat":"repeat","background-position":"center center","background-size":"auto","background-attachment":"scroll","background-type":"","background-media":"","overlay-type":"","overlay-color":"","overlay-opacity":"","overlay-gradient":""},"tablet":{"background-color":"var(--ast-global-color-5)","background-image":"","background-repeat":"repeat","background-position":"center center","background-size":"auto","background-attachment":"scroll","background-type":"","background-media":"","overlay-type":"","overlay-color":"","overlay-opacity":"","overlay-gradient":""},"mobile":{"background-color":"var(--ast-global-color-5)","background-image":"","background-repeat":"repeat","background-position":"center center","background-size":"auto","background-attachment":"scroll","background-type":"","background-media":"","overlay-type":"","overlay-color":"","overlay-opacity":"","overlay-gradient":""}}},"product_brand":[],"product_cat":[313,25,209],"product_tag":[],"class_list":{"0":"post-6915","1":"product","2":"type-product","3":"status-publish","4":"has-post-thumbnail","6":"product_cat-colorear","7":"product_cat-kids","8":"product_cat-libros-kids","9":"desktop-align-left","10":"tablet-align-left","11":"mobile-align-left","13":"first","14":"instock","15":"shipping-taxable","16":"purchasable","17":"product-type-simple"},"yoast_head":"<!-- This site is optimized with the Yoast SEO plugin v27.4 - https:\/\/yoast.com\/product\/yoast-seo-wordpress\/ -->\n<title>No Temer\u00e9 \u2013 In Christ Kids - tzionlibreria.com<\/title>\n<meta name=\"robots\" content=\"index, follow, max-snippet:-1, max-image-preview:large, max-video-preview:-1\" \/>\n<link rel=\"canonical\" href=\"https:\/\/tzionlibreria.com\/index.php\/product\/no-temere-in-christ-kids\/\" \/>\n<meta property=\"og:locale\" content=\"es_ES\" \/>\n<meta property=\"og:type\" content=\"article\" \/>\n<meta property=\"og:title\" content=\"No Temer\u00e9 \u2013 In Christ Kids - tzionlibreria.com\" \/>\n<meta property=\"og:description\" content=\"Descripci\u00f3n Valoraciones (0) \u00a0 Cuento infantil ilustrado basado en el Salmo 3. La ovejita Joy vive en un prado lleno de aventuras, pero un d\u00eda, una tormenta de miedo oscurece su coraz\u00f3n. Los rugidos, sombras y ruidos extra\u00f1os la hacen correr y esconderse. Pero entonces recuerda algo muy especial: \u00a1Dios est\u00e1 con ella! Inspirado en [&hellip;]\" \/>\n<meta property=\"og:url\" content=\"https:\/\/tzionlibreria.com\/index.php\/product\/no-temere-in-christ-kids\/\" \/>\n<meta property=\"og:site_name\" content=\"tzionlibreria.com\" \/>\n<meta property=\"article:modified_time\" content=\"2026-02-14T17:40:44+00:00\" \/>\n<meta property=\"og:image\" content=\"http:\/\/tzionlibreria.com\/wp-content\/uploads\/2026\/02\/9789587372489.jpg\" \/>\n\t<meta property=\"og:image:width\" content=\"1200\" \/>\n\t<meta property=\"og:image:height\" content=\"1200\" \/>\n\t<meta property=\"og:image:type\" content=\"image\/jpeg\" \/>\n<meta name=\"twitter:card\" content=\"summary_large_image\" \/>\n<meta name=\"twitter:label1\" content=\"Tiempo de lectura\" \/>\n\t<meta name=\"twitter:data1\" content=\"2 minutos\" \/>\n<script type=\"application\/ld+json\" class=\"yoast-schema-graph\">{\"@context\":\"https:\\\/\\\/schema.org\",\"@graph\":[{\"@type\":\"WebPage\",\"@id\":\"https:\\\/\\\/tzionlibreria.com\\\/index.php\\\/product\\\/no-temere-in-christ-kids\\\/\",\"url\":\"https:\\\/\\\/tzionlibreria.com\\\/index.php\\\/product\\\/no-temere-in-christ-kids\\\/\",\"name\":\"No Temer\u00e9 \u2013 In Christ Kids - tzionlibreria.com\",\"isPartOf\":{\"@id\":\"https:\\\/\\\/tzionlibreria.com\\\/#website\"},\"primaryImageOfPage\":{\"@id\":\"https:\\\/\\\/tzionlibreria.com\\\/index.php\\\/product\\\/no-temere-in-christ-kids\\\/#primaryimage\"},\"image\":{\"@id\":\"https:\\\/\\\/tzionlibreria.com\\\/index.php\\\/product\\\/no-temere-in-christ-kids\\\/#primaryimage\"},\"thumbnailUrl\":\"https:\\\/\\\/tzionlibreria.com\\\/wp-content\\\/uploads\\\/2026\\\/02\\\/9789587372489.jpg\",\"datePublished\":\"2026-02-14T17:40:38+00:00\",\"dateModified\":\"2026-02-14T17:40:44+00:00\",\"breadcrumb\":{\"@id\":\"https:\\\/\\\/tzionlibreria.com\\\/index.php\\\/product\\\/no-temere-in-christ-kids\\\/#breadcrumb\"},\"inLanguage\":\"es-CO\",\"potentialAction\":[{\"@type\":\"ReadAction\",\"target\":[\"https:\\\/\\\/tzionlibreria.com\\\/index.php\\\/product\\\/no-temere-in-christ-kids\\\/\"]}]},{\"@type\":\"ImageObject\",\"inLanguage\":\"es-CO\",\"@id\":\"https:\\\/\\\/tzionlibreria.com\\\/index.php\\\/product\\\/no-temere-in-christ-kids\\\/#primaryimage\",\"url\":\"https:\\\/\\\/tzionlibreria.com\\\/wp-content\\\/uploads\\\/2026\\\/02\\\/9789587372489.jpg\",\"contentUrl\":\"https:\\\/\\\/tzionlibreria.com\\\/wp-content\\\/uploads\\\/2026\\\/02\\\/9789587372489.jpg\",\"width\":1200,\"height\":1200},{\"@type\":\"BreadcrumbList\",\"@id\":\"https:\\\/\\\/tzionlibreria.com\\\/index.php\\\/product\\\/no-temere-in-christ-kids\\\/#breadcrumb\",\"itemListElement\":[{\"@type\":\"ListItem\",\"position\":1,\"name\":\"Inicio\",\"item\":\"https:\\\/\\\/tzionlibreria.com\\\/\"},{\"@type\":\"ListItem\",\"position\":2,\"name\":\"Shop\",\"item\":\"https:\\\/\\\/tzionlibreria.com\\\/index.php\\\/shop\\\/\"},{\"@type\":\"ListItem\",\"position\":3,\"name\":\"No Temer\u00e9 \u2013 In Christ Kids\"}]},{\"@type\":\"WebSite\",\"@id\":\"https:\\\/\\\/tzionlibreria.com\\\/#website\",\"url\":\"https:\\\/\\\/tzionlibreria.com\\\/\",\"name\":\"tzionlibreria.com\",\"description\":\"Libreria Cristiana Venezuela\",\"publisher\":{\"@id\":\"https:\\\/\\\/tzionlibreria.com\\\/#organization\"},\"potentialAction\":[{\"@type\":\"SearchAction\",\"target\":{\"@type\":\"EntryPoint\",\"urlTemplate\":\"https:\\\/\\\/tzionlibreria.com\\\/?s={search_term_string}\"},\"query-input\":{\"@type\":\"PropertyValueSpecification\",\"valueRequired\":true,\"valueName\":\"search_term_string\"}}],\"inLanguage\":\"es-CO\"},{\"@type\":\"Organization\",\"@id\":\"https:\\\/\\\/tzionlibreria.com\\\/#organization\",\"name\":\"tzionlibreria.com\",\"url\":\"https:\\\/\\\/tzionlibreria.com\\\/\",\"logo\":{\"@type\":\"ImageObject\",\"inLanguage\":\"es-CO\",\"@id\":\"https:\\\/\\\/tzionlibreria.com\\\/#\\\/schema\\\/logo\\\/image\\\/\",\"url\":\"https:\\\/\\\/tzionlibreria.com\\\/wp-content\\\/uploads\\\/2023\\\/10\\\/cropped-Cuadricula-scaled-1.jpg\",\"contentUrl\":\"https:\\\/\\\/tzionlibreria.com\\\/wp-content\\\/uploads\\\/2023\\\/10\\\/cropped-Cuadricula-scaled-1.jpg\",\"width\":2560,\"height\":2560,\"caption\":\"tzionlibreria.com\"},\"image\":{\"@id\":\"https:\\\/\\\/tzionlibreria.com\\\/#\\\/schema\\\/logo\\\/image\\\/\"}}]}<\/script>\n<!-- \/ Yoast SEO plugin. -->","yoast_head_json":{"title":"No Temer\u00e9 \u2013 In Christ Kids - tzionlibreria.com","robots":{"index":"index","follow":"follow","max-snippet":"max-snippet:-1","max-image-preview":"max-image-preview:large","max-video-preview":"max-video-preview:-1"},"canonical":"https:\/\/tzionlibreria.com\/index.php\/product\/no-temere-in-christ-kids\/","og_locale":"es_ES","og_type":"article","og_title":"No Temer\u00e9 \u2013 In Christ Kids - tzionlibreria.com","og_description":"Descripci\u00f3n Valoraciones (0) \u00a0 Cuento infantil ilustrado basado en el Salmo 3. La ovejita Joy vive en un prado lleno de aventuras, pero un d\u00eda, una tormenta de miedo oscurece su coraz\u00f3n. Los rugidos, sombras y ruidos extra\u00f1os la hacen correr y esconderse. Pero entonces recuerda algo muy especial: \u00a1Dios est\u00e1 con ella! Inspirado en [&hellip;]","og_url":"https:\/\/tzionlibreria.com\/index.php\/product\/no-temere-in-christ-kids\/","og_site_name":"tzionlibreria.com","article_modified_time":"2026-02-14T17:40:44+00:00","og_image":[{"width":1200,"height":1200,"url":"http:\/\/tzionlibreria.com\/wp-content\/uploads\/2026\/02\/9789587372489.jpg","type":"image\/jpeg"}],"twitter_card":"summary_large_image","twitter_misc":{"Tiempo de lectura":"2 minutos"},"schema":{"@context":"https:\/\/schema.org","@graph":[{"@type":"WebPage","@id":"https:\/\/tzionlibreria.com\/index.php\/product\/no-temere-in-christ-kids\/","url":"https:\/\/tzionlibreria.com\/index.php\/product\/no-temere-in-christ-kids\/","name":"No Temer\u00e9 \u2013 In Christ Kids - tzionlibreria.com","isPartOf":{"@id":"https:\/\/tzionlibreria.com\/#website"},"primaryImageOfPage":{"@id":"https:\/\/tzionlibreria.com\/index.php\/product\/no-temere-in-christ-kids\/#primaryimage"},"image":{"@id":"https:\/\/tzionlibreria.com\/index.php\/product\/no-temere-in-christ-kids\/#primaryimage"},"thumbnailUrl":"https:\/\/tzionlibreria.com\/wp-content\/uploads\/2026\/02\/9789587372489.jpg","datePublished":"2026-02-14T17:40:38+00:00","dateModified":"2026-02-14T17:40:44+00:00","breadcrumb":{"@id":"https:\/\/tzionlibreria.com\/index.php\/product\/no-temere-in-christ-kids\/#breadcrumb"},"inLanguage":"es-CO","potentialAction":[{"@type":"ReadAction","target":["https:\/\/tzionlibreria.com\/index.php\/product\/no-temere-in-christ-kids\/"]}]},{"@type":"ImageObject","inLanguage":"es-CO","@id":"https:\/\/tzionlibreria.com\/index.php\/product\/no-temere-in-christ-kids\/#primaryimage","url":"https:\/\/tzionlibreria.com\/wp-content\/uploads\/2026\/02\/9789587372489.jpg","contentUrl":"https:\/\/tzionlibreria.com\/wp-content\/uploads\/2026\/02\/9789587372489.jpg","width":1200,"height":1200},{"@type":"BreadcrumbList","@id":"https:\/\/tzionlibreria.com\/index.php\/product\/no-temere-in-christ-kids\/#breadcrumb","itemListElement":[{"@type":"ListItem","position":1,"name":"Inicio","item":"https:\/\/tzionlibreria.com\/"},{"@type":"ListItem","position":2,"name":"Shop","item":"https:\/\/tzionlibreria.com\/index.php\/shop\/"},{"@type":"ListItem","position":3,"name":"No Temer\u00e9 \u2013 In Christ Kids"}]},{"@type":"WebSite","@id":"https:\/\/tzionlibreria.com\/#website","url":"https:\/\/tzionlibreria.com\/","name":"tzionlibreria.com","description":"Libreria Cristiana Venezuela","publisher":{"@id":"https:\/\/tzionlibreria.com\/#organization"},"potentialAction":[{"@type":"SearchAction","target":{"@type":"EntryPoint","urlTemplate":"https:\/\/tzionlibreria.com\/?s={search_term_string}"},"query-input":{"@type":"PropertyValueSpecification","valueRequired":true,"valueName":"search_term_string"}}],"inLanguage":"es-CO"},{"@type":"Organization","@id":"https:\/\/tzionlibreria.com\/#organization","name":"tzionlibreria.com","url":"https:\/\/tzionlibreria.com\/","logo":{"@type":"ImageObject","inLanguage":"es-CO","@id":"https:\/\/tzionlibreria.com\/#\/schema\/logo\/image\/","url":"https:\/\/tzionlibreria.com\/wp-content\/uploads\/2023\/10\/cropped-Cuadricula-scaled-1.jpg","contentUrl":"https:\/\/tzionlibreria.com\/wp-content\/uploads\/2023\/10\/cropped-Cuadricula-scaled-1.jpg","width":2560,"height":2560,"caption":"tzionlibreria.com"},"image":{"@id":"https:\/\/tzionlibreria.com\/#\/schema\/logo\/image\/"}}]}},"jetpack_sharing_enabled":true,"_links":{"self":[{"href":"https:\/\/tzionlibreria.com\/index.php\/wp-json\/wp\/v2\/product\/6915","targetHints":{"allow":["GET"]}}],"collection":[{"href":"https:\/\/tzionlibreria.com\/index.php\/wp-json\/wp\/v2\/product"}],"about":[{"href":"https:\/\/tzionlibreria.com\/index.php\/wp-json\/wp\/v2\/types\/product"}],"replies":[{"embeddable":true,"href":"https:\/\/tzionlibreria.com\/index.php\/wp-json\/wp\/v2\/comments?post=6915"}],"wp:featuredmedia":[{"embeddable":true,"href":"https:\/\/tzionlibreria.com\/index.php\/wp-json\/wp\/v2\/media\/6920"}],"wp:attachment":[{"href":"https:\/\/tzionlibreria.com\/index.php\/wp-json\/wp\/v2\/media?parent=6915"}],"wp:term":[{"taxonomy":"product_brand","embeddable":true,"href":"https:\/\/tzionlibreria.com\/index.php\/wp-json\/wp\/v2\/product_brand?post=6915"},{"taxonomy":"product_cat","embeddable":true,"href":"https:\/\/tzionlibreria.com\/index.php\/wp-json\/wp\/v2\/product_cat?post=6915"},{"taxonomy":"product_tag","embeddable":true,"href":"https:\/\/tzionlibreria.com\/index.php\/wp-json\/wp\/v2\/product_tag?post=6915"}],"curies":[{"name":"wp","href":"https:\/\/api.w.org\/{rel}","templated":true}]}}