{"id":6930,"date":"2026-02-14T17:53:41","date_gmt":"2026-02-14T17:53:41","guid":{"rendered":"https:\/\/tzionlibreria.com\/?post_type=product&#038;p=6930"},"modified":"2026-02-14T17:53:41","modified_gmt":"2026-02-14T17:53:41","slug":"no-temere-libro-para-colorear-in-christ-kids","status":"publish","type":"product","link":"https:\/\/tzionlibreria.com\/index.php\/product\/no-temere-libro-para-colorear-in-christ-kids\/","title":{"rendered":"No Temer\u00e9 \u2013 Libro para Colorear \u2013 In Christ Kids"},"content":{"rendered":"<ul class=\"tabs wc-tabs\" role=\"tablist\">\n<li id=\"tab-title-description\" class=\"description_tab active\" role=\"presentation\"><a tabindex=\"0\" role=\"tab\" href=\"https:\/\/libreria247.com\/producto\/no-temere-libro-para-colorear-in-christ-kids\/#tab-description\" aria-controls=\"tab-description\" aria-selected=\"true\"> Descripci\u00f3n <\/a><\/li>\n<li id=\"tab-title-reviews\" class=\"reviews_tab\" role=\"presentation\"><a tabindex=\"-1\" role=\"tab\" href=\"https:\/\/libreria247.com\/producto\/no-temere-libro-para-colorear-in-christ-kids\/#tab-reviews\" aria-controls=\"tab-reviews\" aria-selected=\"false\"> Valoraciones (0) <\/a><\/li>\n<\/ul>\n<div id=\"tab-description\" class=\"woocommerce-Tabs-panel woocommerce-Tabs-panel--description panel entry-content wc-tab\" role=\"tabpanel\" aria-labelledby=\"tab-title-description\">\n<h3 data-start=\"144\" data-end=\"188\"><img decoding=\"async\" class=\"emoji\" role=\"img\" draggable=\"false\" src=\"https:\/\/s.w.org\/images\/core\/emoji\/17.0.2\/svg\/1f411.svg\" alt=\"\ud83d\udc11\" \/><img decoding=\"async\" class=\"emoji\" role=\"img\" draggable=\"false\" src=\"https:\/\/s.w.org\/images\/core\/emoji\/17.0.2\/svg\/1f3a8.svg\" alt=\"\ud83c\udfa8\" \/> <em data-start=\"153\" data-end=\"186\">No Temer\u00e9 \u2013 Libro para Colorear<\/em><\/h3>\n<p>&nbsp;<\/p>\n<p data-start=\"189\" data-end=\"233\"><strong data-start=\"189\" data-end=\"233\">Basado en el Salmo 3 \u2013 de In Christ Kids<\/strong><\/p>\n<p data-start=\"235\" data-end=\"465\">Una herramienta creativa para sembrar fe y valent\u00eda en los corazones peque\u00f1os.<br data-start=\"313\" data-end=\"316\" \/>Este libro para colorear acompa\u00f1a a <em data-start=\"352\" data-end=\"368\">la ovejita Joy<\/em> en una historia inspirada en el Salmo 3, donde el amor de Dios es el refugio en medio del temor.<\/p>\n<p data-start=\"467\" data-end=\"500\">Cada p\u00e1gina invita a los ni\u00f1os a:<\/p>\n<ul data-start=\"501\" data-end=\"696\">\n<li data-start=\"501\" data-end=\"562\">\n<p data-start=\"503\" data-end=\"562\"><img decoding=\"async\" class=\"emoji\" role=\"img\" draggable=\"false\" src=\"https:\/\/s.w.org\/images\/core\/emoji\/17.0.2\/svg\/1f58d.svg\" alt=\"\ud83d\udd8d\ufe0f\" \/> Colorear escenas llenas de ternura y mensaje b\u00edblico.<\/p>\n<\/li>\n<li data-start=\"563\" data-end=\"626\">\n<p data-start=\"565\" data-end=\"626\"><img decoding=\"async\" class=\"emoji\" role=\"img\" draggable=\"false\" src=\"https:\/\/s.w.org\/images\/core\/emoji\/17.0.2\/svg\/1f4d6.svg\" alt=\"\ud83d\udcd6\" \/> Memorizar vers\u00edculos del Salmo 3 con palabras sencillas.<\/p>\n<\/li>\n<li data-start=\"627\" data-end=\"696\">\n<p data-start=\"629\" data-end=\"696\"><img decoding=\"async\" class=\"emoji\" role=\"img\" draggable=\"false\" src=\"https:\/\/s.w.org\/images\/core\/emoji\/17.0.2\/svg\/1f64f.svg\" alt=\"\ud83d\ude4f\" \/> Reflexionar en familia sobre el cuidado y la protecci\u00f3n de Dios.<\/p>\n<\/li>\n<\/ul>\n<h3 data-start=\"703\" data-end=\"726\">Contenido especial:<\/h3>\n<ul data-start=\"727\" data-end=\"885\">\n<li data-start=\"727\" data-end=\"781\">\n<p data-start=\"729\" data-end=\"781\"><img decoding=\"async\" class=\"emoji\" role=\"img\" draggable=\"false\" src=\"https:\/\/s.w.org\/images\/core\/emoji\/17.0.2\/svg\/271d.svg\" alt=\"\u271d\ufe0f\" \/> Vers\u00edculos ilustrados para colorear y aprender.<\/p>\n<\/li>\n<li data-start=\"782\" data-end=\"835\">\n<p data-start=\"784\" data-end=\"835\"><img decoding=\"async\" class=\"emoji\" role=\"img\" draggable=\"false\" src=\"https:\/\/s.w.org\/images\/core\/emoji\/17.0.2\/svg\/1f3b6.svg\" alt=\"\ud83c\udfb6\" \/> C\u00f3digo QR con canciones y videos interactivos.<\/p>\n<\/li>\n<li data-start=\"836\" data-end=\"885\">\n<p data-start=\"838\" data-end=\"885\"><img decoding=\"async\" class=\"emoji\" role=\"img\" draggable=\"false\" src=\"https:\/\/s.w.org\/images\/core\/emoji\/17.0.2\/svg\/1f9e0.svg\" alt=\"\ud83e\udde0\" \/> Actividades de fe: conecta arte + Palabra.<\/p>\n<\/li>\n<\/ul>\n<p data-start=\"892\" data-end=\"1002\"><img decoding=\"async\" class=\"emoji\" role=\"img\" draggable=\"false\" src=\"https:\/\/s.w.org\/images\/core\/emoji\/17.0.2\/svg\/2728.svg\" alt=\"\u2728\" \/> Ideal para ni\u00f1os de 3 a 8 a\u00f1os, devocionales en casa, escuelas cristianas y momentos de paz antes de dormir.<\/p>\n<p data-start=\"1004\" data-end=\"1085\"><strong data-start=\"1004\" data-end=\"1085\">\u201cT\u00fa, Se\u00f1or, eres mi escudo; mi gloria, el que levanta mi cabeza.\u201d \u2013 Salmo 3:3<\/strong><\/p>\n<p data-start=\"810\" data-end=\"825\"><strong>Ideal para:<\/strong><\/p>\n<ul data-start=\"826\" data-end=\"928\">\n<li data-start=\"826\" data-end=\"850\">\n<p data-start=\"828\" data-end=\"850\">Escuelas dominicales<\/p>\n<\/li>\n<li data-start=\"851\" data-end=\"875\">\n<p data-start=\"853\" data-end=\"875\">Devocionales en casa<\/p>\n<\/li>\n<li data-start=\"876\" data-end=\"901\">\n<p data-start=\"878\" data-end=\"901\">Regalos con prop\u00f3sito<\/p>\n<\/li>\n<li data-start=\"902\" data-end=\"928\">\n<p data-start=\"904\" data-end=\"928\">Ni\u00f1os entre 3 y 8 a\u00f1os<\/p>\n<\/li>\n<\/ul>\n<p data-start=\"0\" data-end=\"284\">ISBN : 9789587372496<\/p>\n<p>Editorial: Desaf\u00edo<\/p>\n<p>Historia y adaptaci\u00f3n de texto: Emil Andr\u00e9s Mena<\/p>\n<p>Ilustraci\u00f3n: Andr\u00e9s Polanco.<\/p>\n<p>Dimensiones:20 x 20 x 0,5 cm<\/p>\n<p>&nbsp;<\/p>\n<p><span class=\"yt-core-attributed-string--link-inherit-color\" dir=\"auto\"><a class=\"yt-core-attributed-string__link yt-core-attributed-string__link--call-to-action-color\" tabindex=\"0\" href=\"https:\/\/www.youtube.com\/hashtag\/inchristkids\" target=\"\">#inchristkids<\/a><\/span>\u00a0<span class=\"yt-core-attributed-string--link-inherit-color\" dir=\"auto\"><a class=\"yt-core-attributed-string__link yt-core-attributed-string__link--call-to-action-color\" tabindex=\"0\" href=\"https:\/\/www.youtube.com\/hashtag\/cancionesinfantiles\" target=\"\">#cancionesinfantiles<\/a><\/span>\u00a0<span class=\"yt-core-attributed-string--link-inherit-color\" dir=\"auto\"><a class=\"yt-core-attributed-string__link yt-core-attributed-string__link--call-to-action-color\" tabindex=\"0\" href=\"https:\/\/www.youtube.com\/hashtag\/musicaparani%C3%B1os\" target=\"\">#musicaparani\u00f1os<\/a><\/span><span class=\"yt-core-attributed-string--link-inherit-color\" dir=\"auto\">\u00a0#escueladominical<\/span>1<\/p>\n<div class=\"ast-oembed-container \" style=\"height: 100%;\"><iframe title=\"No Temer\u00e9 \ud83c\udfba Canciones Infantiles\ud83d\ude04 In Christ Kids\u2728 (Video Oficial)\" width=\"500\" height=\"281\" src=\"https:\/\/www.youtube.com\/embed\/p5ierrQEVaU?feature=oembed\" frameborder=\"0\" allow=\"accelerometer; autoplay; clipboard-write; encrypted-media; gyroscope; picture-in-picture; web-share\" referrerpolicy=\"strict-origin-when-cross-origin\" allowfullscreen><\/iframe><\/div>\n<\/div>\n","protected":false},"excerpt":{"rendered":"<p>Descripci\u00f3n Valoraciones (0) No Temer\u00e9 \u2013 Libro para Colorear &nbsp; Basado en el Salmo 3 \u2013 de In Christ Kids Una herramienta creativa para sembrar fe y valent\u00eda en los corazones peque\u00f1os.Este libro para colorear acompa\u00f1a a la ovejita Joy en una historia inspirada en el Salmo 3, donde el amor de Dios es el [&hellip;]<\/p>\n","protected":false},"featured_media":6936,"comment_status":"open","ping_status":"closed","template":"","meta":{"om_disable_all_campaigns":false,"_monsterinsights_skip_tracking":false,"_monsterinsights_sitenote_active":false,"_monsterinsights_sitenote_note":"","_monsterinsights_sitenote_category":0,"site-sidebar-layout":"default","site-content-layout":"","ast-site-content-layout":"default","site-content-style":"default","site-sidebar-style":"default","ast-global-header-display":"","ast-banner-title-visibility":"","ast-main-header-display":"","ast-hfb-above-header-display":"","ast-hfb-below-header-display":"","ast-hfb-mobile-header-display":"","site-post-title":"","ast-breadcrumbs-content":"","ast-featured-img":"","footer-sml-layout":"","ast-disable-related-posts":"","theme-transparent-header-meta":"default","adv-header-id-meta":"","stick-header-meta":"","header-above-stick-meta":"","header-main-stick-meta":"","header-below-stick-meta":"","astra-migrate-meta-layouts":"set","ast-page-background-enabled":"default","ast-page-background-meta":{"desktop":{"background-color":"var(--ast-global-color-4)","background-image":"","background-repeat":"repeat","background-position":"center center","background-size":"auto","background-attachment":"scroll","background-type":"","background-media":"","overlay-type":"","overlay-color":"","overlay-opacity":"","overlay-gradient":""},"tablet":{"background-color":"","background-image":"","background-repeat":"repeat","background-position":"center center","background-size":"auto","background-attachment":"scroll","background-type":"","background-media":"","overlay-type":"","overlay-color":"","overlay-opacity":"","overlay-gradient":""},"mobile":{"background-color":"","background-image":"","background-repeat":"repeat","background-position":"center center","background-size":"auto","background-attachment":"scroll","background-type":"","background-media":"","overlay-type":"","overlay-color":"","overlay-opacity":"","overlay-gradient":""}},"ast-content-background-meta":{"desktop":{"background-color":"var(--ast-global-color-5)","background-image":"","background-repeat":"repeat","background-position":"center center","background-size":"auto","background-attachment":"scroll","background-type":"","background-media":"","overlay-type":"","overlay-color":"","overlay-opacity":"","overlay-gradient":""},"tablet":{"background-color":"var(--ast-global-color-5)","background-image":"","background-repeat":"repeat","background-position":"center center","background-size":"auto","background-attachment":"scroll","background-type":"","background-media":"","overlay-type":"","overlay-color":"","overlay-opacity":"","overlay-gradient":""},"mobile":{"background-color":"var(--ast-global-color-5)","background-image":"","background-repeat":"repeat","background-position":"center center","background-size":"auto","background-attachment":"scroll","background-type":"","background-media":"","overlay-type":"","overlay-color":"","overlay-opacity":"","overlay-gradient":""}}},"product_brand":[],"product_cat":[313,25,209],"product_tag":[],"class_list":{"0":"post-6930","1":"product","2":"type-product","3":"status-publish","4":"has-post-thumbnail","6":"product_cat-colorear","7":"product_cat-kids","8":"product_cat-libros-kids","9":"desktop-align-left","10":"tablet-align-left","11":"mobile-align-left","13":"first","14":"instock","15":"shipping-taxable","16":"purchasable","17":"product-type-simple"},"yoast_head":"<!-- This site is optimized with the Yoast SEO plugin v27.3 - https:\/\/yoast.com\/product\/yoast-seo-wordpress\/ -->\n<title>No Temer\u00e9 \u2013 Libro para Colorear \u2013 In Christ Kids - tzionlibreria.com<\/title>\n<meta name=\"robots\" content=\"index, follow, max-snippet:-1, max-image-preview:large, max-video-preview:-1\" \/>\n<link rel=\"canonical\" href=\"https:\/\/tzionlibreria.com\/index.php\/product\/no-temere-libro-para-colorear-in-christ-kids\/\" \/>\n<meta property=\"og:locale\" content=\"es_ES\" \/>\n<meta property=\"og:type\" content=\"article\" \/>\n<meta property=\"og:title\" content=\"No Temer\u00e9 \u2013 Libro para Colorear \u2013 In Christ Kids - tzionlibreria.com\" \/>\n<meta property=\"og:description\" content=\"Descripci\u00f3n Valoraciones (0) No Temer\u00e9 \u2013 Libro para Colorear &nbsp; Basado en el Salmo 3 \u2013 de In Christ Kids Una herramienta creativa para sembrar fe y valent\u00eda en los corazones peque\u00f1os.Este libro para colorear acompa\u00f1a a la ovejita Joy en una historia inspirada en el Salmo 3, donde el amor de Dios es el [&hellip;]\" \/>\n<meta property=\"og:url\" content=\"https:\/\/tzionlibreria.com\/index.php\/product\/no-temere-libro-para-colorear-in-christ-kids\/\" \/>\n<meta property=\"og:site_name\" content=\"tzionlibreria.com\" \/>\n<meta property=\"og:image\" content=\"http:\/\/tzionlibreria.com\/wp-content\/uploads\/2026\/02\/9789587372496.jpg\" \/>\n\t<meta property=\"og:image:width\" content=\"1200\" \/>\n\t<meta property=\"og:image:height\" content=\"1200\" \/>\n\t<meta property=\"og:image:type\" content=\"image\/jpeg\" \/>\n<meta name=\"twitter:card\" content=\"summary_large_image\" \/>\n<meta name=\"twitter:label1\" content=\"Tiempo de lectura\" \/>\n\t<meta name=\"twitter:data1\" content=\"3 minutos\" \/>\n<script type=\"application\/ld+json\" class=\"yoast-schema-graph\">{\"@context\":\"https:\\\/\\\/schema.org\",\"@graph\":[{\"@type\":\"WebPage\",\"@id\":\"https:\\\/\\\/tzionlibreria.com\\\/index.php\\\/product\\\/no-temere-libro-para-colorear-in-christ-kids\\\/\",\"url\":\"https:\\\/\\\/tzionlibreria.com\\\/index.php\\\/product\\\/no-temere-libro-para-colorear-in-christ-kids\\\/\",\"name\":\"No Temer\u00e9 \u2013 Libro para Colorear \u2013 In Christ Kids - tzionlibreria.com\",\"isPartOf\":{\"@id\":\"https:\\\/\\\/tzionlibreria.com\\\/#website\"},\"primaryImageOfPage\":{\"@id\":\"https:\\\/\\\/tzionlibreria.com\\\/index.php\\\/product\\\/no-temere-libro-para-colorear-in-christ-kids\\\/#primaryimage\"},\"image\":{\"@id\":\"https:\\\/\\\/tzionlibreria.com\\\/index.php\\\/product\\\/no-temere-libro-para-colorear-in-christ-kids\\\/#primaryimage\"},\"thumbnailUrl\":\"https:\\\/\\\/tzionlibreria.com\\\/wp-content\\\/uploads\\\/2026\\\/02\\\/9789587372496.jpg\",\"datePublished\":\"2026-02-14T17:53:41+00:00\",\"breadcrumb\":{\"@id\":\"https:\\\/\\\/tzionlibreria.com\\\/index.php\\\/product\\\/no-temere-libro-para-colorear-in-christ-kids\\\/#breadcrumb\"},\"inLanguage\":\"es-CO\",\"potentialAction\":[{\"@type\":\"ReadAction\",\"target\":[\"https:\\\/\\\/tzionlibreria.com\\\/index.php\\\/product\\\/no-temere-libro-para-colorear-in-christ-kids\\\/\"]}]},{\"@type\":\"ImageObject\",\"inLanguage\":\"es-CO\",\"@id\":\"https:\\\/\\\/tzionlibreria.com\\\/index.php\\\/product\\\/no-temere-libro-para-colorear-in-christ-kids\\\/#primaryimage\",\"url\":\"https:\\\/\\\/tzionlibreria.com\\\/wp-content\\\/uploads\\\/2026\\\/02\\\/9789587372496.jpg\",\"contentUrl\":\"https:\\\/\\\/tzionlibreria.com\\\/wp-content\\\/uploads\\\/2026\\\/02\\\/9789587372496.jpg\",\"width\":1200,\"height\":1200},{\"@type\":\"BreadcrumbList\",\"@id\":\"https:\\\/\\\/tzionlibreria.com\\\/index.php\\\/product\\\/no-temere-libro-para-colorear-in-christ-kids\\\/#breadcrumb\",\"itemListElement\":[{\"@type\":\"ListItem\",\"position\":1,\"name\":\"Inicio\",\"item\":\"https:\\\/\\\/tzionlibreria.com\\\/\"},{\"@type\":\"ListItem\",\"position\":2,\"name\":\"Shop\",\"item\":\"https:\\\/\\\/tzionlibreria.com\\\/index.php\\\/shop\\\/\"},{\"@type\":\"ListItem\",\"position\":3,\"name\":\"No Temer\u00e9 \u2013 Libro para Colorear \u2013 In Christ Kids\"}]},{\"@type\":\"WebSite\",\"@id\":\"https:\\\/\\\/tzionlibreria.com\\\/#website\",\"url\":\"https:\\\/\\\/tzionlibreria.com\\\/\",\"name\":\"tzionlibreria.com\",\"description\":\"Libreria Cristiana Venezuela\",\"publisher\":{\"@id\":\"https:\\\/\\\/tzionlibreria.com\\\/#organization\"},\"potentialAction\":[{\"@type\":\"SearchAction\",\"target\":{\"@type\":\"EntryPoint\",\"urlTemplate\":\"https:\\\/\\\/tzionlibreria.com\\\/?s={search_term_string}\"},\"query-input\":{\"@type\":\"PropertyValueSpecification\",\"valueRequired\":true,\"valueName\":\"search_term_string\"}}],\"inLanguage\":\"es-CO\"},{\"@type\":\"Organization\",\"@id\":\"https:\\\/\\\/tzionlibreria.com\\\/#organization\",\"name\":\"tzionlibreria.com\",\"url\":\"https:\\\/\\\/tzionlibreria.com\\\/\",\"logo\":{\"@type\":\"ImageObject\",\"inLanguage\":\"es-CO\",\"@id\":\"https:\\\/\\\/tzionlibreria.com\\\/#\\\/schema\\\/logo\\\/image\\\/\",\"url\":\"https:\\\/\\\/tzionlibreria.com\\\/wp-content\\\/uploads\\\/2023\\\/10\\\/cropped-Cuadricula-scaled-1.jpg\",\"contentUrl\":\"https:\\\/\\\/tzionlibreria.com\\\/wp-content\\\/uploads\\\/2023\\\/10\\\/cropped-Cuadricula-scaled-1.jpg\",\"width\":2560,\"height\":2560,\"caption\":\"tzionlibreria.com\"},\"image\":{\"@id\":\"https:\\\/\\\/tzionlibreria.com\\\/#\\\/schema\\\/logo\\\/image\\\/\"}}]}<\/script>\n<!-- \/ Yoast SEO plugin. -->","yoast_head_json":{"title":"No Temer\u00e9 \u2013 Libro para Colorear \u2013 In Christ Kids - tzionlibreria.com","robots":{"index":"index","follow":"follow","max-snippet":"max-snippet:-1","max-image-preview":"max-image-preview:large","max-video-preview":"max-video-preview:-1"},"canonical":"https:\/\/tzionlibreria.com\/index.php\/product\/no-temere-libro-para-colorear-in-christ-kids\/","og_locale":"es_ES","og_type":"article","og_title":"No Temer\u00e9 \u2013 Libro para Colorear \u2013 In Christ Kids - tzionlibreria.com","og_description":"Descripci\u00f3n Valoraciones (0) No Temer\u00e9 \u2013 Libro para Colorear &nbsp; Basado en el Salmo 3 \u2013 de In Christ Kids Una herramienta creativa para sembrar fe y valent\u00eda en los corazones peque\u00f1os.Este libro para colorear acompa\u00f1a a la ovejita Joy en una historia inspirada en el Salmo 3, donde el amor de Dios es el [&hellip;]","og_url":"https:\/\/tzionlibreria.com\/index.php\/product\/no-temere-libro-para-colorear-in-christ-kids\/","og_site_name":"tzionlibreria.com","og_image":[{"width":1200,"height":1200,"url":"http:\/\/tzionlibreria.com\/wp-content\/uploads\/2026\/02\/9789587372496.jpg","type":"image\/jpeg"}],"twitter_card":"summary_large_image","twitter_misc":{"Tiempo de lectura":"3 minutos"},"schema":{"@context":"https:\/\/schema.org","@graph":[{"@type":"WebPage","@id":"https:\/\/tzionlibreria.com\/index.php\/product\/no-temere-libro-para-colorear-in-christ-kids\/","url":"https:\/\/tzionlibreria.com\/index.php\/product\/no-temere-libro-para-colorear-in-christ-kids\/","name":"No Temer\u00e9 \u2013 Libro para Colorear \u2013 In Christ Kids - tzionlibreria.com","isPartOf":{"@id":"https:\/\/tzionlibreria.com\/#website"},"primaryImageOfPage":{"@id":"https:\/\/tzionlibreria.com\/index.php\/product\/no-temere-libro-para-colorear-in-christ-kids\/#primaryimage"},"image":{"@id":"https:\/\/tzionlibreria.com\/index.php\/product\/no-temere-libro-para-colorear-in-christ-kids\/#primaryimage"},"thumbnailUrl":"https:\/\/tzionlibreria.com\/wp-content\/uploads\/2026\/02\/9789587372496.jpg","datePublished":"2026-02-14T17:53:41+00:00","breadcrumb":{"@id":"https:\/\/tzionlibreria.com\/index.php\/product\/no-temere-libro-para-colorear-in-christ-kids\/#breadcrumb"},"inLanguage":"es-CO","potentialAction":[{"@type":"ReadAction","target":["https:\/\/tzionlibreria.com\/index.php\/product\/no-temere-libro-para-colorear-in-christ-kids\/"]}]},{"@type":"ImageObject","inLanguage":"es-CO","@id":"https:\/\/tzionlibreria.com\/index.php\/product\/no-temere-libro-para-colorear-in-christ-kids\/#primaryimage","url":"https:\/\/tzionlibreria.com\/wp-content\/uploads\/2026\/02\/9789587372496.jpg","contentUrl":"https:\/\/tzionlibreria.com\/wp-content\/uploads\/2026\/02\/9789587372496.jpg","width":1200,"height":1200},{"@type":"BreadcrumbList","@id":"https:\/\/tzionlibreria.com\/index.php\/product\/no-temere-libro-para-colorear-in-christ-kids\/#breadcrumb","itemListElement":[{"@type":"ListItem","position":1,"name":"Inicio","item":"https:\/\/tzionlibreria.com\/"},{"@type":"ListItem","position":2,"name":"Shop","item":"https:\/\/tzionlibreria.com\/index.php\/shop\/"},{"@type":"ListItem","position":3,"name":"No Temer\u00e9 \u2013 Libro para Colorear \u2013 In Christ Kids"}]},{"@type":"WebSite","@id":"https:\/\/tzionlibreria.com\/#website","url":"https:\/\/tzionlibreria.com\/","name":"tzionlibreria.com","description":"Libreria Cristiana Venezuela","publisher":{"@id":"https:\/\/tzionlibreria.com\/#organization"},"potentialAction":[{"@type":"SearchAction","target":{"@type":"EntryPoint","urlTemplate":"https:\/\/tzionlibreria.com\/?s={search_term_string}"},"query-input":{"@type":"PropertyValueSpecification","valueRequired":true,"valueName":"search_term_string"}}],"inLanguage":"es-CO"},{"@type":"Organization","@id":"https:\/\/tzionlibreria.com\/#organization","name":"tzionlibreria.com","url":"https:\/\/tzionlibreria.com\/","logo":{"@type":"ImageObject","inLanguage":"es-CO","@id":"https:\/\/tzionlibreria.com\/#\/schema\/logo\/image\/","url":"https:\/\/tzionlibreria.com\/wp-content\/uploads\/2023\/10\/cropped-Cuadricula-scaled-1.jpg","contentUrl":"https:\/\/tzionlibreria.com\/wp-content\/uploads\/2023\/10\/cropped-Cuadricula-scaled-1.jpg","width":2560,"height":2560,"caption":"tzionlibreria.com"},"image":{"@id":"https:\/\/tzionlibreria.com\/#\/schema\/logo\/image\/"}}]}},"jetpack_sharing_enabled":true,"_links":{"self":[{"href":"https:\/\/tzionlibreria.com\/index.php\/wp-json\/wp\/v2\/product\/6930","targetHints":{"allow":["GET"]}}],"collection":[{"href":"https:\/\/tzionlibreria.com\/index.php\/wp-json\/wp\/v2\/product"}],"about":[{"href":"https:\/\/tzionlibreria.com\/index.php\/wp-json\/wp\/v2\/types\/product"}],"replies":[{"embeddable":true,"href":"https:\/\/tzionlibreria.com\/index.php\/wp-json\/wp\/v2\/comments?post=6930"}],"wp:featuredmedia":[{"embeddable":true,"href":"https:\/\/tzionlibreria.com\/index.php\/wp-json\/wp\/v2\/media\/6936"}],"wp:attachment":[{"href":"https:\/\/tzionlibreria.com\/index.php\/wp-json\/wp\/v2\/media?parent=6930"}],"wp:term":[{"taxonomy":"product_brand","embeddable":true,"href":"https:\/\/tzionlibreria.com\/index.php\/wp-json\/wp\/v2\/product_brand?post=6930"},{"taxonomy":"product_cat","embeddable":true,"href":"https:\/\/tzionlibreria.com\/index.php\/wp-json\/wp\/v2\/product_cat?post=6930"},{"taxonomy":"product_tag","embeddable":true,"href":"https:\/\/tzionlibreria.com\/index.php\/wp-json\/wp\/v2\/product_tag?post=6930"}],"curies":[{"name":"wp","href":"https:\/\/api.w.org\/{rel}","templated":true}]}}