{"id":7076,"date":"2026-02-25T23:50:40","date_gmt":"2026-02-25T23:50:40","guid":{"rendered":"https:\/\/tzionlibreria.com\/?post_type=product&#038;p=7076"},"modified":"2026-02-25T23:50:40","modified_gmt":"2026-02-25T23:50:40","slug":"biblia-de-estudio-macarthur-reina-valera-1960-tapa-dura","status":"publish","type":"product","link":"https:\/\/tzionlibreria.com\/index.php\/product\/biblia-de-estudio-macarthur-reina-valera-1960-tapa-dura\/","title":{"rendered":"Biblia de Estudio MacArthur Reina Valera 1960 Tapa Dura"},"content":{"rendered":"<ul class=\"tabs wc-tabs\" role=\"tablist\">\n<li id=\"tab-title-description\" class=\"description_tab active\" role=\"presentation\"><a tabindex=\"0\" role=\"tab\" href=\"https:\/\/libreria247.com\/producto\/biblia-de-estudio-macarthur-reina-valera-1960-tapa-dura\/#tab-description\" aria-controls=\"tab-description\" aria-selected=\"true\"> Descripci\u00f3n <\/a><\/li>\n<li id=\"tab-title-additional_information\" class=\"additional_information_tab\" role=\"presentation\"><a tabindex=\"-1\" role=\"tab\" href=\"https:\/\/libreria247.com\/producto\/biblia-de-estudio-macarthur-reina-valera-1960-tapa-dura\/#tab-additional_information\" aria-controls=\"tab-additional_information\" aria-selected=\"false\"> Informaci\u00f3n adicional <\/a><\/li>\n<li id=\"tab-title-reviews\" class=\"reviews_tab\" role=\"presentation\"><a tabindex=\"-1\" role=\"tab\" href=\"https:\/\/libreria247.com\/producto\/biblia-de-estudio-macarthur-reina-valera-1960-tapa-dura\/#tab-reviews\" aria-controls=\"tab-reviews\" aria-selected=\"false\"> Valoraciones (0) <\/a><\/li>\n<\/ul>\n<div id=\"tab-description\" class=\"woocommerce-Tabs-panel woocommerce-Tabs-panel--description panel entry-content wc-tab\" role=\"tabpanel\" aria-labelledby=\"tab-title-description\">\n<p data-start=\"121\" data-end=\"176\"><img decoding=\"async\" class=\"emoji\" role=\"img\" draggable=\"false\" src=\"https:\/\/s.w.org\/images\/core\/emoji\/17.0.2\/svg\/1f4d6.svg\" alt=\"\ud83d\udcd6\" \/> <strong data-start=\"124\" data-end=\"174\">Biblia de Estudio MacArthur RVR 1960 \u2013 Tapa Dura<\/strong><\/p>\n<p data-start=\"178\" data-end=\"399\">La <strong data-start=\"181\" data-end=\"212\">Biblia de Estudio MacArthur<\/strong>, elaborada por el Dr. John MacArthur, re\u00fane m\u00e1s de <strong data-start=\"264\" data-end=\"311\">35 a\u00f1os de experiencia pastoral y acad\u00e9mica<\/strong> para ofrecer una de las herramientas m\u00e1s completas y objetivas en el estudio b\u00edblico.<\/p>\n<p data-start=\"401\" data-end=\"660\">Con un enfoque profundo y pr\u00e1ctico, esta edici\u00f3n explica con claridad el <strong data-start=\"474\" data-end=\"496\">contexto hist\u00f3rico<\/strong>, desarrolla el significado del texto y lo aplica a la vida diaria del creyente, convirti\u00e9ndola en un verdadero cl\u00e1sico para todo estudioso de la Palabra de Dios.<\/p>\n<p data-start=\"662\" data-end=\"698\"><img decoding=\"async\" class=\"emoji\" role=\"img\" draggable=\"false\" src=\"https:\/\/s.w.org\/images\/core\/emoji\/17.0.2\/svg\/1f50e.svg\" alt=\"\ud83d\udd0e\" \/> <strong data-start=\"665\" data-end=\"696\">Caracter\u00edsticas destacadas:<\/strong><\/p>\n<ul data-start=\"699\" data-end=\"1086\">\n<li data-start=\"699\" data-end=\"746\">\n<p data-start=\"701\" data-end=\"746\">Texto completo de la <strong data-start=\"722\" data-end=\"743\">Reina Valera 1960<\/strong>.<\/p>\n<\/li>\n<li data-start=\"747\" data-end=\"817\">\n<p data-start=\"749\" data-end=\"817\">M\u00e1s de <strong data-start=\"756\" data-end=\"783\">20.000 notas de estudio<\/strong> que aclaran el mensaje b\u00edblico.<\/p>\n<\/li>\n<li data-start=\"818\" data-end=\"874\">\n<p data-start=\"820\" data-end=\"874\"><strong data-start=\"820\" data-end=\"856\">Introducci\u00f3n general a la Biblia<\/strong> y a cada libro.<\/p>\n<\/li>\n<li data-start=\"875\" data-end=\"916\">\n<p data-start=\"877\" data-end=\"916\"><strong data-start=\"877\" data-end=\"913\">Bosquejo de teolog\u00eda sistem\u00e1tica<\/strong>.<\/p>\n<\/li>\n<li data-start=\"917\" data-end=\"967\">\n<p data-start=\"919\" data-end=\"967\"><strong data-start=\"919\" data-end=\"935\">Concordancia<\/strong> para localizar pasajes clave.<\/p>\n<\/li>\n<li data-start=\"968\" data-end=\"1014\">\n<p data-start=\"970\" data-end=\"1014\">M\u00e1s de <strong data-start=\"977\" data-end=\"998\">50 mapas b\u00edblicos<\/strong> a todo color.<\/p>\n<\/li>\n<li data-start=\"1015\" data-end=\"1086\">\n<p data-start=\"1017\" data-end=\"1086\">Recursos adicionales que enriquecen la comprensi\u00f3n de la Escritura.<\/p>\n<\/li>\n<\/ul>\n<p data-start=\"1088\" data-end=\"1115\"><img decoding=\"async\" class=\"emoji\" role=\"img\" draggable=\"false\" src=\"https:\/\/s.w.org\/images\/core\/emoji\/17.0.2\/svg\/1f4cc.svg\" alt=\"\ud83d\udccc\" \/> <strong data-start=\"1091\" data-end=\"1113\">Detalles t\u00e9cnicos:<\/strong><\/p>\n<ul data-start=\"1116\" data-end=\"1386\">\n<li data-start=\"1116\" data-end=\"1146\">\n<p data-start=\"1118\" data-end=\"1146\">Versi\u00f3n: Reina Valera 1960<\/p>\n<\/li>\n<li data-start=\"1147\" data-end=\"1234\">\n<p data-start=\"1149\" data-end=\"1234\">Editorial: [indicar si se requiere, en muchas ediciones es Grupo Nelson o Portavoz]<\/p>\n<\/li>\n<li data-start=\"1235\" data-end=\"1258\">\n<p data-start=\"1237\" data-end=\"1258\">ISBN: 9781602559394<\/p>\n<\/li>\n<li data-start=\"1259\" data-end=\"1280\">\n<p data-start=\"1261\" data-end=\"1280\">Cubierta: Tapa Dura<\/p>\n<\/li>\n<li data-start=\"1281\" data-end=\"1309\">\n<p data-start=\"1283\" data-end=\"1309\">N\u00famero de p\u00e1ginas: 2.112<\/p>\n<\/li>\n<li data-start=\"1310\" data-end=\"1347\">\n<p data-start=\"1312\" data-end=\"1347\">Dimensiones: 15.7 x 23.2 x 3.7 cm<\/p>\n<\/li>\n<li data-start=\"1348\" data-end=\"1366\">\n<p data-start=\"1350\" data-end=\"1366\">Peso: 0.680 kg<\/p>\n<\/li>\n<li data-start=\"1367\" data-end=\"1386\">\n<p data-start=\"1369\" data-end=\"1386\">Idioma: Espa\u00f1ol<\/p>\n<\/li>\n<\/ul>\n<p data-start=\"1388\" data-end=\"1556\"><img decoding=\"async\" class=\"emoji\" role=\"img\" draggable=\"false\" src=\"https:\/\/s.w.org\/images\/core\/emoji\/17.0.2\/svg\/1f4a1.svg\" alt=\"\ud83d\udca1\" \/> Una Biblia de referencia indispensable para estudiosos, pastores, l\u00edderes y creyentes que buscan profundizar en la Palabra de Dios con rigor y aplicaci\u00f3n pr\u00e1ctica.<\/p>\n<\/div>\n","protected":false},"excerpt":{"rendered":"<p>Descripci\u00f3n Informaci\u00f3n adicional Valoraciones (0) Biblia de Estudio MacArthur RVR 1960 \u2013 Tapa Dura La Biblia de Estudio MacArthur, elaborada por el Dr. John MacArthur, re\u00fane m\u00e1s de 35 a\u00f1os de experiencia pastoral y acad\u00e9mica para ofrecer una de las herramientas m\u00e1s completas y objetivas en el estudio b\u00edblico. Con un enfoque profundo y pr\u00e1ctico, [&hellip;]<\/p>\n","protected":false},"featured_media":7082,"comment_status":"open","ping_status":"closed","template":"","meta":{"om_disable_all_campaigns":false,"_monsterinsights_skip_tracking":false,"_monsterinsights_sitenote_active":false,"_monsterinsights_sitenote_note":"","_monsterinsights_sitenote_category":0,"site-sidebar-layout":"default","site-content-layout":"","ast-site-content-layout":"default","site-content-style":"default","site-sidebar-style":"default","ast-global-header-display":"","ast-banner-title-visibility":"","ast-main-header-display":"","ast-hfb-above-header-display":"","ast-hfb-below-header-display":"","ast-hfb-mobile-header-display":"","site-post-title":"","ast-breadcrumbs-content":"","ast-featured-img":"","footer-sml-layout":"","ast-disable-related-posts":"","theme-transparent-header-meta":"default","adv-header-id-meta":"","stick-header-meta":"","header-above-stick-meta":"","header-main-stick-meta":"","header-below-stick-meta":"","astra-migrate-meta-layouts":"set","ast-page-background-enabled":"default","ast-page-background-meta":{"desktop":{"background-color":"var(--ast-global-color-4)","background-image":"","background-repeat":"repeat","background-position":"center center","background-size":"auto","background-attachment":"scroll","background-type":"","background-media":"","overlay-type":"","overlay-color":"","overlay-opacity":"","overlay-gradient":""},"tablet":{"background-color":"","background-image":"","background-repeat":"repeat","background-position":"center center","background-size":"auto","background-attachment":"scroll","background-type":"","background-media":"","overlay-type":"","overlay-color":"","overlay-opacity":"","overlay-gradient":""},"mobile":{"background-color":"","background-image":"","background-repeat":"repeat","background-position":"center center","background-size":"auto","background-attachment":"scroll","background-type":"","background-media":"","overlay-type":"","overlay-color":"","overlay-opacity":"","overlay-gradient":""}},"ast-content-background-meta":{"desktop":{"background-color":"var(--ast-global-color-5)","background-image":"","background-repeat":"repeat","background-position":"center center","background-size":"auto","background-attachment":"scroll","background-type":"","background-media":"","overlay-type":"","overlay-color":"","overlay-opacity":"","overlay-gradient":""},"tablet":{"background-color":"var(--ast-global-color-5)","background-image":"","background-repeat":"repeat","background-position":"center center","background-size":"auto","background-attachment":"scroll","background-type":"","background-media":"","overlay-type":"","overlay-color":"","overlay-opacity":"","overlay-gradient":""},"mobile":{"background-color":"var(--ast-global-color-5)","background-image":"","background-repeat":"repeat","background-position":"center center","background-size":"auto","background-attachment":"scroll","background-type":"","background-media":"","overlay-type":"","overlay-color":"","overlay-opacity":"","overlay-gradient":""}}},"product_brand":[],"product_cat":[22,30,42],"product_tag":[],"class_list":{"0":"post-7076","1":"product","2":"type-product","3":"status-publish","4":"has-post-thumbnail","6":"product_cat-biblias","7":"product_cat-biblia-de-estudio","8":"product_cat-biblias-reina-valera","9":"desktop-align-left","10":"tablet-align-left","11":"mobile-align-left","13":"first","14":"instock","15":"shipping-taxable","16":"purchasable","17":"product-type-simple"},"yoast_head":"<!-- This site is optimized with the Yoast SEO plugin v27.4 - https:\/\/yoast.com\/product\/yoast-seo-wordpress\/ -->\n<title>Biblia de Estudio MacArthur Reina Valera 1960 Tapa Dura - tzionlibreria.com<\/title>\n<meta name=\"robots\" content=\"index, follow, max-snippet:-1, max-image-preview:large, max-video-preview:-1\" \/>\n<link rel=\"canonical\" href=\"https:\/\/tzionlibreria.com\/index.php\/product\/biblia-de-estudio-macarthur-reina-valera-1960-tapa-dura\/\" \/>\n<meta property=\"og:locale\" content=\"es_ES\" \/>\n<meta property=\"og:type\" content=\"article\" \/>\n<meta property=\"og:title\" content=\"Biblia de Estudio MacArthur Reina Valera 1960 Tapa Dura - tzionlibreria.com\" \/>\n<meta property=\"og:description\" content=\"Descripci\u00f3n Informaci\u00f3n adicional Valoraciones (0) Biblia de Estudio MacArthur RVR 1960 \u2013 Tapa Dura La Biblia de Estudio MacArthur, elaborada por el Dr. John MacArthur, re\u00fane m\u00e1s de 35 a\u00f1os de experiencia pastoral y acad\u00e9mica para ofrecer una de las herramientas m\u00e1s completas y objetivas en el estudio b\u00edblico. Con un enfoque profundo y pr\u00e1ctico, [&hellip;]\" \/>\n<meta property=\"og:url\" content=\"https:\/\/tzionlibreria.com\/index.php\/product\/biblia-de-estudio-macarthur-reina-valera-1960-tapa-dura\/\" \/>\n<meta property=\"og:site_name\" content=\"tzionlibreria.com\" \/>\n<meta property=\"og:image\" content=\"http:\/\/tzionlibreria.com\/wp-content\/uploads\/2026\/02\/9781602552951.jpg\" \/>\n\t<meta property=\"og:image:width\" content=\"1200\" \/>\n\t<meta property=\"og:image:height\" content=\"1200\" \/>\n\t<meta property=\"og:image:type\" content=\"image\/jpeg\" \/>\n<meta name=\"twitter:card\" content=\"summary_large_image\" \/>\n<meta name=\"twitter:label1\" content=\"Tiempo de lectura\" \/>\n\t<meta name=\"twitter:data1\" content=\"2 minutos\" \/>\n<script type=\"application\/ld+json\" class=\"yoast-schema-graph\">{\"@context\":\"https:\\\/\\\/schema.org\",\"@graph\":[{\"@type\":\"WebPage\",\"@id\":\"https:\\\/\\\/tzionlibreria.com\\\/index.php\\\/product\\\/biblia-de-estudio-macarthur-reina-valera-1960-tapa-dura\\\/\",\"url\":\"https:\\\/\\\/tzionlibreria.com\\\/index.php\\\/product\\\/biblia-de-estudio-macarthur-reina-valera-1960-tapa-dura\\\/\",\"name\":\"Biblia de Estudio MacArthur Reina Valera 1960 Tapa Dura - tzionlibreria.com\",\"isPartOf\":{\"@id\":\"https:\\\/\\\/tzionlibreria.com\\\/#website\"},\"primaryImageOfPage\":{\"@id\":\"https:\\\/\\\/tzionlibreria.com\\\/index.php\\\/product\\\/biblia-de-estudio-macarthur-reina-valera-1960-tapa-dura\\\/#primaryimage\"},\"image\":{\"@id\":\"https:\\\/\\\/tzionlibreria.com\\\/index.php\\\/product\\\/biblia-de-estudio-macarthur-reina-valera-1960-tapa-dura\\\/#primaryimage\"},\"thumbnailUrl\":\"https:\\\/\\\/tzionlibreria.com\\\/wp-content\\\/uploads\\\/2026\\\/02\\\/9781602552951.jpg\",\"datePublished\":\"2026-02-25T23:50:40+00:00\",\"breadcrumb\":{\"@id\":\"https:\\\/\\\/tzionlibreria.com\\\/index.php\\\/product\\\/biblia-de-estudio-macarthur-reina-valera-1960-tapa-dura\\\/#breadcrumb\"},\"inLanguage\":\"es-CO\",\"potentialAction\":[{\"@type\":\"ReadAction\",\"target\":[\"https:\\\/\\\/tzionlibreria.com\\\/index.php\\\/product\\\/biblia-de-estudio-macarthur-reina-valera-1960-tapa-dura\\\/\"]}]},{\"@type\":\"ImageObject\",\"inLanguage\":\"es-CO\",\"@id\":\"https:\\\/\\\/tzionlibreria.com\\\/index.php\\\/product\\\/biblia-de-estudio-macarthur-reina-valera-1960-tapa-dura\\\/#primaryimage\",\"url\":\"https:\\\/\\\/tzionlibreria.com\\\/wp-content\\\/uploads\\\/2026\\\/02\\\/9781602552951.jpg\",\"contentUrl\":\"https:\\\/\\\/tzionlibreria.com\\\/wp-content\\\/uploads\\\/2026\\\/02\\\/9781602552951.jpg\",\"width\":1200,\"height\":1200},{\"@type\":\"BreadcrumbList\",\"@id\":\"https:\\\/\\\/tzionlibreria.com\\\/index.php\\\/product\\\/biblia-de-estudio-macarthur-reina-valera-1960-tapa-dura\\\/#breadcrumb\",\"itemListElement\":[{\"@type\":\"ListItem\",\"position\":1,\"name\":\"Inicio\",\"item\":\"https:\\\/\\\/tzionlibreria.com\\\/\"},{\"@type\":\"ListItem\",\"position\":2,\"name\":\"Shop\",\"item\":\"https:\\\/\\\/tzionlibreria.com\\\/index.php\\\/shop\\\/\"},{\"@type\":\"ListItem\",\"position\":3,\"name\":\"Biblia de Estudio MacArthur Reina Valera 1960 Tapa Dura\"}]},{\"@type\":\"WebSite\",\"@id\":\"https:\\\/\\\/tzionlibreria.com\\\/#website\",\"url\":\"https:\\\/\\\/tzionlibreria.com\\\/\",\"name\":\"tzionlibreria.com\",\"description\":\"Libreria Cristiana Venezuela\",\"publisher\":{\"@id\":\"https:\\\/\\\/tzionlibreria.com\\\/#organization\"},\"potentialAction\":[{\"@type\":\"SearchAction\",\"target\":{\"@type\":\"EntryPoint\",\"urlTemplate\":\"https:\\\/\\\/tzionlibreria.com\\\/?s={search_term_string}\"},\"query-input\":{\"@type\":\"PropertyValueSpecification\",\"valueRequired\":true,\"valueName\":\"search_term_string\"}}],\"inLanguage\":\"es-CO\"},{\"@type\":\"Organization\",\"@id\":\"https:\\\/\\\/tzionlibreria.com\\\/#organization\",\"name\":\"tzionlibreria.com\",\"url\":\"https:\\\/\\\/tzionlibreria.com\\\/\",\"logo\":{\"@type\":\"ImageObject\",\"inLanguage\":\"es-CO\",\"@id\":\"https:\\\/\\\/tzionlibreria.com\\\/#\\\/schema\\\/logo\\\/image\\\/\",\"url\":\"https:\\\/\\\/tzionlibreria.com\\\/wp-content\\\/uploads\\\/2023\\\/10\\\/cropped-Cuadricula-scaled-1.jpg\",\"contentUrl\":\"https:\\\/\\\/tzionlibreria.com\\\/wp-content\\\/uploads\\\/2023\\\/10\\\/cropped-Cuadricula-scaled-1.jpg\",\"width\":2560,\"height\":2560,\"caption\":\"tzionlibreria.com\"},\"image\":{\"@id\":\"https:\\\/\\\/tzionlibreria.com\\\/#\\\/schema\\\/logo\\\/image\\\/\"}}]}<\/script>\n<!-- \/ Yoast SEO plugin. -->","yoast_head_json":{"title":"Biblia de Estudio MacArthur Reina Valera 1960 Tapa Dura - tzionlibreria.com","robots":{"index":"index","follow":"follow","max-snippet":"max-snippet:-1","max-image-preview":"max-image-preview:large","max-video-preview":"max-video-preview:-1"},"canonical":"https:\/\/tzionlibreria.com\/index.php\/product\/biblia-de-estudio-macarthur-reina-valera-1960-tapa-dura\/","og_locale":"es_ES","og_type":"article","og_title":"Biblia de Estudio MacArthur Reina Valera 1960 Tapa Dura - tzionlibreria.com","og_description":"Descripci\u00f3n Informaci\u00f3n adicional Valoraciones (0) Biblia de Estudio MacArthur RVR 1960 \u2013 Tapa Dura La Biblia de Estudio MacArthur, elaborada por el Dr. John MacArthur, re\u00fane m\u00e1s de 35 a\u00f1os de experiencia pastoral y acad\u00e9mica para ofrecer una de las herramientas m\u00e1s completas y objetivas en el estudio b\u00edblico. Con un enfoque profundo y pr\u00e1ctico, [&hellip;]","og_url":"https:\/\/tzionlibreria.com\/index.php\/product\/biblia-de-estudio-macarthur-reina-valera-1960-tapa-dura\/","og_site_name":"tzionlibreria.com","og_image":[{"width":1200,"height":1200,"url":"http:\/\/tzionlibreria.com\/wp-content\/uploads\/2026\/02\/9781602552951.jpg","type":"image\/jpeg"}],"twitter_card":"summary_large_image","twitter_misc":{"Tiempo de lectura":"2 minutos"},"schema":{"@context":"https:\/\/schema.org","@graph":[{"@type":"WebPage","@id":"https:\/\/tzionlibreria.com\/index.php\/product\/biblia-de-estudio-macarthur-reina-valera-1960-tapa-dura\/","url":"https:\/\/tzionlibreria.com\/index.php\/product\/biblia-de-estudio-macarthur-reina-valera-1960-tapa-dura\/","name":"Biblia de Estudio MacArthur Reina Valera 1960 Tapa Dura - tzionlibreria.com","isPartOf":{"@id":"https:\/\/tzionlibreria.com\/#website"},"primaryImageOfPage":{"@id":"https:\/\/tzionlibreria.com\/index.php\/product\/biblia-de-estudio-macarthur-reina-valera-1960-tapa-dura\/#primaryimage"},"image":{"@id":"https:\/\/tzionlibreria.com\/index.php\/product\/biblia-de-estudio-macarthur-reina-valera-1960-tapa-dura\/#primaryimage"},"thumbnailUrl":"https:\/\/tzionlibreria.com\/wp-content\/uploads\/2026\/02\/9781602552951.jpg","datePublished":"2026-02-25T23:50:40+00:00","breadcrumb":{"@id":"https:\/\/tzionlibreria.com\/index.php\/product\/biblia-de-estudio-macarthur-reina-valera-1960-tapa-dura\/#breadcrumb"},"inLanguage":"es-CO","potentialAction":[{"@type":"ReadAction","target":["https:\/\/tzionlibreria.com\/index.php\/product\/biblia-de-estudio-macarthur-reina-valera-1960-tapa-dura\/"]}]},{"@type":"ImageObject","inLanguage":"es-CO","@id":"https:\/\/tzionlibreria.com\/index.php\/product\/biblia-de-estudio-macarthur-reina-valera-1960-tapa-dura\/#primaryimage","url":"https:\/\/tzionlibreria.com\/wp-content\/uploads\/2026\/02\/9781602552951.jpg","contentUrl":"https:\/\/tzionlibreria.com\/wp-content\/uploads\/2026\/02\/9781602552951.jpg","width":1200,"height":1200},{"@type":"BreadcrumbList","@id":"https:\/\/tzionlibreria.com\/index.php\/product\/biblia-de-estudio-macarthur-reina-valera-1960-tapa-dura\/#breadcrumb","itemListElement":[{"@type":"ListItem","position":1,"name":"Inicio","item":"https:\/\/tzionlibreria.com\/"},{"@type":"ListItem","position":2,"name":"Shop","item":"https:\/\/tzionlibreria.com\/index.php\/shop\/"},{"@type":"ListItem","position":3,"name":"Biblia de Estudio MacArthur Reina Valera 1960 Tapa Dura"}]},{"@type":"WebSite","@id":"https:\/\/tzionlibreria.com\/#website","url":"https:\/\/tzionlibreria.com\/","name":"tzionlibreria.com","description":"Libreria Cristiana Venezuela","publisher":{"@id":"https:\/\/tzionlibreria.com\/#organization"},"potentialAction":[{"@type":"SearchAction","target":{"@type":"EntryPoint","urlTemplate":"https:\/\/tzionlibreria.com\/?s={search_term_string}"},"query-input":{"@type":"PropertyValueSpecification","valueRequired":true,"valueName":"search_term_string"}}],"inLanguage":"es-CO"},{"@type":"Organization","@id":"https:\/\/tzionlibreria.com\/#organization","name":"tzionlibreria.com","url":"https:\/\/tzionlibreria.com\/","logo":{"@type":"ImageObject","inLanguage":"es-CO","@id":"https:\/\/tzionlibreria.com\/#\/schema\/logo\/image\/","url":"https:\/\/tzionlibreria.com\/wp-content\/uploads\/2023\/10\/cropped-Cuadricula-scaled-1.jpg","contentUrl":"https:\/\/tzionlibreria.com\/wp-content\/uploads\/2023\/10\/cropped-Cuadricula-scaled-1.jpg","width":2560,"height":2560,"caption":"tzionlibreria.com"},"image":{"@id":"https:\/\/tzionlibreria.com\/#\/schema\/logo\/image\/"}}]}},"jetpack_sharing_enabled":true,"_links":{"self":[{"href":"https:\/\/tzionlibreria.com\/index.php\/wp-json\/wp\/v2\/product\/7076","targetHints":{"allow":["GET"]}}],"collection":[{"href":"https:\/\/tzionlibreria.com\/index.php\/wp-json\/wp\/v2\/product"}],"about":[{"href":"https:\/\/tzionlibreria.com\/index.php\/wp-json\/wp\/v2\/types\/product"}],"replies":[{"embeddable":true,"href":"https:\/\/tzionlibreria.com\/index.php\/wp-json\/wp\/v2\/comments?post=7076"}],"wp:featuredmedia":[{"embeddable":true,"href":"https:\/\/tzionlibreria.com\/index.php\/wp-json\/wp\/v2\/media\/7082"}],"wp:attachment":[{"href":"https:\/\/tzionlibreria.com\/index.php\/wp-json\/wp\/v2\/media?parent=7076"}],"wp:term":[{"taxonomy":"product_brand","embeddable":true,"href":"https:\/\/tzionlibreria.com\/index.php\/wp-json\/wp\/v2\/product_brand?post=7076"},{"taxonomy":"product_cat","embeddable":true,"href":"https:\/\/tzionlibreria.com\/index.php\/wp-json\/wp\/v2\/product_cat?post=7076"},{"taxonomy":"product_tag","embeddable":true,"href":"https:\/\/tzionlibreria.com\/index.php\/wp-json\/wp\/v2\/product_tag?post=7076"}],"curies":[{"name":"wp","href":"https:\/\/api.w.org\/{rel}","templated":true}]}}