{"id":7087,"date":"2026-03-04T14:35:45","date_gmt":"2026-03-04T14:35:45","guid":{"rendered":"https:\/\/tzionlibreria.com\/?post_type=product&#038;p=7087"},"modified":"2026-03-04T14:35:45","modified_gmt":"2026-03-04T14:35:45","slug":"supera-el-rechazo-un-camino-para-sanar-a-otros-david-lewis","status":"publish","type":"product","link":"https:\/\/tzionlibreria.com\/index.php\/product\/supera-el-rechazo-un-camino-para-sanar-a-otros-david-lewis\/","title":{"rendered":"Supera el Rechazo \u2013 Un Camino Para Sanar a Otros \u2013 David Lewis"},"content":{"rendered":"<ul class=\"tabs wc-tabs\" role=\"tablist\">\n<li id=\"tab-title-description\" class=\"description_tab active\" role=\"presentation\"><a tabindex=\"0\" role=\"tab\" href=\"https:\/\/libreria247.com\/producto\/supera-el-rechazo-un-camino-para-sanar-a-otros-david-lewis\/#tab-description\" aria-controls=\"tab-description\" aria-selected=\"true\"> Descripci\u00f3n <\/a><\/li>\n<li id=\"tab-title-reviews\" class=\"reviews_tab\" role=\"presentation\"><a tabindex=\"-1\" role=\"tab\" href=\"https:\/\/libreria247.com\/producto\/supera-el-rechazo-un-camino-para-sanar-a-otros-david-lewis\/#tab-reviews\" aria-controls=\"tab-reviews\" aria-selected=\"false\"> Valoraciones (0) <\/a><\/li>\n<\/ul>\n<div id=\"tab-description\" class=\"woocommerce-Tabs-panel woocommerce-Tabs-panel--description panel entry-content wc-tab\" role=\"tabpanel\" aria-labelledby=\"tab-title-description\">\n<p class=\"p1\"><b><i>Un viaje desde el rechazo\u00a0hacia el prop\u00f3sito divino.<\/i><\/b><\/p>\n<p class=\"p1\">Rechazo, dolor, dudas\u2026 Todos en alg\u00fan momento enfrentamos estas sombras que intentan nublar nuestro destino. Pero en medio de las tormentas m\u00e1s oscuras, hay una verdad inquebrantable: Dios tiene un prop\u00f3sito eterno para cada vida.<\/p>\n<p class=\"p1\">En \u00abSupera el rechazo\u00bb, David Lewis abre las puertas de su coraz\u00f3n y comparte una historia transformadora. Desde una infancia marcada por el abandono y el rechazo hasta encontrar identidad y restauraci\u00f3n en los brazos de Dios, este libro es un testimonio vivo de que el pasado no define nuestro futuro.<\/p>\n<p class=\"p2\">A trav\u00e9s de estas p\u00e1ginas, descubrir\u00e1s:<\/p>\n<ul>\n<li class=\"p3\">C\u00f3mo Dios utiliza nuestras cicatrices para liderar y sanar a otros.<\/li>\n<li class=\"p3\">Principios pr\u00e1cticos para superar el dolor y abrazar tu prop\u00f3sito.<\/li>\n<li class=\"p4\">Ejemplos b\u00edblicos y personales que inspiran a avanzar, sin importar los obst\u00e1culos.<\/li>\n<\/ul>\n<p class=\"p1\">No importa lo que hayas enfrentado, tu historia no termina aqu\u00ed. Permite que este libro te gu\u00ede hacia la sanidad emocional, el perd\u00f3n y el cumplimiento de los sue\u00f1os que Dios ha puesto en tu coraz\u00f3n.<\/p>\n<p class=\"p5\"><b><i>Prep\u00e1rate para abrazar el llamado\u00a0que cambiar\u00e1 tu vida.<\/i><\/b><\/p>\n<\/div>\n","protected":false},"excerpt":{"rendered":"<p>Descripci\u00f3n Valoraciones (0) Un viaje desde el rechazo\u00a0hacia el prop\u00f3sito divino. Rechazo, dolor, dudas\u2026 Todos en alg\u00fan momento enfrentamos estas sombras que intentan nublar nuestro destino. Pero en medio de las tormentas m\u00e1s oscuras, hay una verdad inquebrantable: Dios tiene un prop\u00f3sito eterno para cada vida. En \u00abSupera el rechazo\u00bb, David Lewis abre las puertas [&hellip;]<\/p>\n","protected":false},"featured_media":7088,"comment_status":"open","ping_status":"closed","template":"","meta":{"om_disable_all_campaigns":false,"_monsterinsights_skip_tracking":false,"_monsterinsights_sitenote_active":false,"_monsterinsights_sitenote_note":"","_monsterinsights_sitenote_category":0,"site-sidebar-layout":"default","site-content-layout":"","ast-site-content-layout":"default","site-content-style":"default","site-sidebar-style":"default","ast-global-header-display":"","ast-banner-title-visibility":"","ast-main-header-display":"","ast-hfb-above-header-display":"","ast-hfb-below-header-display":"","ast-hfb-mobile-header-display":"","site-post-title":"","ast-breadcrumbs-content":"","ast-featured-img":"","footer-sml-layout":"","ast-disable-related-posts":"","theme-transparent-header-meta":"default","adv-header-id-meta":"","stick-header-meta":"","header-above-stick-meta":"","header-main-stick-meta":"","header-below-stick-meta":"","astra-migrate-meta-layouts":"set","ast-page-background-enabled":"default","ast-page-background-meta":{"desktop":{"background-color":"var(--ast-global-color-4)","background-image":"","background-repeat":"repeat","background-position":"center center","background-size":"auto","background-attachment":"scroll","background-type":"","background-media":"","overlay-type":"","overlay-color":"","overlay-opacity":"","overlay-gradient":""},"tablet":{"background-color":"","background-image":"","background-repeat":"repeat","background-position":"center center","background-size":"auto","background-attachment":"scroll","background-type":"","background-media":"","overlay-type":"","overlay-color":"","overlay-opacity":"","overlay-gradient":""},"mobile":{"background-color":"","background-image":"","background-repeat":"repeat","background-position":"center center","background-size":"auto","background-attachment":"scroll","background-type":"","background-media":"","overlay-type":"","overlay-color":"","overlay-opacity":"","overlay-gradient":""}},"ast-content-background-meta":{"desktop":{"background-color":"var(--ast-global-color-5)","background-image":"","background-repeat":"repeat","background-position":"center center","background-size":"auto","background-attachment":"scroll","background-type":"","background-media":"","overlay-type":"","overlay-color":"","overlay-opacity":"","overlay-gradient":""},"tablet":{"background-color":"var(--ast-global-color-5)","background-image":"","background-repeat":"repeat","background-position":"center center","background-size":"auto","background-attachment":"scroll","background-type":"","background-media":"","overlay-type":"","overlay-color":"","overlay-opacity":"","overlay-gradient":""},"mobile":{"background-color":"var(--ast-global-color-5)","background-image":"","background-repeat":"repeat","background-position":"center center","background-size":"auto","background-attachment":"scroll","background-type":"","background-media":"","overlay-type":"","overlay-color":"","overlay-opacity":"","overlay-gradient":""}}},"product_brand":[],"product_cat":[167,23],"product_tag":[],"class_list":{"0":"post-7087","1":"product","2":"type-product","3":"status-publish","4":"has-post-thumbnail","6":"product_cat-familia","7":"product_cat-libros","8":"desktop-align-left","9":"tablet-align-left","10":"mobile-align-left","12":"first","13":"instock","14":"shipping-taxable","15":"purchasable","16":"product-type-simple"},"yoast_head":"<!-- This site is optimized with the Yoast SEO plugin v27.4 - https:\/\/yoast.com\/product\/yoast-seo-wordpress\/ -->\n<title>Supera el Rechazo \u2013 Un Camino Para Sanar a Otros \u2013 David Lewis - tzionlibreria.com<\/title>\n<meta name=\"robots\" content=\"index, follow, max-snippet:-1, max-image-preview:large, max-video-preview:-1\" \/>\n<link rel=\"canonical\" href=\"https:\/\/tzionlibreria.com\/index.php\/product\/supera-el-rechazo-un-camino-para-sanar-a-otros-david-lewis\/\" \/>\n<meta property=\"og:locale\" content=\"es_ES\" \/>\n<meta property=\"og:type\" content=\"article\" \/>\n<meta property=\"og:title\" content=\"Supera el Rechazo \u2013 Un Camino Para Sanar a Otros \u2013 David Lewis - tzionlibreria.com\" \/>\n<meta property=\"og:description\" content=\"Descripci\u00f3n Valoraciones (0) Un viaje desde el rechazo\u00a0hacia el prop\u00f3sito divino. Rechazo, dolor, dudas\u2026 Todos en alg\u00fan momento enfrentamos estas sombras que intentan nublar nuestro destino. Pero en medio de las tormentas m\u00e1s oscuras, hay una verdad inquebrantable: Dios tiene un prop\u00f3sito eterno para cada vida. En \u00abSupera el rechazo\u00bb, David Lewis abre las puertas [&hellip;]\" \/>\n<meta property=\"og:url\" content=\"https:\/\/tzionlibreria.com\/index.php\/product\/supera-el-rechazo-un-camino-para-sanar-a-otros-david-lewis\/\" \/>\n<meta property=\"og:site_name\" content=\"tzionlibreria.com\" \/>\n<meta property=\"og:image\" content=\"http:\/\/tzionlibreria.com\/wp-content\/uploads\/2026\/03\/9781963920208.jpg\" \/>\n\t<meta property=\"og:image:width\" content=\"1200\" \/>\n\t<meta property=\"og:image:height\" content=\"1200\" \/>\n\t<meta property=\"og:image:type\" content=\"image\/jpeg\" \/>\n<meta name=\"twitter:card\" content=\"summary_large_image\" \/>\n<meta name=\"twitter:label1\" content=\"Tiempo de lectura\" \/>\n\t<meta name=\"twitter:data1\" content=\"2 minutos\" \/>\n<script type=\"application\/ld+json\" class=\"yoast-schema-graph\">{\"@context\":\"https:\\\/\\\/schema.org\",\"@graph\":[{\"@type\":\"WebPage\",\"@id\":\"https:\\\/\\\/tzionlibreria.com\\\/index.php\\\/product\\\/supera-el-rechazo-un-camino-para-sanar-a-otros-david-lewis\\\/\",\"url\":\"https:\\\/\\\/tzionlibreria.com\\\/index.php\\\/product\\\/supera-el-rechazo-un-camino-para-sanar-a-otros-david-lewis\\\/\",\"name\":\"Supera el Rechazo \u2013 Un Camino Para Sanar a Otros \u2013 David Lewis - tzionlibreria.com\",\"isPartOf\":{\"@id\":\"https:\\\/\\\/tzionlibreria.com\\\/#website\"},\"primaryImageOfPage\":{\"@id\":\"https:\\\/\\\/tzionlibreria.com\\\/index.php\\\/product\\\/supera-el-rechazo-un-camino-para-sanar-a-otros-david-lewis\\\/#primaryimage\"},\"image\":{\"@id\":\"https:\\\/\\\/tzionlibreria.com\\\/index.php\\\/product\\\/supera-el-rechazo-un-camino-para-sanar-a-otros-david-lewis\\\/#primaryimage\"},\"thumbnailUrl\":\"https:\\\/\\\/tzionlibreria.com\\\/wp-content\\\/uploads\\\/2026\\\/03\\\/9781963920208.jpg\",\"datePublished\":\"2026-03-04T14:35:45+00:00\",\"breadcrumb\":{\"@id\":\"https:\\\/\\\/tzionlibreria.com\\\/index.php\\\/product\\\/supera-el-rechazo-un-camino-para-sanar-a-otros-david-lewis\\\/#breadcrumb\"},\"inLanguage\":\"es-CO\",\"potentialAction\":[{\"@type\":\"ReadAction\",\"target\":[\"https:\\\/\\\/tzionlibreria.com\\\/index.php\\\/product\\\/supera-el-rechazo-un-camino-para-sanar-a-otros-david-lewis\\\/\"]}]},{\"@type\":\"ImageObject\",\"inLanguage\":\"es-CO\",\"@id\":\"https:\\\/\\\/tzionlibreria.com\\\/index.php\\\/product\\\/supera-el-rechazo-un-camino-para-sanar-a-otros-david-lewis\\\/#primaryimage\",\"url\":\"https:\\\/\\\/tzionlibreria.com\\\/wp-content\\\/uploads\\\/2026\\\/03\\\/9781963920208.jpg\",\"contentUrl\":\"https:\\\/\\\/tzionlibreria.com\\\/wp-content\\\/uploads\\\/2026\\\/03\\\/9781963920208.jpg\",\"width\":1200,\"height\":1200},{\"@type\":\"BreadcrumbList\",\"@id\":\"https:\\\/\\\/tzionlibreria.com\\\/index.php\\\/product\\\/supera-el-rechazo-un-camino-para-sanar-a-otros-david-lewis\\\/#breadcrumb\",\"itemListElement\":[{\"@type\":\"ListItem\",\"position\":1,\"name\":\"Inicio\",\"item\":\"https:\\\/\\\/tzionlibreria.com\\\/\"},{\"@type\":\"ListItem\",\"position\":2,\"name\":\"Shop\",\"item\":\"https:\\\/\\\/tzionlibreria.com\\\/index.php\\\/shop\\\/\"},{\"@type\":\"ListItem\",\"position\":3,\"name\":\"Supera el Rechazo \u2013 Un Camino Para Sanar a Otros \u2013 David Lewis\"}]},{\"@type\":\"WebSite\",\"@id\":\"https:\\\/\\\/tzionlibreria.com\\\/#website\",\"url\":\"https:\\\/\\\/tzionlibreria.com\\\/\",\"name\":\"tzionlibreria.com\",\"description\":\"Libreria Cristiana Venezuela\",\"publisher\":{\"@id\":\"https:\\\/\\\/tzionlibreria.com\\\/#organization\"},\"potentialAction\":[{\"@type\":\"SearchAction\",\"target\":{\"@type\":\"EntryPoint\",\"urlTemplate\":\"https:\\\/\\\/tzionlibreria.com\\\/?s={search_term_string}\"},\"query-input\":{\"@type\":\"PropertyValueSpecification\",\"valueRequired\":true,\"valueName\":\"search_term_string\"}}],\"inLanguage\":\"es-CO\"},{\"@type\":\"Organization\",\"@id\":\"https:\\\/\\\/tzionlibreria.com\\\/#organization\",\"name\":\"tzionlibreria.com\",\"url\":\"https:\\\/\\\/tzionlibreria.com\\\/\",\"logo\":{\"@type\":\"ImageObject\",\"inLanguage\":\"es-CO\",\"@id\":\"https:\\\/\\\/tzionlibreria.com\\\/#\\\/schema\\\/logo\\\/image\\\/\",\"url\":\"https:\\\/\\\/tzionlibreria.com\\\/wp-content\\\/uploads\\\/2023\\\/10\\\/cropped-Cuadricula-scaled-1.jpg\",\"contentUrl\":\"https:\\\/\\\/tzionlibreria.com\\\/wp-content\\\/uploads\\\/2023\\\/10\\\/cropped-Cuadricula-scaled-1.jpg\",\"width\":2560,\"height\":2560,\"caption\":\"tzionlibreria.com\"},\"image\":{\"@id\":\"https:\\\/\\\/tzionlibreria.com\\\/#\\\/schema\\\/logo\\\/image\\\/\"}}]}<\/script>\n<!-- \/ Yoast SEO plugin. -->","yoast_head_json":{"title":"Supera el Rechazo \u2013 Un Camino Para Sanar a Otros \u2013 David Lewis - tzionlibreria.com","robots":{"index":"index","follow":"follow","max-snippet":"max-snippet:-1","max-image-preview":"max-image-preview:large","max-video-preview":"max-video-preview:-1"},"canonical":"https:\/\/tzionlibreria.com\/index.php\/product\/supera-el-rechazo-un-camino-para-sanar-a-otros-david-lewis\/","og_locale":"es_ES","og_type":"article","og_title":"Supera el Rechazo \u2013 Un Camino Para Sanar a Otros \u2013 David Lewis - tzionlibreria.com","og_description":"Descripci\u00f3n Valoraciones (0) Un viaje desde el rechazo\u00a0hacia el prop\u00f3sito divino. Rechazo, dolor, dudas\u2026 Todos en alg\u00fan momento enfrentamos estas sombras que intentan nublar nuestro destino. Pero en medio de las tormentas m\u00e1s oscuras, hay una verdad inquebrantable: Dios tiene un prop\u00f3sito eterno para cada vida. En \u00abSupera el rechazo\u00bb, David Lewis abre las puertas [&hellip;]","og_url":"https:\/\/tzionlibreria.com\/index.php\/product\/supera-el-rechazo-un-camino-para-sanar-a-otros-david-lewis\/","og_site_name":"tzionlibreria.com","og_image":[{"width":1200,"height":1200,"url":"http:\/\/tzionlibreria.com\/wp-content\/uploads\/2026\/03\/9781963920208.jpg","type":"image\/jpeg"}],"twitter_card":"summary_large_image","twitter_misc":{"Tiempo de lectura":"2 minutos"},"schema":{"@context":"https:\/\/schema.org","@graph":[{"@type":"WebPage","@id":"https:\/\/tzionlibreria.com\/index.php\/product\/supera-el-rechazo-un-camino-para-sanar-a-otros-david-lewis\/","url":"https:\/\/tzionlibreria.com\/index.php\/product\/supera-el-rechazo-un-camino-para-sanar-a-otros-david-lewis\/","name":"Supera el Rechazo \u2013 Un Camino Para Sanar a Otros \u2013 David Lewis - tzionlibreria.com","isPartOf":{"@id":"https:\/\/tzionlibreria.com\/#website"},"primaryImageOfPage":{"@id":"https:\/\/tzionlibreria.com\/index.php\/product\/supera-el-rechazo-un-camino-para-sanar-a-otros-david-lewis\/#primaryimage"},"image":{"@id":"https:\/\/tzionlibreria.com\/index.php\/product\/supera-el-rechazo-un-camino-para-sanar-a-otros-david-lewis\/#primaryimage"},"thumbnailUrl":"https:\/\/tzionlibreria.com\/wp-content\/uploads\/2026\/03\/9781963920208.jpg","datePublished":"2026-03-04T14:35:45+00:00","breadcrumb":{"@id":"https:\/\/tzionlibreria.com\/index.php\/product\/supera-el-rechazo-un-camino-para-sanar-a-otros-david-lewis\/#breadcrumb"},"inLanguage":"es-CO","potentialAction":[{"@type":"ReadAction","target":["https:\/\/tzionlibreria.com\/index.php\/product\/supera-el-rechazo-un-camino-para-sanar-a-otros-david-lewis\/"]}]},{"@type":"ImageObject","inLanguage":"es-CO","@id":"https:\/\/tzionlibreria.com\/index.php\/product\/supera-el-rechazo-un-camino-para-sanar-a-otros-david-lewis\/#primaryimage","url":"https:\/\/tzionlibreria.com\/wp-content\/uploads\/2026\/03\/9781963920208.jpg","contentUrl":"https:\/\/tzionlibreria.com\/wp-content\/uploads\/2026\/03\/9781963920208.jpg","width":1200,"height":1200},{"@type":"BreadcrumbList","@id":"https:\/\/tzionlibreria.com\/index.php\/product\/supera-el-rechazo-un-camino-para-sanar-a-otros-david-lewis\/#breadcrumb","itemListElement":[{"@type":"ListItem","position":1,"name":"Inicio","item":"https:\/\/tzionlibreria.com\/"},{"@type":"ListItem","position":2,"name":"Shop","item":"https:\/\/tzionlibreria.com\/index.php\/shop\/"},{"@type":"ListItem","position":3,"name":"Supera el Rechazo \u2013 Un Camino Para Sanar a Otros \u2013 David Lewis"}]},{"@type":"WebSite","@id":"https:\/\/tzionlibreria.com\/#website","url":"https:\/\/tzionlibreria.com\/","name":"tzionlibreria.com","description":"Libreria Cristiana Venezuela","publisher":{"@id":"https:\/\/tzionlibreria.com\/#organization"},"potentialAction":[{"@type":"SearchAction","target":{"@type":"EntryPoint","urlTemplate":"https:\/\/tzionlibreria.com\/?s={search_term_string}"},"query-input":{"@type":"PropertyValueSpecification","valueRequired":true,"valueName":"search_term_string"}}],"inLanguage":"es-CO"},{"@type":"Organization","@id":"https:\/\/tzionlibreria.com\/#organization","name":"tzionlibreria.com","url":"https:\/\/tzionlibreria.com\/","logo":{"@type":"ImageObject","inLanguage":"es-CO","@id":"https:\/\/tzionlibreria.com\/#\/schema\/logo\/image\/","url":"https:\/\/tzionlibreria.com\/wp-content\/uploads\/2023\/10\/cropped-Cuadricula-scaled-1.jpg","contentUrl":"https:\/\/tzionlibreria.com\/wp-content\/uploads\/2023\/10\/cropped-Cuadricula-scaled-1.jpg","width":2560,"height":2560,"caption":"tzionlibreria.com"},"image":{"@id":"https:\/\/tzionlibreria.com\/#\/schema\/logo\/image\/"}}]}},"jetpack_sharing_enabled":true,"_links":{"self":[{"href":"https:\/\/tzionlibreria.com\/index.php\/wp-json\/wp\/v2\/product\/7087","targetHints":{"allow":["GET"]}}],"collection":[{"href":"https:\/\/tzionlibreria.com\/index.php\/wp-json\/wp\/v2\/product"}],"about":[{"href":"https:\/\/tzionlibreria.com\/index.php\/wp-json\/wp\/v2\/types\/product"}],"replies":[{"embeddable":true,"href":"https:\/\/tzionlibreria.com\/index.php\/wp-json\/wp\/v2\/comments?post=7087"}],"wp:featuredmedia":[{"embeddable":true,"href":"https:\/\/tzionlibreria.com\/index.php\/wp-json\/wp\/v2\/media\/7088"}],"wp:attachment":[{"href":"https:\/\/tzionlibreria.com\/index.php\/wp-json\/wp\/v2\/media?parent=7087"}],"wp:term":[{"taxonomy":"product_brand","embeddable":true,"href":"https:\/\/tzionlibreria.com\/index.php\/wp-json\/wp\/v2\/product_brand?post=7087"},{"taxonomy":"product_cat","embeddable":true,"href":"https:\/\/tzionlibreria.com\/index.php\/wp-json\/wp\/v2\/product_cat?post=7087"},{"taxonomy":"product_tag","embeddable":true,"href":"https:\/\/tzionlibreria.com\/index.php\/wp-json\/wp\/v2\/product_tag?post=7087"}],"curies":[{"name":"wp","href":"https:\/\/api.w.org\/{rel}","templated":true}]}}