{"id":7107,"date":"2026-03-04T15:43:13","date_gmt":"2026-03-04T15:43:13","guid":{"rendered":"https:\/\/tzionlibreria.com\/?post_type=product&#038;p=7107"},"modified":"2026-03-04T15:43:13","modified_gmt":"2026-03-04T15:43:13","slug":"la-maravilla-del-caos-una-guia-explosiva-para-innovar-y-mejorar-tu-capacidad-de-liderar-sam-chand","status":"publish","type":"product","link":"https:\/\/tzionlibreria.com\/index.php\/product\/la-maravilla-del-caos-una-guia-explosiva-para-innovar-y-mejorar-tu-capacidad-de-liderar-sam-chand\/","title":{"rendered":"La maravilla del caos: Una gu\u00eda explosiva para innovar y mejorar tu capacidad de liderar \u2013 Sam Chand"},"content":{"rendered":"<ul class=\"tabs wc-tabs\" role=\"tablist\">\n<li id=\"tab-title-description\" class=\"description_tab active\" role=\"presentation\"><a tabindex=\"0\" role=\"tab\" href=\"https:\/\/libreria247.com\/producto\/la-maravilla-del-caos-una-guia-explosiva-para-innovar-y-mejorar-tu-capacidad-de-liderar-sam-chand\/#tab-description\" aria-controls=\"tab-description\" aria-selected=\"true\"> Descripci\u00f3n <\/a><\/li>\n<li id=\"tab-title-reviews\" class=\"reviews_tab\" role=\"presentation\"><a tabindex=\"-1\" role=\"tab\" href=\"https:\/\/libreria247.com\/producto\/la-maravilla-del-caos-una-guia-explosiva-para-innovar-y-mejorar-tu-capacidad-de-liderar-sam-chand\/#tab-reviews\" aria-controls=\"tab-reviews\" aria-selected=\"false\"> Valoraciones (0) <\/a><\/li>\n<\/ul>\n<div id=\"tab-description\" class=\"woocommerce-Tabs-panel woocommerce-Tabs-panel--description panel entry-content wc-tab\" role=\"tabpanel\" aria-labelledby=\"tab-title-description\">\n<p><span class=\"a-text-bold\">\u00bfY si el caos no fuera el enemigo del liderazgo, sino su mayor aliado?<\/span><\/p>\n<p>En este libro provocador, Sam Chand redefine nuestra com\u00acprensi\u00f3n del liderazgo eficaz, demostrando que\u00a0<span class=\"a-text-bold\">los momentos de tensi\u00f3n, oposici\u00f3n e incertidumbre pueden convertirse en las mejores oportunidades para crecer, innovar y transformar organizaciones<\/span>. A trav\u00e9s de historias poderosas, ejemplos hist\u00f3ricos y experiencias personales, Chand desaf\u00eda a los l\u00edderes a abandonar la comodidad de la estabilidad y abrazar el caos como una herra\u00acmienta estrat\u00e9gica para el cambio.<\/p>\n<p>La Maravilla del Caos no es solo una gu\u00eda pr\u00e1ctica para navegar desaf\u00edos, sino un llamado audaz a liderar con valent\u00eda, visi\u00f3n y pro\u00acp\u00f3sito.\u00a0<span class=\"a-text-bold\">Ya seas un l\u00edder emergente o experimentado, este libro te invita a dejar de buscar el control perfecto y comenzar a construir impacto duradero en medio de la tormenta.<\/span><\/p>\n<\/div>\n","protected":false},"excerpt":{"rendered":"<p>Descripci\u00f3n Valoraciones (0) \u00bfY si el caos no fuera el enemigo del liderazgo, sino su mayor aliado? En este libro provocador, Sam Chand redefine nuestra com\u00acprensi\u00f3n del liderazgo eficaz, demostrando que\u00a0los momentos de tensi\u00f3n, oposici\u00f3n e incertidumbre pueden convertirse en las mejores oportunidades para crecer, innovar y transformar organizaciones. A trav\u00e9s de historias poderosas, ejemplos [&hellip;]<\/p>\n","protected":false},"featured_media":7108,"comment_status":"open","ping_status":"closed","template":"","meta":{"om_disable_all_campaigns":false,"_monsterinsights_skip_tracking":false,"_monsterinsights_sitenote_active":false,"_monsterinsights_sitenote_note":"","_monsterinsights_sitenote_category":0,"site-sidebar-layout":"default","site-content-layout":"","ast-site-content-layout":"default","site-content-style":"default","site-sidebar-style":"default","ast-global-header-display":"","ast-banner-title-visibility":"","ast-main-header-display":"","ast-hfb-above-header-display":"","ast-hfb-below-header-display":"","ast-hfb-mobile-header-display":"","site-post-title":"","ast-breadcrumbs-content":"","ast-featured-img":"","footer-sml-layout":"","ast-disable-related-posts":"","theme-transparent-header-meta":"default","adv-header-id-meta":"","stick-header-meta":"","header-above-stick-meta":"","header-main-stick-meta":"","header-below-stick-meta":"","astra-migrate-meta-layouts":"set","ast-page-background-enabled":"default","ast-page-background-meta":{"desktop":{"background-color":"var(--ast-global-color-4)","background-image":"","background-repeat":"repeat","background-position":"center center","background-size":"auto","background-attachment":"scroll","background-type":"","background-media":"","overlay-type":"","overlay-color":"","overlay-opacity":"","overlay-gradient":""},"tablet":{"background-color":"","background-image":"","background-repeat":"repeat","background-position":"center center","background-size":"auto","background-attachment":"scroll","background-type":"","background-media":"","overlay-type":"","overlay-color":"","overlay-opacity":"","overlay-gradient":""},"mobile":{"background-color":"","background-image":"","background-repeat":"repeat","background-position":"center center","background-size":"auto","background-attachment":"scroll","background-type":"","background-media":"","overlay-type":"","overlay-color":"","overlay-opacity":"","overlay-gradient":""}},"ast-content-background-meta":{"desktop":{"background-color":"var(--ast-global-color-5)","background-image":"","background-repeat":"repeat","background-position":"center center","background-size":"auto","background-attachment":"scroll","background-type":"","background-media":"","overlay-type":"","overlay-color":"","overlay-opacity":"","overlay-gradient":""},"tablet":{"background-color":"var(--ast-global-color-5)","background-image":"","background-repeat":"repeat","background-position":"center center","background-size":"auto","background-attachment":"scroll","background-type":"","background-media":"","overlay-type":"","overlay-color":"","overlay-opacity":"","overlay-gradient":""},"mobile":{"background-color":"var(--ast-global-color-5)","background-image":"","background-repeat":"repeat","background-position":"center center","background-size":"auto","background-attachment":"scroll","background-type":"","background-media":"","overlay-type":"","overlay-color":"","overlay-opacity":"","overlay-gradient":""}}},"product_brand":[],"product_cat":[23,175],"product_tag":[],"class_list":{"0":"post-7107","1":"product","2":"type-product","3":"status-publish","4":"has-post-thumbnail","6":"product_cat-libros","7":"product_cat-liderazgo","8":"desktop-align-left","9":"tablet-align-left","10":"mobile-align-left","12":"first","13":"instock","14":"shipping-taxable","15":"purchasable","16":"product-type-simple"},"yoast_head":"<!-- This site is optimized with the Yoast SEO plugin v27.4 - https:\/\/yoast.com\/product\/yoast-seo-wordpress\/ -->\n<title>La maravilla del caos: Una gu\u00eda explosiva para innovar y mejorar tu capacidad de liderar \u2013 Sam Chand - tzionlibreria.com<\/title>\n<meta name=\"robots\" content=\"index, follow, max-snippet:-1, max-image-preview:large, max-video-preview:-1\" \/>\n<link rel=\"canonical\" href=\"https:\/\/tzionlibreria.com\/index.php\/product\/la-maravilla-del-caos-una-guia-explosiva-para-innovar-y-mejorar-tu-capacidad-de-liderar-sam-chand\/\" \/>\n<meta property=\"og:locale\" content=\"es_ES\" \/>\n<meta property=\"og:type\" content=\"article\" \/>\n<meta property=\"og:title\" content=\"La maravilla del caos: Una gu\u00eda explosiva para innovar y mejorar tu capacidad de liderar \u2013 Sam Chand - tzionlibreria.com\" \/>\n<meta property=\"og:description\" content=\"Descripci\u00f3n Valoraciones (0) \u00bfY si el caos no fuera el enemigo del liderazgo, sino su mayor aliado? En este libro provocador, Sam Chand redefine nuestra com\u00acprensi\u00f3n del liderazgo eficaz, demostrando que\u00a0los momentos de tensi\u00f3n, oposici\u00f3n e incertidumbre pueden convertirse en las mejores oportunidades para crecer, innovar y transformar organizaciones. A trav\u00e9s de historias poderosas, ejemplos [&hellip;]\" \/>\n<meta property=\"og:url\" content=\"https:\/\/tzionlibreria.com\/index.php\/product\/la-maravilla-del-caos-una-guia-explosiva-para-innovar-y-mejorar-tu-capacidad-de-liderar-sam-chand\/\" \/>\n<meta property=\"og:site_name\" content=\"tzionlibreria.com\" \/>\n<meta property=\"og:image\" content=\"http:\/\/tzionlibreria.com\/wp-content\/uploads\/2026\/03\/9781956625615-600x600-1.jpg\" \/>\n\t<meta property=\"og:image:width\" content=\"600\" \/>\n\t<meta property=\"og:image:height\" content=\"600\" \/>\n\t<meta property=\"og:image:type\" content=\"image\/jpeg\" \/>\n<meta name=\"twitter:card\" content=\"summary_large_image\" \/>\n<meta name=\"twitter:label1\" content=\"Tiempo de lectura\" \/>\n\t<meta name=\"twitter:data1\" content=\"1 minuto\" \/>\n<script type=\"application\/ld+json\" class=\"yoast-schema-graph\">{\"@context\":\"https:\\\/\\\/schema.org\",\"@graph\":[{\"@type\":\"WebPage\",\"@id\":\"https:\\\/\\\/tzionlibreria.com\\\/index.php\\\/product\\\/la-maravilla-del-caos-una-guia-explosiva-para-innovar-y-mejorar-tu-capacidad-de-liderar-sam-chand\\\/\",\"url\":\"https:\\\/\\\/tzionlibreria.com\\\/index.php\\\/product\\\/la-maravilla-del-caos-una-guia-explosiva-para-innovar-y-mejorar-tu-capacidad-de-liderar-sam-chand\\\/\",\"name\":\"La maravilla del caos: Una gu\u00eda explosiva para innovar y mejorar tu capacidad de liderar \u2013 Sam Chand - tzionlibreria.com\",\"isPartOf\":{\"@id\":\"https:\\\/\\\/tzionlibreria.com\\\/#website\"},\"primaryImageOfPage\":{\"@id\":\"https:\\\/\\\/tzionlibreria.com\\\/index.php\\\/product\\\/la-maravilla-del-caos-una-guia-explosiva-para-innovar-y-mejorar-tu-capacidad-de-liderar-sam-chand\\\/#primaryimage\"},\"image\":{\"@id\":\"https:\\\/\\\/tzionlibreria.com\\\/index.php\\\/product\\\/la-maravilla-del-caos-una-guia-explosiva-para-innovar-y-mejorar-tu-capacidad-de-liderar-sam-chand\\\/#primaryimage\"},\"thumbnailUrl\":\"https:\\\/\\\/tzionlibreria.com\\\/wp-content\\\/uploads\\\/2026\\\/03\\\/9781956625615-600x600-1.jpg\",\"datePublished\":\"2026-03-04T15:43:13+00:00\",\"breadcrumb\":{\"@id\":\"https:\\\/\\\/tzionlibreria.com\\\/index.php\\\/product\\\/la-maravilla-del-caos-una-guia-explosiva-para-innovar-y-mejorar-tu-capacidad-de-liderar-sam-chand\\\/#breadcrumb\"},\"inLanguage\":\"es-CO\",\"potentialAction\":[{\"@type\":\"ReadAction\",\"target\":[\"https:\\\/\\\/tzionlibreria.com\\\/index.php\\\/product\\\/la-maravilla-del-caos-una-guia-explosiva-para-innovar-y-mejorar-tu-capacidad-de-liderar-sam-chand\\\/\"]}]},{\"@type\":\"ImageObject\",\"inLanguage\":\"es-CO\",\"@id\":\"https:\\\/\\\/tzionlibreria.com\\\/index.php\\\/product\\\/la-maravilla-del-caos-una-guia-explosiva-para-innovar-y-mejorar-tu-capacidad-de-liderar-sam-chand\\\/#primaryimage\",\"url\":\"https:\\\/\\\/tzionlibreria.com\\\/wp-content\\\/uploads\\\/2026\\\/03\\\/9781956625615-600x600-1.jpg\",\"contentUrl\":\"https:\\\/\\\/tzionlibreria.com\\\/wp-content\\\/uploads\\\/2026\\\/03\\\/9781956625615-600x600-1.jpg\",\"width\":600,\"height\":600},{\"@type\":\"BreadcrumbList\",\"@id\":\"https:\\\/\\\/tzionlibreria.com\\\/index.php\\\/product\\\/la-maravilla-del-caos-una-guia-explosiva-para-innovar-y-mejorar-tu-capacidad-de-liderar-sam-chand\\\/#breadcrumb\",\"itemListElement\":[{\"@type\":\"ListItem\",\"position\":1,\"name\":\"Inicio\",\"item\":\"https:\\\/\\\/tzionlibreria.com\\\/\"},{\"@type\":\"ListItem\",\"position\":2,\"name\":\"Shop\",\"item\":\"https:\\\/\\\/tzionlibreria.com\\\/index.php\\\/shop\\\/\"},{\"@type\":\"ListItem\",\"position\":3,\"name\":\"La maravilla del caos: Una gu\u00eda explosiva para innovar y mejorar tu capacidad de liderar \u2013 Sam Chand\"}]},{\"@type\":\"WebSite\",\"@id\":\"https:\\\/\\\/tzionlibreria.com\\\/#website\",\"url\":\"https:\\\/\\\/tzionlibreria.com\\\/\",\"name\":\"tzionlibreria.com\",\"description\":\"Libreria Cristiana Venezuela\",\"publisher\":{\"@id\":\"https:\\\/\\\/tzionlibreria.com\\\/#organization\"},\"potentialAction\":[{\"@type\":\"SearchAction\",\"target\":{\"@type\":\"EntryPoint\",\"urlTemplate\":\"https:\\\/\\\/tzionlibreria.com\\\/?s={search_term_string}\"},\"query-input\":{\"@type\":\"PropertyValueSpecification\",\"valueRequired\":true,\"valueName\":\"search_term_string\"}}],\"inLanguage\":\"es-CO\"},{\"@type\":\"Organization\",\"@id\":\"https:\\\/\\\/tzionlibreria.com\\\/#organization\",\"name\":\"tzionlibreria.com\",\"url\":\"https:\\\/\\\/tzionlibreria.com\\\/\",\"logo\":{\"@type\":\"ImageObject\",\"inLanguage\":\"es-CO\",\"@id\":\"https:\\\/\\\/tzionlibreria.com\\\/#\\\/schema\\\/logo\\\/image\\\/\",\"url\":\"https:\\\/\\\/tzionlibreria.com\\\/wp-content\\\/uploads\\\/2023\\\/10\\\/cropped-Cuadricula-scaled-1.jpg\",\"contentUrl\":\"https:\\\/\\\/tzionlibreria.com\\\/wp-content\\\/uploads\\\/2023\\\/10\\\/cropped-Cuadricula-scaled-1.jpg\",\"width\":2560,\"height\":2560,\"caption\":\"tzionlibreria.com\"},\"image\":{\"@id\":\"https:\\\/\\\/tzionlibreria.com\\\/#\\\/schema\\\/logo\\\/image\\\/\"}}]}<\/script>\n<!-- \/ Yoast SEO plugin. -->","yoast_head_json":{"title":"La maravilla del caos: Una gu\u00eda explosiva para innovar y mejorar tu capacidad de liderar \u2013 Sam Chand - tzionlibreria.com","robots":{"index":"index","follow":"follow","max-snippet":"max-snippet:-1","max-image-preview":"max-image-preview:large","max-video-preview":"max-video-preview:-1"},"canonical":"https:\/\/tzionlibreria.com\/index.php\/product\/la-maravilla-del-caos-una-guia-explosiva-para-innovar-y-mejorar-tu-capacidad-de-liderar-sam-chand\/","og_locale":"es_ES","og_type":"article","og_title":"La maravilla del caos: Una gu\u00eda explosiva para innovar y mejorar tu capacidad de liderar \u2013 Sam Chand - tzionlibreria.com","og_description":"Descripci\u00f3n Valoraciones (0) \u00bfY si el caos no fuera el enemigo del liderazgo, sino su mayor aliado? En este libro provocador, Sam Chand redefine nuestra com\u00acprensi\u00f3n del liderazgo eficaz, demostrando que\u00a0los momentos de tensi\u00f3n, oposici\u00f3n e incertidumbre pueden convertirse en las mejores oportunidades para crecer, innovar y transformar organizaciones. A trav\u00e9s de historias poderosas, ejemplos [&hellip;]","og_url":"https:\/\/tzionlibreria.com\/index.php\/product\/la-maravilla-del-caos-una-guia-explosiva-para-innovar-y-mejorar-tu-capacidad-de-liderar-sam-chand\/","og_site_name":"tzionlibreria.com","og_image":[{"width":600,"height":600,"url":"http:\/\/tzionlibreria.com\/wp-content\/uploads\/2026\/03\/9781956625615-600x600-1.jpg","type":"image\/jpeg"}],"twitter_card":"summary_large_image","twitter_misc":{"Tiempo de lectura":"1 minuto"},"schema":{"@context":"https:\/\/schema.org","@graph":[{"@type":"WebPage","@id":"https:\/\/tzionlibreria.com\/index.php\/product\/la-maravilla-del-caos-una-guia-explosiva-para-innovar-y-mejorar-tu-capacidad-de-liderar-sam-chand\/","url":"https:\/\/tzionlibreria.com\/index.php\/product\/la-maravilla-del-caos-una-guia-explosiva-para-innovar-y-mejorar-tu-capacidad-de-liderar-sam-chand\/","name":"La maravilla del caos: Una gu\u00eda explosiva para innovar y mejorar tu capacidad de liderar \u2013 Sam Chand - tzionlibreria.com","isPartOf":{"@id":"https:\/\/tzionlibreria.com\/#website"},"primaryImageOfPage":{"@id":"https:\/\/tzionlibreria.com\/index.php\/product\/la-maravilla-del-caos-una-guia-explosiva-para-innovar-y-mejorar-tu-capacidad-de-liderar-sam-chand\/#primaryimage"},"image":{"@id":"https:\/\/tzionlibreria.com\/index.php\/product\/la-maravilla-del-caos-una-guia-explosiva-para-innovar-y-mejorar-tu-capacidad-de-liderar-sam-chand\/#primaryimage"},"thumbnailUrl":"https:\/\/tzionlibreria.com\/wp-content\/uploads\/2026\/03\/9781956625615-600x600-1.jpg","datePublished":"2026-03-04T15:43:13+00:00","breadcrumb":{"@id":"https:\/\/tzionlibreria.com\/index.php\/product\/la-maravilla-del-caos-una-guia-explosiva-para-innovar-y-mejorar-tu-capacidad-de-liderar-sam-chand\/#breadcrumb"},"inLanguage":"es-CO","potentialAction":[{"@type":"ReadAction","target":["https:\/\/tzionlibreria.com\/index.php\/product\/la-maravilla-del-caos-una-guia-explosiva-para-innovar-y-mejorar-tu-capacidad-de-liderar-sam-chand\/"]}]},{"@type":"ImageObject","inLanguage":"es-CO","@id":"https:\/\/tzionlibreria.com\/index.php\/product\/la-maravilla-del-caos-una-guia-explosiva-para-innovar-y-mejorar-tu-capacidad-de-liderar-sam-chand\/#primaryimage","url":"https:\/\/tzionlibreria.com\/wp-content\/uploads\/2026\/03\/9781956625615-600x600-1.jpg","contentUrl":"https:\/\/tzionlibreria.com\/wp-content\/uploads\/2026\/03\/9781956625615-600x600-1.jpg","width":600,"height":600},{"@type":"BreadcrumbList","@id":"https:\/\/tzionlibreria.com\/index.php\/product\/la-maravilla-del-caos-una-guia-explosiva-para-innovar-y-mejorar-tu-capacidad-de-liderar-sam-chand\/#breadcrumb","itemListElement":[{"@type":"ListItem","position":1,"name":"Inicio","item":"https:\/\/tzionlibreria.com\/"},{"@type":"ListItem","position":2,"name":"Shop","item":"https:\/\/tzionlibreria.com\/index.php\/shop\/"},{"@type":"ListItem","position":3,"name":"La maravilla del caos: Una gu\u00eda explosiva para innovar y mejorar tu capacidad de liderar \u2013 Sam Chand"}]},{"@type":"WebSite","@id":"https:\/\/tzionlibreria.com\/#website","url":"https:\/\/tzionlibreria.com\/","name":"tzionlibreria.com","description":"Libreria Cristiana Venezuela","publisher":{"@id":"https:\/\/tzionlibreria.com\/#organization"},"potentialAction":[{"@type":"SearchAction","target":{"@type":"EntryPoint","urlTemplate":"https:\/\/tzionlibreria.com\/?s={search_term_string}"},"query-input":{"@type":"PropertyValueSpecification","valueRequired":true,"valueName":"search_term_string"}}],"inLanguage":"es-CO"},{"@type":"Organization","@id":"https:\/\/tzionlibreria.com\/#organization","name":"tzionlibreria.com","url":"https:\/\/tzionlibreria.com\/","logo":{"@type":"ImageObject","inLanguage":"es-CO","@id":"https:\/\/tzionlibreria.com\/#\/schema\/logo\/image\/","url":"https:\/\/tzionlibreria.com\/wp-content\/uploads\/2023\/10\/cropped-Cuadricula-scaled-1.jpg","contentUrl":"https:\/\/tzionlibreria.com\/wp-content\/uploads\/2023\/10\/cropped-Cuadricula-scaled-1.jpg","width":2560,"height":2560,"caption":"tzionlibreria.com"},"image":{"@id":"https:\/\/tzionlibreria.com\/#\/schema\/logo\/image\/"}}]}},"jetpack_sharing_enabled":true,"_links":{"self":[{"href":"https:\/\/tzionlibreria.com\/index.php\/wp-json\/wp\/v2\/product\/7107","targetHints":{"allow":["GET"]}}],"collection":[{"href":"https:\/\/tzionlibreria.com\/index.php\/wp-json\/wp\/v2\/product"}],"about":[{"href":"https:\/\/tzionlibreria.com\/index.php\/wp-json\/wp\/v2\/types\/product"}],"replies":[{"embeddable":true,"href":"https:\/\/tzionlibreria.com\/index.php\/wp-json\/wp\/v2\/comments?post=7107"}],"wp:featuredmedia":[{"embeddable":true,"href":"https:\/\/tzionlibreria.com\/index.php\/wp-json\/wp\/v2\/media\/7108"}],"wp:attachment":[{"href":"https:\/\/tzionlibreria.com\/index.php\/wp-json\/wp\/v2\/media?parent=7107"}],"wp:term":[{"taxonomy":"product_brand","embeddable":true,"href":"https:\/\/tzionlibreria.com\/index.php\/wp-json\/wp\/v2\/product_brand?post=7107"},{"taxonomy":"product_cat","embeddable":true,"href":"https:\/\/tzionlibreria.com\/index.php\/wp-json\/wp\/v2\/product_cat?post=7107"},{"taxonomy":"product_tag","embeddable":true,"href":"https:\/\/tzionlibreria.com\/index.php\/wp-json\/wp\/v2\/product_tag?post=7107"}],"curies":[{"name":"wp","href":"https:\/\/api.w.org\/{rel}","templated":true}]}}