{"id":7109,"date":"2026-03-04T15:54:58","date_gmt":"2026-03-04T15:54:58","guid":{"rendered":"https:\/\/tzionlibreria.com\/?post_type=product&#038;p=7109"},"modified":"2026-03-04T15:55:03","modified_gmt":"2026-03-04T15:55:03","slug":"nuevas-misericordias-para-jovenes-365-reflexiones","status":"publish","type":"product","link":"https:\/\/tzionlibreria.com\/index.php\/product\/nuevas-misericordias-para-jovenes-365-reflexiones\/","title":{"rendered":"Nuevas misericordias para j\u00f3venes \u2013 365 Reflexiones"},"content":{"rendered":"<div class=\"ast-oembed-container \"><iframe title=\"Nuevas Misericordias para J\u00f3venes \u2013 Paul David Tripp | Devocional Cristiano 365 D\u00edas\" src=\"https:\/\/www.youtube.com\/embed\/AZ0NSxUZklY?start=816&amp;feature=oembed\" width=\"1200\" height=\"675\" frameborder=\"0\" allowfullscreen=\"allowfullscreen\" data-gtm-yt-inspected-15=\"true\" data-mce-fragment=\"1\"><\/iframe><\/div>\n<h2 data-start=\"126\" data-end=\"186\"><\/h2>\n<h2 data-start=\"126\" data-end=\"186\"><img decoding=\"async\" class=\"emoji\" role=\"img\" draggable=\"false\" src=\"https:\/\/s.w.org\/images\/core\/emoji\/17.0.2\/svg\/1f4d8.svg\" alt=\"\ud83d\udcd8\" \/> Nuevas Misericordias para J\u00f3venes \u2013 Paul David Tripp<\/h2>\n<p>&nbsp;<\/p>\n<p data-start=\"188\" data-end=\"318\">Uno de los devocionales m\u00e1s reconocidos de <strong data-start=\"231\" data-end=\"251\">Paul David Tripp<\/strong>, ahora adaptado especialmente para adolescentes y estudiantes <img decoding=\"async\" class=\"emoji\" role=\"img\" draggable=\"false\" src=\"https:\/\/s.w.org\/images\/core\/emoji\/17.0.2\/svg\/1f64c.svg\" alt=\"\ud83d\ude4c\" \/><img decoding=\"async\" class=\"emoji\" role=\"img\" draggable=\"false\" src=\"https:\/\/s.w.org\/images\/core\/emoji\/17.0.2\/svg\/2728.svg\" alt=\"\u2728\" \/>.<\/p>\n<p data-start=\"320\" data-end=\"589\">La juventud est\u00e1 llena de desaf\u00edos: ansiedad, identidad, presi\u00f3n social, redes sociales, tentaciones y decisiones importantes. Este <strong data-start=\"452\" data-end=\"489\">devocional cristiano para j\u00f3venes<\/strong> ofrece sabidur\u00eda b\u00edblica pr\u00e1ctica y centrada en el evangelio para enfrentar cada d\u00eda con esperanza.<\/p>\n<h3 data-start=\"591\" data-end=\"654\"><img decoding=\"async\" class=\"emoji\" role=\"img\" draggable=\"false\" src=\"https:\/\/s.w.org\/images\/core\/emoji\/17.0.2\/svg\/1f305.svg\" alt=\"\ud83c\udf05\" \/> 365 reflexiones para recordar el evangelio cada ma\u00f1ana<\/h3>\n<p data-start=\"656\" data-end=\"829\">Cada lectura diaria incluye:<\/p>\n<p><img decoding=\"async\" class=\"emoji\" role=\"img\" draggable=\"false\" src=\"https:\/\/s.w.org\/images\/core\/emoji\/17.0.2\/svg\/2714.svg\" alt=\"\u2714\" \/> Un pensamiento memorable centrado en el evangelio <img decoding=\"async\" class=\"emoji\" role=\"img\" draggable=\"false\" src=\"https:\/\/s.w.org\/images\/core\/emoji\/17.0.2\/svg\/271d.svg\" alt=\"\u271d\ufe0f\" \/><br data-start=\"739\" data-end=\"742\" \/><img decoding=\"async\" class=\"emoji\" role=\"img\" draggable=\"false\" src=\"https:\/\/s.w.org\/images\/core\/emoji\/17.0.2\/svg\/2714.svg\" alt=\"\u2714\" \/> Una meditaci\u00f3n basada en las Escrituras <img decoding=\"async\" class=\"emoji\" role=\"img\" draggable=\"false\" src=\"https:\/\/s.w.org\/images\/core\/emoji\/17.0.2\/svg\/1f4d6.svg\" alt=\"\ud83d\udcd6\" \/><br data-start=\"786\" data-end=\"789\" \/><img decoding=\"async\" class=\"emoji\" role=\"img\" draggable=\"false\" src=\"https:\/\/s.w.org\/images\/core\/emoji\/17.0.2\/svg\/2714.svg\" alt=\"\u2714\" \/> Preguntas para reflexi\u00f3n personal <img decoding=\"async\" class=\"emoji\" role=\"img\" draggable=\"false\" src=\"https:\/\/s.w.org\/images\/core\/emoji\/17.0.2\/svg\/1f4ad.svg\" alt=\"\ud83d\udcad\" \/><\/p>\n<p data-start=\"831\" data-end=\"923\">Incluye adem\u00e1s un cap\u00edtulo especial de <strong data-start=\"870\" data-end=\"896\">preguntas y respuestas<\/strong> sobre temas actuales como:<\/p>\n<ul data-start=\"924\" data-end=\"1002\">\n<li data-start=\"924\" data-end=\"936\">\n<p data-start=\"926\" data-end=\"936\">Ansiedad<\/p>\n<\/li>\n<li data-start=\"937\" data-end=\"954\">\n<p data-start=\"939\" data-end=\"954\">Sexo y g\u00e9nero<\/p>\n<\/li>\n<li data-start=\"955\" data-end=\"973\">\n<p data-start=\"957\" data-end=\"973\">Redes sociales<\/p>\n<\/li>\n<li data-start=\"974\" data-end=\"1002\">\n<p data-start=\"976\" data-end=\"1002\">Disciplinas espirituales<\/p>\n<\/li>\n<\/ul>\n<p data-start=\"1004\" data-end=\"1193\">M\u00e1s que enfocarse en cambiar conductas externas, este devocional ayuda a los j\u00f3venes a <strong data-start=\"1091\" data-end=\"1123\">encontrarse con el Dios vivo<\/strong>, crecer en su amor por Jes\u00fas y vivir para Su gloria d\u00eda tras d\u00eda <img decoding=\"async\" class=\"emoji\" role=\"img\" draggable=\"false\" src=\"https:\/\/s.w.org\/images\/core\/emoji\/17.0.2\/svg\/1f49b.svg\" alt=\"\ud83d\udc9b\" \/><img decoding=\"async\" class=\"emoji\" role=\"img\" draggable=\"false\" src=\"https:\/\/s.w.org\/images\/core\/emoji\/17.0.2\/svg\/2728.svg\" alt=\"\u2728\" \/>.<\/p>\n<hr data-start=\"1195\" data-end=\"1198\" \/>\n<h3 data-start=\"1200\" data-end=\"1226\"><img decoding=\"async\" class=\"emoji\" role=\"img\" draggable=\"false\" src=\"https:\/\/s.w.org\/images\/core\/emoji\/17.0.2\/svg\/1f466.svg\" alt=\"\ud83d\udc66\" \/><img decoding=\"async\" class=\"emoji\" role=\"img\" draggable=\"false\" src=\"https:\/\/s.w.org\/images\/core\/emoji\/17.0.2\/svg\/1f467.svg\" alt=\"\ud83d\udc67\" \/> Edad recomendada:<\/h3>\n<p data-start=\"1227\" data-end=\"1283\"><strong data-start=\"1227\" data-end=\"1243\">13 a 18 a\u00f1os<\/strong> (ideal para adolescentes y estudiantes)<\/p>\n<p data-start=\"1285\" data-end=\"1406\">Perfecto para:<\/p>\n<p><img decoding=\"async\" class=\"emoji\" role=\"img\" draggable=\"false\" src=\"https:\/\/s.w.org\/images\/core\/emoji\/17.0.2\/svg\/1f4d6.svg\" alt=\"\ud83d\udcd6\" \/> Devocionales personales<br data-start=\"1326\" data-end=\"1329\" \/><img decoding=\"async\" class=\"emoji\" role=\"img\" draggable=\"false\" src=\"https:\/\/s.w.org\/images\/core\/emoji\/17.0.2\/svg\/26ea.svg\" alt=\"\u26ea\" \/> Grupos juveniles<br data-start=\"1347\" data-end=\"1350\" \/><img decoding=\"async\" class=\"emoji\" role=\"img\" draggable=\"false\" src=\"https:\/\/s.w.org\/images\/core\/emoji\/17.0.2\/svg\/1f3eb.svg\" alt=\"\ud83c\udfeb\" \/> Estudiantes de secundaria<br data-start=\"1378\" data-end=\"1381\" \/><img decoding=\"async\" class=\"emoji\" role=\"img\" draggable=\"false\" src=\"https:\/\/s.w.org\/images\/core\/emoji\/17.0.2\/svg\/1f381.svg\" alt=\"\ud83c\udf81\" \/> Regalo con prop\u00f3sito<\/p>\n<p data-start=\"1408\" data-end=\"1529\">Un recurso esencial para fortalecer la fe y formar una cosmovisi\u00f3n b\u00edblica s\u00f3lida en la etapa m\u00e1s decisiva de la vida <img decoding=\"async\" class=\"emoji\" role=\"img\" draggable=\"false\" src=\"https:\/\/s.w.org\/images\/core\/emoji\/17.0.2\/svg\/1f31f.svg\" alt=\"\ud83c\udf1f\" \/>.<\/p>\n","protected":false},"excerpt":{"rendered":"<p>Nuevas Misericordias para J\u00f3venes \u2013 Paul David Tripp &nbsp; Uno de los devocionales m\u00e1s reconocidos de Paul David Tripp, ahora adaptado especialmente para adolescentes y estudiantes . La juventud est\u00e1 llena de desaf\u00edos: ansiedad, identidad, presi\u00f3n social, redes sociales, tentaciones y decisiones importantes. Este devocional cristiano para j\u00f3venes ofrece sabidur\u00eda b\u00edblica pr\u00e1ctica y centrada en [&hellip;]<\/p>\n","protected":false},"featured_media":7118,"comment_status":"open","ping_status":"closed","template":"","meta":{"om_disable_all_campaigns":false,"_monsterinsights_skip_tracking":false,"_monsterinsights_sitenote_active":false,"_monsterinsights_sitenote_note":"","_monsterinsights_sitenote_category":0,"site-sidebar-layout":"default","site-content-layout":"","ast-site-content-layout":"default","site-content-style":"default","site-sidebar-style":"default","ast-global-header-display":"","ast-banner-title-visibility":"","ast-main-header-display":"","ast-hfb-above-header-display":"","ast-hfb-below-header-display":"","ast-hfb-mobile-header-display":"","site-post-title":"","ast-breadcrumbs-content":"","ast-featured-img":"","footer-sml-layout":"","ast-disable-related-posts":"","theme-transparent-header-meta":"default","adv-header-id-meta":"","stick-header-meta":"","header-above-stick-meta":"","header-main-stick-meta":"","header-below-stick-meta":"","astra-migrate-meta-layouts":"set","ast-page-background-enabled":"default","ast-page-background-meta":{"desktop":{"background-color":"var(--ast-global-color-4)","background-image":"","background-repeat":"repeat","background-position":"center center","background-size":"auto","background-attachment":"scroll","background-type":"","background-media":"","overlay-type":"","overlay-color":"","overlay-opacity":"","overlay-gradient":""},"tablet":{"background-color":"","background-image":"","background-repeat":"repeat","background-position":"center center","background-size":"auto","background-attachment":"scroll","background-type":"","background-media":"","overlay-type":"","overlay-color":"","overlay-opacity":"","overlay-gradient":""},"mobile":{"background-color":"","background-image":"","background-repeat":"repeat","background-position":"center center","background-size":"auto","background-attachment":"scroll","background-type":"","background-media":"","overlay-type":"","overlay-color":"","overlay-opacity":"","overlay-gradient":""}},"ast-content-background-meta":{"desktop":{"background-color":"var(--ast-global-color-5)","background-image":"","background-repeat":"repeat","background-position":"center center","background-size":"auto","background-attachment":"scroll","background-type":"","background-media":"","overlay-type":"","overlay-color":"","overlay-opacity":"","overlay-gradient":""},"tablet":{"background-color":"var(--ast-global-color-5)","background-image":"","background-repeat":"repeat","background-position":"center center","background-size":"auto","background-attachment":"scroll","background-type":"","background-media":"","overlay-type":"","overlay-color":"","overlay-opacity":"","overlay-gradient":""},"mobile":{"background-color":"var(--ast-global-color-5)","background-image":"","background-repeat":"repeat","background-position":"center center","background-size":"auto","background-attachment":"scroll","background-type":"","background-media":"","overlay-type":"","overlay-color":"","overlay-opacity":"","overlay-gradient":""}}},"product_brand":[],"product_cat":[24,173,23],"product_tag":[],"class_list":{"0":"post-7109","1":"product","2":"type-product","3":"status-publish","4":"has-post-thumbnail","6":"product_cat-devocionales","7":"product_cat-jovenes","8":"product_cat-libros","9":"desktop-align-left","10":"tablet-align-left","11":"mobile-align-left","13":"first","14":"instock","15":"shipping-taxable","16":"purchasable","17":"product-type-simple"},"yoast_head":"<!-- This site is optimized with the Yoast SEO plugin v27.4 - https:\/\/yoast.com\/product\/yoast-seo-wordpress\/ -->\n<title>Nuevas misericordias para j\u00f3venes \u2013 365 Reflexiones - tzionlibreria.com<\/title>\n<meta name=\"robots\" content=\"index, follow, max-snippet:-1, max-image-preview:large, max-video-preview:-1\" \/>\n<link rel=\"canonical\" href=\"https:\/\/tzionlibreria.com\/index.php\/product\/nuevas-misericordias-para-jovenes-365-reflexiones\/\" \/>\n<meta property=\"og:locale\" content=\"es_ES\" \/>\n<meta property=\"og:type\" content=\"article\" \/>\n<meta property=\"og:title\" content=\"Nuevas misericordias para j\u00f3venes \u2013 365 Reflexiones - tzionlibreria.com\" \/>\n<meta property=\"og:description\" content=\"Nuevas Misericordias para J\u00f3venes \u2013 Paul David Tripp &nbsp; Uno de los devocionales m\u00e1s reconocidos de Paul David Tripp, ahora adaptado especialmente para adolescentes y estudiantes . La juventud est\u00e1 llena de desaf\u00edos: ansiedad, identidad, presi\u00f3n social, redes sociales, tentaciones y decisiones importantes. Este devocional cristiano para j\u00f3venes ofrece sabidur\u00eda b\u00edblica pr\u00e1ctica y centrada en [&hellip;]\" \/>\n<meta property=\"og:url\" content=\"https:\/\/tzionlibreria.com\/index.php\/product\/nuevas-misericordias-para-jovenes-365-reflexiones\/\" \/>\n<meta property=\"og:site_name\" content=\"tzionlibreria.com\" \/>\n<meta property=\"article:modified_time\" content=\"2026-03-04T15:55:03+00:00\" \/>\n<meta property=\"og:image\" content=\"http:\/\/tzionlibreria.com\/wp-content\/uploads\/2026\/03\/9781955182898.jpg\" \/>\n\t<meta property=\"og:image:width\" content=\"1200\" \/>\n\t<meta property=\"og:image:height\" content=\"1200\" \/>\n\t<meta property=\"og:image:type\" content=\"image\/jpeg\" \/>\n<meta name=\"twitter:card\" content=\"summary_large_image\" \/>\n<meta name=\"twitter:label1\" content=\"Tiempo de lectura\" \/>\n\t<meta name=\"twitter:data1\" content=\"5 minutos\" \/>\n<script type=\"application\/ld+json\" class=\"yoast-schema-graph\">{\"@context\":\"https:\\\/\\\/schema.org\",\"@graph\":[{\"@type\":\"WebPage\",\"@id\":\"https:\\\/\\\/tzionlibreria.com\\\/index.php\\\/product\\\/nuevas-misericordias-para-jovenes-365-reflexiones\\\/\",\"url\":\"https:\\\/\\\/tzionlibreria.com\\\/index.php\\\/product\\\/nuevas-misericordias-para-jovenes-365-reflexiones\\\/\",\"name\":\"Nuevas misericordias para j\u00f3venes \u2013 365 Reflexiones - tzionlibreria.com\",\"isPartOf\":{\"@id\":\"https:\\\/\\\/tzionlibreria.com\\\/#website\"},\"primaryImageOfPage\":{\"@id\":\"https:\\\/\\\/tzionlibreria.com\\\/index.php\\\/product\\\/nuevas-misericordias-para-jovenes-365-reflexiones\\\/#primaryimage\"},\"image\":{\"@id\":\"https:\\\/\\\/tzionlibreria.com\\\/index.php\\\/product\\\/nuevas-misericordias-para-jovenes-365-reflexiones\\\/#primaryimage\"},\"thumbnailUrl\":\"https:\\\/\\\/tzionlibreria.com\\\/wp-content\\\/uploads\\\/2026\\\/03\\\/9781955182898.jpg\",\"datePublished\":\"2026-03-04T15:54:58+00:00\",\"dateModified\":\"2026-03-04T15:55:03+00:00\",\"breadcrumb\":{\"@id\":\"https:\\\/\\\/tzionlibreria.com\\\/index.php\\\/product\\\/nuevas-misericordias-para-jovenes-365-reflexiones\\\/#breadcrumb\"},\"inLanguage\":\"es-CO\",\"potentialAction\":[{\"@type\":\"ReadAction\",\"target\":[\"https:\\\/\\\/tzionlibreria.com\\\/index.php\\\/product\\\/nuevas-misericordias-para-jovenes-365-reflexiones\\\/\"]}]},{\"@type\":\"ImageObject\",\"inLanguage\":\"es-CO\",\"@id\":\"https:\\\/\\\/tzionlibreria.com\\\/index.php\\\/product\\\/nuevas-misericordias-para-jovenes-365-reflexiones\\\/#primaryimage\",\"url\":\"https:\\\/\\\/tzionlibreria.com\\\/wp-content\\\/uploads\\\/2026\\\/03\\\/9781955182898.jpg\",\"contentUrl\":\"https:\\\/\\\/tzionlibreria.com\\\/wp-content\\\/uploads\\\/2026\\\/03\\\/9781955182898.jpg\",\"width\":1200,\"height\":1200},{\"@type\":\"BreadcrumbList\",\"@id\":\"https:\\\/\\\/tzionlibreria.com\\\/index.php\\\/product\\\/nuevas-misericordias-para-jovenes-365-reflexiones\\\/#breadcrumb\",\"itemListElement\":[{\"@type\":\"ListItem\",\"position\":1,\"name\":\"Inicio\",\"item\":\"https:\\\/\\\/tzionlibreria.com\\\/\"},{\"@type\":\"ListItem\",\"position\":2,\"name\":\"Shop\",\"item\":\"https:\\\/\\\/tzionlibreria.com\\\/index.php\\\/shop\\\/\"},{\"@type\":\"ListItem\",\"position\":3,\"name\":\"Nuevas misericordias para j\u00f3venes \u2013 365 Reflexiones\"}]},{\"@type\":\"WebSite\",\"@id\":\"https:\\\/\\\/tzionlibreria.com\\\/#website\",\"url\":\"https:\\\/\\\/tzionlibreria.com\\\/\",\"name\":\"tzionlibreria.com\",\"description\":\"Libreria Cristiana Venezuela\",\"publisher\":{\"@id\":\"https:\\\/\\\/tzionlibreria.com\\\/#organization\"},\"potentialAction\":[{\"@type\":\"SearchAction\",\"target\":{\"@type\":\"EntryPoint\",\"urlTemplate\":\"https:\\\/\\\/tzionlibreria.com\\\/?s={search_term_string}\"},\"query-input\":{\"@type\":\"PropertyValueSpecification\",\"valueRequired\":true,\"valueName\":\"search_term_string\"}}],\"inLanguage\":\"es-CO\"},{\"@type\":\"Organization\",\"@id\":\"https:\\\/\\\/tzionlibreria.com\\\/#organization\",\"name\":\"tzionlibreria.com\",\"url\":\"https:\\\/\\\/tzionlibreria.com\\\/\",\"logo\":{\"@type\":\"ImageObject\",\"inLanguage\":\"es-CO\",\"@id\":\"https:\\\/\\\/tzionlibreria.com\\\/#\\\/schema\\\/logo\\\/image\\\/\",\"url\":\"https:\\\/\\\/tzionlibreria.com\\\/wp-content\\\/uploads\\\/2023\\\/10\\\/cropped-Cuadricula-scaled-1.jpg\",\"contentUrl\":\"https:\\\/\\\/tzionlibreria.com\\\/wp-content\\\/uploads\\\/2023\\\/10\\\/cropped-Cuadricula-scaled-1.jpg\",\"width\":2560,\"height\":2560,\"caption\":\"tzionlibreria.com\"},\"image\":{\"@id\":\"https:\\\/\\\/tzionlibreria.com\\\/#\\\/schema\\\/logo\\\/image\\\/\"}}]}<\/script>\n<!-- \/ Yoast SEO plugin. -->","yoast_head_json":{"title":"Nuevas misericordias para j\u00f3venes \u2013 365 Reflexiones - tzionlibreria.com","robots":{"index":"index","follow":"follow","max-snippet":"max-snippet:-1","max-image-preview":"max-image-preview:large","max-video-preview":"max-video-preview:-1"},"canonical":"https:\/\/tzionlibreria.com\/index.php\/product\/nuevas-misericordias-para-jovenes-365-reflexiones\/","og_locale":"es_ES","og_type":"article","og_title":"Nuevas misericordias para j\u00f3venes \u2013 365 Reflexiones - tzionlibreria.com","og_description":"Nuevas Misericordias para J\u00f3venes \u2013 Paul David Tripp &nbsp; Uno de los devocionales m\u00e1s reconocidos de Paul David Tripp, ahora adaptado especialmente para adolescentes y estudiantes . La juventud est\u00e1 llena de desaf\u00edos: ansiedad, identidad, presi\u00f3n social, redes sociales, tentaciones y decisiones importantes. Este devocional cristiano para j\u00f3venes ofrece sabidur\u00eda b\u00edblica pr\u00e1ctica y centrada en [&hellip;]","og_url":"https:\/\/tzionlibreria.com\/index.php\/product\/nuevas-misericordias-para-jovenes-365-reflexiones\/","og_site_name":"tzionlibreria.com","article_modified_time":"2026-03-04T15:55:03+00:00","og_image":[{"width":1200,"height":1200,"url":"http:\/\/tzionlibreria.com\/wp-content\/uploads\/2026\/03\/9781955182898.jpg","type":"image\/jpeg"}],"twitter_card":"summary_large_image","twitter_misc":{"Tiempo de lectura":"5 minutos"},"schema":{"@context":"https:\/\/schema.org","@graph":[{"@type":"WebPage","@id":"https:\/\/tzionlibreria.com\/index.php\/product\/nuevas-misericordias-para-jovenes-365-reflexiones\/","url":"https:\/\/tzionlibreria.com\/index.php\/product\/nuevas-misericordias-para-jovenes-365-reflexiones\/","name":"Nuevas misericordias para j\u00f3venes \u2013 365 Reflexiones - tzionlibreria.com","isPartOf":{"@id":"https:\/\/tzionlibreria.com\/#website"},"primaryImageOfPage":{"@id":"https:\/\/tzionlibreria.com\/index.php\/product\/nuevas-misericordias-para-jovenes-365-reflexiones\/#primaryimage"},"image":{"@id":"https:\/\/tzionlibreria.com\/index.php\/product\/nuevas-misericordias-para-jovenes-365-reflexiones\/#primaryimage"},"thumbnailUrl":"https:\/\/tzionlibreria.com\/wp-content\/uploads\/2026\/03\/9781955182898.jpg","datePublished":"2026-03-04T15:54:58+00:00","dateModified":"2026-03-04T15:55:03+00:00","breadcrumb":{"@id":"https:\/\/tzionlibreria.com\/index.php\/product\/nuevas-misericordias-para-jovenes-365-reflexiones\/#breadcrumb"},"inLanguage":"es-CO","potentialAction":[{"@type":"ReadAction","target":["https:\/\/tzionlibreria.com\/index.php\/product\/nuevas-misericordias-para-jovenes-365-reflexiones\/"]}]},{"@type":"ImageObject","inLanguage":"es-CO","@id":"https:\/\/tzionlibreria.com\/index.php\/product\/nuevas-misericordias-para-jovenes-365-reflexiones\/#primaryimage","url":"https:\/\/tzionlibreria.com\/wp-content\/uploads\/2026\/03\/9781955182898.jpg","contentUrl":"https:\/\/tzionlibreria.com\/wp-content\/uploads\/2026\/03\/9781955182898.jpg","width":1200,"height":1200},{"@type":"BreadcrumbList","@id":"https:\/\/tzionlibreria.com\/index.php\/product\/nuevas-misericordias-para-jovenes-365-reflexiones\/#breadcrumb","itemListElement":[{"@type":"ListItem","position":1,"name":"Inicio","item":"https:\/\/tzionlibreria.com\/"},{"@type":"ListItem","position":2,"name":"Shop","item":"https:\/\/tzionlibreria.com\/index.php\/shop\/"},{"@type":"ListItem","position":3,"name":"Nuevas misericordias para j\u00f3venes \u2013 365 Reflexiones"}]},{"@type":"WebSite","@id":"https:\/\/tzionlibreria.com\/#website","url":"https:\/\/tzionlibreria.com\/","name":"tzionlibreria.com","description":"Libreria Cristiana Venezuela","publisher":{"@id":"https:\/\/tzionlibreria.com\/#organization"},"potentialAction":[{"@type":"SearchAction","target":{"@type":"EntryPoint","urlTemplate":"https:\/\/tzionlibreria.com\/?s={search_term_string}"},"query-input":{"@type":"PropertyValueSpecification","valueRequired":true,"valueName":"search_term_string"}}],"inLanguage":"es-CO"},{"@type":"Organization","@id":"https:\/\/tzionlibreria.com\/#organization","name":"tzionlibreria.com","url":"https:\/\/tzionlibreria.com\/","logo":{"@type":"ImageObject","inLanguage":"es-CO","@id":"https:\/\/tzionlibreria.com\/#\/schema\/logo\/image\/","url":"https:\/\/tzionlibreria.com\/wp-content\/uploads\/2023\/10\/cropped-Cuadricula-scaled-1.jpg","contentUrl":"https:\/\/tzionlibreria.com\/wp-content\/uploads\/2023\/10\/cropped-Cuadricula-scaled-1.jpg","width":2560,"height":2560,"caption":"tzionlibreria.com"},"image":{"@id":"https:\/\/tzionlibreria.com\/#\/schema\/logo\/image\/"}}]}},"jetpack_sharing_enabled":true,"_links":{"self":[{"href":"https:\/\/tzionlibreria.com\/index.php\/wp-json\/wp\/v2\/product\/7109","targetHints":{"allow":["GET"]}}],"collection":[{"href":"https:\/\/tzionlibreria.com\/index.php\/wp-json\/wp\/v2\/product"}],"about":[{"href":"https:\/\/tzionlibreria.com\/index.php\/wp-json\/wp\/v2\/types\/product"}],"replies":[{"embeddable":true,"href":"https:\/\/tzionlibreria.com\/index.php\/wp-json\/wp\/v2\/comments?post=7109"}],"wp:featuredmedia":[{"embeddable":true,"href":"https:\/\/tzionlibreria.com\/index.php\/wp-json\/wp\/v2\/media\/7118"}],"wp:attachment":[{"href":"https:\/\/tzionlibreria.com\/index.php\/wp-json\/wp\/v2\/media?parent=7109"}],"wp:term":[{"taxonomy":"product_brand","embeddable":true,"href":"https:\/\/tzionlibreria.com\/index.php\/wp-json\/wp\/v2\/product_brand?post=7109"},{"taxonomy":"product_cat","embeddable":true,"href":"https:\/\/tzionlibreria.com\/index.php\/wp-json\/wp\/v2\/product_cat?post=7109"},{"taxonomy":"product_tag","embeddable":true,"href":"https:\/\/tzionlibreria.com\/index.php\/wp-json\/wp\/v2\/product_tag?post=7109"}],"curies":[{"name":"wp","href":"https:\/\/api.w.org\/{rel}","templated":true}]}}