{"id":7119,"date":"2026-03-04T16:07:55","date_gmt":"2026-03-04T16:07:55","guid":{"rendered":"https:\/\/tzionlibreria.com\/?post_type=product&#038;p=7119"},"modified":"2026-03-04T16:07:55","modified_gmt":"2026-03-04T16:07:55","slug":"nuevas-misericordias-cada-manana-devocional","status":"publish","type":"product","link":"https:\/\/tzionlibreria.com\/index.php\/product\/nuevas-misericordias-cada-manana-devocional\/","title":{"rendered":"Nuevas Misericordias Cada Ma\u00f1ana \u2013 Devocional"},"content":{"rendered":"<div id=\"tab-description\" class=\"woocommerce-Tabs-panel woocommerce-Tabs-panel--description panel entry-content wc-tab\" role=\"tabpanel\" aria-labelledby=\"tab-title-description\">\n<div class=\"ast-oembed-container \"><iframe title=\"Nuevas Misericordias para J\u00f3venes \u2013 Paul David Tripp | Devocional Cristiano 365 D\u00edas\" src=\"https:\/\/www.youtube.com\/embed\/AZ0NSxUZklY?start=816&amp;feature=oembed\" width=\"1200\" height=\"675\" frameborder=\"0\" allowfullscreen=\"allowfullscreen\" data-gtm-yt-inspected-15=\"true\" data-mce-fragment=\"1\"><\/iframe><\/div>\n<h2><\/h2>\n<h2><\/h2>\n<h2 class=\"product-subtitle\">365 reflexiones para recordarte el evangelio todos los d\u00edas<\/h2>\n<p>&nbsp;<\/p>\n<div><strong>Las ma\u00f1anas pueden ser dif\u00edciles.<\/strong>Muchas veces un fuerte caf\u00e9 y un buen desayuno simplemente no sonsuficientes para enfrentar el d\u00eda. Ofreci\u00e9ndote m\u00e1s que una descarga decafe\u00edna, el autor bestseller Paul David\u00a0<strong>Tripp quiere energizarte con el m\u00e1s potente aliento imaginable: el evangelio<\/strong>.<\/div>\n<p>&nbsp;<\/p>\n<div>Nada de \u201cfrases bonitas de m\u00e9todos de autoayuda\u201d o de \u201cm\u00e9todos para mejorar la conducta\u201d;\u00a0<strong>Tripp sabe lo que realmente necesitas: un encuentro real con el Dios vivo.\u00a0<\/strong>Solo entonces estar\u00e1s preparado para confiar en Su bondad, descansar en Su gracia y vivir para Su gloria todos los d\u00edas del a\u00f1o. \u201cEstas lecturas devocionales fortalecer\u00e1n tu coraz\u00f3n y abrir\u00e1n tus ojos para contemplar las misericordias frescas de Dios al amanecer de cada nuevod\u00eda\u201d.<\/div>\n<div><\/div>\n<p><em><strong>\u2013 Nancy Leigh DeMoss<\/strong><\/em>, autora y locutora de radio en \u201cAviva nuestros corazones\u201d<\/p>\n<div>\u201cTodossentimos la tentaci\u00f3n de huir de la bondad de Dios y perseguir lanuestra, de escapar de la aceptaci\u00f3n de Dios y correr hacia el pesoenorme e imposible de tratar de merecer Su favor. Agradecemos a Dios porpermitirle a Paul escribir este libro de devocionales para que sellenuestros corazones para Dios. Si est\u00e1s tentado a abandonar tu fe, estelibro es para ti\u201d.<\/div>\n<div><\/div>\n<div>\n<p><strong><em>\u2013 Matt &amp; Lauren Chandler<\/em><\/strong>;\u00a0Matt, pastor principal de The Village Church, Texas.<\/p>\n<p>Lauren, escritora, conferencista y cantante<\/p>\n<div>\u201cPaulTripp nos ha dejado una preciosa mezcla de sabidur\u00eda que obtuvo de a\u00f1osde experiencia en consejer\u00eda, de la perspicacia en la historia b\u00edblicade redenci\u00f3n y del entendimiento de la sustituci\u00f3n expiatoria en la cruzde Cristo. Esta serie de devocionales diarios arropa el coraz\u00f3n delconvaleciente y retan al del complaciente. Descubrir\u00e1s que este libro esprofundamente b\u00edblico sin dejar de ser ameno. \u00a1Lo recomiendoampliamente!\u201d.<\/div>\n<div><\/div>\n<p><em><strong>\u2013 Elyse Fitzpatrick<\/strong><\/em>, consejera, conferencista y autora de\u00a0<em>\u00cddolos del Coraz\u00f3n<\/em><\/p>\n<div>\u201cCadad\u00eda, estos devocionales ofrecen una historia saturada por el evangelio yuna aplicaci\u00f3n para la vida cotidiana. Estos pasajes de la Escritura, ala par con los mensajes alentadores de Paul, son una gran herramientapara entender el evangelio y la persona de Jesucristo\u201d.<\/div>\n<\/div>\n<div>\n<p><em><strong>\u2013 Perry Noble<\/strong>, pastor principal de NewSpring Church, Carolina del Sur<\/em><\/p>\n<\/div>\n<div><\/div>\n<div>\n<p><strong>ISBN<\/strong>: 9781944586003<\/p>\n<p><strong>Dimensiones<\/strong>: 229 x 157 x 25 mm<\/p>\n<p><strong>Peso<\/strong>: 0,350kg<\/p>\n<p><strong>Cubierta<\/strong>: R\u00fastica<\/p>\n<p><strong>N\u00famero de p\u00e1ginas<\/strong>: 384<\/p>\n<p><strong>Idioma<\/strong>: Espa\u00f1ol<\/p>\n<\/div>\n<\/div>\n","protected":false},"excerpt":{"rendered":"<p>365 reflexiones para recordarte el evangelio todos los d\u00edas &nbsp; Las ma\u00f1anas pueden ser dif\u00edciles.Muchas veces un fuerte caf\u00e9 y un buen desayuno simplemente no sonsuficientes para enfrentar el d\u00eda. Ofreci\u00e9ndote m\u00e1s que una descarga decafe\u00edna, el autor bestseller Paul David\u00a0Tripp quiere energizarte con el m\u00e1s potente aliento imaginable: el evangelio. &nbsp; Nada de \u201cfrases [&hellip;]<\/p>\n","protected":false},"featured_media":7120,"comment_status":"open","ping_status":"closed","template":"","meta":{"om_disable_all_campaigns":false,"_monsterinsights_skip_tracking":false,"_monsterinsights_sitenote_active":false,"_monsterinsights_sitenote_note":"","_monsterinsights_sitenote_category":0,"site-sidebar-layout":"default","site-content-layout":"","ast-site-content-layout":"default","site-content-style":"default","site-sidebar-style":"default","ast-global-header-display":"","ast-banner-title-visibility":"","ast-main-header-display":"","ast-hfb-above-header-display":"","ast-hfb-below-header-display":"","ast-hfb-mobile-header-display":"","site-post-title":"","ast-breadcrumbs-content":"","ast-featured-img":"","footer-sml-layout":"","ast-disable-related-posts":"","theme-transparent-header-meta":"default","adv-header-id-meta":"","stick-header-meta":"","header-above-stick-meta":"","header-main-stick-meta":"","header-below-stick-meta":"","astra-migrate-meta-layouts":"set","ast-page-background-enabled":"default","ast-page-background-meta":{"desktop":{"background-color":"var(--ast-global-color-4)","background-image":"","background-repeat":"repeat","background-position":"center center","background-size":"auto","background-attachment":"scroll","background-type":"","background-media":"","overlay-type":"","overlay-color":"","overlay-opacity":"","overlay-gradient":""},"tablet":{"background-color":"","background-image":"","background-repeat":"repeat","background-position":"center center","background-size":"auto","background-attachment":"scroll","background-type":"","background-media":"","overlay-type":"","overlay-color":"","overlay-opacity":"","overlay-gradient":""},"mobile":{"background-color":"","background-image":"","background-repeat":"repeat","background-position":"center center","background-size":"auto","background-attachment":"scroll","background-type":"","background-media":"","overlay-type":"","overlay-color":"","overlay-opacity":"","overlay-gradient":""}},"ast-content-background-meta":{"desktop":{"background-color":"var(--ast-global-color-5)","background-image":"","background-repeat":"repeat","background-position":"center center","background-size":"auto","background-attachment":"scroll","background-type":"","background-media":"","overlay-type":"","overlay-color":"","overlay-opacity":"","overlay-gradient":""},"tablet":{"background-color":"var(--ast-global-color-5)","background-image":"","background-repeat":"repeat","background-position":"center center","background-size":"auto","background-attachment":"scroll","background-type":"","background-media":"","overlay-type":"","overlay-color":"","overlay-opacity":"","overlay-gradient":""},"mobile":{"background-color":"var(--ast-global-color-5)","background-image":"","background-repeat":"repeat","background-position":"center center","background-size":"auto","background-attachment":"scroll","background-type":"","background-media":"","overlay-type":"","overlay-color":"","overlay-opacity":"","overlay-gradient":""}}},"product_brand":[],"product_cat":[24,173,23],"product_tag":[],"class_list":{"0":"post-7119","1":"product","2":"type-product","3":"status-publish","4":"has-post-thumbnail","6":"product_cat-devocionales","7":"product_cat-jovenes","8":"product_cat-libros","9":"desktop-align-left","10":"tablet-align-left","11":"mobile-align-left","13":"first","14":"instock","15":"shipping-taxable","16":"purchasable","17":"product-type-simple"},"yoast_head":"<!-- This site is optimized with the Yoast SEO plugin v27.4 - https:\/\/yoast.com\/product\/yoast-seo-wordpress\/ -->\n<title>Nuevas Misericordias Cada Ma\u00f1ana \u2013 Devocional - tzionlibreria.com<\/title>\n<meta name=\"robots\" content=\"index, follow, max-snippet:-1, max-image-preview:large, max-video-preview:-1\" \/>\n<link rel=\"canonical\" href=\"https:\/\/tzionlibreria.com\/index.php\/product\/nuevas-misericordias-cada-manana-devocional\/\" \/>\n<meta property=\"og:locale\" content=\"es_ES\" \/>\n<meta property=\"og:type\" content=\"article\" \/>\n<meta property=\"og:title\" content=\"Nuevas Misericordias Cada Ma\u00f1ana \u2013 Devocional - tzionlibreria.com\" \/>\n<meta property=\"og:description\" content=\"365 reflexiones para recordarte el evangelio todos los d\u00edas &nbsp; Las ma\u00f1anas pueden ser dif\u00edciles.Muchas veces un fuerte caf\u00e9 y un buen desayuno simplemente no sonsuficientes para enfrentar el d\u00eda. Ofreci\u00e9ndote m\u00e1s que una descarga decafe\u00edna, el autor bestseller Paul David\u00a0Tripp quiere energizarte con el m\u00e1s potente aliento imaginable: el evangelio. &nbsp; Nada de \u201cfrases [&hellip;]\" \/>\n<meta property=\"og:url\" content=\"https:\/\/tzionlibreria.com\/index.php\/product\/nuevas-misericordias-cada-manana-devocional\/\" \/>\n<meta property=\"og:site_name\" content=\"tzionlibreria.com\" \/>\n<meta property=\"og:image\" content=\"http:\/\/tzionlibreria.com\/wp-content\/uploads\/2026\/03\/9781944586003.jpg\" \/>\n\t<meta property=\"og:image:width\" content=\"1200\" \/>\n\t<meta property=\"og:image:height\" content=\"1200\" \/>\n\t<meta property=\"og:image:type\" content=\"image\/jpeg\" \/>\n<meta name=\"twitter:card\" content=\"summary_large_image\" \/>\n<meta name=\"twitter:label1\" content=\"Tiempo de lectura\" \/>\n\t<meta name=\"twitter:data1\" content=\"2 minutos\" \/>\n<script type=\"application\/ld+json\" class=\"yoast-schema-graph\">{\"@context\":\"https:\\\/\\\/schema.org\",\"@graph\":[{\"@type\":\"WebPage\",\"@id\":\"https:\\\/\\\/tzionlibreria.com\\\/index.php\\\/product\\\/nuevas-misericordias-cada-manana-devocional\\\/\",\"url\":\"https:\\\/\\\/tzionlibreria.com\\\/index.php\\\/product\\\/nuevas-misericordias-cada-manana-devocional\\\/\",\"name\":\"Nuevas Misericordias Cada Ma\u00f1ana \u2013 Devocional - tzionlibreria.com\",\"isPartOf\":{\"@id\":\"https:\\\/\\\/tzionlibreria.com\\\/#website\"},\"primaryImageOfPage\":{\"@id\":\"https:\\\/\\\/tzionlibreria.com\\\/index.php\\\/product\\\/nuevas-misericordias-cada-manana-devocional\\\/#primaryimage\"},\"image\":{\"@id\":\"https:\\\/\\\/tzionlibreria.com\\\/index.php\\\/product\\\/nuevas-misericordias-cada-manana-devocional\\\/#primaryimage\"},\"thumbnailUrl\":\"https:\\\/\\\/tzionlibreria.com\\\/wp-content\\\/uploads\\\/2026\\\/03\\\/9781944586003.jpg\",\"datePublished\":\"2026-03-04T16:07:55+00:00\",\"breadcrumb\":{\"@id\":\"https:\\\/\\\/tzionlibreria.com\\\/index.php\\\/product\\\/nuevas-misericordias-cada-manana-devocional\\\/#breadcrumb\"},\"inLanguage\":\"es-CO\",\"potentialAction\":[{\"@type\":\"ReadAction\",\"target\":[\"https:\\\/\\\/tzionlibreria.com\\\/index.php\\\/product\\\/nuevas-misericordias-cada-manana-devocional\\\/\"]}]},{\"@type\":\"ImageObject\",\"inLanguage\":\"es-CO\",\"@id\":\"https:\\\/\\\/tzionlibreria.com\\\/index.php\\\/product\\\/nuevas-misericordias-cada-manana-devocional\\\/#primaryimage\",\"url\":\"https:\\\/\\\/tzionlibreria.com\\\/wp-content\\\/uploads\\\/2026\\\/03\\\/9781944586003.jpg\",\"contentUrl\":\"https:\\\/\\\/tzionlibreria.com\\\/wp-content\\\/uploads\\\/2026\\\/03\\\/9781944586003.jpg\",\"width\":1200,\"height\":1200},{\"@type\":\"BreadcrumbList\",\"@id\":\"https:\\\/\\\/tzionlibreria.com\\\/index.php\\\/product\\\/nuevas-misericordias-cada-manana-devocional\\\/#breadcrumb\",\"itemListElement\":[{\"@type\":\"ListItem\",\"position\":1,\"name\":\"Inicio\",\"item\":\"https:\\\/\\\/tzionlibreria.com\\\/\"},{\"@type\":\"ListItem\",\"position\":2,\"name\":\"Shop\",\"item\":\"https:\\\/\\\/tzionlibreria.com\\\/index.php\\\/shop\\\/\"},{\"@type\":\"ListItem\",\"position\":3,\"name\":\"Nuevas Misericordias Cada Ma\u00f1ana \u2013 Devocional\"}]},{\"@type\":\"WebSite\",\"@id\":\"https:\\\/\\\/tzionlibreria.com\\\/#website\",\"url\":\"https:\\\/\\\/tzionlibreria.com\\\/\",\"name\":\"tzionlibreria.com\",\"description\":\"Libreria Cristiana Venezuela\",\"publisher\":{\"@id\":\"https:\\\/\\\/tzionlibreria.com\\\/#organization\"},\"potentialAction\":[{\"@type\":\"SearchAction\",\"target\":{\"@type\":\"EntryPoint\",\"urlTemplate\":\"https:\\\/\\\/tzionlibreria.com\\\/?s={search_term_string}\"},\"query-input\":{\"@type\":\"PropertyValueSpecification\",\"valueRequired\":true,\"valueName\":\"search_term_string\"}}],\"inLanguage\":\"es-CO\"},{\"@type\":\"Organization\",\"@id\":\"https:\\\/\\\/tzionlibreria.com\\\/#organization\",\"name\":\"tzionlibreria.com\",\"url\":\"https:\\\/\\\/tzionlibreria.com\\\/\",\"logo\":{\"@type\":\"ImageObject\",\"inLanguage\":\"es-CO\",\"@id\":\"https:\\\/\\\/tzionlibreria.com\\\/#\\\/schema\\\/logo\\\/image\\\/\",\"url\":\"https:\\\/\\\/tzionlibreria.com\\\/wp-content\\\/uploads\\\/2023\\\/10\\\/cropped-Cuadricula-scaled-1.jpg\",\"contentUrl\":\"https:\\\/\\\/tzionlibreria.com\\\/wp-content\\\/uploads\\\/2023\\\/10\\\/cropped-Cuadricula-scaled-1.jpg\",\"width\":2560,\"height\":2560,\"caption\":\"tzionlibreria.com\"},\"image\":{\"@id\":\"https:\\\/\\\/tzionlibreria.com\\\/#\\\/schema\\\/logo\\\/image\\\/\"}}]}<\/script>\n<!-- \/ Yoast SEO plugin. -->","yoast_head_json":{"title":"Nuevas Misericordias Cada Ma\u00f1ana \u2013 Devocional - tzionlibreria.com","robots":{"index":"index","follow":"follow","max-snippet":"max-snippet:-1","max-image-preview":"max-image-preview:large","max-video-preview":"max-video-preview:-1"},"canonical":"https:\/\/tzionlibreria.com\/index.php\/product\/nuevas-misericordias-cada-manana-devocional\/","og_locale":"es_ES","og_type":"article","og_title":"Nuevas Misericordias Cada Ma\u00f1ana \u2013 Devocional - tzionlibreria.com","og_description":"365 reflexiones para recordarte el evangelio todos los d\u00edas &nbsp; Las ma\u00f1anas pueden ser dif\u00edciles.Muchas veces un fuerte caf\u00e9 y un buen desayuno simplemente no sonsuficientes para enfrentar el d\u00eda. Ofreci\u00e9ndote m\u00e1s que una descarga decafe\u00edna, el autor bestseller Paul David\u00a0Tripp quiere energizarte con el m\u00e1s potente aliento imaginable: el evangelio. &nbsp; Nada de \u201cfrases [&hellip;]","og_url":"https:\/\/tzionlibreria.com\/index.php\/product\/nuevas-misericordias-cada-manana-devocional\/","og_site_name":"tzionlibreria.com","og_image":[{"width":1200,"height":1200,"url":"http:\/\/tzionlibreria.com\/wp-content\/uploads\/2026\/03\/9781944586003.jpg","type":"image\/jpeg"}],"twitter_card":"summary_large_image","twitter_misc":{"Tiempo de lectura":"2 minutos"},"schema":{"@context":"https:\/\/schema.org","@graph":[{"@type":"WebPage","@id":"https:\/\/tzionlibreria.com\/index.php\/product\/nuevas-misericordias-cada-manana-devocional\/","url":"https:\/\/tzionlibreria.com\/index.php\/product\/nuevas-misericordias-cada-manana-devocional\/","name":"Nuevas Misericordias Cada Ma\u00f1ana \u2013 Devocional - tzionlibreria.com","isPartOf":{"@id":"https:\/\/tzionlibreria.com\/#website"},"primaryImageOfPage":{"@id":"https:\/\/tzionlibreria.com\/index.php\/product\/nuevas-misericordias-cada-manana-devocional\/#primaryimage"},"image":{"@id":"https:\/\/tzionlibreria.com\/index.php\/product\/nuevas-misericordias-cada-manana-devocional\/#primaryimage"},"thumbnailUrl":"https:\/\/tzionlibreria.com\/wp-content\/uploads\/2026\/03\/9781944586003.jpg","datePublished":"2026-03-04T16:07:55+00:00","breadcrumb":{"@id":"https:\/\/tzionlibreria.com\/index.php\/product\/nuevas-misericordias-cada-manana-devocional\/#breadcrumb"},"inLanguage":"es-CO","potentialAction":[{"@type":"ReadAction","target":["https:\/\/tzionlibreria.com\/index.php\/product\/nuevas-misericordias-cada-manana-devocional\/"]}]},{"@type":"ImageObject","inLanguage":"es-CO","@id":"https:\/\/tzionlibreria.com\/index.php\/product\/nuevas-misericordias-cada-manana-devocional\/#primaryimage","url":"https:\/\/tzionlibreria.com\/wp-content\/uploads\/2026\/03\/9781944586003.jpg","contentUrl":"https:\/\/tzionlibreria.com\/wp-content\/uploads\/2026\/03\/9781944586003.jpg","width":1200,"height":1200},{"@type":"BreadcrumbList","@id":"https:\/\/tzionlibreria.com\/index.php\/product\/nuevas-misericordias-cada-manana-devocional\/#breadcrumb","itemListElement":[{"@type":"ListItem","position":1,"name":"Inicio","item":"https:\/\/tzionlibreria.com\/"},{"@type":"ListItem","position":2,"name":"Shop","item":"https:\/\/tzionlibreria.com\/index.php\/shop\/"},{"@type":"ListItem","position":3,"name":"Nuevas Misericordias Cada Ma\u00f1ana \u2013 Devocional"}]},{"@type":"WebSite","@id":"https:\/\/tzionlibreria.com\/#website","url":"https:\/\/tzionlibreria.com\/","name":"tzionlibreria.com","description":"Libreria Cristiana Venezuela","publisher":{"@id":"https:\/\/tzionlibreria.com\/#organization"},"potentialAction":[{"@type":"SearchAction","target":{"@type":"EntryPoint","urlTemplate":"https:\/\/tzionlibreria.com\/?s={search_term_string}"},"query-input":{"@type":"PropertyValueSpecification","valueRequired":true,"valueName":"search_term_string"}}],"inLanguage":"es-CO"},{"@type":"Organization","@id":"https:\/\/tzionlibreria.com\/#organization","name":"tzionlibreria.com","url":"https:\/\/tzionlibreria.com\/","logo":{"@type":"ImageObject","inLanguage":"es-CO","@id":"https:\/\/tzionlibreria.com\/#\/schema\/logo\/image\/","url":"https:\/\/tzionlibreria.com\/wp-content\/uploads\/2023\/10\/cropped-Cuadricula-scaled-1.jpg","contentUrl":"https:\/\/tzionlibreria.com\/wp-content\/uploads\/2023\/10\/cropped-Cuadricula-scaled-1.jpg","width":2560,"height":2560,"caption":"tzionlibreria.com"},"image":{"@id":"https:\/\/tzionlibreria.com\/#\/schema\/logo\/image\/"}}]}},"jetpack_sharing_enabled":true,"_links":{"self":[{"href":"https:\/\/tzionlibreria.com\/index.php\/wp-json\/wp\/v2\/product\/7119","targetHints":{"allow":["GET"]}}],"collection":[{"href":"https:\/\/tzionlibreria.com\/index.php\/wp-json\/wp\/v2\/product"}],"about":[{"href":"https:\/\/tzionlibreria.com\/index.php\/wp-json\/wp\/v2\/types\/product"}],"replies":[{"embeddable":true,"href":"https:\/\/tzionlibreria.com\/index.php\/wp-json\/wp\/v2\/comments?post=7119"}],"wp:featuredmedia":[{"embeddable":true,"href":"https:\/\/tzionlibreria.com\/index.php\/wp-json\/wp\/v2\/media\/7120"}],"wp:attachment":[{"href":"https:\/\/tzionlibreria.com\/index.php\/wp-json\/wp\/v2\/media?parent=7119"}],"wp:term":[{"taxonomy":"product_brand","embeddable":true,"href":"https:\/\/tzionlibreria.com\/index.php\/wp-json\/wp\/v2\/product_brand?post=7119"},{"taxonomy":"product_cat","embeddable":true,"href":"https:\/\/tzionlibreria.com\/index.php\/wp-json\/wp\/v2\/product_cat?post=7119"},{"taxonomy":"product_tag","embeddable":true,"href":"https:\/\/tzionlibreria.com\/index.php\/wp-json\/wp\/v2\/product_tag?post=7119"}],"curies":[{"name":"wp","href":"https:\/\/api.w.org\/{rel}","templated":true}]}}