{"id":7125,"date":"2026-03-04T16:27:40","date_gmt":"2026-03-04T16:27:40","guid":{"rendered":"https:\/\/tzionlibreria.com\/?post_type=product&#038;p=7125"},"modified":"2026-03-04T16:27:45","modified_gmt":"2026-03-04T16:27:45","slug":"biblia-go-para-ninos-ntv-tapa-dura-una-biblia-para-ninos-que-transforma","status":"publish","type":"product","link":"https:\/\/tzionlibreria.com\/index.php\/product\/biblia-go-para-ninos-ntv-tapa-dura-una-biblia-para-ninos-que-transforma\/","title":{"rendered":"Biblia GO para ni\u00f1os NTV Tapa Dura: Una Biblia para ni\u00f1os que transforma"},"content":{"rendered":"<ul class=\"tabs wc-tabs\" role=\"tablist\">\n<li id=\"tab-title-description\" class=\"description_tab active\" role=\"presentation\"><a tabindex=\"0\" role=\"tab\" href=\"https:\/\/libreria247.com\/producto\/biblia-go-para-ninos-ntv-tapa-dura-una-biblia-para-ninos-que-transforma\/#tab-description\" aria-controls=\"tab-description\" aria-selected=\"true\"> Descripci\u00f3n <\/a><\/li>\n<li id=\"tab-title-reviews\" class=\"reviews_tab\" role=\"presentation\"><a tabindex=\"-1\" role=\"tab\" href=\"https:\/\/libreria247.com\/producto\/biblia-go-para-ninos-ntv-tapa-dura-una-biblia-para-ninos-que-transforma\/#tab-reviews\" aria-controls=\"tab-reviews\" aria-selected=\"false\"> Valoraciones (0) <\/a><\/li>\n<\/ul>\n<div id=\"tab-description\" class=\"woocommerce-Tabs-panel woocommerce-Tabs-panel--description panel entry-content wc-tab\" role=\"tabpanel\" aria-labelledby=\"tab-title-description\">\n<p>La\u00a0<span class=\"a-text-italic\">Biblia GO<\/span>\u00a0est\u00e1 llena de contenido divertido y atractivo para ayudar a los ni\u00f1os a explorar la Palabra de Dios y a compartirla con los dem\u00e1s. Con el texto claro, preciso y f\u00e1cil de leer de la Nueva Traducci\u00f3n Viviente, esta Biblia para ni\u00f1os planta la semilla de la fe y comparte el amor transformador de Dios con los peque\u00f1os a trav\u00e9s de m\u00e1s de 600 caracter\u00edsticas centradas en el tema de la transformaci\u00f3n.<\/p>\n<p>Beneficios clave de la\u00a0<span class=\"a-text-italic\">Biblia GO<\/span>:<\/p>\n<ul class=\"a-unordered-list a-vertical\">\n<li><span class=\"a-list-item\"><span class=\"a-text-bold\">F\u00e1cil de entender<\/span><\/span>El texto b\u00edblico f\u00e1cil de leer y de comprender de la NTV utiliza palabras familiares que hablan a los corazones y a las mentes de los lectores sin tener que lidiar con un lenguaje b\u00edblico t\u00e9cnico. Perfecta para lectores de 7 a 11 a\u00f1os.<\/li>\n<li><span class=\"a-list-item\"><span class=\"a-text-bold\">Tama\u00f1o de letra grande y texto de todo color<\/span><\/span>La letra de esta Biblia es de 9,5 puntos y el contenido est\u00e1 en un formato de dos columnas. Los n\u00fameros de los cap\u00edtulos est\u00e1n en rojo y los vers\u00edculos en azul., Esto facilitar\u00e1 que los peque\u00f1os lectores puedan encontrarlos. Perfecta para ser le\u00edda a solas o en voz alta con un adulto.<\/li>\n<li><span class=\"a-list-item\"><span class=\"a-text-bold\">Centrada en el tema de la transformaci\u00f3n<\/span><\/span>El mensaje de la Biblia tiene efectos transformadores en la vida de los creyentes. Por eso, cada caracter\u00edstica enfatiza c\u00f3mo el poder de Dios transforma la vida de las personas en la Biblia y en nuestra vida en el presente.<\/li>\n<li><span class=\"a-list-item\"><span class=\"a-text-bold\">Incluye m\u00e1s de 600 caracter\u00edsticas que conectan las verdades b\u00edblicas con la vida diaria<\/span><\/span>Incluye varias caracter\u00edsticas que conectan la verdad b\u00edblica con la vida moderna: Conoce, cultiva y comienza (devocionales); Curiosidades (datos curiosos); Reto del vers\u00edculo clave; Decide cambiar (reflexiones cortas); Relatos reales de personas transformadas; Grandes ideas en la Biblia; \u00a1y m\u00e1s!<\/li>\n<\/ul>\n<p><span class=\"a-text-bold\">Las caracter\u00edsticas incluyen:<\/span><\/p>\n<ul class=\"a-unordered-list a-vertical\">\n<li><span class=\"a-list-item\">El texto claro y preciso de la Nueva Traducci\u00f3n Viviente (NTV)<\/span><\/li>\n<li><span class=\"a-list-item\">Conoce, cultiva y comienza: breves devocionales que ense\u00f1an a los ni\u00f1os a conocer la Palabra de Dios, a cultivar su fe y a comenzar a compartir su fe con otros<\/span><\/li>\n<li><span class=\"a-list-item\">Reto del vers\u00edculo clave: actividades divertidas para ayudar a los ni\u00f1os a memorizar las Escrituras<\/span><\/li>\n<li><span class=\"a-list-item\">Curiosidades: proveen datos interesantes y divertidos sobre la vida en los tiempos b\u00edblicos<\/span><\/li>\n<li><span class=\"a-list-item\">Relatos reales de personas transformadas: estos relatos reales presentan a personas de la Biblia cuyas vidas fueron transformadas para siempre por Dios<\/span><\/li>\n<li><span class=\"a-list-item\">Decide cambiar: ayuda a aplicar el conocimiento b\u00edblico a situaciones de la vida diaria<\/span><\/li>\n<li><span class=\"a-list-item\">Grandes ideas en la Biblia: \u00a1Esta Biblia para ni\u00f1os contiene 16 ilustraciones repletas de informaci\u00f3n sobre el tabern\u00e1culo, el arca, las plagas y m\u00e1s!<\/span><\/li>\n<li><span class=\"a-list-item\">32 p\u00e1ginas especiales: en ellas se exploran grandes ideas b\u00edblicas y cuenta con ilustraciones a todo color<\/span><\/li>\n<li><span class=\"a-list-item\">Introducciones a los libros: incluye la secci\u00f3n \u00abBusca y encuentra\u00bb, una cronolog\u00eda y una visi\u00f3n general de por qu\u00e9 el libro es importante en la historia de Dios<\/span><\/li>\n<li><span class=\"a-list-item\">8 mapas adaptados para ni\u00f1os: mapas a todo color con rutas de viaje, fronteras de reinos y con la fauna caracter\u00edstica de la regi\u00f3n<\/span><\/li>\n<li><span class=\"a-list-item\">Tama\u00f1o de letra de 9,5 puntos<\/span><\/li>\n<\/ul>\n<p>Para los lectores familiarizados con el \u00e9xito de ventas\u00a0<span class=\"a-text-italic\">La primera Biblia para ni\u00f1os<\/span>\u00a0de Ken Taylor, la\u00a0<span class=\"a-text-italic\">Biblia GO<\/span>\u00a0es el siguiente paso perfecto para ayudar a los ni\u00f1os a profundizar en su entendimiento del plan de Dios.<\/p>\n<p>La Nueva Traducci\u00f3n Viviente es una traducci\u00f3n de la Biblia clara y precisa. Es f\u00e1cil de comprender, y transmite el significado preciso de los idiomas originales en un estilo fluido y natural que promueve una lectura significativa y accesible.<\/p>\n<\/div>\n","protected":false},"excerpt":{"rendered":"<p>Descripci\u00f3n Valoraciones (0) La\u00a0Biblia GO\u00a0est\u00e1 llena de contenido divertido y atractivo para ayudar a los ni\u00f1os a explorar la Palabra de Dios y a compartirla con los dem\u00e1s. Con el texto claro, preciso y f\u00e1cil de leer de la Nueva Traducci\u00f3n Viviente, esta Biblia para ni\u00f1os planta la semilla de la fe y comparte el [&hellip;]<\/p>\n","protected":false},"featured_media":7135,"comment_status":"open","ping_status":"closed","template":"","meta":{"om_disable_all_campaigns":false,"_monsterinsights_skip_tracking":false,"_monsterinsights_sitenote_active":false,"_monsterinsights_sitenote_note":"","_monsterinsights_sitenote_category":0,"site-sidebar-layout":"default","site-content-layout":"","ast-site-content-layout":"default","site-content-style":"default","site-sidebar-style":"default","ast-global-header-display":"","ast-banner-title-visibility":"","ast-main-header-display":"","ast-hfb-above-header-display":"","ast-hfb-below-header-display":"","ast-hfb-mobile-header-display":"","site-post-title":"","ast-breadcrumbs-content":"","ast-featured-img":"","footer-sml-layout":"","ast-disable-related-posts":"","theme-transparent-header-meta":"default","adv-header-id-meta":"","stick-header-meta":"","header-above-stick-meta":"","header-main-stick-meta":"","header-below-stick-meta":"","astra-migrate-meta-layouts":"set","ast-page-background-enabled":"default","ast-page-background-meta":{"desktop":{"background-color":"var(--ast-global-color-4)","background-image":"","background-repeat":"repeat","background-position":"center center","background-size":"auto","background-attachment":"scroll","background-type":"","background-media":"","overlay-type":"","overlay-color":"","overlay-opacity":"","overlay-gradient":""},"tablet":{"background-color":"","background-image":"","background-repeat":"repeat","background-position":"center center","background-size":"auto","background-attachment":"scroll","background-type":"","background-media":"","overlay-type":"","overlay-color":"","overlay-opacity":"","overlay-gradient":""},"mobile":{"background-color":"","background-image":"","background-repeat":"repeat","background-position":"center center","background-size":"auto","background-attachment":"scroll","background-type":"","background-media":"","overlay-type":"","overlay-color":"","overlay-opacity":"","overlay-gradient":""}},"ast-content-background-meta":{"desktop":{"background-color":"var(--ast-global-color-5)","background-image":"","background-repeat":"repeat","background-position":"center center","background-size":"auto","background-attachment":"scroll","background-type":"","background-media":"","overlay-type":"","overlay-color":"","overlay-opacity":"","overlay-gradient":""},"tablet":{"background-color":"var(--ast-global-color-5)","background-image":"","background-repeat":"repeat","background-position":"center center","background-size":"auto","background-attachment":"scroll","background-type":"","background-media":"","overlay-type":"","overlay-color":"","overlay-opacity":"","overlay-gradient":""},"mobile":{"background-color":"var(--ast-global-color-5)","background-image":"","background-repeat":"repeat","background-position":"center center","background-size":"auto","background-attachment":"scroll","background-type":"","background-media":"","overlay-type":"","overlay-color":"","overlay-opacity":"","overlay-gradient":""}}},"product_brand":[],"product_cat":[22,38,31,25],"product_tag":[],"class_list":{"0":"post-7125","1":"product","2":"type-product","3":"status-publish","4":"has-post-thumbnail","6":"product_cat-biblias","7":"product_cat-biblias-de-ninos","8":"product_cat-biblias-ntv","9":"product_cat-kids","10":"desktop-align-left","11":"tablet-align-left","12":"mobile-align-left","14":"first","15":"instock","16":"shipping-taxable","17":"purchasable","18":"product-type-simple"},"yoast_head":"<!-- This site is optimized with the Yoast SEO plugin v27.4 - https:\/\/yoast.com\/product\/yoast-seo-wordpress\/ -->\n<title>Biblia GO para ni\u00f1os NTV Tapa Dura: Una Biblia para ni\u00f1os que transforma - tzionlibreria.com<\/title>\n<meta name=\"robots\" content=\"index, follow, max-snippet:-1, max-image-preview:large, max-video-preview:-1\" \/>\n<link rel=\"canonical\" href=\"https:\/\/tzionlibreria.com\/index.php\/product\/biblia-go-para-ninos-ntv-tapa-dura-una-biblia-para-ninos-que-transforma\/\" \/>\n<meta property=\"og:locale\" content=\"es_ES\" \/>\n<meta property=\"og:type\" content=\"article\" \/>\n<meta property=\"og:title\" content=\"Biblia GO para ni\u00f1os NTV Tapa Dura: Una Biblia para ni\u00f1os que transforma - tzionlibreria.com\" \/>\n<meta property=\"og:description\" content=\"Descripci\u00f3n Valoraciones (0) La\u00a0Biblia GO\u00a0est\u00e1 llena de contenido divertido y atractivo para ayudar a los ni\u00f1os a explorar la Palabra de Dios y a compartirla con los dem\u00e1s. Con el texto claro, preciso y f\u00e1cil de leer de la Nueva Traducci\u00f3n Viviente, esta Biblia para ni\u00f1os planta la semilla de la fe y comparte el [&hellip;]\" \/>\n<meta property=\"og:url\" content=\"https:\/\/tzionlibreria.com\/index.php\/product\/biblia-go-para-ninos-ntv-tapa-dura-una-biblia-para-ninos-que-transforma\/\" \/>\n<meta property=\"og:site_name\" content=\"tzionlibreria.com\" \/>\n<meta property=\"article:modified_time\" content=\"2026-03-04T16:27:45+00:00\" \/>\n<meta property=\"og:image\" content=\"http:\/\/tzionlibreria.com\/wp-content\/uploads\/2026\/03\/978-1496490513.jpg\" \/>\n\t<meta property=\"og:image:width\" content=\"1200\" \/>\n\t<meta property=\"og:image:height\" content=\"1200\" \/>\n\t<meta property=\"og:image:type\" content=\"image\/jpeg\" \/>\n<meta name=\"twitter:card\" content=\"summary_large_image\" \/>\n<meta name=\"twitter:label1\" content=\"Tiempo de lectura\" \/>\n\t<meta name=\"twitter:data1\" content=\"3 minutos\" \/>\n<script type=\"application\/ld+json\" class=\"yoast-schema-graph\">{\"@context\":\"https:\\\/\\\/schema.org\",\"@graph\":[{\"@type\":\"WebPage\",\"@id\":\"https:\\\/\\\/tzionlibreria.com\\\/index.php\\\/product\\\/biblia-go-para-ninos-ntv-tapa-dura-una-biblia-para-ninos-que-transforma\\\/\",\"url\":\"https:\\\/\\\/tzionlibreria.com\\\/index.php\\\/product\\\/biblia-go-para-ninos-ntv-tapa-dura-una-biblia-para-ninos-que-transforma\\\/\",\"name\":\"Biblia GO para ni\u00f1os NTV Tapa Dura: Una Biblia para ni\u00f1os que transforma - tzionlibreria.com\",\"isPartOf\":{\"@id\":\"https:\\\/\\\/tzionlibreria.com\\\/#website\"},\"primaryImageOfPage\":{\"@id\":\"https:\\\/\\\/tzionlibreria.com\\\/index.php\\\/product\\\/biblia-go-para-ninos-ntv-tapa-dura-una-biblia-para-ninos-que-transforma\\\/#primaryimage\"},\"image\":{\"@id\":\"https:\\\/\\\/tzionlibreria.com\\\/index.php\\\/product\\\/biblia-go-para-ninos-ntv-tapa-dura-una-biblia-para-ninos-que-transforma\\\/#primaryimage\"},\"thumbnailUrl\":\"https:\\\/\\\/tzionlibreria.com\\\/wp-content\\\/uploads\\\/2026\\\/03\\\/978-1496490513.jpg\",\"datePublished\":\"2026-03-04T16:27:40+00:00\",\"dateModified\":\"2026-03-04T16:27:45+00:00\",\"breadcrumb\":{\"@id\":\"https:\\\/\\\/tzionlibreria.com\\\/index.php\\\/product\\\/biblia-go-para-ninos-ntv-tapa-dura-una-biblia-para-ninos-que-transforma\\\/#breadcrumb\"},\"inLanguage\":\"es-CO\",\"potentialAction\":[{\"@type\":\"ReadAction\",\"target\":[\"https:\\\/\\\/tzionlibreria.com\\\/index.php\\\/product\\\/biblia-go-para-ninos-ntv-tapa-dura-una-biblia-para-ninos-que-transforma\\\/\"]}]},{\"@type\":\"ImageObject\",\"inLanguage\":\"es-CO\",\"@id\":\"https:\\\/\\\/tzionlibreria.com\\\/index.php\\\/product\\\/biblia-go-para-ninos-ntv-tapa-dura-una-biblia-para-ninos-que-transforma\\\/#primaryimage\",\"url\":\"https:\\\/\\\/tzionlibreria.com\\\/wp-content\\\/uploads\\\/2026\\\/03\\\/978-1496490513.jpg\",\"contentUrl\":\"https:\\\/\\\/tzionlibreria.com\\\/wp-content\\\/uploads\\\/2026\\\/03\\\/978-1496490513.jpg\",\"width\":1200,\"height\":1200},{\"@type\":\"BreadcrumbList\",\"@id\":\"https:\\\/\\\/tzionlibreria.com\\\/index.php\\\/product\\\/biblia-go-para-ninos-ntv-tapa-dura-una-biblia-para-ninos-que-transforma\\\/#breadcrumb\",\"itemListElement\":[{\"@type\":\"ListItem\",\"position\":1,\"name\":\"Inicio\",\"item\":\"https:\\\/\\\/tzionlibreria.com\\\/\"},{\"@type\":\"ListItem\",\"position\":2,\"name\":\"Shop\",\"item\":\"https:\\\/\\\/tzionlibreria.com\\\/index.php\\\/shop\\\/\"},{\"@type\":\"ListItem\",\"position\":3,\"name\":\"Biblia GO para ni\u00f1os NTV Tapa Dura: Una Biblia para ni\u00f1os que transforma\"}]},{\"@type\":\"WebSite\",\"@id\":\"https:\\\/\\\/tzionlibreria.com\\\/#website\",\"url\":\"https:\\\/\\\/tzionlibreria.com\\\/\",\"name\":\"tzionlibreria.com\",\"description\":\"Libreria Cristiana Venezuela\",\"publisher\":{\"@id\":\"https:\\\/\\\/tzionlibreria.com\\\/#organization\"},\"potentialAction\":[{\"@type\":\"SearchAction\",\"target\":{\"@type\":\"EntryPoint\",\"urlTemplate\":\"https:\\\/\\\/tzionlibreria.com\\\/?s={search_term_string}\"},\"query-input\":{\"@type\":\"PropertyValueSpecification\",\"valueRequired\":true,\"valueName\":\"search_term_string\"}}],\"inLanguage\":\"es-CO\"},{\"@type\":\"Organization\",\"@id\":\"https:\\\/\\\/tzionlibreria.com\\\/#organization\",\"name\":\"tzionlibreria.com\",\"url\":\"https:\\\/\\\/tzionlibreria.com\\\/\",\"logo\":{\"@type\":\"ImageObject\",\"inLanguage\":\"es-CO\",\"@id\":\"https:\\\/\\\/tzionlibreria.com\\\/#\\\/schema\\\/logo\\\/image\\\/\",\"url\":\"https:\\\/\\\/tzionlibreria.com\\\/wp-content\\\/uploads\\\/2023\\\/10\\\/cropped-Cuadricula-scaled-1.jpg\",\"contentUrl\":\"https:\\\/\\\/tzionlibreria.com\\\/wp-content\\\/uploads\\\/2023\\\/10\\\/cropped-Cuadricula-scaled-1.jpg\",\"width\":2560,\"height\":2560,\"caption\":\"tzionlibreria.com\"},\"image\":{\"@id\":\"https:\\\/\\\/tzionlibreria.com\\\/#\\\/schema\\\/logo\\\/image\\\/\"}}]}<\/script>\n<!-- \/ Yoast SEO plugin. -->","yoast_head_json":{"title":"Biblia GO para ni\u00f1os NTV Tapa Dura: Una Biblia para ni\u00f1os que transforma - tzionlibreria.com","robots":{"index":"index","follow":"follow","max-snippet":"max-snippet:-1","max-image-preview":"max-image-preview:large","max-video-preview":"max-video-preview:-1"},"canonical":"https:\/\/tzionlibreria.com\/index.php\/product\/biblia-go-para-ninos-ntv-tapa-dura-una-biblia-para-ninos-que-transforma\/","og_locale":"es_ES","og_type":"article","og_title":"Biblia GO para ni\u00f1os NTV Tapa Dura: Una Biblia para ni\u00f1os que transforma - tzionlibreria.com","og_description":"Descripci\u00f3n Valoraciones (0) La\u00a0Biblia GO\u00a0est\u00e1 llena de contenido divertido y atractivo para ayudar a los ni\u00f1os a explorar la Palabra de Dios y a compartirla con los dem\u00e1s. Con el texto claro, preciso y f\u00e1cil de leer de la Nueva Traducci\u00f3n Viviente, esta Biblia para ni\u00f1os planta la semilla de la fe y comparte el [&hellip;]","og_url":"https:\/\/tzionlibreria.com\/index.php\/product\/biblia-go-para-ninos-ntv-tapa-dura-una-biblia-para-ninos-que-transforma\/","og_site_name":"tzionlibreria.com","article_modified_time":"2026-03-04T16:27:45+00:00","og_image":[{"width":1200,"height":1200,"url":"http:\/\/tzionlibreria.com\/wp-content\/uploads\/2026\/03\/978-1496490513.jpg","type":"image\/jpeg"}],"twitter_card":"summary_large_image","twitter_misc":{"Tiempo de lectura":"3 minutos"},"schema":{"@context":"https:\/\/schema.org","@graph":[{"@type":"WebPage","@id":"https:\/\/tzionlibreria.com\/index.php\/product\/biblia-go-para-ninos-ntv-tapa-dura-una-biblia-para-ninos-que-transforma\/","url":"https:\/\/tzionlibreria.com\/index.php\/product\/biblia-go-para-ninos-ntv-tapa-dura-una-biblia-para-ninos-que-transforma\/","name":"Biblia GO para ni\u00f1os NTV Tapa Dura: Una Biblia para ni\u00f1os que transforma - tzionlibreria.com","isPartOf":{"@id":"https:\/\/tzionlibreria.com\/#website"},"primaryImageOfPage":{"@id":"https:\/\/tzionlibreria.com\/index.php\/product\/biblia-go-para-ninos-ntv-tapa-dura-una-biblia-para-ninos-que-transforma\/#primaryimage"},"image":{"@id":"https:\/\/tzionlibreria.com\/index.php\/product\/biblia-go-para-ninos-ntv-tapa-dura-una-biblia-para-ninos-que-transforma\/#primaryimage"},"thumbnailUrl":"https:\/\/tzionlibreria.com\/wp-content\/uploads\/2026\/03\/978-1496490513.jpg","datePublished":"2026-03-04T16:27:40+00:00","dateModified":"2026-03-04T16:27:45+00:00","breadcrumb":{"@id":"https:\/\/tzionlibreria.com\/index.php\/product\/biblia-go-para-ninos-ntv-tapa-dura-una-biblia-para-ninos-que-transforma\/#breadcrumb"},"inLanguage":"es-CO","potentialAction":[{"@type":"ReadAction","target":["https:\/\/tzionlibreria.com\/index.php\/product\/biblia-go-para-ninos-ntv-tapa-dura-una-biblia-para-ninos-que-transforma\/"]}]},{"@type":"ImageObject","inLanguage":"es-CO","@id":"https:\/\/tzionlibreria.com\/index.php\/product\/biblia-go-para-ninos-ntv-tapa-dura-una-biblia-para-ninos-que-transforma\/#primaryimage","url":"https:\/\/tzionlibreria.com\/wp-content\/uploads\/2026\/03\/978-1496490513.jpg","contentUrl":"https:\/\/tzionlibreria.com\/wp-content\/uploads\/2026\/03\/978-1496490513.jpg","width":1200,"height":1200},{"@type":"BreadcrumbList","@id":"https:\/\/tzionlibreria.com\/index.php\/product\/biblia-go-para-ninos-ntv-tapa-dura-una-biblia-para-ninos-que-transforma\/#breadcrumb","itemListElement":[{"@type":"ListItem","position":1,"name":"Inicio","item":"https:\/\/tzionlibreria.com\/"},{"@type":"ListItem","position":2,"name":"Shop","item":"https:\/\/tzionlibreria.com\/index.php\/shop\/"},{"@type":"ListItem","position":3,"name":"Biblia GO para ni\u00f1os NTV Tapa Dura: Una Biblia para ni\u00f1os que transforma"}]},{"@type":"WebSite","@id":"https:\/\/tzionlibreria.com\/#website","url":"https:\/\/tzionlibreria.com\/","name":"tzionlibreria.com","description":"Libreria Cristiana Venezuela","publisher":{"@id":"https:\/\/tzionlibreria.com\/#organization"},"potentialAction":[{"@type":"SearchAction","target":{"@type":"EntryPoint","urlTemplate":"https:\/\/tzionlibreria.com\/?s={search_term_string}"},"query-input":{"@type":"PropertyValueSpecification","valueRequired":true,"valueName":"search_term_string"}}],"inLanguage":"es-CO"},{"@type":"Organization","@id":"https:\/\/tzionlibreria.com\/#organization","name":"tzionlibreria.com","url":"https:\/\/tzionlibreria.com\/","logo":{"@type":"ImageObject","inLanguage":"es-CO","@id":"https:\/\/tzionlibreria.com\/#\/schema\/logo\/image\/","url":"https:\/\/tzionlibreria.com\/wp-content\/uploads\/2023\/10\/cropped-Cuadricula-scaled-1.jpg","contentUrl":"https:\/\/tzionlibreria.com\/wp-content\/uploads\/2023\/10\/cropped-Cuadricula-scaled-1.jpg","width":2560,"height":2560,"caption":"tzionlibreria.com"},"image":{"@id":"https:\/\/tzionlibreria.com\/#\/schema\/logo\/image\/"}}]}},"jetpack_sharing_enabled":true,"_links":{"self":[{"href":"https:\/\/tzionlibreria.com\/index.php\/wp-json\/wp\/v2\/product\/7125","targetHints":{"allow":["GET"]}}],"collection":[{"href":"https:\/\/tzionlibreria.com\/index.php\/wp-json\/wp\/v2\/product"}],"about":[{"href":"https:\/\/tzionlibreria.com\/index.php\/wp-json\/wp\/v2\/types\/product"}],"replies":[{"embeddable":true,"href":"https:\/\/tzionlibreria.com\/index.php\/wp-json\/wp\/v2\/comments?post=7125"}],"wp:featuredmedia":[{"embeddable":true,"href":"https:\/\/tzionlibreria.com\/index.php\/wp-json\/wp\/v2\/media\/7135"}],"wp:attachment":[{"href":"https:\/\/tzionlibreria.com\/index.php\/wp-json\/wp\/v2\/media?parent=7125"}],"wp:term":[{"taxonomy":"product_brand","embeddable":true,"href":"https:\/\/tzionlibreria.com\/index.php\/wp-json\/wp\/v2\/product_brand?post=7125"},{"taxonomy":"product_cat","embeddable":true,"href":"https:\/\/tzionlibreria.com\/index.php\/wp-json\/wp\/v2\/product_cat?post=7125"},{"taxonomy":"product_tag","embeddable":true,"href":"https:\/\/tzionlibreria.com\/index.php\/wp-json\/wp\/v2\/product_tag?post=7125"}],"curies":[{"name":"wp","href":"https:\/\/api.w.org\/{rel}","templated":true}]}}