{"id":714,"date":"2023-10-07T12:53:56","date_gmt":"2023-10-07T12:53:56","guid":{"rendered":"https:\/\/tzionlibreria.com\/?post_type=product&#038;p=714"},"modified":"2024-11-22T03:04:25","modified_gmt":"2024-11-22T03:04:25","slug":"la-lampara-inextinguible-del-pacto-abraham-park","status":"publish","type":"product","link":"https:\/\/tzionlibreria.com\/index.php\/product\/la-lampara-inextinguible-del-pacto-abraham-park\/","title":{"rendered":"La L\u00e1mpara Inextinguible Del Pacto &#8211; Abraham Park"},"content":{"rendered":"<p>La L\u00e1mpara Inextinguible del Pacto<br \/>\nHistoria de la Redenci\u00f3n Vol. #3<br \/>\nLas Primeras 14 Generaciones en la Genealog\u00eda de Jesucristo<br \/>\nAbraham Park<\/p>\n<p>Este es el tercer libro que hemos planificado de una serie de doce. La inextinguible l\u00e1mpara del pacto, es un testimonio brillante del maravilloso evangelio de Jesucristo. Ciertamente es un testimonio audaz de Jes\u00fas mismo, el Rey de reyes y Se\u00f1or de se\u00f1ores, el prometido y esperado por largo tiempo en la historia de la redenci\u00f3n. Esta \u00faltima obra del Rev. Park es un estudio cuidadoso de las genealog\u00edas de Jes\u00fas en los evangelios que demuestra el tremendo significado de las genealog\u00edas porque revelan la providencia de Dios para realizar la redenci\u00f3n de su pueblo a trav\u00e9s del Se\u00f1or Jes\u00fas.<\/p>\n<p>La l\u00e1mpara inextinguible del pacto es una exposici\u00f3n hermosa y vehemente de la soberan\u00eda de Dios al descorrer el velo de la revelaci\u00f3n de la redenci\u00f3n en las Escrituras. En este sentido, el autor presenta de manera persuasiva a ese Dios soberano en su obra de redenci\u00f3n en una forma en que la teolog\u00eda abstracta no lo podr\u00eda lograr. Esto se ve en las decisiones soberanas de Dios al elegir a hombres y mujeres que eran \u201cpr\u00e1cticamente imperfectos\u201d en todo sentido, jud\u00edos y gentiles por igual, como instrumentos y participantes del evangelio de las promesas y ascendientes de la \u201cSimiente de la mujer\u201d, Cristo. Es decir, el evangelio de redenci\u00f3n ha llegado desde el Ed\u00e9n a toda la gente de la tierra, sin discriminaci\u00f3n, ya que Dios extiende su misericordia a los indignos.<\/p>\n<p>A\u00fan m\u00e1s importante, La l\u00e1mpara inextinguible testifica de Jesucristo; proclama que Cristo es el m\u00e1s alto y preeminente de la historia de la creaci\u00f3n y la redenci\u00f3n. La inextinguible l\u00e1mpara exalta a Cristo como el \u00fanico que puede levantar a hombres y mujeres del pozo del orgullo y del des\u00e1nimo, de la maldici\u00f3n de la muerte y la destrucci\u00f3n, ya que toda admisi\u00f3n de la fragilidad y fracasos humanos se dan para magnificar al Se\u00f1or Jes\u00fas y para alabarlo a \u00c9l y a su gracia gloriosa.<\/p>\n<p>ISBN: 9789585163041<br \/>\nDimensiones: 159 x 235 x 25 mm<br \/>\nPeso: 0,909kg<br \/>\nCubierta: Tapa dura<br \/>\nN\u00famero de p\u00e1ginas: 374<br \/>\nFecha de lanzamiento: 03.01.2018<br \/>\nIdioma: Espa\u00f1ol<\/p>\n","protected":false},"excerpt":{"rendered":"<p>La L\u00e1mpara Inextinguible del Pacto Historia de la Redenci\u00f3n Vol. #3 Las Primeras 14 Generaciones en la Genealog\u00eda de Jesucristo Abraham Park Este es el tercer libro que hemos planificado de una serie de doce. La inextinguible l\u00e1mpara del pacto, es un testimonio brillante del maravilloso evangelio de Jesucristo. Ciertamente es un testimonio audaz de [&hellip;]<\/p>\n","protected":false},"featured_media":715,"comment_status":"open","ping_status":"closed","template":"","meta":{"om_disable_all_campaigns":false,"_monsterinsights_skip_tracking":false,"_monsterinsights_sitenote_active":false,"_monsterinsights_sitenote_note":"","_monsterinsights_sitenote_category":0,"site-sidebar-layout":"default","site-content-layout":"","ast-site-content-layout":"default","site-content-style":"default","site-sidebar-style":"default","ast-global-header-display":"","ast-banner-title-visibility":"","ast-main-header-display":"","ast-hfb-above-header-display":"","ast-hfb-below-header-display":"","ast-hfb-mobile-header-display":"","site-post-title":"","ast-breadcrumbs-content":"","ast-featured-img":"","footer-sml-layout":"","ast-disable-related-posts":"","theme-transparent-header-meta":"default","adv-header-id-meta":"","stick-header-meta":"","header-above-stick-meta":"","header-main-stick-meta":"","header-below-stick-meta":"","astra-migrate-meta-layouts":"set","ast-page-background-enabled":"default","ast-page-background-meta":{"desktop":{"background-color":"var(--ast-global-color-4)","background-image":"","background-repeat":"repeat","background-position":"center center","background-size":"auto","background-attachment":"scroll","background-type":"","background-media":"","overlay-type":"","overlay-color":"","overlay-opacity":"","overlay-gradient":""},"tablet":{"background-color":"","background-image":"","background-repeat":"repeat","background-position":"center center","background-size":"auto","background-attachment":"scroll","background-type":"","background-media":"","overlay-type":"","overlay-color":"","overlay-opacity":"","overlay-gradient":""},"mobile":{"background-color":"","background-image":"","background-repeat":"repeat","background-position":"center center","background-size":"auto","background-attachment":"scroll","background-type":"","background-media":"","overlay-type":"","overlay-color":"","overlay-opacity":"","overlay-gradient":""}},"ast-content-background-meta":{"desktop":{"background-color":"var(--ast-global-color-5)","background-image":"","background-repeat":"repeat","background-position":"center center","background-size":"auto","background-attachment":"scroll","background-type":"","background-media":"","overlay-type":"","overlay-color":"","overlay-opacity":"","overlay-gradient":""},"tablet":{"background-color":"var(--ast-global-color-5)","background-image":"","background-repeat":"repeat","background-position":"center center","background-size":"auto","background-attachment":"scroll","background-type":"","background-media":"","overlay-type":"","overlay-color":"","overlay-opacity":"","overlay-gradient":""},"mobile":{"background-color":"var(--ast-global-color-5)","background-image":"","background-repeat":"repeat","background-position":"center center","background-size":"auto","background-attachment":"scroll","background-type":"","background-media":"","overlay-type":"","overlay-color":"","overlay-opacity":"","overlay-gradient":""}}},"product_brand":[],"product_cat":[174,23,166],"product_tag":[70],"class_list":{"0":"post-714","1":"product","2":"type-product","3":"status-publish","4":"has-post-thumbnail","6":"product_cat-iglesia","7":"product_cat-libros","8":"product_cat-profecia","9":"product_tag-abraham-park","10":"desktop-align-left","11":"tablet-align-left","12":"mobile-align-left","14":"first","15":"instock","16":"shipping-taxable","17":"purchasable","18":"product-type-simple"},"yoast_head":"<!-- This site is optimized with the Yoast SEO plugin v27.4 - https:\/\/yoast.com\/product\/yoast-seo-wordpress\/ -->\n<title>La L\u00e1mpara Inextinguible Del Pacto - Abraham Park - tzionlibreria.com<\/title>\n<meta name=\"robots\" content=\"index, follow, max-snippet:-1, max-image-preview:large, max-video-preview:-1\" \/>\n<link rel=\"canonical\" href=\"https:\/\/tzionlibreria.com\/index.php\/product\/la-lampara-inextinguible-del-pacto-abraham-park\/\" \/>\n<meta property=\"og:locale\" content=\"es_ES\" \/>\n<meta property=\"og:type\" content=\"article\" \/>\n<meta property=\"og:title\" content=\"La L\u00e1mpara Inextinguible Del Pacto - Abraham Park - tzionlibreria.com\" \/>\n<meta property=\"og:description\" content=\"La L\u00e1mpara Inextinguible del Pacto Historia de la Redenci\u00f3n Vol. #3 Las Primeras 14 Generaciones en la Genealog\u00eda de Jesucristo Abraham Park Este es el tercer libro que hemos planificado de una serie de doce. La inextinguible l\u00e1mpara del pacto, es un testimonio brillante del maravilloso evangelio de Jesucristo. Ciertamente es un testimonio audaz de [&hellip;]\" \/>\n<meta property=\"og:url\" content=\"https:\/\/tzionlibreria.com\/index.php\/product\/la-lampara-inextinguible-del-pacto-abraham-park\/\" \/>\n<meta property=\"og:site_name\" content=\"tzionlibreria.com\" \/>\n<meta property=\"article:modified_time\" content=\"2024-11-22T03:04:25+00:00\" \/>\n<meta property=\"og:image\" content=\"http:\/\/tzionlibreria.com\/wp-content\/uploads\/2023\/10\/D_NQ_NP_2X_655689-MLV70564736387_072023-F.webp\" \/>\n\t<meta property=\"og:image:width\" content=\"1057\" \/>\n\t<meta property=\"og:image:height\" content=\"951\" \/>\n\t<meta property=\"og:image:type\" content=\"image\/webp\" \/>\n<meta name=\"twitter:card\" content=\"summary_large_image\" \/>\n<meta name=\"twitter:label1\" content=\"Tiempo de lectura\" \/>\n\t<meta name=\"twitter:data1\" content=\"2 minutos\" \/>\n<script type=\"application\/ld+json\" class=\"yoast-schema-graph\">{\"@context\":\"https:\\\/\\\/schema.org\",\"@graph\":[{\"@type\":\"WebPage\",\"@id\":\"https:\\\/\\\/tzionlibreria.com\\\/index.php\\\/product\\\/la-lampara-inextinguible-del-pacto-abraham-park\\\/\",\"url\":\"https:\\\/\\\/tzionlibreria.com\\\/index.php\\\/product\\\/la-lampara-inextinguible-del-pacto-abraham-park\\\/\",\"name\":\"La L\u00e1mpara Inextinguible Del Pacto - Abraham Park - tzionlibreria.com\",\"isPartOf\":{\"@id\":\"https:\\\/\\\/tzionlibreria.com\\\/#website\"},\"primaryImageOfPage\":{\"@id\":\"https:\\\/\\\/tzionlibreria.com\\\/index.php\\\/product\\\/la-lampara-inextinguible-del-pacto-abraham-park\\\/#primaryimage\"},\"image\":{\"@id\":\"https:\\\/\\\/tzionlibreria.com\\\/index.php\\\/product\\\/la-lampara-inextinguible-del-pacto-abraham-park\\\/#primaryimage\"},\"thumbnailUrl\":\"https:\\\/\\\/tzionlibreria.com\\\/wp-content\\\/uploads\\\/2023\\\/10\\\/D_NQ_NP_2X_655689-MLV70564736387_072023-F.webp\",\"datePublished\":\"2023-10-07T12:53:56+00:00\",\"dateModified\":\"2024-11-22T03:04:25+00:00\",\"breadcrumb\":{\"@id\":\"https:\\\/\\\/tzionlibreria.com\\\/index.php\\\/product\\\/la-lampara-inextinguible-del-pacto-abraham-park\\\/#breadcrumb\"},\"inLanguage\":\"es-CO\",\"potentialAction\":[{\"@type\":\"ReadAction\",\"target\":[\"https:\\\/\\\/tzionlibreria.com\\\/index.php\\\/product\\\/la-lampara-inextinguible-del-pacto-abraham-park\\\/\"]}]},{\"@type\":\"ImageObject\",\"inLanguage\":\"es-CO\",\"@id\":\"https:\\\/\\\/tzionlibreria.com\\\/index.php\\\/product\\\/la-lampara-inextinguible-del-pacto-abraham-park\\\/#primaryimage\",\"url\":\"https:\\\/\\\/tzionlibreria.com\\\/wp-content\\\/uploads\\\/2023\\\/10\\\/D_NQ_NP_2X_655689-MLV70564736387_072023-F.webp\",\"contentUrl\":\"https:\\\/\\\/tzionlibreria.com\\\/wp-content\\\/uploads\\\/2023\\\/10\\\/D_NQ_NP_2X_655689-MLV70564736387_072023-F.webp\",\"width\":1057,\"height\":951},{\"@type\":\"BreadcrumbList\",\"@id\":\"https:\\\/\\\/tzionlibreria.com\\\/index.php\\\/product\\\/la-lampara-inextinguible-del-pacto-abraham-park\\\/#breadcrumb\",\"itemListElement\":[{\"@type\":\"ListItem\",\"position\":1,\"name\":\"Inicio\",\"item\":\"https:\\\/\\\/tzionlibreria.com\\\/\"},{\"@type\":\"ListItem\",\"position\":2,\"name\":\"Shop\",\"item\":\"https:\\\/\\\/tzionlibreria.com\\\/index.php\\\/shop\\\/\"},{\"@type\":\"ListItem\",\"position\":3,\"name\":\"La L\u00e1mpara Inextinguible Del Pacto &#8211; Abraham Park\"}]},{\"@type\":\"WebSite\",\"@id\":\"https:\\\/\\\/tzionlibreria.com\\\/#website\",\"url\":\"https:\\\/\\\/tzionlibreria.com\\\/\",\"name\":\"tzionlibreria.com\",\"description\":\"Libreria Cristiana Venezuela\",\"publisher\":{\"@id\":\"https:\\\/\\\/tzionlibreria.com\\\/#organization\"},\"potentialAction\":[{\"@type\":\"SearchAction\",\"target\":{\"@type\":\"EntryPoint\",\"urlTemplate\":\"https:\\\/\\\/tzionlibreria.com\\\/?s={search_term_string}\"},\"query-input\":{\"@type\":\"PropertyValueSpecification\",\"valueRequired\":true,\"valueName\":\"search_term_string\"}}],\"inLanguage\":\"es-CO\"},{\"@type\":\"Organization\",\"@id\":\"https:\\\/\\\/tzionlibreria.com\\\/#organization\",\"name\":\"tzionlibreria.com\",\"url\":\"https:\\\/\\\/tzionlibreria.com\\\/\",\"logo\":{\"@type\":\"ImageObject\",\"inLanguage\":\"es-CO\",\"@id\":\"https:\\\/\\\/tzionlibreria.com\\\/#\\\/schema\\\/logo\\\/image\\\/\",\"url\":\"https:\\\/\\\/tzionlibreria.com\\\/wp-content\\\/uploads\\\/2023\\\/10\\\/cropped-Cuadricula-scaled-1.jpg\",\"contentUrl\":\"https:\\\/\\\/tzionlibreria.com\\\/wp-content\\\/uploads\\\/2023\\\/10\\\/cropped-Cuadricula-scaled-1.jpg\",\"width\":2560,\"height\":2560,\"caption\":\"tzionlibreria.com\"},\"image\":{\"@id\":\"https:\\\/\\\/tzionlibreria.com\\\/#\\\/schema\\\/logo\\\/image\\\/\"}}]}<\/script>\n<!-- \/ Yoast SEO plugin. -->","yoast_head_json":{"title":"La L\u00e1mpara Inextinguible Del Pacto - Abraham Park - tzionlibreria.com","robots":{"index":"index","follow":"follow","max-snippet":"max-snippet:-1","max-image-preview":"max-image-preview:large","max-video-preview":"max-video-preview:-1"},"canonical":"https:\/\/tzionlibreria.com\/index.php\/product\/la-lampara-inextinguible-del-pacto-abraham-park\/","og_locale":"es_ES","og_type":"article","og_title":"La L\u00e1mpara Inextinguible Del Pacto - Abraham Park - tzionlibreria.com","og_description":"La L\u00e1mpara Inextinguible del Pacto Historia de la Redenci\u00f3n Vol. #3 Las Primeras 14 Generaciones en la Genealog\u00eda de Jesucristo Abraham Park Este es el tercer libro que hemos planificado de una serie de doce. La inextinguible l\u00e1mpara del pacto, es un testimonio brillante del maravilloso evangelio de Jesucristo. Ciertamente es un testimonio audaz de [&hellip;]","og_url":"https:\/\/tzionlibreria.com\/index.php\/product\/la-lampara-inextinguible-del-pacto-abraham-park\/","og_site_name":"tzionlibreria.com","article_modified_time":"2024-11-22T03:04:25+00:00","og_image":[{"width":1057,"height":951,"url":"http:\/\/tzionlibreria.com\/wp-content\/uploads\/2023\/10\/D_NQ_NP_2X_655689-MLV70564736387_072023-F.webp","type":"image\/webp"}],"twitter_card":"summary_large_image","twitter_misc":{"Tiempo de lectura":"2 minutos"},"schema":{"@context":"https:\/\/schema.org","@graph":[{"@type":"WebPage","@id":"https:\/\/tzionlibreria.com\/index.php\/product\/la-lampara-inextinguible-del-pacto-abraham-park\/","url":"https:\/\/tzionlibreria.com\/index.php\/product\/la-lampara-inextinguible-del-pacto-abraham-park\/","name":"La L\u00e1mpara Inextinguible Del Pacto - Abraham Park - tzionlibreria.com","isPartOf":{"@id":"https:\/\/tzionlibreria.com\/#website"},"primaryImageOfPage":{"@id":"https:\/\/tzionlibreria.com\/index.php\/product\/la-lampara-inextinguible-del-pacto-abraham-park\/#primaryimage"},"image":{"@id":"https:\/\/tzionlibreria.com\/index.php\/product\/la-lampara-inextinguible-del-pacto-abraham-park\/#primaryimage"},"thumbnailUrl":"https:\/\/tzionlibreria.com\/wp-content\/uploads\/2023\/10\/D_NQ_NP_2X_655689-MLV70564736387_072023-F.webp","datePublished":"2023-10-07T12:53:56+00:00","dateModified":"2024-11-22T03:04:25+00:00","breadcrumb":{"@id":"https:\/\/tzionlibreria.com\/index.php\/product\/la-lampara-inextinguible-del-pacto-abraham-park\/#breadcrumb"},"inLanguage":"es-CO","potentialAction":[{"@type":"ReadAction","target":["https:\/\/tzionlibreria.com\/index.php\/product\/la-lampara-inextinguible-del-pacto-abraham-park\/"]}]},{"@type":"ImageObject","inLanguage":"es-CO","@id":"https:\/\/tzionlibreria.com\/index.php\/product\/la-lampara-inextinguible-del-pacto-abraham-park\/#primaryimage","url":"https:\/\/tzionlibreria.com\/wp-content\/uploads\/2023\/10\/D_NQ_NP_2X_655689-MLV70564736387_072023-F.webp","contentUrl":"https:\/\/tzionlibreria.com\/wp-content\/uploads\/2023\/10\/D_NQ_NP_2X_655689-MLV70564736387_072023-F.webp","width":1057,"height":951},{"@type":"BreadcrumbList","@id":"https:\/\/tzionlibreria.com\/index.php\/product\/la-lampara-inextinguible-del-pacto-abraham-park\/#breadcrumb","itemListElement":[{"@type":"ListItem","position":1,"name":"Inicio","item":"https:\/\/tzionlibreria.com\/"},{"@type":"ListItem","position":2,"name":"Shop","item":"https:\/\/tzionlibreria.com\/index.php\/shop\/"},{"@type":"ListItem","position":3,"name":"La L\u00e1mpara Inextinguible Del Pacto &#8211; Abraham Park"}]},{"@type":"WebSite","@id":"https:\/\/tzionlibreria.com\/#website","url":"https:\/\/tzionlibreria.com\/","name":"tzionlibreria.com","description":"Libreria Cristiana Venezuela","publisher":{"@id":"https:\/\/tzionlibreria.com\/#organization"},"potentialAction":[{"@type":"SearchAction","target":{"@type":"EntryPoint","urlTemplate":"https:\/\/tzionlibreria.com\/?s={search_term_string}"},"query-input":{"@type":"PropertyValueSpecification","valueRequired":true,"valueName":"search_term_string"}}],"inLanguage":"es-CO"},{"@type":"Organization","@id":"https:\/\/tzionlibreria.com\/#organization","name":"tzionlibreria.com","url":"https:\/\/tzionlibreria.com\/","logo":{"@type":"ImageObject","inLanguage":"es-CO","@id":"https:\/\/tzionlibreria.com\/#\/schema\/logo\/image\/","url":"https:\/\/tzionlibreria.com\/wp-content\/uploads\/2023\/10\/cropped-Cuadricula-scaled-1.jpg","contentUrl":"https:\/\/tzionlibreria.com\/wp-content\/uploads\/2023\/10\/cropped-Cuadricula-scaled-1.jpg","width":2560,"height":2560,"caption":"tzionlibreria.com"},"image":{"@id":"https:\/\/tzionlibreria.com\/#\/schema\/logo\/image\/"}}]}},"jetpack_sharing_enabled":true,"_links":{"self":[{"href":"https:\/\/tzionlibreria.com\/index.php\/wp-json\/wp\/v2\/product\/714","targetHints":{"allow":["GET"]}}],"collection":[{"href":"https:\/\/tzionlibreria.com\/index.php\/wp-json\/wp\/v2\/product"}],"about":[{"href":"https:\/\/tzionlibreria.com\/index.php\/wp-json\/wp\/v2\/types\/product"}],"replies":[{"embeddable":true,"href":"https:\/\/tzionlibreria.com\/index.php\/wp-json\/wp\/v2\/comments?post=714"}],"wp:featuredmedia":[{"embeddable":true,"href":"https:\/\/tzionlibreria.com\/index.php\/wp-json\/wp\/v2\/media\/715"}],"wp:attachment":[{"href":"https:\/\/tzionlibreria.com\/index.php\/wp-json\/wp\/v2\/media?parent=714"}],"wp:term":[{"taxonomy":"product_brand","embeddable":true,"href":"https:\/\/tzionlibreria.com\/index.php\/wp-json\/wp\/v2\/product_brand?post=714"},{"taxonomy":"product_cat","embeddable":true,"href":"https:\/\/tzionlibreria.com\/index.php\/wp-json\/wp\/v2\/product_cat?post=714"},{"taxonomy":"product_tag","embeddable":true,"href":"https:\/\/tzionlibreria.com\/index.php\/wp-json\/wp\/v2\/product_tag?post=714"}],"curies":[{"name":"wp","href":"https:\/\/api.w.org\/{rel}","templated":true}]}}