{"id":7142,"date":"2026-03-04T20:12:19","date_gmt":"2026-03-04T20:12:19","guid":{"rendered":"https:\/\/tzionlibreria.com\/?post_type=product&#038;p=7142"},"modified":"2026-03-05T21:48:01","modified_gmt":"2026-03-05T21:48:01","slug":"buenas-noches-con-jesus-mas-impulso","status":"publish","type":"product","link":"https:\/\/tzionlibreria.com\/index.php\/product\/buenas-noches-con-jesus-mas-impulso\/","title":{"rendered":"Buenas Noches con Jes\u00fas \u2013 M\u00e1s Impulso"},"content":{"rendered":"<ul class=\"tabs wc-tabs\" role=\"tablist\">\n<li id=\"tab-title-description\" class=\"description_tab active\" role=\"presentation\"><a tabindex=\"0\" role=\"tab\" href=\"https:\/\/libreria247.com\/producto\/buenas-noches-con-jesus-mas-impulso\/#tab-description\" aria-controls=\"tab-description\" aria-selected=\"true\"> Descripci\u00f3n <\/a><\/li>\n<li id=\"tab-title-reviews\" class=\"reviews_tab\" role=\"presentation\"><a tabindex=\"-1\" role=\"tab\" href=\"https:\/\/libreria247.com\/producto\/buenas-noches-con-jesus-mas-impulso\/#tab-reviews\" aria-controls=\"tab-reviews\" aria-selected=\"false\"> Valoraciones (0) <\/a><\/li>\n<\/ul>\n<div id=\"tab-description\" class=\"woocommerce-Tabs-panel woocommerce-Tabs-panel--description panel entry-content wc-tab\" role=\"tabpanel\" aria-labelledby=\"tab-title-description\">\n<p data-start=\"42\" data-end=\"139\"><img decoding=\"async\" class=\"emoji\" role=\"img\" draggable=\"false\" src=\"https:\/\/s.w.org\/images\/core\/emoji\/17.0.2\/svg\/1f319.svg\" alt=\"\ud83c\udf19\" \/><img decoding=\"async\" class=\"emoji\" role=\"img\" draggable=\"false\" src=\"https:\/\/s.w.org\/images\/core\/emoji\/17.0.2\/svg\/1f49b.svg\" alt=\"\ud83d\udc9b\" \/> <strong data-start=\"47\" data-end=\"139\">\u00bfY si el momento antes de dormir se convierte en el recuerdo m\u00e1s seguro y amado del d\u00eda?<\/strong><\/p>\n<p data-start=\"141\" data-end=\"401\"><strong data-start=\"141\" data-end=\"168\">Buenas noches con Jes\u00fas<\/strong> transforma la rutina nocturna en un espacio de <strong data-start=\"216\" data-end=\"247\">paz, fe y conexi\u00f3n familiar<\/strong>. Es ese libro que acompa\u00f1a a los ni\u00f1os a cerrar los ojos con tranquilidad, record\u00e1ndoles una verdad esencial: <strong data-start=\"358\" data-end=\"400\">Jes\u00fas los cuida y nunca los deja solos<\/strong>.<\/p>\n<p data-start=\"403\" data-end=\"586\"><img decoding=\"async\" class=\"emoji\" role=\"img\" draggable=\"false\" src=\"https:\/\/s.w.org\/images\/core\/emoji\/17.0.2\/svg\/1f4d6.svg\" alt=\"\ud83d\udcd6\" \/> Con <strong data-start=\"410\" data-end=\"430\">historias cortas<\/strong>, <strong data-start=\"432\" data-end=\"457\">ilustraciones c\u00e1lidas<\/strong> y un lenguaje cercano, cada lectura ayuda a calmar el coraz\u00f3n, fortalecer la confianza en Dios y sembrar valores que permanecen.<\/p>\n<p data-start=\"588\" data-end=\"619\"><img decoding=\"async\" class=\"emoji\" role=\"img\" draggable=\"false\" src=\"https:\/\/s.w.org\/images\/core\/emoji\/17.0.2\/svg\/2728.svg\" alt=\"\u2728\" \/> <strong data-start=\"590\" data-end=\"619\">\u00bfPor qu\u00e9 tenerlo en casa?<\/strong><\/p>\n<ul data-start=\"620\" data-end=\"839\">\n<li data-start=\"620\" data-end=\"663\">\n<p data-start=\"622\" data-end=\"663\">Favorece un descanso tranquilo y seguro<\/p>\n<\/li>\n<li data-start=\"664\" data-end=\"700\">\n<p data-start=\"666\" data-end=\"700\">Refuerza la fe desde la infancia<\/p>\n<\/li>\n<li data-start=\"701\" data-end=\"750\">\n<p data-start=\"703\" data-end=\"750\">Crea momentos especiales entre padres e hijos<\/p>\n<\/li>\n<li data-start=\"751\" data-end=\"791\">\n<p data-start=\"753\" data-end=\"791\">Ideal para la rutina antes de dormir<\/p>\n<\/li>\n<li data-start=\"792\" data-end=\"839\">\n<p data-start=\"794\" data-end=\"839\">Mensajes sencillos con ense\u00f1anzas profundas<\/p>\n<\/li>\n<\/ul>\n<p data-start=\"841\" data-end=\"980\" data-is-last-node=\"\" data-is-only-node=\"\"><img decoding=\"async\" class=\"emoji\" role=\"img\" draggable=\"false\" src=\"https:\/\/s.w.org\/images\/core\/emoji\/17.0.2\/svg\/1f31f.svg\" alt=\"\ud83c\udf1f\" \/> Un libro para terminar el d\u00eda con amor, oraci\u00f3n y esperanza.<br data-start=\"904\" data-end=\"907\" \/>Porque no hay mejor manera de dormir\u2026 que hacerlo <strong data-start=\"957\" data-end=\"979\">en paz y con Jes\u00fas<\/strong><\/p>\n<\/div>\n","protected":false},"excerpt":{"rendered":"<p>Descripci\u00f3n Valoraciones (0) \u00bfY si el momento antes de dormir se convierte en el recuerdo m\u00e1s seguro y amado del d\u00eda? Buenas noches con Jes\u00fas transforma la rutina nocturna en un espacio de paz, fe y conexi\u00f3n familiar. Es ese libro que acompa\u00f1a a los ni\u00f1os a cerrar los ojos con tranquilidad, record\u00e1ndoles una verdad [&hellip;]<\/p>\n","protected":false},"featured_media":7145,"comment_status":"open","ping_status":"closed","template":"","meta":{"om_disable_all_campaigns":false,"_monsterinsights_skip_tracking":false,"_monsterinsights_sitenote_active":false,"_monsterinsights_sitenote_note":"","_monsterinsights_sitenote_category":0,"site-sidebar-layout":"default","site-content-layout":"","ast-site-content-layout":"default","site-content-style":"default","site-sidebar-style":"default","ast-global-header-display":"","ast-banner-title-visibility":"","ast-main-header-display":"","ast-hfb-above-header-display":"","ast-hfb-below-header-display":"","ast-hfb-mobile-header-display":"","site-post-title":"","ast-breadcrumbs-content":"","ast-featured-img":"","footer-sml-layout":"","ast-disable-related-posts":"","theme-transparent-header-meta":"default","adv-header-id-meta":"","stick-header-meta":"","header-above-stick-meta":"","header-main-stick-meta":"","header-below-stick-meta":"","astra-migrate-meta-layouts":"set","ast-page-background-enabled":"default","ast-page-background-meta":{"desktop":{"background-color":"var(--ast-global-color-4)","background-image":"","background-repeat":"repeat","background-position":"center center","background-size":"auto","background-attachment":"scroll","background-type":"","background-media":"","overlay-type":"","overlay-color":"","overlay-opacity":"","overlay-gradient":""},"tablet":{"background-color":"","background-image":"","background-repeat":"repeat","background-position":"center center","background-size":"auto","background-attachment":"scroll","background-type":"","background-media":"","overlay-type":"","overlay-color":"","overlay-opacity":"","overlay-gradient":""},"mobile":{"background-color":"","background-image":"","background-repeat":"repeat","background-position":"center center","background-size":"auto","background-attachment":"scroll","background-type":"","background-media":"","overlay-type":"","overlay-color":"","overlay-opacity":"","overlay-gradient":""}},"ast-content-background-meta":{"desktop":{"background-color":"var(--ast-global-color-5)","background-image":"","background-repeat":"repeat","background-position":"center center","background-size":"auto","background-attachment":"scroll","background-type":"","background-media":"","overlay-type":"","overlay-color":"","overlay-opacity":"","overlay-gradient":""},"tablet":{"background-color":"var(--ast-global-color-5)","background-image":"","background-repeat":"repeat","background-position":"center center","background-size":"auto","background-attachment":"scroll","background-type":"","background-media":"","overlay-type":"","overlay-color":"","overlay-opacity":"","overlay-gradient":""},"mobile":{"background-color":"var(--ast-global-color-5)","background-image":"","background-repeat":"repeat","background-position":"center center","background-size":"auto","background-attachment":"scroll","background-type":"","background-media":"","overlay-type":"","overlay-color":"","overlay-opacity":"","overlay-gradient":""}}},"product_brand":[],"product_cat":[25,209],"product_tag":[],"class_list":{"0":"post-7142","1":"product","2":"type-product","3":"status-publish","4":"has-post-thumbnail","6":"product_cat-kids","7":"product_cat-libros-kids","8":"desktop-align-left","9":"tablet-align-left","10":"mobile-align-left","12":"first","13":"instock","14":"shipping-taxable","15":"purchasable","16":"product-type-simple"},"yoast_head":"<!-- This site is optimized with the Yoast SEO plugin v27.4 - https:\/\/yoast.com\/product\/yoast-seo-wordpress\/ -->\n<title>Buenas Noches con Jes\u00fas \u2013 M\u00e1s Impulso - tzionlibreria.com<\/title>\n<meta name=\"robots\" content=\"index, follow, max-snippet:-1, max-image-preview:large, max-video-preview:-1\" \/>\n<link rel=\"canonical\" href=\"https:\/\/tzionlibreria.com\/index.php\/product\/buenas-noches-con-jesus-mas-impulso\/\" \/>\n<meta property=\"og:locale\" content=\"es_ES\" \/>\n<meta property=\"og:type\" content=\"article\" \/>\n<meta property=\"og:title\" content=\"Buenas Noches con Jes\u00fas \u2013 M\u00e1s Impulso - tzionlibreria.com\" \/>\n<meta property=\"og:description\" content=\"Descripci\u00f3n Valoraciones (0) \u00bfY si el momento antes de dormir se convierte en el recuerdo m\u00e1s seguro y amado del d\u00eda? Buenas noches con Jes\u00fas transforma la rutina nocturna en un espacio de paz, fe y conexi\u00f3n familiar. Es ese libro que acompa\u00f1a a los ni\u00f1os a cerrar los ojos con tranquilidad, record\u00e1ndoles una verdad [&hellip;]\" \/>\n<meta property=\"og:url\" content=\"https:\/\/tzionlibreria.com\/index.php\/product\/buenas-noches-con-jesus-mas-impulso\/\" \/>\n<meta property=\"og:site_name\" content=\"tzionlibreria.com\" \/>\n<meta property=\"article:modified_time\" content=\"2026-03-05T21:48:01+00:00\" \/>\n<meta property=\"og:image\" content=\"http:\/\/tzionlibreria.com\/wp-content\/uploads\/2026\/03\/Mockup-1-956x1024-1.png\" \/>\n\t<meta property=\"og:image:width\" content=\"956\" \/>\n\t<meta property=\"og:image:height\" content=\"1024\" \/>\n\t<meta property=\"og:image:type\" content=\"image\/png\" \/>\n<meta name=\"twitter:card\" content=\"summary_large_image\" \/>\n<meta name=\"twitter:label1\" content=\"Tiempo de lectura\" \/>\n\t<meta name=\"twitter:data1\" content=\"2 minutos\" \/>\n<script type=\"application\/ld+json\" class=\"yoast-schema-graph\">{\"@context\":\"https:\\\/\\\/schema.org\",\"@graph\":[{\"@type\":\"WebPage\",\"@id\":\"https:\\\/\\\/tzionlibreria.com\\\/index.php\\\/product\\\/buenas-noches-con-jesus-mas-impulso\\\/\",\"url\":\"https:\\\/\\\/tzionlibreria.com\\\/index.php\\\/product\\\/buenas-noches-con-jesus-mas-impulso\\\/\",\"name\":\"Buenas Noches con Jes\u00fas \u2013 M\u00e1s Impulso - tzionlibreria.com\",\"isPartOf\":{\"@id\":\"https:\\\/\\\/tzionlibreria.com\\\/#website\"},\"primaryImageOfPage\":{\"@id\":\"https:\\\/\\\/tzionlibreria.com\\\/index.php\\\/product\\\/buenas-noches-con-jesus-mas-impulso\\\/#primaryimage\"},\"image\":{\"@id\":\"https:\\\/\\\/tzionlibreria.com\\\/index.php\\\/product\\\/buenas-noches-con-jesus-mas-impulso\\\/#primaryimage\"},\"thumbnailUrl\":\"https:\\\/\\\/tzionlibreria.com\\\/wp-content\\\/uploads\\\/2026\\\/03\\\/Mockup-1-956x1024-1.png\",\"datePublished\":\"2026-03-04T20:12:19+00:00\",\"dateModified\":\"2026-03-05T21:48:01+00:00\",\"breadcrumb\":{\"@id\":\"https:\\\/\\\/tzionlibreria.com\\\/index.php\\\/product\\\/buenas-noches-con-jesus-mas-impulso\\\/#breadcrumb\"},\"inLanguage\":\"es-CO\",\"potentialAction\":[{\"@type\":\"ReadAction\",\"target\":[\"https:\\\/\\\/tzionlibreria.com\\\/index.php\\\/product\\\/buenas-noches-con-jesus-mas-impulso\\\/\"]}]},{\"@type\":\"ImageObject\",\"inLanguage\":\"es-CO\",\"@id\":\"https:\\\/\\\/tzionlibreria.com\\\/index.php\\\/product\\\/buenas-noches-con-jesus-mas-impulso\\\/#primaryimage\",\"url\":\"https:\\\/\\\/tzionlibreria.com\\\/wp-content\\\/uploads\\\/2026\\\/03\\\/Mockup-1-956x1024-1.png\",\"contentUrl\":\"https:\\\/\\\/tzionlibreria.com\\\/wp-content\\\/uploads\\\/2026\\\/03\\\/Mockup-1-956x1024-1.png\",\"width\":956,\"height\":1024},{\"@type\":\"BreadcrumbList\",\"@id\":\"https:\\\/\\\/tzionlibreria.com\\\/index.php\\\/product\\\/buenas-noches-con-jesus-mas-impulso\\\/#breadcrumb\",\"itemListElement\":[{\"@type\":\"ListItem\",\"position\":1,\"name\":\"Inicio\",\"item\":\"https:\\\/\\\/tzionlibreria.com\\\/\"},{\"@type\":\"ListItem\",\"position\":2,\"name\":\"Shop\",\"item\":\"https:\\\/\\\/tzionlibreria.com\\\/index.php\\\/shop\\\/\"},{\"@type\":\"ListItem\",\"position\":3,\"name\":\"Buenas Noches con Jes\u00fas \u2013 M\u00e1s Impulso\"}]},{\"@type\":\"WebSite\",\"@id\":\"https:\\\/\\\/tzionlibreria.com\\\/#website\",\"url\":\"https:\\\/\\\/tzionlibreria.com\\\/\",\"name\":\"tzionlibreria.com\",\"description\":\"Libreria Cristiana Venezuela\",\"publisher\":{\"@id\":\"https:\\\/\\\/tzionlibreria.com\\\/#organization\"},\"potentialAction\":[{\"@type\":\"SearchAction\",\"target\":{\"@type\":\"EntryPoint\",\"urlTemplate\":\"https:\\\/\\\/tzionlibreria.com\\\/?s={search_term_string}\"},\"query-input\":{\"@type\":\"PropertyValueSpecification\",\"valueRequired\":true,\"valueName\":\"search_term_string\"}}],\"inLanguage\":\"es-CO\"},{\"@type\":\"Organization\",\"@id\":\"https:\\\/\\\/tzionlibreria.com\\\/#organization\",\"name\":\"tzionlibreria.com\",\"url\":\"https:\\\/\\\/tzionlibreria.com\\\/\",\"logo\":{\"@type\":\"ImageObject\",\"inLanguage\":\"es-CO\",\"@id\":\"https:\\\/\\\/tzionlibreria.com\\\/#\\\/schema\\\/logo\\\/image\\\/\",\"url\":\"https:\\\/\\\/tzionlibreria.com\\\/wp-content\\\/uploads\\\/2023\\\/10\\\/cropped-Cuadricula-scaled-1.jpg\",\"contentUrl\":\"https:\\\/\\\/tzionlibreria.com\\\/wp-content\\\/uploads\\\/2023\\\/10\\\/cropped-Cuadricula-scaled-1.jpg\",\"width\":2560,\"height\":2560,\"caption\":\"tzionlibreria.com\"},\"image\":{\"@id\":\"https:\\\/\\\/tzionlibreria.com\\\/#\\\/schema\\\/logo\\\/image\\\/\"}}]}<\/script>\n<!-- \/ Yoast SEO plugin. -->","yoast_head_json":{"title":"Buenas Noches con Jes\u00fas \u2013 M\u00e1s Impulso - tzionlibreria.com","robots":{"index":"index","follow":"follow","max-snippet":"max-snippet:-1","max-image-preview":"max-image-preview:large","max-video-preview":"max-video-preview:-1"},"canonical":"https:\/\/tzionlibreria.com\/index.php\/product\/buenas-noches-con-jesus-mas-impulso\/","og_locale":"es_ES","og_type":"article","og_title":"Buenas Noches con Jes\u00fas \u2013 M\u00e1s Impulso - tzionlibreria.com","og_description":"Descripci\u00f3n Valoraciones (0) \u00bfY si el momento antes de dormir se convierte en el recuerdo m\u00e1s seguro y amado del d\u00eda? Buenas noches con Jes\u00fas transforma la rutina nocturna en un espacio de paz, fe y conexi\u00f3n familiar. Es ese libro que acompa\u00f1a a los ni\u00f1os a cerrar los ojos con tranquilidad, record\u00e1ndoles una verdad [&hellip;]","og_url":"https:\/\/tzionlibreria.com\/index.php\/product\/buenas-noches-con-jesus-mas-impulso\/","og_site_name":"tzionlibreria.com","article_modified_time":"2026-03-05T21:48:01+00:00","og_image":[{"width":956,"height":1024,"url":"http:\/\/tzionlibreria.com\/wp-content\/uploads\/2026\/03\/Mockup-1-956x1024-1.png","type":"image\/png"}],"twitter_card":"summary_large_image","twitter_misc":{"Tiempo de lectura":"2 minutos"},"schema":{"@context":"https:\/\/schema.org","@graph":[{"@type":"WebPage","@id":"https:\/\/tzionlibreria.com\/index.php\/product\/buenas-noches-con-jesus-mas-impulso\/","url":"https:\/\/tzionlibreria.com\/index.php\/product\/buenas-noches-con-jesus-mas-impulso\/","name":"Buenas Noches con Jes\u00fas \u2013 M\u00e1s Impulso - tzionlibreria.com","isPartOf":{"@id":"https:\/\/tzionlibreria.com\/#website"},"primaryImageOfPage":{"@id":"https:\/\/tzionlibreria.com\/index.php\/product\/buenas-noches-con-jesus-mas-impulso\/#primaryimage"},"image":{"@id":"https:\/\/tzionlibreria.com\/index.php\/product\/buenas-noches-con-jesus-mas-impulso\/#primaryimage"},"thumbnailUrl":"https:\/\/tzionlibreria.com\/wp-content\/uploads\/2026\/03\/Mockup-1-956x1024-1.png","datePublished":"2026-03-04T20:12:19+00:00","dateModified":"2026-03-05T21:48:01+00:00","breadcrumb":{"@id":"https:\/\/tzionlibreria.com\/index.php\/product\/buenas-noches-con-jesus-mas-impulso\/#breadcrumb"},"inLanguage":"es-CO","potentialAction":[{"@type":"ReadAction","target":["https:\/\/tzionlibreria.com\/index.php\/product\/buenas-noches-con-jesus-mas-impulso\/"]}]},{"@type":"ImageObject","inLanguage":"es-CO","@id":"https:\/\/tzionlibreria.com\/index.php\/product\/buenas-noches-con-jesus-mas-impulso\/#primaryimage","url":"https:\/\/tzionlibreria.com\/wp-content\/uploads\/2026\/03\/Mockup-1-956x1024-1.png","contentUrl":"https:\/\/tzionlibreria.com\/wp-content\/uploads\/2026\/03\/Mockup-1-956x1024-1.png","width":956,"height":1024},{"@type":"BreadcrumbList","@id":"https:\/\/tzionlibreria.com\/index.php\/product\/buenas-noches-con-jesus-mas-impulso\/#breadcrumb","itemListElement":[{"@type":"ListItem","position":1,"name":"Inicio","item":"https:\/\/tzionlibreria.com\/"},{"@type":"ListItem","position":2,"name":"Shop","item":"https:\/\/tzionlibreria.com\/index.php\/shop\/"},{"@type":"ListItem","position":3,"name":"Buenas Noches con Jes\u00fas \u2013 M\u00e1s Impulso"}]},{"@type":"WebSite","@id":"https:\/\/tzionlibreria.com\/#website","url":"https:\/\/tzionlibreria.com\/","name":"tzionlibreria.com","description":"Libreria Cristiana Venezuela","publisher":{"@id":"https:\/\/tzionlibreria.com\/#organization"},"potentialAction":[{"@type":"SearchAction","target":{"@type":"EntryPoint","urlTemplate":"https:\/\/tzionlibreria.com\/?s={search_term_string}"},"query-input":{"@type":"PropertyValueSpecification","valueRequired":true,"valueName":"search_term_string"}}],"inLanguage":"es-CO"},{"@type":"Organization","@id":"https:\/\/tzionlibreria.com\/#organization","name":"tzionlibreria.com","url":"https:\/\/tzionlibreria.com\/","logo":{"@type":"ImageObject","inLanguage":"es-CO","@id":"https:\/\/tzionlibreria.com\/#\/schema\/logo\/image\/","url":"https:\/\/tzionlibreria.com\/wp-content\/uploads\/2023\/10\/cropped-Cuadricula-scaled-1.jpg","contentUrl":"https:\/\/tzionlibreria.com\/wp-content\/uploads\/2023\/10\/cropped-Cuadricula-scaled-1.jpg","width":2560,"height":2560,"caption":"tzionlibreria.com"},"image":{"@id":"https:\/\/tzionlibreria.com\/#\/schema\/logo\/image\/"}}]}},"jetpack_sharing_enabled":true,"_links":{"self":[{"href":"https:\/\/tzionlibreria.com\/index.php\/wp-json\/wp\/v2\/product\/7142","targetHints":{"allow":["GET"]}}],"collection":[{"href":"https:\/\/tzionlibreria.com\/index.php\/wp-json\/wp\/v2\/product"}],"about":[{"href":"https:\/\/tzionlibreria.com\/index.php\/wp-json\/wp\/v2\/types\/product"}],"replies":[{"embeddable":true,"href":"https:\/\/tzionlibreria.com\/index.php\/wp-json\/wp\/v2\/comments?post=7142"}],"wp:featuredmedia":[{"embeddable":true,"href":"https:\/\/tzionlibreria.com\/index.php\/wp-json\/wp\/v2\/media\/7145"}],"wp:attachment":[{"href":"https:\/\/tzionlibreria.com\/index.php\/wp-json\/wp\/v2\/media?parent=7142"}],"wp:term":[{"taxonomy":"product_brand","embeddable":true,"href":"https:\/\/tzionlibreria.com\/index.php\/wp-json\/wp\/v2\/product_brand?post=7142"},{"taxonomy":"product_cat","embeddable":true,"href":"https:\/\/tzionlibreria.com\/index.php\/wp-json\/wp\/v2\/product_cat?post=7142"},{"taxonomy":"product_tag","embeddable":true,"href":"https:\/\/tzionlibreria.com\/index.php\/wp-json\/wp\/v2\/product_tag?post=7142"}],"curies":[{"name":"wp","href":"https:\/\/api.w.org\/{rel}","templated":true}]}}