{"id":7146,"date":"2026-03-04T20:17:59","date_gmt":"2026-03-04T20:17:59","guid":{"rendered":"https:\/\/tzionlibreria.com\/?post_type=product&#038;p=7146"},"modified":"2026-03-04T20:18:00","modified_gmt":"2026-03-04T20:18:00","slug":"piensa-en-estrategia-como-pensar-y-actuar-para-alzanzar-tus-metas-xavier-cornejo","status":"publish","type":"product","link":"https:\/\/tzionlibreria.com\/index.php\/product\/piensa-en-estrategia-como-pensar-y-actuar-para-alzanzar-tus-metas-xavier-cornejo\/","title":{"rendered":"Piensa en Estrategia \u2013 C\u00f3mo pensar y actuar para alzanzar tus metas \u2013 Xavier Cornejo"},"content":{"rendered":"<ul class=\"tabs wc-tabs\" role=\"tablist\">\n<li id=\"tab-title-description\" class=\"description_tab active\" role=\"presentation\"><a tabindex=\"0\" role=\"tab\" href=\"https:\/\/libreria247.com\/producto\/piensa-en-estrategia-como-pensar-y-actuar-para-alzanzar-tus-metas-xavier-cornejo\/#tab-description\" aria-controls=\"tab-description\" aria-selected=\"true\"> Descripci\u00f3n <\/a><\/li>\n<li id=\"tab-title-reviews\" class=\"reviews_tab\" role=\"presentation\"><a tabindex=\"-1\" role=\"tab\" href=\"https:\/\/libreria247.com\/producto\/piensa-en-estrategia-como-pensar-y-actuar-para-alzanzar-tus-metas-xavier-cornejo\/#tab-reviews\" aria-controls=\"tab-reviews\" aria-selected=\"false\"> Valoraciones (0) <\/a><\/li>\n<\/ul>\n<div id=\"tab-description\" class=\"woocommerce-Tabs-panel woocommerce-Tabs-panel--description panel entry-content wc-tab\" role=\"tabpanel\" aria-labelledby=\"tab-title-description\">\n<p><span class=\"a-text-bold\">\u00a1La vida es un campo de batalla!<\/span><\/p>\n<p>Dentro de cada uno de nosotros se libra una guerra entre el deseo y la resistencia. \u00bfMe levanto temprano o busco un momento m\u00e1s de descanso? \u00bfMe esfuerzo por mis sue\u00f1os o me conformo con la comodidad? Todos llevamos metas en el coraz\u00f3n, pero a menudo nos falta el camino para alcanzarlas. No es falta de talento ni de inteligencia: es falta de estrategia.<\/p>\n<p>En Piensa en Estrategia, el galardonado autor Xavier Cornejo te invita a dominar el arte de la estrategia. Inspirado por figuras como el comandante Josu\u00e9, el samur\u00e1i Miyamoto Musashi, y el maestro de la guerra Sun Tzu, Cornejo nos muestra c\u00f3mo planificar, pensar y ejecutar con precisi\u00f3n para transformar cualquier objetivo en realidad. Este libro es tu gu\u00eda para conquistar sue\u00f1os y vivir al m\u00e1ximo de tu capacidad.<\/p>\n<p>No dejes que los obst\u00e1culos detengan tu caminar: \u00a1es hora de pensar, planificar y ejecutar como un verdadero estratega!<\/p>\n<\/div>\n","protected":false},"excerpt":{"rendered":"<p>Descripci\u00f3n Valoraciones (0) \u00a1La vida es un campo de batalla! Dentro de cada uno de nosotros se libra una guerra entre el deseo y la resistencia. \u00bfMe levanto temprano o busco un momento m\u00e1s de descanso? \u00bfMe esfuerzo por mis sue\u00f1os o me conformo con la comodidad? Todos llevamos metas en el coraz\u00f3n, pero a [&hellip;]<\/p>\n","protected":false},"featured_media":7147,"comment_status":"open","ping_status":"closed","template":"","meta":{"om_disable_all_campaigns":false,"_monsterinsights_skip_tracking":false,"_monsterinsights_sitenote_active":false,"_monsterinsights_sitenote_note":"","_monsterinsights_sitenote_category":0,"site-sidebar-layout":"default","site-content-layout":"","ast-site-content-layout":"default","site-content-style":"default","site-sidebar-style":"default","ast-global-header-display":"","ast-banner-title-visibility":"","ast-main-header-display":"","ast-hfb-above-header-display":"","ast-hfb-below-header-display":"","ast-hfb-mobile-header-display":"","site-post-title":"","ast-breadcrumbs-content":"","ast-featured-img":"","footer-sml-layout":"","ast-disable-related-posts":"","theme-transparent-header-meta":"default","adv-header-id-meta":"","stick-header-meta":"","header-above-stick-meta":"","header-main-stick-meta":"","header-below-stick-meta":"","astra-migrate-meta-layouts":"set","ast-page-background-enabled":"default","ast-page-background-meta":{"desktop":{"background-color":"var(--ast-global-color-4)","background-image":"","background-repeat":"repeat","background-position":"center center","background-size":"auto","background-attachment":"scroll","background-type":"","background-media":"","overlay-type":"","overlay-color":"","overlay-opacity":"","overlay-gradient":""},"tablet":{"background-color":"","background-image":"","background-repeat":"repeat","background-position":"center center","background-size":"auto","background-attachment":"scroll","background-type":"","background-media":"","overlay-type":"","overlay-color":"","overlay-opacity":"","overlay-gradient":""},"mobile":{"background-color":"","background-image":"","background-repeat":"repeat","background-position":"center center","background-size":"auto","background-attachment":"scroll","background-type":"","background-media":"","overlay-type":"","overlay-color":"","overlay-opacity":"","overlay-gradient":""}},"ast-content-background-meta":{"desktop":{"background-color":"var(--ast-global-color-5)","background-image":"","background-repeat":"repeat","background-position":"center center","background-size":"auto","background-attachment":"scroll","background-type":"","background-media":"","overlay-type":"","overlay-color":"","overlay-opacity":"","overlay-gradient":""},"tablet":{"background-color":"var(--ast-global-color-5)","background-image":"","background-repeat":"repeat","background-position":"center center","background-size":"auto","background-attachment":"scroll","background-type":"","background-media":"","overlay-type":"","overlay-color":"","overlay-opacity":"","overlay-gradient":""},"mobile":{"background-color":"var(--ast-global-color-5)","background-image":"","background-repeat":"repeat","background-position":"center center","background-size":"auto","background-attachment":"scroll","background-type":"","background-media":"","overlay-type":"","overlay-color":"","overlay-opacity":"","overlay-gradient":""}}},"product_brand":[],"product_cat":[23,175],"product_tag":[],"class_list":{"0":"post-7146","1":"product","2":"type-product","3":"status-publish","4":"has-post-thumbnail","6":"product_cat-libros","7":"product_cat-liderazgo","8":"desktop-align-left","9":"tablet-align-left","10":"mobile-align-left","12":"first","13":"instock","14":"shipping-taxable","15":"purchasable","16":"product-type-simple"},"yoast_head":"<!-- This site is optimized with the Yoast SEO plugin v27.4 - https:\/\/yoast.com\/product\/yoast-seo-wordpress\/ -->\n<title>Piensa en Estrategia \u2013 C\u00f3mo pensar y actuar para alzanzar tus metas \u2013 Xavier Cornejo - tzionlibreria.com<\/title>\n<meta name=\"robots\" content=\"index, follow, max-snippet:-1, max-image-preview:large, max-video-preview:-1\" \/>\n<link rel=\"canonical\" href=\"https:\/\/tzionlibreria.com\/index.php\/product\/piensa-en-estrategia-como-pensar-y-actuar-para-alzanzar-tus-metas-xavier-cornejo\/\" \/>\n<meta property=\"og:locale\" content=\"es_ES\" \/>\n<meta property=\"og:type\" content=\"article\" \/>\n<meta property=\"og:title\" content=\"Piensa en Estrategia \u2013 C\u00f3mo pensar y actuar para alzanzar tus metas \u2013 Xavier Cornejo - tzionlibreria.com\" \/>\n<meta property=\"og:description\" content=\"Descripci\u00f3n Valoraciones (0) \u00a1La vida es un campo de batalla! Dentro de cada uno de nosotros se libra una guerra entre el deseo y la resistencia. \u00bfMe levanto temprano o busco un momento m\u00e1s de descanso? \u00bfMe esfuerzo por mis sue\u00f1os o me conformo con la comodidad? Todos llevamos metas en el coraz\u00f3n, pero a [&hellip;]\" \/>\n<meta property=\"og:url\" content=\"https:\/\/tzionlibreria.com\/index.php\/product\/piensa-en-estrategia-como-pensar-y-actuar-para-alzanzar-tus-metas-xavier-cornejo\/\" \/>\n<meta property=\"og:site_name\" content=\"tzionlibreria.com\" \/>\n<meta property=\"article:modified_time\" content=\"2026-03-04T20:18:00+00:00\" \/>\n<meta property=\"og:image\" content=\"http:\/\/tzionlibreria.com\/wp-content\/uploads\/2026\/03\/9781956625653.jpg\" \/>\n\t<meta property=\"og:image:width\" content=\"1200\" \/>\n\t<meta property=\"og:image:height\" content=\"1200\" \/>\n\t<meta property=\"og:image:type\" content=\"image\/jpeg\" \/>\n<meta name=\"twitter:card\" content=\"summary_large_image\" \/>\n<meta name=\"twitter:label1\" content=\"Tiempo de lectura\" \/>\n\t<meta name=\"twitter:data1\" content=\"1 minuto\" \/>\n<script type=\"application\/ld+json\" class=\"yoast-schema-graph\">{\"@context\":\"https:\\\/\\\/schema.org\",\"@graph\":[{\"@type\":\"WebPage\",\"@id\":\"https:\\\/\\\/tzionlibreria.com\\\/index.php\\\/product\\\/piensa-en-estrategia-como-pensar-y-actuar-para-alzanzar-tus-metas-xavier-cornejo\\\/\",\"url\":\"https:\\\/\\\/tzionlibreria.com\\\/index.php\\\/product\\\/piensa-en-estrategia-como-pensar-y-actuar-para-alzanzar-tus-metas-xavier-cornejo\\\/\",\"name\":\"Piensa en Estrategia \u2013 C\u00f3mo pensar y actuar para alzanzar tus metas \u2013 Xavier Cornejo - tzionlibreria.com\",\"isPartOf\":{\"@id\":\"https:\\\/\\\/tzionlibreria.com\\\/#website\"},\"primaryImageOfPage\":{\"@id\":\"https:\\\/\\\/tzionlibreria.com\\\/index.php\\\/product\\\/piensa-en-estrategia-como-pensar-y-actuar-para-alzanzar-tus-metas-xavier-cornejo\\\/#primaryimage\"},\"image\":{\"@id\":\"https:\\\/\\\/tzionlibreria.com\\\/index.php\\\/product\\\/piensa-en-estrategia-como-pensar-y-actuar-para-alzanzar-tus-metas-xavier-cornejo\\\/#primaryimage\"},\"thumbnailUrl\":\"https:\\\/\\\/tzionlibreria.com\\\/wp-content\\\/uploads\\\/2026\\\/03\\\/9781956625653.jpg\",\"datePublished\":\"2026-03-04T20:17:59+00:00\",\"dateModified\":\"2026-03-04T20:18:00+00:00\",\"breadcrumb\":{\"@id\":\"https:\\\/\\\/tzionlibreria.com\\\/index.php\\\/product\\\/piensa-en-estrategia-como-pensar-y-actuar-para-alzanzar-tus-metas-xavier-cornejo\\\/#breadcrumb\"},\"inLanguage\":\"es-CO\",\"potentialAction\":[{\"@type\":\"ReadAction\",\"target\":[\"https:\\\/\\\/tzionlibreria.com\\\/index.php\\\/product\\\/piensa-en-estrategia-como-pensar-y-actuar-para-alzanzar-tus-metas-xavier-cornejo\\\/\"]}]},{\"@type\":\"ImageObject\",\"inLanguage\":\"es-CO\",\"@id\":\"https:\\\/\\\/tzionlibreria.com\\\/index.php\\\/product\\\/piensa-en-estrategia-como-pensar-y-actuar-para-alzanzar-tus-metas-xavier-cornejo\\\/#primaryimage\",\"url\":\"https:\\\/\\\/tzionlibreria.com\\\/wp-content\\\/uploads\\\/2026\\\/03\\\/9781956625653.jpg\",\"contentUrl\":\"https:\\\/\\\/tzionlibreria.com\\\/wp-content\\\/uploads\\\/2026\\\/03\\\/9781956625653.jpg\",\"width\":1200,\"height\":1200},{\"@type\":\"BreadcrumbList\",\"@id\":\"https:\\\/\\\/tzionlibreria.com\\\/index.php\\\/product\\\/piensa-en-estrategia-como-pensar-y-actuar-para-alzanzar-tus-metas-xavier-cornejo\\\/#breadcrumb\",\"itemListElement\":[{\"@type\":\"ListItem\",\"position\":1,\"name\":\"Inicio\",\"item\":\"https:\\\/\\\/tzionlibreria.com\\\/\"},{\"@type\":\"ListItem\",\"position\":2,\"name\":\"Shop\",\"item\":\"https:\\\/\\\/tzionlibreria.com\\\/index.php\\\/shop\\\/\"},{\"@type\":\"ListItem\",\"position\":3,\"name\":\"Piensa en Estrategia \u2013 C\u00f3mo pensar y actuar para alzanzar tus metas \u2013 Xavier Cornejo\"}]},{\"@type\":\"WebSite\",\"@id\":\"https:\\\/\\\/tzionlibreria.com\\\/#website\",\"url\":\"https:\\\/\\\/tzionlibreria.com\\\/\",\"name\":\"tzionlibreria.com\",\"description\":\"Libreria Cristiana Venezuela\",\"publisher\":{\"@id\":\"https:\\\/\\\/tzionlibreria.com\\\/#organization\"},\"potentialAction\":[{\"@type\":\"SearchAction\",\"target\":{\"@type\":\"EntryPoint\",\"urlTemplate\":\"https:\\\/\\\/tzionlibreria.com\\\/?s={search_term_string}\"},\"query-input\":{\"@type\":\"PropertyValueSpecification\",\"valueRequired\":true,\"valueName\":\"search_term_string\"}}],\"inLanguage\":\"es-CO\"},{\"@type\":\"Organization\",\"@id\":\"https:\\\/\\\/tzionlibreria.com\\\/#organization\",\"name\":\"tzionlibreria.com\",\"url\":\"https:\\\/\\\/tzionlibreria.com\\\/\",\"logo\":{\"@type\":\"ImageObject\",\"inLanguage\":\"es-CO\",\"@id\":\"https:\\\/\\\/tzionlibreria.com\\\/#\\\/schema\\\/logo\\\/image\\\/\",\"url\":\"https:\\\/\\\/tzionlibreria.com\\\/wp-content\\\/uploads\\\/2023\\\/10\\\/cropped-Cuadricula-scaled-1.jpg\",\"contentUrl\":\"https:\\\/\\\/tzionlibreria.com\\\/wp-content\\\/uploads\\\/2023\\\/10\\\/cropped-Cuadricula-scaled-1.jpg\",\"width\":2560,\"height\":2560,\"caption\":\"tzionlibreria.com\"},\"image\":{\"@id\":\"https:\\\/\\\/tzionlibreria.com\\\/#\\\/schema\\\/logo\\\/image\\\/\"}}]}<\/script>\n<!-- \/ Yoast SEO plugin. -->","yoast_head_json":{"title":"Piensa en Estrategia \u2013 C\u00f3mo pensar y actuar para alzanzar tus metas \u2013 Xavier Cornejo - tzionlibreria.com","robots":{"index":"index","follow":"follow","max-snippet":"max-snippet:-1","max-image-preview":"max-image-preview:large","max-video-preview":"max-video-preview:-1"},"canonical":"https:\/\/tzionlibreria.com\/index.php\/product\/piensa-en-estrategia-como-pensar-y-actuar-para-alzanzar-tus-metas-xavier-cornejo\/","og_locale":"es_ES","og_type":"article","og_title":"Piensa en Estrategia \u2013 C\u00f3mo pensar y actuar para alzanzar tus metas \u2013 Xavier Cornejo - tzionlibreria.com","og_description":"Descripci\u00f3n Valoraciones (0) \u00a1La vida es un campo de batalla! Dentro de cada uno de nosotros se libra una guerra entre el deseo y la resistencia. \u00bfMe levanto temprano o busco un momento m\u00e1s de descanso? \u00bfMe esfuerzo por mis sue\u00f1os o me conformo con la comodidad? Todos llevamos metas en el coraz\u00f3n, pero a [&hellip;]","og_url":"https:\/\/tzionlibreria.com\/index.php\/product\/piensa-en-estrategia-como-pensar-y-actuar-para-alzanzar-tus-metas-xavier-cornejo\/","og_site_name":"tzionlibreria.com","article_modified_time":"2026-03-04T20:18:00+00:00","og_image":[{"width":1200,"height":1200,"url":"http:\/\/tzionlibreria.com\/wp-content\/uploads\/2026\/03\/9781956625653.jpg","type":"image\/jpeg"}],"twitter_card":"summary_large_image","twitter_misc":{"Tiempo de lectura":"1 minuto"},"schema":{"@context":"https:\/\/schema.org","@graph":[{"@type":"WebPage","@id":"https:\/\/tzionlibreria.com\/index.php\/product\/piensa-en-estrategia-como-pensar-y-actuar-para-alzanzar-tus-metas-xavier-cornejo\/","url":"https:\/\/tzionlibreria.com\/index.php\/product\/piensa-en-estrategia-como-pensar-y-actuar-para-alzanzar-tus-metas-xavier-cornejo\/","name":"Piensa en Estrategia \u2013 C\u00f3mo pensar y actuar para alzanzar tus metas \u2013 Xavier Cornejo - tzionlibreria.com","isPartOf":{"@id":"https:\/\/tzionlibreria.com\/#website"},"primaryImageOfPage":{"@id":"https:\/\/tzionlibreria.com\/index.php\/product\/piensa-en-estrategia-como-pensar-y-actuar-para-alzanzar-tus-metas-xavier-cornejo\/#primaryimage"},"image":{"@id":"https:\/\/tzionlibreria.com\/index.php\/product\/piensa-en-estrategia-como-pensar-y-actuar-para-alzanzar-tus-metas-xavier-cornejo\/#primaryimage"},"thumbnailUrl":"https:\/\/tzionlibreria.com\/wp-content\/uploads\/2026\/03\/9781956625653.jpg","datePublished":"2026-03-04T20:17:59+00:00","dateModified":"2026-03-04T20:18:00+00:00","breadcrumb":{"@id":"https:\/\/tzionlibreria.com\/index.php\/product\/piensa-en-estrategia-como-pensar-y-actuar-para-alzanzar-tus-metas-xavier-cornejo\/#breadcrumb"},"inLanguage":"es-CO","potentialAction":[{"@type":"ReadAction","target":["https:\/\/tzionlibreria.com\/index.php\/product\/piensa-en-estrategia-como-pensar-y-actuar-para-alzanzar-tus-metas-xavier-cornejo\/"]}]},{"@type":"ImageObject","inLanguage":"es-CO","@id":"https:\/\/tzionlibreria.com\/index.php\/product\/piensa-en-estrategia-como-pensar-y-actuar-para-alzanzar-tus-metas-xavier-cornejo\/#primaryimage","url":"https:\/\/tzionlibreria.com\/wp-content\/uploads\/2026\/03\/9781956625653.jpg","contentUrl":"https:\/\/tzionlibreria.com\/wp-content\/uploads\/2026\/03\/9781956625653.jpg","width":1200,"height":1200},{"@type":"BreadcrumbList","@id":"https:\/\/tzionlibreria.com\/index.php\/product\/piensa-en-estrategia-como-pensar-y-actuar-para-alzanzar-tus-metas-xavier-cornejo\/#breadcrumb","itemListElement":[{"@type":"ListItem","position":1,"name":"Inicio","item":"https:\/\/tzionlibreria.com\/"},{"@type":"ListItem","position":2,"name":"Shop","item":"https:\/\/tzionlibreria.com\/index.php\/shop\/"},{"@type":"ListItem","position":3,"name":"Piensa en Estrategia \u2013 C\u00f3mo pensar y actuar para alzanzar tus metas \u2013 Xavier Cornejo"}]},{"@type":"WebSite","@id":"https:\/\/tzionlibreria.com\/#website","url":"https:\/\/tzionlibreria.com\/","name":"tzionlibreria.com","description":"Libreria Cristiana Venezuela","publisher":{"@id":"https:\/\/tzionlibreria.com\/#organization"},"potentialAction":[{"@type":"SearchAction","target":{"@type":"EntryPoint","urlTemplate":"https:\/\/tzionlibreria.com\/?s={search_term_string}"},"query-input":{"@type":"PropertyValueSpecification","valueRequired":true,"valueName":"search_term_string"}}],"inLanguage":"es-CO"},{"@type":"Organization","@id":"https:\/\/tzionlibreria.com\/#organization","name":"tzionlibreria.com","url":"https:\/\/tzionlibreria.com\/","logo":{"@type":"ImageObject","inLanguage":"es-CO","@id":"https:\/\/tzionlibreria.com\/#\/schema\/logo\/image\/","url":"https:\/\/tzionlibreria.com\/wp-content\/uploads\/2023\/10\/cropped-Cuadricula-scaled-1.jpg","contentUrl":"https:\/\/tzionlibreria.com\/wp-content\/uploads\/2023\/10\/cropped-Cuadricula-scaled-1.jpg","width":2560,"height":2560,"caption":"tzionlibreria.com"},"image":{"@id":"https:\/\/tzionlibreria.com\/#\/schema\/logo\/image\/"}}]}},"jetpack_sharing_enabled":true,"_links":{"self":[{"href":"https:\/\/tzionlibreria.com\/index.php\/wp-json\/wp\/v2\/product\/7146","targetHints":{"allow":["GET"]}}],"collection":[{"href":"https:\/\/tzionlibreria.com\/index.php\/wp-json\/wp\/v2\/product"}],"about":[{"href":"https:\/\/tzionlibreria.com\/index.php\/wp-json\/wp\/v2\/types\/product"}],"replies":[{"embeddable":true,"href":"https:\/\/tzionlibreria.com\/index.php\/wp-json\/wp\/v2\/comments?post=7146"}],"wp:featuredmedia":[{"embeddable":true,"href":"https:\/\/tzionlibreria.com\/index.php\/wp-json\/wp\/v2\/media\/7147"}],"wp:attachment":[{"href":"https:\/\/tzionlibreria.com\/index.php\/wp-json\/wp\/v2\/media?parent=7146"}],"wp:term":[{"taxonomy":"product_brand","embeddable":true,"href":"https:\/\/tzionlibreria.com\/index.php\/wp-json\/wp\/v2\/product_brand?post=7146"},{"taxonomy":"product_cat","embeddable":true,"href":"https:\/\/tzionlibreria.com\/index.php\/wp-json\/wp\/v2\/product_cat?post=7146"},{"taxonomy":"product_tag","embeddable":true,"href":"https:\/\/tzionlibreria.com\/index.php\/wp-json\/wp\/v2\/product_tag?post=7146"}],"curies":[{"name":"wp","href":"https:\/\/api.w.org\/{rel}","templated":true}]}}