{"id":7148,"date":"2026-03-04T20:22:32","date_gmt":"2026-03-04T20:22:32","guid":{"rendered":"https:\/\/tzionlibreria.com\/?post_type=product&#038;p=7148"},"modified":"2026-03-04T20:22:32","modified_gmt":"2026-03-04T20:22:32","slug":"el-espiritu-guerrero-xavier-cornejo","status":"publish","type":"product","link":"https:\/\/tzionlibreria.com\/index.php\/product\/el-espiritu-guerrero-xavier-cornejo\/","title":{"rendered":"El Esp\u00edritu Guerrero \u2013 Xavier Cornejo"},"content":{"rendered":"<ul class=\"tabs wc-tabs\" role=\"tablist\">\n<li id=\"tab-title-description\" class=\"description_tab active\" role=\"presentation\"><a tabindex=\"0\" role=\"tab\" href=\"https:\/\/libreria247.com\/producto\/el-espiritu-guerrero-xavier-cornejo\/#tab-description\" aria-controls=\"tab-description\" aria-selected=\"true\"> Descripci\u00f3n <\/a><\/li>\n<li id=\"tab-title-reviews\" class=\"reviews_tab\" role=\"presentation\"><a tabindex=\"-1\" role=\"tab\" href=\"https:\/\/libreria247.com\/producto\/el-espiritu-guerrero-xavier-cornejo\/#tab-reviews\" aria-controls=\"tab-reviews\" aria-selected=\"false\"> Valoraciones (0) <\/a><\/li>\n<\/ul>\n<div id=\"tab-description\" class=\"woocommerce-Tabs-panel woocommerce-Tabs-panel--description panel entry-content wc-tab\" role=\"tabpanel\" aria-labelledby=\"tab-title-description\">\n<p><span class=\"a-text-bold\">\u201cAUNQUE EL MIEDO, LA DUDA Y LA DERROTA TE VISITEN\u2026 SI LOGRAS ENCENDER TU CORAZ\u00d3N, NUNCA PODR\u00c1N DERROTARTE\u201d.<\/span><\/p>\n<p><span class=\"a-text-italic\">El esp\u00edritu guerrero<\/span>\u00a0no es solo un libro.\u00a0<span class=\"a-text-italic\">Es un llamado a despertar lo que llevas dentro.\u00a0<\/span>A encender esa fuerza que te sostiene en los d\u00edas m\u00e1s oscuros y ese fuego que te levanta cuando todo parece perdido.<\/p>\n<p>Xavier Cornejo entrelaza\u00a0<span class=\"a-text-italic\">historias reales, batallas cotidianas y referencias culturales<\/span>\u00a0\u2014desde antiguos guerreros hasta personajes del anime y la literatura\u2014 para recordarte que\u00a0<span class=\"a-text-bold\">la victoria m\u00e1s grande no se gana afuera, sino dentro de ti.<\/span><\/p>\n<p>Este viaje es para quienes\u00a0<span class=\"a-text-italic\">han ca\u00eddo y necesitan levantarse<\/span>.<\/p>\n<p>Para quienes\u00a0<span class=\"a-text-italic\">luchan en silencio<\/span>, pero saben que su vida tiene un prop\u00f3sito.<\/p>\n<p>Para quienes\u00a0<span class=\"a-text-italic\">quieren darlo todo<\/span>.<\/p>\n<p>Para quienes\u00a0<span class=\"a-text-italic\">no se rinden<\/span>.<\/p>\n<p>A lo largo de estas p\u00e1ginas descubrir\u00e1s:<\/p>\n<ul class=\"a-unordered-list a-vertical\">\n<li><span class=\"a-list-item\"><span class=\"a-text-italic\">Ideas que encender\u00e1n tu prop\u00f3sito<\/span><\/span><\/li>\n<li><span class=\"a-list-item\"><span class=\"a-text-italic\">Preguntas que desafiar\u00e1n tu forma de pensar<\/span><\/span><\/li>\n<li><span class=\"a-list-item\"><span class=\"a-text-italic\">Historias que te recordar\u00e1n de lo que est\u00e1s hecho<\/span><\/span><\/li>\n<li><span class=\"a-list-item\">em&gt;Principios que te impulsar\u00e1n a levantarte una y otra vez<\/span><\/li>\n<\/ul>\n<p><span class=\"a-text-bold\">Aprender\u00e1s a luchar con diez veces m\u00e1s fuerza de la que cre\u00edas tener.<\/span><\/p>\n<p><span class=\"a-text-italic\">Ser\u00e1 tu manual para no rendirte.<\/span><\/p>\n<\/div>\n","protected":false},"excerpt":{"rendered":"<p>Descripci\u00f3n Valoraciones (0) \u201cAUNQUE EL MIEDO, LA DUDA Y LA DERROTA TE VISITEN\u2026 SI LOGRAS ENCENDER TU CORAZ\u00d3N, NUNCA PODR\u00c1N DERROTARTE\u201d. El esp\u00edritu guerrero\u00a0no es solo un libro.\u00a0Es un llamado a despertar lo que llevas dentro.\u00a0A encender esa fuerza que te sostiene en los d\u00edas m\u00e1s oscuros y ese fuego que te levanta cuando todo [&hellip;]<\/p>\n","protected":false},"featured_media":7149,"comment_status":"open","ping_status":"closed","template":"","meta":{"om_disable_all_campaigns":false,"_monsterinsights_skip_tracking":false,"_monsterinsights_sitenote_active":false,"_monsterinsights_sitenote_note":"","_monsterinsights_sitenote_category":0,"site-sidebar-layout":"default","site-content-layout":"","ast-site-content-layout":"default","site-content-style":"default","site-sidebar-style":"default","ast-global-header-display":"","ast-banner-title-visibility":"","ast-main-header-display":"","ast-hfb-above-header-display":"","ast-hfb-below-header-display":"","ast-hfb-mobile-header-display":"","site-post-title":"","ast-breadcrumbs-content":"","ast-featured-img":"","footer-sml-layout":"","ast-disable-related-posts":"","theme-transparent-header-meta":"default","adv-header-id-meta":"","stick-header-meta":"","header-above-stick-meta":"","header-main-stick-meta":"","header-below-stick-meta":"","astra-migrate-meta-layouts":"set","ast-page-background-enabled":"default","ast-page-background-meta":{"desktop":{"background-color":"var(--ast-global-color-4)","background-image":"","background-repeat":"repeat","background-position":"center center","background-size":"auto","background-attachment":"scroll","background-type":"","background-media":"","overlay-type":"","overlay-color":"","overlay-opacity":"","overlay-gradient":""},"tablet":{"background-color":"","background-image":"","background-repeat":"repeat","background-position":"center center","background-size":"auto","background-attachment":"scroll","background-type":"","background-media":"","overlay-type":"","overlay-color":"","overlay-opacity":"","overlay-gradient":""},"mobile":{"background-color":"","background-image":"","background-repeat":"repeat","background-position":"center center","background-size":"auto","background-attachment":"scroll","background-type":"","background-media":"","overlay-type":"","overlay-color":"","overlay-opacity":"","overlay-gradient":""}},"ast-content-background-meta":{"desktop":{"background-color":"var(--ast-global-color-5)","background-image":"","background-repeat":"repeat","background-position":"center center","background-size":"auto","background-attachment":"scroll","background-type":"","background-media":"","overlay-type":"","overlay-color":"","overlay-opacity":"","overlay-gradient":""},"tablet":{"background-color":"var(--ast-global-color-5)","background-image":"","background-repeat":"repeat","background-position":"center center","background-size":"auto","background-attachment":"scroll","background-type":"","background-media":"","overlay-type":"","overlay-color":"","overlay-opacity":"","overlay-gradient":""},"mobile":{"background-color":"var(--ast-global-color-5)","background-image":"","background-repeat":"repeat","background-position":"center center","background-size":"auto","background-attachment":"scroll","background-type":"","background-media":"","overlay-type":"","overlay-color":"","overlay-opacity":"","overlay-gradient":""}}},"product_brand":[],"product_cat":[23,175],"product_tag":[],"class_list":{"0":"post-7148","1":"product","2":"type-product","3":"status-publish","4":"has-post-thumbnail","6":"product_cat-libros","7":"product_cat-liderazgo","8":"desktop-align-left","9":"tablet-align-left","10":"mobile-align-left","12":"first","13":"instock","14":"shipping-taxable","15":"purchasable","16":"product-type-simple"},"yoast_head":"<!-- This site is optimized with the Yoast SEO plugin v27.4 - https:\/\/yoast.com\/product\/yoast-seo-wordpress\/ -->\n<title>El Esp\u00edritu Guerrero \u2013 Xavier Cornejo - tzionlibreria.com<\/title>\n<meta name=\"robots\" content=\"index, follow, max-snippet:-1, max-image-preview:large, max-video-preview:-1\" \/>\n<link rel=\"canonical\" href=\"https:\/\/tzionlibreria.com\/index.php\/product\/el-espiritu-guerrero-xavier-cornejo\/\" \/>\n<meta property=\"og:locale\" content=\"es_ES\" \/>\n<meta property=\"og:type\" content=\"article\" \/>\n<meta property=\"og:title\" content=\"El Esp\u00edritu Guerrero \u2013 Xavier Cornejo - tzionlibreria.com\" \/>\n<meta property=\"og:description\" content=\"Descripci\u00f3n Valoraciones (0) \u201cAUNQUE EL MIEDO, LA DUDA Y LA DERROTA TE VISITEN\u2026 SI LOGRAS ENCENDER TU CORAZ\u00d3N, NUNCA PODR\u00c1N DERROTARTE\u201d. El esp\u00edritu guerrero\u00a0no es solo un libro.\u00a0Es un llamado a despertar lo que llevas dentro.\u00a0A encender esa fuerza que te sostiene en los d\u00edas m\u00e1s oscuros y ese fuego que te levanta cuando todo [&hellip;]\" \/>\n<meta property=\"og:url\" content=\"https:\/\/tzionlibreria.com\/index.php\/product\/el-espiritu-guerrero-xavier-cornejo\/\" \/>\n<meta property=\"og:site_name\" content=\"tzionlibreria.com\" \/>\n<meta property=\"og:image\" content=\"http:\/\/tzionlibreria.com\/wp-content\/uploads\/2026\/03\/9781956625721.jpg\" \/>\n\t<meta property=\"og:image:width\" content=\"1200\" \/>\n\t<meta property=\"og:image:height\" content=\"1200\" \/>\n\t<meta property=\"og:image:type\" content=\"image\/jpeg\" \/>\n<meta name=\"twitter:card\" content=\"summary_large_image\" \/>\n<meta name=\"twitter:label1\" content=\"Tiempo de lectura\" \/>\n\t<meta name=\"twitter:data1\" content=\"2 minutos\" \/>\n<script type=\"application\/ld+json\" class=\"yoast-schema-graph\">{\"@context\":\"https:\\\/\\\/schema.org\",\"@graph\":[{\"@type\":\"WebPage\",\"@id\":\"https:\\\/\\\/tzionlibreria.com\\\/index.php\\\/product\\\/el-espiritu-guerrero-xavier-cornejo\\\/\",\"url\":\"https:\\\/\\\/tzionlibreria.com\\\/index.php\\\/product\\\/el-espiritu-guerrero-xavier-cornejo\\\/\",\"name\":\"El Esp\u00edritu Guerrero \u2013 Xavier Cornejo - tzionlibreria.com\",\"isPartOf\":{\"@id\":\"https:\\\/\\\/tzionlibreria.com\\\/#website\"},\"primaryImageOfPage\":{\"@id\":\"https:\\\/\\\/tzionlibreria.com\\\/index.php\\\/product\\\/el-espiritu-guerrero-xavier-cornejo\\\/#primaryimage\"},\"image\":{\"@id\":\"https:\\\/\\\/tzionlibreria.com\\\/index.php\\\/product\\\/el-espiritu-guerrero-xavier-cornejo\\\/#primaryimage\"},\"thumbnailUrl\":\"https:\\\/\\\/tzionlibreria.com\\\/wp-content\\\/uploads\\\/2026\\\/03\\\/9781956625721.jpg\",\"datePublished\":\"2026-03-04T20:22:32+00:00\",\"breadcrumb\":{\"@id\":\"https:\\\/\\\/tzionlibreria.com\\\/index.php\\\/product\\\/el-espiritu-guerrero-xavier-cornejo\\\/#breadcrumb\"},\"inLanguage\":\"es-CO\",\"potentialAction\":[{\"@type\":\"ReadAction\",\"target\":[\"https:\\\/\\\/tzionlibreria.com\\\/index.php\\\/product\\\/el-espiritu-guerrero-xavier-cornejo\\\/\"]}]},{\"@type\":\"ImageObject\",\"inLanguage\":\"es-CO\",\"@id\":\"https:\\\/\\\/tzionlibreria.com\\\/index.php\\\/product\\\/el-espiritu-guerrero-xavier-cornejo\\\/#primaryimage\",\"url\":\"https:\\\/\\\/tzionlibreria.com\\\/wp-content\\\/uploads\\\/2026\\\/03\\\/9781956625721.jpg\",\"contentUrl\":\"https:\\\/\\\/tzionlibreria.com\\\/wp-content\\\/uploads\\\/2026\\\/03\\\/9781956625721.jpg\",\"width\":1200,\"height\":1200},{\"@type\":\"BreadcrumbList\",\"@id\":\"https:\\\/\\\/tzionlibreria.com\\\/index.php\\\/product\\\/el-espiritu-guerrero-xavier-cornejo\\\/#breadcrumb\",\"itemListElement\":[{\"@type\":\"ListItem\",\"position\":1,\"name\":\"Inicio\",\"item\":\"https:\\\/\\\/tzionlibreria.com\\\/\"},{\"@type\":\"ListItem\",\"position\":2,\"name\":\"Shop\",\"item\":\"https:\\\/\\\/tzionlibreria.com\\\/index.php\\\/shop\\\/\"},{\"@type\":\"ListItem\",\"position\":3,\"name\":\"El Esp\u00edritu Guerrero \u2013 Xavier Cornejo\"}]},{\"@type\":\"WebSite\",\"@id\":\"https:\\\/\\\/tzionlibreria.com\\\/#website\",\"url\":\"https:\\\/\\\/tzionlibreria.com\\\/\",\"name\":\"tzionlibreria.com\",\"description\":\"Libreria Cristiana Venezuela\",\"publisher\":{\"@id\":\"https:\\\/\\\/tzionlibreria.com\\\/#organization\"},\"potentialAction\":[{\"@type\":\"SearchAction\",\"target\":{\"@type\":\"EntryPoint\",\"urlTemplate\":\"https:\\\/\\\/tzionlibreria.com\\\/?s={search_term_string}\"},\"query-input\":{\"@type\":\"PropertyValueSpecification\",\"valueRequired\":true,\"valueName\":\"search_term_string\"}}],\"inLanguage\":\"es-CO\"},{\"@type\":\"Organization\",\"@id\":\"https:\\\/\\\/tzionlibreria.com\\\/#organization\",\"name\":\"tzionlibreria.com\",\"url\":\"https:\\\/\\\/tzionlibreria.com\\\/\",\"logo\":{\"@type\":\"ImageObject\",\"inLanguage\":\"es-CO\",\"@id\":\"https:\\\/\\\/tzionlibreria.com\\\/#\\\/schema\\\/logo\\\/image\\\/\",\"url\":\"https:\\\/\\\/tzionlibreria.com\\\/wp-content\\\/uploads\\\/2023\\\/10\\\/cropped-Cuadricula-scaled-1.jpg\",\"contentUrl\":\"https:\\\/\\\/tzionlibreria.com\\\/wp-content\\\/uploads\\\/2023\\\/10\\\/cropped-Cuadricula-scaled-1.jpg\",\"width\":2560,\"height\":2560,\"caption\":\"tzionlibreria.com\"},\"image\":{\"@id\":\"https:\\\/\\\/tzionlibreria.com\\\/#\\\/schema\\\/logo\\\/image\\\/\"}}]}<\/script>\n<!-- \/ Yoast SEO plugin. -->","yoast_head_json":{"title":"El Esp\u00edritu Guerrero \u2013 Xavier Cornejo - tzionlibreria.com","robots":{"index":"index","follow":"follow","max-snippet":"max-snippet:-1","max-image-preview":"max-image-preview:large","max-video-preview":"max-video-preview:-1"},"canonical":"https:\/\/tzionlibreria.com\/index.php\/product\/el-espiritu-guerrero-xavier-cornejo\/","og_locale":"es_ES","og_type":"article","og_title":"El Esp\u00edritu Guerrero \u2013 Xavier Cornejo - tzionlibreria.com","og_description":"Descripci\u00f3n Valoraciones (0) \u201cAUNQUE EL MIEDO, LA DUDA Y LA DERROTA TE VISITEN\u2026 SI LOGRAS ENCENDER TU CORAZ\u00d3N, NUNCA PODR\u00c1N DERROTARTE\u201d. El esp\u00edritu guerrero\u00a0no es solo un libro.\u00a0Es un llamado a despertar lo que llevas dentro.\u00a0A encender esa fuerza que te sostiene en los d\u00edas m\u00e1s oscuros y ese fuego que te levanta cuando todo [&hellip;]","og_url":"https:\/\/tzionlibreria.com\/index.php\/product\/el-espiritu-guerrero-xavier-cornejo\/","og_site_name":"tzionlibreria.com","og_image":[{"width":1200,"height":1200,"url":"http:\/\/tzionlibreria.com\/wp-content\/uploads\/2026\/03\/9781956625721.jpg","type":"image\/jpeg"}],"twitter_card":"summary_large_image","twitter_misc":{"Tiempo de lectura":"2 minutos"},"schema":{"@context":"https:\/\/schema.org","@graph":[{"@type":"WebPage","@id":"https:\/\/tzionlibreria.com\/index.php\/product\/el-espiritu-guerrero-xavier-cornejo\/","url":"https:\/\/tzionlibreria.com\/index.php\/product\/el-espiritu-guerrero-xavier-cornejo\/","name":"El Esp\u00edritu Guerrero \u2013 Xavier Cornejo - tzionlibreria.com","isPartOf":{"@id":"https:\/\/tzionlibreria.com\/#website"},"primaryImageOfPage":{"@id":"https:\/\/tzionlibreria.com\/index.php\/product\/el-espiritu-guerrero-xavier-cornejo\/#primaryimage"},"image":{"@id":"https:\/\/tzionlibreria.com\/index.php\/product\/el-espiritu-guerrero-xavier-cornejo\/#primaryimage"},"thumbnailUrl":"https:\/\/tzionlibreria.com\/wp-content\/uploads\/2026\/03\/9781956625721.jpg","datePublished":"2026-03-04T20:22:32+00:00","breadcrumb":{"@id":"https:\/\/tzionlibreria.com\/index.php\/product\/el-espiritu-guerrero-xavier-cornejo\/#breadcrumb"},"inLanguage":"es-CO","potentialAction":[{"@type":"ReadAction","target":["https:\/\/tzionlibreria.com\/index.php\/product\/el-espiritu-guerrero-xavier-cornejo\/"]}]},{"@type":"ImageObject","inLanguage":"es-CO","@id":"https:\/\/tzionlibreria.com\/index.php\/product\/el-espiritu-guerrero-xavier-cornejo\/#primaryimage","url":"https:\/\/tzionlibreria.com\/wp-content\/uploads\/2026\/03\/9781956625721.jpg","contentUrl":"https:\/\/tzionlibreria.com\/wp-content\/uploads\/2026\/03\/9781956625721.jpg","width":1200,"height":1200},{"@type":"BreadcrumbList","@id":"https:\/\/tzionlibreria.com\/index.php\/product\/el-espiritu-guerrero-xavier-cornejo\/#breadcrumb","itemListElement":[{"@type":"ListItem","position":1,"name":"Inicio","item":"https:\/\/tzionlibreria.com\/"},{"@type":"ListItem","position":2,"name":"Shop","item":"https:\/\/tzionlibreria.com\/index.php\/shop\/"},{"@type":"ListItem","position":3,"name":"El Esp\u00edritu Guerrero \u2013 Xavier Cornejo"}]},{"@type":"WebSite","@id":"https:\/\/tzionlibreria.com\/#website","url":"https:\/\/tzionlibreria.com\/","name":"tzionlibreria.com","description":"Libreria Cristiana Venezuela","publisher":{"@id":"https:\/\/tzionlibreria.com\/#organization"},"potentialAction":[{"@type":"SearchAction","target":{"@type":"EntryPoint","urlTemplate":"https:\/\/tzionlibreria.com\/?s={search_term_string}"},"query-input":{"@type":"PropertyValueSpecification","valueRequired":true,"valueName":"search_term_string"}}],"inLanguage":"es-CO"},{"@type":"Organization","@id":"https:\/\/tzionlibreria.com\/#organization","name":"tzionlibreria.com","url":"https:\/\/tzionlibreria.com\/","logo":{"@type":"ImageObject","inLanguage":"es-CO","@id":"https:\/\/tzionlibreria.com\/#\/schema\/logo\/image\/","url":"https:\/\/tzionlibreria.com\/wp-content\/uploads\/2023\/10\/cropped-Cuadricula-scaled-1.jpg","contentUrl":"https:\/\/tzionlibreria.com\/wp-content\/uploads\/2023\/10\/cropped-Cuadricula-scaled-1.jpg","width":2560,"height":2560,"caption":"tzionlibreria.com"},"image":{"@id":"https:\/\/tzionlibreria.com\/#\/schema\/logo\/image\/"}}]}},"jetpack_sharing_enabled":true,"_links":{"self":[{"href":"https:\/\/tzionlibreria.com\/index.php\/wp-json\/wp\/v2\/product\/7148","targetHints":{"allow":["GET"]}}],"collection":[{"href":"https:\/\/tzionlibreria.com\/index.php\/wp-json\/wp\/v2\/product"}],"about":[{"href":"https:\/\/tzionlibreria.com\/index.php\/wp-json\/wp\/v2\/types\/product"}],"replies":[{"embeddable":true,"href":"https:\/\/tzionlibreria.com\/index.php\/wp-json\/wp\/v2\/comments?post=7148"}],"wp:featuredmedia":[{"embeddable":true,"href":"https:\/\/tzionlibreria.com\/index.php\/wp-json\/wp\/v2\/media\/7149"}],"wp:attachment":[{"href":"https:\/\/tzionlibreria.com\/index.php\/wp-json\/wp\/v2\/media?parent=7148"}],"wp:term":[{"taxonomy":"product_brand","embeddable":true,"href":"https:\/\/tzionlibreria.com\/index.php\/wp-json\/wp\/v2\/product_brand?post=7148"},{"taxonomy":"product_cat","embeddable":true,"href":"https:\/\/tzionlibreria.com\/index.php\/wp-json\/wp\/v2\/product_cat?post=7148"},{"taxonomy":"product_tag","embeddable":true,"href":"https:\/\/tzionlibreria.com\/index.php\/wp-json\/wp\/v2\/product_tag?post=7148"}],"curies":[{"name":"wp","href":"https:\/\/api.w.org\/{rel}","templated":true}]}}