{"id":7159,"date":"2026-03-04T20:54:50","date_gmt":"2026-03-04T20:54:50","guid":{"rendered":"https:\/\/tzionlibreria.com\/?post_type=product&#038;p=7159"},"modified":"2026-03-04T20:54:50","modified_gmt":"2026-03-04T20:54:50","slug":"el-corazon-de-la-pureza-oscar-fajardo","status":"publish","type":"product","link":"https:\/\/tzionlibreria.com\/index.php\/product\/el-corazon-de-la-pureza-oscar-fajardo\/","title":{"rendered":"El Coraz\u00f3n de la Pureza \u2013 Oscar Fajardo"},"content":{"rendered":"<ul class=\"tabs wc-tabs\" role=\"tablist\">\n<li id=\"tab-title-reviews\" class=\"reviews_tab\" role=\"presentation\"><\/li>\n<\/ul>\n<div id=\"tab-description\" class=\"woocommerce-Tabs-panel woocommerce-Tabs-panel--description panel entry-content wc-tab\" role=\"tabpanel\" aria-labelledby=\"tab-title-description\">\n<h3 data-start=\"300\" data-end=\"376\"><img decoding=\"async\" class=\"emoji\" role=\"img\" draggable=\"false\" src=\"https:\/\/s.w.org\/images\/core\/emoji\/17.0.2\/svg\/1f4d8.svg\" alt=\"\ud83d\udcd8\" \/> <strong data-start=\"307\" data-end=\"376\">El Coraz\u00f3n de la Pureza: M\u00e1s que un ideal, es una Persona \u2013 Jes\u00fas<\/strong><\/h3>\n<p>&nbsp;<\/p>\n<p data-start=\"378\" data-end=\"748\"><strong data-start=\"378\" data-end=\"506\">\u00bfQu\u00e9 sentido tiene hablar de sexualidad, pareja, familia o prop\u00f3sito si al final del d\u00eda no nos hemos acercado m\u00e1s a Cristo?<\/strong><br data-start=\"506\" data-end=\"509\" \/><em data-start=\"509\" data-end=\"534\">El Coraz\u00f3n de la Pureza<\/em> es un libro cristiano transformador que te invita a replantear temas como la sexualidad, la solter\u00eda, el matrimonio, la relaci\u00f3n entre padres e hijos y el servicio, desde una perspectiva b\u00edblica centrada en Jes\u00fas.<\/p>\n<p data-start=\"750\" data-end=\"988\">En un mundo lleno de consejos, m\u00e9todos y discursos sobre c\u00f3mo vivir mejor, este libro te recuerda una verdad esencial: <strong data-start=\"869\" data-end=\"988\">la pureza no es un est\u00e1ndar inalcanzable ni un conjunto de reglas\u2026 es una persona. Y esa persona es Cristo Jes\u00fas.<\/strong><\/p>\n<h3 data-start=\"995\" data-end=\"1038\"><\/h3>\n<h3 data-start=\"995\" data-end=\"1038\"><img decoding=\"async\" class=\"emoji\" role=\"img\" draggable=\"false\" src=\"https:\/\/s.w.org\/images\/core\/emoji\/17.0.2\/svg\/1f54a.svg\" alt=\"\ud83d\udd4a\ufe0f\" \/> <strong data-start=\"1003\" data-end=\"1038\">\u00bfQu\u00e9 encontrar\u00e1s en este libro?<\/strong><\/h3>\n<p>&nbsp;<\/p>\n<ul data-start=\"1039\" data-end=\"1467\">\n<li data-start=\"1039\" data-end=\"1156\">\n<p data-start=\"1041\" data-end=\"1156\">Reflexiones profundas sobre <strong data-start=\"1069\" data-end=\"1155\">relaciones de pareja, el valor de la solter\u00eda, el sexo, el matrimonio y la familia<\/strong>.<\/p>\n<\/li>\n<li data-start=\"1157\" data-end=\"1237\">\n<p data-start=\"1159\" data-end=\"1237\">Un llamado a vivir de forma <strong data-start=\"1187\" data-end=\"1205\">contracultural<\/strong>, guiado por la Palabra de Dios.<\/p>\n<\/li>\n<li data-start=\"1238\" data-end=\"1358\">\n<p data-start=\"1240\" data-end=\"1358\">Perspectivas pr\u00e1cticas y espirituales sobre c\u00f3mo <strong data-start=\"1289\" data-end=\"1332\">vivir con prop\u00f3sito, identidad y pureza<\/strong> en cada etapa de la vida.<\/p>\n<\/li>\n<li data-start=\"1359\" data-end=\"1467\">\n<p data-start=\"1361\" data-end=\"1467\">Una narrativa que te lleva a descubrir que <strong data-start=\"1404\" data-end=\"1466\">la verdadera pureza comienza en el coraz\u00f3n rendido a Jes\u00fas<\/strong>.<\/p>\n<\/li>\n<\/ul>\n<p data-start=\"1474\" data-end=\"1688\">Este no es solo un libro de principios cristianos: es un viaje hacia el coraz\u00f3n del Padre, donde cada consejo, ense\u00f1anza y verdad b\u00edblica apuntan a lo eterno. Porque <strong data-start=\"1640\" data-end=\"1687\">la pureza no se trata de ti, se trata de \u00c9l<\/strong>.<\/p>\n<\/div>\n","protected":false},"excerpt":{"rendered":"<p>El Coraz\u00f3n de la Pureza: M\u00e1s que un ideal, es una Persona \u2013 Jes\u00fas &nbsp; \u00bfQu\u00e9 sentido tiene hablar de sexualidad, pareja, familia o prop\u00f3sito si al final del d\u00eda no nos hemos acercado m\u00e1s a Cristo?El Coraz\u00f3n de la Pureza es un libro cristiano transformador que te invita a replantear temas como la sexualidad, [&hellip;]<\/p>\n","protected":false},"featured_media":7165,"comment_status":"open","ping_status":"closed","template":"","meta":{"om_disable_all_campaigns":false,"_monsterinsights_skip_tracking":false,"_monsterinsights_sitenote_active":false,"_monsterinsights_sitenote_note":"","_monsterinsights_sitenote_category":0,"site-sidebar-layout":"default","site-content-layout":"","ast-site-content-layout":"default","site-content-style":"default","site-sidebar-style":"default","ast-global-header-display":"","ast-banner-title-visibility":"","ast-main-header-display":"","ast-hfb-above-header-display":"","ast-hfb-below-header-display":"","ast-hfb-mobile-header-display":"","site-post-title":"","ast-breadcrumbs-content":"","ast-featured-img":"","footer-sml-layout":"","ast-disable-related-posts":"","theme-transparent-header-meta":"default","adv-header-id-meta":"","stick-header-meta":"","header-above-stick-meta":"","header-main-stick-meta":"","header-below-stick-meta":"","astra-migrate-meta-layouts":"set","ast-page-background-enabled":"default","ast-page-background-meta":{"desktop":{"background-color":"var(--ast-global-color-4)","background-image":"","background-repeat":"repeat","background-position":"center center","background-size":"auto","background-attachment":"scroll","background-type":"","background-media":"","overlay-type":"","overlay-color":"","overlay-opacity":"","overlay-gradient":""},"tablet":{"background-color":"","background-image":"","background-repeat":"repeat","background-position":"center center","background-size":"auto","background-attachment":"scroll","background-type":"","background-media":"","overlay-type":"","overlay-color":"","overlay-opacity":"","overlay-gradient":""},"mobile":{"background-color":"","background-image":"","background-repeat":"repeat","background-position":"center center","background-size":"auto","background-attachment":"scroll","background-type":"","background-media":"","overlay-type":"","overlay-color":"","overlay-opacity":"","overlay-gradient":""}},"ast-content-background-meta":{"desktop":{"background-color":"var(--ast-global-color-5)","background-image":"","background-repeat":"repeat","background-position":"center center","background-size":"auto","background-attachment":"scroll","background-type":"","background-media":"","overlay-type":"","overlay-color":"","overlay-opacity":"","overlay-gradient":""},"tablet":{"background-color":"var(--ast-global-color-5)","background-image":"","background-repeat":"repeat","background-position":"center center","background-size":"auto","background-attachment":"scroll","background-type":"","background-media":"","overlay-type":"","overlay-color":"","overlay-opacity":"","overlay-gradient":""},"mobile":{"background-color":"var(--ast-global-color-5)","background-image":"","background-repeat":"repeat","background-position":"center center","background-size":"auto","background-attachment":"scroll","background-type":"","background-media":"","overlay-type":"","overlay-color":"","overlay-opacity":"","overlay-gradient":""}}},"product_brand":[],"product_cat":[23,171],"product_tag":[],"class_list":{"0":"post-7159","1":"product","2":"type-product","3":"status-publish","4":"has-post-thumbnail","6":"product_cat-libros","7":"product_cat-sexualidad","8":"desktop-align-left","9":"tablet-align-left","10":"mobile-align-left","12":"first","13":"instock","14":"shipping-taxable","15":"purchasable","16":"product-type-simple"},"yoast_head":"<!-- This site is optimized with the Yoast SEO plugin v27.4 - https:\/\/yoast.com\/product\/yoast-seo-wordpress\/ -->\n<title>El Coraz\u00f3n de la Pureza \u2013 Oscar Fajardo - tzionlibreria.com<\/title>\n<meta name=\"robots\" content=\"index, follow, max-snippet:-1, max-image-preview:large, max-video-preview:-1\" \/>\n<link rel=\"canonical\" href=\"https:\/\/tzionlibreria.com\/index.php\/product\/el-corazon-de-la-pureza-oscar-fajardo\/\" \/>\n<meta property=\"og:locale\" content=\"es_ES\" \/>\n<meta property=\"og:type\" content=\"article\" \/>\n<meta property=\"og:title\" content=\"El Coraz\u00f3n de la Pureza \u2013 Oscar Fajardo - tzionlibreria.com\" \/>\n<meta property=\"og:description\" content=\"El Coraz\u00f3n de la Pureza: M\u00e1s que un ideal, es una Persona \u2013 Jes\u00fas &nbsp; \u00bfQu\u00e9 sentido tiene hablar de sexualidad, pareja, familia o prop\u00f3sito si al final del d\u00eda no nos hemos acercado m\u00e1s a Cristo?El Coraz\u00f3n de la Pureza es un libro cristiano transformador que te invita a replantear temas como la sexualidad, [&hellip;]\" \/>\n<meta property=\"og:url\" content=\"https:\/\/tzionlibreria.com\/index.php\/product\/el-corazon-de-la-pureza-oscar-fajardo\/\" \/>\n<meta property=\"og:site_name\" content=\"tzionlibreria.com\" \/>\n<meta property=\"og:image\" content=\"http:\/\/tzionlibreria.com\/wp-content\/uploads\/2026\/03\/9786280185989.jpg\" \/>\n\t<meta property=\"og:image:width\" content=\"1200\" \/>\n\t<meta property=\"og:image:height\" content=\"1200\" \/>\n\t<meta property=\"og:image:type\" content=\"image\/jpeg\" \/>\n<meta name=\"twitter:card\" content=\"summary_large_image\" \/>\n<meta name=\"twitter:label1\" content=\"Tiempo de lectura\" \/>\n\t<meta name=\"twitter:data1\" content=\"2 minutos\" \/>\n<script type=\"application\/ld+json\" class=\"yoast-schema-graph\">{\"@context\":\"https:\\\/\\\/schema.org\",\"@graph\":[{\"@type\":\"WebPage\",\"@id\":\"https:\\\/\\\/tzionlibreria.com\\\/index.php\\\/product\\\/el-corazon-de-la-pureza-oscar-fajardo\\\/\",\"url\":\"https:\\\/\\\/tzionlibreria.com\\\/index.php\\\/product\\\/el-corazon-de-la-pureza-oscar-fajardo\\\/\",\"name\":\"El Coraz\u00f3n de la Pureza \u2013 Oscar Fajardo - tzionlibreria.com\",\"isPartOf\":{\"@id\":\"https:\\\/\\\/tzionlibreria.com\\\/#website\"},\"primaryImageOfPage\":{\"@id\":\"https:\\\/\\\/tzionlibreria.com\\\/index.php\\\/product\\\/el-corazon-de-la-pureza-oscar-fajardo\\\/#primaryimage\"},\"image\":{\"@id\":\"https:\\\/\\\/tzionlibreria.com\\\/index.php\\\/product\\\/el-corazon-de-la-pureza-oscar-fajardo\\\/#primaryimage\"},\"thumbnailUrl\":\"https:\\\/\\\/tzionlibreria.com\\\/wp-content\\\/uploads\\\/2026\\\/03\\\/9786280185989.jpg\",\"datePublished\":\"2026-03-04T20:54:50+00:00\",\"breadcrumb\":{\"@id\":\"https:\\\/\\\/tzionlibreria.com\\\/index.php\\\/product\\\/el-corazon-de-la-pureza-oscar-fajardo\\\/#breadcrumb\"},\"inLanguage\":\"es-CO\",\"potentialAction\":[{\"@type\":\"ReadAction\",\"target\":[\"https:\\\/\\\/tzionlibreria.com\\\/index.php\\\/product\\\/el-corazon-de-la-pureza-oscar-fajardo\\\/\"]}]},{\"@type\":\"ImageObject\",\"inLanguage\":\"es-CO\",\"@id\":\"https:\\\/\\\/tzionlibreria.com\\\/index.php\\\/product\\\/el-corazon-de-la-pureza-oscar-fajardo\\\/#primaryimage\",\"url\":\"https:\\\/\\\/tzionlibreria.com\\\/wp-content\\\/uploads\\\/2026\\\/03\\\/9786280185989.jpg\",\"contentUrl\":\"https:\\\/\\\/tzionlibreria.com\\\/wp-content\\\/uploads\\\/2026\\\/03\\\/9786280185989.jpg\",\"width\":1200,\"height\":1200},{\"@type\":\"BreadcrumbList\",\"@id\":\"https:\\\/\\\/tzionlibreria.com\\\/index.php\\\/product\\\/el-corazon-de-la-pureza-oscar-fajardo\\\/#breadcrumb\",\"itemListElement\":[{\"@type\":\"ListItem\",\"position\":1,\"name\":\"Inicio\",\"item\":\"https:\\\/\\\/tzionlibreria.com\\\/\"},{\"@type\":\"ListItem\",\"position\":2,\"name\":\"Shop\",\"item\":\"https:\\\/\\\/tzionlibreria.com\\\/index.php\\\/shop\\\/\"},{\"@type\":\"ListItem\",\"position\":3,\"name\":\"El Coraz\u00f3n de la Pureza \u2013 Oscar Fajardo\"}]},{\"@type\":\"WebSite\",\"@id\":\"https:\\\/\\\/tzionlibreria.com\\\/#website\",\"url\":\"https:\\\/\\\/tzionlibreria.com\\\/\",\"name\":\"tzionlibreria.com\",\"description\":\"Libreria Cristiana Venezuela\",\"publisher\":{\"@id\":\"https:\\\/\\\/tzionlibreria.com\\\/#organization\"},\"potentialAction\":[{\"@type\":\"SearchAction\",\"target\":{\"@type\":\"EntryPoint\",\"urlTemplate\":\"https:\\\/\\\/tzionlibreria.com\\\/?s={search_term_string}\"},\"query-input\":{\"@type\":\"PropertyValueSpecification\",\"valueRequired\":true,\"valueName\":\"search_term_string\"}}],\"inLanguage\":\"es-CO\"},{\"@type\":\"Organization\",\"@id\":\"https:\\\/\\\/tzionlibreria.com\\\/#organization\",\"name\":\"tzionlibreria.com\",\"url\":\"https:\\\/\\\/tzionlibreria.com\\\/\",\"logo\":{\"@type\":\"ImageObject\",\"inLanguage\":\"es-CO\",\"@id\":\"https:\\\/\\\/tzionlibreria.com\\\/#\\\/schema\\\/logo\\\/image\\\/\",\"url\":\"https:\\\/\\\/tzionlibreria.com\\\/wp-content\\\/uploads\\\/2023\\\/10\\\/cropped-Cuadricula-scaled-1.jpg\",\"contentUrl\":\"https:\\\/\\\/tzionlibreria.com\\\/wp-content\\\/uploads\\\/2023\\\/10\\\/cropped-Cuadricula-scaled-1.jpg\",\"width\":2560,\"height\":2560,\"caption\":\"tzionlibreria.com\"},\"image\":{\"@id\":\"https:\\\/\\\/tzionlibreria.com\\\/#\\\/schema\\\/logo\\\/image\\\/\"}}]}<\/script>\n<!-- \/ Yoast SEO plugin. -->","yoast_head_json":{"title":"El Coraz\u00f3n de la Pureza \u2013 Oscar Fajardo - tzionlibreria.com","robots":{"index":"index","follow":"follow","max-snippet":"max-snippet:-1","max-image-preview":"max-image-preview:large","max-video-preview":"max-video-preview:-1"},"canonical":"https:\/\/tzionlibreria.com\/index.php\/product\/el-corazon-de-la-pureza-oscar-fajardo\/","og_locale":"es_ES","og_type":"article","og_title":"El Coraz\u00f3n de la Pureza \u2013 Oscar Fajardo - tzionlibreria.com","og_description":"El Coraz\u00f3n de la Pureza: M\u00e1s que un ideal, es una Persona \u2013 Jes\u00fas &nbsp; \u00bfQu\u00e9 sentido tiene hablar de sexualidad, pareja, familia o prop\u00f3sito si al final del d\u00eda no nos hemos acercado m\u00e1s a Cristo?El Coraz\u00f3n de la Pureza es un libro cristiano transformador que te invita a replantear temas como la sexualidad, [&hellip;]","og_url":"https:\/\/tzionlibreria.com\/index.php\/product\/el-corazon-de-la-pureza-oscar-fajardo\/","og_site_name":"tzionlibreria.com","og_image":[{"width":1200,"height":1200,"url":"http:\/\/tzionlibreria.com\/wp-content\/uploads\/2026\/03\/9786280185989.jpg","type":"image\/jpeg"}],"twitter_card":"summary_large_image","twitter_misc":{"Tiempo de lectura":"2 minutos"},"schema":{"@context":"https:\/\/schema.org","@graph":[{"@type":"WebPage","@id":"https:\/\/tzionlibreria.com\/index.php\/product\/el-corazon-de-la-pureza-oscar-fajardo\/","url":"https:\/\/tzionlibreria.com\/index.php\/product\/el-corazon-de-la-pureza-oscar-fajardo\/","name":"El Coraz\u00f3n de la Pureza \u2013 Oscar Fajardo - tzionlibreria.com","isPartOf":{"@id":"https:\/\/tzionlibreria.com\/#website"},"primaryImageOfPage":{"@id":"https:\/\/tzionlibreria.com\/index.php\/product\/el-corazon-de-la-pureza-oscar-fajardo\/#primaryimage"},"image":{"@id":"https:\/\/tzionlibreria.com\/index.php\/product\/el-corazon-de-la-pureza-oscar-fajardo\/#primaryimage"},"thumbnailUrl":"https:\/\/tzionlibreria.com\/wp-content\/uploads\/2026\/03\/9786280185989.jpg","datePublished":"2026-03-04T20:54:50+00:00","breadcrumb":{"@id":"https:\/\/tzionlibreria.com\/index.php\/product\/el-corazon-de-la-pureza-oscar-fajardo\/#breadcrumb"},"inLanguage":"es-CO","potentialAction":[{"@type":"ReadAction","target":["https:\/\/tzionlibreria.com\/index.php\/product\/el-corazon-de-la-pureza-oscar-fajardo\/"]}]},{"@type":"ImageObject","inLanguage":"es-CO","@id":"https:\/\/tzionlibreria.com\/index.php\/product\/el-corazon-de-la-pureza-oscar-fajardo\/#primaryimage","url":"https:\/\/tzionlibreria.com\/wp-content\/uploads\/2026\/03\/9786280185989.jpg","contentUrl":"https:\/\/tzionlibreria.com\/wp-content\/uploads\/2026\/03\/9786280185989.jpg","width":1200,"height":1200},{"@type":"BreadcrumbList","@id":"https:\/\/tzionlibreria.com\/index.php\/product\/el-corazon-de-la-pureza-oscar-fajardo\/#breadcrumb","itemListElement":[{"@type":"ListItem","position":1,"name":"Inicio","item":"https:\/\/tzionlibreria.com\/"},{"@type":"ListItem","position":2,"name":"Shop","item":"https:\/\/tzionlibreria.com\/index.php\/shop\/"},{"@type":"ListItem","position":3,"name":"El Coraz\u00f3n de la Pureza \u2013 Oscar Fajardo"}]},{"@type":"WebSite","@id":"https:\/\/tzionlibreria.com\/#website","url":"https:\/\/tzionlibreria.com\/","name":"tzionlibreria.com","description":"Libreria Cristiana Venezuela","publisher":{"@id":"https:\/\/tzionlibreria.com\/#organization"},"potentialAction":[{"@type":"SearchAction","target":{"@type":"EntryPoint","urlTemplate":"https:\/\/tzionlibreria.com\/?s={search_term_string}"},"query-input":{"@type":"PropertyValueSpecification","valueRequired":true,"valueName":"search_term_string"}}],"inLanguage":"es-CO"},{"@type":"Organization","@id":"https:\/\/tzionlibreria.com\/#organization","name":"tzionlibreria.com","url":"https:\/\/tzionlibreria.com\/","logo":{"@type":"ImageObject","inLanguage":"es-CO","@id":"https:\/\/tzionlibreria.com\/#\/schema\/logo\/image\/","url":"https:\/\/tzionlibreria.com\/wp-content\/uploads\/2023\/10\/cropped-Cuadricula-scaled-1.jpg","contentUrl":"https:\/\/tzionlibreria.com\/wp-content\/uploads\/2023\/10\/cropped-Cuadricula-scaled-1.jpg","width":2560,"height":2560,"caption":"tzionlibreria.com"},"image":{"@id":"https:\/\/tzionlibreria.com\/#\/schema\/logo\/image\/"}}]}},"jetpack_sharing_enabled":true,"_links":{"self":[{"href":"https:\/\/tzionlibreria.com\/index.php\/wp-json\/wp\/v2\/product\/7159","targetHints":{"allow":["GET"]}}],"collection":[{"href":"https:\/\/tzionlibreria.com\/index.php\/wp-json\/wp\/v2\/product"}],"about":[{"href":"https:\/\/tzionlibreria.com\/index.php\/wp-json\/wp\/v2\/types\/product"}],"replies":[{"embeddable":true,"href":"https:\/\/tzionlibreria.com\/index.php\/wp-json\/wp\/v2\/comments?post=7159"}],"wp:featuredmedia":[{"embeddable":true,"href":"https:\/\/tzionlibreria.com\/index.php\/wp-json\/wp\/v2\/media\/7165"}],"wp:attachment":[{"href":"https:\/\/tzionlibreria.com\/index.php\/wp-json\/wp\/v2\/media?parent=7159"}],"wp:term":[{"taxonomy":"product_brand","embeddable":true,"href":"https:\/\/tzionlibreria.com\/index.php\/wp-json\/wp\/v2\/product_brand?post=7159"},{"taxonomy":"product_cat","embeddable":true,"href":"https:\/\/tzionlibreria.com\/index.php\/wp-json\/wp\/v2\/product_cat?post=7159"},{"taxonomy":"product_tag","embeddable":true,"href":"https:\/\/tzionlibreria.com\/index.php\/wp-json\/wp\/v2\/product_tag?post=7159"}],"curies":[{"name":"wp","href":"https:\/\/api.w.org\/{rel}","templated":true}]}}