{"id":7166,"date":"2026-03-04T21:09:17","date_gmt":"2026-03-04T21:09:17","guid":{"rendered":"https:\/\/tzionlibreria.com\/?post_type=product&#038;p=7166"},"modified":"2026-03-04T21:09:22","modified_gmt":"2026-03-04T21:09:22","slug":"biblia-rvr-60-rosada-con-flores-letra-grande-tamano-manual","status":"publish","type":"product","link":"https:\/\/tzionlibreria.com\/index.php\/product\/biblia-rvr-60-rosada-con-flores-letra-grande-tamano-manual\/","title":{"rendered":"Biblia RVR\/60 Rosada Con Flores Letra grande Tama\u00f1o Manual"},"content":{"rendered":"<div class=\"large-9 columns\">\n<div class=\"tabs-content\" data-tabs-content=\"product-tabs\">\n<div id=\"description\" class=\"tabs-panel\" role=\"tabpanel\" aria-hidden=\"false\" aria-labelledby=\"description-label\">\n<div class=\"row\">\n<div class=\"small-12 medium-8 large-8 columns\">\n<div id=\"ctl00_ucPDTabs_ctl00_fs\" class=\"ProductDetailGroup\">\n<p><span class=\"a-text-bold\">Biblia tama\u00f1o manual, ultrafina y con letra grande. S\u00edmil piel rosada con flores rosadas, cinta marcadora, y estudio conciso de los nombres de Dios<br \/>\n<\/span><br \/>\nSu presentaci\u00f3n en s\u00edmil piel rosada con flores rosadas hace que la Santa Biblia RVR 1960 sea ideal para el uso personal o para regalo. Esta edici\u00f3n de regalo trae un estudio especial sobre los nombres de Dios. Descubre el significado b\u00edblico de cada nombre de Dios tanto como su aplicaci\u00f3n en nuestro andar diario. Con letra grande y las palabras de Cristo destacadas en rojo, la Biblia incluye una gu\u00eda para ayudarte a leer toda la Biblia en un a\u00f1o.<\/p>\n<p>Esta edici\u00f3n conserva la belleza cl\u00e1sica y la elocuencia de la Reina Valera Revisada 1960. Liviana, pr\u00e1ctica y resistente, su encuadernaci\u00f3n la hace perfecta para acompa\u00f1arte a todas partes, para la lectura diaria y el uso en la iglesia cada domingo.<\/p>\n<p><span class=\"a-text-bold\">El texto incluye:<\/span><\/p>\n<p>\u2022\u00a0 Letra grande que facilita la lectura (10.5 pts)<br \/>\n\u2022\u00a0 Concordancia<br \/>\n\u2022\u00a0 Palabras de Cristo en rojo<br \/>\n\u2022\u00a0 Encabezados visibles para encontrar f\u00e1cilmente las referencias<br \/>\n\u2022\u00a0 M\u00e1s de 10,000 referencias cruzadas<br \/>\n\u2022\u00a0 Plan de salvaci\u00f3n<br \/>\n\u2022\u00a0 Un estudio conciso de los nombres de Dios<br \/>\n\u2022\u00a0 Una gu\u00eda para leer la Biblia en un a\u00f1o<\/p>\n<p><span class=\"a-text-bold\">Adem\u00e1s, esta edici\u00f3n Reina Valera Revisada 1960 ofrece:<\/span><\/p>\n<p>\u2022 Encuadernaci\u00f3n s\u00edmil piel resistente y durable<br \/>\n\u2022 Ultrafina<br \/>\n\u2022 P\u00e1gina para dedicatoria<br \/>\n\u2022 Cinta marcador<br \/>\n\u2022 Tama\u00f1o: 5 3\/8 x 8 3\/8 pulgadas (13.6 cm x 20.3 cm)<br \/>\n\u2022 1,280 p\u00e1ginas<\/p>\n<\/div>\n<div id=\"ctl00_ucPDTabs_ctl01_fs\" class=\"ProductDetailGroup\">\n<h4>Categor\u00edas<\/h4>\n<p><a title=\"Productos\" href=\"https:\/\/www.clccolombia.com\/libros\/todos-los-productos\">Productos<\/a> \u00bb <a title=\"Biblias\" href=\"https:\/\/www.clccolombia.com\/biblias\/todas-las-biblias\">Biblias<\/a> \u00bb <a title=\"Por especialidad\" href=\"https:\/\/www.clccolombia.com\/biblias\/por-especialidad\">Por especialidad<\/a> \u00bb <a title=\"Biblias Mujeres\" href=\"https:\/\/www.clccolombia.com\/biblias\/mujer\">Biblias Mujeres<\/a><br \/>\n<a title=\"Productos\" href=\"https:\/\/www.clccolombia.com\/libros\/todos-los-productos\">Productos<\/a> \u00bb <a title=\"Biblias\" href=\"https:\/\/www.clccolombia.com\/biblias\/todas-las-biblias\">Biblias<\/a> \u00bb <a title=\"Por versi\u00f3n\" href=\"https:\/\/www.clccolombia.com\/biblias\/por-version\">Por versi\u00f3n<\/a> \u00bb <a title=\"Reina valera 1960 (RVR 60)\" href=\"https:\/\/www.clccolombia.com\/biblias\/rvr60\">Reina valera 1960 (RVR 60)<\/a><br \/>\n<a title=\"Promociones \" href=\"https:\/\/www.clccolombia.com\/libros\/promociones\">Promociones <\/a> \u00bb <a title=\"Mes de la Biblia\" href=\"https:\/\/www.clccolombia.com\/promociones\/mes-de-la-biblia\">Mes de la Biblia<\/a><\/div>\n<\/div>\n<div class=\"small-12 medium-4 large-4 columns\">\n<div id=\"ctl00_ucPDTabs_ctl02_fs\" class=\"ProductDetailGroup system-properties\"><strong>ISBN<\/strong>: 9781644739679<br \/>\n<strong>Referencia de producto<\/strong>: 08501678<br \/>\n<strong>Dimensiones<\/strong>: 140 x 210 x 30 mm<br \/>\n<strong>Cubierta<\/strong>: S\u00edmil Piel<br \/>\n<strong>Fecha de lanzamiento<\/strong>: 29.08.2024<br \/>\n<strong>Idioma<\/strong>: Espa\u00f1ol<\/div>\n<div id=\"ctl00_ucPDTabs_ctl03_fs\" class=\"ProductDetailGroup\"><strong>Versi\u00f3n :<\/strong>\u00a0RVR60<br \/>\n<strong>Tipo de Letra:<\/strong>\u00a0Letra Grande<br \/>\n<strong>Color de Biblia:<\/strong>\u00a0Rosado<\/div>\n<\/div>\n<\/div>\n<\/div>\n<\/div>\n<\/div>\n","protected":false},"excerpt":{"rendered":"<p>Biblia tama\u00f1o manual, ultrafina y con letra grande. S\u00edmil piel rosada con flores rosadas, cinta marcadora, y estudio conciso de los nombres de Dios Su presentaci\u00f3n en s\u00edmil piel rosada con flores rosadas hace que la Santa Biblia RVR 1960 sea ideal para el uso personal o para regalo. Esta edici\u00f3n de regalo trae un [&hellip;]<\/p>\n","protected":false},"featured_media":7167,"comment_status":"open","ping_status":"closed","template":"","meta":{"om_disable_all_campaigns":false,"_monsterinsights_skip_tracking":false,"_monsterinsights_sitenote_active":false,"_monsterinsights_sitenote_note":"","_monsterinsights_sitenote_category":0,"site-sidebar-layout":"default","site-content-layout":"","ast-site-content-layout":"default","site-content-style":"default","site-sidebar-style":"default","ast-global-header-display":"","ast-banner-title-visibility":"","ast-main-header-display":"","ast-hfb-above-header-display":"","ast-hfb-below-header-display":"","ast-hfb-mobile-header-display":"","site-post-title":"","ast-breadcrumbs-content":"","ast-featured-img":"","footer-sml-layout":"","ast-disable-related-posts":"","theme-transparent-header-meta":"default","adv-header-id-meta":"","stick-header-meta":"","header-above-stick-meta":"","header-main-stick-meta":"","header-below-stick-meta":"","astra-migrate-meta-layouts":"set","ast-page-background-enabled":"default","ast-page-background-meta":{"desktop":{"background-color":"var(--ast-global-color-4)","background-image":"","background-repeat":"repeat","background-position":"center center","background-size":"auto","background-attachment":"scroll","background-type":"","background-media":"","overlay-type":"","overlay-color":"","overlay-opacity":"","overlay-gradient":""},"tablet":{"background-color":"","background-image":"","background-repeat":"repeat","background-position":"center center","background-size":"auto","background-attachment":"scroll","background-type":"","background-media":"","overlay-type":"","overlay-color":"","overlay-opacity":"","overlay-gradient":""},"mobile":{"background-color":"","background-image":"","background-repeat":"repeat","background-position":"center center","background-size":"auto","background-attachment":"scroll","background-type":"","background-media":"","overlay-type":"","overlay-color":"","overlay-opacity":"","overlay-gradient":""}},"ast-content-background-meta":{"desktop":{"background-color":"var(--ast-global-color-5)","background-image":"","background-repeat":"repeat","background-position":"center center","background-size":"auto","background-attachment":"scroll","background-type":"","background-media":"","overlay-type":"","overlay-color":"","overlay-opacity":"","overlay-gradient":""},"tablet":{"background-color":"var(--ast-global-color-5)","background-image":"","background-repeat":"repeat","background-position":"center center","background-size":"auto","background-attachment":"scroll","background-type":"","background-media":"","overlay-type":"","overlay-color":"","overlay-opacity":"","overlay-gradient":""},"mobile":{"background-color":"var(--ast-global-color-5)","background-image":"","background-repeat":"repeat","background-position":"center center","background-size":"auto","background-attachment":"scroll","background-type":"","background-media":"","overlay-type":"","overlay-color":"","overlay-opacity":"","overlay-gradient":""}}},"product_brand":[],"product_cat":[22,42,177],"product_tag":[],"class_list":{"0":"post-7166","1":"product","2":"type-product","3":"status-publish","4":"has-post-thumbnail","6":"product_cat-biblias","7":"product_cat-biblias-reina-valera","8":"product_cat-letra-grande-rvr","9":"desktop-align-left","10":"tablet-align-left","11":"mobile-align-left","13":"first","14":"instock","15":"shipping-taxable","16":"purchasable","17":"product-type-simple"},"yoast_head":"<!-- This site is optimized with the Yoast SEO plugin v27.4 - https:\/\/yoast.com\/product\/yoast-seo-wordpress\/ -->\n<title>Biblia RVR\/60 Rosada Con Flores Letra grande Tama\u00f1o Manual - tzionlibreria.com<\/title>\n<meta name=\"robots\" content=\"index, follow, max-snippet:-1, max-image-preview:large, max-video-preview:-1\" \/>\n<link rel=\"canonical\" href=\"https:\/\/tzionlibreria.com\/index.php\/product\/biblia-rvr-60-rosada-con-flores-letra-grande-tamano-manual\/\" \/>\n<meta property=\"og:locale\" content=\"es_ES\" \/>\n<meta property=\"og:type\" content=\"article\" \/>\n<meta property=\"og:title\" content=\"Biblia RVR\/60 Rosada Con Flores Letra grande Tama\u00f1o Manual - tzionlibreria.com\" \/>\n<meta property=\"og:description\" content=\"Biblia tama\u00f1o manual, ultrafina y con letra grande. S\u00edmil piel rosada con flores rosadas, cinta marcadora, y estudio conciso de los nombres de Dios Su presentaci\u00f3n en s\u00edmil piel rosada con flores rosadas hace que la Santa Biblia RVR 1960 sea ideal para el uso personal o para regalo. Esta edici\u00f3n de regalo trae un [&hellip;]\" \/>\n<meta property=\"og:url\" content=\"https:\/\/tzionlibreria.com\/index.php\/product\/biblia-rvr-60-rosada-con-flores-letra-grande-tamano-manual\/\" \/>\n<meta property=\"og:site_name\" content=\"tzionlibreria.com\" \/>\n<meta property=\"article:modified_time\" content=\"2026-03-04T21:09:22+00:00\" \/>\n<meta property=\"og:image\" content=\"http:\/\/tzionlibreria.com\/wp-content\/uploads\/2026\/03\/43062.jpg\" \/>\n\t<meta property=\"og:image:width\" content=\"1102\" \/>\n\t<meta property=\"og:image:height\" content=\"1500\" \/>\n\t<meta property=\"og:image:type\" content=\"image\/jpeg\" \/>\n<meta name=\"twitter:card\" content=\"summary_large_image\" \/>\n<meta name=\"twitter:label1\" content=\"Tiempo de lectura\" \/>\n\t<meta name=\"twitter:data1\" content=\"2 minutos\" \/>\n<script type=\"application\/ld+json\" class=\"yoast-schema-graph\">{\"@context\":\"https:\\\/\\\/schema.org\",\"@graph\":[{\"@type\":\"WebPage\",\"@id\":\"https:\\\/\\\/tzionlibreria.com\\\/index.php\\\/product\\\/biblia-rvr-60-rosada-con-flores-letra-grande-tamano-manual\\\/\",\"url\":\"https:\\\/\\\/tzionlibreria.com\\\/index.php\\\/product\\\/biblia-rvr-60-rosada-con-flores-letra-grande-tamano-manual\\\/\",\"name\":\"Biblia RVR\\\/60 Rosada Con Flores Letra grande Tama\u00f1o Manual - tzionlibreria.com\",\"isPartOf\":{\"@id\":\"https:\\\/\\\/tzionlibreria.com\\\/#website\"},\"primaryImageOfPage\":{\"@id\":\"https:\\\/\\\/tzionlibreria.com\\\/index.php\\\/product\\\/biblia-rvr-60-rosada-con-flores-letra-grande-tamano-manual\\\/#primaryimage\"},\"image\":{\"@id\":\"https:\\\/\\\/tzionlibreria.com\\\/index.php\\\/product\\\/biblia-rvr-60-rosada-con-flores-letra-grande-tamano-manual\\\/#primaryimage\"},\"thumbnailUrl\":\"https:\\\/\\\/tzionlibreria.com\\\/wp-content\\\/uploads\\\/2026\\\/03\\\/43062.jpg\",\"datePublished\":\"2026-03-04T21:09:17+00:00\",\"dateModified\":\"2026-03-04T21:09:22+00:00\",\"breadcrumb\":{\"@id\":\"https:\\\/\\\/tzionlibreria.com\\\/index.php\\\/product\\\/biblia-rvr-60-rosada-con-flores-letra-grande-tamano-manual\\\/#breadcrumb\"},\"inLanguage\":\"es-CO\",\"potentialAction\":[{\"@type\":\"ReadAction\",\"target\":[\"https:\\\/\\\/tzionlibreria.com\\\/index.php\\\/product\\\/biblia-rvr-60-rosada-con-flores-letra-grande-tamano-manual\\\/\"]}]},{\"@type\":\"ImageObject\",\"inLanguage\":\"es-CO\",\"@id\":\"https:\\\/\\\/tzionlibreria.com\\\/index.php\\\/product\\\/biblia-rvr-60-rosada-con-flores-letra-grande-tamano-manual\\\/#primaryimage\",\"url\":\"https:\\\/\\\/tzionlibreria.com\\\/wp-content\\\/uploads\\\/2026\\\/03\\\/43062.jpg\",\"contentUrl\":\"https:\\\/\\\/tzionlibreria.com\\\/wp-content\\\/uploads\\\/2026\\\/03\\\/43062.jpg\",\"width\":1102,\"height\":1500},{\"@type\":\"BreadcrumbList\",\"@id\":\"https:\\\/\\\/tzionlibreria.com\\\/index.php\\\/product\\\/biblia-rvr-60-rosada-con-flores-letra-grande-tamano-manual\\\/#breadcrumb\",\"itemListElement\":[{\"@type\":\"ListItem\",\"position\":1,\"name\":\"Inicio\",\"item\":\"https:\\\/\\\/tzionlibreria.com\\\/\"},{\"@type\":\"ListItem\",\"position\":2,\"name\":\"Shop\",\"item\":\"https:\\\/\\\/tzionlibreria.com\\\/index.php\\\/shop\\\/\"},{\"@type\":\"ListItem\",\"position\":3,\"name\":\"Biblia RVR\\\/60 Rosada Con Flores Letra grande Tama\u00f1o Manual\"}]},{\"@type\":\"WebSite\",\"@id\":\"https:\\\/\\\/tzionlibreria.com\\\/#website\",\"url\":\"https:\\\/\\\/tzionlibreria.com\\\/\",\"name\":\"tzionlibreria.com\",\"description\":\"Libreria Cristiana Venezuela\",\"publisher\":{\"@id\":\"https:\\\/\\\/tzionlibreria.com\\\/#organization\"},\"potentialAction\":[{\"@type\":\"SearchAction\",\"target\":{\"@type\":\"EntryPoint\",\"urlTemplate\":\"https:\\\/\\\/tzionlibreria.com\\\/?s={search_term_string}\"},\"query-input\":{\"@type\":\"PropertyValueSpecification\",\"valueRequired\":true,\"valueName\":\"search_term_string\"}}],\"inLanguage\":\"es-CO\"},{\"@type\":\"Organization\",\"@id\":\"https:\\\/\\\/tzionlibreria.com\\\/#organization\",\"name\":\"tzionlibreria.com\",\"url\":\"https:\\\/\\\/tzionlibreria.com\\\/\",\"logo\":{\"@type\":\"ImageObject\",\"inLanguage\":\"es-CO\",\"@id\":\"https:\\\/\\\/tzionlibreria.com\\\/#\\\/schema\\\/logo\\\/image\\\/\",\"url\":\"https:\\\/\\\/tzionlibreria.com\\\/wp-content\\\/uploads\\\/2023\\\/10\\\/cropped-Cuadricula-scaled-1.jpg\",\"contentUrl\":\"https:\\\/\\\/tzionlibreria.com\\\/wp-content\\\/uploads\\\/2023\\\/10\\\/cropped-Cuadricula-scaled-1.jpg\",\"width\":2560,\"height\":2560,\"caption\":\"tzionlibreria.com\"},\"image\":{\"@id\":\"https:\\\/\\\/tzionlibreria.com\\\/#\\\/schema\\\/logo\\\/image\\\/\"}}]}<\/script>\n<!-- \/ Yoast SEO plugin. -->","yoast_head_json":{"title":"Biblia RVR\/60 Rosada Con Flores Letra grande Tama\u00f1o Manual - tzionlibreria.com","robots":{"index":"index","follow":"follow","max-snippet":"max-snippet:-1","max-image-preview":"max-image-preview:large","max-video-preview":"max-video-preview:-1"},"canonical":"https:\/\/tzionlibreria.com\/index.php\/product\/biblia-rvr-60-rosada-con-flores-letra-grande-tamano-manual\/","og_locale":"es_ES","og_type":"article","og_title":"Biblia RVR\/60 Rosada Con Flores Letra grande Tama\u00f1o Manual - tzionlibreria.com","og_description":"Biblia tama\u00f1o manual, ultrafina y con letra grande. S\u00edmil piel rosada con flores rosadas, cinta marcadora, y estudio conciso de los nombres de Dios Su presentaci\u00f3n en s\u00edmil piel rosada con flores rosadas hace que la Santa Biblia RVR 1960 sea ideal para el uso personal o para regalo. Esta edici\u00f3n de regalo trae un [&hellip;]","og_url":"https:\/\/tzionlibreria.com\/index.php\/product\/biblia-rvr-60-rosada-con-flores-letra-grande-tamano-manual\/","og_site_name":"tzionlibreria.com","article_modified_time":"2026-03-04T21:09:22+00:00","og_image":[{"width":1102,"height":1500,"url":"http:\/\/tzionlibreria.com\/wp-content\/uploads\/2026\/03\/43062.jpg","type":"image\/jpeg"}],"twitter_card":"summary_large_image","twitter_misc":{"Tiempo de lectura":"2 minutos"},"schema":{"@context":"https:\/\/schema.org","@graph":[{"@type":"WebPage","@id":"https:\/\/tzionlibreria.com\/index.php\/product\/biblia-rvr-60-rosada-con-flores-letra-grande-tamano-manual\/","url":"https:\/\/tzionlibreria.com\/index.php\/product\/biblia-rvr-60-rosada-con-flores-letra-grande-tamano-manual\/","name":"Biblia RVR\/60 Rosada Con Flores Letra grande Tama\u00f1o Manual - tzionlibreria.com","isPartOf":{"@id":"https:\/\/tzionlibreria.com\/#website"},"primaryImageOfPage":{"@id":"https:\/\/tzionlibreria.com\/index.php\/product\/biblia-rvr-60-rosada-con-flores-letra-grande-tamano-manual\/#primaryimage"},"image":{"@id":"https:\/\/tzionlibreria.com\/index.php\/product\/biblia-rvr-60-rosada-con-flores-letra-grande-tamano-manual\/#primaryimage"},"thumbnailUrl":"https:\/\/tzionlibreria.com\/wp-content\/uploads\/2026\/03\/43062.jpg","datePublished":"2026-03-04T21:09:17+00:00","dateModified":"2026-03-04T21:09:22+00:00","breadcrumb":{"@id":"https:\/\/tzionlibreria.com\/index.php\/product\/biblia-rvr-60-rosada-con-flores-letra-grande-tamano-manual\/#breadcrumb"},"inLanguage":"es-CO","potentialAction":[{"@type":"ReadAction","target":["https:\/\/tzionlibreria.com\/index.php\/product\/biblia-rvr-60-rosada-con-flores-letra-grande-tamano-manual\/"]}]},{"@type":"ImageObject","inLanguage":"es-CO","@id":"https:\/\/tzionlibreria.com\/index.php\/product\/biblia-rvr-60-rosada-con-flores-letra-grande-tamano-manual\/#primaryimage","url":"https:\/\/tzionlibreria.com\/wp-content\/uploads\/2026\/03\/43062.jpg","contentUrl":"https:\/\/tzionlibreria.com\/wp-content\/uploads\/2026\/03\/43062.jpg","width":1102,"height":1500},{"@type":"BreadcrumbList","@id":"https:\/\/tzionlibreria.com\/index.php\/product\/biblia-rvr-60-rosada-con-flores-letra-grande-tamano-manual\/#breadcrumb","itemListElement":[{"@type":"ListItem","position":1,"name":"Inicio","item":"https:\/\/tzionlibreria.com\/"},{"@type":"ListItem","position":2,"name":"Shop","item":"https:\/\/tzionlibreria.com\/index.php\/shop\/"},{"@type":"ListItem","position":3,"name":"Biblia RVR\/60 Rosada Con Flores Letra grande Tama\u00f1o Manual"}]},{"@type":"WebSite","@id":"https:\/\/tzionlibreria.com\/#website","url":"https:\/\/tzionlibreria.com\/","name":"tzionlibreria.com","description":"Libreria Cristiana Venezuela","publisher":{"@id":"https:\/\/tzionlibreria.com\/#organization"},"potentialAction":[{"@type":"SearchAction","target":{"@type":"EntryPoint","urlTemplate":"https:\/\/tzionlibreria.com\/?s={search_term_string}"},"query-input":{"@type":"PropertyValueSpecification","valueRequired":true,"valueName":"search_term_string"}}],"inLanguage":"es-CO"},{"@type":"Organization","@id":"https:\/\/tzionlibreria.com\/#organization","name":"tzionlibreria.com","url":"https:\/\/tzionlibreria.com\/","logo":{"@type":"ImageObject","inLanguage":"es-CO","@id":"https:\/\/tzionlibreria.com\/#\/schema\/logo\/image\/","url":"https:\/\/tzionlibreria.com\/wp-content\/uploads\/2023\/10\/cropped-Cuadricula-scaled-1.jpg","contentUrl":"https:\/\/tzionlibreria.com\/wp-content\/uploads\/2023\/10\/cropped-Cuadricula-scaled-1.jpg","width":2560,"height":2560,"caption":"tzionlibreria.com"},"image":{"@id":"https:\/\/tzionlibreria.com\/#\/schema\/logo\/image\/"}}]}},"jetpack_sharing_enabled":true,"_links":{"self":[{"href":"https:\/\/tzionlibreria.com\/index.php\/wp-json\/wp\/v2\/product\/7166","targetHints":{"allow":["GET"]}}],"collection":[{"href":"https:\/\/tzionlibreria.com\/index.php\/wp-json\/wp\/v2\/product"}],"about":[{"href":"https:\/\/tzionlibreria.com\/index.php\/wp-json\/wp\/v2\/types\/product"}],"replies":[{"embeddable":true,"href":"https:\/\/tzionlibreria.com\/index.php\/wp-json\/wp\/v2\/comments?post=7166"}],"wp:featuredmedia":[{"embeddable":true,"href":"https:\/\/tzionlibreria.com\/index.php\/wp-json\/wp\/v2\/media\/7167"}],"wp:attachment":[{"href":"https:\/\/tzionlibreria.com\/index.php\/wp-json\/wp\/v2\/media?parent=7166"}],"wp:term":[{"taxonomy":"product_brand","embeddable":true,"href":"https:\/\/tzionlibreria.com\/index.php\/wp-json\/wp\/v2\/product_brand?post=7166"},{"taxonomy":"product_cat","embeddable":true,"href":"https:\/\/tzionlibreria.com\/index.php\/wp-json\/wp\/v2\/product_cat?post=7166"},{"taxonomy":"product_tag","embeddable":true,"href":"https:\/\/tzionlibreria.com\/index.php\/wp-json\/wp\/v2\/product_tag?post=7166"}],"curies":[{"name":"wp","href":"https:\/\/api.w.org\/{rel}","templated":true}]}}