{"id":718,"date":"2023-10-07T12:56:30","date_gmt":"2023-10-07T12:56:30","guid":{"rendered":"https:\/\/tzionlibreria.com\/?post_type=product&#038;p=718"},"modified":"2024-11-22T02:28:53","modified_gmt":"2024-11-22T02:28:53","slug":"comed-de-mi-carne-y-bebed-de-mi-sangre-ana-mendez-ferrell","status":"publish","type":"product","link":"https:\/\/tzionlibreria.com\/index.php\/product\/comed-de-mi-carne-y-bebed-de-mi-sangre-ana-mendez-ferrell\/","title":{"rendered":"Comed De Mi Carne Y Bebed De Mi Sangre &#8211; Ana M\u00e9ndez Ferrell"},"content":{"rendered":"<p>Este libro es una revelaci\u00f3n viva y fresca del sacramento de la Santa Cena. Uno de los temas m\u00e1s malentendidos por la iglesia tradicional y por ende la Iglesia contempor\u00e1nea.<br \/>\nNuestro Se\u00f1or se revela poderosamente a la autora de esta obra, para manifestarle la m\u00e1s poderosa herencia que \u00c9l nos dej\u00f3 a trav\u00e9s de comer de su carne y beber de su sangre.<br \/>\nLo que hoy tenemos como un ritual sin vida, el Se\u00f1or lo torna en una revelaci\u00f3n que revolucionar\u00e1 la vida espiritual de la Iglesia del hoy.<br \/>\nEntender este tema llevar\u00e1 a sus lectores a la m\u00e1s eficaz manifestaci\u00f3n del poder de Dios en sus vidas y les abrir\u00e1 la puerta a las revelaciones m\u00e1s extraordinarias de Dios.<br \/>\nDescubrir\u00e1 en estas p\u00e1ginas dimensiones de la sangre y del cuerpo de Jes\u00fas que jam\u00e1s hab\u00edan pasado por su mente.<\/p>\n<p>Acerca de Ana M\u00e9ndez Ferrell<\/p>\n<p>Ana M\u00e9ndez Ferrell, naci\u00f3 en M\u00e9xico pero actualmente reside en Jacksonville, Florida, junto a su esposo Emerson Ferrell. Ellos tienen tres hijos: Ana, Pedro y Jordan. Jesucristo la salv\u00f3 en 1985 mientras estaba recluida en un hospital psiqui\u00e1trico, despu\u00e9s de involucrarse en el vud\u00fa. El milagroso poder de Dios la liber\u00f3 completamente, transform\u00e1ndola en una de sus generales para encabezar SU ej\u00e9rcito para destruir las obras del enemigo. Ordenada como Profeta y Ap\u00f3stol, el ministerio de la Doctora Ana M\u00e9ndez Ferrell est\u00e1 presente en m\u00e1s de 50 naciones, entrenando al Ej\u00e9rcito de Dios para derribar las fortalezas del mal y entrar en Su gloria. Su ministerio es conocido por el profundo entendimiento de la realidad espiritual, tanto en el reino de Dios como en el reino de la oscuridad. Su revelaci\u00f3n prof\u00e9tica y manifestaci\u00f3n de los cielos en sus conferencias han transformado radicalmente la vida de pueblos y ciudades.<\/p>\n","protected":false},"excerpt":{"rendered":"<p>Este libro es una revelaci\u00f3n viva y fresca del sacramento de la Santa Cena. Uno de los temas m\u00e1s malentendidos por la iglesia tradicional y por ende la Iglesia contempor\u00e1nea. Nuestro Se\u00f1or se revela poderosamente a la autora de esta obra, para manifestarle la m\u00e1s poderosa herencia que \u00c9l nos dej\u00f3 a trav\u00e9s de comer [&hellip;]<\/p>\n","protected":false},"featured_media":719,"comment_status":"open","ping_status":"closed","template":"","meta":{"om_disable_all_campaigns":false,"_monsterinsights_skip_tracking":false,"_monsterinsights_sitenote_active":false,"_monsterinsights_sitenote_note":"","_monsterinsights_sitenote_category":0,"site-sidebar-layout":"default","site-content-layout":"","ast-site-content-layout":"default","site-content-style":"default","site-sidebar-style":"default","ast-global-header-display":"","ast-banner-title-visibility":"","ast-main-header-display":"","ast-hfb-above-header-display":"","ast-hfb-below-header-display":"","ast-hfb-mobile-header-display":"","site-post-title":"","ast-breadcrumbs-content":"","ast-featured-img":"","footer-sml-layout":"","ast-disable-related-posts":"","theme-transparent-header-meta":"default","adv-header-id-meta":"","stick-header-meta":"","header-above-stick-meta":"","header-main-stick-meta":"","header-below-stick-meta":"","astra-migrate-meta-layouts":"set","ast-page-background-enabled":"default","ast-page-background-meta":{"desktop":{"background-color":"var(--ast-global-color-4)","background-image":"","background-repeat":"repeat","background-position":"center center","background-size":"auto","background-attachment":"scroll","background-type":"","background-media":"","overlay-type":"","overlay-color":"","overlay-opacity":"","overlay-gradient":""},"tablet":{"background-color":"","background-image":"","background-repeat":"repeat","background-position":"center center","background-size":"auto","background-attachment":"scroll","background-type":"","background-media":"","overlay-type":"","overlay-color":"","overlay-opacity":"","overlay-gradient":""},"mobile":{"background-color":"","background-image":"","background-repeat":"repeat","background-position":"center center","background-size":"auto","background-attachment":"scroll","background-type":"","background-media":"","overlay-type":"","overlay-color":"","overlay-opacity":"","overlay-gradient":""}},"ast-content-background-meta":{"desktop":{"background-color":"var(--ast-global-color-5)","background-image":"","background-repeat":"repeat","background-position":"center center","background-size":"auto","background-attachment":"scroll","background-type":"","background-media":"","overlay-type":"","overlay-color":"","overlay-opacity":"","overlay-gradient":""},"tablet":{"background-color":"var(--ast-global-color-5)","background-image":"","background-repeat":"repeat","background-position":"center center","background-size":"auto","background-attachment":"scroll","background-type":"","background-media":"","overlay-type":"","overlay-color":"","overlay-opacity":"","overlay-gradient":""},"mobile":{"background-color":"var(--ast-global-color-5)","background-image":"","background-repeat":"repeat","background-position":"center center","background-size":"auto","background-attachment":"scroll","background-type":"","background-media":"","overlay-type":"","overlay-color":"","overlay-opacity":"","overlay-gradient":""}}},"product_brand":[],"product_cat":[168,174,23],"product_tag":[63],"class_list":{"0":"post-718","1":"product","2":"type-product","3":"status-publish","4":"has-post-thumbnail","6":"product_cat-guerra-espiritual","7":"product_cat-iglesia","8":"product_cat-libros","9":"product_tag-ana-mendez-ferrell","10":"desktop-align-left","11":"tablet-align-left","12":"mobile-align-left","14":"first","15":"instock","16":"shipping-taxable","17":"purchasable","18":"product-type-simple"},"yoast_head":"<!-- This site is optimized with the Yoast SEO plugin v27.4 - https:\/\/yoast.com\/product\/yoast-seo-wordpress\/ -->\n<title>Comed De Mi Carne Y Bebed De Mi Sangre - Ana M\u00e9ndez Ferrell - tzionlibreria.com<\/title>\n<meta name=\"robots\" content=\"index, follow, max-snippet:-1, max-image-preview:large, max-video-preview:-1\" \/>\n<link rel=\"canonical\" href=\"https:\/\/tzionlibreria.com\/index.php\/product\/comed-de-mi-carne-y-bebed-de-mi-sangre-ana-mendez-ferrell\/\" \/>\n<meta property=\"og:locale\" content=\"es_ES\" \/>\n<meta property=\"og:type\" content=\"article\" \/>\n<meta property=\"og:title\" content=\"Comed De Mi Carne Y Bebed De Mi Sangre - Ana M\u00e9ndez Ferrell - tzionlibreria.com\" \/>\n<meta property=\"og:description\" content=\"Este libro es una revelaci\u00f3n viva y fresca del sacramento de la Santa Cena. Uno de los temas m\u00e1s malentendidos por la iglesia tradicional y por ende la Iglesia contempor\u00e1nea. Nuestro Se\u00f1or se revela poderosamente a la autora de esta obra, para manifestarle la m\u00e1s poderosa herencia que \u00c9l nos dej\u00f3 a trav\u00e9s de comer [&hellip;]\" \/>\n<meta property=\"og:url\" content=\"https:\/\/tzionlibreria.com\/index.php\/product\/comed-de-mi-carne-y-bebed-de-mi-sangre-ana-mendez-ferrell\/\" \/>\n<meta property=\"og:site_name\" content=\"tzionlibreria.com\" \/>\n<meta property=\"article:modified_time\" content=\"2024-11-22T02:28:53+00:00\" \/>\n<meta property=\"og:image\" content=\"http:\/\/tzionlibreria.com\/wp-content\/uploads\/2023\/10\/D_NQ_NP_2X_949222-MLV51619451826_092022-F.webp\" \/>\n\t<meta property=\"og:image:width\" content=\"1091\" \/>\n\t<meta property=\"og:image:height\" content=\"1005\" \/>\n\t<meta property=\"og:image:type\" content=\"image\/webp\" \/>\n<meta name=\"twitter:card\" content=\"summary_large_image\" \/>\n<meta name=\"twitter:label1\" content=\"Tiempo de lectura\" \/>\n\t<meta name=\"twitter:data1\" content=\"2 minutos\" \/>\n<script type=\"application\/ld+json\" class=\"yoast-schema-graph\">{\"@context\":\"https:\\\/\\\/schema.org\",\"@graph\":[{\"@type\":\"WebPage\",\"@id\":\"https:\\\/\\\/tzionlibreria.com\\\/index.php\\\/product\\\/comed-de-mi-carne-y-bebed-de-mi-sangre-ana-mendez-ferrell\\\/\",\"url\":\"https:\\\/\\\/tzionlibreria.com\\\/index.php\\\/product\\\/comed-de-mi-carne-y-bebed-de-mi-sangre-ana-mendez-ferrell\\\/\",\"name\":\"Comed De Mi Carne Y Bebed De Mi Sangre - Ana M\u00e9ndez Ferrell - tzionlibreria.com\",\"isPartOf\":{\"@id\":\"https:\\\/\\\/tzionlibreria.com\\\/#website\"},\"primaryImageOfPage\":{\"@id\":\"https:\\\/\\\/tzionlibreria.com\\\/index.php\\\/product\\\/comed-de-mi-carne-y-bebed-de-mi-sangre-ana-mendez-ferrell\\\/#primaryimage\"},\"image\":{\"@id\":\"https:\\\/\\\/tzionlibreria.com\\\/index.php\\\/product\\\/comed-de-mi-carne-y-bebed-de-mi-sangre-ana-mendez-ferrell\\\/#primaryimage\"},\"thumbnailUrl\":\"https:\\\/\\\/tzionlibreria.com\\\/wp-content\\\/uploads\\\/2023\\\/10\\\/D_NQ_NP_2X_949222-MLV51619451826_092022-F.webp\",\"datePublished\":\"2023-10-07T12:56:30+00:00\",\"dateModified\":\"2024-11-22T02:28:53+00:00\",\"breadcrumb\":{\"@id\":\"https:\\\/\\\/tzionlibreria.com\\\/index.php\\\/product\\\/comed-de-mi-carne-y-bebed-de-mi-sangre-ana-mendez-ferrell\\\/#breadcrumb\"},\"inLanguage\":\"es-CO\",\"potentialAction\":[{\"@type\":\"ReadAction\",\"target\":[\"https:\\\/\\\/tzionlibreria.com\\\/index.php\\\/product\\\/comed-de-mi-carne-y-bebed-de-mi-sangre-ana-mendez-ferrell\\\/\"]}]},{\"@type\":\"ImageObject\",\"inLanguage\":\"es-CO\",\"@id\":\"https:\\\/\\\/tzionlibreria.com\\\/index.php\\\/product\\\/comed-de-mi-carne-y-bebed-de-mi-sangre-ana-mendez-ferrell\\\/#primaryimage\",\"url\":\"https:\\\/\\\/tzionlibreria.com\\\/wp-content\\\/uploads\\\/2023\\\/10\\\/D_NQ_NP_2X_949222-MLV51619451826_092022-F.webp\",\"contentUrl\":\"https:\\\/\\\/tzionlibreria.com\\\/wp-content\\\/uploads\\\/2023\\\/10\\\/D_NQ_NP_2X_949222-MLV51619451826_092022-F.webp\",\"width\":1091,\"height\":1005},{\"@type\":\"BreadcrumbList\",\"@id\":\"https:\\\/\\\/tzionlibreria.com\\\/index.php\\\/product\\\/comed-de-mi-carne-y-bebed-de-mi-sangre-ana-mendez-ferrell\\\/#breadcrumb\",\"itemListElement\":[{\"@type\":\"ListItem\",\"position\":1,\"name\":\"Inicio\",\"item\":\"https:\\\/\\\/tzionlibreria.com\\\/\"},{\"@type\":\"ListItem\",\"position\":2,\"name\":\"Shop\",\"item\":\"https:\\\/\\\/tzionlibreria.com\\\/index.php\\\/shop\\\/\"},{\"@type\":\"ListItem\",\"position\":3,\"name\":\"Comed De Mi Carne Y Bebed De Mi Sangre &#8211; Ana M\u00e9ndez Ferrell\"}]},{\"@type\":\"WebSite\",\"@id\":\"https:\\\/\\\/tzionlibreria.com\\\/#website\",\"url\":\"https:\\\/\\\/tzionlibreria.com\\\/\",\"name\":\"tzionlibreria.com\",\"description\":\"Libreria Cristiana Venezuela\",\"publisher\":{\"@id\":\"https:\\\/\\\/tzionlibreria.com\\\/#organization\"},\"potentialAction\":[{\"@type\":\"SearchAction\",\"target\":{\"@type\":\"EntryPoint\",\"urlTemplate\":\"https:\\\/\\\/tzionlibreria.com\\\/?s={search_term_string}\"},\"query-input\":{\"@type\":\"PropertyValueSpecification\",\"valueRequired\":true,\"valueName\":\"search_term_string\"}}],\"inLanguage\":\"es-CO\"},{\"@type\":\"Organization\",\"@id\":\"https:\\\/\\\/tzionlibreria.com\\\/#organization\",\"name\":\"tzionlibreria.com\",\"url\":\"https:\\\/\\\/tzionlibreria.com\\\/\",\"logo\":{\"@type\":\"ImageObject\",\"inLanguage\":\"es-CO\",\"@id\":\"https:\\\/\\\/tzionlibreria.com\\\/#\\\/schema\\\/logo\\\/image\\\/\",\"url\":\"https:\\\/\\\/tzionlibreria.com\\\/wp-content\\\/uploads\\\/2023\\\/10\\\/cropped-Cuadricula-scaled-1.jpg\",\"contentUrl\":\"https:\\\/\\\/tzionlibreria.com\\\/wp-content\\\/uploads\\\/2023\\\/10\\\/cropped-Cuadricula-scaled-1.jpg\",\"width\":2560,\"height\":2560,\"caption\":\"tzionlibreria.com\"},\"image\":{\"@id\":\"https:\\\/\\\/tzionlibreria.com\\\/#\\\/schema\\\/logo\\\/image\\\/\"}}]}<\/script>\n<!-- \/ Yoast SEO plugin. -->","yoast_head_json":{"title":"Comed De Mi Carne Y Bebed De Mi Sangre - Ana M\u00e9ndez Ferrell - tzionlibreria.com","robots":{"index":"index","follow":"follow","max-snippet":"max-snippet:-1","max-image-preview":"max-image-preview:large","max-video-preview":"max-video-preview:-1"},"canonical":"https:\/\/tzionlibreria.com\/index.php\/product\/comed-de-mi-carne-y-bebed-de-mi-sangre-ana-mendez-ferrell\/","og_locale":"es_ES","og_type":"article","og_title":"Comed De Mi Carne Y Bebed De Mi Sangre - Ana M\u00e9ndez Ferrell - tzionlibreria.com","og_description":"Este libro es una revelaci\u00f3n viva y fresca del sacramento de la Santa Cena. Uno de los temas m\u00e1s malentendidos por la iglesia tradicional y por ende la Iglesia contempor\u00e1nea. Nuestro Se\u00f1or se revela poderosamente a la autora de esta obra, para manifestarle la m\u00e1s poderosa herencia que \u00c9l nos dej\u00f3 a trav\u00e9s de comer [&hellip;]","og_url":"https:\/\/tzionlibreria.com\/index.php\/product\/comed-de-mi-carne-y-bebed-de-mi-sangre-ana-mendez-ferrell\/","og_site_name":"tzionlibreria.com","article_modified_time":"2024-11-22T02:28:53+00:00","og_image":[{"width":1091,"height":1005,"url":"http:\/\/tzionlibreria.com\/wp-content\/uploads\/2023\/10\/D_NQ_NP_2X_949222-MLV51619451826_092022-F.webp","type":"image\/webp"}],"twitter_card":"summary_large_image","twitter_misc":{"Tiempo de lectura":"2 minutos"},"schema":{"@context":"https:\/\/schema.org","@graph":[{"@type":"WebPage","@id":"https:\/\/tzionlibreria.com\/index.php\/product\/comed-de-mi-carne-y-bebed-de-mi-sangre-ana-mendez-ferrell\/","url":"https:\/\/tzionlibreria.com\/index.php\/product\/comed-de-mi-carne-y-bebed-de-mi-sangre-ana-mendez-ferrell\/","name":"Comed De Mi Carne Y Bebed De Mi Sangre - Ana M\u00e9ndez Ferrell - tzionlibreria.com","isPartOf":{"@id":"https:\/\/tzionlibreria.com\/#website"},"primaryImageOfPage":{"@id":"https:\/\/tzionlibreria.com\/index.php\/product\/comed-de-mi-carne-y-bebed-de-mi-sangre-ana-mendez-ferrell\/#primaryimage"},"image":{"@id":"https:\/\/tzionlibreria.com\/index.php\/product\/comed-de-mi-carne-y-bebed-de-mi-sangre-ana-mendez-ferrell\/#primaryimage"},"thumbnailUrl":"https:\/\/tzionlibreria.com\/wp-content\/uploads\/2023\/10\/D_NQ_NP_2X_949222-MLV51619451826_092022-F.webp","datePublished":"2023-10-07T12:56:30+00:00","dateModified":"2024-11-22T02:28:53+00:00","breadcrumb":{"@id":"https:\/\/tzionlibreria.com\/index.php\/product\/comed-de-mi-carne-y-bebed-de-mi-sangre-ana-mendez-ferrell\/#breadcrumb"},"inLanguage":"es-CO","potentialAction":[{"@type":"ReadAction","target":["https:\/\/tzionlibreria.com\/index.php\/product\/comed-de-mi-carne-y-bebed-de-mi-sangre-ana-mendez-ferrell\/"]}]},{"@type":"ImageObject","inLanguage":"es-CO","@id":"https:\/\/tzionlibreria.com\/index.php\/product\/comed-de-mi-carne-y-bebed-de-mi-sangre-ana-mendez-ferrell\/#primaryimage","url":"https:\/\/tzionlibreria.com\/wp-content\/uploads\/2023\/10\/D_NQ_NP_2X_949222-MLV51619451826_092022-F.webp","contentUrl":"https:\/\/tzionlibreria.com\/wp-content\/uploads\/2023\/10\/D_NQ_NP_2X_949222-MLV51619451826_092022-F.webp","width":1091,"height":1005},{"@type":"BreadcrumbList","@id":"https:\/\/tzionlibreria.com\/index.php\/product\/comed-de-mi-carne-y-bebed-de-mi-sangre-ana-mendez-ferrell\/#breadcrumb","itemListElement":[{"@type":"ListItem","position":1,"name":"Inicio","item":"https:\/\/tzionlibreria.com\/"},{"@type":"ListItem","position":2,"name":"Shop","item":"https:\/\/tzionlibreria.com\/index.php\/shop\/"},{"@type":"ListItem","position":3,"name":"Comed De Mi Carne Y Bebed De Mi Sangre &#8211; Ana M\u00e9ndez Ferrell"}]},{"@type":"WebSite","@id":"https:\/\/tzionlibreria.com\/#website","url":"https:\/\/tzionlibreria.com\/","name":"tzionlibreria.com","description":"Libreria Cristiana Venezuela","publisher":{"@id":"https:\/\/tzionlibreria.com\/#organization"},"potentialAction":[{"@type":"SearchAction","target":{"@type":"EntryPoint","urlTemplate":"https:\/\/tzionlibreria.com\/?s={search_term_string}"},"query-input":{"@type":"PropertyValueSpecification","valueRequired":true,"valueName":"search_term_string"}}],"inLanguage":"es-CO"},{"@type":"Organization","@id":"https:\/\/tzionlibreria.com\/#organization","name":"tzionlibreria.com","url":"https:\/\/tzionlibreria.com\/","logo":{"@type":"ImageObject","inLanguage":"es-CO","@id":"https:\/\/tzionlibreria.com\/#\/schema\/logo\/image\/","url":"https:\/\/tzionlibreria.com\/wp-content\/uploads\/2023\/10\/cropped-Cuadricula-scaled-1.jpg","contentUrl":"https:\/\/tzionlibreria.com\/wp-content\/uploads\/2023\/10\/cropped-Cuadricula-scaled-1.jpg","width":2560,"height":2560,"caption":"tzionlibreria.com"},"image":{"@id":"https:\/\/tzionlibreria.com\/#\/schema\/logo\/image\/"}}]}},"jetpack_sharing_enabled":true,"_links":{"self":[{"href":"https:\/\/tzionlibreria.com\/index.php\/wp-json\/wp\/v2\/product\/718","targetHints":{"allow":["GET"]}}],"collection":[{"href":"https:\/\/tzionlibreria.com\/index.php\/wp-json\/wp\/v2\/product"}],"about":[{"href":"https:\/\/tzionlibreria.com\/index.php\/wp-json\/wp\/v2\/types\/product"}],"replies":[{"embeddable":true,"href":"https:\/\/tzionlibreria.com\/index.php\/wp-json\/wp\/v2\/comments?post=718"}],"wp:featuredmedia":[{"embeddable":true,"href":"https:\/\/tzionlibreria.com\/index.php\/wp-json\/wp\/v2\/media\/719"}],"wp:attachment":[{"href":"https:\/\/tzionlibreria.com\/index.php\/wp-json\/wp\/v2\/media?parent=718"}],"wp:term":[{"taxonomy":"product_brand","embeddable":true,"href":"https:\/\/tzionlibreria.com\/index.php\/wp-json\/wp\/v2\/product_brand?post=718"},{"taxonomy":"product_cat","embeddable":true,"href":"https:\/\/tzionlibreria.com\/index.php\/wp-json\/wp\/v2\/product_cat?post=718"},{"taxonomy":"product_tag","embeddable":true,"href":"https:\/\/tzionlibreria.com\/index.php\/wp-json\/wp\/v2\/product_tag?post=718"}],"curies":[{"name":"wp","href":"https:\/\/api.w.org\/{rel}","templated":true}]}}