{"id":7180,"date":"2026-03-09T18:42:38","date_gmt":"2026-03-09T18:42:38","guid":{"rendered":"https:\/\/tzionlibreria.com\/?post_type=product&#038;p=7180"},"modified":"2026-03-09T19:03:50","modified_gmt":"2026-03-09T19:03:50","slug":"no-temas-se-valiente-capitulo-2-0-se-valiente","status":"publish","type":"product","link":"https:\/\/tzionlibreria.com\/index.php\/product\/no-temas-se-valiente-capitulo-2-0-se-valiente\/","title":{"rendered":"No temas: S\u00e9 valiente Cap\u00edtulo 2.0 \u2013 S\u00e9 valiente"},"content":{"rendered":"<div class=\"elementor-element elementor-element-5034cf3 elementor-widget elementor-widget-wl-product-data-tabs\" data-id=\"5034cf3\" data-element_type=\"widget\" data-e-type=\"widget\" data-widget_type=\"wl-product-data-tabs.default\">\n<div class=\"elementor-widget-container\">\n<div class=\"woocommerce-tabs wc-tabs-wrapper\">\n<ul class=\"tabs wc-tabs\" role=\"tablist\">\n<li id=\"tab-title-description\" class=\"description_tab active\" role=\"presentation\"><a tabindex=\"0\" role=\"tab\" href=\"https:\/\/libreria247.com\/producto\/cartilla-comic-se-valiente-vol-2-serie-no-temas-tla780p\/#tab-description\" aria-controls=\"tab-description\" aria-selected=\"true\"> Descripci\u00f3n <\/a><\/li>\n<\/ul>\n<div id=\"tab-description\" class=\"woocommerce-Tabs-panel woocommerce-Tabs-panel--description panel entry-content wc-tab\" role=\"tabpanel\" aria-labelledby=\"tab-title-description\">\n<h2 data-start=\"89\" data-end=\"138\"><img decoding=\"async\" class=\"emoji\" role=\"img\" draggable=\"false\" src=\"https:\/\/s.w.org\/images\/core\/emoji\/17.0.2\/svg\/1f4d5.svg\" alt=\"\ud83d\udcd5\" \/> <strong data-start=\"95\" data-end=\"136\"><span class=\"hover:entity-accent entity-underline inline cursor-pointer align-baseline\"><span class=\"whitespace-normal\">No temas: S\u00e9 valiente<\/span><\/span><\/strong><\/h2>\n<p data-start=\"139\" data-end=\"169\"><strong data-start=\"139\" data-end=\"169\">Cap\u00edtulo 2.0 \u2013 S\u00e9 valiente<\/strong><\/p>\n<h3 data-start=\"171\" data-end=\"199\"><img decoding=\"async\" class=\"emoji\" role=\"img\" draggable=\"false\" src=\"https:\/\/s.w.org\/images\/core\/emoji\/17.0.2\/svg\/1f6e1.svg\" alt=\"\ud83d\udee1\ufe0f\" \/>\u00a0Cuando el miedo insiste en avanzar, <strong data-start=\"237\" data-end=\"290\">la valent\u00eda nace al recordar que no estamos solos<\/strong>.<\/h3>\n<p>&nbsp;<\/p>\n<p data-start=\"293\" data-end=\"590\">En <strong data-start=\"296\" data-end=\"325\">No temas 2.0: S\u00e9 valiente<\/strong>, la historia de <strong data-start=\"342\" data-end=\"350\">Sama<\/strong> contin\u00faa. En este nuevo cap\u00edtulo, el protagonista debe enfrentar sus temores con mayor determinaci\u00f3n, descubriendo que la verdadera valent\u00eda no significa ausencia de miedo, sino <strong data-start=\"529\" data-end=\"589\">confiar en que Dios est\u00e1 presente en medio de la batalla<\/strong>.<\/p>\n<p data-start=\"592\" data-end=\"935\">A trav\u00e9s de una narrativa visual intensa y un lenguaje cercano, este c\u00f3mic gu\u00eda a ni\u00f1os y j\u00f3venes a comprender que <strong data-start=\"707\" data-end=\"729\">Jes\u00fas y Su Palabra<\/strong> son la defensa m\u00e1s poderosa contra la angustia, el dolor y la inseguridad. Cada p\u00e1gina invita al lector a fortalecerse en la fe y a levantarse con esperanza, aun cuando las circunstancias parezcan oscuras.<\/p>\n<hr data-start=\"937\" data-end=\"940\" \/>\n<h3 data-start=\"942\" data-end=\"968\"><img decoding=\"async\" class=\"emoji\" role=\"img\" draggable=\"false\" src=\"https:\/\/s.w.org\/images\/core\/emoji\/17.0.2\/svg\/2b50.svg\" alt=\"\u2b50\" \/> Beneficios del c\u00f3mic<\/h3>\n<ul data-start=\"970\" data-end=\"1320\">\n<li data-start=\"970\" data-end=\"1034\">\n<p data-start=\"972\" data-end=\"1034\">Refuerza el valor b\u00edblico de la <strong data-start=\"1004\" data-end=\"1032\">valent\u00eda basada en la fe<\/strong><\/p>\n<\/li>\n<li data-start=\"1035\" data-end=\"1112\">\n<p data-start=\"1037\" data-end=\"1112\">Ayuda a ni\u00f1os y j\u00f3venes a <strong data-start=\"1063\" data-end=\"1110\">enfrentar miedos emocionales y espirituales<\/strong><\/p>\n<\/li>\n<li data-start=\"1113\" data-end=\"1175\">\n<p data-start=\"1115\" data-end=\"1175\">Formato c\u00f3mic que conecta con lectores visuales y actuales<\/p>\n<\/li>\n<li data-start=\"1176\" data-end=\"1241\">\n<p data-start=\"1178\" data-end=\"1241\">Ideal para <strong data-start=\"1189\" data-end=\"1239\">discipulado, ense\u00f1anza y conversaci\u00f3n familiar<\/strong><\/p>\n<\/li>\n<li data-start=\"1242\" data-end=\"1320\">\n<p data-start=\"1244\" data-end=\"1320\">Contin\u00faa una historia que motiva a crecer en identidad y confianza en Dios<\/p>\n<\/li>\n<\/ul>\n<hr data-start=\"1322\" data-end=\"1325\" \/>\n<h3 data-start=\"1327\" data-end=\"1352\"><img decoding=\"async\" class=\"emoji\" role=\"img\" draggable=\"false\" src=\"https:\/\/s.w.org\/images\/core\/emoji\/17.0.2\/svg\/1f466.svg\" alt=\"\ud83d\udc66\" \/><img decoding=\"async\" class=\"emoji\" role=\"img\" draggable=\"false\" src=\"https:\/\/s.w.org\/images\/core\/emoji\/17.0.2\/svg\/1f467.svg\" alt=\"\ud83d\udc67\" \/> Edad recomendada<\/h3>\n<p data-start=\"1354\" data-end=\"1481\"><strong data-start=\"1354\" data-end=\"1372\">De 9 a 14 a\u00f1os<\/strong><br data-start=\"1372\" data-end=\"1375\" \/>Recomendado tambi\u00e9n para lectura acompa\u00f1ada con padres, l\u00edderes juveniles y maestros de escuela dominical.<\/p>\n<hr data-start=\"1483\" data-end=\"1486\" \/>\n<h3 data-start=\"1488\" data-end=\"1508\"><\/h3>\n<ul data-start=\"1510\" data-end=\"1633\">\n<li data-start=\"1510\" data-end=\"1537\">\n<p data-start=\"1512\" data-end=\"1537\"><strong data-start=\"1512\" data-end=\"1521\">ISBN:<\/strong> 9789587456998<\/p>\n<\/li>\n<li data-start=\"1538\" data-end=\"1575\">\n<p data-start=\"1540\" data-end=\"1575\"><strong data-start=\"1540\" data-end=\"1562\">N\u00famero de p\u00e1ginas:<\/strong> 20 p\u00e1ginas<\/p>\n<\/li>\n<li data-start=\"1576\" data-end=\"1607\">\n<p data-start=\"1578\" data-end=\"1607\"><strong data-start=\"1578\" data-end=\"1588\">Papel:<\/strong> Propalcote 15 gr<\/p>\n<\/li>\n<li data-start=\"1608\" data-end=\"1633\">\n<p data-start=\"1610\" data-end=\"1633\"><strong data-start=\"1610\" data-end=\"1623\">Cubierta:<\/strong> R\u00fastica<\/p>\n<\/li>\n<\/ul>\n<\/div>\n<\/div>\n<\/div>\n<\/div>\n","protected":false},"excerpt":{"rendered":"<p>Descripci\u00f3n No temas: S\u00e9 valiente Cap\u00edtulo 2.0 \u2013 S\u00e9 valiente \u00a0Cuando el miedo insiste en avanzar, la valent\u00eda nace al recordar que no estamos solos. &nbsp; En No temas 2.0: S\u00e9 valiente, la historia de Sama contin\u00faa. En este nuevo cap\u00edtulo, el protagonista debe enfrentar sus temores con mayor determinaci\u00f3n, descubriendo que la verdadera valent\u00eda [&hellip;]<\/p>\n","protected":false},"featured_media":7181,"comment_status":"open","ping_status":"closed","template":"","meta":{"om_disable_all_campaigns":false,"_monsterinsights_skip_tracking":false,"_monsterinsights_sitenote_active":false,"_monsterinsights_sitenote_note":"","_monsterinsights_sitenote_category":0,"site-sidebar-layout":"default","site-content-layout":"","ast-site-content-layout":"default","site-content-style":"default","site-sidebar-style":"default","ast-global-header-display":"","ast-banner-title-visibility":"","ast-main-header-display":"","ast-hfb-above-header-display":"","ast-hfb-below-header-display":"","ast-hfb-mobile-header-display":"","site-post-title":"","ast-breadcrumbs-content":"","ast-featured-img":"","footer-sml-layout":"","ast-disable-related-posts":"","theme-transparent-header-meta":"default","adv-header-id-meta":"","stick-header-meta":"","header-above-stick-meta":"","header-main-stick-meta":"","header-below-stick-meta":"","astra-migrate-meta-layouts":"set","ast-page-background-enabled":"default","ast-page-background-meta":{"desktop":{"background-color":"var(--ast-global-color-4)","background-image":"","background-repeat":"repeat","background-position":"center center","background-size":"auto","background-attachment":"scroll","background-type":"","background-media":"","overlay-type":"","overlay-color":"","overlay-opacity":"","overlay-gradient":""},"tablet":{"background-color":"","background-image":"","background-repeat":"repeat","background-position":"center center","background-size":"auto","background-attachment":"scroll","background-type":"","background-media":"","overlay-type":"","overlay-color":"","overlay-opacity":"","overlay-gradient":""},"mobile":{"background-color":"","background-image":"","background-repeat":"repeat","background-position":"center center","background-size":"auto","background-attachment":"scroll","background-type":"","background-media":"","overlay-type":"","overlay-color":"","overlay-opacity":"","overlay-gradient":""}},"ast-content-background-meta":{"desktop":{"background-color":"var(--ast-global-color-5)","background-image":"","background-repeat":"repeat","background-position":"center center","background-size":"auto","background-attachment":"scroll","background-type":"","background-media":"","overlay-type":"","overlay-color":"","overlay-opacity":"","overlay-gradient":""},"tablet":{"background-color":"var(--ast-global-color-5)","background-image":"","background-repeat":"repeat","background-position":"center center","background-size":"auto","background-attachment":"scroll","background-type":"","background-media":"","overlay-type":"","overlay-color":"","overlay-opacity":"","overlay-gradient":""},"mobile":{"background-color":"var(--ast-global-color-5)","background-image":"","background-repeat":"repeat","background-position":"center center","background-size":"auto","background-attachment":"scroll","background-type":"","background-media":"","overlay-type":"","overlay-color":"","overlay-opacity":"","overlay-gradient":""}}},"product_brand":[],"product_cat":[25,23,209],"product_tag":[],"class_list":{"0":"post-7180","1":"product","2":"type-product","3":"status-publish","4":"has-post-thumbnail","6":"product_cat-kids","7":"product_cat-libros","8":"product_cat-libros-kids","9":"desktop-align-left","10":"tablet-align-left","11":"mobile-align-left","13":"first","14":"instock","15":"shipping-taxable","16":"purchasable","17":"product-type-simple"},"yoast_head":"<!-- This site is optimized with the Yoast SEO plugin v27.4 - https:\/\/yoast.com\/product\/yoast-seo-wordpress\/ -->\n<title>No temas: S\u00e9 valiente Cap\u00edtulo 2.0 \u2013 S\u00e9 valiente - tzionlibreria.com<\/title>\n<meta name=\"robots\" content=\"index, follow, max-snippet:-1, max-image-preview:large, max-video-preview:-1\" \/>\n<link rel=\"canonical\" href=\"https:\/\/tzionlibreria.com\/index.php\/product\/no-temas-se-valiente-capitulo-2-0-se-valiente\/\" \/>\n<meta property=\"og:locale\" content=\"es_ES\" \/>\n<meta property=\"og:type\" content=\"article\" \/>\n<meta property=\"og:title\" content=\"No temas: S\u00e9 valiente Cap\u00edtulo 2.0 \u2013 S\u00e9 valiente - tzionlibreria.com\" \/>\n<meta property=\"og:description\" content=\"Descripci\u00f3n No temas: S\u00e9 valiente Cap\u00edtulo 2.0 \u2013 S\u00e9 valiente \u00a0Cuando el miedo insiste en avanzar, la valent\u00eda nace al recordar que no estamos solos. &nbsp; En No temas 2.0: S\u00e9 valiente, la historia de Sama contin\u00faa. En este nuevo cap\u00edtulo, el protagonista debe enfrentar sus temores con mayor determinaci\u00f3n, descubriendo que la verdadera valent\u00eda [&hellip;]\" \/>\n<meta property=\"og:url\" content=\"https:\/\/tzionlibreria.com\/index.php\/product\/no-temas-se-valiente-capitulo-2-0-se-valiente\/\" \/>\n<meta property=\"og:site_name\" content=\"tzionlibreria.com\" \/>\n<meta property=\"article:modified_time\" content=\"2026-03-09T19:03:50+00:00\" \/>\n<meta property=\"og:image\" content=\"http:\/\/tzionlibreria.com\/wp-content\/uploads\/2026\/03\/2.png\" \/>\n\t<meta property=\"og:image:width\" content=\"1080\" \/>\n\t<meta property=\"og:image:height\" content=\"1080\" \/>\n\t<meta property=\"og:image:type\" content=\"image\/png\" \/>\n<meta name=\"twitter:card\" content=\"summary_large_image\" \/>\n<meta name=\"twitter:label1\" content=\"Tiempo de lectura\" \/>\n\t<meta name=\"twitter:data1\" content=\"3 minutos\" \/>\n<script type=\"application\/ld+json\" class=\"yoast-schema-graph\">{\"@context\":\"https:\\\/\\\/schema.org\",\"@graph\":[{\"@type\":\"WebPage\",\"@id\":\"https:\\\/\\\/tzionlibreria.com\\\/index.php\\\/product\\\/no-temas-se-valiente-capitulo-2-0-se-valiente\\\/\",\"url\":\"https:\\\/\\\/tzionlibreria.com\\\/index.php\\\/product\\\/no-temas-se-valiente-capitulo-2-0-se-valiente\\\/\",\"name\":\"No temas: S\u00e9 valiente Cap\u00edtulo 2.0 \u2013 S\u00e9 valiente - tzionlibreria.com\",\"isPartOf\":{\"@id\":\"https:\\\/\\\/tzionlibreria.com\\\/#website\"},\"primaryImageOfPage\":{\"@id\":\"https:\\\/\\\/tzionlibreria.com\\\/index.php\\\/product\\\/no-temas-se-valiente-capitulo-2-0-se-valiente\\\/#primaryimage\"},\"image\":{\"@id\":\"https:\\\/\\\/tzionlibreria.com\\\/index.php\\\/product\\\/no-temas-se-valiente-capitulo-2-0-se-valiente\\\/#primaryimage\"},\"thumbnailUrl\":\"https:\\\/\\\/tzionlibreria.com\\\/wp-content\\\/uploads\\\/2026\\\/03\\\/2.png\",\"datePublished\":\"2026-03-09T18:42:38+00:00\",\"dateModified\":\"2026-03-09T19:03:50+00:00\",\"breadcrumb\":{\"@id\":\"https:\\\/\\\/tzionlibreria.com\\\/index.php\\\/product\\\/no-temas-se-valiente-capitulo-2-0-se-valiente\\\/#breadcrumb\"},\"inLanguage\":\"es-CO\",\"potentialAction\":[{\"@type\":\"ReadAction\",\"target\":[\"https:\\\/\\\/tzionlibreria.com\\\/index.php\\\/product\\\/no-temas-se-valiente-capitulo-2-0-se-valiente\\\/\"]}]},{\"@type\":\"ImageObject\",\"inLanguage\":\"es-CO\",\"@id\":\"https:\\\/\\\/tzionlibreria.com\\\/index.php\\\/product\\\/no-temas-se-valiente-capitulo-2-0-se-valiente\\\/#primaryimage\",\"url\":\"https:\\\/\\\/tzionlibreria.com\\\/wp-content\\\/uploads\\\/2026\\\/03\\\/2.png\",\"contentUrl\":\"https:\\\/\\\/tzionlibreria.com\\\/wp-content\\\/uploads\\\/2026\\\/03\\\/2.png\",\"width\":1080,\"height\":1080},{\"@type\":\"BreadcrumbList\",\"@id\":\"https:\\\/\\\/tzionlibreria.com\\\/index.php\\\/product\\\/no-temas-se-valiente-capitulo-2-0-se-valiente\\\/#breadcrumb\",\"itemListElement\":[{\"@type\":\"ListItem\",\"position\":1,\"name\":\"Inicio\",\"item\":\"https:\\\/\\\/tzionlibreria.com\\\/\"},{\"@type\":\"ListItem\",\"position\":2,\"name\":\"Shop\",\"item\":\"https:\\\/\\\/tzionlibreria.com\\\/index.php\\\/shop\\\/\"},{\"@type\":\"ListItem\",\"position\":3,\"name\":\"No temas: S\u00e9 valiente Cap\u00edtulo 2.0 \u2013 S\u00e9 valiente\"}]},{\"@type\":\"WebSite\",\"@id\":\"https:\\\/\\\/tzionlibreria.com\\\/#website\",\"url\":\"https:\\\/\\\/tzionlibreria.com\\\/\",\"name\":\"tzionlibreria.com\",\"description\":\"Libreria Cristiana Venezuela\",\"publisher\":{\"@id\":\"https:\\\/\\\/tzionlibreria.com\\\/#organization\"},\"potentialAction\":[{\"@type\":\"SearchAction\",\"target\":{\"@type\":\"EntryPoint\",\"urlTemplate\":\"https:\\\/\\\/tzionlibreria.com\\\/?s={search_term_string}\"},\"query-input\":{\"@type\":\"PropertyValueSpecification\",\"valueRequired\":true,\"valueName\":\"search_term_string\"}}],\"inLanguage\":\"es-CO\"},{\"@type\":\"Organization\",\"@id\":\"https:\\\/\\\/tzionlibreria.com\\\/#organization\",\"name\":\"tzionlibreria.com\",\"url\":\"https:\\\/\\\/tzionlibreria.com\\\/\",\"logo\":{\"@type\":\"ImageObject\",\"inLanguage\":\"es-CO\",\"@id\":\"https:\\\/\\\/tzionlibreria.com\\\/#\\\/schema\\\/logo\\\/image\\\/\",\"url\":\"https:\\\/\\\/tzionlibreria.com\\\/wp-content\\\/uploads\\\/2023\\\/10\\\/cropped-Cuadricula-scaled-1.jpg\",\"contentUrl\":\"https:\\\/\\\/tzionlibreria.com\\\/wp-content\\\/uploads\\\/2023\\\/10\\\/cropped-Cuadricula-scaled-1.jpg\",\"width\":2560,\"height\":2560,\"caption\":\"tzionlibreria.com\"},\"image\":{\"@id\":\"https:\\\/\\\/tzionlibreria.com\\\/#\\\/schema\\\/logo\\\/image\\\/\"}}]}<\/script>\n<!-- \/ Yoast SEO plugin. -->","yoast_head_json":{"title":"No temas: S\u00e9 valiente Cap\u00edtulo 2.0 \u2013 S\u00e9 valiente - tzionlibreria.com","robots":{"index":"index","follow":"follow","max-snippet":"max-snippet:-1","max-image-preview":"max-image-preview:large","max-video-preview":"max-video-preview:-1"},"canonical":"https:\/\/tzionlibreria.com\/index.php\/product\/no-temas-se-valiente-capitulo-2-0-se-valiente\/","og_locale":"es_ES","og_type":"article","og_title":"No temas: S\u00e9 valiente Cap\u00edtulo 2.0 \u2013 S\u00e9 valiente - tzionlibreria.com","og_description":"Descripci\u00f3n No temas: S\u00e9 valiente Cap\u00edtulo 2.0 \u2013 S\u00e9 valiente \u00a0Cuando el miedo insiste en avanzar, la valent\u00eda nace al recordar que no estamos solos. &nbsp; En No temas 2.0: S\u00e9 valiente, la historia de Sama contin\u00faa. En este nuevo cap\u00edtulo, el protagonista debe enfrentar sus temores con mayor determinaci\u00f3n, descubriendo que la verdadera valent\u00eda [&hellip;]","og_url":"https:\/\/tzionlibreria.com\/index.php\/product\/no-temas-se-valiente-capitulo-2-0-se-valiente\/","og_site_name":"tzionlibreria.com","article_modified_time":"2026-03-09T19:03:50+00:00","og_image":[{"width":1080,"height":1080,"url":"http:\/\/tzionlibreria.com\/wp-content\/uploads\/2026\/03\/2.png","type":"image\/png"}],"twitter_card":"summary_large_image","twitter_misc":{"Tiempo de lectura":"3 minutos"},"schema":{"@context":"https:\/\/schema.org","@graph":[{"@type":"WebPage","@id":"https:\/\/tzionlibreria.com\/index.php\/product\/no-temas-se-valiente-capitulo-2-0-se-valiente\/","url":"https:\/\/tzionlibreria.com\/index.php\/product\/no-temas-se-valiente-capitulo-2-0-se-valiente\/","name":"No temas: S\u00e9 valiente Cap\u00edtulo 2.0 \u2013 S\u00e9 valiente - tzionlibreria.com","isPartOf":{"@id":"https:\/\/tzionlibreria.com\/#website"},"primaryImageOfPage":{"@id":"https:\/\/tzionlibreria.com\/index.php\/product\/no-temas-se-valiente-capitulo-2-0-se-valiente\/#primaryimage"},"image":{"@id":"https:\/\/tzionlibreria.com\/index.php\/product\/no-temas-se-valiente-capitulo-2-0-se-valiente\/#primaryimage"},"thumbnailUrl":"https:\/\/tzionlibreria.com\/wp-content\/uploads\/2026\/03\/2.png","datePublished":"2026-03-09T18:42:38+00:00","dateModified":"2026-03-09T19:03:50+00:00","breadcrumb":{"@id":"https:\/\/tzionlibreria.com\/index.php\/product\/no-temas-se-valiente-capitulo-2-0-se-valiente\/#breadcrumb"},"inLanguage":"es-CO","potentialAction":[{"@type":"ReadAction","target":["https:\/\/tzionlibreria.com\/index.php\/product\/no-temas-se-valiente-capitulo-2-0-se-valiente\/"]}]},{"@type":"ImageObject","inLanguage":"es-CO","@id":"https:\/\/tzionlibreria.com\/index.php\/product\/no-temas-se-valiente-capitulo-2-0-se-valiente\/#primaryimage","url":"https:\/\/tzionlibreria.com\/wp-content\/uploads\/2026\/03\/2.png","contentUrl":"https:\/\/tzionlibreria.com\/wp-content\/uploads\/2026\/03\/2.png","width":1080,"height":1080},{"@type":"BreadcrumbList","@id":"https:\/\/tzionlibreria.com\/index.php\/product\/no-temas-se-valiente-capitulo-2-0-se-valiente\/#breadcrumb","itemListElement":[{"@type":"ListItem","position":1,"name":"Inicio","item":"https:\/\/tzionlibreria.com\/"},{"@type":"ListItem","position":2,"name":"Shop","item":"https:\/\/tzionlibreria.com\/index.php\/shop\/"},{"@type":"ListItem","position":3,"name":"No temas: S\u00e9 valiente Cap\u00edtulo 2.0 \u2013 S\u00e9 valiente"}]},{"@type":"WebSite","@id":"https:\/\/tzionlibreria.com\/#website","url":"https:\/\/tzionlibreria.com\/","name":"tzionlibreria.com","description":"Libreria Cristiana Venezuela","publisher":{"@id":"https:\/\/tzionlibreria.com\/#organization"},"potentialAction":[{"@type":"SearchAction","target":{"@type":"EntryPoint","urlTemplate":"https:\/\/tzionlibreria.com\/?s={search_term_string}"},"query-input":{"@type":"PropertyValueSpecification","valueRequired":true,"valueName":"search_term_string"}}],"inLanguage":"es-CO"},{"@type":"Organization","@id":"https:\/\/tzionlibreria.com\/#organization","name":"tzionlibreria.com","url":"https:\/\/tzionlibreria.com\/","logo":{"@type":"ImageObject","inLanguage":"es-CO","@id":"https:\/\/tzionlibreria.com\/#\/schema\/logo\/image\/","url":"https:\/\/tzionlibreria.com\/wp-content\/uploads\/2023\/10\/cropped-Cuadricula-scaled-1.jpg","contentUrl":"https:\/\/tzionlibreria.com\/wp-content\/uploads\/2023\/10\/cropped-Cuadricula-scaled-1.jpg","width":2560,"height":2560,"caption":"tzionlibreria.com"},"image":{"@id":"https:\/\/tzionlibreria.com\/#\/schema\/logo\/image\/"}}]}},"jetpack_sharing_enabled":true,"_links":{"self":[{"href":"https:\/\/tzionlibreria.com\/index.php\/wp-json\/wp\/v2\/product\/7180","targetHints":{"allow":["GET"]}}],"collection":[{"href":"https:\/\/tzionlibreria.com\/index.php\/wp-json\/wp\/v2\/product"}],"about":[{"href":"https:\/\/tzionlibreria.com\/index.php\/wp-json\/wp\/v2\/types\/product"}],"replies":[{"embeddable":true,"href":"https:\/\/tzionlibreria.com\/index.php\/wp-json\/wp\/v2\/comments?post=7180"}],"wp:featuredmedia":[{"embeddable":true,"href":"https:\/\/tzionlibreria.com\/index.php\/wp-json\/wp\/v2\/media\/7181"}],"wp:attachment":[{"href":"https:\/\/tzionlibreria.com\/index.php\/wp-json\/wp\/v2\/media?parent=7180"}],"wp:term":[{"taxonomy":"product_brand","embeddable":true,"href":"https:\/\/tzionlibreria.com\/index.php\/wp-json\/wp\/v2\/product_brand?post=7180"},{"taxonomy":"product_cat","embeddable":true,"href":"https:\/\/tzionlibreria.com\/index.php\/wp-json\/wp\/v2\/product_cat?post=7180"},{"taxonomy":"product_tag","embeddable":true,"href":"https:\/\/tzionlibreria.com\/index.php\/wp-json\/wp\/v2\/product_tag?post=7180"}],"curies":[{"name":"wp","href":"https:\/\/api.w.org\/{rel}","templated":true}]}}