{"id":7183,"date":"2026-03-09T18:45:18","date_gmt":"2026-03-09T18:45:18","guid":{"rendered":"https:\/\/tzionlibreria.com\/?post_type=product&#038;p=7183"},"modified":"2026-03-09T18:56:22","modified_gmt":"2026-03-09T18:56:22","slug":"no-temas-porque-yo-estoy-contigo","status":"publish","type":"product","link":"https:\/\/tzionlibreria.com\/index.php\/product\/no-temas-porque-yo-estoy-contigo\/","title":{"rendered":"No temas : Porque yo estoy contigo"},"content":{"rendered":"<ul class=\"tabs wc-tabs\" role=\"tablist\">\n<li id=\"tab-title-description\" class=\"description_tab active\" role=\"presentation\"><\/li>\n<\/ul>\n<div id=\"tab-description\" class=\"woocommerce-Tabs-panel woocommerce-Tabs-panel--description panel entry-content wc-tab\" role=\"tabpanel\" aria-labelledby=\"tab-title-description\">\n<h2 data-start=\"199\" data-end=\"248\"><img decoding=\"async\" class=\"emoji\" role=\"img\" draggable=\"false\" src=\"https:\/\/s.w.org\/images\/core\/emoji\/17.0.2\/svg\/1f4d5.svg\" alt=\"\ud83d\udcd5\" \/> <strong data-start=\"205\" data-end=\"246\"><span class=\"hover:entity-accent entity-underline inline cursor-pointer align-baseline\"><span class=\"whitespace-normal\">No temas 1.0: Porque yo estoy contigo<\/span><\/span><\/strong><\/h2>\n<p data-start=\"249\" data-end=\"291\"><strong data-start=\"249\" data-end=\"291\">Cap\u00edtulo 1.0 \u2013 Porque yo estoy contigo<\/strong><\/p>\n<h3 data-start=\"293\" data-end=\"320\"><img decoding=\"async\" class=\"emoji\" role=\"img\" draggable=\"false\" src=\"https:\/\/s.w.org\/images\/core\/emoji\/17.0.2\/svg\/2694.svg\" alt=\"\u2694\ufe0f\" \/>\u00a0 En un mundo donde el miedo parece m\u00e1s fuerte que la esperanza, <strong data-start=\"385\" data-end=\"401\">No temas 1.0<\/strong> presenta un camino claro para ni\u00f1os y j\u00f3venes: <strong data-start=\"449\" data-end=\"471\">Jes\u00fas y Su Palabra<\/strong>, el arma m\u00e1s poderosa contra todo temor.<\/h3>\n<p data-start=\"514\" data-end=\"830\">Este impactante c\u00f3mic narra la historia de <strong data-start=\"557\" data-end=\"565\">Sama<\/strong>, un adolescente que se enfrenta cara a cara con sus miedos m\u00e1s profundos. A trav\u00e9s de batallas visuales llenas de acci\u00f3n, s\u00edmbolos y emoci\u00f3n, la historia revela que la fe no es debilidad, sino <strong data-start=\"759\" data-end=\"829\">una fuerza capaz de vencer el dolor, la inseguridad y la oscuridad<\/strong>.<\/p>\n<p data-start=\"832\" data-end=\"1106\">Dise\u00f1ado para conectar con las nuevas generaciones, este c\u00f3mic es una herramienta ideal para que <strong data-start=\"929\" data-end=\"1000\">j\u00f3venes, padres, l\u00edderes infantiles y maestros de escuela dominical<\/strong> aborden temas como el temor, la identidad y la confianza en Dios de una manera actual, visual y poderosa.<\/p>\n<hr data-start=\"1108\" data-end=\"1111\" \/>\n<h3 data-start=\"1113\" data-end=\"1139\"><img decoding=\"async\" class=\"emoji\" role=\"img\" draggable=\"false\" src=\"https:\/\/s.w.org\/images\/core\/emoji\/17.0.2\/svg\/2b50.svg\" alt=\"\u2b50\" \/> Beneficios del c\u00f3mic<\/h3>\n<ul data-start=\"1141\" data-end=\"1490\">\n<li data-start=\"1141\" data-end=\"1207\">\n<p data-start=\"1143\" data-end=\"1207\">Presenta la fe cristiana en un <strong data-start=\"1174\" data-end=\"1205\">formato atractivo y moderno<\/strong><\/p>\n<\/li>\n<li data-start=\"1208\" data-end=\"1272\">\n<p data-start=\"1210\" data-end=\"1272\">Ayuda a los j\u00f3venes a <strong data-start=\"1232\" data-end=\"1270\">identificar y enfrentar sus miedos<\/strong><\/p>\n<\/li>\n<li data-start=\"1273\" data-end=\"1342\">\n<p data-start=\"1275\" data-end=\"1342\">Refuerza la verdad b\u00edblica: <em data-start=\"1303\" data-end=\"1340\">\u201cNo temas, porque yo estoy contigo\u201d<\/em><\/p>\n<\/li>\n<li data-start=\"1343\" data-end=\"1428\">\n<p data-start=\"1345\" data-end=\"1428\">Ideal como herramienta para <strong data-start=\"1373\" data-end=\"1426\">ense\u00f1anza, discipulado y conversaciones profundas<\/strong><\/p>\n<\/li>\n<li data-start=\"1429\" data-end=\"1490\">\n<p data-start=\"1431\" data-end=\"1490\">Estilo gr\u00e1fico din\u00e1mico que conecta con lectores visuales<\/p>\n<\/li>\n<\/ul>\n<hr data-start=\"1492\" data-end=\"1495\" \/>\n<h3 data-start=\"1497\" data-end=\"1522\"><img decoding=\"async\" class=\"emoji\" role=\"img\" draggable=\"false\" src=\"https:\/\/s.w.org\/images\/core\/emoji\/17.0.2\/svg\/1f466.svg\" alt=\"\ud83d\udc66\" \/><img decoding=\"async\" class=\"emoji\" role=\"img\" draggable=\"false\" src=\"https:\/\/s.w.org\/images\/core\/emoji\/17.0.2\/svg\/1f467.svg\" alt=\"\ud83d\udc67\" \/> Edad recomendada<\/h3>\n<p data-start=\"1524\" data-end=\"1626\"><strong data-start=\"1524\" data-end=\"1542\">De 9 a 14 a\u00f1os<\/strong><br data-start=\"1542\" data-end=\"1545\" \/>Tambi\u00e9n recomendado para lectura guiada con padres, l\u00edderes juveniles y maestros.<\/p>\n<hr data-start=\"1628\" data-end=\"1631\" \/>\n<h3 data-start=\"1633\" data-end=\"1653\"><\/h3>\n<ul data-start=\"1655\" data-end=\"1816\">\n<li data-start=\"1655\" data-end=\"1682\">\n<p data-start=\"1657\" data-end=\"1682\"><strong data-start=\"1657\" data-end=\"1666\">ISBN:<\/strong> 9789587456981<\/p>\n<\/li>\n<li data-start=\"1683\" data-end=\"1720\">\n<p data-start=\"1685\" data-end=\"1720\"><strong data-start=\"1685\" data-end=\"1707\">N\u00famero de p\u00e1ginas:<\/strong> 28 p\u00e1ginas<\/p>\n<\/li>\n<li data-start=\"1721\" data-end=\"1752\">\n<p data-start=\"1723\" data-end=\"1752\"><strong data-start=\"1723\" data-end=\"1733\">Papel:<\/strong> Propalcote 15 gr<\/p>\n<\/li>\n<li data-start=\"1753\" data-end=\"1778\">\n<p data-start=\"1755\" data-end=\"1778\"><strong data-start=\"1755\" data-end=\"1768\">Cubierta:<\/strong> R\u00fastica<\/p>\n<\/li>\n<li data-start=\"1779\" data-end=\"1816\">\n<p data-start=\"1781\" data-end=\"1816\"><strong data-start=\"1781\" data-end=\"1797\">Dimensiones: 17 x 26 x 0.5 cm<\/strong><\/p>\n<\/li>\n<\/ul>\n<\/div>\n","protected":false},"excerpt":{"rendered":"<p>No temas 1.0: Porque yo estoy contigo Cap\u00edtulo 1.0 \u2013 Porque yo estoy contigo \u00a0 En un mundo donde el miedo parece m\u00e1s fuerte que la esperanza, No temas 1.0 presenta un camino claro para ni\u00f1os y j\u00f3venes: Jes\u00fas y Su Palabra, el arma m\u00e1s poderosa contra todo temor. Este impactante c\u00f3mic narra la historia [&hellip;]<\/p>\n","protected":false},"featured_media":7184,"comment_status":"open","ping_status":"closed","template":"","meta":{"om_disable_all_campaigns":false,"_monsterinsights_skip_tracking":false,"_monsterinsights_sitenote_active":false,"_monsterinsights_sitenote_note":"","_monsterinsights_sitenote_category":0,"site-sidebar-layout":"default","site-content-layout":"","ast-site-content-layout":"default","site-content-style":"default","site-sidebar-style":"default","ast-global-header-display":"","ast-banner-title-visibility":"","ast-main-header-display":"","ast-hfb-above-header-display":"","ast-hfb-below-header-display":"","ast-hfb-mobile-header-display":"","site-post-title":"","ast-breadcrumbs-content":"","ast-featured-img":"","footer-sml-layout":"","ast-disable-related-posts":"","theme-transparent-header-meta":"default","adv-header-id-meta":"","stick-header-meta":"","header-above-stick-meta":"","header-main-stick-meta":"","header-below-stick-meta":"","astra-migrate-meta-layouts":"set","ast-page-background-enabled":"default","ast-page-background-meta":{"desktop":{"background-color":"var(--ast-global-color-4)","background-image":"","background-repeat":"repeat","background-position":"center center","background-size":"auto","background-attachment":"scroll","background-type":"","background-media":"","overlay-type":"","overlay-color":"","overlay-opacity":"","overlay-gradient":""},"tablet":{"background-color":"","background-image":"","background-repeat":"repeat","background-position":"center center","background-size":"auto","background-attachment":"scroll","background-type":"","background-media":"","overlay-type":"","overlay-color":"","overlay-opacity":"","overlay-gradient":""},"mobile":{"background-color":"","background-image":"","background-repeat":"repeat","background-position":"center center","background-size":"auto","background-attachment":"scroll","background-type":"","background-media":"","overlay-type":"","overlay-color":"","overlay-opacity":"","overlay-gradient":""}},"ast-content-background-meta":{"desktop":{"background-color":"var(--ast-global-color-5)","background-image":"","background-repeat":"repeat","background-position":"center center","background-size":"auto","background-attachment":"scroll","background-type":"","background-media":"","overlay-type":"","overlay-color":"","overlay-opacity":"","overlay-gradient":""},"tablet":{"background-color":"var(--ast-global-color-5)","background-image":"","background-repeat":"repeat","background-position":"center center","background-size":"auto","background-attachment":"scroll","background-type":"","background-media":"","overlay-type":"","overlay-color":"","overlay-opacity":"","overlay-gradient":""},"mobile":{"background-color":"var(--ast-global-color-5)","background-image":"","background-repeat":"repeat","background-position":"center center","background-size":"auto","background-attachment":"scroll","background-type":"","background-media":"","overlay-type":"","overlay-color":"","overlay-opacity":"","overlay-gradient":""}}},"product_brand":[],"product_cat":[25,23,209],"product_tag":[],"class_list":{"0":"post-7183","1":"product","2":"type-product","3":"status-publish","4":"has-post-thumbnail","6":"product_cat-kids","7":"product_cat-libros","8":"product_cat-libros-kids","9":"desktop-align-left","10":"tablet-align-left","11":"mobile-align-left","13":"first","14":"instock","15":"shipping-taxable","16":"purchasable","17":"product-type-simple"},"yoast_head":"<!-- This site is optimized with the Yoast SEO plugin v27.4 - https:\/\/yoast.com\/product\/yoast-seo-wordpress\/ -->\n<title>No temas : Porque yo estoy contigo - tzionlibreria.com<\/title>\n<meta name=\"robots\" content=\"index, follow, max-snippet:-1, max-image-preview:large, max-video-preview:-1\" \/>\n<link rel=\"canonical\" href=\"https:\/\/tzionlibreria.com\/index.php\/product\/no-temas-porque-yo-estoy-contigo\/\" \/>\n<meta property=\"og:locale\" content=\"es_ES\" \/>\n<meta property=\"og:type\" content=\"article\" \/>\n<meta property=\"og:title\" content=\"No temas : Porque yo estoy contigo - tzionlibreria.com\" \/>\n<meta property=\"og:description\" content=\"No temas 1.0: Porque yo estoy contigo Cap\u00edtulo 1.0 \u2013 Porque yo estoy contigo \u00a0 En un mundo donde el miedo parece m\u00e1s fuerte que la esperanza, No temas 1.0 presenta un camino claro para ni\u00f1os y j\u00f3venes: Jes\u00fas y Su Palabra, el arma m\u00e1s poderosa contra todo temor. Este impactante c\u00f3mic narra la historia [&hellip;]\" \/>\n<meta property=\"og:url\" content=\"https:\/\/tzionlibreria.com\/index.php\/product\/no-temas-porque-yo-estoy-contigo\/\" \/>\n<meta property=\"og:site_name\" content=\"tzionlibreria.com\" \/>\n<meta property=\"article:modified_time\" content=\"2026-03-09T18:56:22+00:00\" \/>\n<meta property=\"og:image\" content=\"http:\/\/tzionlibreria.com\/wp-content\/uploads\/2026\/03\/1.png\" \/>\n\t<meta property=\"og:image:width\" content=\"1080\" \/>\n\t<meta property=\"og:image:height\" content=\"1080\" \/>\n\t<meta property=\"og:image:type\" content=\"image\/png\" \/>\n<meta name=\"twitter:card\" content=\"summary_large_image\" \/>\n<meta name=\"twitter:label1\" content=\"Tiempo de lectura\" \/>\n\t<meta name=\"twitter:data1\" content=\"3 minutos\" \/>\n<script type=\"application\/ld+json\" class=\"yoast-schema-graph\">{\"@context\":\"https:\\\/\\\/schema.org\",\"@graph\":[{\"@type\":\"WebPage\",\"@id\":\"https:\\\/\\\/tzionlibreria.com\\\/index.php\\\/product\\\/no-temas-porque-yo-estoy-contigo\\\/\",\"url\":\"https:\\\/\\\/tzionlibreria.com\\\/index.php\\\/product\\\/no-temas-porque-yo-estoy-contigo\\\/\",\"name\":\"No temas : Porque yo estoy contigo - tzionlibreria.com\",\"isPartOf\":{\"@id\":\"https:\\\/\\\/tzionlibreria.com\\\/#website\"},\"primaryImageOfPage\":{\"@id\":\"https:\\\/\\\/tzionlibreria.com\\\/index.php\\\/product\\\/no-temas-porque-yo-estoy-contigo\\\/#primaryimage\"},\"image\":{\"@id\":\"https:\\\/\\\/tzionlibreria.com\\\/index.php\\\/product\\\/no-temas-porque-yo-estoy-contigo\\\/#primaryimage\"},\"thumbnailUrl\":\"https:\\\/\\\/tzionlibreria.com\\\/wp-content\\\/uploads\\\/2026\\\/03\\\/1.png\",\"datePublished\":\"2026-03-09T18:45:18+00:00\",\"dateModified\":\"2026-03-09T18:56:22+00:00\",\"breadcrumb\":{\"@id\":\"https:\\\/\\\/tzionlibreria.com\\\/index.php\\\/product\\\/no-temas-porque-yo-estoy-contigo\\\/#breadcrumb\"},\"inLanguage\":\"es-CO\",\"potentialAction\":[{\"@type\":\"ReadAction\",\"target\":[\"https:\\\/\\\/tzionlibreria.com\\\/index.php\\\/product\\\/no-temas-porque-yo-estoy-contigo\\\/\"]}]},{\"@type\":\"ImageObject\",\"inLanguage\":\"es-CO\",\"@id\":\"https:\\\/\\\/tzionlibreria.com\\\/index.php\\\/product\\\/no-temas-porque-yo-estoy-contigo\\\/#primaryimage\",\"url\":\"https:\\\/\\\/tzionlibreria.com\\\/wp-content\\\/uploads\\\/2026\\\/03\\\/1.png\",\"contentUrl\":\"https:\\\/\\\/tzionlibreria.com\\\/wp-content\\\/uploads\\\/2026\\\/03\\\/1.png\",\"width\":1080,\"height\":1080},{\"@type\":\"BreadcrumbList\",\"@id\":\"https:\\\/\\\/tzionlibreria.com\\\/index.php\\\/product\\\/no-temas-porque-yo-estoy-contigo\\\/#breadcrumb\",\"itemListElement\":[{\"@type\":\"ListItem\",\"position\":1,\"name\":\"Inicio\",\"item\":\"https:\\\/\\\/tzionlibreria.com\\\/\"},{\"@type\":\"ListItem\",\"position\":2,\"name\":\"Shop\",\"item\":\"https:\\\/\\\/tzionlibreria.com\\\/index.php\\\/shop\\\/\"},{\"@type\":\"ListItem\",\"position\":3,\"name\":\"No temas : Porque yo estoy contigo\"}]},{\"@type\":\"WebSite\",\"@id\":\"https:\\\/\\\/tzionlibreria.com\\\/#website\",\"url\":\"https:\\\/\\\/tzionlibreria.com\\\/\",\"name\":\"tzionlibreria.com\",\"description\":\"Libreria Cristiana Venezuela\",\"publisher\":{\"@id\":\"https:\\\/\\\/tzionlibreria.com\\\/#organization\"},\"potentialAction\":[{\"@type\":\"SearchAction\",\"target\":{\"@type\":\"EntryPoint\",\"urlTemplate\":\"https:\\\/\\\/tzionlibreria.com\\\/?s={search_term_string}\"},\"query-input\":{\"@type\":\"PropertyValueSpecification\",\"valueRequired\":true,\"valueName\":\"search_term_string\"}}],\"inLanguage\":\"es-CO\"},{\"@type\":\"Organization\",\"@id\":\"https:\\\/\\\/tzionlibreria.com\\\/#organization\",\"name\":\"tzionlibreria.com\",\"url\":\"https:\\\/\\\/tzionlibreria.com\\\/\",\"logo\":{\"@type\":\"ImageObject\",\"inLanguage\":\"es-CO\",\"@id\":\"https:\\\/\\\/tzionlibreria.com\\\/#\\\/schema\\\/logo\\\/image\\\/\",\"url\":\"https:\\\/\\\/tzionlibreria.com\\\/wp-content\\\/uploads\\\/2023\\\/10\\\/cropped-Cuadricula-scaled-1.jpg\",\"contentUrl\":\"https:\\\/\\\/tzionlibreria.com\\\/wp-content\\\/uploads\\\/2023\\\/10\\\/cropped-Cuadricula-scaled-1.jpg\",\"width\":2560,\"height\":2560,\"caption\":\"tzionlibreria.com\"},\"image\":{\"@id\":\"https:\\\/\\\/tzionlibreria.com\\\/#\\\/schema\\\/logo\\\/image\\\/\"}}]}<\/script>\n<!-- \/ Yoast SEO plugin. -->","yoast_head_json":{"title":"No temas : Porque yo estoy contigo - tzionlibreria.com","robots":{"index":"index","follow":"follow","max-snippet":"max-snippet:-1","max-image-preview":"max-image-preview:large","max-video-preview":"max-video-preview:-1"},"canonical":"https:\/\/tzionlibreria.com\/index.php\/product\/no-temas-porque-yo-estoy-contigo\/","og_locale":"es_ES","og_type":"article","og_title":"No temas : Porque yo estoy contigo - tzionlibreria.com","og_description":"No temas 1.0: Porque yo estoy contigo Cap\u00edtulo 1.0 \u2013 Porque yo estoy contigo \u00a0 En un mundo donde el miedo parece m\u00e1s fuerte que la esperanza, No temas 1.0 presenta un camino claro para ni\u00f1os y j\u00f3venes: Jes\u00fas y Su Palabra, el arma m\u00e1s poderosa contra todo temor. Este impactante c\u00f3mic narra la historia [&hellip;]","og_url":"https:\/\/tzionlibreria.com\/index.php\/product\/no-temas-porque-yo-estoy-contigo\/","og_site_name":"tzionlibreria.com","article_modified_time":"2026-03-09T18:56:22+00:00","og_image":[{"width":1080,"height":1080,"url":"http:\/\/tzionlibreria.com\/wp-content\/uploads\/2026\/03\/1.png","type":"image\/png"}],"twitter_card":"summary_large_image","twitter_misc":{"Tiempo de lectura":"3 minutos"},"schema":{"@context":"https:\/\/schema.org","@graph":[{"@type":"WebPage","@id":"https:\/\/tzionlibreria.com\/index.php\/product\/no-temas-porque-yo-estoy-contigo\/","url":"https:\/\/tzionlibreria.com\/index.php\/product\/no-temas-porque-yo-estoy-contigo\/","name":"No temas : Porque yo estoy contigo - tzionlibreria.com","isPartOf":{"@id":"https:\/\/tzionlibreria.com\/#website"},"primaryImageOfPage":{"@id":"https:\/\/tzionlibreria.com\/index.php\/product\/no-temas-porque-yo-estoy-contigo\/#primaryimage"},"image":{"@id":"https:\/\/tzionlibreria.com\/index.php\/product\/no-temas-porque-yo-estoy-contigo\/#primaryimage"},"thumbnailUrl":"https:\/\/tzionlibreria.com\/wp-content\/uploads\/2026\/03\/1.png","datePublished":"2026-03-09T18:45:18+00:00","dateModified":"2026-03-09T18:56:22+00:00","breadcrumb":{"@id":"https:\/\/tzionlibreria.com\/index.php\/product\/no-temas-porque-yo-estoy-contigo\/#breadcrumb"},"inLanguage":"es-CO","potentialAction":[{"@type":"ReadAction","target":["https:\/\/tzionlibreria.com\/index.php\/product\/no-temas-porque-yo-estoy-contigo\/"]}]},{"@type":"ImageObject","inLanguage":"es-CO","@id":"https:\/\/tzionlibreria.com\/index.php\/product\/no-temas-porque-yo-estoy-contigo\/#primaryimage","url":"https:\/\/tzionlibreria.com\/wp-content\/uploads\/2026\/03\/1.png","contentUrl":"https:\/\/tzionlibreria.com\/wp-content\/uploads\/2026\/03\/1.png","width":1080,"height":1080},{"@type":"BreadcrumbList","@id":"https:\/\/tzionlibreria.com\/index.php\/product\/no-temas-porque-yo-estoy-contigo\/#breadcrumb","itemListElement":[{"@type":"ListItem","position":1,"name":"Inicio","item":"https:\/\/tzionlibreria.com\/"},{"@type":"ListItem","position":2,"name":"Shop","item":"https:\/\/tzionlibreria.com\/index.php\/shop\/"},{"@type":"ListItem","position":3,"name":"No temas : Porque yo estoy contigo"}]},{"@type":"WebSite","@id":"https:\/\/tzionlibreria.com\/#website","url":"https:\/\/tzionlibreria.com\/","name":"tzionlibreria.com","description":"Libreria Cristiana Venezuela","publisher":{"@id":"https:\/\/tzionlibreria.com\/#organization"},"potentialAction":[{"@type":"SearchAction","target":{"@type":"EntryPoint","urlTemplate":"https:\/\/tzionlibreria.com\/?s={search_term_string}"},"query-input":{"@type":"PropertyValueSpecification","valueRequired":true,"valueName":"search_term_string"}}],"inLanguage":"es-CO"},{"@type":"Organization","@id":"https:\/\/tzionlibreria.com\/#organization","name":"tzionlibreria.com","url":"https:\/\/tzionlibreria.com\/","logo":{"@type":"ImageObject","inLanguage":"es-CO","@id":"https:\/\/tzionlibreria.com\/#\/schema\/logo\/image\/","url":"https:\/\/tzionlibreria.com\/wp-content\/uploads\/2023\/10\/cropped-Cuadricula-scaled-1.jpg","contentUrl":"https:\/\/tzionlibreria.com\/wp-content\/uploads\/2023\/10\/cropped-Cuadricula-scaled-1.jpg","width":2560,"height":2560,"caption":"tzionlibreria.com"},"image":{"@id":"https:\/\/tzionlibreria.com\/#\/schema\/logo\/image\/"}}]}},"jetpack_sharing_enabled":true,"_links":{"self":[{"href":"https:\/\/tzionlibreria.com\/index.php\/wp-json\/wp\/v2\/product\/7183","targetHints":{"allow":["GET"]}}],"collection":[{"href":"https:\/\/tzionlibreria.com\/index.php\/wp-json\/wp\/v2\/product"}],"about":[{"href":"https:\/\/tzionlibreria.com\/index.php\/wp-json\/wp\/v2\/types\/product"}],"replies":[{"embeddable":true,"href":"https:\/\/tzionlibreria.com\/index.php\/wp-json\/wp\/v2\/comments?post=7183"}],"wp:featuredmedia":[{"embeddable":true,"href":"https:\/\/tzionlibreria.com\/index.php\/wp-json\/wp\/v2\/media\/7184"}],"wp:attachment":[{"href":"https:\/\/tzionlibreria.com\/index.php\/wp-json\/wp\/v2\/media?parent=7183"}],"wp:term":[{"taxonomy":"product_brand","embeddable":true,"href":"https:\/\/tzionlibreria.com\/index.php\/wp-json\/wp\/v2\/product_brand?post=7183"},{"taxonomy":"product_cat","embeddable":true,"href":"https:\/\/tzionlibreria.com\/index.php\/wp-json\/wp\/v2\/product_cat?post=7183"},{"taxonomy":"product_tag","embeddable":true,"href":"https:\/\/tzionlibreria.com\/index.php\/wp-json\/wp\/v2\/product_tag?post=7183"}],"curies":[{"name":"wp","href":"https:\/\/api.w.org\/{rel}","templated":true}]}}