{"id":7196,"date":"2026-03-09T19:18:47","date_gmt":"2026-03-09T19:18:47","guid":{"rendered":"https:\/\/tzionlibreria.com\/?post_type=product&#038;p=7196"},"modified":"2026-03-09T19:18:47","modified_gmt":"2026-03-09T19:18:47","slug":"la-biblia-para-ti-3-pegar-y-colorear","status":"publish","type":"product","link":"https:\/\/tzionlibreria.com\/index.php\/product\/la-biblia-para-ti-3-pegar-y-colorear\/","title":{"rendered":"La Biblia para ti \u2013 #3 : Pegar y Colorear"},"content":{"rendered":"<ul class=\"tabs wc-tabs\" role=\"tablist\">\n<li id=\"tab-title-description\" class=\"description_tab active\" role=\"presentation\"><a tabindex=\"0\" role=\"tab\" href=\"https:\/\/libreria247.com\/producto\/la-biblia-para-ti-3-cartilla\/#tab-description\" aria-controls=\"tab-description\" aria-selected=\"true\"> Descripci\u00f3n <\/a><\/li>\n<li id=\"tab-title-reviews\" class=\"reviews_tab\" role=\"presentation\"><a tabindex=\"-1\" role=\"tab\" href=\"https:\/\/libreria247.com\/producto\/la-biblia-para-ti-3-cartilla\/#tab-reviews\" aria-controls=\"tab-reviews\" aria-selected=\"false\"> Valoraciones (0) <\/a><\/li>\n<\/ul>\n<div id=\"tab-description\" class=\"woocommerce-Tabs-panel woocommerce-Tabs-panel--description panel entry-content wc-tab\" role=\"tabpanel\" aria-labelledby=\"tab-title-description\">\n<h5 data-start=\"172\" data-end=\"232\"><img decoding=\"async\" class=\"emoji\" role=\"img\" draggable=\"false\" src=\"https:\/\/s.w.org\/images\/core\/emoji\/17.0.2\/svg\/1f4d8.svg\" alt=\"\ud83d\udcd8\" \/><img decoding=\"async\" class=\"emoji\" role=\"img\" draggable=\"false\" src=\"https:\/\/s.w.org\/images\/core\/emoji\/17.0.2\/svg\/1f3a8.svg\" alt=\"\ud83c\udfa8\" \/> <strong data-start=\"179\" data-end=\"230\">La Biblia para ti \u2013 Volumen 3: Pegar y Colorear<\/strong><\/h5>\n<p>&nbsp;<\/p>\n<p data-start=\"233\" data-end=\"298\"><strong data-start=\"233\" data-end=\"298\">Un libro creativo para aprender la Biblia mientras se colorea<\/strong><\/p>\n<p data-start=\"300\" data-end=\"721\">Este hermoso libro infantil permite que los ni\u00f1os conozcan historias b\u00edblicas de forma divertida, interactiva y creativa. Cada volumen incluye <strong data-start=\"443\" data-end=\"469\">24 calcoman\u00edas a color<\/strong> que sirven como gu\u00eda para que los peque\u00f1os puedan <strong data-start=\"520\" data-end=\"550\">colorear las ilustraciones<\/strong> con confianza y precisi\u00f3n. Una vez completado el coloreado, los ni\u00f1os pueden repasar sus dibujos cuantas veces quieran, reforzando aprendizaje, memoria y motricidad fina.<\/p>\n<p data-start=\"723\" data-end=\"901\">Con personajes tiernos y escenas b\u00edblicas claras, este libro se convierte en un recurso ideal para el hogar, la escuela dominical, preescolar o actividades educativas cristianas.<\/p>\n<hr data-start=\"903\" data-end=\"906\" \/>\n<h2 data-start=\"908\" data-end=\"938\"><img decoding=\"async\" class=\"emoji\" role=\"img\" draggable=\"false\" src=\"https:\/\/s.w.org\/images\/core\/emoji\/17.0.2\/svg\/1f31f.svg\" alt=\"\ud83c\udf1f\" \/> <strong data-start=\"914\" data-end=\"938\">Beneficios del libro<\/strong><\/h2>\n<p data-start=\"940\" data-end=\"1269\"><img decoding=\"async\" class=\"emoji\" role=\"img\" draggable=\"false\" src=\"https:\/\/s.w.org\/images\/core\/emoji\/17.0.2\/svg\/2714.svg\" alt=\"\u2714\" \/> <strong data-start=\"942\" data-end=\"987\">Estimula la creatividad y motricidad fina<\/strong><br data-start=\"987\" data-end=\"990\" \/><img decoding=\"async\" class=\"emoji\" role=\"img\" draggable=\"false\" src=\"https:\/\/s.w.org\/images\/core\/emoji\/17.0.2\/svg\/2714.svg\" alt=\"\u2714\" \/> <strong data-start=\"992\" data-end=\"1037\">Introduce historias y personajes b\u00edblicos<\/strong> de manera sencilla<br data-start=\"1056\" data-end=\"1059\" \/><img decoding=\"async\" class=\"emoji\" role=\"img\" draggable=\"false\" src=\"https:\/\/s.w.org\/images\/core\/emoji\/17.0.2\/svg\/2714.svg\" alt=\"\u2714\" \/> <strong data-start=\"1061\" data-end=\"1095\">Incluye 24 calcoman\u00edas a color<\/strong> para guiar el coloreado<br data-start=\"1119\" data-end=\"1122\" \/><img decoding=\"async\" class=\"emoji\" role=\"img\" draggable=\"false\" src=\"https:\/\/s.w.org\/images\/core\/emoji\/17.0.2\/svg\/2714.svg\" alt=\"\u2714\" \/> <strong data-start=\"1124\" data-end=\"1159\">Fomenta el aprendizaje aut\u00f3nomo<\/strong><br data-start=\"1159\" data-end=\"1162\" \/><img decoding=\"async\" class=\"emoji\" role=\"img\" draggable=\"false\" src=\"https:\/\/s.w.org\/images\/core\/emoji\/17.0.2\/svg\/2714.svg\" alt=\"\u2714\" \/> <strong data-start=\"1164\" data-end=\"1207\">Perfecto para ni\u00f1os en edades tempranas<\/strong><br data-start=\"1207\" data-end=\"1210\" \/><img decoding=\"async\" class=\"emoji\" role=\"img\" draggable=\"false\" src=\"https:\/\/s.w.org\/images\/core\/emoji\/17.0.2\/svg\/2714.svg\" alt=\"\u2714\" \/> <strong data-start=\"1212\" data-end=\"1269\">Ideal como recurso educativo para iglesias y colegios<\/strong><\/p>\n<hr data-start=\"1271\" data-end=\"1274\" \/>\n<h2 data-start=\"1276\" data-end=\"1307\"><img decoding=\"async\" class=\"emoji\" role=\"img\" draggable=\"false\" src=\"https:\/\/s.w.org\/images\/core\/emoji\/17.0.2\/svg\/1f4e6.svg\" alt=\"\ud83d\udce6\" \/> <strong data-start=\"1282\" data-end=\"1307\">Detalles del producto<\/strong><\/h2>\n<ul data-start=\"1309\" data-end=\"1509\">\n<li data-start=\"1309\" data-end=\"1336\">\n<p data-start=\"1311\" data-end=\"1336\"><strong data-start=\"1311\" data-end=\"1320\">ISBN:<\/strong> 9781932507928<\/p>\n<\/li>\n<li data-start=\"1337\" data-end=\"1356\">\n<p data-start=\"1339\" data-end=\"1356\"><strong data-start=\"1339\" data-end=\"1351\">P\u00e1ginas:<\/strong> 24<\/p>\n<\/li>\n<li data-start=\"1357\" data-end=\"1382\">\n<p data-start=\"1359\" data-end=\"1382\"><strong data-start=\"1359\" data-end=\"1369\">Papel:<\/strong> Propalcote<\/p>\n<\/li>\n<li data-start=\"1383\" data-end=\"1407\">\n<p data-start=\"1385\" data-end=\"1407\"><strong data-start=\"1385\" data-end=\"1395\">Letra:<\/strong> 10 puntos<\/p>\n<\/li>\n<li data-start=\"1408\" data-end=\"1435\">\n<p data-start=\"1410\" data-end=\"1435\"><strong data-start=\"1410\" data-end=\"1423\">Cubierta:<\/strong> Tapa dura<\/p>\n<\/li>\n<li data-start=\"1436\" data-end=\"1469\">\n<p data-start=\"1438\" data-end=\"1469\"><strong data-start=\"1438\" data-end=\"1454\">Dimensiones:<\/strong> 19 x 15.5 cm<\/p>\n<\/li>\n<li data-start=\"1470\" data-end=\"1509\">\n<p data-start=\"1472\" data-end=\"1509\"><strong data-start=\"1472\" data-end=\"1484\">Incluye:<\/strong> 24 calcoman\u00edas a color<\/p>\n<\/li>\n<\/ul>\n<\/div>\n","protected":false},"excerpt":{"rendered":"<p>Descripci\u00f3n Valoraciones (0) La Biblia para ti \u2013 Volumen 3: Pegar y Colorear &nbsp; Un libro creativo para aprender la Biblia mientras se colorea Este hermoso libro infantil permite que los ni\u00f1os conozcan historias b\u00edblicas de forma divertida, interactiva y creativa. Cada volumen incluye 24 calcoman\u00edas a color que sirven como gu\u00eda para que los [&hellip;]<\/p>\n","protected":false},"featured_media":7197,"comment_status":"open","ping_status":"closed","template":"","meta":{"om_disable_all_campaigns":false,"_monsterinsights_skip_tracking":false,"_monsterinsights_sitenote_active":false,"_monsterinsights_sitenote_note":"","_monsterinsights_sitenote_category":0,"site-sidebar-layout":"default","site-content-layout":"","ast-site-content-layout":"default","site-content-style":"default","site-sidebar-style":"default","ast-global-header-display":"","ast-banner-title-visibility":"","ast-main-header-display":"","ast-hfb-above-header-display":"","ast-hfb-below-header-display":"","ast-hfb-mobile-header-display":"","site-post-title":"","ast-breadcrumbs-content":"","ast-featured-img":"","footer-sml-layout":"","ast-disable-related-posts":"","theme-transparent-header-meta":"default","adv-header-id-meta":"","stick-header-meta":"","header-above-stick-meta":"","header-main-stick-meta":"","header-below-stick-meta":"","astra-migrate-meta-layouts":"set","ast-page-background-enabled":"default","ast-page-background-meta":{"desktop":{"background-color":"var(--ast-global-color-4)","background-image":"","background-repeat":"repeat","background-position":"center center","background-size":"auto","background-attachment":"scroll","background-type":"","background-media":"","overlay-type":"","overlay-color":"","overlay-opacity":"","overlay-gradient":""},"tablet":{"background-color":"","background-image":"","background-repeat":"repeat","background-position":"center center","background-size":"auto","background-attachment":"scroll","background-type":"","background-media":"","overlay-type":"","overlay-color":"","overlay-opacity":"","overlay-gradient":""},"mobile":{"background-color":"","background-image":"","background-repeat":"repeat","background-position":"center center","background-size":"auto","background-attachment":"scroll","background-type":"","background-media":"","overlay-type":"","overlay-color":"","overlay-opacity":"","overlay-gradient":""}},"ast-content-background-meta":{"desktop":{"background-color":"var(--ast-global-color-5)","background-image":"","background-repeat":"repeat","background-position":"center center","background-size":"auto","background-attachment":"scroll","background-type":"","background-media":"","overlay-type":"","overlay-color":"","overlay-opacity":"","overlay-gradient":""},"tablet":{"background-color":"var(--ast-global-color-5)","background-image":"","background-repeat":"repeat","background-position":"center center","background-size":"auto","background-attachment":"scroll","background-type":"","background-media":"","overlay-type":"","overlay-color":"","overlay-opacity":"","overlay-gradient":""},"mobile":{"background-color":"var(--ast-global-color-5)","background-image":"","background-repeat":"repeat","background-position":"center center","background-size":"auto","background-attachment":"scroll","background-type":"","background-media":"","overlay-type":"","overlay-color":"","overlay-opacity":"","overlay-gradient":""}}},"product_brand":[],"product_cat":[313,25,209],"product_tag":[],"class_list":{"0":"post-7196","1":"product","2":"type-product","3":"status-publish","4":"has-post-thumbnail","6":"product_cat-colorear","7":"product_cat-kids","8":"product_cat-libros-kids","9":"desktop-align-left","10":"tablet-align-left","11":"mobile-align-left","13":"first","14":"instock","15":"shipping-taxable","16":"purchasable","17":"product-type-simple"},"yoast_head":"<!-- This site is optimized with the Yoast SEO plugin v27.4 - https:\/\/yoast.com\/product\/yoast-seo-wordpress\/ -->\n<title>La Biblia para ti \u2013 #3 : Pegar y Colorear - tzionlibreria.com<\/title>\n<meta name=\"robots\" content=\"index, follow, max-snippet:-1, max-image-preview:large, max-video-preview:-1\" \/>\n<link rel=\"canonical\" href=\"https:\/\/tzionlibreria.com\/index.php\/product\/la-biblia-para-ti-3-pegar-y-colorear\/\" \/>\n<meta property=\"og:locale\" content=\"es_ES\" \/>\n<meta property=\"og:type\" content=\"article\" \/>\n<meta property=\"og:title\" content=\"La Biblia para ti \u2013 #3 : Pegar y Colorear - tzionlibreria.com\" \/>\n<meta property=\"og:description\" content=\"Descripci\u00f3n Valoraciones (0) La Biblia para ti \u2013 Volumen 3: Pegar y Colorear &nbsp; Un libro creativo para aprender la Biblia mientras se colorea Este hermoso libro infantil permite que los ni\u00f1os conozcan historias b\u00edblicas de forma divertida, interactiva y creativa. Cada volumen incluye 24 calcoman\u00edas a color que sirven como gu\u00eda para que los [&hellip;]\" \/>\n<meta property=\"og:url\" content=\"https:\/\/tzionlibreria.com\/index.php\/product\/la-biblia-para-ti-3-pegar-y-colorear\/\" \/>\n<meta property=\"og:site_name\" content=\"tzionlibreria.com\" \/>\n<meta property=\"og:image\" content=\"http:\/\/tzionlibreria.com\/wp-content\/uploads\/2026\/03\/9781932507942_FRENTE_d5a531b3-bde2-464a-ab41-4749dc770217.webp\" \/>\n\t<meta property=\"og:image:width\" content=\"1445\" \/>\n\t<meta property=\"og:image:height\" content=\"1445\" \/>\n\t<meta property=\"og:image:type\" content=\"image\/webp\" \/>\n<meta name=\"twitter:card\" content=\"summary_large_image\" \/>\n<meta name=\"twitter:label1\" content=\"Tiempo de lectura\" \/>\n\t<meta name=\"twitter:data1\" content=\"4 minutos\" \/>\n<script type=\"application\/ld+json\" class=\"yoast-schema-graph\">{\"@context\":\"https:\\\/\\\/schema.org\",\"@graph\":[{\"@type\":\"WebPage\",\"@id\":\"https:\\\/\\\/tzionlibreria.com\\\/index.php\\\/product\\\/la-biblia-para-ti-3-pegar-y-colorear\\\/\",\"url\":\"https:\\\/\\\/tzionlibreria.com\\\/index.php\\\/product\\\/la-biblia-para-ti-3-pegar-y-colorear\\\/\",\"name\":\"La Biblia para ti \u2013 #3 : Pegar y Colorear - tzionlibreria.com\",\"isPartOf\":{\"@id\":\"https:\\\/\\\/tzionlibreria.com\\\/#website\"},\"primaryImageOfPage\":{\"@id\":\"https:\\\/\\\/tzionlibreria.com\\\/index.php\\\/product\\\/la-biblia-para-ti-3-pegar-y-colorear\\\/#primaryimage\"},\"image\":{\"@id\":\"https:\\\/\\\/tzionlibreria.com\\\/index.php\\\/product\\\/la-biblia-para-ti-3-pegar-y-colorear\\\/#primaryimage\"},\"thumbnailUrl\":\"https:\\\/\\\/tzionlibreria.com\\\/wp-content\\\/uploads\\\/2026\\\/03\\\/9781932507942_FRENTE_d5a531b3-bde2-464a-ab41-4749dc770217.webp\",\"datePublished\":\"2026-03-09T19:18:47+00:00\",\"breadcrumb\":{\"@id\":\"https:\\\/\\\/tzionlibreria.com\\\/index.php\\\/product\\\/la-biblia-para-ti-3-pegar-y-colorear\\\/#breadcrumb\"},\"inLanguage\":\"es-CO\",\"potentialAction\":[{\"@type\":\"ReadAction\",\"target\":[\"https:\\\/\\\/tzionlibreria.com\\\/index.php\\\/product\\\/la-biblia-para-ti-3-pegar-y-colorear\\\/\"]}]},{\"@type\":\"ImageObject\",\"inLanguage\":\"es-CO\",\"@id\":\"https:\\\/\\\/tzionlibreria.com\\\/index.php\\\/product\\\/la-biblia-para-ti-3-pegar-y-colorear\\\/#primaryimage\",\"url\":\"https:\\\/\\\/tzionlibreria.com\\\/wp-content\\\/uploads\\\/2026\\\/03\\\/9781932507942_FRENTE_d5a531b3-bde2-464a-ab41-4749dc770217.webp\",\"contentUrl\":\"https:\\\/\\\/tzionlibreria.com\\\/wp-content\\\/uploads\\\/2026\\\/03\\\/9781932507942_FRENTE_d5a531b3-bde2-464a-ab41-4749dc770217.webp\",\"width\":1445,\"height\":1445},{\"@type\":\"BreadcrumbList\",\"@id\":\"https:\\\/\\\/tzionlibreria.com\\\/index.php\\\/product\\\/la-biblia-para-ti-3-pegar-y-colorear\\\/#breadcrumb\",\"itemListElement\":[{\"@type\":\"ListItem\",\"position\":1,\"name\":\"Inicio\",\"item\":\"https:\\\/\\\/tzionlibreria.com\\\/\"},{\"@type\":\"ListItem\",\"position\":2,\"name\":\"Shop\",\"item\":\"https:\\\/\\\/tzionlibreria.com\\\/index.php\\\/shop\\\/\"},{\"@type\":\"ListItem\",\"position\":3,\"name\":\"La Biblia para ti \u2013 #3 : Pegar y Colorear\"}]},{\"@type\":\"WebSite\",\"@id\":\"https:\\\/\\\/tzionlibreria.com\\\/#website\",\"url\":\"https:\\\/\\\/tzionlibreria.com\\\/\",\"name\":\"tzionlibreria.com\",\"description\":\"Libreria Cristiana Venezuela\",\"publisher\":{\"@id\":\"https:\\\/\\\/tzionlibreria.com\\\/#organization\"},\"potentialAction\":[{\"@type\":\"SearchAction\",\"target\":{\"@type\":\"EntryPoint\",\"urlTemplate\":\"https:\\\/\\\/tzionlibreria.com\\\/?s={search_term_string}\"},\"query-input\":{\"@type\":\"PropertyValueSpecification\",\"valueRequired\":true,\"valueName\":\"search_term_string\"}}],\"inLanguage\":\"es-CO\"},{\"@type\":\"Organization\",\"@id\":\"https:\\\/\\\/tzionlibreria.com\\\/#organization\",\"name\":\"tzionlibreria.com\",\"url\":\"https:\\\/\\\/tzionlibreria.com\\\/\",\"logo\":{\"@type\":\"ImageObject\",\"inLanguage\":\"es-CO\",\"@id\":\"https:\\\/\\\/tzionlibreria.com\\\/#\\\/schema\\\/logo\\\/image\\\/\",\"url\":\"https:\\\/\\\/tzionlibreria.com\\\/wp-content\\\/uploads\\\/2023\\\/10\\\/cropped-Cuadricula-scaled-1.jpg\",\"contentUrl\":\"https:\\\/\\\/tzionlibreria.com\\\/wp-content\\\/uploads\\\/2023\\\/10\\\/cropped-Cuadricula-scaled-1.jpg\",\"width\":2560,\"height\":2560,\"caption\":\"tzionlibreria.com\"},\"image\":{\"@id\":\"https:\\\/\\\/tzionlibreria.com\\\/#\\\/schema\\\/logo\\\/image\\\/\"}}]}<\/script>\n<!-- \/ Yoast SEO plugin. -->","yoast_head_json":{"title":"La Biblia para ti \u2013 #3 : Pegar y Colorear - tzionlibreria.com","robots":{"index":"index","follow":"follow","max-snippet":"max-snippet:-1","max-image-preview":"max-image-preview:large","max-video-preview":"max-video-preview:-1"},"canonical":"https:\/\/tzionlibreria.com\/index.php\/product\/la-biblia-para-ti-3-pegar-y-colorear\/","og_locale":"es_ES","og_type":"article","og_title":"La Biblia para ti \u2013 #3 : Pegar y Colorear - tzionlibreria.com","og_description":"Descripci\u00f3n Valoraciones (0) La Biblia para ti \u2013 Volumen 3: Pegar y Colorear &nbsp; Un libro creativo para aprender la Biblia mientras se colorea Este hermoso libro infantil permite que los ni\u00f1os conozcan historias b\u00edblicas de forma divertida, interactiva y creativa. Cada volumen incluye 24 calcoman\u00edas a color que sirven como gu\u00eda para que los [&hellip;]","og_url":"https:\/\/tzionlibreria.com\/index.php\/product\/la-biblia-para-ti-3-pegar-y-colorear\/","og_site_name":"tzionlibreria.com","og_image":[{"width":1445,"height":1445,"url":"http:\/\/tzionlibreria.com\/wp-content\/uploads\/2026\/03\/9781932507942_FRENTE_d5a531b3-bde2-464a-ab41-4749dc770217.webp","type":"image\/webp"}],"twitter_card":"summary_large_image","twitter_misc":{"Tiempo de lectura":"4 minutos"},"schema":{"@context":"https:\/\/schema.org","@graph":[{"@type":"WebPage","@id":"https:\/\/tzionlibreria.com\/index.php\/product\/la-biblia-para-ti-3-pegar-y-colorear\/","url":"https:\/\/tzionlibreria.com\/index.php\/product\/la-biblia-para-ti-3-pegar-y-colorear\/","name":"La Biblia para ti \u2013 #3 : Pegar y Colorear - tzionlibreria.com","isPartOf":{"@id":"https:\/\/tzionlibreria.com\/#website"},"primaryImageOfPage":{"@id":"https:\/\/tzionlibreria.com\/index.php\/product\/la-biblia-para-ti-3-pegar-y-colorear\/#primaryimage"},"image":{"@id":"https:\/\/tzionlibreria.com\/index.php\/product\/la-biblia-para-ti-3-pegar-y-colorear\/#primaryimage"},"thumbnailUrl":"https:\/\/tzionlibreria.com\/wp-content\/uploads\/2026\/03\/9781932507942_FRENTE_d5a531b3-bde2-464a-ab41-4749dc770217.webp","datePublished":"2026-03-09T19:18:47+00:00","breadcrumb":{"@id":"https:\/\/tzionlibreria.com\/index.php\/product\/la-biblia-para-ti-3-pegar-y-colorear\/#breadcrumb"},"inLanguage":"es-CO","potentialAction":[{"@type":"ReadAction","target":["https:\/\/tzionlibreria.com\/index.php\/product\/la-biblia-para-ti-3-pegar-y-colorear\/"]}]},{"@type":"ImageObject","inLanguage":"es-CO","@id":"https:\/\/tzionlibreria.com\/index.php\/product\/la-biblia-para-ti-3-pegar-y-colorear\/#primaryimage","url":"https:\/\/tzionlibreria.com\/wp-content\/uploads\/2026\/03\/9781932507942_FRENTE_d5a531b3-bde2-464a-ab41-4749dc770217.webp","contentUrl":"https:\/\/tzionlibreria.com\/wp-content\/uploads\/2026\/03\/9781932507942_FRENTE_d5a531b3-bde2-464a-ab41-4749dc770217.webp","width":1445,"height":1445},{"@type":"BreadcrumbList","@id":"https:\/\/tzionlibreria.com\/index.php\/product\/la-biblia-para-ti-3-pegar-y-colorear\/#breadcrumb","itemListElement":[{"@type":"ListItem","position":1,"name":"Inicio","item":"https:\/\/tzionlibreria.com\/"},{"@type":"ListItem","position":2,"name":"Shop","item":"https:\/\/tzionlibreria.com\/index.php\/shop\/"},{"@type":"ListItem","position":3,"name":"La Biblia para ti \u2013 #3 : Pegar y Colorear"}]},{"@type":"WebSite","@id":"https:\/\/tzionlibreria.com\/#website","url":"https:\/\/tzionlibreria.com\/","name":"tzionlibreria.com","description":"Libreria Cristiana Venezuela","publisher":{"@id":"https:\/\/tzionlibreria.com\/#organization"},"potentialAction":[{"@type":"SearchAction","target":{"@type":"EntryPoint","urlTemplate":"https:\/\/tzionlibreria.com\/?s={search_term_string}"},"query-input":{"@type":"PropertyValueSpecification","valueRequired":true,"valueName":"search_term_string"}}],"inLanguage":"es-CO"},{"@type":"Organization","@id":"https:\/\/tzionlibreria.com\/#organization","name":"tzionlibreria.com","url":"https:\/\/tzionlibreria.com\/","logo":{"@type":"ImageObject","inLanguage":"es-CO","@id":"https:\/\/tzionlibreria.com\/#\/schema\/logo\/image\/","url":"https:\/\/tzionlibreria.com\/wp-content\/uploads\/2023\/10\/cropped-Cuadricula-scaled-1.jpg","contentUrl":"https:\/\/tzionlibreria.com\/wp-content\/uploads\/2023\/10\/cropped-Cuadricula-scaled-1.jpg","width":2560,"height":2560,"caption":"tzionlibreria.com"},"image":{"@id":"https:\/\/tzionlibreria.com\/#\/schema\/logo\/image\/"}}]}},"jetpack_sharing_enabled":true,"_links":{"self":[{"href":"https:\/\/tzionlibreria.com\/index.php\/wp-json\/wp\/v2\/product\/7196","targetHints":{"allow":["GET"]}}],"collection":[{"href":"https:\/\/tzionlibreria.com\/index.php\/wp-json\/wp\/v2\/product"}],"about":[{"href":"https:\/\/tzionlibreria.com\/index.php\/wp-json\/wp\/v2\/types\/product"}],"replies":[{"embeddable":true,"href":"https:\/\/tzionlibreria.com\/index.php\/wp-json\/wp\/v2\/comments?post=7196"}],"wp:featuredmedia":[{"embeddable":true,"href":"https:\/\/tzionlibreria.com\/index.php\/wp-json\/wp\/v2\/media\/7197"}],"wp:attachment":[{"href":"https:\/\/tzionlibreria.com\/index.php\/wp-json\/wp\/v2\/media?parent=7196"}],"wp:term":[{"taxonomy":"product_brand","embeddable":true,"href":"https:\/\/tzionlibreria.com\/index.php\/wp-json\/wp\/v2\/product_brand?post=7196"},{"taxonomy":"product_cat","embeddable":true,"href":"https:\/\/tzionlibreria.com\/index.php\/wp-json\/wp\/v2\/product_cat?post=7196"},{"taxonomy":"product_tag","embeddable":true,"href":"https:\/\/tzionlibreria.com\/index.php\/wp-json\/wp\/v2\/product_tag?post=7196"}],"curies":[{"name":"wp","href":"https:\/\/api.w.org\/{rel}","templated":true}]}}