{"id":7220,"date":"2026-03-09T20:23:20","date_gmt":"2026-03-09T20:23:20","guid":{"rendered":"https:\/\/tzionlibreria.com\/?post_type=product&#038;p=7220"},"modified":"2026-03-09T20:23:31","modified_gmt":"2026-03-09T20:23:31","slug":"libro-de-colorear-david-historias-de-la-biblia-con-principios-y-valores","status":"publish","type":"product","link":"https:\/\/tzionlibreria.com\/index.php\/product\/libro-de-colorear-david-historias-de-la-biblia-con-principios-y-valores\/","title":{"rendered":"Libro De Colorear -David \u2013 Historias de la Biblia con Principios y Valores"},"content":{"rendered":"<ul class=\"tabs wc-tabs\" role=\"tablist\">\n<li id=\"tab-title-description\" class=\"description_tab active\" role=\"presentation\"><a tabindex=\"0\" role=\"tab\" href=\"https:\/\/libreria247.com\/producto\/libro-de-colorear-david-historias-de-la-biblia-con-principios-y-valores\/#tab-description\" aria-controls=\"tab-description\" aria-selected=\"true\"> Descripci\u00f3n <\/a><\/li>\n<li id=\"tab-title-reviews\" class=\"reviews_tab\" role=\"presentation\"><a tabindex=\"-1\" role=\"tab\" href=\"https:\/\/libreria247.com\/producto\/libro-de-colorear-david-historias-de-la-biblia-con-principios-y-valores\/#tab-reviews\" aria-controls=\"tab-reviews\" aria-selected=\"false\"> Valoraciones (0) <\/a><\/li>\n<\/ul>\n<div id=\"tab-description\" class=\"woocommerce-Tabs-panel woocommerce-Tabs-panel--description panel entry-content wc-tab\" role=\"tabpanel\" aria-labelledby=\"tab-title-description\">\n<h3 data-start=\"156\" data-end=\"226\"><img decoding=\"async\" class=\"emoji\" role=\"img\" draggable=\"false\" src=\"https:\/\/s.w.org\/images\/core\/emoji\/17.0.2\/svg\/1f4d8.svg\" alt=\"\ud83d\udcd8\" \/> <strong data-start=\"163\" data-end=\"224\">Colecci\u00f3n Historias de la Biblia con Principios y Valores<\/strong><\/h3>\n<p data-start=\"227\" data-end=\"271\"><strong data-start=\"227\" data-end=\"271\">Libro Biling\u00fce de Actividades para Ni\u00f1os<\/strong><\/p>\n<p data-start=\"273\" data-end=\"537\">Este hermoso y pr\u00e1ctico libro biling\u00fce (espa\u00f1ol\u2013ingl\u00e9s) ofrece una manera divertida, did\u00e1ctica y efectiva de ense\u00f1ar a los ni\u00f1os los <strong data-start=\"406\" data-end=\"446\">principios y valores m\u00e1s importantes<\/strong> de la vida cristiana, basados en algunas de las historias m\u00e1s significativas de la Biblia.<\/p>\n<p data-start=\"539\" data-end=\"777\">A trav\u00e9s de actividades, ejercicios y p\u00e1ginas para colorear, los peque\u00f1os podr\u00e1n aprender virtudes como la obediencia, el amor, la gratitud, la fe y el respeto, mientras desarrollan habilidades motoras y fortalecen su comprensi\u00f3n b\u00edblica.<\/p>\n<p data-start=\"779\" data-end=\"995\"><img decoding=\"async\" class=\"emoji\" role=\"img\" draggable=\"false\" src=\"https:\/\/s.w.org\/images\/core\/emoji\/17.0.2\/svg\/1f468-200d-1f469-200d-1f467-200d-1f466.svg\" alt=\"\ud83d\udc68\u200d\ud83d\udc69\u200d\ud83d\udc67\u200d\ud83d\udc66\" \/> <strong data-start=\"791\" data-end=\"851\">Ideal para que padres y educadores acompa\u00f1en a los ni\u00f1os<\/strong>, explicando cada historia y celebrando cada logro. Este tiempo juntos dejar\u00e1 una huella positiva y formar\u00e1 su car\u00e1cter con alegr\u00eda y prop\u00f3sito.<\/p>\n<h3 data-start=\"997\" data-end=\"1024\"><img decoding=\"async\" class=\"emoji\" role=\"img\" draggable=\"false\" src=\"https:\/\/s.w.org\/images\/core\/emoji\/17.0.2\/svg\/2b50.svg\" alt=\"\u2b50\" \/> <strong data-start=\"1003\" data-end=\"1024\">Recomendado para:<\/strong><\/h3>\n<ul data-start=\"1025\" data-end=\"1167\">\n<li data-start=\"1025\" data-end=\"1063\">\n<p data-start=\"1027\" data-end=\"1063\">Momentos de instrucci\u00f3n en familia<\/p>\n<\/li>\n<li data-start=\"1064\" data-end=\"1108\">\n<p data-start=\"1066\" data-end=\"1108\">Programas escolares y tareas pedag\u00f3gicas<\/p>\n<\/li>\n<li data-start=\"1109\" data-end=\"1167\">\n<p data-start=\"1111\" data-end=\"1167\">Educaci\u00f3n b\u00edblica en iglesias y ministerios infantiles<\/p>\n<\/li>\n<li data-start=\"1203\" data-end=\"1274\">\n<p data-start=\"1205\" data-end=\"1274\"><strong data-start=\"1205\" data-end=\"1214\">ISBN:<\/strong> 9789585968943<\/p>\n<\/li>\n<li data-start=\"1275\" data-end=\"1312\">\n<p data-start=\"1277\" data-end=\"1312\"><strong data-start=\"1277\" data-end=\"1293\">Dimensiones:<\/strong> 210 \u00d7 280 \u00d7 3 mm<\/p>\n<\/li>\n<li data-start=\"1313\" data-end=\"1335\">\n<p data-start=\"1315\" data-end=\"1335\"><strong data-start=\"1315\" data-end=\"1324\">Peso:<\/strong> 0,072 kg<\/p>\n<\/li>\n<li data-start=\"1336\" data-end=\"1361\">\n<p data-start=\"1338\" data-end=\"1361\"><strong data-start=\"1338\" data-end=\"1351\">Cubierta:<\/strong> R\u00fastica<\/p>\n<\/li>\n<li data-start=\"1362\" data-end=\"1402\">\n<p data-start=\"1364\" data-end=\"1402\"><strong data-start=\"1364\" data-end=\"1389\">Fecha de lanzamiento:<\/strong> 18.11.2016<\/p>\n<\/li>\n<li data-start=\"1403\" data-end=\"1426\">\n<p data-start=\"1405\" data-end=\"1426\"><strong data-start=\"1405\" data-end=\"1416\">Idioma:<\/strong> Espa\u00f1ol<\/p>\n<\/li>\n<li data-start=\"1427\" data-end=\"1517\">\n<p data-start=\"1429\" data-end=\"1517\"><strong data-start=\"1429\" data-end=\"1451\">Tipo de contenido:<\/strong> Actividades, principios y valores basados en historias b\u00edblicas<\/p>\n<\/li>\n<\/ul>\n<\/div>\n","protected":false},"excerpt":{"rendered":"<p>Descripci\u00f3n Valoraciones (0) Colecci\u00f3n Historias de la Biblia con Principios y Valores Libro Biling\u00fce de Actividades para Ni\u00f1os Este hermoso y pr\u00e1ctico libro biling\u00fce (espa\u00f1ol\u2013ingl\u00e9s) ofrece una manera divertida, did\u00e1ctica y efectiva de ense\u00f1ar a los ni\u00f1os los principios y valores m\u00e1s importantes de la vida cristiana, basados en algunas de las historias m\u00e1s significativas [&hellip;]<\/p>\n","protected":false},"featured_media":7221,"comment_status":"open","ping_status":"closed","template":"","meta":{"om_disable_all_campaigns":false,"_monsterinsights_skip_tracking":false,"_monsterinsights_sitenote_active":false,"_monsterinsights_sitenote_note":"","_monsterinsights_sitenote_category":0,"site-sidebar-layout":"default","site-content-layout":"","ast-site-content-layout":"default","site-content-style":"default","site-sidebar-style":"default","ast-global-header-display":"","ast-banner-title-visibility":"","ast-main-header-display":"","ast-hfb-above-header-display":"","ast-hfb-below-header-display":"","ast-hfb-mobile-header-display":"","site-post-title":"","ast-breadcrumbs-content":"","ast-featured-img":"","footer-sml-layout":"","ast-disable-related-posts":"","theme-transparent-header-meta":"default","adv-header-id-meta":"","stick-header-meta":"","header-above-stick-meta":"","header-main-stick-meta":"","header-below-stick-meta":"","astra-migrate-meta-layouts":"set","ast-page-background-enabled":"default","ast-page-background-meta":{"desktop":{"background-color":"var(--ast-global-color-4)","background-image":"","background-repeat":"repeat","background-position":"center center","background-size":"auto","background-attachment":"scroll","background-type":"","background-media":"","overlay-type":"","overlay-color":"","overlay-opacity":"","overlay-gradient":""},"tablet":{"background-color":"","background-image":"","background-repeat":"repeat","background-position":"center center","background-size":"auto","background-attachment":"scroll","background-type":"","background-media":"","overlay-type":"","overlay-color":"","overlay-opacity":"","overlay-gradient":""},"mobile":{"background-color":"","background-image":"","background-repeat":"repeat","background-position":"center center","background-size":"auto","background-attachment":"scroll","background-type":"","background-media":"","overlay-type":"","overlay-color":"","overlay-opacity":"","overlay-gradient":""}},"ast-content-background-meta":{"desktop":{"background-color":"var(--ast-global-color-5)","background-image":"","background-repeat":"repeat","background-position":"center center","background-size":"auto","background-attachment":"scroll","background-type":"","background-media":"","overlay-type":"","overlay-color":"","overlay-opacity":"","overlay-gradient":""},"tablet":{"background-color":"var(--ast-global-color-5)","background-image":"","background-repeat":"repeat","background-position":"center center","background-size":"auto","background-attachment":"scroll","background-type":"","background-media":"","overlay-type":"","overlay-color":"","overlay-opacity":"","overlay-gradient":""},"mobile":{"background-color":"var(--ast-global-color-5)","background-image":"","background-repeat":"repeat","background-position":"center center","background-size":"auto","background-attachment":"scroll","background-type":"","background-media":"","overlay-type":"","overlay-color":"","overlay-opacity":"","overlay-gradient":""}}},"product_brand":[],"product_cat":[313,25,209],"product_tag":[],"class_list":{"0":"post-7220","1":"product","2":"type-product","3":"status-publish","4":"has-post-thumbnail","6":"product_cat-colorear","7":"product_cat-kids","8":"product_cat-libros-kids","9":"desktop-align-left","10":"tablet-align-left","11":"mobile-align-left","13":"first","14":"instock","15":"shipping-taxable","16":"purchasable","17":"product-type-simple"},"yoast_head":"<!-- This site is optimized with the Yoast SEO plugin v27.4 - https:\/\/yoast.com\/product\/yoast-seo-wordpress\/ -->\n<title>Libro De Colorear -David \u2013 Historias de la Biblia con Principios y Valores - tzionlibreria.com<\/title>\n<meta name=\"robots\" content=\"index, follow, max-snippet:-1, max-image-preview:large, max-video-preview:-1\" \/>\n<link rel=\"canonical\" href=\"https:\/\/tzionlibreria.com\/index.php\/product\/libro-de-colorear-david-historias-de-la-biblia-con-principios-y-valores\/\" \/>\n<meta property=\"og:locale\" content=\"es_ES\" \/>\n<meta property=\"og:type\" content=\"article\" \/>\n<meta property=\"og:title\" content=\"Libro De Colorear -David \u2013 Historias de la Biblia con Principios y Valores - tzionlibreria.com\" \/>\n<meta property=\"og:description\" content=\"Descripci\u00f3n Valoraciones (0) Colecci\u00f3n Historias de la Biblia con Principios y Valores Libro Biling\u00fce de Actividades para Ni\u00f1os Este hermoso y pr\u00e1ctico libro biling\u00fce (espa\u00f1ol\u2013ingl\u00e9s) ofrece una manera divertida, did\u00e1ctica y efectiva de ense\u00f1ar a los ni\u00f1os los principios y valores m\u00e1s importantes de la vida cristiana, basados en algunas de las historias m\u00e1s significativas [&hellip;]\" \/>\n<meta property=\"og:url\" content=\"https:\/\/tzionlibreria.com\/index.php\/product\/libro-de-colorear-david-historias-de-la-biblia-con-principios-y-valores\/\" \/>\n<meta property=\"og:site_name\" content=\"tzionlibreria.com\" \/>\n<meta property=\"article:modified_time\" content=\"2026-03-09T20:23:31+00:00\" \/>\n<meta property=\"og:image\" content=\"http:\/\/tzionlibreria.com\/wp-content\/uploads\/2026\/03\/c4d92eddbe062e06e0ee3616c81a8d6d.webp\" \/>\n\t<meta property=\"og:image:width\" content=\"278\" \/>\n\t<meta property=\"og:image:height\" content=\"360\" \/>\n\t<meta property=\"og:image:type\" content=\"image\/webp\" \/>\n<meta name=\"twitter:card\" content=\"summary_large_image\" \/>\n<meta name=\"twitter:label1\" content=\"Tiempo de lectura\" \/>\n\t<meta name=\"twitter:data1\" content=\"2 minutos\" \/>\n<script type=\"application\/ld+json\" class=\"yoast-schema-graph\">{\"@context\":\"https:\\\/\\\/schema.org\",\"@graph\":[{\"@type\":\"WebPage\",\"@id\":\"https:\\\/\\\/tzionlibreria.com\\\/index.php\\\/product\\\/libro-de-colorear-david-historias-de-la-biblia-con-principios-y-valores\\\/\",\"url\":\"https:\\\/\\\/tzionlibreria.com\\\/index.php\\\/product\\\/libro-de-colorear-david-historias-de-la-biblia-con-principios-y-valores\\\/\",\"name\":\"Libro De Colorear -David \u2013 Historias de la Biblia con Principios y Valores - tzionlibreria.com\",\"isPartOf\":{\"@id\":\"https:\\\/\\\/tzionlibreria.com\\\/#website\"},\"primaryImageOfPage\":{\"@id\":\"https:\\\/\\\/tzionlibreria.com\\\/index.php\\\/product\\\/libro-de-colorear-david-historias-de-la-biblia-con-principios-y-valores\\\/#primaryimage\"},\"image\":{\"@id\":\"https:\\\/\\\/tzionlibreria.com\\\/index.php\\\/product\\\/libro-de-colorear-david-historias-de-la-biblia-con-principios-y-valores\\\/#primaryimage\"},\"thumbnailUrl\":\"https:\\\/\\\/tzionlibreria.com\\\/wp-content\\\/uploads\\\/2026\\\/03\\\/c4d92eddbe062e06e0ee3616c81a8d6d.webp\",\"datePublished\":\"2026-03-09T20:23:20+00:00\",\"dateModified\":\"2026-03-09T20:23:31+00:00\",\"breadcrumb\":{\"@id\":\"https:\\\/\\\/tzionlibreria.com\\\/index.php\\\/product\\\/libro-de-colorear-david-historias-de-la-biblia-con-principios-y-valores\\\/#breadcrumb\"},\"inLanguage\":\"es-CO\",\"potentialAction\":[{\"@type\":\"ReadAction\",\"target\":[\"https:\\\/\\\/tzionlibreria.com\\\/index.php\\\/product\\\/libro-de-colorear-david-historias-de-la-biblia-con-principios-y-valores\\\/\"]}]},{\"@type\":\"ImageObject\",\"inLanguage\":\"es-CO\",\"@id\":\"https:\\\/\\\/tzionlibreria.com\\\/index.php\\\/product\\\/libro-de-colorear-david-historias-de-la-biblia-con-principios-y-valores\\\/#primaryimage\",\"url\":\"https:\\\/\\\/tzionlibreria.com\\\/wp-content\\\/uploads\\\/2026\\\/03\\\/c4d92eddbe062e06e0ee3616c81a8d6d.webp\",\"contentUrl\":\"https:\\\/\\\/tzionlibreria.com\\\/wp-content\\\/uploads\\\/2026\\\/03\\\/c4d92eddbe062e06e0ee3616c81a8d6d.webp\",\"width\":278,\"height\":360},{\"@type\":\"BreadcrumbList\",\"@id\":\"https:\\\/\\\/tzionlibreria.com\\\/index.php\\\/product\\\/libro-de-colorear-david-historias-de-la-biblia-con-principios-y-valores\\\/#breadcrumb\",\"itemListElement\":[{\"@type\":\"ListItem\",\"position\":1,\"name\":\"Inicio\",\"item\":\"https:\\\/\\\/tzionlibreria.com\\\/\"},{\"@type\":\"ListItem\",\"position\":2,\"name\":\"Shop\",\"item\":\"https:\\\/\\\/tzionlibreria.com\\\/index.php\\\/shop\\\/\"},{\"@type\":\"ListItem\",\"position\":3,\"name\":\"Libro De Colorear -David \u2013 Historias de la Biblia con Principios y Valores\"}]},{\"@type\":\"WebSite\",\"@id\":\"https:\\\/\\\/tzionlibreria.com\\\/#website\",\"url\":\"https:\\\/\\\/tzionlibreria.com\\\/\",\"name\":\"tzionlibreria.com\",\"description\":\"Libreria Cristiana Venezuela\",\"publisher\":{\"@id\":\"https:\\\/\\\/tzionlibreria.com\\\/#organization\"},\"potentialAction\":[{\"@type\":\"SearchAction\",\"target\":{\"@type\":\"EntryPoint\",\"urlTemplate\":\"https:\\\/\\\/tzionlibreria.com\\\/?s={search_term_string}\"},\"query-input\":{\"@type\":\"PropertyValueSpecification\",\"valueRequired\":true,\"valueName\":\"search_term_string\"}}],\"inLanguage\":\"es-CO\"},{\"@type\":\"Organization\",\"@id\":\"https:\\\/\\\/tzionlibreria.com\\\/#organization\",\"name\":\"tzionlibreria.com\",\"url\":\"https:\\\/\\\/tzionlibreria.com\\\/\",\"logo\":{\"@type\":\"ImageObject\",\"inLanguage\":\"es-CO\",\"@id\":\"https:\\\/\\\/tzionlibreria.com\\\/#\\\/schema\\\/logo\\\/image\\\/\",\"url\":\"https:\\\/\\\/tzionlibreria.com\\\/wp-content\\\/uploads\\\/2023\\\/10\\\/cropped-Cuadricula-scaled-1.jpg\",\"contentUrl\":\"https:\\\/\\\/tzionlibreria.com\\\/wp-content\\\/uploads\\\/2023\\\/10\\\/cropped-Cuadricula-scaled-1.jpg\",\"width\":2560,\"height\":2560,\"caption\":\"tzionlibreria.com\"},\"image\":{\"@id\":\"https:\\\/\\\/tzionlibreria.com\\\/#\\\/schema\\\/logo\\\/image\\\/\"}}]}<\/script>\n<!-- \/ Yoast SEO plugin. -->","yoast_head_json":{"title":"Libro De Colorear -David \u2013 Historias de la Biblia con Principios y Valores - tzionlibreria.com","robots":{"index":"index","follow":"follow","max-snippet":"max-snippet:-1","max-image-preview":"max-image-preview:large","max-video-preview":"max-video-preview:-1"},"canonical":"https:\/\/tzionlibreria.com\/index.php\/product\/libro-de-colorear-david-historias-de-la-biblia-con-principios-y-valores\/","og_locale":"es_ES","og_type":"article","og_title":"Libro De Colorear -David \u2013 Historias de la Biblia con Principios y Valores - tzionlibreria.com","og_description":"Descripci\u00f3n Valoraciones (0) Colecci\u00f3n Historias de la Biblia con Principios y Valores Libro Biling\u00fce de Actividades para Ni\u00f1os Este hermoso y pr\u00e1ctico libro biling\u00fce (espa\u00f1ol\u2013ingl\u00e9s) ofrece una manera divertida, did\u00e1ctica y efectiva de ense\u00f1ar a los ni\u00f1os los principios y valores m\u00e1s importantes de la vida cristiana, basados en algunas de las historias m\u00e1s significativas [&hellip;]","og_url":"https:\/\/tzionlibreria.com\/index.php\/product\/libro-de-colorear-david-historias-de-la-biblia-con-principios-y-valores\/","og_site_name":"tzionlibreria.com","article_modified_time":"2026-03-09T20:23:31+00:00","og_image":[{"width":278,"height":360,"url":"http:\/\/tzionlibreria.com\/wp-content\/uploads\/2026\/03\/c4d92eddbe062e06e0ee3616c81a8d6d.webp","type":"image\/webp"}],"twitter_card":"summary_large_image","twitter_misc":{"Tiempo de lectura":"2 minutos"},"schema":{"@context":"https:\/\/schema.org","@graph":[{"@type":"WebPage","@id":"https:\/\/tzionlibreria.com\/index.php\/product\/libro-de-colorear-david-historias-de-la-biblia-con-principios-y-valores\/","url":"https:\/\/tzionlibreria.com\/index.php\/product\/libro-de-colorear-david-historias-de-la-biblia-con-principios-y-valores\/","name":"Libro De Colorear -David \u2013 Historias de la Biblia con Principios y Valores - tzionlibreria.com","isPartOf":{"@id":"https:\/\/tzionlibreria.com\/#website"},"primaryImageOfPage":{"@id":"https:\/\/tzionlibreria.com\/index.php\/product\/libro-de-colorear-david-historias-de-la-biblia-con-principios-y-valores\/#primaryimage"},"image":{"@id":"https:\/\/tzionlibreria.com\/index.php\/product\/libro-de-colorear-david-historias-de-la-biblia-con-principios-y-valores\/#primaryimage"},"thumbnailUrl":"https:\/\/tzionlibreria.com\/wp-content\/uploads\/2026\/03\/c4d92eddbe062e06e0ee3616c81a8d6d.webp","datePublished":"2026-03-09T20:23:20+00:00","dateModified":"2026-03-09T20:23:31+00:00","breadcrumb":{"@id":"https:\/\/tzionlibreria.com\/index.php\/product\/libro-de-colorear-david-historias-de-la-biblia-con-principios-y-valores\/#breadcrumb"},"inLanguage":"es-CO","potentialAction":[{"@type":"ReadAction","target":["https:\/\/tzionlibreria.com\/index.php\/product\/libro-de-colorear-david-historias-de-la-biblia-con-principios-y-valores\/"]}]},{"@type":"ImageObject","inLanguage":"es-CO","@id":"https:\/\/tzionlibreria.com\/index.php\/product\/libro-de-colorear-david-historias-de-la-biblia-con-principios-y-valores\/#primaryimage","url":"https:\/\/tzionlibreria.com\/wp-content\/uploads\/2026\/03\/c4d92eddbe062e06e0ee3616c81a8d6d.webp","contentUrl":"https:\/\/tzionlibreria.com\/wp-content\/uploads\/2026\/03\/c4d92eddbe062e06e0ee3616c81a8d6d.webp","width":278,"height":360},{"@type":"BreadcrumbList","@id":"https:\/\/tzionlibreria.com\/index.php\/product\/libro-de-colorear-david-historias-de-la-biblia-con-principios-y-valores\/#breadcrumb","itemListElement":[{"@type":"ListItem","position":1,"name":"Inicio","item":"https:\/\/tzionlibreria.com\/"},{"@type":"ListItem","position":2,"name":"Shop","item":"https:\/\/tzionlibreria.com\/index.php\/shop\/"},{"@type":"ListItem","position":3,"name":"Libro De Colorear -David \u2013 Historias de la Biblia con Principios y Valores"}]},{"@type":"WebSite","@id":"https:\/\/tzionlibreria.com\/#website","url":"https:\/\/tzionlibreria.com\/","name":"tzionlibreria.com","description":"Libreria Cristiana Venezuela","publisher":{"@id":"https:\/\/tzionlibreria.com\/#organization"},"potentialAction":[{"@type":"SearchAction","target":{"@type":"EntryPoint","urlTemplate":"https:\/\/tzionlibreria.com\/?s={search_term_string}"},"query-input":{"@type":"PropertyValueSpecification","valueRequired":true,"valueName":"search_term_string"}}],"inLanguage":"es-CO"},{"@type":"Organization","@id":"https:\/\/tzionlibreria.com\/#organization","name":"tzionlibreria.com","url":"https:\/\/tzionlibreria.com\/","logo":{"@type":"ImageObject","inLanguage":"es-CO","@id":"https:\/\/tzionlibreria.com\/#\/schema\/logo\/image\/","url":"https:\/\/tzionlibreria.com\/wp-content\/uploads\/2023\/10\/cropped-Cuadricula-scaled-1.jpg","contentUrl":"https:\/\/tzionlibreria.com\/wp-content\/uploads\/2023\/10\/cropped-Cuadricula-scaled-1.jpg","width":2560,"height":2560,"caption":"tzionlibreria.com"},"image":{"@id":"https:\/\/tzionlibreria.com\/#\/schema\/logo\/image\/"}}]}},"jetpack_sharing_enabled":true,"_links":{"self":[{"href":"https:\/\/tzionlibreria.com\/index.php\/wp-json\/wp\/v2\/product\/7220","targetHints":{"allow":["GET"]}}],"collection":[{"href":"https:\/\/tzionlibreria.com\/index.php\/wp-json\/wp\/v2\/product"}],"about":[{"href":"https:\/\/tzionlibreria.com\/index.php\/wp-json\/wp\/v2\/types\/product"}],"replies":[{"embeddable":true,"href":"https:\/\/tzionlibreria.com\/index.php\/wp-json\/wp\/v2\/comments?post=7220"}],"wp:featuredmedia":[{"embeddable":true,"href":"https:\/\/tzionlibreria.com\/index.php\/wp-json\/wp\/v2\/media\/7221"}],"wp:attachment":[{"href":"https:\/\/tzionlibreria.com\/index.php\/wp-json\/wp\/v2\/media?parent=7220"}],"wp:term":[{"taxonomy":"product_brand","embeddable":true,"href":"https:\/\/tzionlibreria.com\/index.php\/wp-json\/wp\/v2\/product_brand?post=7220"},{"taxonomy":"product_cat","embeddable":true,"href":"https:\/\/tzionlibreria.com\/index.php\/wp-json\/wp\/v2\/product_cat?post=7220"},{"taxonomy":"product_tag","embeddable":true,"href":"https:\/\/tzionlibreria.com\/index.php\/wp-json\/wp\/v2\/product_tag?post=7220"}],"curies":[{"name":"wp","href":"https:\/\/api.w.org\/{rel}","templated":true}]}}