{"id":7225,"date":"2026-03-09T20:40:58","date_gmt":"2026-03-09T20:40:58","guid":{"rendered":"https:\/\/tzionlibreria.com\/?post_type=product&#038;p=7225"},"modified":"2026-03-09T20:40:58","modified_gmt":"2026-03-09T20:40:58","slug":"abraham-el-amigo-de-dios-cartilla-para-colorear","status":"publish","type":"product","link":"https:\/\/tzionlibreria.com\/index.php\/product\/abraham-el-amigo-de-dios-cartilla-para-colorear\/","title":{"rendered":"Abraham El Amigo de Dios Cartilla Para Colorear"},"content":{"rendered":"<ul class=\"tabs wc-tabs\" role=\"tablist\">\n<li id=\"tab-title-description\" class=\"description_tab active\" role=\"presentation\"><a tabindex=\"0\" role=\"tab\" href=\"https:\/\/libreria247.com\/producto\/abraham-el-amigo-de-dios-cartilla-para-colorear\/#tab-description\" aria-controls=\"tab-description\" aria-selected=\"true\"> Descripci\u00f3n <\/a><\/li>\n<li id=\"tab-title-reviews\" class=\"reviews_tab\" role=\"presentation\"><a tabindex=\"-1\" role=\"tab\" href=\"https:\/\/libreria247.com\/producto\/abraham-el-amigo-de-dios-cartilla-para-colorear\/#tab-reviews\" aria-controls=\"tab-reviews\" aria-selected=\"false\"> Valoraciones (0) <\/a><\/li>\n<\/ul>\n<div id=\"tab-description\" class=\"woocommerce-Tabs-panel woocommerce-Tabs-panel--description panel entry-content wc-tab\" role=\"tabpanel\" aria-labelledby=\"tab-title-description\">\n<h3 data-start=\"139\" data-end=\"207\"><img decoding=\"async\" class=\"emoji\" role=\"img\" draggable=\"false\" src=\"https:\/\/s.w.org\/images\/core\/emoji\/17.0.2\/svg\/1f4d8.svg\" alt=\"\ud83d\udcd8\" \/> <strong data-start=\"146\" data-end=\"207\">Colecci\u00f3n Historias de la Biblia con Principios y Valores<\/strong><\/h3>\n<p data-start=\"209\" data-end=\"379\">Un libro de actividades <strong data-start=\"233\" data-end=\"245\">biling\u00fce<\/strong> pensado para acompa\u00f1ar a ni\u00f1os y ni\u00f1as en el aprendizaje de los valores esenciales que forman el car\u00e1cter y fortalecen el coraz\u00f3n <img decoding=\"async\" class=\"emoji\" role=\"img\" draggable=\"false\" src=\"https:\/\/s.w.org\/images\/core\/emoji\/17.0.2\/svg\/1f49b.svg\" alt=\"\ud83d\udc9b\" \/>.<\/p>\n<p data-start=\"381\" data-end=\"619\">A trav\u00e9s de <strong data-start=\"393\" data-end=\"443\">las historias m\u00e1s representativas de la Biblia<\/strong>, este libro gu\u00eda a los peque\u00f1os a descubrir principios como el amor, la obediencia, la fe, el respeto y la responsabilidad, de una manera <strong data-start=\"582\" data-end=\"618\">alegre, pr\u00e1ctica y significativa<\/strong>.<\/p>\n<p data-start=\"621\" data-end=\"916\">Cada p\u00e1gina invita a padres, madres y educadores a <strong data-start=\"672\" data-end=\"708\">acompa\u00f1ar activamente el proceso<\/strong>, explicando las historias, resolviendo los ejercicios junto a los ni\u00f1os y celebrando cada valor aprendido. Una experiencia educativa que deja huella y contribuye al buen comportamiento y desarrollo integral.<\/p>\n<h4 data-start=\"918\" data-end=\"948\"><img decoding=\"async\" class=\"emoji\" role=\"img\" draggable=\"false\" src=\"https:\/\/s.w.org\/images\/core\/emoji\/17.0.2\/svg\/1f467.svg\" alt=\"\ud83d\udc67\" \/><img decoding=\"async\" class=\"emoji\" role=\"img\" draggable=\"false\" src=\"https:\/\/s.w.org\/images\/core\/emoji\/17.0.2\/svg\/1f9d2.svg\" alt=\"\ud83e\uddd2\" \/> <strong data-start=\"928\" data-end=\"948\">Edad recomendada<\/strong><\/h4>\n<ul data-start=\"949\" data-end=\"1008\">\n<li data-start=\"949\" data-end=\"968\">\n<p data-start=\"951\" data-end=\"968\">De <strong data-start=\"954\" data-end=\"968\">5 a 9 a\u00f1os<\/strong><\/p>\n<\/li>\n<li data-start=\"969\" data-end=\"1008\">\n<p data-start=\"971\" data-end=\"1008\">Ideal para lectura guiada con adultos<\/p>\n<\/li>\n<\/ul>\n<h4 data-start=\"1010\" data-end=\"1034\"><img decoding=\"async\" class=\"emoji\" role=\"img\" draggable=\"false\" src=\"https:\/\/s.w.org\/images\/core\/emoji\/17.0.2\/svg\/2705.svg\" alt=\"\u2705\" \/> Recomendado para:<\/h4>\n<ul data-start=\"1035\" data-end=\"1162\">\n<li data-start=\"1035\" data-end=\"1071\">\n<p data-start=\"1037\" data-end=\"1071\">Instrucci\u00f3n y lectura en familia<\/p>\n<\/li>\n<li data-start=\"1072\" data-end=\"1105\">\n<p data-start=\"1074\" data-end=\"1105\">Programas y ense\u00f1anza escolar<\/p>\n<\/li>\n<li data-start=\"1106\" data-end=\"1162\">\n<p data-start=\"1108\" data-end=\"1162\">Educaci\u00f3n b\u00edblica en iglesias y escuelas dominicales<\/p>\n<\/li>\n<\/ul>\n<h4 data-start=\"1164\" data-end=\"1188\"><img decoding=\"async\" class=\"emoji\" role=\"img\" draggable=\"false\" src=\"https:\/\/s.w.org\/images\/core\/emoji\/17.0.2\/svg\/1f4da.svg\" alt=\"\ud83d\udcda\" \/> Caracter\u00edsticas:<\/h4>\n<ul data-start=\"1189\" data-end=\"1364\">\n<li data-start=\"1189\" data-end=\"1212\">\n<p data-start=\"1191\" data-end=\"1212\">ISBN: 9789585968912<\/p>\n<\/li>\n<li data-start=\"1213\" data-end=\"1232\">\n<p data-start=\"1215\" data-end=\"1232\">Idioma: Espa\u00f1ol<\/p>\n<\/li>\n<li data-start=\"1233\" data-end=\"1265\">\n<p data-start=\"1235\" data-end=\"1265\">Encuadernaci\u00f3n: Tapa r\u00fastica<\/p>\n<\/li>\n<li data-start=\"1266\" data-end=\"1295\">\n<p data-start=\"1268\" data-end=\"1295\">Dimensiones: 209 x 274 mm<\/p>\n<\/li>\n<li data-start=\"1296\" data-end=\"1314\">\n<p data-start=\"1298\" data-end=\"1314\">Peso: 0,720 kg<\/p>\n<\/li>\n<li data-start=\"1315\" data-end=\"1364\">\n<p data-start=\"1317\" data-end=\"1364\">Fecha de lanzamiento: 18 de noviembre de 2016<\/p>\n<\/li>\n<\/ul>\n<p data-start=\"1366\" data-end=\"1446\"><img decoding=\"async\" class=\"emoji\" role=\"img\" draggable=\"false\" src=\"https:\/\/s.w.org\/images\/core\/emoji\/17.0.2\/svg\/1f331.svg\" alt=\"\ud83c\udf31\" \/> <strong data-start=\"1369\" data-end=\"1446\">Un recurso valioso para sembrar principios eternos en corazones peque\u00f1os.<\/strong><\/p>\n<\/div>\n","protected":false},"excerpt":{"rendered":"<p>Descripci\u00f3n Valoraciones (0) Colecci\u00f3n Historias de la Biblia con Principios y Valores Un libro de actividades biling\u00fce pensado para acompa\u00f1ar a ni\u00f1os y ni\u00f1as en el aprendizaje de los valores esenciales que forman el car\u00e1cter y fortalecen el coraz\u00f3n . A trav\u00e9s de las historias m\u00e1s representativas de la Biblia, este libro gu\u00eda a los [&hellip;]<\/p>\n","protected":false},"featured_media":7226,"comment_status":"open","ping_status":"closed","template":"","meta":{"om_disable_all_campaigns":false,"_monsterinsights_skip_tracking":false,"_monsterinsights_sitenote_active":false,"_monsterinsights_sitenote_note":"","_monsterinsights_sitenote_category":0,"site-sidebar-layout":"default","site-content-layout":"","ast-site-content-layout":"default","site-content-style":"default","site-sidebar-style":"default","ast-global-header-display":"","ast-banner-title-visibility":"","ast-main-header-display":"","ast-hfb-above-header-display":"","ast-hfb-below-header-display":"","ast-hfb-mobile-header-display":"","site-post-title":"","ast-breadcrumbs-content":"","ast-featured-img":"","footer-sml-layout":"","ast-disable-related-posts":"","theme-transparent-header-meta":"default","adv-header-id-meta":"","stick-header-meta":"","header-above-stick-meta":"","header-main-stick-meta":"","header-below-stick-meta":"","astra-migrate-meta-layouts":"set","ast-page-background-enabled":"default","ast-page-background-meta":{"desktop":{"background-color":"var(--ast-global-color-4)","background-image":"","background-repeat":"repeat","background-position":"center center","background-size":"auto","background-attachment":"scroll","background-type":"","background-media":"","overlay-type":"","overlay-color":"","overlay-opacity":"","overlay-gradient":""},"tablet":{"background-color":"","background-image":"","background-repeat":"repeat","background-position":"center center","background-size":"auto","background-attachment":"scroll","background-type":"","background-media":"","overlay-type":"","overlay-color":"","overlay-opacity":"","overlay-gradient":""},"mobile":{"background-color":"","background-image":"","background-repeat":"repeat","background-position":"center center","background-size":"auto","background-attachment":"scroll","background-type":"","background-media":"","overlay-type":"","overlay-color":"","overlay-opacity":"","overlay-gradient":""}},"ast-content-background-meta":{"desktop":{"background-color":"var(--ast-global-color-5)","background-image":"","background-repeat":"repeat","background-position":"center center","background-size":"auto","background-attachment":"scroll","background-type":"","background-media":"","overlay-type":"","overlay-color":"","overlay-opacity":"","overlay-gradient":""},"tablet":{"background-color":"var(--ast-global-color-5)","background-image":"","background-repeat":"repeat","background-position":"center center","background-size":"auto","background-attachment":"scroll","background-type":"","background-media":"","overlay-type":"","overlay-color":"","overlay-opacity":"","overlay-gradient":""},"mobile":{"background-color":"var(--ast-global-color-5)","background-image":"","background-repeat":"repeat","background-position":"center center","background-size":"auto","background-attachment":"scroll","background-type":"","background-media":"","overlay-type":"","overlay-color":"","overlay-opacity":"","overlay-gradient":""}}},"product_brand":[],"product_cat":[313,25,209],"product_tag":[],"class_list":{"0":"post-7225","1":"product","2":"type-product","3":"status-publish","4":"has-post-thumbnail","6":"product_cat-colorear","7":"product_cat-kids","8":"product_cat-libros-kids","9":"desktop-align-left","10":"tablet-align-left","11":"mobile-align-left","13":"first","14":"instock","15":"shipping-taxable","16":"purchasable","17":"product-type-simple"},"yoast_head":"<!-- This site is optimized with the Yoast SEO plugin v27.4 - https:\/\/yoast.com\/product\/yoast-seo-wordpress\/ -->\n<title>Abraham El Amigo de Dios Cartilla Para Colorear - tzionlibreria.com<\/title>\n<meta name=\"robots\" content=\"index, follow, max-snippet:-1, max-image-preview:large, max-video-preview:-1\" \/>\n<link rel=\"canonical\" href=\"https:\/\/tzionlibreria.com\/index.php\/product\/abraham-el-amigo-de-dios-cartilla-para-colorear\/\" \/>\n<meta property=\"og:locale\" content=\"es_ES\" \/>\n<meta property=\"og:type\" content=\"article\" \/>\n<meta property=\"og:title\" content=\"Abraham El Amigo de Dios Cartilla Para Colorear - tzionlibreria.com\" \/>\n<meta property=\"og:description\" content=\"Descripci\u00f3n Valoraciones (0) Colecci\u00f3n Historias de la Biblia con Principios y Valores Un libro de actividades biling\u00fce pensado para acompa\u00f1ar a ni\u00f1os y ni\u00f1as en el aprendizaje de los valores esenciales que forman el car\u00e1cter y fortalecen el coraz\u00f3n . A trav\u00e9s de las historias m\u00e1s representativas de la Biblia, este libro gu\u00eda a los [&hellip;]\" \/>\n<meta property=\"og:url\" content=\"https:\/\/tzionlibreria.com\/index.php\/product\/abraham-el-amigo-de-dios-cartilla-para-colorear\/\" \/>\n<meta property=\"og:site_name\" content=\"tzionlibreria.com\" \/>\n<meta property=\"og:image\" content=\"http:\/\/tzionlibreria.com\/wp-content\/uploads\/2026\/03\/abrah.png\" \/>\n\t<meta property=\"og:image:width\" content=\"1080\" \/>\n\t<meta property=\"og:image:height\" content=\"1080\" \/>\n\t<meta property=\"og:image:type\" content=\"image\/png\" \/>\n<meta name=\"twitter:card\" content=\"summary_large_image\" \/>\n<meta name=\"twitter:label1\" content=\"Tiempo de lectura\" \/>\n\t<meta name=\"twitter:data1\" content=\"3 minutos\" \/>\n<script type=\"application\/ld+json\" class=\"yoast-schema-graph\">{\"@context\":\"https:\\\/\\\/schema.org\",\"@graph\":[{\"@type\":\"WebPage\",\"@id\":\"https:\\\/\\\/tzionlibreria.com\\\/index.php\\\/product\\\/abraham-el-amigo-de-dios-cartilla-para-colorear\\\/\",\"url\":\"https:\\\/\\\/tzionlibreria.com\\\/index.php\\\/product\\\/abraham-el-amigo-de-dios-cartilla-para-colorear\\\/\",\"name\":\"Abraham El Amigo de Dios Cartilla Para Colorear - tzionlibreria.com\",\"isPartOf\":{\"@id\":\"https:\\\/\\\/tzionlibreria.com\\\/#website\"},\"primaryImageOfPage\":{\"@id\":\"https:\\\/\\\/tzionlibreria.com\\\/index.php\\\/product\\\/abraham-el-amigo-de-dios-cartilla-para-colorear\\\/#primaryimage\"},\"image\":{\"@id\":\"https:\\\/\\\/tzionlibreria.com\\\/index.php\\\/product\\\/abraham-el-amigo-de-dios-cartilla-para-colorear\\\/#primaryimage\"},\"thumbnailUrl\":\"https:\\\/\\\/tzionlibreria.com\\\/wp-content\\\/uploads\\\/2026\\\/03\\\/abrah.png\",\"datePublished\":\"2026-03-09T20:40:58+00:00\",\"breadcrumb\":{\"@id\":\"https:\\\/\\\/tzionlibreria.com\\\/index.php\\\/product\\\/abraham-el-amigo-de-dios-cartilla-para-colorear\\\/#breadcrumb\"},\"inLanguage\":\"es-CO\",\"potentialAction\":[{\"@type\":\"ReadAction\",\"target\":[\"https:\\\/\\\/tzionlibreria.com\\\/index.php\\\/product\\\/abraham-el-amigo-de-dios-cartilla-para-colorear\\\/\"]}]},{\"@type\":\"ImageObject\",\"inLanguage\":\"es-CO\",\"@id\":\"https:\\\/\\\/tzionlibreria.com\\\/index.php\\\/product\\\/abraham-el-amigo-de-dios-cartilla-para-colorear\\\/#primaryimage\",\"url\":\"https:\\\/\\\/tzionlibreria.com\\\/wp-content\\\/uploads\\\/2026\\\/03\\\/abrah.png\",\"contentUrl\":\"https:\\\/\\\/tzionlibreria.com\\\/wp-content\\\/uploads\\\/2026\\\/03\\\/abrah.png\",\"width\":1080,\"height\":1080},{\"@type\":\"BreadcrumbList\",\"@id\":\"https:\\\/\\\/tzionlibreria.com\\\/index.php\\\/product\\\/abraham-el-amigo-de-dios-cartilla-para-colorear\\\/#breadcrumb\",\"itemListElement\":[{\"@type\":\"ListItem\",\"position\":1,\"name\":\"Inicio\",\"item\":\"https:\\\/\\\/tzionlibreria.com\\\/\"},{\"@type\":\"ListItem\",\"position\":2,\"name\":\"Shop\",\"item\":\"https:\\\/\\\/tzionlibreria.com\\\/index.php\\\/shop\\\/\"},{\"@type\":\"ListItem\",\"position\":3,\"name\":\"Abraham El Amigo de Dios Cartilla Para Colorear\"}]},{\"@type\":\"WebSite\",\"@id\":\"https:\\\/\\\/tzionlibreria.com\\\/#website\",\"url\":\"https:\\\/\\\/tzionlibreria.com\\\/\",\"name\":\"tzionlibreria.com\",\"description\":\"Libreria Cristiana Venezuela\",\"publisher\":{\"@id\":\"https:\\\/\\\/tzionlibreria.com\\\/#organization\"},\"potentialAction\":[{\"@type\":\"SearchAction\",\"target\":{\"@type\":\"EntryPoint\",\"urlTemplate\":\"https:\\\/\\\/tzionlibreria.com\\\/?s={search_term_string}\"},\"query-input\":{\"@type\":\"PropertyValueSpecification\",\"valueRequired\":true,\"valueName\":\"search_term_string\"}}],\"inLanguage\":\"es-CO\"},{\"@type\":\"Organization\",\"@id\":\"https:\\\/\\\/tzionlibreria.com\\\/#organization\",\"name\":\"tzionlibreria.com\",\"url\":\"https:\\\/\\\/tzionlibreria.com\\\/\",\"logo\":{\"@type\":\"ImageObject\",\"inLanguage\":\"es-CO\",\"@id\":\"https:\\\/\\\/tzionlibreria.com\\\/#\\\/schema\\\/logo\\\/image\\\/\",\"url\":\"https:\\\/\\\/tzionlibreria.com\\\/wp-content\\\/uploads\\\/2023\\\/10\\\/cropped-Cuadricula-scaled-1.jpg\",\"contentUrl\":\"https:\\\/\\\/tzionlibreria.com\\\/wp-content\\\/uploads\\\/2023\\\/10\\\/cropped-Cuadricula-scaled-1.jpg\",\"width\":2560,\"height\":2560,\"caption\":\"tzionlibreria.com\"},\"image\":{\"@id\":\"https:\\\/\\\/tzionlibreria.com\\\/#\\\/schema\\\/logo\\\/image\\\/\"}}]}<\/script>\n<!-- \/ Yoast SEO plugin. -->","yoast_head_json":{"title":"Abraham El Amigo de Dios Cartilla Para Colorear - tzionlibreria.com","robots":{"index":"index","follow":"follow","max-snippet":"max-snippet:-1","max-image-preview":"max-image-preview:large","max-video-preview":"max-video-preview:-1"},"canonical":"https:\/\/tzionlibreria.com\/index.php\/product\/abraham-el-amigo-de-dios-cartilla-para-colorear\/","og_locale":"es_ES","og_type":"article","og_title":"Abraham El Amigo de Dios Cartilla Para Colorear - tzionlibreria.com","og_description":"Descripci\u00f3n Valoraciones (0) Colecci\u00f3n Historias de la Biblia con Principios y Valores Un libro de actividades biling\u00fce pensado para acompa\u00f1ar a ni\u00f1os y ni\u00f1as en el aprendizaje de los valores esenciales que forman el car\u00e1cter y fortalecen el coraz\u00f3n . A trav\u00e9s de las historias m\u00e1s representativas de la Biblia, este libro gu\u00eda a los [&hellip;]","og_url":"https:\/\/tzionlibreria.com\/index.php\/product\/abraham-el-amigo-de-dios-cartilla-para-colorear\/","og_site_name":"tzionlibreria.com","og_image":[{"width":1080,"height":1080,"url":"http:\/\/tzionlibreria.com\/wp-content\/uploads\/2026\/03\/abrah.png","type":"image\/png"}],"twitter_card":"summary_large_image","twitter_misc":{"Tiempo de lectura":"3 minutos"},"schema":{"@context":"https:\/\/schema.org","@graph":[{"@type":"WebPage","@id":"https:\/\/tzionlibreria.com\/index.php\/product\/abraham-el-amigo-de-dios-cartilla-para-colorear\/","url":"https:\/\/tzionlibreria.com\/index.php\/product\/abraham-el-amigo-de-dios-cartilla-para-colorear\/","name":"Abraham El Amigo de Dios Cartilla Para Colorear - tzionlibreria.com","isPartOf":{"@id":"https:\/\/tzionlibreria.com\/#website"},"primaryImageOfPage":{"@id":"https:\/\/tzionlibreria.com\/index.php\/product\/abraham-el-amigo-de-dios-cartilla-para-colorear\/#primaryimage"},"image":{"@id":"https:\/\/tzionlibreria.com\/index.php\/product\/abraham-el-amigo-de-dios-cartilla-para-colorear\/#primaryimage"},"thumbnailUrl":"https:\/\/tzionlibreria.com\/wp-content\/uploads\/2026\/03\/abrah.png","datePublished":"2026-03-09T20:40:58+00:00","breadcrumb":{"@id":"https:\/\/tzionlibreria.com\/index.php\/product\/abraham-el-amigo-de-dios-cartilla-para-colorear\/#breadcrumb"},"inLanguage":"es-CO","potentialAction":[{"@type":"ReadAction","target":["https:\/\/tzionlibreria.com\/index.php\/product\/abraham-el-amigo-de-dios-cartilla-para-colorear\/"]}]},{"@type":"ImageObject","inLanguage":"es-CO","@id":"https:\/\/tzionlibreria.com\/index.php\/product\/abraham-el-amigo-de-dios-cartilla-para-colorear\/#primaryimage","url":"https:\/\/tzionlibreria.com\/wp-content\/uploads\/2026\/03\/abrah.png","contentUrl":"https:\/\/tzionlibreria.com\/wp-content\/uploads\/2026\/03\/abrah.png","width":1080,"height":1080},{"@type":"BreadcrumbList","@id":"https:\/\/tzionlibreria.com\/index.php\/product\/abraham-el-amigo-de-dios-cartilla-para-colorear\/#breadcrumb","itemListElement":[{"@type":"ListItem","position":1,"name":"Inicio","item":"https:\/\/tzionlibreria.com\/"},{"@type":"ListItem","position":2,"name":"Shop","item":"https:\/\/tzionlibreria.com\/index.php\/shop\/"},{"@type":"ListItem","position":3,"name":"Abraham El Amigo de Dios Cartilla Para Colorear"}]},{"@type":"WebSite","@id":"https:\/\/tzionlibreria.com\/#website","url":"https:\/\/tzionlibreria.com\/","name":"tzionlibreria.com","description":"Libreria Cristiana Venezuela","publisher":{"@id":"https:\/\/tzionlibreria.com\/#organization"},"potentialAction":[{"@type":"SearchAction","target":{"@type":"EntryPoint","urlTemplate":"https:\/\/tzionlibreria.com\/?s={search_term_string}"},"query-input":{"@type":"PropertyValueSpecification","valueRequired":true,"valueName":"search_term_string"}}],"inLanguage":"es-CO"},{"@type":"Organization","@id":"https:\/\/tzionlibreria.com\/#organization","name":"tzionlibreria.com","url":"https:\/\/tzionlibreria.com\/","logo":{"@type":"ImageObject","inLanguage":"es-CO","@id":"https:\/\/tzionlibreria.com\/#\/schema\/logo\/image\/","url":"https:\/\/tzionlibreria.com\/wp-content\/uploads\/2023\/10\/cropped-Cuadricula-scaled-1.jpg","contentUrl":"https:\/\/tzionlibreria.com\/wp-content\/uploads\/2023\/10\/cropped-Cuadricula-scaled-1.jpg","width":2560,"height":2560,"caption":"tzionlibreria.com"},"image":{"@id":"https:\/\/tzionlibreria.com\/#\/schema\/logo\/image\/"}}]}},"jetpack_sharing_enabled":true,"_links":{"self":[{"href":"https:\/\/tzionlibreria.com\/index.php\/wp-json\/wp\/v2\/product\/7225","targetHints":{"allow":["GET"]}}],"collection":[{"href":"https:\/\/tzionlibreria.com\/index.php\/wp-json\/wp\/v2\/product"}],"about":[{"href":"https:\/\/tzionlibreria.com\/index.php\/wp-json\/wp\/v2\/types\/product"}],"replies":[{"embeddable":true,"href":"https:\/\/tzionlibreria.com\/index.php\/wp-json\/wp\/v2\/comments?post=7225"}],"wp:featuredmedia":[{"embeddable":true,"href":"https:\/\/tzionlibreria.com\/index.php\/wp-json\/wp\/v2\/media\/7226"}],"wp:attachment":[{"href":"https:\/\/tzionlibreria.com\/index.php\/wp-json\/wp\/v2\/media?parent=7225"}],"wp:term":[{"taxonomy":"product_brand","embeddable":true,"href":"https:\/\/tzionlibreria.com\/index.php\/wp-json\/wp\/v2\/product_brand?post=7225"},{"taxonomy":"product_cat","embeddable":true,"href":"https:\/\/tzionlibreria.com\/index.php\/wp-json\/wp\/v2\/product_cat?post=7225"},{"taxonomy":"product_tag","embeddable":true,"href":"https:\/\/tzionlibreria.com\/index.php\/wp-json\/wp\/v2\/product_tag?post=7225"}],"curies":[{"name":"wp","href":"https:\/\/api.w.org\/{rel}","templated":true}]}}