{"id":7245,"date":"2026-03-10T16:22:21","date_gmt":"2026-03-10T16:22:21","guid":{"rendered":"https:\/\/tzionlibreria.com\/?post_type=product&#038;p=7245"},"modified":"2026-03-10T16:22:22","modified_gmt":"2026-03-10T16:22:22","slug":"biblia-rvr-letra-grande-12-pts-piel-floral-pastel-indice-cierre","status":"publish","type":"product","link":"https:\/\/tzionlibreria.com\/index.php\/product\/biblia-rvr-letra-grande-12-pts-piel-floral-pastel-indice-cierre\/","title":{"rendered":"Biblia RVR letra grande 12 pts Piel Floral pastel \u00edndice cierre"},"content":{"rendered":"<ul class=\"tabs wc-tabs\" role=\"tablist\">\n<li id=\"tab-title-description\" class=\"description_tab active\" role=\"presentation\"><a tabindex=\"0\" role=\"tab\" href=\"https:\/\/libreria247.com\/producto\/biblia-letra-grande-12-puntos-rv1960-cierre-piel-blanco-rosado-flores-con-indice-16x12-cmm\/#tab-description\" aria-controls=\"tab-description\" aria-selected=\"true\"> Descripci\u00f3n <\/a><\/li>\n<li id=\"tab-title-reviews\" class=\"reviews_tab\" role=\"presentation\"><a tabindex=\"-1\" role=\"tab\" href=\"https:\/\/libreria247.com\/producto\/biblia-letra-grande-12-puntos-rv1960-cierre-piel-blanco-rosado-flores-con-indice-16x12-cmm\/#tab-reviews\" aria-controls=\"tab-reviews\" aria-selected=\"false\"> Valoraciones (0) <\/a><\/li>\n<\/ul>\n<div id=\"tab-description\" class=\"woocommerce-Tabs-panel woocommerce-Tabs-panel--description panel entry-content wc-tab\" role=\"tabpanel\" aria-labelledby=\"tab-title-description\">\n<h6 data-start=\"145\" data-end=\"227\"><img decoding=\"async\" class=\"emoji\" role=\"img\" draggable=\"false\" src=\"https:\/\/s.w.org\/images\/core\/emoji\/17.0.2\/svg\/1f4d6.svg\" alt=\"\ud83d\udcd6\" \/> Biblia Reina-Valera 1960 \u2013 Letra Grande 12 pts | Edici\u00f3n Floral Pastel<\/h6>\n<p>&nbsp;<\/p>\n<p data-start=\"229\" data-end=\"278\">Belleza que inspira\u2026 Palabra que transforma <img decoding=\"async\" class=\"emoji\" role=\"img\" draggable=\"false\" src=\"https:\/\/s.w.org\/images\/core\/emoji\/17.0.2\/svg\/1f490.svg\" alt=\"\ud83d\udc90\" \/><img decoding=\"async\" class=\"emoji\" role=\"img\" draggable=\"false\" src=\"https:\/\/s.w.org\/images\/core\/emoji\/17.0.2\/svg\/2728.svg\" alt=\"\u2728\" \/><\/p>\n<p data-start=\"280\" data-end=\"488\">Esta delicada edici\u00f3n floral combina dise\u00f1o suave en tonos pastel con la claridad de una <strong data-start=\"369\" data-end=\"398\">letra grande de 12 puntos<\/strong>, ideal para disfrutar una lectura c\u00f3moda sin perder la practicidad de un tama\u00f1o compacto.<\/p>\n<p data-start=\"490\" data-end=\"707\">La versi\u00f3n <strong data-start=\"501\" data-end=\"530\">Reina-Valera 1960 (RVR60)<\/strong> utiliza el m\u00e9todo de equivalencia formal, conservando fielmente el mensaje original y el estilo cl\u00e1sico que ha acompa\u00f1ado a generaciones de creyentes en Latinoam\u00e9rica y Espa\u00f1a.<\/p>\n<hr data-start=\"709\" data-end=\"712\" \/>\n<h6 data-start=\"714\" data-end=\"746\"><img decoding=\"async\" class=\"emoji\" role=\"img\" draggable=\"false\" src=\"https:\/\/s.w.org\/images\/core\/emoji\/17.0.2\/svg\/2728.svg\" alt=\"\u2728\" \/> Caracter\u00edsticas principales<\/h6>\n<p data-start=\"748\" data-end=\"1015\"><img decoding=\"async\" class=\"emoji\" role=\"img\" draggable=\"false\" src=\"https:\/\/s.w.org\/images\/core\/emoji\/17.0.2\/svg\/2714.svg\" alt=\"\u2714\" \/> Versi\u00f3n: Reina-Valera 1960<br data-start=\"776\" data-end=\"779\" \/><img decoding=\"async\" class=\"emoji\" role=\"img\" draggable=\"false\" src=\"https:\/\/s.w.org\/images\/core\/emoji\/17.0.2\/svg\/2714.svg\" alt=\"\u2714\" \/> Tama\u00f1o compacto y pr\u00e1ctico<br data-start=\"807\" data-end=\"810\" \/><img decoding=\"async\" class=\"emoji\" role=\"img\" draggable=\"false\" src=\"https:\/\/s.w.org\/images\/core\/emoji\/17.0.2\/svg\/2714.svg\" alt=\"\u2714\" \/> Letra grande: 12 puntos<br data-start=\"835\" data-end=\"838\" \/><img decoding=\"async\" class=\"emoji\" role=\"img\" draggable=\"false\" src=\"https:\/\/s.w.org\/images\/core\/emoji\/17.0.2\/svg\/2714.svg\" alt=\"\u2714\" \/> Dise\u00f1o floral elegante<br data-start=\"862\" data-end=\"865\" \/><img decoding=\"async\" class=\"emoji\" role=\"img\" draggable=\"false\" src=\"https:\/\/s.w.org\/images\/core\/emoji\/17.0.2\/svg\/2714.svg\" alt=\"\u2714\" \/> Palabras de Jes\u00fas en rojo<br data-start=\"892\" data-end=\"895\" \/><img decoding=\"async\" class=\"emoji\" role=\"img\" draggable=\"false\" src=\"https:\/\/s.w.org\/images\/core\/emoji\/17.0.2\/svg\/2714.svg\" alt=\"\u2714\" \/> Referencias cruzadas a pie de p\u00e1gina<br data-start=\"933\" data-end=\"936\" \/><img decoding=\"async\" class=\"emoji\" role=\"img\" draggable=\"false\" src=\"https:\/\/s.w.org\/images\/core\/emoji\/17.0.2\/svg\/2714.svg\" alt=\"\u2714\" \/> Concordancia de 100 p\u00e1ginas<br data-start=\"965\" data-end=\"968\" \/><img decoding=\"async\" class=\"emoji\" role=\"img\" draggable=\"false\" src=\"https:\/\/s.w.org\/images\/core\/emoji\/17.0.2\/svg\/2714.svg\" alt=\"\u2714\" \/> 32 p\u00e1ginas a todo color con ayudas b\u00edblicas<\/p>\n<hr data-start=\"1017\" data-end=\"1020\" \/>\n<h6 data-start=\"1022\" data-end=\"1046\"><img decoding=\"async\" class=\"emoji\" role=\"img\" draggable=\"false\" src=\"https:\/\/s.w.org\/images\/core\/emoji\/17.0.2\/svg\/1f4da.svg\" alt=\"\ud83d\udcda\" \/> Recursos incluidos<\/h6>\n<ul data-start=\"1048\" data-end=\"1430\">\n<li data-start=\"1048\" data-end=\"1071\">\n<p data-start=\"1050\" data-end=\"1071\">Genealog\u00eda de Jes\u00fas<\/p>\n<\/li>\n<li data-start=\"1072\" data-end=\"1090\">\n<p data-start=\"1074\" data-end=\"1090\">Fiestas Jud\u00edas<\/p>\n<\/li>\n<li data-start=\"1091\" data-end=\"1124\">\n<p data-start=\"1093\" data-end=\"1124\">Par\u00e1bolas y Milagros de Jes\u00fas<\/p>\n<\/li>\n<li data-start=\"1125\" data-end=\"1146\">\n<p data-start=\"1127\" data-end=\"1146\">Plan de Salvaci\u00f3n<\/p>\n<\/li>\n<li data-start=\"1147\" data-end=\"1177\">\n<p data-start=\"1149\" data-end=\"1177\">Pasajes y vers\u00edculos clave<\/p>\n<\/li>\n<li data-start=\"1178\" data-end=\"1205\">\n<p data-start=\"1180\" data-end=\"1205\">Plan de lectura b\u00edblica<\/p>\n<\/li>\n<li data-start=\"1206\" data-end=\"1235\">\n<p data-start=\"1208\" data-end=\"1235\">Mapas de tiempos b\u00edblicos<\/p>\n<\/li>\n<li data-start=\"1236\" data-end=\"1261\">\n<p data-start=\"1238\" data-end=\"1261\">12 mapas a todo color<\/p>\n<\/li>\n<li data-start=\"1262\" data-end=\"1289\">\n<p data-start=\"1264\" data-end=\"1289\">Tipolog\u00eda de los Salmos<\/p>\n<\/li>\n<li data-start=\"1290\" data-end=\"1310\">\n<p data-start=\"1292\" data-end=\"1310\">Plano del Templo<\/p>\n<\/li>\n<li data-start=\"1311\" data-end=\"1345\">\n<p data-start=\"1313\" data-end=\"1345\">Cronolog\u00eda de Reyes y Profetas<\/p>\n<\/li>\n<li data-start=\"1346\" data-end=\"1366\">\n<p data-start=\"1348\" data-end=\"1366\">Promesas de Dios<\/p>\n<\/li>\n<li data-start=\"1367\" data-end=\"1430\">\n<p data-start=\"1369\" data-end=\"1430\">Introducciones y abreviaturas por C.H. Spurgeon y J.C. Ryle<\/p>\n<\/li>\n<\/ul>\n<hr data-start=\"1432\" data-end=\"1435\" \/>\n<h6 data-start=\"1437\" data-end=\"1454\"><img decoding=\"async\" class=\"emoji\" role=\"img\" draggable=\"false\" src=\"https:\/\/s.w.org\/images\/core\/emoji\/17.0.2\/svg\/1f338.svg\" alt=\"\ud83c\udf38\" \/> Ideal para:<\/h6>\n<ul data-start=\"1456\" data-end=\"1680\">\n<li data-start=\"1456\" data-end=\"1480\">\n<p data-start=\"1458\" data-end=\"1480\">Devocionales diarios<\/p>\n<\/li>\n<li data-start=\"1481\" data-end=\"1533\">\n<p data-start=\"1483\" data-end=\"1533\">Mujeres que buscan una Biblia hermosa y pr\u00e1ctica<\/p>\n<\/li>\n<li data-start=\"1534\" data-end=\"1582\">\n<p data-start=\"1536\" data-end=\"1582\">Personas que necesitan letra clara y legible<\/p>\n<\/li>\n<li data-start=\"1583\" data-end=\"1614\">\n<p data-start=\"1585\" data-end=\"1614\">Estudio personal o en grupo<\/p>\n<\/li>\n<li data-start=\"1615\" data-end=\"1680\">\n<p data-start=\"1617\" data-end=\"1680\">Regalo especial para cumplea\u00f1os, bautismos o nuevos comienzos<\/p>\n<\/li>\n<\/ul>\n<hr data-start=\"1682\" data-end=\"1685\" \/>\n<h6 data-start=\"1687\" data-end=\"1757\"><img decoding=\"async\" class=\"emoji\" role=\"img\" draggable=\"false\" src=\"https:\/\/s.w.org\/images\/core\/emoji\/17.0.2\/svg\/1f496.svg\" alt=\"\ud83d\udc96\" \/> Compacta en tama\u00f1o, grande en claridad y profundidad espiritual.<\/h6>\n<p data-start=\"1759\" data-end=\"1838\">Una Biblia que no solo embellece tu espacio, sino que fortalece tu fe cada d\u00eda.<\/p>\n<\/div>\n","protected":false},"excerpt":{"rendered":"<p>Descripci\u00f3n Valoraciones (0) Biblia Reina-Valera 1960 \u2013 Letra Grande 12 pts | Edici\u00f3n Floral Pastel &nbsp; Belleza que inspira\u2026 Palabra que transforma Esta delicada edici\u00f3n floral combina dise\u00f1o suave en tonos pastel con la claridad de una letra grande de 12 puntos, ideal para disfrutar una lectura c\u00f3moda sin perder la practicidad de un tama\u00f1o [&hellip;]<\/p>\n","protected":false},"featured_media":7254,"comment_status":"open","ping_status":"closed","template":"","meta":{"om_disable_all_campaigns":false,"_monsterinsights_skip_tracking":false,"_monsterinsights_sitenote_active":false,"_monsterinsights_sitenote_note":"","_monsterinsights_sitenote_category":0,"site-sidebar-layout":"default","site-content-layout":"","ast-site-content-layout":"default","site-content-style":"default","site-sidebar-style":"default","ast-global-header-display":"","ast-banner-title-visibility":"","ast-main-header-display":"","ast-hfb-above-header-display":"","ast-hfb-below-header-display":"","ast-hfb-mobile-header-display":"","site-post-title":"","ast-breadcrumbs-content":"","ast-featured-img":"","footer-sml-layout":"","ast-disable-related-posts":"","theme-transparent-header-meta":"default","adv-header-id-meta":"","stick-header-meta":"","header-above-stick-meta":"","header-main-stick-meta":"","header-below-stick-meta":"","astra-migrate-meta-layouts":"set","ast-page-background-enabled":"default","ast-page-background-meta":{"desktop":{"background-color":"var(--ast-global-color-4)","background-image":"","background-repeat":"repeat","background-position":"center center","background-size":"auto","background-attachment":"scroll","background-type":"","background-media":"","overlay-type":"","overlay-color":"","overlay-opacity":"","overlay-gradient":""},"tablet":{"background-color":"","background-image":"","background-repeat":"repeat","background-position":"center center","background-size":"auto","background-attachment":"scroll","background-type":"","background-media":"","overlay-type":"","overlay-color":"","overlay-opacity":"","overlay-gradient":""},"mobile":{"background-color":"","background-image":"","background-repeat":"repeat","background-position":"center center","background-size":"auto","background-attachment":"scroll","background-type":"","background-media":"","overlay-type":"","overlay-color":"","overlay-opacity":"","overlay-gradient":""}},"ast-content-background-meta":{"desktop":{"background-color":"var(--ast-global-color-5)","background-image":"","background-repeat":"repeat","background-position":"center center","background-size":"auto","background-attachment":"scroll","background-type":"","background-media":"","overlay-type":"","overlay-color":"","overlay-opacity":"","overlay-gradient":""},"tablet":{"background-color":"var(--ast-global-color-5)","background-image":"","background-repeat":"repeat","background-position":"center center","background-size":"auto","background-attachment":"scroll","background-type":"","background-media":"","overlay-type":"","overlay-color":"","overlay-opacity":"","overlay-gradient":""},"mobile":{"background-color":"var(--ast-global-color-5)","background-image":"","background-repeat":"repeat","background-position":"center center","background-size":"auto","background-attachment":"scroll","background-type":"","background-media":"","overlay-type":"","overlay-color":"","overlay-opacity":"","overlay-gradient":""}}},"product_brand":[],"product_cat":[22,42,177],"product_tag":[],"class_list":{"0":"post-7245","1":"product","2":"type-product","3":"status-publish","4":"has-post-thumbnail","6":"product_cat-biblias","7":"product_cat-biblias-reina-valera","8":"product_cat-letra-grande-rvr","9":"desktop-align-left","10":"tablet-align-left","11":"mobile-align-left","13":"first","14":"instock","15":"shipping-taxable","16":"purchasable","17":"product-type-simple"},"yoast_head":"<!-- This site is optimized with the Yoast SEO plugin v27.4 - https:\/\/yoast.com\/product\/yoast-seo-wordpress\/ -->\n<title>Biblia RVR letra grande 12 pts Piel Floral pastel \u00edndice cierre - tzionlibreria.com<\/title>\n<meta name=\"robots\" content=\"index, follow, max-snippet:-1, max-image-preview:large, max-video-preview:-1\" \/>\n<link rel=\"canonical\" href=\"https:\/\/tzionlibreria.com\/index.php\/product\/biblia-rvr-letra-grande-12-pts-piel-floral-pastel-indice-cierre\/\" \/>\n<meta property=\"og:locale\" content=\"es_ES\" \/>\n<meta property=\"og:type\" content=\"article\" \/>\n<meta property=\"og:title\" content=\"Biblia RVR letra grande 12 pts Piel Floral pastel \u00edndice cierre - tzionlibreria.com\" \/>\n<meta property=\"og:description\" content=\"Descripci\u00f3n Valoraciones (0) Biblia Reina-Valera 1960 \u2013 Letra Grande 12 pts | Edici\u00f3n Floral Pastel &nbsp; Belleza que inspira\u2026 Palabra que transforma Esta delicada edici\u00f3n floral combina dise\u00f1o suave en tonos pastel con la claridad de una letra grande de 12 puntos, ideal para disfrutar una lectura c\u00f3moda sin perder la practicidad de un tama\u00f1o [&hellip;]\" \/>\n<meta property=\"og:url\" content=\"https:\/\/tzionlibreria.com\/index.php\/product\/biblia-rvr-letra-grande-12-pts-piel-floral-pastel-indice-cierre\/\" \/>\n<meta property=\"og:site_name\" content=\"tzionlibreria.com\" \/>\n<meta property=\"article:modified_time\" content=\"2026-03-10T16:22:22+00:00\" \/>\n<meta property=\"og:image\" content=\"http:\/\/tzionlibreria.com\/wp-content\/uploads\/2026\/03\/9798885169714.jpg\" \/>\n\t<meta property=\"og:image:width\" content=\"1200\" \/>\n\t<meta property=\"og:image:height\" content=\"1200\" \/>\n\t<meta property=\"og:image:type\" content=\"image\/jpeg\" \/>\n<meta name=\"twitter:card\" content=\"summary_large_image\" \/>\n<meta name=\"twitter:label1\" content=\"Tiempo de lectura\" \/>\n\t<meta name=\"twitter:data1\" content=\"5 minutos\" \/>\n<script type=\"application\/ld+json\" class=\"yoast-schema-graph\">{\"@context\":\"https:\\\/\\\/schema.org\",\"@graph\":[{\"@type\":\"WebPage\",\"@id\":\"https:\\\/\\\/tzionlibreria.com\\\/index.php\\\/product\\\/biblia-rvr-letra-grande-12-pts-piel-floral-pastel-indice-cierre\\\/\",\"url\":\"https:\\\/\\\/tzionlibreria.com\\\/index.php\\\/product\\\/biblia-rvr-letra-grande-12-pts-piel-floral-pastel-indice-cierre\\\/\",\"name\":\"Biblia RVR letra grande 12 pts Piel Floral pastel \u00edndice cierre - tzionlibreria.com\",\"isPartOf\":{\"@id\":\"https:\\\/\\\/tzionlibreria.com\\\/#website\"},\"primaryImageOfPage\":{\"@id\":\"https:\\\/\\\/tzionlibreria.com\\\/index.php\\\/product\\\/biblia-rvr-letra-grande-12-pts-piel-floral-pastel-indice-cierre\\\/#primaryimage\"},\"image\":{\"@id\":\"https:\\\/\\\/tzionlibreria.com\\\/index.php\\\/product\\\/biblia-rvr-letra-grande-12-pts-piel-floral-pastel-indice-cierre\\\/#primaryimage\"},\"thumbnailUrl\":\"https:\\\/\\\/tzionlibreria.com\\\/wp-content\\\/uploads\\\/2026\\\/03\\\/9798885169714.jpg\",\"datePublished\":\"2026-03-10T16:22:21+00:00\",\"dateModified\":\"2026-03-10T16:22:22+00:00\",\"breadcrumb\":{\"@id\":\"https:\\\/\\\/tzionlibreria.com\\\/index.php\\\/product\\\/biblia-rvr-letra-grande-12-pts-piel-floral-pastel-indice-cierre\\\/#breadcrumb\"},\"inLanguage\":\"es-CO\",\"potentialAction\":[{\"@type\":\"ReadAction\",\"target\":[\"https:\\\/\\\/tzionlibreria.com\\\/index.php\\\/product\\\/biblia-rvr-letra-grande-12-pts-piel-floral-pastel-indice-cierre\\\/\"]}]},{\"@type\":\"ImageObject\",\"inLanguage\":\"es-CO\",\"@id\":\"https:\\\/\\\/tzionlibreria.com\\\/index.php\\\/product\\\/biblia-rvr-letra-grande-12-pts-piel-floral-pastel-indice-cierre\\\/#primaryimage\",\"url\":\"https:\\\/\\\/tzionlibreria.com\\\/wp-content\\\/uploads\\\/2026\\\/03\\\/9798885169714.jpg\",\"contentUrl\":\"https:\\\/\\\/tzionlibreria.com\\\/wp-content\\\/uploads\\\/2026\\\/03\\\/9798885169714.jpg\",\"width\":1200,\"height\":1200},{\"@type\":\"BreadcrumbList\",\"@id\":\"https:\\\/\\\/tzionlibreria.com\\\/index.php\\\/product\\\/biblia-rvr-letra-grande-12-pts-piel-floral-pastel-indice-cierre\\\/#breadcrumb\",\"itemListElement\":[{\"@type\":\"ListItem\",\"position\":1,\"name\":\"Inicio\",\"item\":\"https:\\\/\\\/tzionlibreria.com\\\/\"},{\"@type\":\"ListItem\",\"position\":2,\"name\":\"Shop\",\"item\":\"https:\\\/\\\/tzionlibreria.com\\\/index.php\\\/shop\\\/\"},{\"@type\":\"ListItem\",\"position\":3,\"name\":\"Biblia RVR letra grande 12 pts Piel Floral pastel \u00edndice cierre\"}]},{\"@type\":\"WebSite\",\"@id\":\"https:\\\/\\\/tzionlibreria.com\\\/#website\",\"url\":\"https:\\\/\\\/tzionlibreria.com\\\/\",\"name\":\"tzionlibreria.com\",\"description\":\"Libreria Cristiana Venezuela\",\"publisher\":{\"@id\":\"https:\\\/\\\/tzionlibreria.com\\\/#organization\"},\"potentialAction\":[{\"@type\":\"SearchAction\",\"target\":{\"@type\":\"EntryPoint\",\"urlTemplate\":\"https:\\\/\\\/tzionlibreria.com\\\/?s={search_term_string}\"},\"query-input\":{\"@type\":\"PropertyValueSpecification\",\"valueRequired\":true,\"valueName\":\"search_term_string\"}}],\"inLanguage\":\"es-CO\"},{\"@type\":\"Organization\",\"@id\":\"https:\\\/\\\/tzionlibreria.com\\\/#organization\",\"name\":\"tzionlibreria.com\",\"url\":\"https:\\\/\\\/tzionlibreria.com\\\/\",\"logo\":{\"@type\":\"ImageObject\",\"inLanguage\":\"es-CO\",\"@id\":\"https:\\\/\\\/tzionlibreria.com\\\/#\\\/schema\\\/logo\\\/image\\\/\",\"url\":\"https:\\\/\\\/tzionlibreria.com\\\/wp-content\\\/uploads\\\/2023\\\/10\\\/cropped-Cuadricula-scaled-1.jpg\",\"contentUrl\":\"https:\\\/\\\/tzionlibreria.com\\\/wp-content\\\/uploads\\\/2023\\\/10\\\/cropped-Cuadricula-scaled-1.jpg\",\"width\":2560,\"height\":2560,\"caption\":\"tzionlibreria.com\"},\"image\":{\"@id\":\"https:\\\/\\\/tzionlibreria.com\\\/#\\\/schema\\\/logo\\\/image\\\/\"}}]}<\/script>\n<!-- \/ Yoast SEO plugin. -->","yoast_head_json":{"title":"Biblia RVR letra grande 12 pts Piel Floral pastel \u00edndice cierre - tzionlibreria.com","robots":{"index":"index","follow":"follow","max-snippet":"max-snippet:-1","max-image-preview":"max-image-preview:large","max-video-preview":"max-video-preview:-1"},"canonical":"https:\/\/tzionlibreria.com\/index.php\/product\/biblia-rvr-letra-grande-12-pts-piel-floral-pastel-indice-cierre\/","og_locale":"es_ES","og_type":"article","og_title":"Biblia RVR letra grande 12 pts Piel Floral pastel \u00edndice cierre - tzionlibreria.com","og_description":"Descripci\u00f3n Valoraciones (0) Biblia Reina-Valera 1960 \u2013 Letra Grande 12 pts | Edici\u00f3n Floral Pastel &nbsp; Belleza que inspira\u2026 Palabra que transforma Esta delicada edici\u00f3n floral combina dise\u00f1o suave en tonos pastel con la claridad de una letra grande de 12 puntos, ideal para disfrutar una lectura c\u00f3moda sin perder la practicidad de un tama\u00f1o [&hellip;]","og_url":"https:\/\/tzionlibreria.com\/index.php\/product\/biblia-rvr-letra-grande-12-pts-piel-floral-pastel-indice-cierre\/","og_site_name":"tzionlibreria.com","article_modified_time":"2026-03-10T16:22:22+00:00","og_image":[{"width":1200,"height":1200,"url":"http:\/\/tzionlibreria.com\/wp-content\/uploads\/2026\/03\/9798885169714.jpg","type":"image\/jpeg"}],"twitter_card":"summary_large_image","twitter_misc":{"Tiempo de lectura":"5 minutos"},"schema":{"@context":"https:\/\/schema.org","@graph":[{"@type":"WebPage","@id":"https:\/\/tzionlibreria.com\/index.php\/product\/biblia-rvr-letra-grande-12-pts-piel-floral-pastel-indice-cierre\/","url":"https:\/\/tzionlibreria.com\/index.php\/product\/biblia-rvr-letra-grande-12-pts-piel-floral-pastel-indice-cierre\/","name":"Biblia RVR letra grande 12 pts Piel Floral pastel \u00edndice cierre - tzionlibreria.com","isPartOf":{"@id":"https:\/\/tzionlibreria.com\/#website"},"primaryImageOfPage":{"@id":"https:\/\/tzionlibreria.com\/index.php\/product\/biblia-rvr-letra-grande-12-pts-piel-floral-pastel-indice-cierre\/#primaryimage"},"image":{"@id":"https:\/\/tzionlibreria.com\/index.php\/product\/biblia-rvr-letra-grande-12-pts-piel-floral-pastel-indice-cierre\/#primaryimage"},"thumbnailUrl":"https:\/\/tzionlibreria.com\/wp-content\/uploads\/2026\/03\/9798885169714.jpg","datePublished":"2026-03-10T16:22:21+00:00","dateModified":"2026-03-10T16:22:22+00:00","breadcrumb":{"@id":"https:\/\/tzionlibreria.com\/index.php\/product\/biblia-rvr-letra-grande-12-pts-piel-floral-pastel-indice-cierre\/#breadcrumb"},"inLanguage":"es-CO","potentialAction":[{"@type":"ReadAction","target":["https:\/\/tzionlibreria.com\/index.php\/product\/biblia-rvr-letra-grande-12-pts-piel-floral-pastel-indice-cierre\/"]}]},{"@type":"ImageObject","inLanguage":"es-CO","@id":"https:\/\/tzionlibreria.com\/index.php\/product\/biblia-rvr-letra-grande-12-pts-piel-floral-pastel-indice-cierre\/#primaryimage","url":"https:\/\/tzionlibreria.com\/wp-content\/uploads\/2026\/03\/9798885169714.jpg","contentUrl":"https:\/\/tzionlibreria.com\/wp-content\/uploads\/2026\/03\/9798885169714.jpg","width":1200,"height":1200},{"@type":"BreadcrumbList","@id":"https:\/\/tzionlibreria.com\/index.php\/product\/biblia-rvr-letra-grande-12-pts-piel-floral-pastel-indice-cierre\/#breadcrumb","itemListElement":[{"@type":"ListItem","position":1,"name":"Inicio","item":"https:\/\/tzionlibreria.com\/"},{"@type":"ListItem","position":2,"name":"Shop","item":"https:\/\/tzionlibreria.com\/index.php\/shop\/"},{"@type":"ListItem","position":3,"name":"Biblia RVR letra grande 12 pts Piel Floral pastel \u00edndice cierre"}]},{"@type":"WebSite","@id":"https:\/\/tzionlibreria.com\/#website","url":"https:\/\/tzionlibreria.com\/","name":"tzionlibreria.com","description":"Libreria Cristiana Venezuela","publisher":{"@id":"https:\/\/tzionlibreria.com\/#organization"},"potentialAction":[{"@type":"SearchAction","target":{"@type":"EntryPoint","urlTemplate":"https:\/\/tzionlibreria.com\/?s={search_term_string}"},"query-input":{"@type":"PropertyValueSpecification","valueRequired":true,"valueName":"search_term_string"}}],"inLanguage":"es-CO"},{"@type":"Organization","@id":"https:\/\/tzionlibreria.com\/#organization","name":"tzionlibreria.com","url":"https:\/\/tzionlibreria.com\/","logo":{"@type":"ImageObject","inLanguage":"es-CO","@id":"https:\/\/tzionlibreria.com\/#\/schema\/logo\/image\/","url":"https:\/\/tzionlibreria.com\/wp-content\/uploads\/2023\/10\/cropped-Cuadricula-scaled-1.jpg","contentUrl":"https:\/\/tzionlibreria.com\/wp-content\/uploads\/2023\/10\/cropped-Cuadricula-scaled-1.jpg","width":2560,"height":2560,"caption":"tzionlibreria.com"},"image":{"@id":"https:\/\/tzionlibreria.com\/#\/schema\/logo\/image\/"}}]}},"jetpack_sharing_enabled":true,"_links":{"self":[{"href":"https:\/\/tzionlibreria.com\/index.php\/wp-json\/wp\/v2\/product\/7245","targetHints":{"allow":["GET"]}}],"collection":[{"href":"https:\/\/tzionlibreria.com\/index.php\/wp-json\/wp\/v2\/product"}],"about":[{"href":"https:\/\/tzionlibreria.com\/index.php\/wp-json\/wp\/v2\/types\/product"}],"replies":[{"embeddable":true,"href":"https:\/\/tzionlibreria.com\/index.php\/wp-json\/wp\/v2\/comments?post=7245"}],"wp:featuredmedia":[{"embeddable":true,"href":"https:\/\/tzionlibreria.com\/index.php\/wp-json\/wp\/v2\/media\/7254"}],"wp:attachment":[{"href":"https:\/\/tzionlibreria.com\/index.php\/wp-json\/wp\/v2\/media?parent=7245"}],"wp:term":[{"taxonomy":"product_brand","embeddable":true,"href":"https:\/\/tzionlibreria.com\/index.php\/wp-json\/wp\/v2\/product_brand?post=7245"},{"taxonomy":"product_cat","embeddable":true,"href":"https:\/\/tzionlibreria.com\/index.php\/wp-json\/wp\/v2\/product_cat?post=7245"},{"taxonomy":"product_tag","embeddable":true,"href":"https:\/\/tzionlibreria.com\/index.php\/wp-json\/wp\/v2\/product_tag?post=7245"}],"curies":[{"name":"wp","href":"https:\/\/api.w.org\/{rel}","templated":true}]}}